{"id":101829,"date":"2026-01-28T06:11:01","date_gmt":"2026-01-28T05:11:01","guid":{"rendered":"https:\/\/truusk.store\/product\/justerbar-hantelbank-upp-till-300-kg-3-i-1-traningsbank-med-hjul-benstrackare-curlpult-huvudstod-motstandsband\/"},"modified":"2026-03-12T08:48:44","modified_gmt":"2026-03-12T07:48:44","slug":"truusk-justerbar-hantelbank-upp-till-300-kg-3-i-1-traningsbank-med-hjul-benstrackare-curlpult-huvudstod-motstandsband","status":"publish","type":"product","link":"https:\/\/truusk.store\/sv\/produkt\/truusk-justerbar-hantelbank-upp-till-300-kg-3-i-1-traningsbank-med-hjul-benstrackare-curlpult-huvudstod-motstandsband\/","title":{"rendered":"TRUUSK Justerbar Hantelb\u00e4nk Upp Till 300 Kg &#8211; 3 I 1 Tr\u00e4ningsb\u00e4nk Med Hjul &#8211; Benstr\u00e4ckare &#8211; Curlpult &#8211; Huvudst\u00f6d &#8211; Motst\u00e5ndsband"},"content":{"rendered":"<p>Att tr\u00e4na med en hantelb\u00e4nk hemma kan k\u00e4nnas os\u00e4kert och begr\u00e4nsat p\u00e5 ostadiga utrustningar. [BRAND NAME] justerbara hantelb\u00e4nk erbjuder l\u00f6sningen: den kombinerar flera tr\u00e4ningsstationer i en stabil st\u00e5lram med en b\u00e4rkapacitet p\u00e5 300 kg. Tack vare de helt justerbara inst\u00e4llningarna p\u00e5 lutningsb\u00e4nken f\u00f6r individuell anpassning kan du tr\u00e4na s\u00e4kert, eftersom denna justerbara b\u00e4nk ger dig den n\u00f6dv\u00e4ndiga stabiliteten.<\/p>\n<p>Beskrivning:<\/p>\n<ul>\n<li> Denna tre-i-ett-station m\u00f6jligg\u00f6r helkroppstr\u00e4ningar f\u00f6r ett kostnadseffektivt hemgym<\/li>\n<li> En st\u00e5lram p\u00e5 lutningsb\u00e4nken b\u00e4r upp till 300 kg f\u00f6r s\u00e4ker tr\u00e4ning<\/li>\n<li> Anpassa din tr\u00e4ning med sex ryggst\u00f6ds- och fem sittjusteringspositioner<\/li>\n<li> Det justerbara, 80 mm tjocka armb\u00e5gst\u00f6det p\u00e5 denna tr\u00e4ningsb\u00e4nk erbjuder komfort<\/li>\n<li> Inneh\u00e5ller motst\u00e5ndsband f\u00f6r varierande \u00f6vningar och rullar f\u00f6r enkel f\u00f6rvaring<\/li>\n<li> Hantelst\u00e5ngen \u00e4r l\u00e4mplig f\u00f6r 25 mm och 50 mm viktplattor och har en b\u00e4rkapacitet p\u00e5 60 kg<\/li>\n<\/ul>\n<p> Tekniska data:<\/p>\n<ul>\n<li> F\u00e4rg: Svart<\/li>\n<li> Material: St\u00e5l, plast<\/li>\n<li> Totala dimensioner: 188L x 53B x 135H cm<\/li>\n<li> Sitsstorlek: 35L x 28B x 52H cm<\/li>\n<li> Ryggst\u00f6d: 68L x 28B cm<\/li>\n<li> Armb\u00e5gst\u00f6d: 50L x 27B x 66-88H cm<\/li>\n<li> Belastningskapacitet: 300 kg (totalt), 120 kg (anv\u00e4ndare)<\/li>\n<\/ul>\n<p>Leveransinneh\u00e5ll:<\/p>\n<ul>\n<li> 1 x Fitnessb\u00e4nk<\/li>\n<li> 2 x Motst\u00e5ndsband<\/li>\n<li> 1 x Instruktion<\/li>\n<\/ul>\n","protected":false},"excerpt":{"rendered":"<p>Att tr\u00e4na med en hantelb\u00e4nk hemma kan k\u00e4nnas os\u00e4kert och begr\u00e4nsat p\u00e5 ostadiga utrustningar. [BRAND NAME] justerbara hantelb\u00e4nk erbjuder l\u00f6sningen:&#8230;<\/p>\n","protected":false},"featured_media":101819,"template":"","meta":[],"product_brand":[],"product_cat":[873,892,647,665],"product_tag":[],"class_list":{"0":"post-101829","1":"product","2":"type-product","3":"status-publish","4":"has-post-thumbnail","6":"product_cat-fitness-styrketraning","7":"product_cat-hantelbanke","8":"product_cat-sport-fritid","9":"product_cat-styrketraning","11":"first","12":"instock","13":"sale","14":"taxable","15":"shipping-taxable","16":"purchasable","17":"product-type-simple"},"yoast_head":"<!-- This site is optimized with the Yoast SEO plugin v25.4 - https:\/\/yoast.com\/wordpress\/plugins\/seo\/ -->\n<title>TRUUSK Justerbar Hantelb\u00e4nk Upp Till 300 Kg - 3 I 1 Tr\u00e4ningsb\u00e4nk Med Hjul - Benstr\u00e4ckare - Curlpult - Huvudst\u00f6d - Motst\u00e5ndsband - TRUUSK - Hem, Tr\u00e4dg\u00e5rd &amp; Fritid<\/title>\n<meta name=\"robots\" content=\"index, follow, max-snippet:-1, max-image-preview:large, max-video-preview:-1\" \/>\n<link rel=\"canonical\" href=\"https:\/\/truusk.store\/sv\/produkt\/truusk-justerbar-hantelbank-upp-till-300-kg-3-i-1-traningsbank-med-hjul-benstrackare-curlpult-huvudstod-motstandsband\/\" \/>\n<meta property=\"og:locale\" content=\"sv_SE\" \/>\n<meta property=\"og:type\" content=\"article\" \/>\n<meta property=\"og:title\" content=\"TRUUSK Justerbar Hantelb\u00e4nk Upp Till 300 Kg - 3 I 1 Tr\u00e4ningsb\u00e4nk Med Hjul - Benstr\u00e4ckare - Curlpult - Huvudst\u00f6d - Motst\u00e5ndsband - TRUUSK - Hem, Tr\u00e4dg\u00e5rd &amp; Fritid\" \/>\n<meta property=\"og:description\" content=\"Att tr\u00e4na med en hantelb\u00e4nk hemma kan k\u00e4nnas os\u00e4kert och begr\u00e4nsat p\u00e5 ostadiga utrustningar. [BRAND NAME] justerbara hantelb\u00e4nk erbjuder l\u00f6sningen:...\" \/>\n<meta property=\"og:url\" content=\"https:\/\/truusk.store\/sv\/produkt\/truusk-justerbar-hantelbank-upp-till-300-kg-3-i-1-traningsbank-med-hjul-benstrackare-curlpult-huvudstod-motstandsband\/\" \/>\n<meta property=\"og:site_name\" content=\"TRUUSK - Hem, Tr\u00e4dg\u00e5rd &amp; Fritid\" \/>\n<meta property=\"article:modified_time\" content=\"2026-03-12T07:48:44+00:00\" \/>\n<meta property=\"og:image\" content=\"https:\/\/i0.wp.com\/truusk.se\/wp-content\/uploads\/2026\/01\/justerbar-hantelbank-upp-till-300-kg-3-i-1-traningsbank-med-hjul-benstrackare-curlpult-huvudstod-motstandsband-1.webp?fit=2000%2C2000&ssl=1\" \/>\n\t<meta property=\"og:image:width\" content=\"2000\" \/>\n\t<meta property=\"og:image:height\" content=\"2000\" \/>\n\t<meta property=\"og:image:type\" content=\"image\/webp\" \/>\n<meta name=\"twitter:card\" content=\"summary_large_image\" \/>\n<meta name=\"twitter:label1\" content=\"Ber\u00e4knad l\u00e4stid\" \/>\n\t<meta name=\"twitter:data1\" content=\"1 minut\" \/>\n<!-- \/ Yoast SEO plugin. -->","yoast_head_json":{"title":"TRUUSK Justerbar Hantelb\u00e4nk Upp Till 300 Kg - 3 I 1 Tr\u00e4ningsb\u00e4nk Med Hjul - Benstr\u00e4ckare - Curlpult - Huvudst\u00f6d - Motst\u00e5ndsband - TRUUSK - Hem, Tr\u00e4dg\u00e5rd &amp; Fritid","robots":{"index":"index","follow":"follow","max-snippet":"max-snippet:-1","max-image-preview":"max-image-preview:large","max-video-preview":"max-video-preview:-1"},"canonical":"https:\/\/truusk.store\/sv\/produkt\/truusk-justerbar-hantelbank-upp-till-300-kg-3-i-1-traningsbank-med-hjul-benstrackare-curlpult-huvudstod-motstandsband\/","og_locale":"sv_SE","og_type":"article","og_title":"TRUUSK Justerbar Hantelb\u00e4nk Upp Till 300 Kg - 3 I 1 Tr\u00e4ningsb\u00e4nk Med Hjul - Benstr\u00e4ckare - Curlpult - Huvudst\u00f6d - Motst\u00e5ndsband - TRUUSK - Hem, Tr\u00e4dg\u00e5rd &amp; Fritid","og_description":"Att tr\u00e4na med en hantelb\u00e4nk hemma kan k\u00e4nnas os\u00e4kert och begr\u00e4nsat p\u00e5 ostadiga utrustningar. [BRAND NAME] justerbara hantelb\u00e4nk erbjuder l\u00f6sningen:...","og_url":"https:\/\/truusk.store\/sv\/produkt\/truusk-justerbar-hantelbank-upp-till-300-kg-3-i-1-traningsbank-med-hjul-benstrackare-curlpult-huvudstod-motstandsband\/","og_site_name":"TRUUSK - Hem, Tr\u00e4dg\u00e5rd &amp; Fritid","article_modified_time":"2026-03-12T07:48:44+00:00","og_image":[{"width":2000,"height":2000,"url":"https:\/\/i0.wp.com\/truusk.se\/wp-content\/uploads\/2026\/01\/justerbar-hantelbank-upp-till-300-kg-3-i-1-traningsbank-med-hjul-benstrackare-curlpult-huvudstod-motstandsband-1.webp?fit=2000%2C2000&ssl=1","type":"image\/webp"}],"twitter_card":"summary_large_image","twitter_misc":{"Ber\u00e4knad l\u00e4stid":"1 minut"},"schema":{"@context":"https:\/\/schema.org","@graph":[{"@type":"WebPage","@id":"https:\/\/truusk.store\/sv\/produkt\/truusk-justerbar-hantelbank-upp-till-300-kg-3-i-1-traningsbank-med-hjul-benstrackare-curlpult-huvudstod-motstandsband\/","url":"https:\/\/truusk.store\/sv\/produkt\/truusk-justerbar-hantelbank-upp-till-300-kg-3-i-1-traningsbank-med-hjul-benstrackare-curlpult-huvudstod-motstandsband\/","name":"TRUUSK Justerbar Hantelb\u00e4nk Upp Till 300 Kg - 3 I 1 Tr\u00e4ningsb\u00e4nk Med Hjul - Benstr\u00e4ckare - Curlpult - Huvudst\u00f6d - Motst\u00e5ndsband - TRUUSK - Hem, Tr\u00e4dg\u00e5rd &amp; Fritid","isPartOf":{"@id":"https:\/\/truusk.store\/sv\/#website"},"primaryImageOfPage":{"@id":"https:\/\/truusk.store\/sv\/produkt\/truusk-justerbar-hantelbank-upp-till-300-kg-3-i-1-traningsbank-med-hjul-benstrackare-curlpult-huvudstod-motstandsband\/#primaryimage"},"image":{"@id":"https:\/\/truusk.store\/sv\/produkt\/truusk-justerbar-hantelbank-upp-till-300-kg-3-i-1-traningsbank-med-hjul-benstrackare-curlpult-huvudstod-motstandsband\/#primaryimage"},"thumbnailUrl":"https:\/\/i0.wp.com\/truusk.store\/wp-content\/uploads\/2026\/01\/justerbar-hantelbank-upp-till-300-kg-3-i-1-traningsbank-med-hjul-benstrackare-curlpult-huvudstod-motstandsband-1.webp?fit=2000%2C2000&ssl=1","datePublished":"2026-01-28T05:11:01+00:00","dateModified":"2026-03-12T07:48:44+00:00","breadcrumb":{"@id":"https:\/\/truusk.store\/sv\/produkt\/truusk-justerbar-hantelbank-upp-till-300-kg-3-i-1-traningsbank-med-hjul-benstrackare-curlpult-huvudstod-motstandsband\/#breadcrumb"},"inLanguage":"sv-SE","potentialAction":[{"@type":"ReadAction","target":["https:\/\/truusk.store\/sv\/produkt\/truusk-justerbar-hantelbank-upp-till-300-kg-3-i-1-traningsbank-med-hjul-benstrackare-curlpult-huvudstod-motstandsband\/"]}]},{"@type":"ImageObject","inLanguage":"sv-SE","@id":"https:\/\/truusk.store\/sv\/produkt\/truusk-justerbar-hantelbank-upp-till-300-kg-3-i-1-traningsbank-med-hjul-benstrackare-curlpult-huvudstod-motstandsband\/#primaryimage","url":"https:\/\/i0.wp.com\/truusk.store\/wp-content\/uploads\/2026\/01\/justerbar-hantelbank-upp-till-300-kg-3-i-1-traningsbank-med-hjul-benstrackare-curlpult-huvudstod-motstandsband-1.webp?fit=2000%2C2000&ssl=1","contentUrl":"https:\/\/i0.wp.com\/truusk.store\/wp-content\/uploads\/2026\/01\/justerbar-hantelbank-upp-till-300-kg-3-i-1-traningsbank-med-hjul-benstrackare-curlpult-huvudstod-motstandsband-1.webp?fit=2000%2C2000&ssl=1","width":2000,"height":2000},{"@type":"BreadcrumbList","@id":"https:\/\/truusk.store\/sv\/produkt\/truusk-justerbar-hantelbank-upp-till-300-kg-3-i-1-traningsbank-med-hjul-benstrackare-curlpult-huvudstod-motstandsband\/#breadcrumb","itemListElement":[{"@type":"ListItem","position":1,"name":"Home","item":"https:\/\/truusk.store\/sv\/"},{"@type":"ListItem","position":2,"name":"Shop","item":"https:\/\/truusk.store\/shop\/"},{"@type":"ListItem","position":3,"name":"TRUUSK Justerbar Hantelb\u00e4nk Upp Till 300 Kg &#8211; 3 I 1 Tr\u00e4ningsb\u00e4nk Med Hjul &#8211; Benstr\u00e4ckare &#8211; Curlpult &#8211; Huvudst\u00f6d &#8211; Motst\u00e5ndsband"}]},{"@type":"WebSite","@id":"https:\/\/truusk.store\/sv\/#website","url":"https:\/\/truusk.store\/sv\/","name":"TRUUSK - Hem, Tr\u00e4dg\u00e5rd & Fritid","description":"","publisher":{"@id":"https:\/\/truusk.store\/sv\/#organization"},"potentialAction":[{"@type":"SearchAction","target":{"@type":"EntryPoint","urlTemplate":"https:\/\/truusk.store\/sv\/?s={search_term_string}"},"query-input":{"@type":"PropertyValueSpecification","valueRequired":true,"valueName":"search_term_string"}}],"inLanguage":"sv-SE"},{"@type":"Organization","@id":"https:\/\/truusk.store\/sv\/#organization","name":"TRUUSK - Hem, Tr\u00e4dg\u00e5rd & Fritid","url":"https:\/\/truusk.store\/sv\/","logo":{"@type":"ImageObject","inLanguage":"sv-SE","@id":"https:\/\/truusk.store\/sv\/#\/schema\/logo\/image\/","url":"https:\/\/i0.wp.com\/truusk.store\/wp-content\/uploads\/2026\/03\/cropped-TRUUSK.png?fit=2032%2C917&ssl=1","contentUrl":"https:\/\/i0.wp.com\/truusk.store\/wp-content\/uploads\/2026\/03\/cropped-TRUUSK.png?fit=2032%2C917&ssl=1","width":2032,"height":917,"caption":"TRUUSK - Hem, Tr\u00e4dg\u00e5rd & Fritid"},"image":{"@id":"https:\/\/truusk.store\/sv\/#\/schema\/logo\/image\/"}}]}},"jetpack_sharing_enabled":true,"_links":{"self":[{"href":"https:\/\/truusk.store\/sv\/wp-json\/wp\/v2\/product\/101829","targetHints":{"allow":["GET"]}}],"collection":[{"href":"https:\/\/truusk.store\/sv\/wp-json\/wp\/v2\/product"}],"about":[{"href":"https:\/\/truusk.store\/sv\/wp-json\/wp\/v2\/types\/product"}],"wp:featuredmedia":[{"embeddable":true,"href":"https:\/\/truusk.store\/sv\/wp-json\/wp\/v2\/media\/101819"}],"wp:attachment":[{"href":"https:\/\/truusk.store\/sv\/wp-json\/wp\/v2\/media?parent=101829"}],"wp:term":[{"taxonomy":"product_brand","embeddable":true,"href":"https:\/\/truusk.store\/sv\/wp-json\/wp\/v2\/product_brand?post=101829"},{"taxonomy":"product_cat","embeddable":true,"href":"https:\/\/truusk.store\/sv\/wp-json\/wp\/v2\/product_cat?post=101829"},{"taxonomy":"product_tag","embeddable":true,"href":"https:\/\/truusk.store\/sv\/wp-json\/wp\/v2\/product_tag?post=101829"}],"curies":[{"name":"wp","href":"https:\/\/api.w.org\/{rel}","templated":true}]}}