{"id":101838,"date":"2026-01-28T06:11:50","date_gmt":"2026-01-28T05:11:50","guid":{"rendered":"https:\/\/truusk.store\/product\/hogbadd-med-klatterstallning-korgar-tra-planteringslada-planteringskarl-blomlada-90-x-45-x-170-cm\/"},"modified":"2026-03-12T08:48:48","modified_gmt":"2026-03-12T07:48:48","slug":"truusk-kattmobel-med-klatterstallning-korgar-tra-planteringslada-blomlada-90-x-45-x-170-cm","status":"publish","type":"product","link":"https:\/\/truusk.store\/sv\/produkt\/truusk-kattmobel-med-klatterstallning-korgar-tra-planteringslada-blomlada-90-x-45-x-170-cm\/","title":{"rendered":"TRUUSK Kattm\u00f6bel Med Kl\u00e4tterst\u00e4llning &#8211; Korgar &#8211; Tr\u00e4 Planteringsl\u00e5da &#8211; Bloml\u00e5da &#8211; 90 X 45 X 170 Cm"},"content":{"rendered":"<p>[VARUM\u00c4RKESNAMN] hj\u00e4lper dig att fr\u00e4mja ditt gr\u00f6na tumme. Denna planteringsk\u00e4rl med insynsskydd g\u00f6r det m\u00f6jligt f\u00f6r dig att separera v\u00e4xter efter jordtyp eller sort och ger din tr\u00e4dg\u00e5rd ett elegant utseende och praktisk funktionalitet. Det \u00e4r en ideal planteringsl\u00e5da f\u00f6r att plantera dina favoritblommor, \u00f6rter, frukttr\u00e4d och gr\u00f6nsaker i ett nafs. Dessutom \u00e4r det en fantastisk l\u00f6sning f\u00f6r alla som har begr\u00e4nsat utrymme men \u00e4nd\u00e5 vill b\u00f6rja med tr\u00e4dg\u00e5rdsarbete.<\/p>\n<p>Beskrivning:<\/p>\n<ul>\n<li> Modul\u00e4r design med olika kombinationer<\/li>\n<li> Planteringsl\u00e5dan \u00e4r tillverkad av massivt naturtr\u00e4 f\u00f6r h\u00e5llbarhet<\/li>\n<li> Ramen kan dekoreras med kl\u00e4tterv\u00e4xter eller ljusslingor<\/li>\n<li> Dr\u00e4neringsh\u00e5l och inre foder av \u00f6rtb\u00e4dden f\u00f6rhindrar \u00f6vervattning<\/li>\n<li> Gener\u00f6st utrymme f\u00f6r en m\u00e4ngd olika v\u00e4xter<\/li>\n<li> Montering kr\u00e4vs<\/li>\n<\/ul>\n<p> Tekniska data:<\/p>\n<ul>\n<li> F\u00e4rg: Naturtr\u00e4<\/li>\n<li> Material: Grantr\u00e4<\/li>\n<li> Totala dimensioner: 90L x 45B x 170H cm<\/li>\n<li> Planteringsl\u00e5dans storlek: 17,5B x 17,5T x 13,5H cm (liten), 87B x 17T x 17H cm (stor)<\/li>\n<li> Inre planteringsl\u00e5dans storlek: 20B x 20T x 15H cm (liten), 90B x 20T x 20H cm (stor)<\/li>\n<li> Avst\u00e5nd fr\u00e5n marken: 53 cm\/ 89 cm\/ 129 cm (liten planteringsl\u00e5da)<\/li>\n<li> B\u00e4rkapacitet: 10 kg (varje)<\/li>\n<\/ul>\n<p>Leveransinneh\u00e5ll:<\/p>\n<ul>\n<li> 1 x H\u00f6gb\u00e4dd<\/li>\n<li> 1 x Instruktioner<\/li>\n<\/ul>\n","protected":false},"excerpt":{"rendered":"<p>[VARUM\u00c4RKESNAMN] hj\u00e4lper dig att fr\u00e4mja ditt gr\u00f6na tumme. Denna planteringsk\u00e4rl med insynsskydd g\u00f6r det m\u00f6jligt f\u00f6r dig att separera v\u00e4xter&#8230;<\/p>\n","protected":false},"featured_media":101828,"template":"","meta":[],"product_brand":[],"product_cat":[924,858,443],"product_tag":[],"class_list":{"0":"post-101838","1":"product","2":"type-product","3":"status-publish","4":"has-post-thumbnail","6":"product_cat-plantkarl","7":"product_cat-tradgard-terrass","8":"product_cat-vaxthus-tradgardsskotsel","10":"first","11":"instock","12":"sale","13":"taxable","14":"shipping-taxable","15":"purchasable","16":"product-type-simple"},"yoast_head":"<!-- This site is optimized with the Yoast SEO plugin v25.4 - https:\/\/yoast.com\/wordpress\/plugins\/seo\/ -->\n<title>TRUUSK Kattm\u00f6bel Med Kl\u00e4tterst\u00e4llning - Korgar - Tr\u00e4 Planteringsl\u00e5da - Bloml\u00e5da - 90 X 45 X 170 Cm - TRUUSK - Hem, Tr\u00e4dg\u00e5rd &amp; Fritid<\/title>\n<meta name=\"robots\" content=\"index, follow, max-snippet:-1, max-image-preview:large, max-video-preview:-1\" \/>\n<link rel=\"canonical\" href=\"https:\/\/truusk.store\/sv\/produkt\/truusk-kattmobel-med-klatterstallning-korgar-tra-planteringslada-blomlada-90-x-45-x-170-cm\/\" \/>\n<meta property=\"og:locale\" content=\"sv_SE\" \/>\n<meta property=\"og:type\" content=\"article\" \/>\n<meta property=\"og:title\" content=\"TRUUSK Kattm\u00f6bel Med Kl\u00e4tterst\u00e4llning - Korgar - Tr\u00e4 Planteringsl\u00e5da - Bloml\u00e5da - 90 X 45 X 170 Cm - TRUUSK - Hem, Tr\u00e4dg\u00e5rd &amp; Fritid\" \/>\n<meta property=\"og:description\" content=\"[VARUM\u00c4RKESNAMN] hj\u00e4lper dig att fr\u00e4mja ditt gr\u00f6na tumme. Denna planteringsk\u00e4rl med insynsskydd g\u00f6r det m\u00f6jligt f\u00f6r dig att separera v\u00e4xter...\" \/>\n<meta property=\"og:url\" content=\"https:\/\/truusk.store\/sv\/produkt\/truusk-kattmobel-med-klatterstallning-korgar-tra-planteringslada-blomlada-90-x-45-x-170-cm\/\" \/>\n<meta property=\"og:site_name\" content=\"TRUUSK - Hem, Tr\u00e4dg\u00e5rd &amp; Fritid\" \/>\n<meta property=\"article:modified_time\" content=\"2026-03-12T07:48:48+00:00\" \/>\n<meta property=\"og:image\" content=\"https:\/\/i0.wp.com\/truusk.se\/wp-content\/uploads\/2026\/01\/hogbadd-med-klatterstallning-korgar-tra-planteringslada-planteringskarl-blomlada-90-x-45-x-170-cm-1.webp?fit=2000%2C2000&ssl=1\" \/>\n\t<meta property=\"og:image:width\" content=\"2000\" \/>\n\t<meta property=\"og:image:height\" content=\"2000\" \/>\n\t<meta property=\"og:image:type\" content=\"image\/webp\" \/>\n<meta name=\"twitter:card\" content=\"summary_large_image\" \/>\n<meta name=\"twitter:label1\" content=\"Ber\u00e4knad l\u00e4stid\" \/>\n\t<meta name=\"twitter:data1\" content=\"1 minut\" \/>\n<!-- \/ Yoast SEO plugin. -->","yoast_head_json":{"title":"TRUUSK Kattm\u00f6bel Med Kl\u00e4tterst\u00e4llning - Korgar - Tr\u00e4 Planteringsl\u00e5da - Bloml\u00e5da - 90 X 45 X 170 Cm - TRUUSK - Hem, Tr\u00e4dg\u00e5rd &amp; Fritid","robots":{"index":"index","follow":"follow","max-snippet":"max-snippet:-1","max-image-preview":"max-image-preview:large","max-video-preview":"max-video-preview:-1"},"canonical":"https:\/\/truusk.store\/sv\/produkt\/truusk-kattmobel-med-klatterstallning-korgar-tra-planteringslada-blomlada-90-x-45-x-170-cm\/","og_locale":"sv_SE","og_type":"article","og_title":"TRUUSK Kattm\u00f6bel Med Kl\u00e4tterst\u00e4llning - Korgar - Tr\u00e4 Planteringsl\u00e5da - Bloml\u00e5da - 90 X 45 X 170 Cm - TRUUSK - Hem, Tr\u00e4dg\u00e5rd &amp; Fritid","og_description":"[VARUM\u00c4RKESNAMN] hj\u00e4lper dig att fr\u00e4mja ditt gr\u00f6na tumme. Denna planteringsk\u00e4rl med insynsskydd g\u00f6r det m\u00f6jligt f\u00f6r dig att separera v\u00e4xter...","og_url":"https:\/\/truusk.store\/sv\/produkt\/truusk-kattmobel-med-klatterstallning-korgar-tra-planteringslada-blomlada-90-x-45-x-170-cm\/","og_site_name":"TRUUSK - Hem, Tr\u00e4dg\u00e5rd &amp; Fritid","article_modified_time":"2026-03-12T07:48:48+00:00","og_image":[{"width":2000,"height":2000,"url":"https:\/\/i0.wp.com\/truusk.se\/wp-content\/uploads\/2026\/01\/hogbadd-med-klatterstallning-korgar-tra-planteringslada-planteringskarl-blomlada-90-x-45-x-170-cm-1.webp?fit=2000%2C2000&ssl=1","type":"image\/webp"}],"twitter_card":"summary_large_image","twitter_misc":{"Ber\u00e4knad l\u00e4stid":"1 minut"},"schema":{"@context":"https:\/\/schema.org","@graph":[{"@type":"WebPage","@id":"https:\/\/truusk.store\/sv\/produkt\/truusk-kattmobel-med-klatterstallning-korgar-tra-planteringslada-blomlada-90-x-45-x-170-cm\/","url":"https:\/\/truusk.store\/sv\/produkt\/truusk-kattmobel-med-klatterstallning-korgar-tra-planteringslada-blomlada-90-x-45-x-170-cm\/","name":"TRUUSK Kattm\u00f6bel Med Kl\u00e4tterst\u00e4llning - Korgar - Tr\u00e4 Planteringsl\u00e5da - Bloml\u00e5da - 90 X 45 X 170 Cm - TRUUSK - Hem, Tr\u00e4dg\u00e5rd &amp; Fritid","isPartOf":{"@id":"https:\/\/truusk.store\/sv\/#website"},"primaryImageOfPage":{"@id":"https:\/\/truusk.store\/sv\/produkt\/truusk-kattmobel-med-klatterstallning-korgar-tra-planteringslada-blomlada-90-x-45-x-170-cm\/#primaryimage"},"image":{"@id":"https:\/\/truusk.store\/sv\/produkt\/truusk-kattmobel-med-klatterstallning-korgar-tra-planteringslada-blomlada-90-x-45-x-170-cm\/#primaryimage"},"thumbnailUrl":"https:\/\/i0.wp.com\/truusk.store\/wp-content\/uploads\/2026\/01\/hogbadd-med-klatterstallning-korgar-tra-planteringslada-planteringskarl-blomlada-90-x-45-x-170-cm-1.webp?fit=2000%2C2000&ssl=1","datePublished":"2026-01-28T05:11:50+00:00","dateModified":"2026-03-12T07:48:48+00:00","breadcrumb":{"@id":"https:\/\/truusk.store\/sv\/produkt\/truusk-kattmobel-med-klatterstallning-korgar-tra-planteringslada-blomlada-90-x-45-x-170-cm\/#breadcrumb"},"inLanguage":"sv-SE","potentialAction":[{"@type":"ReadAction","target":["https:\/\/truusk.store\/sv\/produkt\/truusk-kattmobel-med-klatterstallning-korgar-tra-planteringslada-blomlada-90-x-45-x-170-cm\/"]}]},{"@type":"ImageObject","inLanguage":"sv-SE","@id":"https:\/\/truusk.store\/sv\/produkt\/truusk-kattmobel-med-klatterstallning-korgar-tra-planteringslada-blomlada-90-x-45-x-170-cm\/#primaryimage","url":"https:\/\/i0.wp.com\/truusk.store\/wp-content\/uploads\/2026\/01\/hogbadd-med-klatterstallning-korgar-tra-planteringslada-planteringskarl-blomlada-90-x-45-x-170-cm-1.webp?fit=2000%2C2000&ssl=1","contentUrl":"https:\/\/i0.wp.com\/truusk.store\/wp-content\/uploads\/2026\/01\/hogbadd-med-klatterstallning-korgar-tra-planteringslada-planteringskarl-blomlada-90-x-45-x-170-cm-1.webp?fit=2000%2C2000&ssl=1","width":2000,"height":2000},{"@type":"BreadcrumbList","@id":"https:\/\/truusk.store\/sv\/produkt\/truusk-kattmobel-med-klatterstallning-korgar-tra-planteringslada-blomlada-90-x-45-x-170-cm\/#breadcrumb","itemListElement":[{"@type":"ListItem","position":1,"name":"Home","item":"https:\/\/truusk.store\/sv\/"},{"@type":"ListItem","position":2,"name":"Shop","item":"https:\/\/truusk.store\/shop\/"},{"@type":"ListItem","position":3,"name":"TRUUSK Kattm\u00f6bel Med Kl\u00e4tterst\u00e4llning &#8211; Korgar &#8211; Tr\u00e4 Planteringsl\u00e5da &#8211; Bloml\u00e5da &#8211; 90 X 45 X 170 Cm"}]},{"@type":"WebSite","@id":"https:\/\/truusk.store\/sv\/#website","url":"https:\/\/truusk.store\/sv\/","name":"TRUUSK - Hem, Tr\u00e4dg\u00e5rd & Fritid","description":"","publisher":{"@id":"https:\/\/truusk.store\/sv\/#organization"},"potentialAction":[{"@type":"SearchAction","target":{"@type":"EntryPoint","urlTemplate":"https:\/\/truusk.store\/sv\/?s={search_term_string}"},"query-input":{"@type":"PropertyValueSpecification","valueRequired":true,"valueName":"search_term_string"}}],"inLanguage":"sv-SE"},{"@type":"Organization","@id":"https:\/\/truusk.store\/sv\/#organization","name":"TRUUSK - Hem, Tr\u00e4dg\u00e5rd & Fritid","url":"https:\/\/truusk.store\/sv\/","logo":{"@type":"ImageObject","inLanguage":"sv-SE","@id":"https:\/\/truusk.store\/sv\/#\/schema\/logo\/image\/","url":"https:\/\/i0.wp.com\/truusk.store\/wp-content\/uploads\/2026\/03\/cropped-TRUUSK.png?fit=2032%2C917&ssl=1","contentUrl":"https:\/\/i0.wp.com\/truusk.store\/wp-content\/uploads\/2026\/03\/cropped-TRUUSK.png?fit=2032%2C917&ssl=1","width":2032,"height":917,"caption":"TRUUSK - Hem, Tr\u00e4dg\u00e5rd & Fritid"},"image":{"@id":"https:\/\/truusk.store\/sv\/#\/schema\/logo\/image\/"}}]}},"jetpack_sharing_enabled":true,"_links":{"self":[{"href":"https:\/\/truusk.store\/sv\/wp-json\/wp\/v2\/product\/101838","targetHints":{"allow":["GET"]}}],"collection":[{"href":"https:\/\/truusk.store\/sv\/wp-json\/wp\/v2\/product"}],"about":[{"href":"https:\/\/truusk.store\/sv\/wp-json\/wp\/v2\/types\/product"}],"wp:featuredmedia":[{"embeddable":true,"href":"https:\/\/truusk.store\/sv\/wp-json\/wp\/v2\/media\/101828"}],"wp:attachment":[{"href":"https:\/\/truusk.store\/sv\/wp-json\/wp\/v2\/media?parent=101838"}],"wp:term":[{"taxonomy":"product_brand","embeddable":true,"href":"https:\/\/truusk.store\/sv\/wp-json\/wp\/v2\/product_brand?post=101838"},{"taxonomy":"product_cat","embeddable":true,"href":"https:\/\/truusk.store\/sv\/wp-json\/wp\/v2\/product_cat?post=101838"},{"taxonomy":"product_tag","embeddable":true,"href":"https:\/\/truusk.store\/sv\/wp-json\/wp\/v2\/product_tag?post=101838"}],"curies":[{"name":"wp","href":"https:\/\/api.w.org\/{rel}","templated":true}]}}