{"id":101848,"date":"2026-01-28T06:12:40","date_gmt":"2026-01-28T05:12:40","guid":{"rendered":"https:\/\/truusk.store\/product\/kuddstol-med-fotpall-lounge-stol-med-hog-rygg-metallbas-for-vardagsrum-sovrum-gra\/"},"modified":"2026-03-12T08:48:50","modified_gmt":"2026-03-12T07:48:50","slug":"truusk-skon-fatolj-med-fotpall-hogt-ryggstod-metallbas-gra-for-vardagsrum-och-sovrum","status":"publish","type":"product","link":"https:\/\/truusk.store\/sv\/produkt\/truusk-skon-fatolj-med-fotpall-hogt-ryggstod-metallbas-gra-for-vardagsrum-och-sovrum\/","title":{"rendered":"TRUUSK Sk\u00f6n f\u00e5t\u00f6lj med fotpall &#8211; H\u00f6gt ryggst\u00f6d &#8211; Metallbas &#8211; Gr\u00e5 &#8211; F\u00f6r vardagsrum och sovrum"},"content":{"rendered":"<p>K\u00e4nner du dig utmattad efter en l\u00e5ng dag? Det \u00e4r sv\u00e5rt att hitta avkoppling n\u00e4r traditionella stolar orsakar sm\u00e4rta i nacke och rygg. Slappna av i [BRAND NAME] avkopplingsstol med fotpall. Den h\u00f6ga ryggst\u00f6det st\u00f6der ditt huvud och den mjuka gungningen lindrar stress. Denna stol, kl\u00e4dd med andningsbart linne-liknande tyg, \u00e4r din personliga oas f\u00f6r omedelbar avkoppling och \u00e5terh\u00e4mtning hemma.<\/p>\n<p>Beskrivning:<\/p>\n<ul>\n<li> Inkluderar fotpall f\u00f6r fullst\u00e4ndig benstr\u00e4ckning<\/li>\n<li> Kl\u00e4dd med andningsbart tyg i linne-look f\u00f6r \u00e5ret-runt sittkomfort<\/li>\n<li> 13 cm tjock stoppad sits och 11 cm dubbelskiktad ryggst\u00f6d ger ut\u00f6kad st\u00f6d och komfort<\/li>\n<li> Har en 67 cm ergonomisk h\u00f6g ryggst\u00f6d f\u00f6r att minska nack- och huvudtr\u00f6tthet<\/li>\n<li> Njut av mjuka gungande r\u00f6relser som hj\u00e4lper dig att slappna av och minska daglig stress<\/li>\n<li> Solid flerskiktsplatta och metallbas garanterar stabilitet och b\u00e4r upp till 120 kg<\/li>\n<li> Skyddande fotdynor f\u00f6rhindrar repor p\u00e5 dina golv<\/li>\n<li> 20-minuters snabb montering med tydliga instruktioner<\/li>\n<\/ul>\n<p> Tekniska specifikationer:<\/p>\n<ul>\n<li> F\u00e4rg: Gr\u00e5<\/li>\n<li> Material: Linne-liknande tyg (100% polyester), skum, metall, flerskiktsplatta<\/li>\n<li> Totala dimensioner (stol): 75B x 66D x 99H cm<\/li>\n<li> Totala dimensioner (fotpall): 47B x 37D x 36H cm<\/li>\n<li> Sitsstorlek: 48B x 48D x 41H cm<\/li>\n<li> Sits tjocklek: 13 cm<\/li>\n<li> Sitskuddens tjocklek: 9 cm<\/li>\n<li> Ryggst\u00f6dets dimensioner: 67L x 55B x 11D cm<\/li>\n<li> Armst\u00f6dets dimensioner: 40L x 7B cm<\/li>\n<li> Armst\u00f6dets h\u00f6jd till sits: 17 cm<\/li>\n<li> Maximal belastning: 120 kg<\/li>\n<\/ul>\n<p>Leveransinneh\u00e5ll:<\/p>\n<ul>\n<li> 1 x Stol<\/li>\n<li> 1 x Fotpall<\/li>\n<li> 1 x Handbok<\/li>\n<\/ul>\n","protected":false},"excerpt":{"rendered":"<p>K\u00e4nner du dig utmattad efter en l\u00e5ng dag? Det \u00e4r sv\u00e5rt att hitta avkoppling n\u00e4r traditionella stolar orsakar sm\u00e4rta i&#8230;<\/p>\n","protected":false},"featured_media":101839,"template":"","meta":[],"product_brand":[],"product_cat":[521,871,920,910],"product_tag":[],"class_list":{"0":"post-101848","1":"product","2":"type-product","3":"status-publish","4":"has-post-thumbnail","6":"product_cat-fatolj","7":"product_cat-hus-hem","8":"product_cat-relaxsessel-mit-hocker","9":"product_cat-vardagsrum","11":"first","12":"instock","13":"sale","14":"taxable","15":"shipping-taxable","16":"purchasable","17":"product-type-simple"},"yoast_head":"<!-- This site is optimized with the Yoast SEO plugin v25.4 - https:\/\/yoast.com\/wordpress\/plugins\/seo\/ -->\n<title>TRUUSK Sk\u00f6n f\u00e5t\u00f6lj med fotpall - H\u00f6gt ryggst\u00f6d - Metallbas - Gr\u00e5 - F\u00f6r vardagsrum och sovrum - TRUUSK - Hem, Tr\u00e4dg\u00e5rd &amp; Fritid<\/title>\n<meta name=\"robots\" content=\"index, follow, max-snippet:-1, max-image-preview:large, max-video-preview:-1\" \/>\n<link rel=\"canonical\" href=\"https:\/\/truusk.store\/sv\/produkt\/truusk-skon-fatolj-med-fotpall-hogt-ryggstod-metallbas-gra-for-vardagsrum-och-sovrum\/\" \/>\n<meta property=\"og:locale\" content=\"sv_SE\" \/>\n<meta property=\"og:type\" content=\"article\" \/>\n<meta property=\"og:title\" content=\"TRUUSK Sk\u00f6n f\u00e5t\u00f6lj med fotpall - H\u00f6gt ryggst\u00f6d - Metallbas - Gr\u00e5 - F\u00f6r vardagsrum och sovrum - TRUUSK - Hem, Tr\u00e4dg\u00e5rd &amp; Fritid\" \/>\n<meta property=\"og:description\" content=\"K\u00e4nner du dig utmattad efter en l\u00e5ng dag? Det \u00e4r sv\u00e5rt att hitta avkoppling n\u00e4r traditionella stolar orsakar sm\u00e4rta i...\" \/>\n<meta property=\"og:url\" content=\"https:\/\/truusk.store\/sv\/produkt\/truusk-skon-fatolj-med-fotpall-hogt-ryggstod-metallbas-gra-for-vardagsrum-och-sovrum\/\" \/>\n<meta property=\"og:site_name\" content=\"TRUUSK - Hem, Tr\u00e4dg\u00e5rd &amp; Fritid\" \/>\n<meta property=\"article:modified_time\" content=\"2026-03-12T07:48:50+00:00\" \/>\n<meta property=\"og:image\" content=\"https:\/\/i0.wp.com\/truusk.se\/wp-content\/uploads\/2026\/01\/kuddstol-med-fotpall-lounge-stol-med-hog-rygg-metallbas-for-vardagsrum-sovrum-gra-1.webp?fit=2000%2C2000&ssl=1\" \/>\n\t<meta property=\"og:image:width\" content=\"2000\" \/>\n\t<meta property=\"og:image:height\" content=\"2000\" \/>\n\t<meta property=\"og:image:type\" content=\"image\/webp\" \/>\n<meta name=\"twitter:card\" content=\"summary_large_image\" \/>\n<meta name=\"twitter:label1\" content=\"Ber\u00e4knad l\u00e4stid\" \/>\n\t<meta name=\"twitter:data1\" content=\"1 minut\" \/>\n<!-- \/ Yoast SEO plugin. -->","yoast_head_json":{"title":"TRUUSK Sk\u00f6n f\u00e5t\u00f6lj med fotpall - H\u00f6gt ryggst\u00f6d - Metallbas - Gr\u00e5 - F\u00f6r vardagsrum och sovrum - TRUUSK - Hem, Tr\u00e4dg\u00e5rd &amp; Fritid","robots":{"index":"index","follow":"follow","max-snippet":"max-snippet:-1","max-image-preview":"max-image-preview:large","max-video-preview":"max-video-preview:-1"},"canonical":"https:\/\/truusk.store\/sv\/produkt\/truusk-skon-fatolj-med-fotpall-hogt-ryggstod-metallbas-gra-for-vardagsrum-och-sovrum\/","og_locale":"sv_SE","og_type":"article","og_title":"TRUUSK Sk\u00f6n f\u00e5t\u00f6lj med fotpall - H\u00f6gt ryggst\u00f6d - Metallbas - Gr\u00e5 - F\u00f6r vardagsrum och sovrum - TRUUSK - Hem, Tr\u00e4dg\u00e5rd &amp; Fritid","og_description":"K\u00e4nner du dig utmattad efter en l\u00e5ng dag? Det \u00e4r sv\u00e5rt att hitta avkoppling n\u00e4r traditionella stolar orsakar sm\u00e4rta i...","og_url":"https:\/\/truusk.store\/sv\/produkt\/truusk-skon-fatolj-med-fotpall-hogt-ryggstod-metallbas-gra-for-vardagsrum-och-sovrum\/","og_site_name":"TRUUSK - Hem, Tr\u00e4dg\u00e5rd &amp; Fritid","article_modified_time":"2026-03-12T07:48:50+00:00","og_image":[{"width":2000,"height":2000,"url":"https:\/\/i0.wp.com\/truusk.se\/wp-content\/uploads\/2026\/01\/kuddstol-med-fotpall-lounge-stol-med-hog-rygg-metallbas-for-vardagsrum-sovrum-gra-1.webp?fit=2000%2C2000&ssl=1","type":"image\/webp"}],"twitter_card":"summary_large_image","twitter_misc":{"Ber\u00e4knad l\u00e4stid":"1 minut"},"schema":{"@context":"https:\/\/schema.org","@graph":[{"@type":"WebPage","@id":"https:\/\/truusk.store\/sv\/produkt\/truusk-skon-fatolj-med-fotpall-hogt-ryggstod-metallbas-gra-for-vardagsrum-och-sovrum\/","url":"https:\/\/truusk.store\/sv\/produkt\/truusk-skon-fatolj-med-fotpall-hogt-ryggstod-metallbas-gra-for-vardagsrum-och-sovrum\/","name":"TRUUSK Sk\u00f6n f\u00e5t\u00f6lj med fotpall - H\u00f6gt ryggst\u00f6d - Metallbas - Gr\u00e5 - F\u00f6r vardagsrum och sovrum - TRUUSK - Hem, Tr\u00e4dg\u00e5rd &amp; Fritid","isPartOf":{"@id":"https:\/\/truusk.store\/sv\/#website"},"primaryImageOfPage":{"@id":"https:\/\/truusk.store\/sv\/produkt\/truusk-skon-fatolj-med-fotpall-hogt-ryggstod-metallbas-gra-for-vardagsrum-och-sovrum\/#primaryimage"},"image":{"@id":"https:\/\/truusk.store\/sv\/produkt\/truusk-skon-fatolj-med-fotpall-hogt-ryggstod-metallbas-gra-for-vardagsrum-och-sovrum\/#primaryimage"},"thumbnailUrl":"https:\/\/i0.wp.com\/truusk.store\/wp-content\/uploads\/2026\/01\/kuddstol-med-fotpall-lounge-stol-med-hog-rygg-metallbas-for-vardagsrum-sovrum-gra-1.webp?fit=2000%2C2000&ssl=1","datePublished":"2026-01-28T05:12:40+00:00","dateModified":"2026-03-12T07:48:50+00:00","breadcrumb":{"@id":"https:\/\/truusk.store\/sv\/produkt\/truusk-skon-fatolj-med-fotpall-hogt-ryggstod-metallbas-gra-for-vardagsrum-och-sovrum\/#breadcrumb"},"inLanguage":"sv-SE","potentialAction":[{"@type":"ReadAction","target":["https:\/\/truusk.store\/sv\/produkt\/truusk-skon-fatolj-med-fotpall-hogt-ryggstod-metallbas-gra-for-vardagsrum-och-sovrum\/"]}]},{"@type":"ImageObject","inLanguage":"sv-SE","@id":"https:\/\/truusk.store\/sv\/produkt\/truusk-skon-fatolj-med-fotpall-hogt-ryggstod-metallbas-gra-for-vardagsrum-och-sovrum\/#primaryimage","url":"https:\/\/i0.wp.com\/truusk.store\/wp-content\/uploads\/2026\/01\/kuddstol-med-fotpall-lounge-stol-med-hog-rygg-metallbas-for-vardagsrum-sovrum-gra-1.webp?fit=2000%2C2000&ssl=1","contentUrl":"https:\/\/i0.wp.com\/truusk.store\/wp-content\/uploads\/2026\/01\/kuddstol-med-fotpall-lounge-stol-med-hog-rygg-metallbas-for-vardagsrum-sovrum-gra-1.webp?fit=2000%2C2000&ssl=1","width":2000,"height":2000},{"@type":"BreadcrumbList","@id":"https:\/\/truusk.store\/sv\/produkt\/truusk-skon-fatolj-med-fotpall-hogt-ryggstod-metallbas-gra-for-vardagsrum-och-sovrum\/#breadcrumb","itemListElement":[{"@type":"ListItem","position":1,"name":"Home","item":"https:\/\/truusk.store\/sv\/"},{"@type":"ListItem","position":2,"name":"Shop","item":"https:\/\/truusk.store\/shop\/"},{"@type":"ListItem","position":3,"name":"TRUUSK Sk\u00f6n f\u00e5t\u00f6lj med fotpall &#8211; H\u00f6gt ryggst\u00f6d &#8211; Metallbas &#8211; Gr\u00e5 &#8211; F\u00f6r vardagsrum och sovrum"}]},{"@type":"WebSite","@id":"https:\/\/truusk.store\/sv\/#website","url":"https:\/\/truusk.store\/sv\/","name":"TRUUSK - Hem, Tr\u00e4dg\u00e5rd & Fritid","description":"","publisher":{"@id":"https:\/\/truusk.store\/sv\/#organization"},"potentialAction":[{"@type":"SearchAction","target":{"@type":"EntryPoint","urlTemplate":"https:\/\/truusk.store\/sv\/?s={search_term_string}"},"query-input":{"@type":"PropertyValueSpecification","valueRequired":true,"valueName":"search_term_string"}}],"inLanguage":"sv-SE"},{"@type":"Organization","@id":"https:\/\/truusk.store\/sv\/#organization","name":"TRUUSK - Hem, Tr\u00e4dg\u00e5rd & Fritid","url":"https:\/\/truusk.store\/sv\/","logo":{"@type":"ImageObject","inLanguage":"sv-SE","@id":"https:\/\/truusk.store\/sv\/#\/schema\/logo\/image\/","url":"https:\/\/i0.wp.com\/truusk.store\/wp-content\/uploads\/2026\/03\/cropped-TRUUSK.png?fit=2032%2C917&ssl=1","contentUrl":"https:\/\/i0.wp.com\/truusk.store\/wp-content\/uploads\/2026\/03\/cropped-TRUUSK.png?fit=2032%2C917&ssl=1","width":2032,"height":917,"caption":"TRUUSK - Hem, Tr\u00e4dg\u00e5rd & Fritid"},"image":{"@id":"https:\/\/truusk.store\/sv\/#\/schema\/logo\/image\/"}}]}},"jetpack_sharing_enabled":true,"_links":{"self":[{"href":"https:\/\/truusk.store\/sv\/wp-json\/wp\/v2\/product\/101848","targetHints":{"allow":["GET"]}}],"collection":[{"href":"https:\/\/truusk.store\/sv\/wp-json\/wp\/v2\/product"}],"about":[{"href":"https:\/\/truusk.store\/sv\/wp-json\/wp\/v2\/types\/product"}],"wp:featuredmedia":[{"embeddable":true,"href":"https:\/\/truusk.store\/sv\/wp-json\/wp\/v2\/media\/101839"}],"wp:attachment":[{"href":"https:\/\/truusk.store\/sv\/wp-json\/wp\/v2\/media?parent=101848"}],"wp:term":[{"taxonomy":"product_brand","embeddable":true,"href":"https:\/\/truusk.store\/sv\/wp-json\/wp\/v2\/product_brand?post=101848"},{"taxonomy":"product_cat","embeddable":true,"href":"https:\/\/truusk.store\/sv\/wp-json\/wp\/v2\/product_cat?post=101848"},{"taxonomy":"product_tag","embeddable":true,"href":"https:\/\/truusk.store\/sv\/wp-json\/wp\/v2\/product_tag?post=101848"}],"curies":[{"name":"wp","href":"https:\/\/api.w.org\/{rel}","templated":true}]}}