{"id":101858,"date":"2026-01-28T06:13:34","date_gmt":"2026-01-28T05:13:34","guid":{"rendered":"https:\/\/truusk.store\/product\/sittgravare-med-skopa-roterbart-styrhjul-justerbar-konstruktion-ryggstod-for-barn-15-3-ar-gul\/"},"modified":"2026-03-12T08:48:51","modified_gmt":"2026-03-12T07:48:51","slug":"truusk-sandleksak-med-skopa-roterbart-styrhjul-justerbar-konstruktion-ryggstod-for-barn-15-3-ar-gul","status":"publish","type":"product","link":"https:\/\/truusk.store\/sv\/produkt\/truusk-sandleksak-med-skopa-roterbart-styrhjul-justerbar-konstruktion-ryggstod-for-barn-15-3-ar-gul\/","title":{"rendered":"TRUUSK Sandleksak med Skopa &#8211; Roterbart Styrhjul &#8211; Justerbar Konstruktion &#8211; Ryggst\u00f6d &#8211; F\u00f6r Barn 1,5-3 \u00e5r &#8211; Gul"},"content":{"rendered":"<p>Kul kan b\u00f6rja! Se hur ditt barns fantasi lyser upp s\u00e5 snart det kl\u00e4ttrar p\u00e5 [BRAND NAME] sittdumperleksak. Det \u00e4r mer \u00e4n bara en leksak &#8211; det \u00e4r centrum f\u00f6r utomhus\u00e4ventyr. Utrustad med en manuell gr\u00e4varm, en roterande kropp samt sp\u00e4nnande ljus och musik, omvandlas passivt tittande till aktiv, handgriplig kul. Ditt barn kan nu fr\u00e4mja sin koordination n\u00e4r det leker med denna fascinerande sittdumper.<\/p>\n<p>Beskrivning:<\/p>\n<ul>\n<li> Manuell gr\u00e4vare och skopa ger en realistisk, praktisk upplevelse<\/li>\n<li> Kroppen roterar 30 grader och l\u00e5ter barn gr\u00e4va sidled och ha kul<\/li>\n<li> Blinkande ljus och musik skapar ett sp\u00e4nnande, uppslukande bygg\u00e4ventyr<\/li>\n<li> Justerbar ryggst\u00f6d i tv\u00e5 l\u00e4gen ger komfort och st\u00f6d medan ditt barn v\u00e4xer<\/li>\n<li> Fot-till-golv-design fr\u00e4mjar utvecklingen av benstyrka, balans och koordination p\u00e5 ett s\u00e4kert s\u00e4tt<\/li>\n<li> Fyra strukturerade hjul ger en stabil, mjuk \u00e5ktur p\u00e5 olika ytor<\/li>\n<li> Byggd av robusta material, den b\u00e4r upp till 25 kg f\u00f6r l\u00e5ngvarig anv\u00e4ndning<\/li>\n<li> Montering kr\u00e4vs<\/li>\n<\/ul>\n<p> Tekniska specifikationer:<\/p>\n<ul>\n<li> F\u00e4rg: Gul<\/li>\n<li> Material: Plast, metall<\/li>\n<li> Totala dimensioner: 113L x 36B x 57H cm<\/li>\n<li> Sitsstorlek: 25B x 15T cm<\/li>\n<li> Sitth\u00f6jd: 27 cm<\/li>\n<li> Ryggst\u00f6dsh\u00f6jd: 14 cm\/9 cm<\/li>\n<li> Ryggst\u00f6dsbredd: 14 cm<\/li>\n<li> Hjuldiameter: \u00d816 cm<\/li>\n<li> Rekommenderad \u00e5lder: 18-36 m\u00e5nader<\/li>\n<li> Godk\u00e4nd \u00e5lder: 18+ m\u00e5nader<\/li>\n<li> B\u00e4rkapacitet: 25 kg<\/li>\n<\/ul>\n<p>Leverans inneh\u00e5ller:<\/p>\n<ul>\n<li> 1 x Barnsitsbyggfordon<\/li>\n<li> 1 x Bruksanvisning<\/li>\n<\/ul>\n","protected":false},"excerpt":{"rendered":"<p>Kul kan b\u00f6rja! Se hur ditt barns fantasi lyser upp s\u00e5 snart det kl\u00e4ttrar p\u00e5 [BRAND NAME] sittdumperleksak. Det \u00e4r&#8230;<\/p>\n","protected":false},"featured_media":101849,"template":"","meta":[],"product_brand":[],"product_cat":[880,952,610],"product_tag":[],"class_list":{"0":"post-101858","1":"product","2":"type-product","3":"status-publish","4":"has-post-thumbnail","6":"product_cat-baby-barn-2","7":"product_cat-balanscyklar-och-akfordon","8":"product_cat-barnfordon","10":"first","11":"instock","12":"sale","13":"taxable","14":"shipping-taxable","15":"purchasable","16":"product-type-simple"},"yoast_head":"<!-- This site is optimized with the Yoast SEO plugin v25.4 - https:\/\/yoast.com\/wordpress\/plugins\/seo\/ -->\n<title>TRUUSK Sandleksak med Skopa - Roterbart Styrhjul - Justerbar Konstruktion - Ryggst\u00f6d - F\u00f6r Barn 1,5-3 \u00e5r - Gul - TRUUSK - Hem, Tr\u00e4dg\u00e5rd &amp; Fritid<\/title>\n<meta name=\"robots\" content=\"index, follow, max-snippet:-1, max-image-preview:large, max-video-preview:-1\" \/>\n<link rel=\"canonical\" href=\"https:\/\/truusk.store\/sv\/produkt\/truusk-sandleksak-med-skopa-roterbart-styrhjul-justerbar-konstruktion-ryggstod-for-barn-15-3-ar-gul\/\" \/>\n<meta property=\"og:locale\" content=\"sv_SE\" \/>\n<meta property=\"og:type\" content=\"article\" \/>\n<meta property=\"og:title\" content=\"TRUUSK Sandleksak med Skopa - Roterbart Styrhjul - Justerbar Konstruktion - Ryggst\u00f6d - F\u00f6r Barn 1,5-3 \u00e5r - Gul - TRUUSK - Hem, Tr\u00e4dg\u00e5rd &amp; Fritid\" \/>\n<meta property=\"og:description\" content=\"Kul kan b\u00f6rja! Se hur ditt barns fantasi lyser upp s\u00e5 snart det kl\u00e4ttrar p\u00e5 [BRAND NAME] sittdumperleksak. Det \u00e4r...\" \/>\n<meta property=\"og:url\" content=\"https:\/\/truusk.store\/sv\/produkt\/truusk-sandleksak-med-skopa-roterbart-styrhjul-justerbar-konstruktion-ryggstod-for-barn-15-3-ar-gul\/\" \/>\n<meta property=\"og:site_name\" content=\"TRUUSK - Hem, Tr\u00e4dg\u00e5rd &amp; Fritid\" \/>\n<meta property=\"article:modified_time\" content=\"2026-03-12T07:48:51+00:00\" \/>\n<meta property=\"og:image\" content=\"https:\/\/i0.wp.com\/truusk.se\/wp-content\/uploads\/2026\/01\/sittgravare-med-skopa-roterbart-styrhjul-justerbar-konstruktion-ryggstod-for-barn-15-3-ar-gul-1.webp?fit=2000%2C2000&ssl=1\" \/>\n\t<meta property=\"og:image:width\" content=\"2000\" \/>\n\t<meta property=\"og:image:height\" content=\"2000\" \/>\n\t<meta property=\"og:image:type\" content=\"image\/webp\" \/>\n<meta name=\"twitter:card\" content=\"summary_large_image\" \/>\n<meta name=\"twitter:label1\" content=\"Ber\u00e4knad l\u00e4stid\" \/>\n\t<meta name=\"twitter:data1\" content=\"1 minut\" \/>\n<!-- \/ Yoast SEO plugin. -->","yoast_head_json":{"title":"TRUUSK Sandleksak med Skopa - Roterbart Styrhjul - Justerbar Konstruktion - Ryggst\u00f6d - F\u00f6r Barn 1,5-3 \u00e5r - Gul - TRUUSK - Hem, Tr\u00e4dg\u00e5rd &amp; Fritid","robots":{"index":"index","follow":"follow","max-snippet":"max-snippet:-1","max-image-preview":"max-image-preview:large","max-video-preview":"max-video-preview:-1"},"canonical":"https:\/\/truusk.store\/sv\/produkt\/truusk-sandleksak-med-skopa-roterbart-styrhjul-justerbar-konstruktion-ryggstod-for-barn-15-3-ar-gul\/","og_locale":"sv_SE","og_type":"article","og_title":"TRUUSK Sandleksak med Skopa - Roterbart Styrhjul - Justerbar Konstruktion - Ryggst\u00f6d - F\u00f6r Barn 1,5-3 \u00e5r - Gul - TRUUSK - Hem, Tr\u00e4dg\u00e5rd &amp; Fritid","og_description":"Kul kan b\u00f6rja! Se hur ditt barns fantasi lyser upp s\u00e5 snart det kl\u00e4ttrar p\u00e5 [BRAND NAME] sittdumperleksak. Det \u00e4r...","og_url":"https:\/\/truusk.store\/sv\/produkt\/truusk-sandleksak-med-skopa-roterbart-styrhjul-justerbar-konstruktion-ryggstod-for-barn-15-3-ar-gul\/","og_site_name":"TRUUSK - Hem, Tr\u00e4dg\u00e5rd &amp; Fritid","article_modified_time":"2026-03-12T07:48:51+00:00","og_image":[{"width":2000,"height":2000,"url":"https:\/\/i0.wp.com\/truusk.se\/wp-content\/uploads\/2026\/01\/sittgravare-med-skopa-roterbart-styrhjul-justerbar-konstruktion-ryggstod-for-barn-15-3-ar-gul-1.webp?fit=2000%2C2000&ssl=1","type":"image\/webp"}],"twitter_card":"summary_large_image","twitter_misc":{"Ber\u00e4knad l\u00e4stid":"1 minut"},"schema":{"@context":"https:\/\/schema.org","@graph":[{"@type":"WebPage","@id":"https:\/\/truusk.store\/sv\/produkt\/truusk-sandleksak-med-skopa-roterbart-styrhjul-justerbar-konstruktion-ryggstod-for-barn-15-3-ar-gul\/","url":"https:\/\/truusk.store\/sv\/produkt\/truusk-sandleksak-med-skopa-roterbart-styrhjul-justerbar-konstruktion-ryggstod-for-barn-15-3-ar-gul\/","name":"TRUUSK Sandleksak med Skopa - Roterbart Styrhjul - Justerbar Konstruktion - Ryggst\u00f6d - F\u00f6r Barn 1,5-3 \u00e5r - Gul - TRUUSK - Hem, Tr\u00e4dg\u00e5rd &amp; Fritid","isPartOf":{"@id":"https:\/\/truusk.store\/sv\/#website"},"primaryImageOfPage":{"@id":"https:\/\/truusk.store\/sv\/produkt\/truusk-sandleksak-med-skopa-roterbart-styrhjul-justerbar-konstruktion-ryggstod-for-barn-15-3-ar-gul\/#primaryimage"},"image":{"@id":"https:\/\/truusk.store\/sv\/produkt\/truusk-sandleksak-med-skopa-roterbart-styrhjul-justerbar-konstruktion-ryggstod-for-barn-15-3-ar-gul\/#primaryimage"},"thumbnailUrl":"https:\/\/i0.wp.com\/truusk.store\/wp-content\/uploads\/2026\/01\/sittgravare-med-skopa-roterbart-styrhjul-justerbar-konstruktion-ryggstod-for-barn-15-3-ar-gul-1.webp?fit=2000%2C2000&ssl=1","datePublished":"2026-01-28T05:13:34+00:00","dateModified":"2026-03-12T07:48:51+00:00","breadcrumb":{"@id":"https:\/\/truusk.store\/sv\/produkt\/truusk-sandleksak-med-skopa-roterbart-styrhjul-justerbar-konstruktion-ryggstod-for-barn-15-3-ar-gul\/#breadcrumb"},"inLanguage":"sv-SE","potentialAction":[{"@type":"ReadAction","target":["https:\/\/truusk.store\/sv\/produkt\/truusk-sandleksak-med-skopa-roterbart-styrhjul-justerbar-konstruktion-ryggstod-for-barn-15-3-ar-gul\/"]}]},{"@type":"ImageObject","inLanguage":"sv-SE","@id":"https:\/\/truusk.store\/sv\/produkt\/truusk-sandleksak-med-skopa-roterbart-styrhjul-justerbar-konstruktion-ryggstod-for-barn-15-3-ar-gul\/#primaryimage","url":"https:\/\/i0.wp.com\/truusk.store\/wp-content\/uploads\/2026\/01\/sittgravare-med-skopa-roterbart-styrhjul-justerbar-konstruktion-ryggstod-for-barn-15-3-ar-gul-1.webp?fit=2000%2C2000&ssl=1","contentUrl":"https:\/\/i0.wp.com\/truusk.store\/wp-content\/uploads\/2026\/01\/sittgravare-med-skopa-roterbart-styrhjul-justerbar-konstruktion-ryggstod-for-barn-15-3-ar-gul-1.webp?fit=2000%2C2000&ssl=1","width":2000,"height":2000},{"@type":"BreadcrumbList","@id":"https:\/\/truusk.store\/sv\/produkt\/truusk-sandleksak-med-skopa-roterbart-styrhjul-justerbar-konstruktion-ryggstod-for-barn-15-3-ar-gul\/#breadcrumb","itemListElement":[{"@type":"ListItem","position":1,"name":"Home","item":"https:\/\/truusk.store\/sv\/"},{"@type":"ListItem","position":2,"name":"Shop","item":"https:\/\/truusk.store\/shop\/"},{"@type":"ListItem","position":3,"name":"TRUUSK Sandleksak med Skopa &#8211; Roterbart Styrhjul &#8211; Justerbar Konstruktion &#8211; Ryggst\u00f6d &#8211; F\u00f6r Barn 1,5-3 \u00e5r &#8211; Gul"}]},{"@type":"WebSite","@id":"https:\/\/truusk.store\/sv\/#website","url":"https:\/\/truusk.store\/sv\/","name":"TRUUSK - Hem, Tr\u00e4dg\u00e5rd & Fritid","description":"","publisher":{"@id":"https:\/\/truusk.store\/sv\/#organization"},"potentialAction":[{"@type":"SearchAction","target":{"@type":"EntryPoint","urlTemplate":"https:\/\/truusk.store\/sv\/?s={search_term_string}"},"query-input":{"@type":"PropertyValueSpecification","valueRequired":true,"valueName":"search_term_string"}}],"inLanguage":"sv-SE"},{"@type":"Organization","@id":"https:\/\/truusk.store\/sv\/#organization","name":"TRUUSK - Hem, Tr\u00e4dg\u00e5rd & Fritid","url":"https:\/\/truusk.store\/sv\/","logo":{"@type":"ImageObject","inLanguage":"sv-SE","@id":"https:\/\/truusk.store\/sv\/#\/schema\/logo\/image\/","url":"https:\/\/i0.wp.com\/truusk.store\/wp-content\/uploads\/2026\/03\/cropped-TRUUSK.png?fit=2032%2C917&ssl=1","contentUrl":"https:\/\/i0.wp.com\/truusk.store\/wp-content\/uploads\/2026\/03\/cropped-TRUUSK.png?fit=2032%2C917&ssl=1","width":2032,"height":917,"caption":"TRUUSK - Hem, Tr\u00e4dg\u00e5rd & Fritid"},"image":{"@id":"https:\/\/truusk.store\/sv\/#\/schema\/logo\/image\/"}}]}},"jetpack_sharing_enabled":true,"_links":{"self":[{"href":"https:\/\/truusk.store\/sv\/wp-json\/wp\/v2\/product\/101858","targetHints":{"allow":["GET"]}}],"collection":[{"href":"https:\/\/truusk.store\/sv\/wp-json\/wp\/v2\/product"}],"about":[{"href":"https:\/\/truusk.store\/sv\/wp-json\/wp\/v2\/types\/product"}],"wp:featuredmedia":[{"embeddable":true,"href":"https:\/\/truusk.store\/sv\/wp-json\/wp\/v2\/media\/101849"}],"wp:attachment":[{"href":"https:\/\/truusk.store\/sv\/wp-json\/wp\/v2\/media?parent=101858"}],"wp:term":[{"taxonomy":"product_brand","embeddable":true,"href":"https:\/\/truusk.store\/sv\/wp-json\/wp\/v2\/product_brand?post=101858"},{"taxonomy":"product_cat","embeddable":true,"href":"https:\/\/truusk.store\/sv\/wp-json\/wp\/v2\/product_cat?post=101858"},{"taxonomy":"product_tag","embeddable":true,"href":"https:\/\/truusk.store\/sv\/wp-json\/wp\/v2\/product_tag?post=101858"}],"curies":[{"name":"wp","href":"https:\/\/api.w.org\/{rel}","templated":true}]}}