{"id":101868,"date":"2026-01-28T06:14:31","date_gmt":"2026-01-28T05:14:31","guid":{"rendered":"https:\/\/truusk.store\/product\/uppresningsstol-avslappningsstol-med-uppresningshjalp-inkl-fjarrkontroll-mugg-hallare-justerbar-ryggstod-brun\/"},"modified":"2026-03-12T08:48:53","modified_gmt":"2026-03-12T07:48:53","slug":"truusk-uppresningsstol-avslappningsstol-med-uppresningshjalp-inkl-fjarrkontroll-mugg-hallare-justerbar-ryggstod-brun","status":"publish","type":"product","link":"https:\/\/truusk.store\/sv\/produkt\/truusk-uppresningsstol-avslappningsstol-med-uppresningshjalp-inkl-fjarrkontroll-mugg-hallare-justerbar-ryggstod-brun\/","title":{"rendered":"TRUUSK Uppresningsstol &#8211; Avslappningsstol med Uppresningshj\u00e4lp &#8211; Inkl. Fj\u00e4rrkontroll &#8211; Mugg H\u00e5llare &#8211; Justerbar Ryggst\u00f6d &#8211; Brun"},"content":{"rendered":"<p>Uppt\u00e4ck ultimat komfort med v\u00e5r elektriska relaxstol fr\u00e5n [BRAND NAME]. Perfekt f\u00f6r \u00e4ldre eller personer med skador, erbjuder denna TV-stol en mild hj\u00e4lp att resa sig och en stegl\u00f6s lutning upp till 150 grader. Med bara en fj\u00e4rrkontroll styr du b\u00e5de ryggst\u00f6d och fotst\u00f6d. Njut av o\u00f6vertr\u00e4ffad bekv\u00e4mlighet och st\u00f6d &#8211; din ideala f\u00f6ljeslagare f\u00f6r avkopplande timmar. Unna dig lyxen du f\u00f6rtj\u00e4nar!<\/p>\n<p>Beskrivning:<\/p>\n<ul>\n<li> 2-i-1-koncept: B\u00e5de en elektrisk uppresningsstol och en liggstol<\/li>\n<li> Den maximala lutningsvinkeln f\u00f6r relaxstolen med liggfunktion \u00e4r 30 grader och kan lutas upp till 150\u00b0<\/li>\n<li> Allt-i-ett-fj\u00e4rrkontrolldesign g\u00f6r det l\u00e4ttare att anv\u00e4nda seniorstolen<\/li>\n<li> B\u00e4gareh\u00e5llare p\u00e5 b\u00e5da sidor f\u00f6r drycker och andra sm\u00e5 tillbeh\u00f6r<\/li>\n<li> USB-port p\u00e5 fj\u00e4rrkontrollen f\u00f6r bekv\u00e4m laddning av enheter<\/li>\n<li> Yta av lyxigt och l\u00e4tt att reng\u00f6ra konstl\u00e4der<\/li>\n<li> Robust metalllyftmekanism f\u00f6r biostolen, som kan b\u00e4ra upp till 135 kg<\/li>\n<li> Tjockt stoppad sits, ryggst\u00f6d, armst\u00f6d och nackst\u00f6d f\u00f6r maximal komfort<\/li>\n<li> Montering kr\u00e4vs<\/li>\n<\/ul>\n<p> Tekniska data:<\/p>\n<ul>\n<li> F\u00e4rg: M\u00f6rkbrun<\/li>\n<li> Material: Konstl\u00e4der, metall, skum<\/li>\n<li> Totala m\u00e5tt: (uppr\u00e4tt) 83B x 95T x 107H cm<\/li>\n<li> Totala m\u00e5tt: (lutad) 83B x 165T x 90H cm<\/li>\n<li> Lyftm\u00e5tt: 83L x 80B x 138H cm<\/li>\n<li> Sitsm\u00e5tt: 56L x 53B x 46H cm<\/li>\n<li> Ing\u00e5ngssp\u00e4nning: 100-240 V\/50-60 Hz<\/li>\n<li> Utg\u00e5ngssp\u00e4nning: 29V\/2,0A, 58W<\/li>\n<li> B\u00e4rkapacitet: 135 kg<\/li>\n<\/ul>\n<p>Leveransinneh\u00e5ll:<\/p>\n<ul>\n<li> 1 x Elektrisk TV-stol<\/li>\n<li> 1 x Fj\u00e4rrkontroll<\/li>\n<li> 1 x Bruksanvisning<\/li>\n<\/ul>\n","protected":false},"excerpt":{"rendered":"<p>Uppt\u00e4ck ultimat komfort med v\u00e5r elektriska relaxstol fr\u00e5n [BRAND NAME]. Perfekt f\u00f6r \u00e4ldre eller personer med skador, erbjuder denna TV-stol&#8230;<\/p>\n","protected":false},"featured_media":101859,"template":"","meta":[],"product_brand":[],"product_cat":[911,521,871,910],"product_tag":[],"class_list":{"0":"post-101868","1":"product","2":"type-product","3":"status-publish","4":"has-post-thumbnail","6":"product_cat-aufstehsessel","7":"product_cat-fatolj","8":"product_cat-hus-hem","9":"product_cat-vardagsrum","11":"first","12":"instock","13":"sale","14":"taxable","15":"shipping-taxable","16":"purchasable","17":"product-type-simple"},"yoast_head":"<!-- This site is optimized with the Yoast SEO plugin v25.4 - https:\/\/yoast.com\/wordpress\/plugins\/seo\/ -->\n<title>TRUUSK Uppresningsstol - Avslappningsstol med Uppresningshj\u00e4lp - Inkl. Fj\u00e4rrkontroll - Mugg H\u00e5llare - Justerbar Ryggst\u00f6d - Brun - TRUUSK - Hem, Tr\u00e4dg\u00e5rd &amp; Fritid<\/title>\n<meta name=\"robots\" content=\"index, follow, max-snippet:-1, max-image-preview:large, max-video-preview:-1\" \/>\n<link rel=\"canonical\" href=\"https:\/\/truusk.store\/sv\/produkt\/truusk-uppresningsstol-avslappningsstol-med-uppresningshjalp-inkl-fjarrkontroll-mugg-hallare-justerbar-ryggstod-brun\/\" \/>\n<meta property=\"og:locale\" content=\"sv_SE\" \/>\n<meta property=\"og:type\" content=\"article\" \/>\n<meta property=\"og:title\" content=\"TRUUSK Uppresningsstol - Avslappningsstol med Uppresningshj\u00e4lp - Inkl. Fj\u00e4rrkontroll - Mugg H\u00e5llare - Justerbar Ryggst\u00f6d - Brun - TRUUSK - Hem, Tr\u00e4dg\u00e5rd &amp; Fritid\" \/>\n<meta property=\"og:description\" content=\"Uppt\u00e4ck ultimat komfort med v\u00e5r elektriska relaxstol fr\u00e5n [BRAND NAME]. Perfekt f\u00f6r \u00e4ldre eller personer med skador, erbjuder denna TV-stol...\" \/>\n<meta property=\"og:url\" content=\"https:\/\/truusk.store\/sv\/produkt\/truusk-uppresningsstol-avslappningsstol-med-uppresningshjalp-inkl-fjarrkontroll-mugg-hallare-justerbar-ryggstod-brun\/\" \/>\n<meta property=\"og:site_name\" content=\"TRUUSK - Hem, Tr\u00e4dg\u00e5rd &amp; Fritid\" \/>\n<meta property=\"article:modified_time\" content=\"2026-03-12T07:48:53+00:00\" \/>\n<meta property=\"og:image\" content=\"https:\/\/i0.wp.com\/truusk.se\/wp-content\/uploads\/2026\/01\/uppresningsstol-avslappningsstol-med-uppresningshjalp-inkl-fjarrkontroll-mugg-hallare-justerbar-ryggstod-brun-1.webp?fit=2000%2C2000&ssl=1\" \/>\n\t<meta property=\"og:image:width\" content=\"2000\" \/>\n\t<meta property=\"og:image:height\" content=\"2000\" \/>\n\t<meta property=\"og:image:type\" content=\"image\/webp\" \/>\n<meta name=\"twitter:card\" content=\"summary_large_image\" \/>\n<meta name=\"twitter:label1\" content=\"Ber\u00e4knad l\u00e4stid\" \/>\n\t<meta name=\"twitter:data1\" content=\"1 minut\" \/>\n<!-- \/ Yoast SEO plugin. -->","yoast_head_json":{"title":"TRUUSK Uppresningsstol - Avslappningsstol med Uppresningshj\u00e4lp - Inkl. Fj\u00e4rrkontroll - Mugg H\u00e5llare - Justerbar Ryggst\u00f6d - Brun - TRUUSK - Hem, Tr\u00e4dg\u00e5rd &amp; Fritid","robots":{"index":"index","follow":"follow","max-snippet":"max-snippet:-1","max-image-preview":"max-image-preview:large","max-video-preview":"max-video-preview:-1"},"canonical":"https:\/\/truusk.store\/sv\/produkt\/truusk-uppresningsstol-avslappningsstol-med-uppresningshjalp-inkl-fjarrkontroll-mugg-hallare-justerbar-ryggstod-brun\/","og_locale":"sv_SE","og_type":"article","og_title":"TRUUSK Uppresningsstol - Avslappningsstol med Uppresningshj\u00e4lp - Inkl. Fj\u00e4rrkontroll - Mugg H\u00e5llare - Justerbar Ryggst\u00f6d - Brun - TRUUSK - Hem, Tr\u00e4dg\u00e5rd &amp; Fritid","og_description":"Uppt\u00e4ck ultimat komfort med v\u00e5r elektriska relaxstol fr\u00e5n [BRAND NAME]. Perfekt f\u00f6r \u00e4ldre eller personer med skador, erbjuder denna TV-stol...","og_url":"https:\/\/truusk.store\/sv\/produkt\/truusk-uppresningsstol-avslappningsstol-med-uppresningshjalp-inkl-fjarrkontroll-mugg-hallare-justerbar-ryggstod-brun\/","og_site_name":"TRUUSK - Hem, Tr\u00e4dg\u00e5rd &amp; Fritid","article_modified_time":"2026-03-12T07:48:53+00:00","og_image":[{"width":2000,"height":2000,"url":"https:\/\/i0.wp.com\/truusk.se\/wp-content\/uploads\/2026\/01\/uppresningsstol-avslappningsstol-med-uppresningshjalp-inkl-fjarrkontroll-mugg-hallare-justerbar-ryggstod-brun-1.webp?fit=2000%2C2000&ssl=1","type":"image\/webp"}],"twitter_card":"summary_large_image","twitter_misc":{"Ber\u00e4knad l\u00e4stid":"1 minut"},"schema":{"@context":"https:\/\/schema.org","@graph":[{"@type":"WebPage","@id":"https:\/\/truusk.store\/sv\/produkt\/truusk-uppresningsstol-avslappningsstol-med-uppresningshjalp-inkl-fjarrkontroll-mugg-hallare-justerbar-ryggstod-brun\/","url":"https:\/\/truusk.store\/sv\/produkt\/truusk-uppresningsstol-avslappningsstol-med-uppresningshjalp-inkl-fjarrkontroll-mugg-hallare-justerbar-ryggstod-brun\/","name":"TRUUSK Uppresningsstol - Avslappningsstol med Uppresningshj\u00e4lp - Inkl. Fj\u00e4rrkontroll - Mugg H\u00e5llare - Justerbar Ryggst\u00f6d - Brun - TRUUSK - Hem, Tr\u00e4dg\u00e5rd &amp; Fritid","isPartOf":{"@id":"https:\/\/truusk.store\/sv\/#website"},"primaryImageOfPage":{"@id":"https:\/\/truusk.store\/sv\/produkt\/truusk-uppresningsstol-avslappningsstol-med-uppresningshjalp-inkl-fjarrkontroll-mugg-hallare-justerbar-ryggstod-brun\/#primaryimage"},"image":{"@id":"https:\/\/truusk.store\/sv\/produkt\/truusk-uppresningsstol-avslappningsstol-med-uppresningshjalp-inkl-fjarrkontroll-mugg-hallare-justerbar-ryggstod-brun\/#primaryimage"},"thumbnailUrl":"https:\/\/i0.wp.com\/truusk.store\/wp-content\/uploads\/2026\/01\/uppresningsstol-avslappningsstol-med-uppresningshjalp-inkl-fjarrkontroll-mugg-hallare-justerbar-ryggstod-brun-1.webp?fit=2000%2C2000&ssl=1","datePublished":"2026-01-28T05:14:31+00:00","dateModified":"2026-03-12T07:48:53+00:00","breadcrumb":{"@id":"https:\/\/truusk.store\/sv\/produkt\/truusk-uppresningsstol-avslappningsstol-med-uppresningshjalp-inkl-fjarrkontroll-mugg-hallare-justerbar-ryggstod-brun\/#breadcrumb"},"inLanguage":"sv-SE","potentialAction":[{"@type":"ReadAction","target":["https:\/\/truusk.store\/sv\/produkt\/truusk-uppresningsstol-avslappningsstol-med-uppresningshjalp-inkl-fjarrkontroll-mugg-hallare-justerbar-ryggstod-brun\/"]}]},{"@type":"ImageObject","inLanguage":"sv-SE","@id":"https:\/\/truusk.store\/sv\/produkt\/truusk-uppresningsstol-avslappningsstol-med-uppresningshjalp-inkl-fjarrkontroll-mugg-hallare-justerbar-ryggstod-brun\/#primaryimage","url":"https:\/\/i0.wp.com\/truusk.store\/wp-content\/uploads\/2026\/01\/uppresningsstol-avslappningsstol-med-uppresningshjalp-inkl-fjarrkontroll-mugg-hallare-justerbar-ryggstod-brun-1.webp?fit=2000%2C2000&ssl=1","contentUrl":"https:\/\/i0.wp.com\/truusk.store\/wp-content\/uploads\/2026\/01\/uppresningsstol-avslappningsstol-med-uppresningshjalp-inkl-fjarrkontroll-mugg-hallare-justerbar-ryggstod-brun-1.webp?fit=2000%2C2000&ssl=1","width":2000,"height":2000},{"@type":"BreadcrumbList","@id":"https:\/\/truusk.store\/sv\/produkt\/truusk-uppresningsstol-avslappningsstol-med-uppresningshjalp-inkl-fjarrkontroll-mugg-hallare-justerbar-ryggstod-brun\/#breadcrumb","itemListElement":[{"@type":"ListItem","position":1,"name":"Home","item":"https:\/\/truusk.store\/sv\/"},{"@type":"ListItem","position":2,"name":"Shop","item":"https:\/\/truusk.store\/shop\/"},{"@type":"ListItem","position":3,"name":"TRUUSK Uppresningsstol &#8211; Avslappningsstol med Uppresningshj\u00e4lp &#8211; Inkl. Fj\u00e4rrkontroll &#8211; Mugg H\u00e5llare &#8211; Justerbar Ryggst\u00f6d &#8211; Brun"}]},{"@type":"WebSite","@id":"https:\/\/truusk.store\/sv\/#website","url":"https:\/\/truusk.store\/sv\/","name":"TRUUSK - Hem, Tr\u00e4dg\u00e5rd & Fritid","description":"","publisher":{"@id":"https:\/\/truusk.store\/sv\/#organization"},"potentialAction":[{"@type":"SearchAction","target":{"@type":"EntryPoint","urlTemplate":"https:\/\/truusk.store\/sv\/?s={search_term_string}"},"query-input":{"@type":"PropertyValueSpecification","valueRequired":true,"valueName":"search_term_string"}}],"inLanguage":"sv-SE"},{"@type":"Organization","@id":"https:\/\/truusk.store\/sv\/#organization","name":"TRUUSK - Hem, Tr\u00e4dg\u00e5rd & Fritid","url":"https:\/\/truusk.store\/sv\/","logo":{"@type":"ImageObject","inLanguage":"sv-SE","@id":"https:\/\/truusk.store\/sv\/#\/schema\/logo\/image\/","url":"https:\/\/i0.wp.com\/truusk.store\/wp-content\/uploads\/2026\/03\/cropped-TRUUSK.png?fit=2032%2C917&ssl=1","contentUrl":"https:\/\/i0.wp.com\/truusk.store\/wp-content\/uploads\/2026\/03\/cropped-TRUUSK.png?fit=2032%2C917&ssl=1","width":2032,"height":917,"caption":"TRUUSK - Hem, Tr\u00e4dg\u00e5rd & Fritid"},"image":{"@id":"https:\/\/truusk.store\/sv\/#\/schema\/logo\/image\/"}}]}},"jetpack_sharing_enabled":true,"_links":{"self":[{"href":"https:\/\/truusk.store\/sv\/wp-json\/wp\/v2\/product\/101868","targetHints":{"allow":["GET"]}}],"collection":[{"href":"https:\/\/truusk.store\/sv\/wp-json\/wp\/v2\/product"}],"about":[{"href":"https:\/\/truusk.store\/sv\/wp-json\/wp\/v2\/types\/product"}],"wp:featuredmedia":[{"embeddable":true,"href":"https:\/\/truusk.store\/sv\/wp-json\/wp\/v2\/media\/101859"}],"wp:attachment":[{"href":"https:\/\/truusk.store\/sv\/wp-json\/wp\/v2\/media?parent=101868"}],"wp:term":[{"taxonomy":"product_brand","embeddable":true,"href":"https:\/\/truusk.store\/sv\/wp-json\/wp\/v2\/product_brand?post=101868"},{"taxonomy":"product_cat","embeddable":true,"href":"https:\/\/truusk.store\/sv\/wp-json\/wp\/v2\/product_cat?post=101868"},{"taxonomy":"product_tag","embeddable":true,"href":"https:\/\/truusk.store\/sv\/wp-json\/wp\/v2\/product_tag?post=101868"}],"curies":[{"name":"wp","href":"https:\/\/api.w.org\/{rel}","templated":true}]}}