{"id":101878,"date":"2026-01-28T06:15:32","date_gmt":"2026-01-28T05:15:32","guid":{"rendered":"https:\/\/truusk.store\/product\/badrumsspegel-50-x-60-cm-vagg-spegel-med-hylla-badrumsspegel-for-entre-hall-vit\/"},"modified":"2026-03-12T08:48:53","modified_gmt":"2026-03-12T07:48:53","slug":"truusk-badrumsspegel-50-x-60-cm-vagg-spegel-med-hylla-for-entre-hall-vit","status":"publish","type":"product","link":"https:\/\/truusk.store\/sv\/produkt\/truusk-badrumsspegel-50-x-60-cm-vagg-spegel-med-hylla-for-entre-hall-vit\/","title":{"rendered":"TRUUSK Badrumsspegel 50 x 60 cm &#8211; V\u00e4gg Spegel med Hylla &#8211; F\u00f6r Entr\u00e9, Hall &#8211; Vit"},"content":{"rendered":"<p>En \u00f6verfull entr\u00e9 med nycklar och post skapar kaos. Den dagliga oordningen g\u00f6r det sv\u00e5rt att hitta n\u00f6dv\u00e4ndiga saker och st\u00f6r hemmets lugn. [BRAND NAME] badrumsspegel med inbyggd hylla organiserar v\u00e4sentliga tillbeh\u00f6r och den stora spegelytan ljusar upp rummet, vilket skapar en inbjudande, ordnad atmosf\u00e4r n\u00e4r du kommer hem.<\/p>\n<p>Beskrivning:<\/p>\n<ul>\n<li> En modern kombination av vitt och tr\u00e4toner berikar alla rum dekorationer<\/li>\n<li> Badrumsspegeln erbjuder en gener\u00f6s nedre hylla med m\u00e5tten 50 x 12,8 cm f\u00f6r att organisera n\u00f6dv\u00e4ndigheter<\/li>\n<li> Den stora ytan p\u00e5 50 x 60 cm ljusar upp och visuellt utvidgar ditt rum<\/li>\n<li> Tillverkad av melaminbelagd sp\u00e5nskiva f\u00f6r h\u00e5llbarhet och enkel v\u00e5rd<\/li>\n<li> Inkluderar fyra skruvar f\u00f6r s\u00e4ker v\u00e4ggmontering, vilket g\u00f6r denna badrumsspegel stabil<\/li>\n<li> Montering kr\u00e4vs<\/li>\n<\/ul>\n<p> Tekniska data:<\/p>\n<ul>\n<li> F\u00e4rg: Vit<\/li>\n<li> Material: Akryl, sp\u00e5nskiva<\/li>\n<li> Totala dimensioner: 50L x 14B x 60H cm<\/li>\n<li> Hyllm\u00e5tt: 50B x 12,8T cm<\/li>\n<\/ul>\n<p>Ing\u00e5r:<\/p>\n<ul>\n<li> 1 x Badrumsspegel<\/li>\n<li> 1 x Bruksanvisning<\/li>\n<\/ul>\n","protected":false},"excerpt":{"rendered":"<p>En \u00f6verfull entr\u00e9 med nycklar och post skapar kaos. Den dagliga oordningen g\u00f6r det sv\u00e5rt att hitta n\u00f6dv\u00e4ndiga saker och&#8230;<\/p>\n","protected":false},"featured_media":101869,"template":"","meta":[],"product_brand":[],"product_cat":[915,969,871],"product_tag":[],"class_list":{"0":"post-101878","1":"product","2":"type-product","3":"status-publish","4":"has-post-thumbnail","6":"product_cat-badrum","7":"product_cat-badrumsspegel","8":"product_cat-hus-hem","10":"first","11":"instock","12":"sale","13":"taxable","14":"shipping-taxable","15":"purchasable","16":"product-type-simple"},"yoast_head":"<!-- This site is optimized with the Yoast SEO plugin v25.4 - https:\/\/yoast.com\/wordpress\/plugins\/seo\/ -->\n<title>TRUUSK Badrumsspegel 50 x 60 cm - V\u00e4gg Spegel med Hylla - F\u00f6r Entr\u00e9, Hall - Vit - TRUUSK - Hem, Tr\u00e4dg\u00e5rd &amp; Fritid<\/title>\n<meta name=\"robots\" content=\"index, follow, max-snippet:-1, max-image-preview:large, max-video-preview:-1\" \/>\n<link rel=\"canonical\" href=\"https:\/\/truusk.store\/sv\/produkt\/truusk-badrumsspegel-50-x-60-cm-vagg-spegel-med-hylla-for-entre-hall-vit\/\" \/>\n<meta property=\"og:locale\" content=\"sv_SE\" \/>\n<meta property=\"og:type\" content=\"article\" \/>\n<meta property=\"og:title\" content=\"TRUUSK Badrumsspegel 50 x 60 cm - V\u00e4gg Spegel med Hylla - F\u00f6r Entr\u00e9, Hall - Vit - TRUUSK - Hem, Tr\u00e4dg\u00e5rd &amp; Fritid\" \/>\n<meta property=\"og:description\" content=\"En \u00f6verfull entr\u00e9 med nycklar och post skapar kaos. Den dagliga oordningen g\u00f6r det sv\u00e5rt att hitta n\u00f6dv\u00e4ndiga saker och...\" \/>\n<meta property=\"og:url\" content=\"https:\/\/truusk.store\/sv\/produkt\/truusk-badrumsspegel-50-x-60-cm-vagg-spegel-med-hylla-for-entre-hall-vit\/\" \/>\n<meta property=\"og:site_name\" content=\"TRUUSK - Hem, Tr\u00e4dg\u00e5rd &amp; Fritid\" \/>\n<meta property=\"article:modified_time\" content=\"2026-03-12T07:48:53+00:00\" \/>\n<meta property=\"og:image\" content=\"https:\/\/i0.wp.com\/truusk.se\/wp-content\/uploads\/2026\/01\/badrumsspegel-50-x-60-cm-vagg-spegel-med-hylla-badrumsspegel-for-entre-hall-vit-1.webp?fit=2000%2C2000&ssl=1\" \/>\n\t<meta property=\"og:image:width\" content=\"2000\" \/>\n\t<meta property=\"og:image:height\" content=\"2000\" \/>\n\t<meta property=\"og:image:type\" content=\"image\/webp\" \/>\n<meta name=\"twitter:card\" content=\"summary_large_image\" \/>\n<meta name=\"twitter:label1\" content=\"Ber\u00e4knad l\u00e4stid\" \/>\n\t<meta name=\"twitter:data1\" content=\"1 minut\" \/>\n<!-- \/ Yoast SEO plugin. -->","yoast_head_json":{"title":"TRUUSK Badrumsspegel 50 x 60 cm - V\u00e4gg Spegel med Hylla - F\u00f6r Entr\u00e9, Hall - Vit - TRUUSK - Hem, Tr\u00e4dg\u00e5rd &amp; Fritid","robots":{"index":"index","follow":"follow","max-snippet":"max-snippet:-1","max-image-preview":"max-image-preview:large","max-video-preview":"max-video-preview:-1"},"canonical":"https:\/\/truusk.store\/sv\/produkt\/truusk-badrumsspegel-50-x-60-cm-vagg-spegel-med-hylla-for-entre-hall-vit\/","og_locale":"sv_SE","og_type":"article","og_title":"TRUUSK Badrumsspegel 50 x 60 cm - V\u00e4gg Spegel med Hylla - F\u00f6r Entr\u00e9, Hall - Vit - TRUUSK - Hem, Tr\u00e4dg\u00e5rd &amp; Fritid","og_description":"En \u00f6verfull entr\u00e9 med nycklar och post skapar kaos. Den dagliga oordningen g\u00f6r det sv\u00e5rt att hitta n\u00f6dv\u00e4ndiga saker och...","og_url":"https:\/\/truusk.store\/sv\/produkt\/truusk-badrumsspegel-50-x-60-cm-vagg-spegel-med-hylla-for-entre-hall-vit\/","og_site_name":"TRUUSK - Hem, Tr\u00e4dg\u00e5rd &amp; Fritid","article_modified_time":"2026-03-12T07:48:53+00:00","og_image":[{"width":2000,"height":2000,"url":"https:\/\/i0.wp.com\/truusk.se\/wp-content\/uploads\/2026\/01\/badrumsspegel-50-x-60-cm-vagg-spegel-med-hylla-badrumsspegel-for-entre-hall-vit-1.webp?fit=2000%2C2000&ssl=1","type":"image\/webp"}],"twitter_card":"summary_large_image","twitter_misc":{"Ber\u00e4knad l\u00e4stid":"1 minut"},"schema":{"@context":"https:\/\/schema.org","@graph":[{"@type":"WebPage","@id":"https:\/\/truusk.store\/sv\/produkt\/truusk-badrumsspegel-50-x-60-cm-vagg-spegel-med-hylla-for-entre-hall-vit\/","url":"https:\/\/truusk.store\/sv\/produkt\/truusk-badrumsspegel-50-x-60-cm-vagg-spegel-med-hylla-for-entre-hall-vit\/","name":"TRUUSK Badrumsspegel 50 x 60 cm - V\u00e4gg Spegel med Hylla - F\u00f6r Entr\u00e9, Hall - Vit - TRUUSK - Hem, Tr\u00e4dg\u00e5rd &amp; Fritid","isPartOf":{"@id":"https:\/\/truusk.store\/sv\/#website"},"primaryImageOfPage":{"@id":"https:\/\/truusk.store\/sv\/produkt\/truusk-badrumsspegel-50-x-60-cm-vagg-spegel-med-hylla-for-entre-hall-vit\/#primaryimage"},"image":{"@id":"https:\/\/truusk.store\/sv\/produkt\/truusk-badrumsspegel-50-x-60-cm-vagg-spegel-med-hylla-for-entre-hall-vit\/#primaryimage"},"thumbnailUrl":"https:\/\/i0.wp.com\/truusk.store\/wp-content\/uploads\/2026\/01\/badrumsspegel-50-x-60-cm-vagg-spegel-med-hylla-badrumsspegel-for-entre-hall-vit-1.webp?fit=2000%2C2000&ssl=1","datePublished":"2026-01-28T05:15:32+00:00","dateModified":"2026-03-12T07:48:53+00:00","breadcrumb":{"@id":"https:\/\/truusk.store\/sv\/produkt\/truusk-badrumsspegel-50-x-60-cm-vagg-spegel-med-hylla-for-entre-hall-vit\/#breadcrumb"},"inLanguage":"sv-SE","potentialAction":[{"@type":"ReadAction","target":["https:\/\/truusk.store\/sv\/produkt\/truusk-badrumsspegel-50-x-60-cm-vagg-spegel-med-hylla-for-entre-hall-vit\/"]}]},{"@type":"ImageObject","inLanguage":"sv-SE","@id":"https:\/\/truusk.store\/sv\/produkt\/truusk-badrumsspegel-50-x-60-cm-vagg-spegel-med-hylla-for-entre-hall-vit\/#primaryimage","url":"https:\/\/i0.wp.com\/truusk.store\/wp-content\/uploads\/2026\/01\/badrumsspegel-50-x-60-cm-vagg-spegel-med-hylla-badrumsspegel-for-entre-hall-vit-1.webp?fit=2000%2C2000&ssl=1","contentUrl":"https:\/\/i0.wp.com\/truusk.store\/wp-content\/uploads\/2026\/01\/badrumsspegel-50-x-60-cm-vagg-spegel-med-hylla-badrumsspegel-for-entre-hall-vit-1.webp?fit=2000%2C2000&ssl=1","width":2000,"height":2000},{"@type":"BreadcrumbList","@id":"https:\/\/truusk.store\/sv\/produkt\/truusk-badrumsspegel-50-x-60-cm-vagg-spegel-med-hylla-for-entre-hall-vit\/#breadcrumb","itemListElement":[{"@type":"ListItem","position":1,"name":"Home","item":"https:\/\/truusk.store\/sv\/"},{"@type":"ListItem","position":2,"name":"Shop","item":"https:\/\/truusk.store\/shop\/"},{"@type":"ListItem","position":3,"name":"TRUUSK Badrumsspegel 50 x 60 cm &#8211; V\u00e4gg Spegel med Hylla &#8211; F\u00f6r Entr\u00e9, Hall &#8211; Vit"}]},{"@type":"WebSite","@id":"https:\/\/truusk.store\/sv\/#website","url":"https:\/\/truusk.store\/sv\/","name":"TRUUSK - Hem, Tr\u00e4dg\u00e5rd & Fritid","description":"","publisher":{"@id":"https:\/\/truusk.store\/sv\/#organization"},"potentialAction":[{"@type":"SearchAction","target":{"@type":"EntryPoint","urlTemplate":"https:\/\/truusk.store\/sv\/?s={search_term_string}"},"query-input":{"@type":"PropertyValueSpecification","valueRequired":true,"valueName":"search_term_string"}}],"inLanguage":"sv-SE"},{"@type":"Organization","@id":"https:\/\/truusk.store\/sv\/#organization","name":"TRUUSK - Hem, Tr\u00e4dg\u00e5rd & Fritid","url":"https:\/\/truusk.store\/sv\/","logo":{"@type":"ImageObject","inLanguage":"sv-SE","@id":"https:\/\/truusk.store\/sv\/#\/schema\/logo\/image\/","url":"https:\/\/i0.wp.com\/truusk.store\/wp-content\/uploads\/2026\/03\/cropped-TRUUSK.png?fit=2032%2C917&ssl=1","contentUrl":"https:\/\/i0.wp.com\/truusk.store\/wp-content\/uploads\/2026\/03\/cropped-TRUUSK.png?fit=2032%2C917&ssl=1","width":2032,"height":917,"caption":"TRUUSK - Hem, Tr\u00e4dg\u00e5rd & Fritid"},"image":{"@id":"https:\/\/truusk.store\/sv\/#\/schema\/logo\/image\/"}}]}},"jetpack_sharing_enabled":true,"_links":{"self":[{"href":"https:\/\/truusk.store\/sv\/wp-json\/wp\/v2\/product\/101878","targetHints":{"allow":["GET"]}}],"collection":[{"href":"https:\/\/truusk.store\/sv\/wp-json\/wp\/v2\/product"}],"about":[{"href":"https:\/\/truusk.store\/sv\/wp-json\/wp\/v2\/types\/product"}],"wp:featuredmedia":[{"embeddable":true,"href":"https:\/\/truusk.store\/sv\/wp-json\/wp\/v2\/media\/101869"}],"wp:attachment":[{"href":"https:\/\/truusk.store\/sv\/wp-json\/wp\/v2\/media?parent=101878"}],"wp:term":[{"taxonomy":"product_brand","embeddable":true,"href":"https:\/\/truusk.store\/sv\/wp-json\/wp\/v2\/product_brand?post=101878"},{"taxonomy":"product_cat","embeddable":true,"href":"https:\/\/truusk.store\/sv\/wp-json\/wp\/v2\/product_cat?post=101878"},{"taxonomy":"product_tag","embeddable":true,"href":"https:\/\/truusk.store\/sv\/wp-json\/wp\/v2\/product_tag?post=101878"}],"curies":[{"name":"wp","href":"https:\/\/api.w.org\/{rel}","templated":true}]}}