{"id":101888,"date":"2026-01-28T06:16:31","date_gmt":"2026-01-28T05:16:31","guid":{"rendered":"https:\/\/truusk.store\/product\/badrumsskap-smalt-badskap-med-5-lador-for-badrum-30-x-30-x-95-cm-vit\/"},"modified":"2026-03-12T08:48:53","modified_gmt":"2026-03-12T07:48:53","slug":"truusk-badrumsskap-smalt-5-lador-30-x-30-x-95-cm-vit-for-badrum","status":"publish","type":"product","link":"https:\/\/truusk.store\/sv\/produkt\/truusk-badrumsskap-smalt-5-lador-30-x-30-x-95-cm-vit-for-badrum\/","title":{"rendered":"TRUUSK Badrumssk\u00e5p Smalt &#8211; 5 L\u00e5dor &#8211; 30 x 30 x 95 cm &#8211; Vit &#8211; F\u00f6r Badrum"},"content":{"rendered":"<p>[BRAND NAME]-badrumssk\u00e5pet \u00e4r din tysta hj\u00e4lpare n\u00e4r oordning tar \u00f6ver. Toalettartiklar staplas upp, handdukar f\u00f6rsvinner och ytor verkar \u00f6verbelastade. Med fem smidiga l\u00e5dor skapar detta sk\u00e5p ordning och f\u00f6rvarar allt inom r\u00e4ckh\u00e5ll. Det eleganta vita designen p\u00e5 f\u00f6rvaringssk\u00e5pet med silverhandtag ger ditt badrum en lugn, fr\u00e4sch atmosf\u00e4r som ger gl\u00e4dje varje dag.<\/p>\n<p>Beskrivning:<\/p>\n<ul>\n<li> Fem l\u00e5dor h\u00e5ller badrumstillbeh\u00f6r snyggt f\u00f6rvarade och organiserade<\/li>\n<li> Fr\u00e4sch vit finish och silverhandtag ger ett rent, modernt utseende<\/li>\n<li> M\u00e5ngsidigt badrumssk\u00e5p passar enkelt in i badrum, sovrum, korridorer eller vardagsrum<\/li>\n<li> Tipp-skyddssatser f\u00f6r badrumssk\u00e5pet \u00f6kar s\u00e4kerheten f\u00f6r familjer i en hektisk vardag<\/li>\n<li> Justerbara f\u00f6tter ger stabilitet p\u00e5 oj\u00e4mna golv f\u00f6r s\u00e4ker anv\u00e4ndning<\/li>\n<li> FSC-certifierad sp\u00e5nskiva representerar h\u00e5llbar utveckling<\/li>\n<li> Melamin yta \u00e4r l\u00e4tt att torka av och underl\u00e4ttar underh\u00e5ll i en hektisk vardag<\/li>\n<li> Montering kr\u00e4vs<\/li>\n<\/ul>\n<p> Tekniska specifikationer:<\/p>\n<ul>\n<li> F\u00e4rg: Vit<\/li>\n<li> Material: Sp\u00e5nskiva<\/li>\n<li> Totala dimensioner: 30B x 30B x 95H cm<\/li>\n<li> Inre l\u00e5dm\u00e5tt: 22,3B x 23,7T x 8,3H cm<\/li>\n<li> Maximal belastning: 20 kg (totalt), 5 kg (\u00f6vre), 3 kg (l\u00e5da)<\/li>\n<\/ul>\n<p>Ing\u00e5r i leveransen:<\/p>\n<ul>\n<li> 1 x Badrumssk\u00e5p<\/li>\n<li> 1 x Instruktioner<\/li>\n<\/ul>\n","protected":false},"excerpt":{"rendered":"<p>[BRAND NAME]-badrumssk\u00e5pet \u00e4r din tysta hj\u00e4lpare n\u00e4r oordning tar \u00f6ver. Toalettartiklar staplas upp, handdukar f\u00f6rsvinner och ytor verkar \u00f6verbelastade. Med&#8230;<\/p>\n","protected":false},"featured_media":101879,"template":"","meta":[],"product_brand":[],"product_cat":[915,535,871],"product_tag":[],"class_list":{"0":"post-101888","1":"product","2":"type-product","3":"status-publish","4":"has-post-thumbnail","6":"product_cat-badrum","7":"product_cat-badrumsskap","8":"product_cat-hus-hem","10":"first","11":"instock","12":"sale","13":"taxable","14":"shipping-taxable","15":"purchasable","16":"product-type-simple"},"yoast_head":"<!-- This site is optimized with the Yoast SEO plugin v25.4 - https:\/\/yoast.com\/wordpress\/plugins\/seo\/ -->\n<title>TRUUSK Badrumssk\u00e5p Smalt - 5 L\u00e5dor - 30 x 30 x 95 cm - Vit - F\u00f6r Badrum - TRUUSK - Hem, Tr\u00e4dg\u00e5rd &amp; Fritid<\/title>\n<meta name=\"robots\" content=\"index, follow, max-snippet:-1, max-image-preview:large, max-video-preview:-1\" \/>\n<link rel=\"canonical\" href=\"https:\/\/truusk.store\/sv\/produkt\/truusk-badrumsskap-smalt-5-lador-30-x-30-x-95-cm-vit-for-badrum\/\" \/>\n<meta property=\"og:locale\" content=\"sv_SE\" \/>\n<meta property=\"og:type\" content=\"article\" \/>\n<meta property=\"og:title\" content=\"TRUUSK Badrumssk\u00e5p Smalt - 5 L\u00e5dor - 30 x 30 x 95 cm - Vit - F\u00f6r Badrum - TRUUSK - Hem, Tr\u00e4dg\u00e5rd &amp; Fritid\" \/>\n<meta property=\"og:description\" content=\"[BRAND NAME]-badrumssk\u00e5pet \u00e4r din tysta hj\u00e4lpare n\u00e4r oordning tar \u00f6ver. Toalettartiklar staplas upp, handdukar f\u00f6rsvinner och ytor verkar \u00f6verbelastade. Med...\" \/>\n<meta property=\"og:url\" content=\"https:\/\/truusk.store\/sv\/produkt\/truusk-badrumsskap-smalt-5-lador-30-x-30-x-95-cm-vit-for-badrum\/\" \/>\n<meta property=\"og:site_name\" content=\"TRUUSK - Hem, Tr\u00e4dg\u00e5rd &amp; Fritid\" \/>\n<meta property=\"article:modified_time\" content=\"2026-03-12T07:48:53+00:00\" \/>\n<meta property=\"og:image\" content=\"https:\/\/i0.wp.com\/truusk.se\/wp-content\/uploads\/2026\/01\/badrumsskap-smalt-badskap-med-5-lador-for-badrum-30-x-30-x-95-cm-vit-1.webp?fit=2000%2C2000&ssl=1\" \/>\n\t<meta property=\"og:image:width\" content=\"2000\" \/>\n\t<meta property=\"og:image:height\" content=\"2000\" \/>\n\t<meta property=\"og:image:type\" content=\"image\/webp\" \/>\n<meta name=\"twitter:card\" content=\"summary_large_image\" \/>\n<meta name=\"twitter:label1\" content=\"Ber\u00e4knad l\u00e4stid\" \/>\n\t<meta name=\"twitter:data1\" content=\"1 minut\" \/>\n<!-- \/ Yoast SEO plugin. -->","yoast_head_json":{"title":"TRUUSK Badrumssk\u00e5p Smalt - 5 L\u00e5dor - 30 x 30 x 95 cm - Vit - F\u00f6r Badrum - TRUUSK - Hem, Tr\u00e4dg\u00e5rd &amp; Fritid","robots":{"index":"index","follow":"follow","max-snippet":"max-snippet:-1","max-image-preview":"max-image-preview:large","max-video-preview":"max-video-preview:-1"},"canonical":"https:\/\/truusk.store\/sv\/produkt\/truusk-badrumsskap-smalt-5-lador-30-x-30-x-95-cm-vit-for-badrum\/","og_locale":"sv_SE","og_type":"article","og_title":"TRUUSK Badrumssk\u00e5p Smalt - 5 L\u00e5dor - 30 x 30 x 95 cm - Vit - F\u00f6r Badrum - TRUUSK - Hem, Tr\u00e4dg\u00e5rd &amp; Fritid","og_description":"[BRAND NAME]-badrumssk\u00e5pet \u00e4r din tysta hj\u00e4lpare n\u00e4r oordning tar \u00f6ver. Toalettartiklar staplas upp, handdukar f\u00f6rsvinner och ytor verkar \u00f6verbelastade. Med...","og_url":"https:\/\/truusk.store\/sv\/produkt\/truusk-badrumsskap-smalt-5-lador-30-x-30-x-95-cm-vit-for-badrum\/","og_site_name":"TRUUSK - Hem, Tr\u00e4dg\u00e5rd &amp; Fritid","article_modified_time":"2026-03-12T07:48:53+00:00","og_image":[{"width":2000,"height":2000,"url":"https:\/\/i0.wp.com\/truusk.se\/wp-content\/uploads\/2026\/01\/badrumsskap-smalt-badskap-med-5-lador-for-badrum-30-x-30-x-95-cm-vit-1.webp?fit=2000%2C2000&ssl=1","type":"image\/webp"}],"twitter_card":"summary_large_image","twitter_misc":{"Ber\u00e4knad l\u00e4stid":"1 minut"},"schema":{"@context":"https:\/\/schema.org","@graph":[{"@type":"WebPage","@id":"https:\/\/truusk.store\/sv\/produkt\/truusk-badrumsskap-smalt-5-lador-30-x-30-x-95-cm-vit-for-badrum\/","url":"https:\/\/truusk.store\/sv\/produkt\/truusk-badrumsskap-smalt-5-lador-30-x-30-x-95-cm-vit-for-badrum\/","name":"TRUUSK Badrumssk\u00e5p Smalt - 5 L\u00e5dor - 30 x 30 x 95 cm - Vit - F\u00f6r Badrum - TRUUSK - Hem, Tr\u00e4dg\u00e5rd &amp; Fritid","isPartOf":{"@id":"https:\/\/truusk.store\/sv\/#website"},"primaryImageOfPage":{"@id":"https:\/\/truusk.store\/sv\/produkt\/truusk-badrumsskap-smalt-5-lador-30-x-30-x-95-cm-vit-for-badrum\/#primaryimage"},"image":{"@id":"https:\/\/truusk.store\/sv\/produkt\/truusk-badrumsskap-smalt-5-lador-30-x-30-x-95-cm-vit-for-badrum\/#primaryimage"},"thumbnailUrl":"https:\/\/i0.wp.com\/truusk.store\/wp-content\/uploads\/2026\/01\/badrumsskap-smalt-badskap-med-5-lador-for-badrum-30-x-30-x-95-cm-vit-1.webp?fit=2000%2C2000&ssl=1","datePublished":"2026-01-28T05:16:31+00:00","dateModified":"2026-03-12T07:48:53+00:00","breadcrumb":{"@id":"https:\/\/truusk.store\/sv\/produkt\/truusk-badrumsskap-smalt-5-lador-30-x-30-x-95-cm-vit-for-badrum\/#breadcrumb"},"inLanguage":"sv-SE","potentialAction":[{"@type":"ReadAction","target":["https:\/\/truusk.store\/sv\/produkt\/truusk-badrumsskap-smalt-5-lador-30-x-30-x-95-cm-vit-for-badrum\/"]}]},{"@type":"ImageObject","inLanguage":"sv-SE","@id":"https:\/\/truusk.store\/sv\/produkt\/truusk-badrumsskap-smalt-5-lador-30-x-30-x-95-cm-vit-for-badrum\/#primaryimage","url":"https:\/\/i0.wp.com\/truusk.store\/wp-content\/uploads\/2026\/01\/badrumsskap-smalt-badskap-med-5-lador-for-badrum-30-x-30-x-95-cm-vit-1.webp?fit=2000%2C2000&ssl=1","contentUrl":"https:\/\/i0.wp.com\/truusk.store\/wp-content\/uploads\/2026\/01\/badrumsskap-smalt-badskap-med-5-lador-for-badrum-30-x-30-x-95-cm-vit-1.webp?fit=2000%2C2000&ssl=1","width":2000,"height":2000},{"@type":"BreadcrumbList","@id":"https:\/\/truusk.store\/sv\/produkt\/truusk-badrumsskap-smalt-5-lador-30-x-30-x-95-cm-vit-for-badrum\/#breadcrumb","itemListElement":[{"@type":"ListItem","position":1,"name":"Home","item":"https:\/\/truusk.store\/sv\/"},{"@type":"ListItem","position":2,"name":"Shop","item":"https:\/\/truusk.store\/shop\/"},{"@type":"ListItem","position":3,"name":"TRUUSK Badrumssk\u00e5p Smalt &#8211; 5 L\u00e5dor &#8211; 30 x 30 x 95 cm &#8211; Vit &#8211; F\u00f6r Badrum"}]},{"@type":"WebSite","@id":"https:\/\/truusk.store\/sv\/#website","url":"https:\/\/truusk.store\/sv\/","name":"TRUUSK - Hem, Tr\u00e4dg\u00e5rd & Fritid","description":"","publisher":{"@id":"https:\/\/truusk.store\/sv\/#organization"},"potentialAction":[{"@type":"SearchAction","target":{"@type":"EntryPoint","urlTemplate":"https:\/\/truusk.store\/sv\/?s={search_term_string}"},"query-input":{"@type":"PropertyValueSpecification","valueRequired":true,"valueName":"search_term_string"}}],"inLanguage":"sv-SE"},{"@type":"Organization","@id":"https:\/\/truusk.store\/sv\/#organization","name":"TRUUSK - Hem, Tr\u00e4dg\u00e5rd & Fritid","url":"https:\/\/truusk.store\/sv\/","logo":{"@type":"ImageObject","inLanguage":"sv-SE","@id":"https:\/\/truusk.store\/sv\/#\/schema\/logo\/image\/","url":"https:\/\/i0.wp.com\/truusk.store\/wp-content\/uploads\/2026\/03\/cropped-TRUUSK.png?fit=2032%2C917&ssl=1","contentUrl":"https:\/\/i0.wp.com\/truusk.store\/wp-content\/uploads\/2026\/03\/cropped-TRUUSK.png?fit=2032%2C917&ssl=1","width":2032,"height":917,"caption":"TRUUSK - Hem, Tr\u00e4dg\u00e5rd & Fritid"},"image":{"@id":"https:\/\/truusk.store\/sv\/#\/schema\/logo\/image\/"}}]}},"jetpack_sharing_enabled":true,"_links":{"self":[{"href":"https:\/\/truusk.store\/sv\/wp-json\/wp\/v2\/product\/101888","targetHints":{"allow":["GET"]}}],"collection":[{"href":"https:\/\/truusk.store\/sv\/wp-json\/wp\/v2\/product"}],"about":[{"href":"https:\/\/truusk.store\/sv\/wp-json\/wp\/v2\/types\/product"}],"wp:featuredmedia":[{"embeddable":true,"href":"https:\/\/truusk.store\/sv\/wp-json\/wp\/v2\/media\/101879"}],"wp:attachment":[{"href":"https:\/\/truusk.store\/sv\/wp-json\/wp\/v2\/media?parent=101888"}],"wp:term":[{"taxonomy":"product_brand","embeddable":true,"href":"https:\/\/truusk.store\/sv\/wp-json\/wp\/v2\/product_brand?post=101888"},{"taxonomy":"product_cat","embeddable":true,"href":"https:\/\/truusk.store\/sv\/wp-json\/wp\/v2\/product_cat?post=101888"},{"taxonomy":"product_tag","embeddable":true,"href":"https:\/\/truusk.store\/sv\/wp-json\/wp\/v2\/product_tag?post=101888"}],"curies":[{"name":"wp","href":"https:\/\/api.w.org\/{rel}","templated":true}]}}