{"id":101898,"date":"2026-01-28T06:17:23","date_gmt":"2026-01-28T05:17:23","guid":{"rendered":"https:\/\/truusk.store\/product\/automatisk-bollkastare-interaktiv-bollkastmaskin-med-3-bollar-3-distanser-6m-10m-14m-for-sma-till-medelstora-hundar-gron\/"},"modified":"2026-03-12T08:48:56","modified_gmt":"2026-03-12T07:48:56","slug":"truusk-automatisk-bollkastare-interaktiv-bollkastmaskin-3-bollar-3-distanser-for-sma-till-medelstora-hundar-gron","status":"publish","type":"product","link":"https:\/\/truusk.store\/sv\/produkt\/truusk-automatisk-bollkastare-interaktiv-bollkastmaskin-3-bollar-3-distanser-for-sma-till-medelstora-hundar-gron\/","title":{"rendered":"TRUUSK Automatisk Bollkastare &#8211; Interaktiv Bollkastmaskin &#8211; 3 Bollar &#8211; 3 Distanser &#8211; F\u00f6r Sm\u00e5 Till Medelstora Hundar &#8211; Gr\u00f6n"},"content":{"rendered":"<p>Med den automatiska hundbollskastaren fr\u00e5n [BRAND NAME] h\u00e5ller din fyrbenta v\u00e4n sig glad och aktiv. Den ger o\u00e4ndligt med lekgl\u00e4dje, \u00e4ven n\u00e4r du har lite tid. Tack vare justerbar kastl\u00e4ngd, ett 6600-mAh-batteri, tyst drift och robusta 5,8 cm stora ETPU-bollar garanteras s\u00e4kert och sp\u00e4nnande spel. Den automatiska avst\u00e4ngningsfunktionen efter 30 minuter sparar str\u00f6m f\u00f6r n\u00e4sta spel och ser till att din hund underh\u00e5lls utan anstr\u00e4ngning varje dag.<\/p>\n<p>Beskrivning:<\/p>\n<ul>\n<li> H\u00e5ller din hund upptagen och aktiv och ger dig ett gott samvete n\u00e4r du har mycket att g\u00f6ra<\/li>\n<li> Erbjuder tre kastl\u00e4ngder och ett slumpm\u00e4ssigt l\u00e4ge f\u00f6r varierande spelgl\u00e4dje<\/li>\n<li> Det 6600-mAh-batteriet m\u00f6jligg\u00f6r upp till 3000 kast f\u00f6r l\u00e5ngvarig, tr\u00e5dl\u00f6s lekgl\u00e4dje<\/li>\n<li> Den automatiska s\u00f6mnmodusen st\u00e4nger av sig efter 30 minuters inaktivitet och sparar effektivt batterikraft<\/li>\n<li> Kastar bara n\u00e4r en boll uppt\u00e4cks &#8211; den tysta driften hj\u00e4lper ocks\u00e5 r\u00e4dda hundar att leka<\/li>\n<li> Inkluderar 3 robusta ETPU-bollar i den idealiska storleken f\u00f6r sm\u00e5 till medelstora hundar<\/li>\n<li> Ingen montering kr\u00e4vs, redo att anv\u00e4ndas direkt<\/li>\n<\/ul>\n<p> Tekniska data:<\/p>\n<ul>\n<li> F\u00e4rg: Gr\u00f6n<\/li>\n<li> Material: ABS<\/li>\n<li> Totala m\u00e5tt: 25,9 L x 27,1 B x 21,4 H cm<\/li>\n<li> Bollstorlek: Diameter 5,8 cm<\/li>\n<li> Batterikapacitet: 6600 mAh<\/li>\n<li> Laddningstid: 5 timmar<\/li>\n<li> Driftljud: 70 dB<\/li>\n<li> L\u00e4mplig f\u00f6r hundstorlek: Liten\/Medel<\/li>\n<\/ul>\n<p>Leveransinneh\u00e5ll:<\/p>\n<ul>\n<li> 1 x Automatisk bollkastare f\u00f6r hundar<\/li>\n<li> 3 x ETPU-bollar<\/li>\n<li> 1 x USB-C-laddkabel<\/li>\n<li> 1 x US-n\u00e4tadapter<\/li>\n<li> 1 x Bruksanvisning<\/li>\n<\/ul>\n","protected":false},"excerpt":{"rendered":"<p>Med den automatiska hundbollskastaren fr\u00e5n [BRAND NAME] h\u00e5ller din fyrbenta v\u00e4n sig glad och aktiv. Den ger o\u00e4ndligt med lekgl\u00e4dje,&#8230;<\/p>\n","protected":false},"featured_media":101889,"template":"","meta":[],"product_brand":[],"product_cat":[878,574],"product_tag":[],"class_list":{"0":"post-101898","1":"product","2":"type-product","3":"status-publish","4":"has-post-thumbnail","6":"product_cat-djurbehov","7":"product_cat-hundtillbehor","9":"first","10":"instock","11":"sale","12":"taxable","13":"shipping-taxable","14":"purchasable","15":"product-type-simple"},"yoast_head":"<!-- This site is optimized with the Yoast SEO plugin v25.4 - https:\/\/yoast.com\/wordpress\/plugins\/seo\/ -->\n<title>TRUUSK Automatisk Bollkastare - Interaktiv Bollkastmaskin - 3 Bollar - 3 Distanser - F\u00f6r Sm\u00e5 Till Medelstora Hundar - Gr\u00f6n - TRUUSK - Hem, Tr\u00e4dg\u00e5rd &amp; Fritid<\/title>\n<meta name=\"robots\" content=\"index, follow, max-snippet:-1, max-image-preview:large, max-video-preview:-1\" \/>\n<link rel=\"canonical\" href=\"https:\/\/truusk.store\/sv\/produkt\/truusk-automatisk-bollkastare-interaktiv-bollkastmaskin-3-bollar-3-distanser-for-sma-till-medelstora-hundar-gron\/\" \/>\n<meta property=\"og:locale\" content=\"sv_SE\" \/>\n<meta property=\"og:type\" content=\"article\" \/>\n<meta property=\"og:title\" content=\"TRUUSK Automatisk Bollkastare - Interaktiv Bollkastmaskin - 3 Bollar - 3 Distanser - F\u00f6r Sm\u00e5 Till Medelstora Hundar - Gr\u00f6n - TRUUSK - Hem, Tr\u00e4dg\u00e5rd &amp; Fritid\" \/>\n<meta property=\"og:description\" content=\"Med den automatiska hundbollskastaren fr\u00e5n [BRAND NAME] h\u00e5ller din fyrbenta v\u00e4n sig glad och aktiv. Den ger o\u00e4ndligt med lekgl\u00e4dje,...\" \/>\n<meta property=\"og:url\" content=\"https:\/\/truusk.store\/sv\/produkt\/truusk-automatisk-bollkastare-interaktiv-bollkastmaskin-3-bollar-3-distanser-for-sma-till-medelstora-hundar-gron\/\" \/>\n<meta property=\"og:site_name\" content=\"TRUUSK - Hem, Tr\u00e4dg\u00e5rd &amp; Fritid\" \/>\n<meta property=\"article:modified_time\" content=\"2026-03-12T07:48:56+00:00\" \/>\n<meta property=\"og:image\" content=\"https:\/\/i0.wp.com\/truusk.se\/wp-content\/uploads\/2026\/01\/automatisk-bollkastare-interaktiv-bollkastmaskin-med-3-bollar-3-distanser-6m-10m-14m-for-sma-till-medelstora-hundar-gron-1.webp?fit=2000%2C2000&ssl=1\" \/>\n\t<meta property=\"og:image:width\" content=\"2000\" \/>\n\t<meta property=\"og:image:height\" content=\"2000\" \/>\n\t<meta property=\"og:image:type\" content=\"image\/webp\" \/>\n<meta name=\"twitter:card\" content=\"summary_large_image\" \/>\n<meta name=\"twitter:label1\" content=\"Ber\u00e4knad l\u00e4stid\" \/>\n\t<meta name=\"twitter:data1\" content=\"1 minut\" \/>\n<!-- \/ Yoast SEO plugin. -->","yoast_head_json":{"title":"TRUUSK Automatisk Bollkastare - Interaktiv Bollkastmaskin - 3 Bollar - 3 Distanser - F\u00f6r Sm\u00e5 Till Medelstora Hundar - Gr\u00f6n - TRUUSK - Hem, Tr\u00e4dg\u00e5rd &amp; Fritid","robots":{"index":"index","follow":"follow","max-snippet":"max-snippet:-1","max-image-preview":"max-image-preview:large","max-video-preview":"max-video-preview:-1"},"canonical":"https:\/\/truusk.store\/sv\/produkt\/truusk-automatisk-bollkastare-interaktiv-bollkastmaskin-3-bollar-3-distanser-for-sma-till-medelstora-hundar-gron\/","og_locale":"sv_SE","og_type":"article","og_title":"TRUUSK Automatisk Bollkastare - Interaktiv Bollkastmaskin - 3 Bollar - 3 Distanser - F\u00f6r Sm\u00e5 Till Medelstora Hundar - Gr\u00f6n - TRUUSK - Hem, Tr\u00e4dg\u00e5rd &amp; Fritid","og_description":"Med den automatiska hundbollskastaren fr\u00e5n [BRAND NAME] h\u00e5ller din fyrbenta v\u00e4n sig glad och aktiv. Den ger o\u00e4ndligt med lekgl\u00e4dje,...","og_url":"https:\/\/truusk.store\/sv\/produkt\/truusk-automatisk-bollkastare-interaktiv-bollkastmaskin-3-bollar-3-distanser-for-sma-till-medelstora-hundar-gron\/","og_site_name":"TRUUSK - Hem, Tr\u00e4dg\u00e5rd &amp; Fritid","article_modified_time":"2026-03-12T07:48:56+00:00","og_image":[{"width":2000,"height":2000,"url":"https:\/\/i0.wp.com\/truusk.se\/wp-content\/uploads\/2026\/01\/automatisk-bollkastare-interaktiv-bollkastmaskin-med-3-bollar-3-distanser-6m-10m-14m-for-sma-till-medelstora-hundar-gron-1.webp?fit=2000%2C2000&ssl=1","type":"image\/webp"}],"twitter_card":"summary_large_image","twitter_misc":{"Ber\u00e4knad l\u00e4stid":"1 minut"},"schema":{"@context":"https:\/\/schema.org","@graph":[{"@type":"WebPage","@id":"https:\/\/truusk.store\/sv\/produkt\/truusk-automatisk-bollkastare-interaktiv-bollkastmaskin-3-bollar-3-distanser-for-sma-till-medelstora-hundar-gron\/","url":"https:\/\/truusk.store\/sv\/produkt\/truusk-automatisk-bollkastare-interaktiv-bollkastmaskin-3-bollar-3-distanser-for-sma-till-medelstora-hundar-gron\/","name":"TRUUSK Automatisk Bollkastare - Interaktiv Bollkastmaskin - 3 Bollar - 3 Distanser - F\u00f6r Sm\u00e5 Till Medelstora Hundar - Gr\u00f6n - TRUUSK - Hem, Tr\u00e4dg\u00e5rd &amp; Fritid","isPartOf":{"@id":"https:\/\/truusk.store\/sv\/#website"},"primaryImageOfPage":{"@id":"https:\/\/truusk.store\/sv\/produkt\/truusk-automatisk-bollkastare-interaktiv-bollkastmaskin-3-bollar-3-distanser-for-sma-till-medelstora-hundar-gron\/#primaryimage"},"image":{"@id":"https:\/\/truusk.store\/sv\/produkt\/truusk-automatisk-bollkastare-interaktiv-bollkastmaskin-3-bollar-3-distanser-for-sma-till-medelstora-hundar-gron\/#primaryimage"},"thumbnailUrl":"https:\/\/i0.wp.com\/truusk.store\/wp-content\/uploads\/2026\/01\/automatisk-bollkastare-interaktiv-bollkastmaskin-med-3-bollar-3-distanser-6m-10m-14m-for-sma-till-medelstora-hundar-gron-1.webp?fit=2000%2C2000&ssl=1","datePublished":"2026-01-28T05:17:23+00:00","dateModified":"2026-03-12T07:48:56+00:00","breadcrumb":{"@id":"https:\/\/truusk.store\/sv\/produkt\/truusk-automatisk-bollkastare-interaktiv-bollkastmaskin-3-bollar-3-distanser-for-sma-till-medelstora-hundar-gron\/#breadcrumb"},"inLanguage":"sv-SE","potentialAction":[{"@type":"ReadAction","target":["https:\/\/truusk.store\/sv\/produkt\/truusk-automatisk-bollkastare-interaktiv-bollkastmaskin-3-bollar-3-distanser-for-sma-till-medelstora-hundar-gron\/"]}]},{"@type":"ImageObject","inLanguage":"sv-SE","@id":"https:\/\/truusk.store\/sv\/produkt\/truusk-automatisk-bollkastare-interaktiv-bollkastmaskin-3-bollar-3-distanser-for-sma-till-medelstora-hundar-gron\/#primaryimage","url":"https:\/\/i0.wp.com\/truusk.store\/wp-content\/uploads\/2026\/01\/automatisk-bollkastare-interaktiv-bollkastmaskin-med-3-bollar-3-distanser-6m-10m-14m-for-sma-till-medelstora-hundar-gron-1.webp?fit=2000%2C2000&ssl=1","contentUrl":"https:\/\/i0.wp.com\/truusk.store\/wp-content\/uploads\/2026\/01\/automatisk-bollkastare-interaktiv-bollkastmaskin-med-3-bollar-3-distanser-6m-10m-14m-for-sma-till-medelstora-hundar-gron-1.webp?fit=2000%2C2000&ssl=1","width":2000,"height":2000},{"@type":"BreadcrumbList","@id":"https:\/\/truusk.store\/sv\/produkt\/truusk-automatisk-bollkastare-interaktiv-bollkastmaskin-3-bollar-3-distanser-for-sma-till-medelstora-hundar-gron\/#breadcrumb","itemListElement":[{"@type":"ListItem","position":1,"name":"Home","item":"https:\/\/truusk.store\/sv\/"},{"@type":"ListItem","position":2,"name":"Shop","item":"https:\/\/truusk.store\/shop\/"},{"@type":"ListItem","position":3,"name":"TRUUSK Automatisk Bollkastare &#8211; Interaktiv Bollkastmaskin &#8211; 3 Bollar &#8211; 3 Distanser &#8211; F\u00f6r Sm\u00e5 Till Medelstora Hundar &#8211; Gr\u00f6n"}]},{"@type":"WebSite","@id":"https:\/\/truusk.store\/sv\/#website","url":"https:\/\/truusk.store\/sv\/","name":"TRUUSK - Hem, Tr\u00e4dg\u00e5rd & Fritid","description":"","publisher":{"@id":"https:\/\/truusk.store\/sv\/#organization"},"potentialAction":[{"@type":"SearchAction","target":{"@type":"EntryPoint","urlTemplate":"https:\/\/truusk.store\/sv\/?s={search_term_string}"},"query-input":{"@type":"PropertyValueSpecification","valueRequired":true,"valueName":"search_term_string"}}],"inLanguage":"sv-SE"},{"@type":"Organization","@id":"https:\/\/truusk.store\/sv\/#organization","name":"TRUUSK - Hem, Tr\u00e4dg\u00e5rd & Fritid","url":"https:\/\/truusk.store\/sv\/","logo":{"@type":"ImageObject","inLanguage":"sv-SE","@id":"https:\/\/truusk.store\/sv\/#\/schema\/logo\/image\/","url":"https:\/\/i0.wp.com\/truusk.store\/wp-content\/uploads\/2026\/03\/cropped-TRUUSK.png?fit=2032%2C917&ssl=1","contentUrl":"https:\/\/i0.wp.com\/truusk.store\/wp-content\/uploads\/2026\/03\/cropped-TRUUSK.png?fit=2032%2C917&ssl=1","width":2032,"height":917,"caption":"TRUUSK - Hem, Tr\u00e4dg\u00e5rd & Fritid"},"image":{"@id":"https:\/\/truusk.store\/sv\/#\/schema\/logo\/image\/"}}]}},"jetpack_sharing_enabled":true,"_links":{"self":[{"href":"https:\/\/truusk.store\/sv\/wp-json\/wp\/v2\/product\/101898","targetHints":{"allow":["GET"]}}],"collection":[{"href":"https:\/\/truusk.store\/sv\/wp-json\/wp\/v2\/product"}],"about":[{"href":"https:\/\/truusk.store\/sv\/wp-json\/wp\/v2\/types\/product"}],"wp:featuredmedia":[{"embeddable":true,"href":"https:\/\/truusk.store\/sv\/wp-json\/wp\/v2\/media\/101889"}],"wp:attachment":[{"href":"https:\/\/truusk.store\/sv\/wp-json\/wp\/v2\/media?parent=101898"}],"wp:term":[{"taxonomy":"product_brand","embeddable":true,"href":"https:\/\/truusk.store\/sv\/wp-json\/wp\/v2\/product_brand?post=101898"},{"taxonomy":"product_cat","embeddable":true,"href":"https:\/\/truusk.store\/sv\/wp-json\/wp\/v2\/product_cat?post=101898"},{"taxonomy":"product_tag","embeddable":true,"href":"https:\/\/truusk.store\/sv\/wp-json\/wp\/v2\/product_tag?post=101898"}],"curies":[{"name":"wp","href":"https:\/\/api.w.org\/{rel}","templated":true}]}}