{"id":101908,"date":"2026-01-28T06:18:30","date_gmt":"2026-01-28T05:18:30","guid":{"rendered":"https:\/\/truusk.store\/product\/polytunnel-vaxthus-gangbart-vaxthus-med-galvaniserad-stalram-och-uv-resistent-pe-skydd-transparent\/"},"modified":"2026-03-12T08:48:58","modified_gmt":"2026-03-12T07:48:58","slug":"truusk-gangbart-polytunnel-vaxthus-galvaniserad-stalram-uv-resistent-pe-skydd-transparent-3x2m","status":"publish","type":"product","link":"https:\/\/truusk.store\/sv\/produkt\/truusk-gangbart-polytunnel-vaxthus-galvaniserad-stalram-uv-resistent-pe-skydd-transparent-3x2m\/","title":{"rendered":"TRUUSK G\u00e5ngbart Polytunnel-v\u00e4xthus &#8211; Galvaniserad St\u00e5lram &#8211; UV-resistent PE-skydd &#8211; Transparent &#8211; 3x2m"},"content":{"rendered":"<p>St\u00f6rd av d\u00e5ligt v\u00e4der och irriterande inkr\u00e4ktare i tr\u00e4dg\u00e5rden? [BRAND NAME] v\u00e4xthus av plast skapar l\u00f6sningen. Ett galvaniserat st\u00e5lram med diagonala st\u00f6dst\u00e4nger ger stabilitet, medan den robusta PE-\u00f6verdraget med kl\u00e4mmor skapar en idealisk mikroklimat. De praktiska rullande d\u00f6rrarna \u00e4r l\u00e4ttillg\u00e4ngliga. Idealiskt f\u00f6r hobbytr\u00e4dg\u00e5rdsm\u00e4stare som s\u00f6ker ett plastv\u00e4xthus f\u00f6r sitt eget tr\u00e4dg\u00e5rdspolytunnel paradis!<\/p>\n<p>Beskrivning:<\/p>\n<ul>\n<li> St\u00e5lram med diagonala st\u00f6dst\u00e4nger ger stabilitet<\/li>\n<li> Med en PE-\u00f6verdrag som ger UV-skydd och f\u00f6rl\u00e4nger anv\u00e4ndningstiderna<\/li>\n<li> Med 40 plastkl\u00e4mmor som f\u00e4ster PE-\u00f6verdraget p\u00e5 ramen<\/li>\n<li> F\u00f6rl\u00e4ngd \u00f6verdrag av plasttunneln f\u00f6rb\u00e4ttrar stabilitet, isolering och t\u00e4tning<\/li>\n<li> Upprullbara dragkedjed\u00f6rrar p\u00e5 plasttunneln f\u00f6r ventilation och enkel tillg\u00e5ng<\/li>\n<li> G\u00e5ngbart design m\u00f6jligg\u00f6r enkel v\u00e4xtv\u00e5rd<\/li>\n<li> Montering kr\u00e4vs<\/li>\n<\/ul>\n<p> Tekniska data:<\/p>\n<ul>\n<li> F\u00e4rg: Transparent+Silver<\/li>\n<li> Material: St\u00e5l, PE<\/li>\n<li> Totala dimensioner: 297B x 395T x 199H cm<\/li>\n<li> Enskild d\u00f6rrstorlek: 200B x 150H cm<\/li>\n<li> Vindt\u00e4t: Niv\u00e5 5<\/li>\n<\/ul>\n<p>Leveransinneh\u00e5ll:<\/p>\n<ul>\n<li> 1 x v\u00e4xthus<\/li>\n<li> 40 x plastkl\u00e4mma<\/li>\n<li> 1 x instruktion<\/li>\n<\/ul>\n","protected":false},"excerpt":{"rendered":"<p>St\u00f6rd av d\u00e5ligt v\u00e4der och irriterande inkr\u00e4ktare i tr\u00e4dg\u00e5rden? [BRAND NAME] v\u00e4xthus av plast skapar l\u00f6sningen. Ett galvaniserat st\u00e5lram med&#8230;<\/p>\n","protected":false},"featured_media":101899,"template":"","meta":[],"product_brand":[],"product_cat":[903,858,443],"product_tag":[],"class_list":{"0":"post-101908","1":"product","2":"type-product","3":"status-publish","4":"has-post-thumbnail","6":"product_cat-plastvaxthus","7":"product_cat-tradgard-terrass","8":"product_cat-vaxthus-tradgardsskotsel","10":"first","11":"instock","12":"sale","13":"taxable","14":"shipping-taxable","15":"purchasable","16":"product-type-simple"},"yoast_head":"<!-- This site is optimized with the Yoast SEO plugin v25.4 - https:\/\/yoast.com\/wordpress\/plugins\/seo\/ -->\n<title>TRUUSK G\u00e5ngbart Polytunnel-v\u00e4xthus - Galvaniserad St\u00e5lram - UV-resistent PE-skydd - Transparent - 3x2m - TRUUSK - Hem, Tr\u00e4dg\u00e5rd &amp; Fritid<\/title>\n<meta name=\"robots\" content=\"index, follow, max-snippet:-1, max-image-preview:large, max-video-preview:-1\" \/>\n<link rel=\"canonical\" href=\"https:\/\/truusk.store\/sv\/produkt\/truusk-gangbart-polytunnel-vaxthus-galvaniserad-stalram-uv-resistent-pe-skydd-transparent-3x2m\/\" \/>\n<meta property=\"og:locale\" content=\"sv_SE\" \/>\n<meta property=\"og:type\" content=\"article\" \/>\n<meta property=\"og:title\" content=\"TRUUSK G\u00e5ngbart Polytunnel-v\u00e4xthus - Galvaniserad St\u00e5lram - UV-resistent PE-skydd - Transparent - 3x2m - TRUUSK - Hem, Tr\u00e4dg\u00e5rd &amp; Fritid\" \/>\n<meta property=\"og:description\" content=\"St\u00f6rd av d\u00e5ligt v\u00e4der och irriterande inkr\u00e4ktare i tr\u00e4dg\u00e5rden? [BRAND NAME] v\u00e4xthus av plast skapar l\u00f6sningen. Ett galvaniserat st\u00e5lram med...\" \/>\n<meta property=\"og:url\" content=\"https:\/\/truusk.store\/sv\/produkt\/truusk-gangbart-polytunnel-vaxthus-galvaniserad-stalram-uv-resistent-pe-skydd-transparent-3x2m\/\" \/>\n<meta property=\"og:site_name\" content=\"TRUUSK - Hem, Tr\u00e4dg\u00e5rd &amp; Fritid\" \/>\n<meta property=\"article:modified_time\" content=\"2026-03-12T07:48:58+00:00\" \/>\n<meta property=\"og:image\" content=\"https:\/\/i0.wp.com\/truusk.se\/wp-content\/uploads\/2026\/01\/polytunnel-vaxthus-gangbart-vaxthus-med-galvaniserad-stalram-och-uv-resistent-pe-skydd-transparent-1.webp?fit=2000%2C2000&ssl=1\" \/>\n\t<meta property=\"og:image:width\" content=\"2000\" \/>\n\t<meta property=\"og:image:height\" content=\"2000\" \/>\n\t<meta property=\"og:image:type\" content=\"image\/webp\" \/>\n<meta name=\"twitter:card\" content=\"summary_large_image\" \/>\n<meta name=\"twitter:label1\" content=\"Ber\u00e4knad l\u00e4stid\" \/>\n\t<meta name=\"twitter:data1\" content=\"1 minut\" \/>\n<!-- \/ Yoast SEO plugin. -->","yoast_head_json":{"title":"TRUUSK G\u00e5ngbart Polytunnel-v\u00e4xthus - Galvaniserad St\u00e5lram - UV-resistent PE-skydd - Transparent - 3x2m - TRUUSK - Hem, Tr\u00e4dg\u00e5rd &amp; Fritid","robots":{"index":"index","follow":"follow","max-snippet":"max-snippet:-1","max-image-preview":"max-image-preview:large","max-video-preview":"max-video-preview:-1"},"canonical":"https:\/\/truusk.store\/sv\/produkt\/truusk-gangbart-polytunnel-vaxthus-galvaniserad-stalram-uv-resistent-pe-skydd-transparent-3x2m\/","og_locale":"sv_SE","og_type":"article","og_title":"TRUUSK G\u00e5ngbart Polytunnel-v\u00e4xthus - Galvaniserad St\u00e5lram - UV-resistent PE-skydd - Transparent - 3x2m - TRUUSK - Hem, Tr\u00e4dg\u00e5rd &amp; Fritid","og_description":"St\u00f6rd av d\u00e5ligt v\u00e4der och irriterande inkr\u00e4ktare i tr\u00e4dg\u00e5rden? [BRAND NAME] v\u00e4xthus av plast skapar l\u00f6sningen. Ett galvaniserat st\u00e5lram med...","og_url":"https:\/\/truusk.store\/sv\/produkt\/truusk-gangbart-polytunnel-vaxthus-galvaniserad-stalram-uv-resistent-pe-skydd-transparent-3x2m\/","og_site_name":"TRUUSK - Hem, Tr\u00e4dg\u00e5rd &amp; Fritid","article_modified_time":"2026-03-12T07:48:58+00:00","og_image":[{"width":2000,"height":2000,"url":"https:\/\/i0.wp.com\/truusk.se\/wp-content\/uploads\/2026\/01\/polytunnel-vaxthus-gangbart-vaxthus-med-galvaniserad-stalram-och-uv-resistent-pe-skydd-transparent-1.webp?fit=2000%2C2000&ssl=1","type":"image\/webp"}],"twitter_card":"summary_large_image","twitter_misc":{"Ber\u00e4knad l\u00e4stid":"1 minut"},"schema":{"@context":"https:\/\/schema.org","@graph":[{"@type":"WebPage","@id":"https:\/\/truusk.store\/sv\/produkt\/truusk-gangbart-polytunnel-vaxthus-galvaniserad-stalram-uv-resistent-pe-skydd-transparent-3x2m\/","url":"https:\/\/truusk.store\/sv\/produkt\/truusk-gangbart-polytunnel-vaxthus-galvaniserad-stalram-uv-resistent-pe-skydd-transparent-3x2m\/","name":"TRUUSK G\u00e5ngbart Polytunnel-v\u00e4xthus - Galvaniserad St\u00e5lram - UV-resistent PE-skydd - Transparent - 3x2m - TRUUSK - Hem, Tr\u00e4dg\u00e5rd &amp; Fritid","isPartOf":{"@id":"https:\/\/truusk.store\/sv\/#website"},"primaryImageOfPage":{"@id":"https:\/\/truusk.store\/sv\/produkt\/truusk-gangbart-polytunnel-vaxthus-galvaniserad-stalram-uv-resistent-pe-skydd-transparent-3x2m\/#primaryimage"},"image":{"@id":"https:\/\/truusk.store\/sv\/produkt\/truusk-gangbart-polytunnel-vaxthus-galvaniserad-stalram-uv-resistent-pe-skydd-transparent-3x2m\/#primaryimage"},"thumbnailUrl":"https:\/\/i0.wp.com\/truusk.store\/wp-content\/uploads\/2026\/01\/polytunnel-vaxthus-gangbart-vaxthus-med-galvaniserad-stalram-och-uv-resistent-pe-skydd-transparent-1.webp?fit=2000%2C2000&ssl=1","datePublished":"2026-01-28T05:18:30+00:00","dateModified":"2026-03-12T07:48:58+00:00","breadcrumb":{"@id":"https:\/\/truusk.store\/sv\/produkt\/truusk-gangbart-polytunnel-vaxthus-galvaniserad-stalram-uv-resistent-pe-skydd-transparent-3x2m\/#breadcrumb"},"inLanguage":"sv-SE","potentialAction":[{"@type":"ReadAction","target":["https:\/\/truusk.store\/sv\/produkt\/truusk-gangbart-polytunnel-vaxthus-galvaniserad-stalram-uv-resistent-pe-skydd-transparent-3x2m\/"]}]},{"@type":"ImageObject","inLanguage":"sv-SE","@id":"https:\/\/truusk.store\/sv\/produkt\/truusk-gangbart-polytunnel-vaxthus-galvaniserad-stalram-uv-resistent-pe-skydd-transparent-3x2m\/#primaryimage","url":"https:\/\/i0.wp.com\/truusk.store\/wp-content\/uploads\/2026\/01\/polytunnel-vaxthus-gangbart-vaxthus-med-galvaniserad-stalram-och-uv-resistent-pe-skydd-transparent-1.webp?fit=2000%2C2000&ssl=1","contentUrl":"https:\/\/i0.wp.com\/truusk.store\/wp-content\/uploads\/2026\/01\/polytunnel-vaxthus-gangbart-vaxthus-med-galvaniserad-stalram-och-uv-resistent-pe-skydd-transparent-1.webp?fit=2000%2C2000&ssl=1","width":2000,"height":2000},{"@type":"BreadcrumbList","@id":"https:\/\/truusk.store\/sv\/produkt\/truusk-gangbart-polytunnel-vaxthus-galvaniserad-stalram-uv-resistent-pe-skydd-transparent-3x2m\/#breadcrumb","itemListElement":[{"@type":"ListItem","position":1,"name":"Home","item":"https:\/\/truusk.store\/sv\/"},{"@type":"ListItem","position":2,"name":"Shop","item":"https:\/\/truusk.store\/shop\/"},{"@type":"ListItem","position":3,"name":"TRUUSK G\u00e5ngbart Polytunnel-v\u00e4xthus &#8211; Galvaniserad St\u00e5lram &#8211; UV-resistent PE-skydd &#8211; Transparent &#8211; 3x2m"}]},{"@type":"WebSite","@id":"https:\/\/truusk.store\/sv\/#website","url":"https:\/\/truusk.store\/sv\/","name":"TRUUSK - Hem, Tr\u00e4dg\u00e5rd & Fritid","description":"","publisher":{"@id":"https:\/\/truusk.store\/sv\/#organization"},"potentialAction":[{"@type":"SearchAction","target":{"@type":"EntryPoint","urlTemplate":"https:\/\/truusk.store\/sv\/?s={search_term_string}"},"query-input":{"@type":"PropertyValueSpecification","valueRequired":true,"valueName":"search_term_string"}}],"inLanguage":"sv-SE"},{"@type":"Organization","@id":"https:\/\/truusk.store\/sv\/#organization","name":"TRUUSK - Hem, Tr\u00e4dg\u00e5rd & Fritid","url":"https:\/\/truusk.store\/sv\/","logo":{"@type":"ImageObject","inLanguage":"sv-SE","@id":"https:\/\/truusk.store\/sv\/#\/schema\/logo\/image\/","url":"https:\/\/i0.wp.com\/truusk.store\/wp-content\/uploads\/2026\/03\/cropped-TRUUSK.png?fit=2032%2C917&ssl=1","contentUrl":"https:\/\/i0.wp.com\/truusk.store\/wp-content\/uploads\/2026\/03\/cropped-TRUUSK.png?fit=2032%2C917&ssl=1","width":2032,"height":917,"caption":"TRUUSK - Hem, Tr\u00e4dg\u00e5rd & Fritid"},"image":{"@id":"https:\/\/truusk.store\/sv\/#\/schema\/logo\/image\/"}}]}},"jetpack_sharing_enabled":true,"_links":{"self":[{"href":"https:\/\/truusk.store\/sv\/wp-json\/wp\/v2\/product\/101908","targetHints":{"allow":["GET"]}}],"collection":[{"href":"https:\/\/truusk.store\/sv\/wp-json\/wp\/v2\/product"}],"about":[{"href":"https:\/\/truusk.store\/sv\/wp-json\/wp\/v2\/types\/product"}],"wp:featuredmedia":[{"embeddable":true,"href":"https:\/\/truusk.store\/sv\/wp-json\/wp\/v2\/media\/101899"}],"wp:attachment":[{"href":"https:\/\/truusk.store\/sv\/wp-json\/wp\/v2\/media?parent=101908"}],"wp:term":[{"taxonomy":"product_brand","embeddable":true,"href":"https:\/\/truusk.store\/sv\/wp-json\/wp\/v2\/product_brand?post=101908"},{"taxonomy":"product_cat","embeddable":true,"href":"https:\/\/truusk.store\/sv\/wp-json\/wp\/v2\/product_cat?post=101908"},{"taxonomy":"product_tag","embeddable":true,"href":"https:\/\/truusk.store\/sv\/wp-json\/wp\/v2\/product_tag?post=101908"}],"curies":[{"name":"wp","href":"https:\/\/api.w.org\/{rel}","templated":true}]}}