{"id":101948,"date":"2026-01-28T06:22:21","date_gmt":"2026-01-28T05:22:21","guid":{"rendered":"https:\/\/truusk.store\/product\/smalt-badrumsskap-med-justerbara-hyllor-oppet-fack-30-x-30-x-715-cm-vit\/"},"modified":"2026-03-12T08:49:02","modified_gmt":"2026-03-12T07:49:02","slug":"truusk-smalt-badrumsskap-justerbara-hyllor-oppet-fack-30x30x715-cm-vit","status":"publish","type":"product","link":"https:\/\/truusk.store\/sv\/produkt\/truusk-smalt-badrumsskap-justerbara-hyllor-oppet-fack-30x30x715-cm-vit\/","title":{"rendered":"TRUUSK Smalt Badrumssk\u00e5p &#8211; Justerbara Hyllor &#8211; \u00f6ppet Fack &#8211; 30x30x71,5 cm &#8211; Vit"},"content":{"rendered":"<p>Inf\u00f6r stil och funktionalitet i ditt badrum med [BRAND NAME] badrumssk\u00e5p. Den \u00f6ppna hyllan upptill ger snabb tillg\u00e5ng till viktiga redskap, medan det nedre sk\u00e5pet med justerbar hylla diskret f\u00f6rvarar dina toalettartiklar, reng\u00f6ringsmedel eller personliga saker. Med vit och naturlig tr\u00e4look samt soft-close-d\u00f6rren p\u00e5 badrumssk\u00e5pet sm\u00e4lter det harmoniskt in i moderna design. Skapa ett st\u00e4dat badrum utan anstr\u00e4ngning!<\/p>\n<p>Beskrivning:<\/p>\n<ul>\n<li> Med en \u00f6ppen \u00f6vre hylla och ett nedre sk\u00e5p f\u00f6r m\u00e5ngsidiga f\u00f6rvaringsm\u00f6jligheter<\/li>\n<li> Har en justerbar hylla f\u00f6r att rymma f\u00f6rem\u00e5l av olika storlekar<\/li>\n<li> D\u00f6rren till f\u00f6rvaringssk\u00e5pet med soft-close-funktion s\u00e4kerst\u00e4ller tyst, mjuk drift och \u00f6kad s\u00e4kerhet<\/li>\n<li> Stilfullt vitt och naturligt tr\u00e4utseende p\u00e5 toalettsk\u00e5pet kompletterar en m\u00e4ngd inredningsstilar<\/li>\n<li> Tillverkad av melaminbelagd sp\u00e5nskiva, l\u00e4tt att reng\u00f6ra med en trasa<\/li>\n<li> Halkfri h\u00e5rdvara garanterar stabilitet och s\u00e4ker st\u00e5nd i alla rum<\/li>\n<li> Montering kr\u00e4vs<\/li>\n<\/ul>\n<p> Tekniska data:<\/p>\n<ul>\n<li> F\u00e4rg: Vit+Naturtr\u00e4<\/li>\n<li> Material: Sp\u00e5nskiva<\/li>\n<li> Totala dimensioner: 30B x 30T x 71,5H cm<\/li>\n<li> Inre dimension: 27,5B x 28,5T x 42,5H cm<\/li>\n<li> Storlek p\u00e5 \u00f6ppet fack: 27,5B x 25T x 17,5H cm<\/li>\n<li> D\u00f6rrstorlek: 30B x 51H cm<\/li>\n<li> Belastningskapacitet: 5 kg (hylla), 20 kg (totalt)<\/li>\n<\/ul>\n<p>Leveransinneh\u00e5ll:<\/p>\n<ul>\n<li> 1 x Badrumssk\u00e5p<\/li>\n<li> 1 x Bruksanvisning<\/li>\n<\/ul>\n","protected":false},"excerpt":{"rendered":"<p>Inf\u00f6r stil och funktionalitet i ditt badrum med [BRAND NAME] badrumssk\u00e5p. Den \u00f6ppna hyllan upptill ger snabb tillg\u00e5ng till viktiga&#8230;<\/p>\n","protected":false},"featured_media":101939,"template":"","meta":[],"product_brand":[],"product_cat":[915,535,871],"product_tag":[],"class_list":{"0":"post-101948","1":"product","2":"type-product","3":"status-publish","4":"has-post-thumbnail","6":"product_cat-badrum","7":"product_cat-badrumsskap","8":"product_cat-hus-hem","10":"first","11":"instock","12":"sale","13":"taxable","14":"shipping-taxable","15":"purchasable","16":"product-type-simple"},"yoast_head":"<!-- This site is optimized with the Yoast SEO plugin v25.4 - https:\/\/yoast.com\/wordpress\/plugins\/seo\/ -->\n<title>TRUUSK Smalt Badrumssk\u00e5p - Justerbara Hyllor - \u00f6ppet Fack - 30x30x71,5 cm - Vit - TRUUSK - Hem, Tr\u00e4dg\u00e5rd &amp; Fritid<\/title>\n<meta name=\"robots\" content=\"index, follow, max-snippet:-1, max-image-preview:large, max-video-preview:-1\" \/>\n<link rel=\"canonical\" href=\"https:\/\/truusk.store\/sv\/produkt\/truusk-smalt-badrumsskap-justerbara-hyllor-oppet-fack-30x30x715-cm-vit\/\" \/>\n<meta property=\"og:locale\" content=\"sv_SE\" \/>\n<meta property=\"og:type\" content=\"article\" \/>\n<meta property=\"og:title\" content=\"TRUUSK Smalt Badrumssk\u00e5p - Justerbara Hyllor - \u00f6ppet Fack - 30x30x71,5 cm - Vit - TRUUSK - Hem, Tr\u00e4dg\u00e5rd &amp; Fritid\" \/>\n<meta property=\"og:description\" content=\"Inf\u00f6r stil och funktionalitet i ditt badrum med [BRAND NAME] badrumssk\u00e5p. Den \u00f6ppna hyllan upptill ger snabb tillg\u00e5ng till viktiga...\" \/>\n<meta property=\"og:url\" content=\"https:\/\/truusk.store\/sv\/produkt\/truusk-smalt-badrumsskap-justerbara-hyllor-oppet-fack-30x30x715-cm-vit\/\" \/>\n<meta property=\"og:site_name\" content=\"TRUUSK - Hem, Tr\u00e4dg\u00e5rd &amp; Fritid\" \/>\n<meta property=\"article:modified_time\" content=\"2026-03-12T07:49:02+00:00\" \/>\n<meta property=\"og:image\" content=\"https:\/\/i0.wp.com\/truusk.se\/wp-content\/uploads\/2026\/01\/smalt-badrumsskap-med-justerbara-hyllor-oppet-fack-30-x-30-x-715-cm-vit-1.webp?fit=2000%2C2000&ssl=1\" \/>\n\t<meta property=\"og:image:width\" content=\"2000\" \/>\n\t<meta property=\"og:image:height\" content=\"2000\" \/>\n\t<meta property=\"og:image:type\" content=\"image\/webp\" \/>\n<meta name=\"twitter:card\" content=\"summary_large_image\" \/>\n<meta name=\"twitter:label1\" content=\"Ber\u00e4knad l\u00e4stid\" \/>\n\t<meta name=\"twitter:data1\" content=\"1 minut\" \/>\n<!-- \/ Yoast SEO plugin. -->","yoast_head_json":{"title":"TRUUSK Smalt Badrumssk\u00e5p - Justerbara Hyllor - \u00f6ppet Fack - 30x30x71,5 cm - Vit - TRUUSK - Hem, Tr\u00e4dg\u00e5rd &amp; Fritid","robots":{"index":"index","follow":"follow","max-snippet":"max-snippet:-1","max-image-preview":"max-image-preview:large","max-video-preview":"max-video-preview:-1"},"canonical":"https:\/\/truusk.store\/sv\/produkt\/truusk-smalt-badrumsskap-justerbara-hyllor-oppet-fack-30x30x715-cm-vit\/","og_locale":"sv_SE","og_type":"article","og_title":"TRUUSK Smalt Badrumssk\u00e5p - Justerbara Hyllor - \u00f6ppet Fack - 30x30x71,5 cm - Vit - TRUUSK - Hem, Tr\u00e4dg\u00e5rd &amp; Fritid","og_description":"Inf\u00f6r stil och funktionalitet i ditt badrum med [BRAND NAME] badrumssk\u00e5p. Den \u00f6ppna hyllan upptill ger snabb tillg\u00e5ng till viktiga...","og_url":"https:\/\/truusk.store\/sv\/produkt\/truusk-smalt-badrumsskap-justerbara-hyllor-oppet-fack-30x30x715-cm-vit\/","og_site_name":"TRUUSK - Hem, Tr\u00e4dg\u00e5rd &amp; Fritid","article_modified_time":"2026-03-12T07:49:02+00:00","og_image":[{"width":2000,"height":2000,"url":"https:\/\/i0.wp.com\/truusk.se\/wp-content\/uploads\/2026\/01\/smalt-badrumsskap-med-justerbara-hyllor-oppet-fack-30-x-30-x-715-cm-vit-1.webp?fit=2000%2C2000&ssl=1","type":"image\/webp"}],"twitter_card":"summary_large_image","twitter_misc":{"Ber\u00e4knad l\u00e4stid":"1 minut"},"schema":{"@context":"https:\/\/schema.org","@graph":[{"@type":"WebPage","@id":"https:\/\/truusk.store\/sv\/produkt\/truusk-smalt-badrumsskap-justerbara-hyllor-oppet-fack-30x30x715-cm-vit\/","url":"https:\/\/truusk.store\/sv\/produkt\/truusk-smalt-badrumsskap-justerbara-hyllor-oppet-fack-30x30x715-cm-vit\/","name":"TRUUSK Smalt Badrumssk\u00e5p - Justerbara Hyllor - \u00f6ppet Fack - 30x30x71,5 cm - Vit - TRUUSK - Hem, Tr\u00e4dg\u00e5rd &amp; Fritid","isPartOf":{"@id":"https:\/\/truusk.store\/sv\/#website"},"primaryImageOfPage":{"@id":"https:\/\/truusk.store\/sv\/produkt\/truusk-smalt-badrumsskap-justerbara-hyllor-oppet-fack-30x30x715-cm-vit\/#primaryimage"},"image":{"@id":"https:\/\/truusk.store\/sv\/produkt\/truusk-smalt-badrumsskap-justerbara-hyllor-oppet-fack-30x30x715-cm-vit\/#primaryimage"},"thumbnailUrl":"https:\/\/i0.wp.com\/truusk.store\/wp-content\/uploads\/2026\/01\/smalt-badrumsskap-med-justerbara-hyllor-oppet-fack-30-x-30-x-715-cm-vit-1.webp?fit=2000%2C2000&ssl=1","datePublished":"2026-01-28T05:22:21+00:00","dateModified":"2026-03-12T07:49:02+00:00","breadcrumb":{"@id":"https:\/\/truusk.store\/sv\/produkt\/truusk-smalt-badrumsskap-justerbara-hyllor-oppet-fack-30x30x715-cm-vit\/#breadcrumb"},"inLanguage":"sv-SE","potentialAction":[{"@type":"ReadAction","target":["https:\/\/truusk.store\/sv\/produkt\/truusk-smalt-badrumsskap-justerbara-hyllor-oppet-fack-30x30x715-cm-vit\/"]}]},{"@type":"ImageObject","inLanguage":"sv-SE","@id":"https:\/\/truusk.store\/sv\/produkt\/truusk-smalt-badrumsskap-justerbara-hyllor-oppet-fack-30x30x715-cm-vit\/#primaryimage","url":"https:\/\/i0.wp.com\/truusk.store\/wp-content\/uploads\/2026\/01\/smalt-badrumsskap-med-justerbara-hyllor-oppet-fack-30-x-30-x-715-cm-vit-1.webp?fit=2000%2C2000&ssl=1","contentUrl":"https:\/\/i0.wp.com\/truusk.store\/wp-content\/uploads\/2026\/01\/smalt-badrumsskap-med-justerbara-hyllor-oppet-fack-30-x-30-x-715-cm-vit-1.webp?fit=2000%2C2000&ssl=1","width":2000,"height":2000},{"@type":"BreadcrumbList","@id":"https:\/\/truusk.store\/sv\/produkt\/truusk-smalt-badrumsskap-justerbara-hyllor-oppet-fack-30x30x715-cm-vit\/#breadcrumb","itemListElement":[{"@type":"ListItem","position":1,"name":"Home","item":"https:\/\/truusk.store\/sv\/"},{"@type":"ListItem","position":2,"name":"Shop","item":"https:\/\/truusk.store\/shop\/"},{"@type":"ListItem","position":3,"name":"TRUUSK Smalt Badrumssk\u00e5p &#8211; Justerbara Hyllor &#8211; \u00f6ppet Fack &#8211; 30x30x71,5 cm &#8211; Vit"}]},{"@type":"WebSite","@id":"https:\/\/truusk.store\/sv\/#website","url":"https:\/\/truusk.store\/sv\/","name":"TRUUSK - Hem, Tr\u00e4dg\u00e5rd & Fritid","description":"","publisher":{"@id":"https:\/\/truusk.store\/sv\/#organization"},"potentialAction":[{"@type":"SearchAction","target":{"@type":"EntryPoint","urlTemplate":"https:\/\/truusk.store\/sv\/?s={search_term_string}"},"query-input":{"@type":"PropertyValueSpecification","valueRequired":true,"valueName":"search_term_string"}}],"inLanguage":"sv-SE"},{"@type":"Organization","@id":"https:\/\/truusk.store\/sv\/#organization","name":"TRUUSK - Hem, Tr\u00e4dg\u00e5rd & Fritid","url":"https:\/\/truusk.store\/sv\/","logo":{"@type":"ImageObject","inLanguage":"sv-SE","@id":"https:\/\/truusk.store\/sv\/#\/schema\/logo\/image\/","url":"https:\/\/i0.wp.com\/truusk.store\/wp-content\/uploads\/2026\/03\/cropped-TRUUSK.png?fit=2032%2C917&ssl=1","contentUrl":"https:\/\/i0.wp.com\/truusk.store\/wp-content\/uploads\/2026\/03\/cropped-TRUUSK.png?fit=2032%2C917&ssl=1","width":2032,"height":917,"caption":"TRUUSK - Hem, Tr\u00e4dg\u00e5rd & Fritid"},"image":{"@id":"https:\/\/truusk.store\/sv\/#\/schema\/logo\/image\/"}}]}},"jetpack_sharing_enabled":true,"_links":{"self":[{"href":"https:\/\/truusk.store\/sv\/wp-json\/wp\/v2\/product\/101948","targetHints":{"allow":["GET"]}}],"collection":[{"href":"https:\/\/truusk.store\/sv\/wp-json\/wp\/v2\/product"}],"about":[{"href":"https:\/\/truusk.store\/sv\/wp-json\/wp\/v2\/types\/product"}],"wp:featuredmedia":[{"embeddable":true,"href":"https:\/\/truusk.store\/sv\/wp-json\/wp\/v2\/media\/101939"}],"wp:attachment":[{"href":"https:\/\/truusk.store\/sv\/wp-json\/wp\/v2\/media?parent=101948"}],"wp:term":[{"taxonomy":"product_brand","embeddable":true,"href":"https:\/\/truusk.store\/sv\/wp-json\/wp\/v2\/product_brand?post=101948"},{"taxonomy":"product_cat","embeddable":true,"href":"https:\/\/truusk.store\/sv\/wp-json\/wp\/v2\/product_cat?post=101948"},{"taxonomy":"product_tag","embeddable":true,"href":"https:\/\/truusk.store\/sv\/wp-json\/wp\/v2\/product_tag?post=101948"}],"curies":[{"name":"wp","href":"https:\/\/api.w.org\/{rel}","templated":true}]}}