{"id":101968,"date":"2026-01-28T06:24:31","date_gmt":"2026-01-28T05:24:31","guid":{"rendered":"https:\/\/truusk.store\/product\/barnbokhylla-med-4-hyllor-bottenfack-2-sidodelar-tavla-hjul-for-3-8-ar-665x325x865-cm-vit\/"},"modified":"2026-03-12T08:49:04","modified_gmt":"2026-03-12T07:49:04","slug":"truusk-barnbokhylla-4-hyllor-bottenfack-tavla-hjul-for-3-8-ar-vit-665x325x865-cm","status":"publish","type":"product","link":"https:\/\/truusk.store\/sv\/produkt\/truusk-barnbokhylla-4-hyllor-bottenfack-tavla-hjul-for-3-8-ar-vit-665x325x865-cm\/","title":{"rendered":"TRUUSK Barnbokhylla &#8211; 4 Hyllor &#8211; Bottenfack &#8211; Tavla &#8211; Hjul &#8211; F\u00f6r 3\u20138 \u00e5r &#8211; Vit &#8211; 66,5&#215;32,5&#215;86,5 Cm"},"content":{"rendered":"<p>St\u00f6rd av leksaker och b\u00f6cker som \u00e4r utspridda \u00f6verallt? Upplev ett ordnat utrymme d\u00e4r varje del hittar sin plats. [BRAND NAME] barnbokhylla f\u00f6r in sagov\u00e4rldar i varje rum och skapar omedelbart en mysig l\u00e4sh\u00f6rna. Denna multifunktionella f\u00f6rvaringsenhet i st\u00e5ende hylla erbjuder till och med en tavla, g\u00f6r st\u00e4dning till en kreativ aktivitet och f\u00f6rvandlar ditt hem till en strukturerad, fantasifull oas f\u00f6r ditt barn.<\/p>\n<p>Beskrivning:<\/p>\n<ul>\n<li> Leksakshyllan har 7 olika zoner som ordentligt f\u00f6rvarar b\u00f6cker, leksaker och redskap<\/li>\n<li> Barnhyllan inneh\u00e5ller 4 mjukt glidande hjul med 2 bromsar, vilket skapar en mobil l\u00e4sh\u00f6rna<\/li>\n<li> En integrerad svart tavla p\u00e5 sidan fr\u00e4mjar ditt barns kreativitet genom att rita och klottra<\/li>\n<li> Tillverkad av FSC-certifierad MDF, ett s\u00e4kert val f\u00f6r barn<\/li>\n<li> Barnv\u00e4nlig h\u00f6jd p\u00e5 st\u00e5ende hylla p\u00e5 86,5 cm m\u00f6jligg\u00f6r enkel, oberoende tillg\u00e5ng till deras favoritb\u00f6cker<\/li>\n<li> Bokhylla med frontvy v\u00e4cker intresse och fr\u00e4mjar l\u00e4sning<\/li>\n<li> Enkel vit nordisk design kompletterar elegant ditt moderna hem och vardagsrum<\/li>\n<li> Montering kr\u00e4vs 50 minuter<\/li>\n<\/ul>\n<p> Tekniska data:<\/p>\n<ul>\n<li> F\u00e4rg: Vit+Svart<\/li>\n<li> Material: MDF<\/li>\n<li> Totala dimensioner: 66,5B x 32,5T x 86,5H cm<\/li>\n<li> Storlek p\u00e5 \u00f6vre facket: 57,5B x 6T x 13,5H cm, 57,5B x 21,5T x 13,5H cm<\/li>\n<li> Storlek p\u00e5 mittenfacket: 57,5B x 6T x 30H cm, 57,5B x 21,5T x 30H cm<\/li>\n<li> Storlek p\u00e5 nedre f\u00f6rvaringsutrymmet: 57,5B x 30T x 34H cm<\/li>\n<li> Storlek p\u00e5 sidof\u00f6rvaringsutrymmet: 29,5B x 5T x 6,5H cm (varje)<\/li>\n<li> Avst\u00e5nd till golvet: 5,3H cm<\/li>\n<li> Hjulstorlek: 5L x 4,5B x 3,5T cm<\/li>\n<li> Rekommenderad \u00e5lder: 3-8 \u00e5r<\/li>\n<li> Godk\u00e4nd \u00e5lder: 3+ \u00e5r<\/li>\n<li> Maximal belastning: 4 kg (\u00f6vre), 5 kg (mitten), 10 kg (nedre), 19 kg (totalt)<\/li>\n<\/ul>\n<p>Leverans inneh\u00e5ller:<\/p>\n<ul>\n<li> 1 x Barnbokhylla<\/li>\n<li> 1 x Bruksanvisning<\/li>\n<\/ul>\n","protected":false},"excerpt":{"rendered":"<p>St\u00f6rd av leksaker och b\u00f6cker som \u00e4r utspridda \u00f6verallt? Upplev ett ordnat utrymme d\u00e4r varje del hittar sin plats. [BRAND&#8230;<\/p>\n","protected":false},"featured_media":101959,"template":"","meta":[],"product_brand":[],"product_cat":[880,636,631],"product_tag":[],"class_list":{"0":"post-101968","1":"product","2":"type-product","3":"status-publish","4":"has-post-thumbnail","6":"product_cat-baby-barn-2","7":"product_cat-barnhyllor-barnskap","8":"product_cat-barnmobler","10":"first","11":"instock","12":"sale","13":"taxable","14":"shipping-taxable","15":"purchasable","16":"product-type-simple"},"yoast_head":"<!-- This site is optimized with the Yoast SEO plugin v25.4 - https:\/\/yoast.com\/wordpress\/plugins\/seo\/ -->\n<title>TRUUSK Barnbokhylla - 4 Hyllor - Bottenfack - Tavla - Hjul - F\u00f6r 3\u20138 \u00e5r - Vit - 66,5x32,5x86,5 Cm - TRUUSK - Hem, Tr\u00e4dg\u00e5rd &amp; Fritid<\/title>\n<meta name=\"robots\" content=\"index, follow, max-snippet:-1, max-image-preview:large, max-video-preview:-1\" \/>\n<link rel=\"canonical\" href=\"https:\/\/truusk.store\/sv\/produkt\/truusk-barnbokhylla-4-hyllor-bottenfack-tavla-hjul-for-3-8-ar-vit-665x325x865-cm\/\" \/>\n<meta property=\"og:locale\" content=\"sv_SE\" \/>\n<meta property=\"og:type\" content=\"article\" \/>\n<meta property=\"og:title\" content=\"TRUUSK Barnbokhylla - 4 Hyllor - Bottenfack - Tavla - Hjul - F\u00f6r 3\u20138 \u00e5r - Vit - 66,5x32,5x86,5 Cm - TRUUSK - Hem, Tr\u00e4dg\u00e5rd &amp; Fritid\" \/>\n<meta property=\"og:description\" content=\"St\u00f6rd av leksaker och b\u00f6cker som \u00e4r utspridda \u00f6verallt? Upplev ett ordnat utrymme d\u00e4r varje del hittar sin plats. [BRAND...\" \/>\n<meta property=\"og:url\" content=\"https:\/\/truusk.store\/sv\/produkt\/truusk-barnbokhylla-4-hyllor-bottenfack-tavla-hjul-for-3-8-ar-vit-665x325x865-cm\/\" \/>\n<meta property=\"og:site_name\" content=\"TRUUSK - Hem, Tr\u00e4dg\u00e5rd &amp; Fritid\" \/>\n<meta property=\"article:modified_time\" content=\"2026-03-12T07:49:04+00:00\" \/>\n<meta property=\"og:image\" content=\"https:\/\/i0.wp.com\/truusk.se\/wp-content\/uploads\/2026\/01\/barnbokhylla-med-4-hyllor-bottenfack-2-sidodelar-tavla-hjul-for-3-8-ar-665x325x865-cm-vit-1.webp?fit=2000%2C2000&ssl=1\" \/>\n\t<meta property=\"og:image:width\" content=\"2000\" \/>\n\t<meta property=\"og:image:height\" content=\"2000\" \/>\n\t<meta property=\"og:image:type\" content=\"image\/webp\" \/>\n<meta name=\"twitter:card\" content=\"summary_large_image\" \/>\n<meta name=\"twitter:label1\" content=\"Ber\u00e4knad l\u00e4stid\" \/>\n\t<meta name=\"twitter:data1\" content=\"1 minut\" \/>\n<!-- \/ Yoast SEO plugin. -->","yoast_head_json":{"title":"TRUUSK Barnbokhylla - 4 Hyllor - Bottenfack - Tavla - Hjul - F\u00f6r 3\u20138 \u00e5r - Vit - 66,5x32,5x86,5 Cm - TRUUSK - Hem, Tr\u00e4dg\u00e5rd &amp; Fritid","robots":{"index":"index","follow":"follow","max-snippet":"max-snippet:-1","max-image-preview":"max-image-preview:large","max-video-preview":"max-video-preview:-1"},"canonical":"https:\/\/truusk.store\/sv\/produkt\/truusk-barnbokhylla-4-hyllor-bottenfack-tavla-hjul-for-3-8-ar-vit-665x325x865-cm\/","og_locale":"sv_SE","og_type":"article","og_title":"TRUUSK Barnbokhylla - 4 Hyllor - Bottenfack - Tavla - Hjul - F\u00f6r 3\u20138 \u00e5r - Vit - 66,5x32,5x86,5 Cm - TRUUSK - Hem, Tr\u00e4dg\u00e5rd &amp; Fritid","og_description":"St\u00f6rd av leksaker och b\u00f6cker som \u00e4r utspridda \u00f6verallt? Upplev ett ordnat utrymme d\u00e4r varje del hittar sin plats. [BRAND...","og_url":"https:\/\/truusk.store\/sv\/produkt\/truusk-barnbokhylla-4-hyllor-bottenfack-tavla-hjul-for-3-8-ar-vit-665x325x865-cm\/","og_site_name":"TRUUSK - Hem, Tr\u00e4dg\u00e5rd &amp; Fritid","article_modified_time":"2026-03-12T07:49:04+00:00","og_image":[{"width":2000,"height":2000,"url":"https:\/\/i0.wp.com\/truusk.se\/wp-content\/uploads\/2026\/01\/barnbokhylla-med-4-hyllor-bottenfack-2-sidodelar-tavla-hjul-for-3-8-ar-665x325x865-cm-vit-1.webp?fit=2000%2C2000&ssl=1","type":"image\/webp"}],"twitter_card":"summary_large_image","twitter_misc":{"Ber\u00e4knad l\u00e4stid":"1 minut"},"schema":{"@context":"https:\/\/schema.org","@graph":[{"@type":"WebPage","@id":"https:\/\/truusk.store\/sv\/produkt\/truusk-barnbokhylla-4-hyllor-bottenfack-tavla-hjul-for-3-8-ar-vit-665x325x865-cm\/","url":"https:\/\/truusk.store\/sv\/produkt\/truusk-barnbokhylla-4-hyllor-bottenfack-tavla-hjul-for-3-8-ar-vit-665x325x865-cm\/","name":"TRUUSK Barnbokhylla - 4 Hyllor - Bottenfack - Tavla - Hjul - F\u00f6r 3\u20138 \u00e5r - Vit - 66,5x32,5x86,5 Cm - TRUUSK - Hem, Tr\u00e4dg\u00e5rd &amp; Fritid","isPartOf":{"@id":"https:\/\/truusk.store\/sv\/#website"},"primaryImageOfPage":{"@id":"https:\/\/truusk.store\/sv\/produkt\/truusk-barnbokhylla-4-hyllor-bottenfack-tavla-hjul-for-3-8-ar-vit-665x325x865-cm\/#primaryimage"},"image":{"@id":"https:\/\/truusk.store\/sv\/produkt\/truusk-barnbokhylla-4-hyllor-bottenfack-tavla-hjul-for-3-8-ar-vit-665x325x865-cm\/#primaryimage"},"thumbnailUrl":"https:\/\/i0.wp.com\/truusk.store\/wp-content\/uploads\/2026\/01\/barnbokhylla-med-4-hyllor-bottenfack-2-sidodelar-tavla-hjul-for-3-8-ar-665x325x865-cm-vit-1.webp?fit=2000%2C2000&ssl=1","datePublished":"2026-01-28T05:24:31+00:00","dateModified":"2026-03-12T07:49:04+00:00","breadcrumb":{"@id":"https:\/\/truusk.store\/sv\/produkt\/truusk-barnbokhylla-4-hyllor-bottenfack-tavla-hjul-for-3-8-ar-vit-665x325x865-cm\/#breadcrumb"},"inLanguage":"sv-SE","potentialAction":[{"@type":"ReadAction","target":["https:\/\/truusk.store\/sv\/produkt\/truusk-barnbokhylla-4-hyllor-bottenfack-tavla-hjul-for-3-8-ar-vit-665x325x865-cm\/"]}]},{"@type":"ImageObject","inLanguage":"sv-SE","@id":"https:\/\/truusk.store\/sv\/produkt\/truusk-barnbokhylla-4-hyllor-bottenfack-tavla-hjul-for-3-8-ar-vit-665x325x865-cm\/#primaryimage","url":"https:\/\/i0.wp.com\/truusk.store\/wp-content\/uploads\/2026\/01\/barnbokhylla-med-4-hyllor-bottenfack-2-sidodelar-tavla-hjul-for-3-8-ar-665x325x865-cm-vit-1.webp?fit=2000%2C2000&ssl=1","contentUrl":"https:\/\/i0.wp.com\/truusk.store\/wp-content\/uploads\/2026\/01\/barnbokhylla-med-4-hyllor-bottenfack-2-sidodelar-tavla-hjul-for-3-8-ar-665x325x865-cm-vit-1.webp?fit=2000%2C2000&ssl=1","width":2000,"height":2000},{"@type":"BreadcrumbList","@id":"https:\/\/truusk.store\/sv\/produkt\/truusk-barnbokhylla-4-hyllor-bottenfack-tavla-hjul-for-3-8-ar-vit-665x325x865-cm\/#breadcrumb","itemListElement":[{"@type":"ListItem","position":1,"name":"Home","item":"https:\/\/truusk.store\/sv\/"},{"@type":"ListItem","position":2,"name":"Shop","item":"https:\/\/truusk.store\/shop\/"},{"@type":"ListItem","position":3,"name":"TRUUSK Barnbokhylla &#8211; 4 Hyllor &#8211; Bottenfack &#8211; Tavla &#8211; Hjul &#8211; F\u00f6r 3\u20138 \u00e5r &#8211; Vit &#8211; 66,5&#215;32,5&#215;86,5 Cm"}]},{"@type":"WebSite","@id":"https:\/\/truusk.store\/sv\/#website","url":"https:\/\/truusk.store\/sv\/","name":"TRUUSK - Hem, Tr\u00e4dg\u00e5rd & Fritid","description":"","publisher":{"@id":"https:\/\/truusk.store\/sv\/#organization"},"potentialAction":[{"@type":"SearchAction","target":{"@type":"EntryPoint","urlTemplate":"https:\/\/truusk.store\/sv\/?s={search_term_string}"},"query-input":{"@type":"PropertyValueSpecification","valueRequired":true,"valueName":"search_term_string"}}],"inLanguage":"sv-SE"},{"@type":"Organization","@id":"https:\/\/truusk.store\/sv\/#organization","name":"TRUUSK - Hem, Tr\u00e4dg\u00e5rd & Fritid","url":"https:\/\/truusk.store\/sv\/","logo":{"@type":"ImageObject","inLanguage":"sv-SE","@id":"https:\/\/truusk.store\/sv\/#\/schema\/logo\/image\/","url":"https:\/\/i0.wp.com\/truusk.store\/wp-content\/uploads\/2026\/03\/cropped-TRUUSK.png?fit=2032%2C917&ssl=1","contentUrl":"https:\/\/i0.wp.com\/truusk.store\/wp-content\/uploads\/2026\/03\/cropped-TRUUSK.png?fit=2032%2C917&ssl=1","width":2032,"height":917,"caption":"TRUUSK - Hem, Tr\u00e4dg\u00e5rd & Fritid"},"image":{"@id":"https:\/\/truusk.store\/sv\/#\/schema\/logo\/image\/"}}]}},"jetpack_sharing_enabled":true,"_links":{"self":[{"href":"https:\/\/truusk.store\/sv\/wp-json\/wp\/v2\/product\/101968","targetHints":{"allow":["GET"]}}],"collection":[{"href":"https:\/\/truusk.store\/sv\/wp-json\/wp\/v2\/product"}],"about":[{"href":"https:\/\/truusk.store\/sv\/wp-json\/wp\/v2\/types\/product"}],"wp:featuredmedia":[{"embeddable":true,"href":"https:\/\/truusk.store\/sv\/wp-json\/wp\/v2\/media\/101959"}],"wp:attachment":[{"href":"https:\/\/truusk.store\/sv\/wp-json\/wp\/v2\/media?parent=101968"}],"wp:term":[{"taxonomy":"product_brand","embeddable":true,"href":"https:\/\/truusk.store\/sv\/wp-json\/wp\/v2\/product_brand?post=101968"},{"taxonomy":"product_cat","embeddable":true,"href":"https:\/\/truusk.store\/sv\/wp-json\/wp\/v2\/product_cat?post=101968"},{"taxonomy":"product_tag","embeddable":true,"href":"https:\/\/truusk.store\/sv\/wp-json\/wp\/v2\/product_tag?post=101968"}],"curies":[{"name":"wp","href":"https:\/\/api.w.org\/{rel}","templated":true}]}}