{"id":101988,"date":"2026-01-28T06:26:22","date_gmt":"2026-01-28T05:26:22","guid":{"rendered":"https:\/\/truusk.store\/product\/skap-over-tvattmaskin-badrumsorganisator-over-toalett-med-oppna-hyllor-for-tvattstuga-vit\/"},"modified":"2026-03-12T08:49:05","modified_gmt":"2026-03-12T07:49:05","slug":"truusk-skap-over-tvattmaskin-badrumsorganisator-over-toalett-med-oppna-hyllor-for-tvattstuga-vit","status":"publish","type":"product","link":"https:\/\/truusk.store\/sv\/produkt\/truusk-skap-over-tvattmaskin-badrumsorganisator-over-toalett-med-oppna-hyllor-for-tvattstuga-vit\/","title":{"rendered":"TRUUSK Sk\u00e5p \u00f6ver Tv\u00e4ttmaskin &#8211; Badrumsorganisat\u00f6r \u00f6ver Toalett &#8211; Med \u00f6ppna Hyllor &#8211; F\u00f6r Tv\u00e4ttstuga &#8211; Vit"},"content":{"rendered":"<p>Tv\u00e4tten blir kaotisk utan en fast plats f\u00f6r viktiga saker &#8211; s\u00e4rskilt i sm\u00e5 l\u00e4genheter. [BRAND NAME] tv\u00e4ttmaskinsk\u00e5pet \u00f6ver tv\u00e4ttmaskinen utnyttjar vertikalt utrymme och skapar ordning. Tv\u00e4ttmedel och handdukar \u00e4r l\u00e4ttillg\u00e4ngliga, och den stabila konstruktionen ger s\u00e4kerhet. Detta tv\u00e4ttmaskinsk\u00e5p underl\u00e4ttar den dagliga tv\u00e4tten, g\u00f6r den mer \u00f6versk\u00e5dlig och s\u00e4krare.<\/p>\n<p>Beskrivning:<\/p>\n<ul>\n<li> Passar snyggt \u00f6ver tv\u00e4ttmaskinen eller torktumlaren och maximerar det vertikala utrymmet i sm\u00e5 tv\u00e4ttstugor<\/li>\n<li> Sk\u00e5pet \u00f6ver tv\u00e4ttmaskinen erbjuder praktiskt f\u00f6rvaringsutrymme utan att ta upp extra golvutrymme<\/li>\n<li> Den \u00f6vre hyllan och de tv\u00e5 \u00f6ppna facken i tv\u00e4ttmaskinsk\u00e5pet h\u00e5ller tv\u00e4ttmedel och handdukar alltid inom r\u00e4ckh\u00e5ll<\/li>\n<li> Robust sp\u00e5nskivekonstruktion av tv\u00e4ttmaskinsk\u00e5pet f\u00f6rblir stabil f\u00f6r familjers hektiska tv\u00e4ttrutiner<\/li>\n<li> Kippskyddssatser ger s\u00e4kerhet i gemensamma hush\u00e5ll och vid daglig anv\u00e4ndning<\/li>\n<li> Rent vitt finish ljusar upp kompakta utrymmen med ett lugnt, modernt utseende<\/li>\n<li> Montering kr\u00e4vs<\/li>\n<\/ul>\n<p> Tekniska data:<\/p>\n<ul>\n<li> F\u00e4rg: Vit<\/li>\n<li> Material: Sp\u00e5nskiva<\/li>\n<li> Totala dimensioner: 96B x 60T x 90,5H cm<\/li>\n<li> Undre utrymme: (f\u00f6r tv\u00e4ttmaskin) 61,8B x 58,1T x 88,8H cm<\/li>\n<li> Fackstorlek: 30,4B x 58,5T x 42,8\/43,4H cm<\/li>\n<li> H\u00f6jd p\u00e5 bakstycket till golvet: 51,8\/14,8 cm<\/li>\n<li> Belastningskapacitet: 20 kg (totalt), 10 kg (ovanp\u00e5), 5 kg (hylla)<\/li>\n<\/ul>\n<p>Leveransinneh\u00e5ll:<\/p>\n<ul>\n<li> 1 x Tv\u00e4ttmaskinsk\u00e5p<\/li>\n<li> 1 x Instruktioner<\/li>\n<\/ul>\n","protected":false},"excerpt":{"rendered":"<p>Tv\u00e4tten blir kaotisk utan en fast plats f\u00f6r viktiga saker &#8211; s\u00e4rskilt i sm\u00e5 l\u00e4genheter. [BRAND NAME] tv\u00e4ttmaskinsk\u00e5pet \u00f6ver tv\u00e4ttmaskinen&#8230;<\/p>\n","protected":false},"featured_media":101979,"template":"","meta":[],"product_brand":[],"product_cat":[915,535,871],"product_tag":[],"class_list":{"0":"post-101988","1":"product","2":"type-product","3":"status-publish","4":"has-post-thumbnail","6":"product_cat-badrum","7":"product_cat-badrumsskap","8":"product_cat-hus-hem","10":"first","11":"instock","12":"sale","13":"taxable","14":"shipping-taxable","15":"purchasable","16":"product-type-simple"},"yoast_head":"<!-- This site is optimized with the Yoast SEO plugin v25.4 - https:\/\/yoast.com\/wordpress\/plugins\/seo\/ -->\n<title>TRUUSK Sk\u00e5p \u00f6ver Tv\u00e4ttmaskin - Badrumsorganisat\u00f6r \u00f6ver Toalett - Med \u00f6ppna Hyllor - F\u00f6r Tv\u00e4ttstuga - Vit - TRUUSK - Hem, Tr\u00e4dg\u00e5rd &amp; Fritid<\/title>\n<meta name=\"robots\" content=\"index, follow, max-snippet:-1, max-image-preview:large, max-video-preview:-1\" \/>\n<link rel=\"canonical\" href=\"https:\/\/truusk.store\/sv\/produkt\/truusk-skap-over-tvattmaskin-badrumsorganisator-over-toalett-med-oppna-hyllor-for-tvattstuga-vit\/\" \/>\n<meta property=\"og:locale\" content=\"sv_SE\" \/>\n<meta property=\"og:type\" content=\"article\" \/>\n<meta property=\"og:title\" content=\"TRUUSK Sk\u00e5p \u00f6ver Tv\u00e4ttmaskin - Badrumsorganisat\u00f6r \u00f6ver Toalett - Med \u00f6ppna Hyllor - F\u00f6r Tv\u00e4ttstuga - Vit - TRUUSK - Hem, Tr\u00e4dg\u00e5rd &amp; Fritid\" \/>\n<meta property=\"og:description\" content=\"Tv\u00e4tten blir kaotisk utan en fast plats f\u00f6r viktiga saker &#8211; s\u00e4rskilt i sm\u00e5 l\u00e4genheter. [BRAND NAME] tv\u00e4ttmaskinsk\u00e5pet \u00f6ver tv\u00e4ttmaskinen...\" \/>\n<meta property=\"og:url\" content=\"https:\/\/truusk.store\/sv\/produkt\/truusk-skap-over-tvattmaskin-badrumsorganisator-over-toalett-med-oppna-hyllor-for-tvattstuga-vit\/\" \/>\n<meta property=\"og:site_name\" content=\"TRUUSK - Hem, Tr\u00e4dg\u00e5rd &amp; Fritid\" \/>\n<meta property=\"article:modified_time\" content=\"2026-03-12T07:49:05+00:00\" \/>\n<meta property=\"og:image\" content=\"https:\/\/i0.wp.com\/truusk.se\/wp-content\/uploads\/2026\/01\/skap-over-tvattmaskin-badrumsorganisator-over-toalett-med-oppna-hyllor-for-tvattstuga-vit-1.webp?fit=2000%2C2000&ssl=1\" \/>\n\t<meta property=\"og:image:width\" content=\"2000\" \/>\n\t<meta property=\"og:image:height\" content=\"2000\" \/>\n\t<meta property=\"og:image:type\" content=\"image\/webp\" \/>\n<meta name=\"twitter:card\" content=\"summary_large_image\" \/>\n<meta name=\"twitter:label1\" content=\"Ber\u00e4knad l\u00e4stid\" \/>\n\t<meta name=\"twitter:data1\" content=\"1 minut\" \/>\n<!-- \/ Yoast SEO plugin. -->","yoast_head_json":{"title":"TRUUSK Sk\u00e5p \u00f6ver Tv\u00e4ttmaskin - Badrumsorganisat\u00f6r \u00f6ver Toalett - Med \u00f6ppna Hyllor - F\u00f6r Tv\u00e4ttstuga - Vit - TRUUSK - Hem, Tr\u00e4dg\u00e5rd &amp; Fritid","robots":{"index":"index","follow":"follow","max-snippet":"max-snippet:-1","max-image-preview":"max-image-preview:large","max-video-preview":"max-video-preview:-1"},"canonical":"https:\/\/truusk.store\/sv\/produkt\/truusk-skap-over-tvattmaskin-badrumsorganisator-over-toalett-med-oppna-hyllor-for-tvattstuga-vit\/","og_locale":"sv_SE","og_type":"article","og_title":"TRUUSK Sk\u00e5p \u00f6ver Tv\u00e4ttmaskin - Badrumsorganisat\u00f6r \u00f6ver Toalett - Med \u00f6ppna Hyllor - F\u00f6r Tv\u00e4ttstuga - Vit - TRUUSK - Hem, Tr\u00e4dg\u00e5rd &amp; Fritid","og_description":"Tv\u00e4tten blir kaotisk utan en fast plats f\u00f6r viktiga saker &#8211; s\u00e4rskilt i sm\u00e5 l\u00e4genheter. [BRAND NAME] tv\u00e4ttmaskinsk\u00e5pet \u00f6ver tv\u00e4ttmaskinen...","og_url":"https:\/\/truusk.store\/sv\/produkt\/truusk-skap-over-tvattmaskin-badrumsorganisator-over-toalett-med-oppna-hyllor-for-tvattstuga-vit\/","og_site_name":"TRUUSK - Hem, Tr\u00e4dg\u00e5rd &amp; Fritid","article_modified_time":"2026-03-12T07:49:05+00:00","og_image":[{"width":2000,"height":2000,"url":"https:\/\/i0.wp.com\/truusk.se\/wp-content\/uploads\/2026\/01\/skap-over-tvattmaskin-badrumsorganisator-over-toalett-med-oppna-hyllor-for-tvattstuga-vit-1.webp?fit=2000%2C2000&ssl=1","type":"image\/webp"}],"twitter_card":"summary_large_image","twitter_misc":{"Ber\u00e4knad l\u00e4stid":"1 minut"},"schema":{"@context":"https:\/\/schema.org","@graph":[{"@type":"WebPage","@id":"https:\/\/truusk.store\/sv\/produkt\/truusk-skap-over-tvattmaskin-badrumsorganisator-over-toalett-med-oppna-hyllor-for-tvattstuga-vit\/","url":"https:\/\/truusk.store\/sv\/produkt\/truusk-skap-over-tvattmaskin-badrumsorganisator-over-toalett-med-oppna-hyllor-for-tvattstuga-vit\/","name":"TRUUSK Sk\u00e5p \u00f6ver Tv\u00e4ttmaskin - Badrumsorganisat\u00f6r \u00f6ver Toalett - Med \u00f6ppna Hyllor - F\u00f6r Tv\u00e4ttstuga - Vit - TRUUSK - Hem, Tr\u00e4dg\u00e5rd &amp; Fritid","isPartOf":{"@id":"https:\/\/truusk.store\/sv\/#website"},"primaryImageOfPage":{"@id":"https:\/\/truusk.store\/sv\/produkt\/truusk-skap-over-tvattmaskin-badrumsorganisator-over-toalett-med-oppna-hyllor-for-tvattstuga-vit\/#primaryimage"},"image":{"@id":"https:\/\/truusk.store\/sv\/produkt\/truusk-skap-over-tvattmaskin-badrumsorganisator-over-toalett-med-oppna-hyllor-for-tvattstuga-vit\/#primaryimage"},"thumbnailUrl":"https:\/\/i0.wp.com\/truusk.store\/wp-content\/uploads\/2026\/01\/skap-over-tvattmaskin-badrumsorganisator-over-toalett-med-oppna-hyllor-for-tvattstuga-vit-1.webp?fit=2000%2C2000&ssl=1","datePublished":"2026-01-28T05:26:22+00:00","dateModified":"2026-03-12T07:49:05+00:00","breadcrumb":{"@id":"https:\/\/truusk.store\/sv\/produkt\/truusk-skap-over-tvattmaskin-badrumsorganisator-over-toalett-med-oppna-hyllor-for-tvattstuga-vit\/#breadcrumb"},"inLanguage":"sv-SE","potentialAction":[{"@type":"ReadAction","target":["https:\/\/truusk.store\/sv\/produkt\/truusk-skap-over-tvattmaskin-badrumsorganisator-over-toalett-med-oppna-hyllor-for-tvattstuga-vit\/"]}]},{"@type":"ImageObject","inLanguage":"sv-SE","@id":"https:\/\/truusk.store\/sv\/produkt\/truusk-skap-over-tvattmaskin-badrumsorganisator-over-toalett-med-oppna-hyllor-for-tvattstuga-vit\/#primaryimage","url":"https:\/\/i0.wp.com\/truusk.store\/wp-content\/uploads\/2026\/01\/skap-over-tvattmaskin-badrumsorganisator-over-toalett-med-oppna-hyllor-for-tvattstuga-vit-1.webp?fit=2000%2C2000&ssl=1","contentUrl":"https:\/\/i0.wp.com\/truusk.store\/wp-content\/uploads\/2026\/01\/skap-over-tvattmaskin-badrumsorganisator-over-toalett-med-oppna-hyllor-for-tvattstuga-vit-1.webp?fit=2000%2C2000&ssl=1","width":2000,"height":2000},{"@type":"BreadcrumbList","@id":"https:\/\/truusk.store\/sv\/produkt\/truusk-skap-over-tvattmaskin-badrumsorganisator-over-toalett-med-oppna-hyllor-for-tvattstuga-vit\/#breadcrumb","itemListElement":[{"@type":"ListItem","position":1,"name":"Home","item":"https:\/\/truusk.store\/sv\/"},{"@type":"ListItem","position":2,"name":"Shop","item":"https:\/\/truusk.store\/shop\/"},{"@type":"ListItem","position":3,"name":"TRUUSK Sk\u00e5p \u00f6ver Tv\u00e4ttmaskin &#8211; Badrumsorganisat\u00f6r \u00f6ver Toalett &#8211; Med \u00f6ppna Hyllor &#8211; F\u00f6r Tv\u00e4ttstuga &#8211; Vit"}]},{"@type":"WebSite","@id":"https:\/\/truusk.store\/sv\/#website","url":"https:\/\/truusk.store\/sv\/","name":"TRUUSK - Hem, Tr\u00e4dg\u00e5rd & Fritid","description":"","publisher":{"@id":"https:\/\/truusk.store\/sv\/#organization"},"potentialAction":[{"@type":"SearchAction","target":{"@type":"EntryPoint","urlTemplate":"https:\/\/truusk.store\/sv\/?s={search_term_string}"},"query-input":{"@type":"PropertyValueSpecification","valueRequired":true,"valueName":"search_term_string"}}],"inLanguage":"sv-SE"},{"@type":"Organization","@id":"https:\/\/truusk.store\/sv\/#organization","name":"TRUUSK - Hem, Tr\u00e4dg\u00e5rd & Fritid","url":"https:\/\/truusk.store\/sv\/","logo":{"@type":"ImageObject","inLanguage":"sv-SE","@id":"https:\/\/truusk.store\/sv\/#\/schema\/logo\/image\/","url":"https:\/\/i0.wp.com\/truusk.store\/wp-content\/uploads\/2026\/03\/cropped-TRUUSK.png?fit=2032%2C917&ssl=1","contentUrl":"https:\/\/i0.wp.com\/truusk.store\/wp-content\/uploads\/2026\/03\/cropped-TRUUSK.png?fit=2032%2C917&ssl=1","width":2032,"height":917,"caption":"TRUUSK - Hem, Tr\u00e4dg\u00e5rd & Fritid"},"image":{"@id":"https:\/\/truusk.store\/sv\/#\/schema\/logo\/image\/"}}]}},"jetpack_sharing_enabled":true,"_links":{"self":[{"href":"https:\/\/truusk.store\/sv\/wp-json\/wp\/v2\/product\/101988","targetHints":{"allow":["GET"]}}],"collection":[{"href":"https:\/\/truusk.store\/sv\/wp-json\/wp\/v2\/product"}],"about":[{"href":"https:\/\/truusk.store\/sv\/wp-json\/wp\/v2\/types\/product"}],"wp:featuredmedia":[{"embeddable":true,"href":"https:\/\/truusk.store\/sv\/wp-json\/wp\/v2\/media\/101979"}],"wp:attachment":[{"href":"https:\/\/truusk.store\/sv\/wp-json\/wp\/v2\/media?parent=101988"}],"wp:term":[{"taxonomy":"product_brand","embeddable":true,"href":"https:\/\/truusk.store\/sv\/wp-json\/wp\/v2\/product_brand?post=101988"},{"taxonomy":"product_cat","embeddable":true,"href":"https:\/\/truusk.store\/sv\/wp-json\/wp\/v2\/product_cat?post=101988"},{"taxonomy":"product_tag","embeddable":true,"href":"https:\/\/truusk.store\/sv\/wp-json\/wp\/v2\/product_tag?post=101988"}],"curies":[{"name":"wp","href":"https:\/\/api.w.org\/{rel}","templated":true}]}}