{"id":101998,"date":"2026-01-28T06:27:17","date_gmt":"2026-01-28T05:27:17","guid":{"rendered":"https:\/\/truusk.store\/product\/tvattstallsskap-badrumsskap-med-mjukstangande-dorrar-vit-60-x-35-x-579-cm\/"},"modified":"2026-03-12T08:49:05","modified_gmt":"2026-03-12T07:49:05","slug":"truusk-badrumsskap-mjukstangande-dorrar-vit-60-x-35-x-579-cm","status":"publish","type":"product","link":"https:\/\/truusk.store\/sv\/produkt\/truusk-badrumsskap-mjukstangande-dorrar-vit-60-x-35-x-579-cm\/","title":{"rendered":"TRUUSK Badrumssk\u00e5p &#8211; Mjukst\u00e4ngande d\u00f6rrar &#8211; Vit &#8211; 60 x 35 x 57,9 cm"},"content":{"rendered":"<p>St\u00f6rd av oordning i badrummet och h\u00f6gljudda sk\u00e5pd\u00f6rrar som f\u00f6rst\u00f6r din lugn? [BRAND NAME] undersk\u00e5p f\u00f6r handfatet erbjuder en l\u00f6sning. Den d\u00f6ljer dina toalettartiklar i det rymliga inre och ger ett st\u00e4dat utseende. Tack vare de mjukt st\u00e4ngande d\u00f6rrarna f\u00f6rblir ditt hem en oas av lugn, och din dagliga ritual blir en avkopplande, v\u00e4lorganiserad process.<\/p>\n<p>Beskrivning:<\/p>\n<ul>\n<li> U-format sp\u00e5r i badrumssk\u00e5pet passar snyggt till v\u00e4ggmonterade handfat<\/li>\n<li> Rymligt inre d\u00f6ljer toalettartiklar och h\u00e5ller b\u00e4nkskivorna rena<\/li>\n<li> Har mjukt st\u00e4ngande g\u00e5ngj\u00e4rn som garanterar en tyst och sm\u00e4llfri st\u00e4ngning av d\u00f6rren<\/li>\n<li> Tillverkad av robust sp\u00e5nskiva och MDF med en melaminbel\u00e4ggning f\u00f6r l\u00e5ngvarig anv\u00e4ndning<\/li>\n<li> Inkluderar ett set f\u00f6r tippskydd f\u00f6r att s\u00e4kra mot v\u00e4ggen, \u00f6kar s\u00e4kerheten<\/li>\n<li> Modern tv\u00e5f\u00e4rgad design ger ditt badrum en stilfull look direkt<\/li>\n<li> Montering kr\u00e4vs<\/li>\n<\/ul>\n<p> Tekniska specifikationer:<\/p>\n<ul>\n<li> F\u00e4rg: Vit+Naturtr\u00e4<\/li>\n<li> Material: Sp\u00e5nskiva, MDF<\/li>\n<li> Totala dimensioner: 60B x 35D x 57,9H cm<\/li>\n<li> U-format klippstorlek: 15B x 22D cm<\/li>\n<li> Passande bass\u00e4ngstorlek: 60B x 35D cm<\/li>\n<li> Sk\u00e5pinsida dimensioner: 57,5B x 32D x 46,1H cm<\/li>\n<li> Golvh\u00f6jd fr\u00e5n golvet: 0,5 cm<\/li>\n<li> Maximal belastning: 20 kg (totalt), 10 kg (b\u00e4nkskiva\/hylla)<\/li>\n<\/ul>\n<p>Leverans inneh\u00e5ller:<\/p>\n<ul>\n<li> 1 x undersk\u00e5p f\u00f6r badrummet<\/li>\n<li> 1 x bruksanvisning<\/li>\n<\/ul>\n","protected":false},"excerpt":{"rendered":"<p>St\u00f6rd av oordning i badrummet och h\u00f6gljudda sk\u00e5pd\u00f6rrar som f\u00f6rst\u00f6r din lugn? [BRAND NAME] undersk\u00e5p f\u00f6r handfatet erbjuder en l\u00f6sning&#8230;.<\/p>\n","protected":false},"featured_media":101989,"template":"","meta":[],"product_brand":[],"product_cat":[915,535,871],"product_tag":[],"class_list":{"0":"post-101998","1":"product","2":"type-product","3":"status-publish","4":"has-post-thumbnail","6":"product_cat-badrum","7":"product_cat-badrumsskap","8":"product_cat-hus-hem","10":"first","11":"instock","12":"sale","13":"taxable","14":"shipping-taxable","15":"purchasable","16":"product-type-simple"},"yoast_head":"<!-- This site is optimized with the Yoast SEO plugin v25.4 - https:\/\/yoast.com\/wordpress\/plugins\/seo\/ -->\n<title>TRUUSK Badrumssk\u00e5p - Mjukst\u00e4ngande d\u00f6rrar - Vit - 60 x 35 x 57,9 cm - TRUUSK - Hem, Tr\u00e4dg\u00e5rd &amp; Fritid<\/title>\n<meta name=\"robots\" content=\"index, follow, max-snippet:-1, max-image-preview:large, max-video-preview:-1\" \/>\n<link rel=\"canonical\" href=\"https:\/\/truusk.store\/sv\/produkt\/truusk-badrumsskap-mjukstangande-dorrar-vit-60-x-35-x-579-cm\/\" \/>\n<meta property=\"og:locale\" content=\"sv_SE\" \/>\n<meta property=\"og:type\" content=\"article\" \/>\n<meta property=\"og:title\" content=\"TRUUSK Badrumssk\u00e5p - Mjukst\u00e4ngande d\u00f6rrar - Vit - 60 x 35 x 57,9 cm - TRUUSK - Hem, Tr\u00e4dg\u00e5rd &amp; Fritid\" \/>\n<meta property=\"og:description\" content=\"St\u00f6rd av oordning i badrummet och h\u00f6gljudda sk\u00e5pd\u00f6rrar som f\u00f6rst\u00f6r din lugn? [BRAND NAME] undersk\u00e5p f\u00f6r handfatet erbjuder en l\u00f6sning....\" \/>\n<meta property=\"og:url\" content=\"https:\/\/truusk.store\/sv\/produkt\/truusk-badrumsskap-mjukstangande-dorrar-vit-60-x-35-x-579-cm\/\" \/>\n<meta property=\"og:site_name\" content=\"TRUUSK - Hem, Tr\u00e4dg\u00e5rd &amp; Fritid\" \/>\n<meta property=\"article:modified_time\" content=\"2026-03-12T07:49:05+00:00\" \/>\n<meta property=\"og:image\" content=\"https:\/\/i0.wp.com\/truusk.se\/wp-content\/uploads\/2026\/01\/tvattstallsskap-badrumsskap-med-mjukstangande-dorrar-vit-60-x-35-x-579-cm-1.webp?fit=2000%2C2000&ssl=1\" \/>\n\t<meta property=\"og:image:width\" content=\"2000\" \/>\n\t<meta property=\"og:image:height\" content=\"2000\" \/>\n\t<meta property=\"og:image:type\" content=\"image\/webp\" \/>\n<meta name=\"twitter:card\" content=\"summary_large_image\" \/>\n<meta name=\"twitter:label1\" content=\"Ber\u00e4knad l\u00e4stid\" \/>\n\t<meta name=\"twitter:data1\" content=\"1 minut\" \/>\n<!-- \/ Yoast SEO plugin. -->","yoast_head_json":{"title":"TRUUSK Badrumssk\u00e5p - Mjukst\u00e4ngande d\u00f6rrar - Vit - 60 x 35 x 57,9 cm - TRUUSK - Hem, Tr\u00e4dg\u00e5rd &amp; Fritid","robots":{"index":"index","follow":"follow","max-snippet":"max-snippet:-1","max-image-preview":"max-image-preview:large","max-video-preview":"max-video-preview:-1"},"canonical":"https:\/\/truusk.store\/sv\/produkt\/truusk-badrumsskap-mjukstangande-dorrar-vit-60-x-35-x-579-cm\/","og_locale":"sv_SE","og_type":"article","og_title":"TRUUSK Badrumssk\u00e5p - Mjukst\u00e4ngande d\u00f6rrar - Vit - 60 x 35 x 57,9 cm - TRUUSK - Hem, Tr\u00e4dg\u00e5rd &amp; Fritid","og_description":"St\u00f6rd av oordning i badrummet och h\u00f6gljudda sk\u00e5pd\u00f6rrar som f\u00f6rst\u00f6r din lugn? [BRAND NAME] undersk\u00e5p f\u00f6r handfatet erbjuder en l\u00f6sning....","og_url":"https:\/\/truusk.store\/sv\/produkt\/truusk-badrumsskap-mjukstangande-dorrar-vit-60-x-35-x-579-cm\/","og_site_name":"TRUUSK - Hem, Tr\u00e4dg\u00e5rd &amp; Fritid","article_modified_time":"2026-03-12T07:49:05+00:00","og_image":[{"width":2000,"height":2000,"url":"https:\/\/i0.wp.com\/truusk.se\/wp-content\/uploads\/2026\/01\/tvattstallsskap-badrumsskap-med-mjukstangande-dorrar-vit-60-x-35-x-579-cm-1.webp?fit=2000%2C2000&ssl=1","type":"image\/webp"}],"twitter_card":"summary_large_image","twitter_misc":{"Ber\u00e4knad l\u00e4stid":"1 minut"},"schema":{"@context":"https:\/\/schema.org","@graph":[{"@type":"WebPage","@id":"https:\/\/truusk.store\/sv\/produkt\/truusk-badrumsskap-mjukstangande-dorrar-vit-60-x-35-x-579-cm\/","url":"https:\/\/truusk.store\/sv\/produkt\/truusk-badrumsskap-mjukstangande-dorrar-vit-60-x-35-x-579-cm\/","name":"TRUUSK Badrumssk\u00e5p - Mjukst\u00e4ngande d\u00f6rrar - Vit - 60 x 35 x 57,9 cm - TRUUSK - Hem, Tr\u00e4dg\u00e5rd &amp; Fritid","isPartOf":{"@id":"https:\/\/truusk.store\/sv\/#website"},"primaryImageOfPage":{"@id":"https:\/\/truusk.store\/sv\/produkt\/truusk-badrumsskap-mjukstangande-dorrar-vit-60-x-35-x-579-cm\/#primaryimage"},"image":{"@id":"https:\/\/truusk.store\/sv\/produkt\/truusk-badrumsskap-mjukstangande-dorrar-vit-60-x-35-x-579-cm\/#primaryimage"},"thumbnailUrl":"https:\/\/i0.wp.com\/truusk.store\/wp-content\/uploads\/2026\/01\/tvattstallsskap-badrumsskap-med-mjukstangande-dorrar-vit-60-x-35-x-579-cm-1.webp?fit=2000%2C2000&ssl=1","datePublished":"2026-01-28T05:27:17+00:00","dateModified":"2026-03-12T07:49:05+00:00","breadcrumb":{"@id":"https:\/\/truusk.store\/sv\/produkt\/truusk-badrumsskap-mjukstangande-dorrar-vit-60-x-35-x-579-cm\/#breadcrumb"},"inLanguage":"sv-SE","potentialAction":[{"@type":"ReadAction","target":["https:\/\/truusk.store\/sv\/produkt\/truusk-badrumsskap-mjukstangande-dorrar-vit-60-x-35-x-579-cm\/"]}]},{"@type":"ImageObject","inLanguage":"sv-SE","@id":"https:\/\/truusk.store\/sv\/produkt\/truusk-badrumsskap-mjukstangande-dorrar-vit-60-x-35-x-579-cm\/#primaryimage","url":"https:\/\/i0.wp.com\/truusk.store\/wp-content\/uploads\/2026\/01\/tvattstallsskap-badrumsskap-med-mjukstangande-dorrar-vit-60-x-35-x-579-cm-1.webp?fit=2000%2C2000&ssl=1","contentUrl":"https:\/\/i0.wp.com\/truusk.store\/wp-content\/uploads\/2026\/01\/tvattstallsskap-badrumsskap-med-mjukstangande-dorrar-vit-60-x-35-x-579-cm-1.webp?fit=2000%2C2000&ssl=1","width":2000,"height":2000},{"@type":"BreadcrumbList","@id":"https:\/\/truusk.store\/sv\/produkt\/truusk-badrumsskap-mjukstangande-dorrar-vit-60-x-35-x-579-cm\/#breadcrumb","itemListElement":[{"@type":"ListItem","position":1,"name":"Home","item":"https:\/\/truusk.store\/sv\/"},{"@type":"ListItem","position":2,"name":"Shop","item":"https:\/\/truusk.store\/shop\/"},{"@type":"ListItem","position":3,"name":"TRUUSK Badrumssk\u00e5p &#8211; Mjukst\u00e4ngande d\u00f6rrar &#8211; Vit &#8211; 60 x 35 x 57,9 cm"}]},{"@type":"WebSite","@id":"https:\/\/truusk.store\/sv\/#website","url":"https:\/\/truusk.store\/sv\/","name":"TRUUSK - Hem, Tr\u00e4dg\u00e5rd & Fritid","description":"","publisher":{"@id":"https:\/\/truusk.store\/sv\/#organization"},"potentialAction":[{"@type":"SearchAction","target":{"@type":"EntryPoint","urlTemplate":"https:\/\/truusk.store\/sv\/?s={search_term_string}"},"query-input":{"@type":"PropertyValueSpecification","valueRequired":true,"valueName":"search_term_string"}}],"inLanguage":"sv-SE"},{"@type":"Organization","@id":"https:\/\/truusk.store\/sv\/#organization","name":"TRUUSK - Hem, Tr\u00e4dg\u00e5rd & Fritid","url":"https:\/\/truusk.store\/sv\/","logo":{"@type":"ImageObject","inLanguage":"sv-SE","@id":"https:\/\/truusk.store\/sv\/#\/schema\/logo\/image\/","url":"https:\/\/i0.wp.com\/truusk.store\/wp-content\/uploads\/2026\/03\/cropped-TRUUSK.png?fit=2032%2C917&ssl=1","contentUrl":"https:\/\/i0.wp.com\/truusk.store\/wp-content\/uploads\/2026\/03\/cropped-TRUUSK.png?fit=2032%2C917&ssl=1","width":2032,"height":917,"caption":"TRUUSK - Hem, Tr\u00e4dg\u00e5rd & Fritid"},"image":{"@id":"https:\/\/truusk.store\/sv\/#\/schema\/logo\/image\/"}}]}},"jetpack_sharing_enabled":true,"_links":{"self":[{"href":"https:\/\/truusk.store\/sv\/wp-json\/wp\/v2\/product\/101998","targetHints":{"allow":["GET"]}}],"collection":[{"href":"https:\/\/truusk.store\/sv\/wp-json\/wp\/v2\/product"}],"about":[{"href":"https:\/\/truusk.store\/sv\/wp-json\/wp\/v2\/types\/product"}],"wp:featuredmedia":[{"embeddable":true,"href":"https:\/\/truusk.store\/sv\/wp-json\/wp\/v2\/media\/101989"}],"wp:attachment":[{"href":"https:\/\/truusk.store\/sv\/wp-json\/wp\/v2\/media?parent=101998"}],"wp:term":[{"taxonomy":"product_brand","embeddable":true,"href":"https:\/\/truusk.store\/sv\/wp-json\/wp\/v2\/product_brand?post=101998"},{"taxonomy":"product_cat","embeddable":true,"href":"https:\/\/truusk.store\/sv\/wp-json\/wp\/v2\/product_cat?post=101998"},{"taxonomy":"product_tag","embeddable":true,"href":"https:\/\/truusk.store\/sv\/wp-json\/wp\/v2\/product_tag?post=101998"}],"curies":[{"name":"wp","href":"https:\/\/api.w.org\/{rel}","templated":true}]}}