{"id":102018,"date":"2026-01-28T06:29:24","date_gmt":"2026-01-28T05:29:24","guid":{"rendered":"https:\/\/truusk.store\/product\/ruschbil-dino-design-ratt-ljus-ljud-4-hjul-kramvitbrun\/"},"modified":"2026-03-12T08:49:07","modified_gmt":"2026-03-12T07:49:07","slug":"truusk-ruschbil-i-dino-design-med-ratt-och-ljudeffekter-4-hjul-kramvit-och-brun","status":"publish","type":"product","link":"https:\/\/truusk.store\/sv\/produkt\/truusk-ruschbil-i-dino-design-med-ratt-och-ljudeffekter-4-hjul-kramvit-och-brun\/","title":{"rendered":"TRUUSK Ruschbil i Dino-design &#8211; Med ratt och ljudeffekter &#8211; 4 hjul &#8211; Kr\u00e4mvit och brun"},"content":{"rendered":"<p>Det [BRAND NAME] dinosaurieglidbilen h\u00e5ller ditt sm\u00e5barn underh\u00e5llna och fr\u00e4mjar balans samt sj\u00e4lvf\u00f6rtroende. De tysta hjulen p\u00e5 glidbilen ger en mjuk \u00e5ktur och skyddar ditt hem fr\u00e5n buller och slitage. Dessutom omvandlar det interaktiva ratten med ljus och musik orolig energi till glad, tyst uppt\u00e4ckt.<\/p>\n<p>Beskrivning:<\/p>\n<ul>\n<li> Glidbilen fr\u00e4mjar balans och benstyrka med en l\u00e5g, s\u00e4ker design<\/li>\n<li> Interaktiv ratt med ljus och ljud stimulerar ditt barns sinnen<\/li>\n<li> Fyra ljudl\u00f6sa universalhjul p\u00e5 glidbilen ger en lugn, mjuk \u00e5ktur p\u00e5 golv<\/li>\n<li> Har ett dolt f\u00f6rvaringsfack under s\u00e4tet f\u00f6r favoritleksaker<\/li>\n<li> S\u00f6tt dinosauriedesign i mjuka toner l\u00e4gger till lekfull charm inomhus<\/li>\n<li> Glidbilen \u00e4r tillverkad av solida, barnv\u00e4nliga material, b\u00e4r en vikt p\u00e5 upp till 25 kg<\/li>\n<li> Levereras med batterier f\u00f6r omedelbar kul direkt fr\u00e5n f\u00f6rpackningen<\/li>\n<li> Montering kr\u00e4vs<\/li>\n<\/ul>\n<p> Tekniska data:<\/p>\n<ul>\n<li> F\u00e4rg: Kr\u00e4mvit<\/li>\n<li> Material: Plast, ABS, Metall<\/li>\n<li> Totala dimensioner: 52L x 24B x 38H cm<\/li>\n<li> Sitsstorlek: 20B x 18T cm<\/li>\n<li> Sitth\u00f6jd: 21,5 cm<\/li>\n<li> F\u00f6rvaringsfack: 16,5B x 14T x 9,5H cm<\/li>\n<li> Konstl\u00e4derhjul: \u00d84 cm<\/li>\n<li> Godk\u00e4nd \u00e5lder: 18 m\u00e5nader+<\/li>\n<li> Rekommenderad \u00e5lder: 18-36 m\u00e5nader<\/li>\n<li> B\u00e4rkapacitet: 25 kg<\/li>\n<\/ul>\n<p>Leveransinneh\u00e5ll:<\/p>\n<ul>\n<li> 1 x Barn-glidbil<\/li>\n<li> 1 x Bruksanvisning<\/li>\n<\/ul>\n","protected":false},"excerpt":{"rendered":"<p>Det [BRAND NAME] dinosaurieglidbilen h\u00e5ller ditt sm\u00e5barn underh\u00e5llna och fr\u00e4mjar balans samt sj\u00e4lvf\u00f6rtroende. De tysta hjulen p\u00e5 glidbilen ger en&#8230;<\/p>\n","protected":false},"featured_media":102009,"template":"","meta":[],"product_brand":[],"product_cat":[880,952,610],"product_tag":[],"class_list":{"0":"post-102018","1":"product","2":"type-product","3":"status-publish","4":"has-post-thumbnail","6":"product_cat-baby-barn-2","7":"product_cat-balanscyklar-och-akfordon","8":"product_cat-barnfordon","10":"first","11":"instock","12":"sale","13":"taxable","14":"shipping-taxable","15":"purchasable","16":"product-type-simple"},"yoast_head":"<!-- This site is optimized with the Yoast SEO plugin v25.4 - https:\/\/yoast.com\/wordpress\/plugins\/seo\/ -->\n<title>TRUUSK Ruschbil i Dino-design - Med ratt och ljudeffekter - 4 hjul - Kr\u00e4mvit och brun - TRUUSK - Hem, Tr\u00e4dg\u00e5rd &amp; Fritid<\/title>\n<meta name=\"robots\" content=\"index, follow, max-snippet:-1, max-image-preview:large, max-video-preview:-1\" \/>\n<link rel=\"canonical\" href=\"https:\/\/truusk.store\/sv\/produkt\/truusk-ruschbil-i-dino-design-med-ratt-och-ljudeffekter-4-hjul-kramvit-och-brun\/\" \/>\n<meta property=\"og:locale\" content=\"sv_SE\" \/>\n<meta property=\"og:type\" content=\"article\" \/>\n<meta property=\"og:title\" content=\"TRUUSK Ruschbil i Dino-design - Med ratt och ljudeffekter - 4 hjul - Kr\u00e4mvit och brun - TRUUSK - Hem, Tr\u00e4dg\u00e5rd &amp; Fritid\" \/>\n<meta property=\"og:description\" content=\"Det [BRAND NAME] dinosaurieglidbilen h\u00e5ller ditt sm\u00e5barn underh\u00e5llna och fr\u00e4mjar balans samt sj\u00e4lvf\u00f6rtroende. De tysta hjulen p\u00e5 glidbilen ger en...\" \/>\n<meta property=\"og:url\" content=\"https:\/\/truusk.store\/sv\/produkt\/truusk-ruschbil-i-dino-design-med-ratt-och-ljudeffekter-4-hjul-kramvit-och-brun\/\" \/>\n<meta property=\"og:site_name\" content=\"TRUUSK - Hem, Tr\u00e4dg\u00e5rd &amp; Fritid\" \/>\n<meta property=\"article:modified_time\" content=\"2026-03-12T07:49:07+00:00\" \/>\n<meta property=\"og:image\" content=\"https:\/\/i0.wp.com\/truusk.se\/wp-content\/uploads\/2026\/01\/ruschbil-dino-design-ratt-ljus-ljud-4-hjul-kramvitbrun-1.webp?fit=2000%2C2000&ssl=1\" \/>\n\t<meta property=\"og:image:width\" content=\"2000\" \/>\n\t<meta property=\"og:image:height\" content=\"2000\" \/>\n\t<meta property=\"og:image:type\" content=\"image\/webp\" \/>\n<meta name=\"twitter:card\" content=\"summary_large_image\" \/>\n<meta name=\"twitter:label1\" content=\"Ber\u00e4knad l\u00e4stid\" \/>\n\t<meta name=\"twitter:data1\" content=\"1 minut\" \/>\n<!-- \/ Yoast SEO plugin. -->","yoast_head_json":{"title":"TRUUSK Ruschbil i Dino-design - Med ratt och ljudeffekter - 4 hjul - Kr\u00e4mvit och brun - TRUUSK - Hem, Tr\u00e4dg\u00e5rd &amp; Fritid","robots":{"index":"index","follow":"follow","max-snippet":"max-snippet:-1","max-image-preview":"max-image-preview:large","max-video-preview":"max-video-preview:-1"},"canonical":"https:\/\/truusk.store\/sv\/produkt\/truusk-ruschbil-i-dino-design-med-ratt-och-ljudeffekter-4-hjul-kramvit-och-brun\/","og_locale":"sv_SE","og_type":"article","og_title":"TRUUSK Ruschbil i Dino-design - Med ratt och ljudeffekter - 4 hjul - Kr\u00e4mvit och brun - TRUUSK - Hem, Tr\u00e4dg\u00e5rd &amp; Fritid","og_description":"Det [BRAND NAME] dinosaurieglidbilen h\u00e5ller ditt sm\u00e5barn underh\u00e5llna och fr\u00e4mjar balans samt sj\u00e4lvf\u00f6rtroende. De tysta hjulen p\u00e5 glidbilen ger en...","og_url":"https:\/\/truusk.store\/sv\/produkt\/truusk-ruschbil-i-dino-design-med-ratt-och-ljudeffekter-4-hjul-kramvit-och-brun\/","og_site_name":"TRUUSK - Hem, Tr\u00e4dg\u00e5rd &amp; Fritid","article_modified_time":"2026-03-12T07:49:07+00:00","og_image":[{"width":2000,"height":2000,"url":"https:\/\/i0.wp.com\/truusk.se\/wp-content\/uploads\/2026\/01\/ruschbil-dino-design-ratt-ljus-ljud-4-hjul-kramvitbrun-1.webp?fit=2000%2C2000&ssl=1","type":"image\/webp"}],"twitter_card":"summary_large_image","twitter_misc":{"Ber\u00e4knad l\u00e4stid":"1 minut"},"schema":{"@context":"https:\/\/schema.org","@graph":[{"@type":"WebPage","@id":"https:\/\/truusk.store\/sv\/produkt\/truusk-ruschbil-i-dino-design-med-ratt-och-ljudeffekter-4-hjul-kramvit-och-brun\/","url":"https:\/\/truusk.store\/sv\/produkt\/truusk-ruschbil-i-dino-design-med-ratt-och-ljudeffekter-4-hjul-kramvit-och-brun\/","name":"TRUUSK Ruschbil i Dino-design - Med ratt och ljudeffekter - 4 hjul - Kr\u00e4mvit och brun - TRUUSK - Hem, Tr\u00e4dg\u00e5rd &amp; Fritid","isPartOf":{"@id":"https:\/\/truusk.store\/sv\/#website"},"primaryImageOfPage":{"@id":"https:\/\/truusk.store\/sv\/produkt\/truusk-ruschbil-i-dino-design-med-ratt-och-ljudeffekter-4-hjul-kramvit-och-brun\/#primaryimage"},"image":{"@id":"https:\/\/truusk.store\/sv\/produkt\/truusk-ruschbil-i-dino-design-med-ratt-och-ljudeffekter-4-hjul-kramvit-och-brun\/#primaryimage"},"thumbnailUrl":"https:\/\/i0.wp.com\/truusk.store\/wp-content\/uploads\/2026\/01\/ruschbil-dino-design-ratt-ljus-ljud-4-hjul-kramvitbrun-1.webp?fit=2000%2C2000&ssl=1","datePublished":"2026-01-28T05:29:24+00:00","dateModified":"2026-03-12T07:49:07+00:00","breadcrumb":{"@id":"https:\/\/truusk.store\/sv\/produkt\/truusk-ruschbil-i-dino-design-med-ratt-och-ljudeffekter-4-hjul-kramvit-och-brun\/#breadcrumb"},"inLanguage":"sv-SE","potentialAction":[{"@type":"ReadAction","target":["https:\/\/truusk.store\/sv\/produkt\/truusk-ruschbil-i-dino-design-med-ratt-och-ljudeffekter-4-hjul-kramvit-och-brun\/"]}]},{"@type":"ImageObject","inLanguage":"sv-SE","@id":"https:\/\/truusk.store\/sv\/produkt\/truusk-ruschbil-i-dino-design-med-ratt-och-ljudeffekter-4-hjul-kramvit-och-brun\/#primaryimage","url":"https:\/\/i0.wp.com\/truusk.store\/wp-content\/uploads\/2026\/01\/ruschbil-dino-design-ratt-ljus-ljud-4-hjul-kramvitbrun-1.webp?fit=2000%2C2000&ssl=1","contentUrl":"https:\/\/i0.wp.com\/truusk.store\/wp-content\/uploads\/2026\/01\/ruschbil-dino-design-ratt-ljus-ljud-4-hjul-kramvitbrun-1.webp?fit=2000%2C2000&ssl=1","width":2000,"height":2000},{"@type":"BreadcrumbList","@id":"https:\/\/truusk.store\/sv\/produkt\/truusk-ruschbil-i-dino-design-med-ratt-och-ljudeffekter-4-hjul-kramvit-och-brun\/#breadcrumb","itemListElement":[{"@type":"ListItem","position":1,"name":"Home","item":"https:\/\/truusk.store\/sv\/"},{"@type":"ListItem","position":2,"name":"Shop","item":"https:\/\/truusk.store\/shop\/"},{"@type":"ListItem","position":3,"name":"TRUUSK Ruschbil i Dino-design &#8211; Med ratt och ljudeffekter &#8211; 4 hjul &#8211; Kr\u00e4mvit och brun"}]},{"@type":"WebSite","@id":"https:\/\/truusk.store\/sv\/#website","url":"https:\/\/truusk.store\/sv\/","name":"TRUUSK - Hem, Tr\u00e4dg\u00e5rd & Fritid","description":"","publisher":{"@id":"https:\/\/truusk.store\/sv\/#organization"},"potentialAction":[{"@type":"SearchAction","target":{"@type":"EntryPoint","urlTemplate":"https:\/\/truusk.store\/sv\/?s={search_term_string}"},"query-input":{"@type":"PropertyValueSpecification","valueRequired":true,"valueName":"search_term_string"}}],"inLanguage":"sv-SE"},{"@type":"Organization","@id":"https:\/\/truusk.store\/sv\/#organization","name":"TRUUSK - Hem, Tr\u00e4dg\u00e5rd & Fritid","url":"https:\/\/truusk.store\/sv\/","logo":{"@type":"ImageObject","inLanguage":"sv-SE","@id":"https:\/\/truusk.store\/sv\/#\/schema\/logo\/image\/","url":"https:\/\/i0.wp.com\/truusk.store\/wp-content\/uploads\/2026\/03\/cropped-TRUUSK.png?fit=2032%2C917&ssl=1","contentUrl":"https:\/\/i0.wp.com\/truusk.store\/wp-content\/uploads\/2026\/03\/cropped-TRUUSK.png?fit=2032%2C917&ssl=1","width":2032,"height":917,"caption":"TRUUSK - Hem, Tr\u00e4dg\u00e5rd & Fritid"},"image":{"@id":"https:\/\/truusk.store\/sv\/#\/schema\/logo\/image\/"}}]}},"jetpack_sharing_enabled":true,"_links":{"self":[{"href":"https:\/\/truusk.store\/sv\/wp-json\/wp\/v2\/product\/102018","targetHints":{"allow":["GET"]}}],"collection":[{"href":"https:\/\/truusk.store\/sv\/wp-json\/wp\/v2\/product"}],"about":[{"href":"https:\/\/truusk.store\/sv\/wp-json\/wp\/v2\/types\/product"}],"wp:featuredmedia":[{"embeddable":true,"href":"https:\/\/truusk.store\/sv\/wp-json\/wp\/v2\/media\/102009"}],"wp:attachment":[{"href":"https:\/\/truusk.store\/sv\/wp-json\/wp\/v2\/media?parent=102018"}],"wp:term":[{"taxonomy":"product_brand","embeddable":true,"href":"https:\/\/truusk.store\/sv\/wp-json\/wp\/v2\/product_brand?post=102018"},{"taxonomy":"product_cat","embeddable":true,"href":"https:\/\/truusk.store\/sv\/wp-json\/wp\/v2\/product_cat?post=102018"},{"taxonomy":"product_tag","embeddable":true,"href":"https:\/\/truusk.store\/sv\/wp-json\/wp\/v2\/product_tag?post=102018"}],"curies":[{"name":"wp","href":"https:\/\/api.w.org\/{rel}","templated":true}]}}