{"id":102028,"date":"2026-01-28T06:30:46","date_gmt":"2026-01-28T05:30:46","guid":{"rendered":"https:\/\/truusk.store\/product\/massagestol-med-8-vibrationshuvuden-avslappningsstol-justerbart-ryggstod-fotstod-svart\/"},"modified":"2026-03-12T08:49:10","modified_gmt":"2026-03-12T07:49:10","slug":"truusk-massagestol-8-vibrationshuvuden-avslappningsstol-justerbart-ryggstod-fotstod-svart","status":"publish","type":"product","link":"https:\/\/truusk.store\/sv\/produkt\/truusk-massagestol-8-vibrationshuvuden-avslappningsstol-justerbart-ryggstod-fotstod-svart\/","title":{"rendered":"TRUUSK Massagestol &#8211; 8 Vibrationshuvuden &#8211; Avslappningsstol &#8211; Justerbart Ryggst\u00f6d + Fotst\u00f6d &#8211; Svart"},"content":{"rendered":"<p>Uppt\u00e4ck ultimat komfort med denna [BRAND NAME] avslappningsstol med massagefunktion! Dyk in i ren komfort &#8211; sittande eller liggande, och njut av obegr\u00e4nsad r\u00f6relsefrihet tack vare den fritt roterande stolen. Med 8 vibrationspunkter erbjuder denna TV-stol en lugnande massage f\u00f6r midja, l\u00e5r och vader. Styr massagefunktionen bekv\u00e4mt med fj\u00e4rrkontrollen och dr\u00f6m dig bort i avkoppling.<\/p>\n<p>Beskrivning:<\/p>\n<ul>\n<li> 8 vibrationsmassagepunkter i TV-stolen f\u00f6r rygg, midja, l\u00e5r och vader<\/li>\n<li> Mjuka armst\u00f6d och vadderad huvudkudde f\u00f6r en mysig sittupplevelse<\/li>\n<li> Konstl\u00e4der \u00e4r l\u00e4tt att reng\u00f6ra och underh\u00e5lla, inga oljor eller vaxer beh\u00f6vs<\/li>\n<li> 360-graders roterande och gungfunktion f\u00f6r ultimat st\u00f6d och komfort<\/li>\n<li> Ryggst\u00f6det kan justeras upp till 145 grader, inf\u00e4llbar fotst\u00f6d<\/li>\n<li> Praktiskt handtag f\u00f6r att justera liggl\u00e4get<\/li>\n<li> Kabelbunden fj\u00e4rrkontroll f\u00f6r enkel anv\u00e4ndning av avslappningsstolen<\/li>\n<li> Bekv\u00e4mt f\u00f6rvaring av fj\u00e4rrkontrollen i sidofickan n\u00e4r den inte anv\u00e4nds<\/li>\n<li> Montering kr\u00e4vs<\/li>\n<li> Obs: L\u00e4gesfunktionen kan endast justeras manuellt och kr\u00e4ver kraft. Inte l\u00e4mplig f\u00f6r \u00e4ldre<\/li>\n<\/ul>\n<p> Tekniska data:<\/p>\n<ul>\n<li> F\u00e4rg: Svart<\/li>\n<li> Material: Konstl\u00e4der, metall, skum<\/li>\n<li> Totala dimensioner: 92L x 98B x 100H cm<\/li>\n<li> Liggyta: 93L x 162B x 74H cm<\/li>\n<li> Sitsstorlek: 55L x 56B x 49H cm<\/li>\n<li> Maximal lutningsvinkel: 145\u00b0<\/li>\n<li> Effekt: 12 W<\/li>\n<li> Ing\u00e5ng: AC100-240V, 50\/60Hz<\/li>\n<li> Kabell\u00e4ngd: 1,8 m<\/li>\n<li> Maximal belastning: 135 kg<\/li>\n<\/ul>\n<p>Leveransinneh\u00e5ll:<\/p>\n<ul>\n<li> 1 x Massagestol<\/li>\n<li> 1 x Handbok<\/li>\n<\/ul>\n","protected":false},"excerpt":{"rendered":"<p>Uppt\u00e4ck ultimat komfort med denna [BRAND NAME] avslappningsstol med massagefunktion! Dyk in i ren komfort &#8211; sittande eller liggande, och&#8230;<\/p>\n","protected":false},"featured_media":102019,"template":"","meta":[],"product_brand":[],"product_cat":[521,871,912,910],"product_tag":[],"class_list":{"0":"post-102028","1":"product","2":"type-product","3":"status-publish","4":"has-post-thumbnail","6":"product_cat-fatolj","7":"product_cat-hus-hem","8":"product_cat-massagesessel","9":"product_cat-vardagsrum","11":"first","12":"instock","13":"sale","14":"taxable","15":"shipping-taxable","16":"purchasable","17":"product-type-simple"},"yoast_head":"<!-- This site is optimized with the Yoast SEO plugin v25.4 - https:\/\/yoast.com\/wordpress\/plugins\/seo\/ -->\n<title>TRUUSK Massagestol - 8 Vibrationshuvuden - Avslappningsstol - Justerbart Ryggst\u00f6d + Fotst\u00f6d - Svart - TRUUSK - Hem, Tr\u00e4dg\u00e5rd &amp; Fritid<\/title>\n<meta name=\"robots\" content=\"index, follow, max-snippet:-1, max-image-preview:large, max-video-preview:-1\" \/>\n<link rel=\"canonical\" href=\"https:\/\/truusk.store\/sv\/produkt\/truusk-massagestol-8-vibrationshuvuden-avslappningsstol-justerbart-ryggstod-fotstod-svart\/\" \/>\n<meta property=\"og:locale\" content=\"sv_SE\" \/>\n<meta property=\"og:type\" content=\"article\" \/>\n<meta property=\"og:title\" content=\"TRUUSK Massagestol - 8 Vibrationshuvuden - Avslappningsstol - Justerbart Ryggst\u00f6d + Fotst\u00f6d - Svart - TRUUSK - Hem, Tr\u00e4dg\u00e5rd &amp; Fritid\" \/>\n<meta property=\"og:description\" content=\"Uppt\u00e4ck ultimat komfort med denna [BRAND NAME] avslappningsstol med massagefunktion! Dyk in i ren komfort &#8211; sittande eller liggande, och...\" \/>\n<meta property=\"og:url\" content=\"https:\/\/truusk.store\/sv\/produkt\/truusk-massagestol-8-vibrationshuvuden-avslappningsstol-justerbart-ryggstod-fotstod-svart\/\" \/>\n<meta property=\"og:site_name\" content=\"TRUUSK - Hem, Tr\u00e4dg\u00e5rd &amp; Fritid\" \/>\n<meta property=\"article:modified_time\" content=\"2026-03-12T07:49:10+00:00\" \/>\n<meta property=\"og:image\" content=\"https:\/\/i0.wp.com\/truusk.se\/wp-content\/uploads\/2026\/01\/massagestol-med-8-vibrationshuvuden-avslappningsstol-justerbart-ryggstod-fotstod-svart-1.webp?fit=2000%2C2000&ssl=1\" \/>\n\t<meta property=\"og:image:width\" content=\"2000\" \/>\n\t<meta property=\"og:image:height\" content=\"2000\" \/>\n\t<meta property=\"og:image:type\" content=\"image\/webp\" \/>\n<meta name=\"twitter:card\" content=\"summary_large_image\" \/>\n<meta name=\"twitter:label1\" content=\"Ber\u00e4knad l\u00e4stid\" \/>\n\t<meta name=\"twitter:data1\" content=\"1 minut\" \/>\n<!-- \/ Yoast SEO plugin. -->","yoast_head_json":{"title":"TRUUSK Massagestol - 8 Vibrationshuvuden - Avslappningsstol - Justerbart Ryggst\u00f6d + Fotst\u00f6d - Svart - TRUUSK - Hem, Tr\u00e4dg\u00e5rd &amp; Fritid","robots":{"index":"index","follow":"follow","max-snippet":"max-snippet:-1","max-image-preview":"max-image-preview:large","max-video-preview":"max-video-preview:-1"},"canonical":"https:\/\/truusk.store\/sv\/produkt\/truusk-massagestol-8-vibrationshuvuden-avslappningsstol-justerbart-ryggstod-fotstod-svart\/","og_locale":"sv_SE","og_type":"article","og_title":"TRUUSK Massagestol - 8 Vibrationshuvuden - Avslappningsstol - Justerbart Ryggst\u00f6d + Fotst\u00f6d - Svart - TRUUSK - Hem, Tr\u00e4dg\u00e5rd &amp; Fritid","og_description":"Uppt\u00e4ck ultimat komfort med denna [BRAND NAME] avslappningsstol med massagefunktion! Dyk in i ren komfort &#8211; sittande eller liggande, och...","og_url":"https:\/\/truusk.store\/sv\/produkt\/truusk-massagestol-8-vibrationshuvuden-avslappningsstol-justerbart-ryggstod-fotstod-svart\/","og_site_name":"TRUUSK - Hem, Tr\u00e4dg\u00e5rd &amp; Fritid","article_modified_time":"2026-03-12T07:49:10+00:00","og_image":[{"width":2000,"height":2000,"url":"https:\/\/i0.wp.com\/truusk.se\/wp-content\/uploads\/2026\/01\/massagestol-med-8-vibrationshuvuden-avslappningsstol-justerbart-ryggstod-fotstod-svart-1.webp?fit=2000%2C2000&ssl=1","type":"image\/webp"}],"twitter_card":"summary_large_image","twitter_misc":{"Ber\u00e4knad l\u00e4stid":"1 minut"},"schema":{"@context":"https:\/\/schema.org","@graph":[{"@type":"WebPage","@id":"https:\/\/truusk.store\/sv\/produkt\/truusk-massagestol-8-vibrationshuvuden-avslappningsstol-justerbart-ryggstod-fotstod-svart\/","url":"https:\/\/truusk.store\/sv\/produkt\/truusk-massagestol-8-vibrationshuvuden-avslappningsstol-justerbart-ryggstod-fotstod-svart\/","name":"TRUUSK Massagestol - 8 Vibrationshuvuden - Avslappningsstol - Justerbart Ryggst\u00f6d + Fotst\u00f6d - Svart - TRUUSK - Hem, Tr\u00e4dg\u00e5rd &amp; Fritid","isPartOf":{"@id":"https:\/\/truusk.store\/sv\/#website"},"primaryImageOfPage":{"@id":"https:\/\/truusk.store\/sv\/produkt\/truusk-massagestol-8-vibrationshuvuden-avslappningsstol-justerbart-ryggstod-fotstod-svart\/#primaryimage"},"image":{"@id":"https:\/\/truusk.store\/sv\/produkt\/truusk-massagestol-8-vibrationshuvuden-avslappningsstol-justerbart-ryggstod-fotstod-svart\/#primaryimage"},"thumbnailUrl":"https:\/\/i0.wp.com\/truusk.store\/wp-content\/uploads\/2026\/01\/massagestol-med-8-vibrationshuvuden-avslappningsstol-justerbart-ryggstod-fotstod-svart-1.webp?fit=2000%2C2000&ssl=1","datePublished":"2026-01-28T05:30:46+00:00","dateModified":"2026-03-12T07:49:10+00:00","breadcrumb":{"@id":"https:\/\/truusk.store\/sv\/produkt\/truusk-massagestol-8-vibrationshuvuden-avslappningsstol-justerbart-ryggstod-fotstod-svart\/#breadcrumb"},"inLanguage":"sv-SE","potentialAction":[{"@type":"ReadAction","target":["https:\/\/truusk.store\/sv\/produkt\/truusk-massagestol-8-vibrationshuvuden-avslappningsstol-justerbart-ryggstod-fotstod-svart\/"]}]},{"@type":"ImageObject","inLanguage":"sv-SE","@id":"https:\/\/truusk.store\/sv\/produkt\/truusk-massagestol-8-vibrationshuvuden-avslappningsstol-justerbart-ryggstod-fotstod-svart\/#primaryimage","url":"https:\/\/i0.wp.com\/truusk.store\/wp-content\/uploads\/2026\/01\/massagestol-med-8-vibrationshuvuden-avslappningsstol-justerbart-ryggstod-fotstod-svart-1.webp?fit=2000%2C2000&ssl=1","contentUrl":"https:\/\/i0.wp.com\/truusk.store\/wp-content\/uploads\/2026\/01\/massagestol-med-8-vibrationshuvuden-avslappningsstol-justerbart-ryggstod-fotstod-svart-1.webp?fit=2000%2C2000&ssl=1","width":2000,"height":2000},{"@type":"BreadcrumbList","@id":"https:\/\/truusk.store\/sv\/produkt\/truusk-massagestol-8-vibrationshuvuden-avslappningsstol-justerbart-ryggstod-fotstod-svart\/#breadcrumb","itemListElement":[{"@type":"ListItem","position":1,"name":"Home","item":"https:\/\/truusk.store\/sv\/"},{"@type":"ListItem","position":2,"name":"Shop","item":"https:\/\/truusk.store\/shop\/"},{"@type":"ListItem","position":3,"name":"TRUUSK Massagestol &#8211; 8 Vibrationshuvuden &#8211; Avslappningsstol &#8211; Justerbart Ryggst\u00f6d + Fotst\u00f6d &#8211; Svart"}]},{"@type":"WebSite","@id":"https:\/\/truusk.store\/sv\/#website","url":"https:\/\/truusk.store\/sv\/","name":"TRUUSK - Hem, Tr\u00e4dg\u00e5rd & Fritid","description":"","publisher":{"@id":"https:\/\/truusk.store\/sv\/#organization"},"potentialAction":[{"@type":"SearchAction","target":{"@type":"EntryPoint","urlTemplate":"https:\/\/truusk.store\/sv\/?s={search_term_string}"},"query-input":{"@type":"PropertyValueSpecification","valueRequired":true,"valueName":"search_term_string"}}],"inLanguage":"sv-SE"},{"@type":"Organization","@id":"https:\/\/truusk.store\/sv\/#organization","name":"TRUUSK - Hem, Tr\u00e4dg\u00e5rd & Fritid","url":"https:\/\/truusk.store\/sv\/","logo":{"@type":"ImageObject","inLanguage":"sv-SE","@id":"https:\/\/truusk.store\/sv\/#\/schema\/logo\/image\/","url":"https:\/\/i0.wp.com\/truusk.store\/wp-content\/uploads\/2026\/03\/cropped-TRUUSK.png?fit=2032%2C917&ssl=1","contentUrl":"https:\/\/i0.wp.com\/truusk.store\/wp-content\/uploads\/2026\/03\/cropped-TRUUSK.png?fit=2032%2C917&ssl=1","width":2032,"height":917,"caption":"TRUUSK - Hem, Tr\u00e4dg\u00e5rd & Fritid"},"image":{"@id":"https:\/\/truusk.store\/sv\/#\/schema\/logo\/image\/"}}]}},"jetpack_sharing_enabled":true,"_links":{"self":[{"href":"https:\/\/truusk.store\/sv\/wp-json\/wp\/v2\/product\/102028","targetHints":{"allow":["GET"]}}],"collection":[{"href":"https:\/\/truusk.store\/sv\/wp-json\/wp\/v2\/product"}],"about":[{"href":"https:\/\/truusk.store\/sv\/wp-json\/wp\/v2\/types\/product"}],"wp:featuredmedia":[{"embeddable":true,"href":"https:\/\/truusk.store\/sv\/wp-json\/wp\/v2\/media\/102019"}],"wp:attachment":[{"href":"https:\/\/truusk.store\/sv\/wp-json\/wp\/v2\/media?parent=102028"}],"wp:term":[{"taxonomy":"product_brand","embeddable":true,"href":"https:\/\/truusk.store\/sv\/wp-json\/wp\/v2\/product_brand?post=102028"},{"taxonomy":"product_cat","embeddable":true,"href":"https:\/\/truusk.store\/sv\/wp-json\/wp\/v2\/product_cat?post=102028"},{"taxonomy":"product_tag","embeddable":true,"href":"https:\/\/truusk.store\/sv\/wp-json\/wp\/v2\/product_tag?post=102028"}],"curies":[{"name":"wp","href":"https:\/\/api.w.org\/{rel}","templated":true}]}}