{"id":102041,"date":"2026-01-28T06:31:47","date_gmt":"2026-01-28T05:31:47","guid":{"rendered":"https:\/\/truusk.store\/product\/massagestol-varme-ligglagefunktion-konstlader-upp-till-150kg-97x92x104cm-svart\/"},"modified":"2026-03-12T08:49:10","modified_gmt":"2026-03-12T07:49:10","slug":"truusk-massagestol-varme-ligglagefunktion-konstlader-upp-till-150kg-svart-97x92x104cm","status":"publish","type":"product","link":"https:\/\/truusk.store\/sv\/produkt\/truusk-massagestol-varme-ligglagefunktion-konstlader-upp-till-150kg-svart-97x92x104cm\/","title":{"rendered":"TRUUSK Massagestol &#8211; V\u00e4rme- &amp; Liggl\u00e4gefunktion &#8211; Konstl\u00e4der &#8211; Upp Till 150kg &#8211; Svart &#8211; 97x92x104cm"},"content":{"rendered":"<p>Njut av ultimat komfort med den mjuka, extra vadderade massagestolen fr\u00e5n [BRAND NAME]! \u00c5tta vibrerande punkter &#8211; p\u00e5 ryggen, midjan, l\u00e5ren och vaderna &#8211; l\u00f6ser upp sp\u00e4nningar, medan den inbyggda v\u00e4rmen ger en behaglig avkoppling. Fj\u00e4rrkontrollen till TV-stolen g\u00f6r det enkelt att anv\u00e4nda. Med justerbar ryggst\u00f6d, fotst\u00f6d och elegant konstl\u00e4derfinish uppgraderar varje rum stilfullt.<\/p>\n<p>Beskrivning:<\/p>\n<ul>\n<li> \u00c5tta vibrerande massagepunkter p\u00e5 TV-stolen f\u00f6r rygg, l\u00e4nd, l\u00e5r och vader<\/li>\n<li> L\u00e4ndv\u00e4rmefunktionen hj\u00e4lper till att l\u00f6sa upp sp\u00e4nningar och \u00f6ka komforten<\/li>\n<li> Manuell lutning upp till 145\u00b0 f\u00f6r en avslappnad viloposition<\/li>\n<li> Utdragbart fotst\u00f6d p\u00e5 massagestolen ger st\u00f6djande komfort f\u00f6r benen<\/li>\n<li> 360\u00b0-rotation och mjuk gungning f\u00f6r enkel, flexibel r\u00f6relse<\/li>\n<li> Tv\u00e5 sidofickor h\u00e5ller sm\u00e5 f\u00f6rem\u00e5l inom r\u00e4ckh\u00e5ll<\/li>\n<li> Stabil struktur b\u00e4r upp till 135 kg<\/li>\n<li> Montering kr\u00e4vs<\/li>\n<\/ul>\n<p> Tekniska data:<\/p>\n<ul>\n<li> F\u00e4rg: Svart<\/li>\n<li> Material: Konstl\u00e4der, bomull, skum, st\u00e5l, tr\u00e4<\/li>\n<li> Uppr\u00e4tt dimensioner: 85B x 97D x 100H cm<\/li>\n<li> Liggande dimensioner: 85B x 161,5D x 77H cm<\/li>\n<li> Sitsstorlek: 53B x 53D x 50H cm<\/li>\n<li> Ryggstorlek: 80L x 60B x 20D cm<\/li>\n<li> Armst\u00f6dsstorlek: 54L x 20B x 61H cm<\/li>\n<li> Sidofickstorlek: 19L x 34H cm<\/li>\n<li> Maximal lutningsvinkel: 145\u00b0<\/li>\n<li> Ing\u00e5ng: 100-240V, 50\/60Hz<\/li>\n<li> Utg\u00e5ng: 12V, 1A, 12W<\/li>\n<li> Belastningskapacitet: 135 kg<\/li>\n<\/ul>\n<p>Leveransinneh\u00e5ll:<\/p>\n<ul>\n<li> 1 x Massagestol<\/li>\n<li> 1 x Fj\u00e4rrkontroll<\/li>\n<\/ul>\n","protected":false},"excerpt":{"rendered":"<p>Njut av ultimat komfort med den mjuka, extra vadderade massagestolen fr\u00e5n [BRAND NAME]! \u00c5tta vibrerande punkter &#8211; p\u00e5 ryggen, midjan,&#8230;<\/p>\n","protected":false},"featured_media":102029,"template":"","meta":[],"product_brand":[],"product_cat":[521,871,912,910],"product_tag":[],"class_list":{"0":"post-102041","1":"product","2":"type-product","3":"status-publish","4":"has-post-thumbnail","6":"product_cat-fatolj","7":"product_cat-hus-hem","8":"product_cat-massagesessel","9":"product_cat-vardagsrum","11":"first","12":"instock","13":"sale","14":"taxable","15":"shipping-taxable","16":"purchasable","17":"product-type-simple"},"yoast_head":"<!-- This site is optimized with the Yoast SEO plugin v25.4 - https:\/\/yoast.com\/wordpress\/plugins\/seo\/ -->\n<title>TRUUSK Massagestol - V\u00e4rme- &amp; Liggl\u00e4gefunktion - Konstl\u00e4der - Upp Till 150kg - Svart - 97x92x104cm - TRUUSK - Hem, Tr\u00e4dg\u00e5rd &amp; Fritid<\/title>\n<meta name=\"robots\" content=\"index, follow, max-snippet:-1, max-image-preview:large, max-video-preview:-1\" \/>\n<link rel=\"canonical\" href=\"https:\/\/truusk.store\/sv\/produkt\/truusk-massagestol-varme-ligglagefunktion-konstlader-upp-till-150kg-svart-97x92x104cm\/\" \/>\n<meta property=\"og:locale\" content=\"sv_SE\" \/>\n<meta property=\"og:type\" content=\"article\" \/>\n<meta property=\"og:title\" content=\"TRUUSK Massagestol - V\u00e4rme- &amp; Liggl\u00e4gefunktion - Konstl\u00e4der - Upp Till 150kg - Svart - 97x92x104cm - TRUUSK - Hem, Tr\u00e4dg\u00e5rd &amp; Fritid\" \/>\n<meta property=\"og:description\" content=\"Njut av ultimat komfort med den mjuka, extra vadderade massagestolen fr\u00e5n [BRAND NAME]! \u00c5tta vibrerande punkter &#8211; p\u00e5 ryggen, midjan,...\" \/>\n<meta property=\"og:url\" content=\"https:\/\/truusk.store\/sv\/produkt\/truusk-massagestol-varme-ligglagefunktion-konstlader-upp-till-150kg-svart-97x92x104cm\/\" \/>\n<meta property=\"og:site_name\" content=\"TRUUSK - Hem, Tr\u00e4dg\u00e5rd &amp; Fritid\" \/>\n<meta property=\"article:modified_time\" content=\"2026-03-12T07:49:10+00:00\" \/>\n<meta property=\"og:image\" content=\"https:\/\/i0.wp.com\/truusk.se\/wp-content\/uploads\/2026\/01\/massagestol-varme-ligglagefunktion-konstlader-upp-till-150kg-97x92x104cm-svart-1.webp?fit=2000%2C2000&ssl=1\" \/>\n\t<meta property=\"og:image:width\" content=\"2000\" \/>\n\t<meta property=\"og:image:height\" content=\"2000\" \/>\n\t<meta property=\"og:image:type\" content=\"image\/webp\" \/>\n<meta name=\"twitter:card\" content=\"summary_large_image\" \/>\n<meta name=\"twitter:label1\" content=\"Ber\u00e4knad l\u00e4stid\" \/>\n\t<meta name=\"twitter:data1\" content=\"1 minut\" \/>\n<!-- \/ Yoast SEO plugin. -->","yoast_head_json":{"title":"TRUUSK Massagestol - V\u00e4rme- &amp; Liggl\u00e4gefunktion - Konstl\u00e4der - Upp Till 150kg - Svart - 97x92x104cm - TRUUSK - Hem, Tr\u00e4dg\u00e5rd &amp; Fritid","robots":{"index":"index","follow":"follow","max-snippet":"max-snippet:-1","max-image-preview":"max-image-preview:large","max-video-preview":"max-video-preview:-1"},"canonical":"https:\/\/truusk.store\/sv\/produkt\/truusk-massagestol-varme-ligglagefunktion-konstlader-upp-till-150kg-svart-97x92x104cm\/","og_locale":"sv_SE","og_type":"article","og_title":"TRUUSK Massagestol - V\u00e4rme- &amp; Liggl\u00e4gefunktion - Konstl\u00e4der - Upp Till 150kg - Svart - 97x92x104cm - TRUUSK - Hem, Tr\u00e4dg\u00e5rd &amp; Fritid","og_description":"Njut av ultimat komfort med den mjuka, extra vadderade massagestolen fr\u00e5n [BRAND NAME]! \u00c5tta vibrerande punkter &#8211; p\u00e5 ryggen, midjan,...","og_url":"https:\/\/truusk.store\/sv\/produkt\/truusk-massagestol-varme-ligglagefunktion-konstlader-upp-till-150kg-svart-97x92x104cm\/","og_site_name":"TRUUSK - Hem, Tr\u00e4dg\u00e5rd &amp; Fritid","article_modified_time":"2026-03-12T07:49:10+00:00","og_image":[{"width":2000,"height":2000,"url":"https:\/\/i0.wp.com\/truusk.se\/wp-content\/uploads\/2026\/01\/massagestol-varme-ligglagefunktion-konstlader-upp-till-150kg-97x92x104cm-svart-1.webp?fit=2000%2C2000&ssl=1","type":"image\/webp"}],"twitter_card":"summary_large_image","twitter_misc":{"Ber\u00e4knad l\u00e4stid":"1 minut"},"schema":{"@context":"https:\/\/schema.org","@graph":[{"@type":"WebPage","@id":"https:\/\/truusk.store\/sv\/produkt\/truusk-massagestol-varme-ligglagefunktion-konstlader-upp-till-150kg-svart-97x92x104cm\/","url":"https:\/\/truusk.store\/sv\/produkt\/truusk-massagestol-varme-ligglagefunktion-konstlader-upp-till-150kg-svart-97x92x104cm\/","name":"TRUUSK Massagestol - V\u00e4rme- &amp; Liggl\u00e4gefunktion - Konstl\u00e4der - Upp Till 150kg - Svart - 97x92x104cm - TRUUSK - Hem, Tr\u00e4dg\u00e5rd &amp; Fritid","isPartOf":{"@id":"https:\/\/truusk.store\/sv\/#website"},"primaryImageOfPage":{"@id":"https:\/\/truusk.store\/sv\/produkt\/truusk-massagestol-varme-ligglagefunktion-konstlader-upp-till-150kg-svart-97x92x104cm\/#primaryimage"},"image":{"@id":"https:\/\/truusk.store\/sv\/produkt\/truusk-massagestol-varme-ligglagefunktion-konstlader-upp-till-150kg-svart-97x92x104cm\/#primaryimage"},"thumbnailUrl":"https:\/\/i0.wp.com\/truusk.store\/wp-content\/uploads\/2026\/01\/massagestol-varme-ligglagefunktion-konstlader-upp-till-150kg-97x92x104cm-svart-1.webp?fit=2000%2C2000&ssl=1","datePublished":"2026-01-28T05:31:47+00:00","dateModified":"2026-03-12T07:49:10+00:00","breadcrumb":{"@id":"https:\/\/truusk.store\/sv\/produkt\/truusk-massagestol-varme-ligglagefunktion-konstlader-upp-till-150kg-svart-97x92x104cm\/#breadcrumb"},"inLanguage":"sv-SE","potentialAction":[{"@type":"ReadAction","target":["https:\/\/truusk.store\/sv\/produkt\/truusk-massagestol-varme-ligglagefunktion-konstlader-upp-till-150kg-svart-97x92x104cm\/"]}]},{"@type":"ImageObject","inLanguage":"sv-SE","@id":"https:\/\/truusk.store\/sv\/produkt\/truusk-massagestol-varme-ligglagefunktion-konstlader-upp-till-150kg-svart-97x92x104cm\/#primaryimage","url":"https:\/\/i0.wp.com\/truusk.store\/wp-content\/uploads\/2026\/01\/massagestol-varme-ligglagefunktion-konstlader-upp-till-150kg-97x92x104cm-svart-1.webp?fit=2000%2C2000&ssl=1","contentUrl":"https:\/\/i0.wp.com\/truusk.store\/wp-content\/uploads\/2026\/01\/massagestol-varme-ligglagefunktion-konstlader-upp-till-150kg-97x92x104cm-svart-1.webp?fit=2000%2C2000&ssl=1","width":2000,"height":2000},{"@type":"BreadcrumbList","@id":"https:\/\/truusk.store\/sv\/produkt\/truusk-massagestol-varme-ligglagefunktion-konstlader-upp-till-150kg-svart-97x92x104cm\/#breadcrumb","itemListElement":[{"@type":"ListItem","position":1,"name":"Home","item":"https:\/\/truusk.store\/sv\/"},{"@type":"ListItem","position":2,"name":"Shop","item":"https:\/\/truusk.store\/shop\/"},{"@type":"ListItem","position":3,"name":"TRUUSK Massagestol &#8211; V\u00e4rme- &amp; Liggl\u00e4gefunktion &#8211; Konstl\u00e4der &#8211; Upp Till 150kg &#8211; Svart &#8211; 97x92x104cm"}]},{"@type":"WebSite","@id":"https:\/\/truusk.store\/sv\/#website","url":"https:\/\/truusk.store\/sv\/","name":"TRUUSK - Hem, Tr\u00e4dg\u00e5rd & Fritid","description":"","publisher":{"@id":"https:\/\/truusk.store\/sv\/#organization"},"potentialAction":[{"@type":"SearchAction","target":{"@type":"EntryPoint","urlTemplate":"https:\/\/truusk.store\/sv\/?s={search_term_string}"},"query-input":{"@type":"PropertyValueSpecification","valueRequired":true,"valueName":"search_term_string"}}],"inLanguage":"sv-SE"},{"@type":"Organization","@id":"https:\/\/truusk.store\/sv\/#organization","name":"TRUUSK - Hem, Tr\u00e4dg\u00e5rd & Fritid","url":"https:\/\/truusk.store\/sv\/","logo":{"@type":"ImageObject","inLanguage":"sv-SE","@id":"https:\/\/truusk.store\/sv\/#\/schema\/logo\/image\/","url":"https:\/\/i0.wp.com\/truusk.store\/wp-content\/uploads\/2026\/03\/cropped-TRUUSK.png?fit=2032%2C917&ssl=1","contentUrl":"https:\/\/i0.wp.com\/truusk.store\/wp-content\/uploads\/2026\/03\/cropped-TRUUSK.png?fit=2032%2C917&ssl=1","width":2032,"height":917,"caption":"TRUUSK - Hem, Tr\u00e4dg\u00e5rd & Fritid"},"image":{"@id":"https:\/\/truusk.store\/sv\/#\/schema\/logo\/image\/"}}]}},"jetpack_sharing_enabled":true,"_links":{"self":[{"href":"https:\/\/truusk.store\/sv\/wp-json\/wp\/v2\/product\/102041","targetHints":{"allow":["GET"]}}],"collection":[{"href":"https:\/\/truusk.store\/sv\/wp-json\/wp\/v2\/product"}],"about":[{"href":"https:\/\/truusk.store\/sv\/wp-json\/wp\/v2\/types\/product"}],"wp:featuredmedia":[{"embeddable":true,"href":"https:\/\/truusk.store\/sv\/wp-json\/wp\/v2\/media\/102029"}],"wp:attachment":[{"href":"https:\/\/truusk.store\/sv\/wp-json\/wp\/v2\/media?parent=102041"}],"wp:term":[{"taxonomy":"product_brand","embeddable":true,"href":"https:\/\/truusk.store\/sv\/wp-json\/wp\/v2\/product_brand?post=102041"},{"taxonomy":"product_cat","embeddable":true,"href":"https:\/\/truusk.store\/sv\/wp-json\/wp\/v2\/product_cat?post=102041"},{"taxonomy":"product_tag","embeddable":true,"href":"https:\/\/truusk.store\/sv\/wp-json\/wp\/v2\/product_tag?post=102041"}],"curies":[{"name":"wp","href":"https:\/\/api.w.org\/{rel}","templated":true}]}}