{"id":102048,"date":"2026-01-28T06:32:20","date_gmt":"2026-01-28T05:32:20","guid":{"rendered":"https:\/\/truusk.store\/product\/modern-badrumsskap-med-2-lador-fristaende-underskap-for-handfat-utan-sockel-vit\/"},"modified":"2026-03-12T08:49:10","modified_gmt":"2026-03-12T07:49:10","slug":"truusk-modern-badrumsskap-med-2-lador-fristaende-underskap-vit-utan-sockel-for-handfat-klassisk-design","status":"publish","type":"product","link":"https:\/\/truusk.store\/sv\/produkt\/truusk-modern-badrumsskap-med-2-lador-fristaende-underskap-vit-utan-sockel-for-handfat-klassisk-design\/","title":{"rendered":"TRUUSK Modern Badrumssk\u00e5p Med 2 L\u00e5dor &#8211; Frist\u00e5ende Undersk\u00e5p &#8211; Vit &#8211; Utan Sockel &#8211; F\u00f6r Handfat &#8211; Klassisk Design"},"content":{"rendered":"<p>Stressen b\u00f6rjar ofta p\u00e5 morgonen: b\u00f6ja sig \u00f6ver kaoset under handfatet f\u00f6r att leta efter toalettartiklar bakom r\u00f6ren. [BRAND NAME] undersk\u00e5p till handfatet l\u00f6ser detta problem genom att omvandla detta utrymme till ett ordnat h\u00f6rn. Passar f\u00f6r handfat utan sockel och erbjuder med tv\u00e5 stora l\u00e5dor plats f\u00f6r alla v\u00e4sentligheter. Stabiliteten och anti-tip-kitsen f\u00f6r badrumssk\u00e5pet ger enkel komfort.<\/p>\n<p>Beskrivning:<\/p>\n<ul>\n<li> Passar i handfat utan sockel med 15 x 22 cm utsk\u00e4rningar<\/li>\n<li> Tv\u00e5 breda l\u00e5dor maximerar det outnyttjade utrymmet under handfatet f\u00f6r dagliga redskap<\/li>\n<li> Delad \u00f6versta l\u00e5dan skapar tv\u00e5 fack f\u00f6r toalettartiklar och reng\u00f6ringsmedel<\/li>\n<li> Stabil MDF- och sp\u00e5nskivekonstruktion st\u00e5r stadigt tack vare anti-tip-set<\/li>\n<li> Justerbara f\u00f6tter h\u00e5ller undersk\u00e5pet balanserat f\u00f6r en smidig daglig anv\u00e4ndning<\/li>\n<li> Ren vit yta och silverhandtag p\u00e5 undersk\u00e5pet f\u00f6r handfatet sm\u00e4lter l\u00e4tt in i moderna badrum<\/li>\n<li> Montering kr\u00e4vs<\/li>\n<\/ul>\n<p> Tekniska data:<\/p>\n<ul>\n<li> F\u00e4rg: Vit<\/li>\n<li> Material: Sp\u00e5nskiva, MDF<\/li>\n<li> Totala dimensioner: 80B x 30T x 60H cm<\/li>\n<li> &#8221;U&#8221;-utsk\u00e4rningsstorlek: 15B x 22T cm<\/li>\n<li> L\u00e4mplig bass\u00e4ngtyp: utan sockel<\/li>\n<li> Inre l\u00e5dm\u00e5tt: 29B x 23,7T x 13,3H cm (varje partition ovan), 72,3B x 23,7T x 13,3H cm (nedan)<\/li>\n<li> B\u00e4rkapacitet: 20 kg (totalt), 10 kg (ovan), 5 kg (l\u00e5da)<\/li>\n<\/ul>\n<p>Leveransinneh\u00e5ll:<\/p>\n<ul>\n<li> 1 x undersk\u00e5p f\u00f6r badrummet<\/li>\n<li> 1 x instruktioner<\/li>\n<\/ul>\n","protected":false},"excerpt":{"rendered":"<p>Stressen b\u00f6rjar ofta p\u00e5 morgonen: b\u00f6ja sig \u00f6ver kaoset under handfatet f\u00f6r att leta efter toalettartiklar bakom r\u00f6ren. [BRAND NAME]&#8230;<\/p>\n","protected":false},"featured_media":102036,"template":"","meta":[],"product_brand":[],"product_cat":[915,535,871],"product_tag":[],"class_list":{"0":"post-102048","1":"product","2":"type-product","3":"status-publish","4":"has-post-thumbnail","6":"product_cat-badrum","7":"product_cat-badrumsskap","8":"product_cat-hus-hem","10":"first","11":"instock","12":"sale","13":"taxable","14":"shipping-taxable","15":"purchasable","16":"product-type-simple"},"yoast_head":"<!-- This site is optimized with the Yoast SEO plugin v25.4 - https:\/\/yoast.com\/wordpress\/plugins\/seo\/ -->\n<title>TRUUSK Modern Badrumssk\u00e5p Med 2 L\u00e5dor - Frist\u00e5ende Undersk\u00e5p - Vit - Utan Sockel - F\u00f6r Handfat - Klassisk Design - TRUUSK - Hem, Tr\u00e4dg\u00e5rd &amp; Fritid<\/title>\n<meta name=\"robots\" content=\"index, follow, max-snippet:-1, max-image-preview:large, max-video-preview:-1\" \/>\n<link rel=\"canonical\" href=\"https:\/\/truusk.store\/sv\/produkt\/truusk-modern-badrumsskap-med-2-lador-fristaende-underskap-vit-utan-sockel-for-handfat-klassisk-design\/\" \/>\n<meta property=\"og:locale\" content=\"sv_SE\" \/>\n<meta property=\"og:type\" content=\"article\" \/>\n<meta property=\"og:title\" content=\"TRUUSK Modern Badrumssk\u00e5p Med 2 L\u00e5dor - Frist\u00e5ende Undersk\u00e5p - Vit - Utan Sockel - F\u00f6r Handfat - Klassisk Design - TRUUSK - Hem, Tr\u00e4dg\u00e5rd &amp; Fritid\" \/>\n<meta property=\"og:description\" content=\"Stressen b\u00f6rjar ofta p\u00e5 morgonen: b\u00f6ja sig \u00f6ver kaoset under handfatet f\u00f6r att leta efter toalettartiklar bakom r\u00f6ren. [BRAND NAME]...\" \/>\n<meta property=\"og:url\" content=\"https:\/\/truusk.store\/sv\/produkt\/truusk-modern-badrumsskap-med-2-lador-fristaende-underskap-vit-utan-sockel-for-handfat-klassisk-design\/\" \/>\n<meta property=\"og:site_name\" content=\"TRUUSK - Hem, Tr\u00e4dg\u00e5rd &amp; Fritid\" \/>\n<meta property=\"article:modified_time\" content=\"2026-03-12T07:49:10+00:00\" \/>\n<meta property=\"og:image\" content=\"https:\/\/i0.wp.com\/truusk.se\/wp-content\/uploads\/2026\/01\/modern-badrumsskap-med-2-lador-fristaende-underskap-for-handfat-utan-sockel-vit-1.webp?fit=2000%2C2000&ssl=1\" \/>\n\t<meta property=\"og:image:width\" content=\"2000\" \/>\n\t<meta property=\"og:image:height\" content=\"2000\" \/>\n\t<meta property=\"og:image:type\" content=\"image\/webp\" \/>\n<meta name=\"twitter:card\" content=\"summary_large_image\" \/>\n<meta name=\"twitter:label1\" content=\"Ber\u00e4knad l\u00e4stid\" \/>\n\t<meta name=\"twitter:data1\" content=\"1 minut\" \/>\n<!-- \/ Yoast SEO plugin. -->","yoast_head_json":{"title":"TRUUSK Modern Badrumssk\u00e5p Med 2 L\u00e5dor - Frist\u00e5ende Undersk\u00e5p - Vit - Utan Sockel - F\u00f6r Handfat - Klassisk Design - TRUUSK - Hem, Tr\u00e4dg\u00e5rd &amp; Fritid","robots":{"index":"index","follow":"follow","max-snippet":"max-snippet:-1","max-image-preview":"max-image-preview:large","max-video-preview":"max-video-preview:-1"},"canonical":"https:\/\/truusk.store\/sv\/produkt\/truusk-modern-badrumsskap-med-2-lador-fristaende-underskap-vit-utan-sockel-for-handfat-klassisk-design\/","og_locale":"sv_SE","og_type":"article","og_title":"TRUUSK Modern Badrumssk\u00e5p Med 2 L\u00e5dor - Frist\u00e5ende Undersk\u00e5p - Vit - Utan Sockel - F\u00f6r Handfat - Klassisk Design - TRUUSK - Hem, Tr\u00e4dg\u00e5rd &amp; Fritid","og_description":"Stressen b\u00f6rjar ofta p\u00e5 morgonen: b\u00f6ja sig \u00f6ver kaoset under handfatet f\u00f6r att leta efter toalettartiklar bakom r\u00f6ren. [BRAND NAME]...","og_url":"https:\/\/truusk.store\/sv\/produkt\/truusk-modern-badrumsskap-med-2-lador-fristaende-underskap-vit-utan-sockel-for-handfat-klassisk-design\/","og_site_name":"TRUUSK - Hem, Tr\u00e4dg\u00e5rd &amp; Fritid","article_modified_time":"2026-03-12T07:49:10+00:00","og_image":[{"width":2000,"height":2000,"url":"https:\/\/i0.wp.com\/truusk.se\/wp-content\/uploads\/2026\/01\/modern-badrumsskap-med-2-lador-fristaende-underskap-for-handfat-utan-sockel-vit-1.webp?fit=2000%2C2000&ssl=1","type":"image\/webp"}],"twitter_card":"summary_large_image","twitter_misc":{"Ber\u00e4knad l\u00e4stid":"1 minut"},"schema":{"@context":"https:\/\/schema.org","@graph":[{"@type":"WebPage","@id":"https:\/\/truusk.store\/sv\/produkt\/truusk-modern-badrumsskap-med-2-lador-fristaende-underskap-vit-utan-sockel-for-handfat-klassisk-design\/","url":"https:\/\/truusk.store\/sv\/produkt\/truusk-modern-badrumsskap-med-2-lador-fristaende-underskap-vit-utan-sockel-for-handfat-klassisk-design\/","name":"TRUUSK Modern Badrumssk\u00e5p Med 2 L\u00e5dor - Frist\u00e5ende Undersk\u00e5p - Vit - Utan Sockel - F\u00f6r Handfat - Klassisk Design - TRUUSK - Hem, Tr\u00e4dg\u00e5rd &amp; Fritid","isPartOf":{"@id":"https:\/\/truusk.store\/sv\/#website"},"primaryImageOfPage":{"@id":"https:\/\/truusk.store\/sv\/produkt\/truusk-modern-badrumsskap-med-2-lador-fristaende-underskap-vit-utan-sockel-for-handfat-klassisk-design\/#primaryimage"},"image":{"@id":"https:\/\/truusk.store\/sv\/produkt\/truusk-modern-badrumsskap-med-2-lador-fristaende-underskap-vit-utan-sockel-for-handfat-klassisk-design\/#primaryimage"},"thumbnailUrl":"https:\/\/i0.wp.com\/truusk.store\/wp-content\/uploads\/2026\/01\/modern-badrumsskap-med-2-lador-fristaende-underskap-for-handfat-utan-sockel-vit-1.webp?fit=2000%2C2000&ssl=1","datePublished":"2026-01-28T05:32:20+00:00","dateModified":"2026-03-12T07:49:10+00:00","breadcrumb":{"@id":"https:\/\/truusk.store\/sv\/produkt\/truusk-modern-badrumsskap-med-2-lador-fristaende-underskap-vit-utan-sockel-for-handfat-klassisk-design\/#breadcrumb"},"inLanguage":"sv-SE","potentialAction":[{"@type":"ReadAction","target":["https:\/\/truusk.store\/sv\/produkt\/truusk-modern-badrumsskap-med-2-lador-fristaende-underskap-vit-utan-sockel-for-handfat-klassisk-design\/"]}]},{"@type":"ImageObject","inLanguage":"sv-SE","@id":"https:\/\/truusk.store\/sv\/produkt\/truusk-modern-badrumsskap-med-2-lador-fristaende-underskap-vit-utan-sockel-for-handfat-klassisk-design\/#primaryimage","url":"https:\/\/i0.wp.com\/truusk.store\/wp-content\/uploads\/2026\/01\/modern-badrumsskap-med-2-lador-fristaende-underskap-for-handfat-utan-sockel-vit-1.webp?fit=2000%2C2000&ssl=1","contentUrl":"https:\/\/i0.wp.com\/truusk.store\/wp-content\/uploads\/2026\/01\/modern-badrumsskap-med-2-lador-fristaende-underskap-for-handfat-utan-sockel-vit-1.webp?fit=2000%2C2000&ssl=1","width":2000,"height":2000},{"@type":"BreadcrumbList","@id":"https:\/\/truusk.store\/sv\/produkt\/truusk-modern-badrumsskap-med-2-lador-fristaende-underskap-vit-utan-sockel-for-handfat-klassisk-design\/#breadcrumb","itemListElement":[{"@type":"ListItem","position":1,"name":"Home","item":"https:\/\/truusk.store\/sv\/"},{"@type":"ListItem","position":2,"name":"Shop","item":"https:\/\/truusk.store\/shop\/"},{"@type":"ListItem","position":3,"name":"TRUUSK Modern Badrumssk\u00e5p Med 2 L\u00e5dor &#8211; Frist\u00e5ende Undersk\u00e5p &#8211; Vit &#8211; Utan Sockel &#8211; F\u00f6r Handfat &#8211; Klassisk Design"}]},{"@type":"WebSite","@id":"https:\/\/truusk.store\/sv\/#website","url":"https:\/\/truusk.store\/sv\/","name":"TRUUSK - Hem, Tr\u00e4dg\u00e5rd & Fritid","description":"","publisher":{"@id":"https:\/\/truusk.store\/sv\/#organization"},"potentialAction":[{"@type":"SearchAction","target":{"@type":"EntryPoint","urlTemplate":"https:\/\/truusk.store\/sv\/?s={search_term_string}"},"query-input":{"@type":"PropertyValueSpecification","valueRequired":true,"valueName":"search_term_string"}}],"inLanguage":"sv-SE"},{"@type":"Organization","@id":"https:\/\/truusk.store\/sv\/#organization","name":"TRUUSK - Hem, Tr\u00e4dg\u00e5rd & Fritid","url":"https:\/\/truusk.store\/sv\/","logo":{"@type":"ImageObject","inLanguage":"sv-SE","@id":"https:\/\/truusk.store\/sv\/#\/schema\/logo\/image\/","url":"https:\/\/i0.wp.com\/truusk.store\/wp-content\/uploads\/2026\/03\/cropped-TRUUSK.png?fit=2032%2C917&ssl=1","contentUrl":"https:\/\/i0.wp.com\/truusk.store\/wp-content\/uploads\/2026\/03\/cropped-TRUUSK.png?fit=2032%2C917&ssl=1","width":2032,"height":917,"caption":"TRUUSK - Hem, Tr\u00e4dg\u00e5rd & Fritid"},"image":{"@id":"https:\/\/truusk.store\/sv\/#\/schema\/logo\/image\/"}}]}},"jetpack_sharing_enabled":true,"_links":{"self":[{"href":"https:\/\/truusk.store\/sv\/wp-json\/wp\/v2\/product\/102048","targetHints":{"allow":["GET"]}}],"collection":[{"href":"https:\/\/truusk.store\/sv\/wp-json\/wp\/v2\/product"}],"about":[{"href":"https:\/\/truusk.store\/sv\/wp-json\/wp\/v2\/types\/product"}],"wp:featuredmedia":[{"embeddable":true,"href":"https:\/\/truusk.store\/sv\/wp-json\/wp\/v2\/media\/102036"}],"wp:attachment":[{"href":"https:\/\/truusk.store\/sv\/wp-json\/wp\/v2\/media?parent=102048"}],"wp:term":[{"taxonomy":"product_brand","embeddable":true,"href":"https:\/\/truusk.store\/sv\/wp-json\/wp\/v2\/product_brand?post=102048"},{"taxonomy":"product_cat","embeddable":true,"href":"https:\/\/truusk.store\/sv\/wp-json\/wp\/v2\/product_cat?post=102048"},{"taxonomy":"product_tag","embeddable":true,"href":"https:\/\/truusk.store\/sv\/wp-json\/wp\/v2\/product_tag?post=102048"}],"curies":[{"name":"wp","href":"https:\/\/api.w.org\/{rel}","templated":true}]}}