{"id":102058,"date":"2026-01-28T06:33:33","date_gmt":"2026-01-28T05:33:33","guid":{"rendered":"https:\/\/truusk.store\/product\/badrumsskap-smalt-hogt-skap-med-2-dorrar-2-oppna-fack-for-badrum-30-x-346-x-182-cm-vit\/"},"modified":"2026-03-12T08:49:10","modified_gmt":"2026-03-12T07:49:10","slug":"truusk-smalt-badrumsskap-med-2-dorrar-och-2-oppna-fack-for-badrum-30-x-346-x-182-cm-vit","status":"publish","type":"product","link":"https:\/\/truusk.store\/sv\/produkt\/truusk-smalt-badrumsskap-med-2-dorrar-och-2-oppna-fack-for-badrum-30-x-346-x-182-cm-vit\/","title":{"rendered":"TRUUSK Smalt Badrumssk\u00e5p med 2 D\u00f6rrar och 2 \u00d6ppna Fack &#8211; F\u00f6r Badrum &#8211; 30 x 34,6 x 182 cm &#8211; Vit"},"content":{"rendered":"<p>St\u00f6rd av oordning i badrummet som g\u00f6r morgonen till kaos? \u00d6verallt halvfulla flaskor och handdukar tr\u00e4nger in i sm\u00e5 utrymmen. Den h\u00f6ga [BRAND NAME] badrumssk\u00e5pet ger ordning med uppdelad f\u00f6rvaringsutrymme och justerbara hyllor f\u00f6r att passa stora f\u00f6rem\u00e5l. De fr\u00e4scha vita och varma tr\u00e4tonerna i f\u00f6rvaringssk\u00e5pet f\u00f6rvandlar ditt utrymme till en fridfull oas och berikar din dagliga ritual.<\/p>\n<p>Beskrivning:<\/p>\n<ul>\n<li> Tv\u00e5 st\u00e4ngda sk\u00e5p och tv\u00e5 \u00f6ppna fack h\u00e5ller ditt badrum snyggt<\/li>\n<li> H\u00f6gt och smalt design av h\u00f6gsk\u00e5pet maximerar det vertikala f\u00f6rvaringsutrymmet f\u00f6r att spara plats<\/li>\n<li> Tv\u00e5 3-stegs justerbara hyllor i badrumssk\u00e5pet anpassar sig till f\u00f6rem\u00e5l av olika h\u00f6jder<\/li>\n<li> Modern, tv\u00e5f\u00e4rgad finish med kurviga utsnitt kompletterar elegant varje rumsdekoration<\/li>\n<li> Inkluderar ett set f\u00f6r att f\u00f6rhindra tippning f\u00f6r att s\u00e4kra mot v\u00e4ggen och garantera familjens s\u00e4kerhet<\/li>\n<li> FSC-certifierade sp\u00e5nskivor st\u00e5r f\u00f6r h\u00e5llbar utveckling<\/li>\n<li> Melaminbelagda ytor \u00e4r l\u00e4tta att torka av<\/li>\n<li> Montering kr\u00e4vs<\/li>\n<\/ul>\n<p> Tekniska data:<\/p>\n<ul>\n<li> F\u00e4rg: Vit+Naturton<\/li>\n<li> Material: Sp\u00e5nskiva<\/li>\n<li> Totala m\u00e5tt: 30B x 34,6D x 180,5H cm<\/li>\n<li> Inre m\u00e5tt p\u00e5 sk\u00e5pet: 27,5B x 31,5D x 59H cm<\/li>\n<li> H\u00f6jder p\u00e5 sk\u00e5phyllorna: 29,4H cm, 28,3H cm (\u00f6vre), 27,1H cm, 30,3H cm (nedre)<\/li>\n<li> Storlek p\u00e5 det \u00f6ppna facket: 27,5B x 31,5\/30D x 20,3H cm<\/li>\n<li> Golv till golv: 0,4 cm<\/li>\n<li> Maximal belastning: 30 kg (totalt), 5 kg (per niv\u00e5)<\/li>\n<\/ul>\n<p>Leverans inneh\u00e5ller:<\/p>\n<ul>\n<li> 1 x Badrumssk\u00e5p<\/li>\n<li> 1 x Bruksanvisning<\/li>\n<\/ul>\n","protected":false},"excerpt":{"rendered":"<p>St\u00f6rd av oordning i badrummet som g\u00f6r morgonen till kaos? \u00d6verallt halvfulla flaskor och handdukar tr\u00e4nger in i sm\u00e5 utrymmen&#8230;.<\/p>\n","protected":false},"featured_media":102049,"template":"","meta":[],"product_brand":[],"product_cat":[915,535,871],"product_tag":[],"class_list":{"0":"post-102058","1":"product","2":"type-product","3":"status-publish","4":"has-post-thumbnail","6":"product_cat-badrum","7":"product_cat-badrumsskap","8":"product_cat-hus-hem","10":"first","11":"instock","12":"sale","13":"taxable","14":"shipping-taxable","15":"purchasable","16":"product-type-simple"},"yoast_head":"<!-- This site is optimized with the Yoast SEO plugin v25.4 - https:\/\/yoast.com\/wordpress\/plugins\/seo\/ -->\n<title>TRUUSK Smalt Badrumssk\u00e5p med 2 D\u00f6rrar och 2 \u00d6ppna Fack - F\u00f6r Badrum - 30 x 34,6 x 182 cm - Vit - TRUUSK - Hem, Tr\u00e4dg\u00e5rd &amp; Fritid<\/title>\n<meta name=\"robots\" content=\"index, follow, max-snippet:-1, max-image-preview:large, max-video-preview:-1\" \/>\n<link rel=\"canonical\" href=\"https:\/\/truusk.store\/sv\/produkt\/truusk-smalt-badrumsskap-med-2-dorrar-och-2-oppna-fack-for-badrum-30-x-346-x-182-cm-vit\/\" \/>\n<meta property=\"og:locale\" content=\"sv_SE\" \/>\n<meta property=\"og:type\" content=\"article\" \/>\n<meta property=\"og:title\" content=\"TRUUSK Smalt Badrumssk\u00e5p med 2 D\u00f6rrar och 2 \u00d6ppna Fack - F\u00f6r Badrum - 30 x 34,6 x 182 cm - Vit - TRUUSK - Hem, Tr\u00e4dg\u00e5rd &amp; Fritid\" \/>\n<meta property=\"og:description\" content=\"St\u00f6rd av oordning i badrummet som g\u00f6r morgonen till kaos? \u00d6verallt halvfulla flaskor och handdukar tr\u00e4nger in i sm\u00e5 utrymmen....\" \/>\n<meta property=\"og:url\" content=\"https:\/\/truusk.store\/sv\/produkt\/truusk-smalt-badrumsskap-med-2-dorrar-och-2-oppna-fack-for-badrum-30-x-346-x-182-cm-vit\/\" \/>\n<meta property=\"og:site_name\" content=\"TRUUSK - Hem, Tr\u00e4dg\u00e5rd &amp; Fritid\" \/>\n<meta property=\"article:modified_time\" content=\"2026-03-12T07:49:10+00:00\" \/>\n<meta property=\"og:image\" content=\"https:\/\/i0.wp.com\/truusk.se\/wp-content\/uploads\/2026\/01\/badrumsskap-smalt-hogt-skap-med-2-dorrar-2-oppna-fack-for-badrum-30-x-346-x-182-cm-vit-1.webp?fit=2000%2C2000&ssl=1\" \/>\n\t<meta property=\"og:image:width\" content=\"2000\" \/>\n\t<meta property=\"og:image:height\" content=\"2000\" \/>\n\t<meta property=\"og:image:type\" content=\"image\/webp\" \/>\n<meta name=\"twitter:card\" content=\"summary_large_image\" \/>\n<meta name=\"twitter:label1\" content=\"Ber\u00e4knad l\u00e4stid\" \/>\n\t<meta name=\"twitter:data1\" content=\"1 minut\" \/>\n<!-- \/ Yoast SEO plugin. -->","yoast_head_json":{"title":"TRUUSK Smalt Badrumssk\u00e5p med 2 D\u00f6rrar och 2 \u00d6ppna Fack - F\u00f6r Badrum - 30 x 34,6 x 182 cm - Vit - TRUUSK - Hem, Tr\u00e4dg\u00e5rd &amp; Fritid","robots":{"index":"index","follow":"follow","max-snippet":"max-snippet:-1","max-image-preview":"max-image-preview:large","max-video-preview":"max-video-preview:-1"},"canonical":"https:\/\/truusk.store\/sv\/produkt\/truusk-smalt-badrumsskap-med-2-dorrar-och-2-oppna-fack-for-badrum-30-x-346-x-182-cm-vit\/","og_locale":"sv_SE","og_type":"article","og_title":"TRUUSK Smalt Badrumssk\u00e5p med 2 D\u00f6rrar och 2 \u00d6ppna Fack - F\u00f6r Badrum - 30 x 34,6 x 182 cm - Vit - TRUUSK - Hem, Tr\u00e4dg\u00e5rd &amp; Fritid","og_description":"St\u00f6rd av oordning i badrummet som g\u00f6r morgonen till kaos? \u00d6verallt halvfulla flaskor och handdukar tr\u00e4nger in i sm\u00e5 utrymmen....","og_url":"https:\/\/truusk.store\/sv\/produkt\/truusk-smalt-badrumsskap-med-2-dorrar-och-2-oppna-fack-for-badrum-30-x-346-x-182-cm-vit\/","og_site_name":"TRUUSK - Hem, Tr\u00e4dg\u00e5rd &amp; Fritid","article_modified_time":"2026-03-12T07:49:10+00:00","og_image":[{"width":2000,"height":2000,"url":"https:\/\/i0.wp.com\/truusk.se\/wp-content\/uploads\/2026\/01\/badrumsskap-smalt-hogt-skap-med-2-dorrar-2-oppna-fack-for-badrum-30-x-346-x-182-cm-vit-1.webp?fit=2000%2C2000&ssl=1","type":"image\/webp"}],"twitter_card":"summary_large_image","twitter_misc":{"Ber\u00e4knad l\u00e4stid":"1 minut"},"schema":{"@context":"https:\/\/schema.org","@graph":[{"@type":"WebPage","@id":"https:\/\/truusk.store\/sv\/produkt\/truusk-smalt-badrumsskap-med-2-dorrar-och-2-oppna-fack-for-badrum-30-x-346-x-182-cm-vit\/","url":"https:\/\/truusk.store\/sv\/produkt\/truusk-smalt-badrumsskap-med-2-dorrar-och-2-oppna-fack-for-badrum-30-x-346-x-182-cm-vit\/","name":"TRUUSK Smalt Badrumssk\u00e5p med 2 D\u00f6rrar och 2 \u00d6ppna Fack - F\u00f6r Badrum - 30 x 34,6 x 182 cm - Vit - TRUUSK - Hem, Tr\u00e4dg\u00e5rd &amp; Fritid","isPartOf":{"@id":"https:\/\/truusk.store\/sv\/#website"},"primaryImageOfPage":{"@id":"https:\/\/truusk.store\/sv\/produkt\/truusk-smalt-badrumsskap-med-2-dorrar-och-2-oppna-fack-for-badrum-30-x-346-x-182-cm-vit\/#primaryimage"},"image":{"@id":"https:\/\/truusk.store\/sv\/produkt\/truusk-smalt-badrumsskap-med-2-dorrar-och-2-oppna-fack-for-badrum-30-x-346-x-182-cm-vit\/#primaryimage"},"thumbnailUrl":"https:\/\/i0.wp.com\/truusk.store\/wp-content\/uploads\/2026\/01\/badrumsskap-smalt-hogt-skap-med-2-dorrar-2-oppna-fack-for-badrum-30-x-346-x-182-cm-vit-1.webp?fit=2000%2C2000&ssl=1","datePublished":"2026-01-28T05:33:33+00:00","dateModified":"2026-03-12T07:49:10+00:00","breadcrumb":{"@id":"https:\/\/truusk.store\/sv\/produkt\/truusk-smalt-badrumsskap-med-2-dorrar-och-2-oppna-fack-for-badrum-30-x-346-x-182-cm-vit\/#breadcrumb"},"inLanguage":"sv-SE","potentialAction":[{"@type":"ReadAction","target":["https:\/\/truusk.store\/sv\/produkt\/truusk-smalt-badrumsskap-med-2-dorrar-och-2-oppna-fack-for-badrum-30-x-346-x-182-cm-vit\/"]}]},{"@type":"ImageObject","inLanguage":"sv-SE","@id":"https:\/\/truusk.store\/sv\/produkt\/truusk-smalt-badrumsskap-med-2-dorrar-och-2-oppna-fack-for-badrum-30-x-346-x-182-cm-vit\/#primaryimage","url":"https:\/\/i0.wp.com\/truusk.store\/wp-content\/uploads\/2026\/01\/badrumsskap-smalt-hogt-skap-med-2-dorrar-2-oppna-fack-for-badrum-30-x-346-x-182-cm-vit-1.webp?fit=2000%2C2000&ssl=1","contentUrl":"https:\/\/i0.wp.com\/truusk.store\/wp-content\/uploads\/2026\/01\/badrumsskap-smalt-hogt-skap-med-2-dorrar-2-oppna-fack-for-badrum-30-x-346-x-182-cm-vit-1.webp?fit=2000%2C2000&ssl=1","width":2000,"height":2000},{"@type":"BreadcrumbList","@id":"https:\/\/truusk.store\/sv\/produkt\/truusk-smalt-badrumsskap-med-2-dorrar-och-2-oppna-fack-for-badrum-30-x-346-x-182-cm-vit\/#breadcrumb","itemListElement":[{"@type":"ListItem","position":1,"name":"Home","item":"https:\/\/truusk.store\/sv\/"},{"@type":"ListItem","position":2,"name":"Shop","item":"https:\/\/truusk.store\/shop\/"},{"@type":"ListItem","position":3,"name":"TRUUSK Smalt Badrumssk\u00e5p med 2 D\u00f6rrar och 2 \u00d6ppna Fack &#8211; F\u00f6r Badrum &#8211; 30 x 34,6 x 182 cm &#8211; Vit"}]},{"@type":"WebSite","@id":"https:\/\/truusk.store\/sv\/#website","url":"https:\/\/truusk.store\/sv\/","name":"TRUUSK - Hem, Tr\u00e4dg\u00e5rd & Fritid","description":"","publisher":{"@id":"https:\/\/truusk.store\/sv\/#organization"},"potentialAction":[{"@type":"SearchAction","target":{"@type":"EntryPoint","urlTemplate":"https:\/\/truusk.store\/sv\/?s={search_term_string}"},"query-input":{"@type":"PropertyValueSpecification","valueRequired":true,"valueName":"search_term_string"}}],"inLanguage":"sv-SE"},{"@type":"Organization","@id":"https:\/\/truusk.store\/sv\/#organization","name":"TRUUSK - Hem, Tr\u00e4dg\u00e5rd & Fritid","url":"https:\/\/truusk.store\/sv\/","logo":{"@type":"ImageObject","inLanguage":"sv-SE","@id":"https:\/\/truusk.store\/sv\/#\/schema\/logo\/image\/","url":"https:\/\/i0.wp.com\/truusk.store\/wp-content\/uploads\/2026\/03\/cropped-TRUUSK.png?fit=2032%2C917&ssl=1","contentUrl":"https:\/\/i0.wp.com\/truusk.store\/wp-content\/uploads\/2026\/03\/cropped-TRUUSK.png?fit=2032%2C917&ssl=1","width":2032,"height":917,"caption":"TRUUSK - Hem, Tr\u00e4dg\u00e5rd & Fritid"},"image":{"@id":"https:\/\/truusk.store\/sv\/#\/schema\/logo\/image\/"}}]}},"jetpack_sharing_enabled":true,"_links":{"self":[{"href":"https:\/\/truusk.store\/sv\/wp-json\/wp\/v2\/product\/102058","targetHints":{"allow":["GET"]}}],"collection":[{"href":"https:\/\/truusk.store\/sv\/wp-json\/wp\/v2\/product"}],"about":[{"href":"https:\/\/truusk.store\/sv\/wp-json\/wp\/v2\/types\/product"}],"wp:featuredmedia":[{"embeddable":true,"href":"https:\/\/truusk.store\/sv\/wp-json\/wp\/v2\/media\/102049"}],"wp:attachment":[{"href":"https:\/\/truusk.store\/sv\/wp-json\/wp\/v2\/media?parent=102058"}],"wp:term":[{"taxonomy":"product_brand","embeddable":true,"href":"https:\/\/truusk.store\/sv\/wp-json\/wp\/v2\/product_brand?post=102058"},{"taxonomy":"product_cat","embeddable":true,"href":"https:\/\/truusk.store\/sv\/wp-json\/wp\/v2\/product_cat?post=102058"},{"taxonomy":"product_tag","embeddable":true,"href":"https:\/\/truusk.store\/sv\/wp-json\/wp\/v2\/product_tag?post=102058"}],"curies":[{"name":"wp","href":"https:\/\/api.w.org\/{rel}","templated":true}]}}