{"id":10207,"date":"2024-02-13T10:06:46","date_gmt":"2024-02-13T09:06:46","guid":{"rendered":"https:\/\/truusk.store\/product\/tradgardspaviljong-paviljong-390-x-290-x-280-cm-tradgardstalt-partytalt-med-4-x-sidopaneler-myggnat-vaderbestandigt-aluminium-polyester-kaffe-svart\/"},"modified":"2026-03-12T08:56:19","modified_gmt":"2026-03-12T07:56:19","slug":"truusk-tradgardspaviljong-390x290x280-cm-partytalt-med-sidopaneler-myggnat-vaderbestandigt-aluminium-polyester-kaffe","status":"publish","type":"product","link":"https:\/\/truusk.store\/sv\/produkt\/truusk-tradgardspaviljong-390x290x280-cm-partytalt-med-sidopaneler-myggnat-vaderbestandigt-aluminium-polyester-kaffe\/","title":{"rendered":"TRUUSK Tr\u00e4dg\u00e5rdspaviljong 390x290x280 cm &#8211; Partyt\u00e4lt med Sidopaneler &#8211; Myggn\u00e4t &#8211; V\u00e4derbest\u00e4ndigt &#8211; Aluminium &#8211; Polyester &#8211; Kaffe"},"content":{"rendered":"<p>Dekorera din tr\u00e4dg\u00e5rd och koppla av utomhus i sommarv\u00e4dret med detta uteplatslusthus. En n\u00e4tgardin med en b\u00e5gad kant g\u00f6r detta lusthus till det perfekta tillskottet till din utomhusgr\u00e4smatta eller poolomr\u00e5de. Ett dubbelskiktat tak s\u00e4kerst\u00e4ller optimal luftcirkulation och f\u00f6rs\u00e4nkta \u00f6ppningar s\u00e4kerst\u00e4ller optimal vattendr\u00e4nering. Skapa din egen personliga oas med denna uteplatspaviljong!<\/p>\n<h3>Beskrivning:<\/h3>\n<ul>\n<li>180g\/m2 polyestertak med vattent\u00e4t bel\u00e4ggning. PA-bel\u00e4ggning f\u00f6r effektivt skydd mot skadliga UV-str\u00e5lar och antioxidation<\/li>\n<li>Fyra vattenavvisande sidopaneler gjorda av 160g\/m2 polyester med tiebacks f\u00f6r extra avskildhet<\/li>\n<li>Topplocket har \u00e5tta \u00f6ppningar f\u00f6r vattendr\u00e4nering<\/li>\n<li>8 galvaniserade markspikar fixerar h\u00f6rnen och g\u00f6r paviljongen mer stabil<\/li>\n<li>Kardborref\u00e4sten m\u00f6jligg\u00f6r enkel installation och fasts\u00e4ttning i lusthuset<\/li>\n<li>Inte l\u00e4mplig f\u00f6r stormiga, bl\u00e5siga f\u00f6rh\u00e5llanden<\/li>\n<li>Avtagbar och tv\u00e4ttbar<\/li>\n<li>L\u00e4tt att montera<\/li>\n<\/ul>\n<h3>Teknisk data:<\/h3>\n<ul>\n<li>\u00d6vergripande m\u00e5tt: 390L x 290W x 195H cm<\/li>\n<li>F\u00e4rger: Kaffe+svart<\/li>\n<li>Material: Polyester, aluminiumlegering<\/li>\n<li>St\u00f6dpelare: 60 x 1,2 mm<\/li>\n<li>St\u00e5ng: 27 x 60 x 0,8 mm<\/li>\n<li>Toppram: 16 x 26 x 0,5 mm<\/li>\n<li>Kolumnavst\u00e5nd: 370L x 270B cm<\/li>\n<li>Observera: Stolen och bordet p\u00e5 bilden ing\u00e5r inte<\/li>\n<\/ul>\n<h3>Leveransens omfattning:<\/h3>\n<ul>\n<li>1 x Gazebo<\/li>\n<li>1 x Instruktioner VIKTIGT: Vi levererar varan till trottoarkanten utan kostnad. Se till att du anger r\u00e4tt adress och telefonnummer.<\/li>\n<\/ul>\n","protected":false},"excerpt":{"rendered":"<p>Dekorera din tr\u00e4dg\u00e5rd och koppla av utomhus i sommarv\u00e4dret med detta uteplatslusthus. En n\u00e4tgardin med en b\u00e5gad kant g\u00f6r detta&#8230;<\/p>\n","protected":false},"featured_media":10208,"template":"","meta":[],"product_brand":[],"product_cat":[477,435,476],"product_tag":[],"class_list":{"0":"post-10207","1":"product","2":"type-product","3":"status-publish","4":"has-post-thumbnail","6":"product_cat-paviljonger-partytalt","7":"product_cat-tradgard-och-terrass","8":"product_cat-tradgardspaviljonger","10":"first","11":"instock","12":"sale","13":"taxable","14":"shipping-taxable","15":"purchasable","16":"product-type-simple"},"yoast_head":"<!-- This site is optimized with the Yoast SEO plugin v25.4 - https:\/\/yoast.com\/wordpress\/plugins\/seo\/ -->\n<title>TRUUSK Tr\u00e4dg\u00e5rdspaviljong 390x290x280 cm - Partyt\u00e4lt med Sidopaneler - Myggn\u00e4t - V\u00e4derbest\u00e4ndigt - Aluminium - Polyester - Kaffe - TRUUSK - Hem, Tr\u00e4dg\u00e5rd &amp; Fritid<\/title>\n<meta name=\"robots\" content=\"index, follow, max-snippet:-1, max-image-preview:large, max-video-preview:-1\" \/>\n<link rel=\"canonical\" href=\"https:\/\/truusk.store\/sv\/produkt\/truusk-tradgardspaviljong-390x290x280-cm-partytalt-med-sidopaneler-myggnat-vaderbestandigt-aluminium-polyester-kaffe\/\" \/>\n<meta property=\"og:locale\" content=\"sv_SE\" \/>\n<meta property=\"og:type\" content=\"article\" \/>\n<meta property=\"og:title\" content=\"TRUUSK Tr\u00e4dg\u00e5rdspaviljong 390x290x280 cm - Partyt\u00e4lt med Sidopaneler - Myggn\u00e4t - V\u00e4derbest\u00e4ndigt - Aluminium - Polyester - Kaffe - TRUUSK - Hem, Tr\u00e4dg\u00e5rd &amp; Fritid\" \/>\n<meta property=\"og:description\" content=\"Dekorera din tr\u00e4dg\u00e5rd och koppla av utomhus i sommarv\u00e4dret med detta uteplatslusthus. En n\u00e4tgardin med en b\u00e5gad kant g\u00f6r detta...\" \/>\n<meta property=\"og:url\" content=\"https:\/\/truusk.store\/sv\/produkt\/truusk-tradgardspaviljong-390x290x280-cm-partytalt-med-sidopaneler-myggnat-vaderbestandigt-aluminium-polyester-kaffe\/\" \/>\n<meta property=\"og:site_name\" content=\"TRUUSK - Hem, Tr\u00e4dg\u00e5rd &amp; Fritid\" \/>\n<meta property=\"article:modified_time\" content=\"2026-03-12T07:56:19+00:00\" \/>\n<meta property=\"og:image\" content=\"https:\/\/i0.wp.com\/truusk.se\/wp-content\/uploads\/2024\/02\/tradgardspaviljong-paviljong-390-x-290-x-280-cm-tradgardstalt-partytalt-med-4-x-sidopaneler-myggnat-vaderbestandigt-aluminium-polyester-kaffe-svart.webp?fit=800%2C800&ssl=1\" \/>\n\t<meta property=\"og:image:width\" content=\"800\" \/>\n\t<meta property=\"og:image:height\" content=\"800\" \/>\n\t<meta property=\"og:image:type\" content=\"image\/webp\" \/>\n<meta name=\"twitter:card\" content=\"summary_large_image\" \/>\n<meta name=\"twitter:label1\" content=\"Ber\u00e4knad l\u00e4stid\" \/>\n\t<meta name=\"twitter:data1\" content=\"1 minut\" \/>\n<!-- \/ Yoast SEO plugin. -->","yoast_head_json":{"title":"TRUUSK Tr\u00e4dg\u00e5rdspaviljong 390x290x280 cm - Partyt\u00e4lt med Sidopaneler - Myggn\u00e4t - V\u00e4derbest\u00e4ndigt - Aluminium - Polyester - Kaffe - TRUUSK - Hem, Tr\u00e4dg\u00e5rd &amp; Fritid","robots":{"index":"index","follow":"follow","max-snippet":"max-snippet:-1","max-image-preview":"max-image-preview:large","max-video-preview":"max-video-preview:-1"},"canonical":"https:\/\/truusk.store\/sv\/produkt\/truusk-tradgardspaviljong-390x290x280-cm-partytalt-med-sidopaneler-myggnat-vaderbestandigt-aluminium-polyester-kaffe\/","og_locale":"sv_SE","og_type":"article","og_title":"TRUUSK Tr\u00e4dg\u00e5rdspaviljong 390x290x280 cm - Partyt\u00e4lt med Sidopaneler - Myggn\u00e4t - V\u00e4derbest\u00e4ndigt - Aluminium - Polyester - Kaffe - TRUUSK - Hem, Tr\u00e4dg\u00e5rd &amp; Fritid","og_description":"Dekorera din tr\u00e4dg\u00e5rd och koppla av utomhus i sommarv\u00e4dret med detta uteplatslusthus. En n\u00e4tgardin med en b\u00e5gad kant g\u00f6r detta...","og_url":"https:\/\/truusk.store\/sv\/produkt\/truusk-tradgardspaviljong-390x290x280-cm-partytalt-med-sidopaneler-myggnat-vaderbestandigt-aluminium-polyester-kaffe\/","og_site_name":"TRUUSK - Hem, Tr\u00e4dg\u00e5rd &amp; Fritid","article_modified_time":"2026-03-12T07:56:19+00:00","og_image":[{"width":800,"height":800,"url":"https:\/\/i0.wp.com\/truusk.se\/wp-content\/uploads\/2024\/02\/tradgardspaviljong-paviljong-390-x-290-x-280-cm-tradgardstalt-partytalt-med-4-x-sidopaneler-myggnat-vaderbestandigt-aluminium-polyester-kaffe-svart.webp?fit=800%2C800&ssl=1","type":"image\/webp"}],"twitter_card":"summary_large_image","twitter_misc":{"Ber\u00e4knad l\u00e4stid":"1 minut"},"schema":{"@context":"https:\/\/schema.org","@graph":[{"@type":"WebPage","@id":"https:\/\/truusk.store\/sv\/produkt\/truusk-tradgardspaviljong-390x290x280-cm-partytalt-med-sidopaneler-myggnat-vaderbestandigt-aluminium-polyester-kaffe\/","url":"https:\/\/truusk.store\/sv\/produkt\/truusk-tradgardspaviljong-390x290x280-cm-partytalt-med-sidopaneler-myggnat-vaderbestandigt-aluminium-polyester-kaffe\/","name":"TRUUSK Tr\u00e4dg\u00e5rdspaviljong 390x290x280 cm - Partyt\u00e4lt med Sidopaneler - Myggn\u00e4t - V\u00e4derbest\u00e4ndigt - Aluminium - Polyester - Kaffe - TRUUSK - Hem, Tr\u00e4dg\u00e5rd &amp; Fritid","isPartOf":{"@id":"https:\/\/truusk.store\/sv\/#website"},"primaryImageOfPage":{"@id":"https:\/\/truusk.store\/sv\/produkt\/truusk-tradgardspaviljong-390x290x280-cm-partytalt-med-sidopaneler-myggnat-vaderbestandigt-aluminium-polyester-kaffe\/#primaryimage"},"image":{"@id":"https:\/\/truusk.store\/sv\/produkt\/truusk-tradgardspaviljong-390x290x280-cm-partytalt-med-sidopaneler-myggnat-vaderbestandigt-aluminium-polyester-kaffe\/#primaryimage"},"thumbnailUrl":"https:\/\/i0.wp.com\/truusk.store\/wp-content\/uploads\/2024\/02\/tradgardspaviljong-paviljong-390-x-290-x-280-cm-tradgardstalt-partytalt-med-4-x-sidopaneler-myggnat-vaderbestandigt-aluminium-polyester-kaffe-svart.webp?fit=800%2C800&ssl=1","datePublished":"2024-02-13T09:06:46+00:00","dateModified":"2026-03-12T07:56:19+00:00","breadcrumb":{"@id":"https:\/\/truusk.store\/sv\/produkt\/truusk-tradgardspaviljong-390x290x280-cm-partytalt-med-sidopaneler-myggnat-vaderbestandigt-aluminium-polyester-kaffe\/#breadcrumb"},"inLanguage":"sv-SE","potentialAction":[{"@type":"ReadAction","target":["https:\/\/truusk.store\/sv\/produkt\/truusk-tradgardspaviljong-390x290x280-cm-partytalt-med-sidopaneler-myggnat-vaderbestandigt-aluminium-polyester-kaffe\/"]}]},{"@type":"ImageObject","inLanguage":"sv-SE","@id":"https:\/\/truusk.store\/sv\/produkt\/truusk-tradgardspaviljong-390x290x280-cm-partytalt-med-sidopaneler-myggnat-vaderbestandigt-aluminium-polyester-kaffe\/#primaryimage","url":"https:\/\/i0.wp.com\/truusk.store\/wp-content\/uploads\/2024\/02\/tradgardspaviljong-paviljong-390-x-290-x-280-cm-tradgardstalt-partytalt-med-4-x-sidopaneler-myggnat-vaderbestandigt-aluminium-polyester-kaffe-svart.webp?fit=800%2C800&ssl=1","contentUrl":"https:\/\/i0.wp.com\/truusk.store\/wp-content\/uploads\/2024\/02\/tradgardspaviljong-paviljong-390-x-290-x-280-cm-tradgardstalt-partytalt-med-4-x-sidopaneler-myggnat-vaderbestandigt-aluminium-polyester-kaffe-svart.webp?fit=800%2C800&ssl=1","width":800,"height":800,"caption":"Tr\u00e4dg\u00e5rdspaviljong Paviljong 390 X 290 X 280 Cm Tr\u00e4dg\u00e5rdst\u00e4lt Partyt\u00e4lt Med 4 X Sidopaneler Myggn\u00e4t V\u00e4derbest\u00e4ndigt Aluminium Polyester Kaffe + Svart 1"},{"@type":"BreadcrumbList","@id":"https:\/\/truusk.store\/sv\/produkt\/truusk-tradgardspaviljong-390x290x280-cm-partytalt-med-sidopaneler-myggnat-vaderbestandigt-aluminium-polyester-kaffe\/#breadcrumb","itemListElement":[{"@type":"ListItem","position":1,"name":"Home","item":"https:\/\/truusk.store\/sv\/"},{"@type":"ListItem","position":2,"name":"Shop","item":"https:\/\/truusk.store\/shop\/"},{"@type":"ListItem","position":3,"name":"TRUUSK Tr\u00e4dg\u00e5rdspaviljong 390x290x280 cm &#8211; Partyt\u00e4lt med Sidopaneler &#8211; Myggn\u00e4t &#8211; V\u00e4derbest\u00e4ndigt &#8211; Aluminium &#8211; Polyester &#8211; Kaffe"}]},{"@type":"WebSite","@id":"https:\/\/truusk.store\/sv\/#website","url":"https:\/\/truusk.store\/sv\/","name":"TRUUSK - Hem, Tr\u00e4dg\u00e5rd & Fritid","description":"","publisher":{"@id":"https:\/\/truusk.store\/sv\/#organization"},"potentialAction":[{"@type":"SearchAction","target":{"@type":"EntryPoint","urlTemplate":"https:\/\/truusk.store\/sv\/?s={search_term_string}"},"query-input":{"@type":"PropertyValueSpecification","valueRequired":true,"valueName":"search_term_string"}}],"inLanguage":"sv-SE"},{"@type":"Organization","@id":"https:\/\/truusk.store\/sv\/#organization","name":"TRUUSK - Hem, Tr\u00e4dg\u00e5rd & Fritid","url":"https:\/\/truusk.store\/sv\/","logo":{"@type":"ImageObject","inLanguage":"sv-SE","@id":"https:\/\/truusk.store\/sv\/#\/schema\/logo\/image\/","url":"https:\/\/i0.wp.com\/truusk.store\/wp-content\/uploads\/2026\/03\/cropped-TRUUSK.png?fit=2032%2C917&ssl=1","contentUrl":"https:\/\/i0.wp.com\/truusk.store\/wp-content\/uploads\/2026\/03\/cropped-TRUUSK.png?fit=2032%2C917&ssl=1","width":2032,"height":917,"caption":"TRUUSK - Hem, Tr\u00e4dg\u00e5rd & Fritid"},"image":{"@id":"https:\/\/truusk.store\/sv\/#\/schema\/logo\/image\/"}}]}},"jetpack_sharing_enabled":true,"_links":{"self":[{"href":"https:\/\/truusk.store\/sv\/wp-json\/wp\/v2\/product\/10207","targetHints":{"allow":["GET"]}}],"collection":[{"href":"https:\/\/truusk.store\/sv\/wp-json\/wp\/v2\/product"}],"about":[{"href":"https:\/\/truusk.store\/sv\/wp-json\/wp\/v2\/types\/product"}],"wp:featuredmedia":[{"embeddable":true,"href":"https:\/\/truusk.store\/sv\/wp-json\/wp\/v2\/media\/10208"}],"wp:attachment":[{"href":"https:\/\/truusk.store\/sv\/wp-json\/wp\/v2\/media?parent=10207"}],"wp:term":[{"taxonomy":"product_brand","embeddable":true,"href":"https:\/\/truusk.store\/sv\/wp-json\/wp\/v2\/product_brand?post=10207"},{"taxonomy":"product_cat","embeddable":true,"href":"https:\/\/truusk.store\/sv\/wp-json\/wp\/v2\/product_cat?post=10207"},{"taxonomy":"product_tag","embeddable":true,"href":"https:\/\/truusk.store\/sv\/wp-json\/wp\/v2\/product_tag?post=10207"}],"curies":[{"name":"wp","href":"https:\/\/api.w.org\/{rel}","templated":true}]}}