{"id":102073,"date":"2026-01-28T06:35:35","date_gmt":"2026-01-28T05:35:35","guid":{"rendered":"https:\/\/truusk.store\/product\/badrumsskap-vaggskap-med-soft-close-dorr-och-oppet-fack-30-x-17-x-67-cm-vit\/"},"modified":"2026-03-12T08:49:11","modified_gmt":"2026-03-12T07:49:11","slug":"truusk-badrumsskap-med-soft-close-dorr-vaggskap-30x17x67-cm-vit-modern-design-hog-kvalitet-praktisk-forvaring","status":"publish","type":"product","link":"https:\/\/truusk.store\/sv\/produkt\/truusk-badrumsskap-med-soft-close-dorr-vaggskap-30x17x67-cm-vit-modern-design-hog-kvalitet-praktisk-forvaring\/","title":{"rendered":"TRUUSK Badrumssk\u00e5p Med Soft-close-d\u00f6rr &#8211; V\u00e4ggsk\u00e5p 30x17x67 cm &#8211; Vit &#8211; Modern Design &#8211; H\u00f6g Kvalitet &#8211; Praktisk F\u00f6rvaring"},"content":{"rendered":"<p>F\u00f6rh\u00f6j charmen och funktionaliteten i ditt badrum med [BRAND NAME] badrumsv\u00e4ggsk\u00e5p! Det erbjuder en snygg l\u00f6sning med \u00f6ppen hylla och justerbar hylla, d\u00e4r d\u00f6rren st\u00e4nger mjukt och tyst. Det kompakta designen av v\u00e4ggsk\u00e5pet g\u00f6r varje v\u00e4gg till en elegant, praktisk f\u00f6rvaringsl\u00f6sning som h\u00e5ller redskapen organiserade \u00e4ven i de minsta utrymmena. L\u00e4tt att reng\u00f6ra och idealisk f\u00f6r daglig anv\u00e4ndning.<\/p>\n<p>Beskrivning:<\/p>\n<ul>\n<li> Ett \u00f6ppet fack och ett sk\u00e5p p\u00e5 v\u00e4ggsk\u00e5pet med en justerbar hylla \u00f6kar f\u00f6rvaringens m\u00e5ngsidighet<\/li>\n<li> Utrustad med mjukst\u00e4ngande g\u00e5ngj\u00e4rn som ser till att d\u00f6rren st\u00e4nger tyst och mjukt<\/li>\n<li> Utrymmesbesparande design av v\u00e4ggsk\u00e5pet utnyttjar v\u00e4ggar f\u00f6r effektiv lagring<\/li>\n<li> Tillverkad av robust sp\u00e5nskiva material med en melaminbel\u00e4ggning f\u00f6r att s\u00e4kerst\u00e4lla l\u00e5ngvarig anv\u00e4ndning och enkel reng\u00f6ring<\/li>\n<li> Montering kr\u00e4vs<\/li>\n<\/ul>\n<p> Tekniska specifikationer:<\/p>\n<ul>\n<li> F\u00e4rg: Vit+Naturtr\u00e4<\/li>\n<li> Material: Sp\u00e5nskiva<\/li>\n<li> Totala dimensioner: 30B x 17T x 67H cm<\/li>\n<li> Storlek p\u00e5 f\u00f6rvaringsfacket: 27,5B x 14T x 20,3H cm<\/li>\n<li> Inre utrymme i sk\u00e5pet: 27,5B x 14T x 35,4H cm<\/li>\n<li> Maximal belastning: 8 kg (totalt), 2 kg (\u00f6verdel\/hylla)<\/li>\n<\/ul>\n<p>Leverans inneh\u00e5ller:<\/p>\n<ul>\n<li> 1 x Badrumsv\u00e4ggsk\u00e5p<\/li>\n<li> 1 x Bruksanvisning<\/li>\n<\/ul>\n","protected":false},"excerpt":{"rendered":"<p>F\u00f6rh\u00f6j charmen och funktionaliteten i ditt badrum med [BRAND NAME] badrumsv\u00e4ggsk\u00e5p! Det erbjuder en snygg l\u00f6sning med \u00f6ppen hylla och&#8230;<\/p>\n","protected":false},"featured_media":102059,"template":"","meta":[],"product_brand":[],"product_cat":[915,535,871],"product_tag":[],"class_list":{"0":"post-102073","1":"product","2":"type-product","3":"status-publish","4":"has-post-thumbnail","6":"product_cat-badrum","7":"product_cat-badrumsskap","8":"product_cat-hus-hem","10":"first","11":"instock","12":"sale","13":"taxable","14":"shipping-taxable","15":"purchasable","16":"product-type-simple"},"yoast_head":"<!-- This site is optimized with the Yoast SEO plugin v25.4 - https:\/\/yoast.com\/wordpress\/plugins\/seo\/ -->\n<title>TRUUSK Badrumssk\u00e5p Med Soft-close-d\u00f6rr - V\u00e4ggsk\u00e5p 30x17x67 cm - Vit - Modern Design - H\u00f6g Kvalitet - Praktisk F\u00f6rvaring - TRUUSK - Hem, Tr\u00e4dg\u00e5rd &amp; Fritid<\/title>\n<meta name=\"robots\" content=\"index, follow, max-snippet:-1, max-image-preview:large, max-video-preview:-1\" \/>\n<link rel=\"canonical\" href=\"https:\/\/truusk.store\/sv\/produkt\/truusk-badrumsskap-med-soft-close-dorr-vaggskap-30x17x67-cm-vit-modern-design-hog-kvalitet-praktisk-forvaring\/\" \/>\n<meta property=\"og:locale\" content=\"sv_SE\" \/>\n<meta property=\"og:type\" content=\"article\" \/>\n<meta property=\"og:title\" content=\"TRUUSK Badrumssk\u00e5p Med Soft-close-d\u00f6rr - V\u00e4ggsk\u00e5p 30x17x67 cm - Vit - Modern Design - H\u00f6g Kvalitet - Praktisk F\u00f6rvaring - TRUUSK - Hem, Tr\u00e4dg\u00e5rd &amp; Fritid\" \/>\n<meta property=\"og:description\" content=\"F\u00f6rh\u00f6j charmen och funktionaliteten i ditt badrum med [BRAND NAME] badrumsv\u00e4ggsk\u00e5p! Det erbjuder en snygg l\u00f6sning med \u00f6ppen hylla och...\" \/>\n<meta property=\"og:url\" content=\"https:\/\/truusk.store\/sv\/produkt\/truusk-badrumsskap-med-soft-close-dorr-vaggskap-30x17x67-cm-vit-modern-design-hog-kvalitet-praktisk-forvaring\/\" \/>\n<meta property=\"og:site_name\" content=\"TRUUSK - Hem, Tr\u00e4dg\u00e5rd &amp; Fritid\" \/>\n<meta property=\"article:modified_time\" content=\"2026-03-12T07:49:11+00:00\" \/>\n<meta property=\"og:image\" content=\"https:\/\/i0.wp.com\/truusk.se\/wp-content\/uploads\/2026\/01\/badrumsskap-vaggskap-med-soft-close-dorr-och-oppet-fack-30-x-17-x-67-cm-vit-1.webp?fit=2000%2C2000&ssl=1\" \/>\n\t<meta property=\"og:image:width\" content=\"2000\" \/>\n\t<meta property=\"og:image:height\" content=\"2000\" \/>\n\t<meta property=\"og:image:type\" content=\"image\/webp\" \/>\n<meta name=\"twitter:card\" content=\"summary_large_image\" \/>\n<meta name=\"twitter:label1\" content=\"Ber\u00e4knad l\u00e4stid\" \/>\n\t<meta name=\"twitter:data1\" content=\"1 minut\" \/>\n<!-- \/ Yoast SEO plugin. -->","yoast_head_json":{"title":"TRUUSK Badrumssk\u00e5p Med Soft-close-d\u00f6rr - V\u00e4ggsk\u00e5p 30x17x67 cm - Vit - Modern Design - H\u00f6g Kvalitet - Praktisk F\u00f6rvaring - TRUUSK - Hem, Tr\u00e4dg\u00e5rd &amp; Fritid","robots":{"index":"index","follow":"follow","max-snippet":"max-snippet:-1","max-image-preview":"max-image-preview:large","max-video-preview":"max-video-preview:-1"},"canonical":"https:\/\/truusk.store\/sv\/produkt\/truusk-badrumsskap-med-soft-close-dorr-vaggskap-30x17x67-cm-vit-modern-design-hog-kvalitet-praktisk-forvaring\/","og_locale":"sv_SE","og_type":"article","og_title":"TRUUSK Badrumssk\u00e5p Med Soft-close-d\u00f6rr - V\u00e4ggsk\u00e5p 30x17x67 cm - Vit - Modern Design - H\u00f6g Kvalitet - Praktisk F\u00f6rvaring - TRUUSK - Hem, Tr\u00e4dg\u00e5rd &amp; Fritid","og_description":"F\u00f6rh\u00f6j charmen och funktionaliteten i ditt badrum med [BRAND NAME] badrumsv\u00e4ggsk\u00e5p! Det erbjuder en snygg l\u00f6sning med \u00f6ppen hylla och...","og_url":"https:\/\/truusk.store\/sv\/produkt\/truusk-badrumsskap-med-soft-close-dorr-vaggskap-30x17x67-cm-vit-modern-design-hog-kvalitet-praktisk-forvaring\/","og_site_name":"TRUUSK - Hem, Tr\u00e4dg\u00e5rd &amp; Fritid","article_modified_time":"2026-03-12T07:49:11+00:00","og_image":[{"width":2000,"height":2000,"url":"https:\/\/i0.wp.com\/truusk.se\/wp-content\/uploads\/2026\/01\/badrumsskap-vaggskap-med-soft-close-dorr-och-oppet-fack-30-x-17-x-67-cm-vit-1.webp?fit=2000%2C2000&ssl=1","type":"image\/webp"}],"twitter_card":"summary_large_image","twitter_misc":{"Ber\u00e4knad l\u00e4stid":"1 minut"},"schema":{"@context":"https:\/\/schema.org","@graph":[{"@type":"WebPage","@id":"https:\/\/truusk.store\/sv\/produkt\/truusk-badrumsskap-med-soft-close-dorr-vaggskap-30x17x67-cm-vit-modern-design-hog-kvalitet-praktisk-forvaring\/","url":"https:\/\/truusk.store\/sv\/produkt\/truusk-badrumsskap-med-soft-close-dorr-vaggskap-30x17x67-cm-vit-modern-design-hog-kvalitet-praktisk-forvaring\/","name":"TRUUSK Badrumssk\u00e5p Med Soft-close-d\u00f6rr - V\u00e4ggsk\u00e5p 30x17x67 cm - Vit - Modern Design - H\u00f6g Kvalitet - Praktisk F\u00f6rvaring - TRUUSK - Hem, Tr\u00e4dg\u00e5rd &amp; Fritid","isPartOf":{"@id":"https:\/\/truusk.store\/sv\/#website"},"primaryImageOfPage":{"@id":"https:\/\/truusk.store\/sv\/produkt\/truusk-badrumsskap-med-soft-close-dorr-vaggskap-30x17x67-cm-vit-modern-design-hog-kvalitet-praktisk-forvaring\/#primaryimage"},"image":{"@id":"https:\/\/truusk.store\/sv\/produkt\/truusk-badrumsskap-med-soft-close-dorr-vaggskap-30x17x67-cm-vit-modern-design-hog-kvalitet-praktisk-forvaring\/#primaryimage"},"thumbnailUrl":"https:\/\/i0.wp.com\/truusk.store\/wp-content\/uploads\/2026\/01\/badrumsskap-vaggskap-med-soft-close-dorr-och-oppet-fack-30-x-17-x-67-cm-vit-1.webp?fit=2000%2C2000&ssl=1","datePublished":"2026-01-28T05:35:35+00:00","dateModified":"2026-03-12T07:49:11+00:00","breadcrumb":{"@id":"https:\/\/truusk.store\/sv\/produkt\/truusk-badrumsskap-med-soft-close-dorr-vaggskap-30x17x67-cm-vit-modern-design-hog-kvalitet-praktisk-forvaring\/#breadcrumb"},"inLanguage":"sv-SE","potentialAction":[{"@type":"ReadAction","target":["https:\/\/truusk.store\/sv\/produkt\/truusk-badrumsskap-med-soft-close-dorr-vaggskap-30x17x67-cm-vit-modern-design-hog-kvalitet-praktisk-forvaring\/"]}]},{"@type":"ImageObject","inLanguage":"sv-SE","@id":"https:\/\/truusk.store\/sv\/produkt\/truusk-badrumsskap-med-soft-close-dorr-vaggskap-30x17x67-cm-vit-modern-design-hog-kvalitet-praktisk-forvaring\/#primaryimage","url":"https:\/\/i0.wp.com\/truusk.store\/wp-content\/uploads\/2026\/01\/badrumsskap-vaggskap-med-soft-close-dorr-och-oppet-fack-30-x-17-x-67-cm-vit-1.webp?fit=2000%2C2000&ssl=1","contentUrl":"https:\/\/i0.wp.com\/truusk.store\/wp-content\/uploads\/2026\/01\/badrumsskap-vaggskap-med-soft-close-dorr-och-oppet-fack-30-x-17-x-67-cm-vit-1.webp?fit=2000%2C2000&ssl=1","width":2000,"height":2000},{"@type":"BreadcrumbList","@id":"https:\/\/truusk.store\/sv\/produkt\/truusk-badrumsskap-med-soft-close-dorr-vaggskap-30x17x67-cm-vit-modern-design-hog-kvalitet-praktisk-forvaring\/#breadcrumb","itemListElement":[{"@type":"ListItem","position":1,"name":"Home","item":"https:\/\/truusk.store\/sv\/"},{"@type":"ListItem","position":2,"name":"Shop","item":"https:\/\/truusk.store\/shop\/"},{"@type":"ListItem","position":3,"name":"TRUUSK Badrumssk\u00e5p Med Soft-close-d\u00f6rr &#8211; V\u00e4ggsk\u00e5p 30x17x67 cm &#8211; Vit &#8211; Modern Design &#8211; H\u00f6g Kvalitet &#8211; Praktisk F\u00f6rvaring"}]},{"@type":"WebSite","@id":"https:\/\/truusk.store\/sv\/#website","url":"https:\/\/truusk.store\/sv\/","name":"TRUUSK - Hem, Tr\u00e4dg\u00e5rd & Fritid","description":"","publisher":{"@id":"https:\/\/truusk.store\/sv\/#organization"},"potentialAction":[{"@type":"SearchAction","target":{"@type":"EntryPoint","urlTemplate":"https:\/\/truusk.store\/sv\/?s={search_term_string}"},"query-input":{"@type":"PropertyValueSpecification","valueRequired":true,"valueName":"search_term_string"}}],"inLanguage":"sv-SE"},{"@type":"Organization","@id":"https:\/\/truusk.store\/sv\/#organization","name":"TRUUSK - Hem, Tr\u00e4dg\u00e5rd & Fritid","url":"https:\/\/truusk.store\/sv\/","logo":{"@type":"ImageObject","inLanguage":"sv-SE","@id":"https:\/\/truusk.store\/sv\/#\/schema\/logo\/image\/","url":"https:\/\/i0.wp.com\/truusk.store\/wp-content\/uploads\/2026\/03\/cropped-TRUUSK.png?fit=2032%2C917&ssl=1","contentUrl":"https:\/\/i0.wp.com\/truusk.store\/wp-content\/uploads\/2026\/03\/cropped-TRUUSK.png?fit=2032%2C917&ssl=1","width":2032,"height":917,"caption":"TRUUSK - Hem, Tr\u00e4dg\u00e5rd & Fritid"},"image":{"@id":"https:\/\/truusk.store\/sv\/#\/schema\/logo\/image\/"}}]}},"jetpack_sharing_enabled":true,"_links":{"self":[{"href":"https:\/\/truusk.store\/sv\/wp-json\/wp\/v2\/product\/102073","targetHints":{"allow":["GET"]}}],"collection":[{"href":"https:\/\/truusk.store\/sv\/wp-json\/wp\/v2\/product"}],"about":[{"href":"https:\/\/truusk.store\/sv\/wp-json\/wp\/v2\/types\/product"}],"wp:featuredmedia":[{"embeddable":true,"href":"https:\/\/truusk.store\/sv\/wp-json\/wp\/v2\/media\/102059"}],"wp:attachment":[{"href":"https:\/\/truusk.store\/sv\/wp-json\/wp\/v2\/media?parent=102073"}],"wp:term":[{"taxonomy":"product_brand","embeddable":true,"href":"https:\/\/truusk.store\/sv\/wp-json\/wp\/v2\/product_brand?post=102073"},{"taxonomy":"product_cat","embeddable":true,"href":"https:\/\/truusk.store\/sv\/wp-json\/wp\/v2\/product_cat?post=102073"},{"taxonomy":"product_tag","embeddable":true,"href":"https:\/\/truusk.store\/sv\/wp-json\/wp\/v2\/product_tag?post=102073"}],"curies":[{"name":"wp","href":"https:\/\/api.w.org\/{rel}","templated":true}]}}