{"id":102079,"date":"2026-01-28T06:36:01","date_gmt":"2026-01-28T05:36:01","guid":{"rendered":"https:\/\/truusk.store\/product\/skoldpaddshus-i-tra-med-huvudhus-inspektionsfonster-lock-104cm-x-53cm-x-82cm-vitgra\/"},"modified":"2026-03-12T08:49:14","modified_gmt":"2026-03-12T07:49:14","slug":"truusk-skoldpaddshus-i-tra-med-huvudhus-inspektionsfonster-lock-104cm-x-53cm-x-82cm-vit-gra","status":"publish","type":"product","link":"https:\/\/truusk.store\/sv\/produkt\/truusk-skoldpaddshus-i-tra-med-huvudhus-inspektionsfonster-lock-104cm-x-53cm-x-82cm-vit-gra\/","title":{"rendered":"TRUUSK Sk\u00f6ldpaddshus i Tr\u00e4 &#8211; Med Huvudhus &#8211; Inspektionsf\u00f6nster &#8211; Lock &#8211; 104cm x 53cm x 82cm &#8211; Vit + Gr\u00e5"},"content":{"rendered":"<p>St\u00f6rd av att b\u00f6ja dig n\u00e4r du reng\u00f6r och leker, vilket belastar din rygg och stj\u00e4l dina vackra stunder? Det upph\u00f6jda [BRAND NAME] sk\u00f6ldpaddshuset underl\u00e4ttar detta genom att ditt djur kommer till dig. Genomskinliga paneler fr\u00e4mjar okomplicerade interaktioner p\u00e5 \u00f6gonh\u00f6jd och den helt utdragbara brickan underl\u00e4ttar reng\u00f6ringen. Ge ditt djurkamrat och dig sj\u00e4lv ett bekv\u00e4mt tv\u00e5-zoners hem.<\/p>\n<p>Beskrivning:<\/p>\n<ul>\n<li> Avtagbar skiljev\u00e4gg m\u00f6jligg\u00f6r en dubbelzon eller ett stort, anpassningsbart habitat<\/li>\n<li> En utdragbar bricka och dubbla lock m\u00f6jligg\u00f6r enkel, grundlig reng\u00f6ring<\/li>\n<li> Upph\u00f6jd stativ f\u00f6r enkel, bekv\u00e4m interaktion med husdjuret utan att beh\u00f6va b\u00f6ja sig<\/li>\n<li> Byggd av massivt grantr\u00e4 och metallgaller f\u00f6r l\u00e5ngvarig h\u00e5llbarhet<\/li>\n<li> Inneh\u00e5ller en lampf\u00e4ste f\u00f6r att skapa ett bekv\u00e4mt belysningsutrymme<\/li>\n<li> En s\u00e4ker hornl\u00e5s p\u00e5 \u00f6vre locket f\u00f6rhindrar att husdjur flyr<\/li>\n<li> L\u00e4mplig f\u00f6r sk\u00f6ldpaddor, \u00f6dlor, marsvin, kaniner och andra sm\u00e5 djur<\/li>\n<li> Montering kr\u00e4vs<\/li>\n<\/ul>\n<p> Tekniska data:<\/p>\n<ul>\n<li> F\u00e4rg: Vit+Gr\u00e5<\/li>\n<li> Material: Grantr\u00e4, PS<\/li>\n<li> Totala dimensioner: 104B x 53D x 82H cm<\/li>\n<li> Boarea storlek: 41B x 53D cm<\/li>\n<li> Aktivitetsomr\u00e5desstorlek: 59B x 53D cm<\/li>\n<li> Inre storlek p\u00e5 boet: 36B x 49D x 33H cm<\/li>\n<li> Inre storlek p\u00e5 aktivitetsomr\u00e5det: 58B x 49D x 33H cm<\/li>\n<li> Storlek p\u00e5 \u00e5tkomstd\u00f6rren: 18B x 18H cm<\/li>\n<li> \u00d6ppningsstorlek ovanp\u00e5 boet: 41B x 53D cm<\/li>\n<li> Aktivitetsomr\u00e5dets \u00f6ppningsdimensioner: 59B x 53D cm<\/li>\n<li> M\u00e5tt p\u00e5 utdragbar bricka: 100B x 53D cm<\/li>\n<li> Storlek p\u00e5 lampf\u00e4stet: 20L x 3B x 20H cm<\/li>\n<\/ul>\n<p>Leveransinneh\u00e5ll:<\/p>\n<ul>\n<li> 1 x Sk\u00f6ldpaddsk\u00e4rl<\/li>\n<li> 1 x Lampf\u00e4ste<\/li>\n<li> 1 x Matb\u00e4gare<\/li>\n<li> 1 x Bruksanvisning<\/li>\n<\/ul>\n","protected":false},"excerpt":{"rendered":"<p>St\u00f6rd av att b\u00f6ja dig n\u00e4r du reng\u00f6r och leker, vilket belastar din rygg och stj\u00e4l dina vackra stunder? Det&#8230;<\/p>\n","protected":false},"featured_media":102064,"template":"","meta":[],"product_brand":[],"product_cat":[878,598,597],"product_tag":[],"class_list":{"0":"post-102079","1":"product","2":"type-product","3":"status-publish","4":"has-post-thumbnail","6":"product_cat-djurbehov","7":"product_cat-sma-djurstallar","8":"product_cat-sma-djurtillbehor","10":"first","11":"instock","12":"sale","13":"taxable","14":"shipping-taxable","15":"purchasable","16":"product-type-simple"},"yoast_head":"<!-- This site is optimized with the Yoast SEO plugin v25.4 - https:\/\/yoast.com\/wordpress\/plugins\/seo\/ -->\n<title>TRUUSK Sk\u00f6ldpaddshus i Tr\u00e4 - Med Huvudhus - Inspektionsf\u00f6nster - Lock - 104cm x 53cm x 82cm - Vit + Gr\u00e5 - TRUUSK - Hem, Tr\u00e4dg\u00e5rd &amp; Fritid<\/title>\n<meta name=\"robots\" content=\"index, follow, max-snippet:-1, max-image-preview:large, max-video-preview:-1\" \/>\n<link rel=\"canonical\" href=\"https:\/\/truusk.store\/sv\/produkt\/truusk-skoldpaddshus-i-tra-med-huvudhus-inspektionsfonster-lock-104cm-x-53cm-x-82cm-vit-gra\/\" \/>\n<meta property=\"og:locale\" content=\"sv_SE\" \/>\n<meta property=\"og:type\" content=\"article\" \/>\n<meta property=\"og:title\" content=\"TRUUSK Sk\u00f6ldpaddshus i Tr\u00e4 - Med Huvudhus - Inspektionsf\u00f6nster - Lock - 104cm x 53cm x 82cm - Vit + Gr\u00e5 - TRUUSK - Hem, Tr\u00e4dg\u00e5rd &amp; Fritid\" \/>\n<meta property=\"og:description\" content=\"St\u00f6rd av att b\u00f6ja dig n\u00e4r du reng\u00f6r och leker, vilket belastar din rygg och stj\u00e4l dina vackra stunder? Det...\" \/>\n<meta property=\"og:url\" content=\"https:\/\/truusk.store\/sv\/produkt\/truusk-skoldpaddshus-i-tra-med-huvudhus-inspektionsfonster-lock-104cm-x-53cm-x-82cm-vit-gra\/\" \/>\n<meta property=\"og:site_name\" content=\"TRUUSK - Hem, Tr\u00e4dg\u00e5rd &amp; Fritid\" \/>\n<meta property=\"article:modified_time\" content=\"2026-03-12T07:49:14+00:00\" \/>\n<meta property=\"og:image\" content=\"https:\/\/i0.wp.com\/truusk.se\/wp-content\/uploads\/2026\/01\/skoldpaddshus-i-tra-med-huvudhus-inspektionsfonster-lock-104cm-x-53cm-x-82cm-vitgra-1.webp?fit=2000%2C2000&ssl=1\" \/>\n\t<meta property=\"og:image:width\" content=\"2000\" \/>\n\t<meta property=\"og:image:height\" content=\"2000\" \/>\n\t<meta property=\"og:image:type\" content=\"image\/webp\" \/>\n<meta name=\"twitter:card\" content=\"summary_large_image\" \/>\n<meta name=\"twitter:label1\" content=\"Ber\u00e4knad l\u00e4stid\" \/>\n\t<meta name=\"twitter:data1\" content=\"1 minut\" \/>\n<!-- \/ Yoast SEO plugin. -->","yoast_head_json":{"title":"TRUUSK Sk\u00f6ldpaddshus i Tr\u00e4 - Med Huvudhus - Inspektionsf\u00f6nster - Lock - 104cm x 53cm x 82cm - Vit + Gr\u00e5 - TRUUSK - Hem, Tr\u00e4dg\u00e5rd &amp; Fritid","robots":{"index":"index","follow":"follow","max-snippet":"max-snippet:-1","max-image-preview":"max-image-preview:large","max-video-preview":"max-video-preview:-1"},"canonical":"https:\/\/truusk.store\/sv\/produkt\/truusk-skoldpaddshus-i-tra-med-huvudhus-inspektionsfonster-lock-104cm-x-53cm-x-82cm-vit-gra\/","og_locale":"sv_SE","og_type":"article","og_title":"TRUUSK Sk\u00f6ldpaddshus i Tr\u00e4 - Med Huvudhus - Inspektionsf\u00f6nster - Lock - 104cm x 53cm x 82cm - Vit + Gr\u00e5 - TRUUSK - Hem, Tr\u00e4dg\u00e5rd &amp; Fritid","og_description":"St\u00f6rd av att b\u00f6ja dig n\u00e4r du reng\u00f6r och leker, vilket belastar din rygg och stj\u00e4l dina vackra stunder? Det...","og_url":"https:\/\/truusk.store\/sv\/produkt\/truusk-skoldpaddshus-i-tra-med-huvudhus-inspektionsfonster-lock-104cm-x-53cm-x-82cm-vit-gra\/","og_site_name":"TRUUSK - Hem, Tr\u00e4dg\u00e5rd &amp; Fritid","article_modified_time":"2026-03-12T07:49:14+00:00","og_image":[{"width":2000,"height":2000,"url":"https:\/\/i0.wp.com\/truusk.se\/wp-content\/uploads\/2026\/01\/skoldpaddshus-i-tra-med-huvudhus-inspektionsfonster-lock-104cm-x-53cm-x-82cm-vitgra-1.webp?fit=2000%2C2000&ssl=1","type":"image\/webp"}],"twitter_card":"summary_large_image","twitter_misc":{"Ber\u00e4knad l\u00e4stid":"1 minut"},"schema":{"@context":"https:\/\/schema.org","@graph":[{"@type":"WebPage","@id":"https:\/\/truusk.store\/sv\/produkt\/truusk-skoldpaddshus-i-tra-med-huvudhus-inspektionsfonster-lock-104cm-x-53cm-x-82cm-vit-gra\/","url":"https:\/\/truusk.store\/sv\/produkt\/truusk-skoldpaddshus-i-tra-med-huvudhus-inspektionsfonster-lock-104cm-x-53cm-x-82cm-vit-gra\/","name":"TRUUSK Sk\u00f6ldpaddshus i Tr\u00e4 - Med Huvudhus - Inspektionsf\u00f6nster - Lock - 104cm x 53cm x 82cm - Vit + Gr\u00e5 - TRUUSK - Hem, Tr\u00e4dg\u00e5rd &amp; Fritid","isPartOf":{"@id":"https:\/\/truusk.store\/sv\/#website"},"primaryImageOfPage":{"@id":"https:\/\/truusk.store\/sv\/produkt\/truusk-skoldpaddshus-i-tra-med-huvudhus-inspektionsfonster-lock-104cm-x-53cm-x-82cm-vit-gra\/#primaryimage"},"image":{"@id":"https:\/\/truusk.store\/sv\/produkt\/truusk-skoldpaddshus-i-tra-med-huvudhus-inspektionsfonster-lock-104cm-x-53cm-x-82cm-vit-gra\/#primaryimage"},"thumbnailUrl":"https:\/\/i0.wp.com\/truusk.store\/wp-content\/uploads\/2026\/01\/skoldpaddshus-i-tra-med-huvudhus-inspektionsfonster-lock-104cm-x-53cm-x-82cm-vitgra-1.webp?fit=2000%2C2000&ssl=1","datePublished":"2026-01-28T05:36:01+00:00","dateModified":"2026-03-12T07:49:14+00:00","breadcrumb":{"@id":"https:\/\/truusk.store\/sv\/produkt\/truusk-skoldpaddshus-i-tra-med-huvudhus-inspektionsfonster-lock-104cm-x-53cm-x-82cm-vit-gra\/#breadcrumb"},"inLanguage":"sv-SE","potentialAction":[{"@type":"ReadAction","target":["https:\/\/truusk.store\/sv\/produkt\/truusk-skoldpaddshus-i-tra-med-huvudhus-inspektionsfonster-lock-104cm-x-53cm-x-82cm-vit-gra\/"]}]},{"@type":"ImageObject","inLanguage":"sv-SE","@id":"https:\/\/truusk.store\/sv\/produkt\/truusk-skoldpaddshus-i-tra-med-huvudhus-inspektionsfonster-lock-104cm-x-53cm-x-82cm-vit-gra\/#primaryimage","url":"https:\/\/i0.wp.com\/truusk.store\/wp-content\/uploads\/2026\/01\/skoldpaddshus-i-tra-med-huvudhus-inspektionsfonster-lock-104cm-x-53cm-x-82cm-vitgra-1.webp?fit=2000%2C2000&ssl=1","contentUrl":"https:\/\/i0.wp.com\/truusk.store\/wp-content\/uploads\/2026\/01\/skoldpaddshus-i-tra-med-huvudhus-inspektionsfonster-lock-104cm-x-53cm-x-82cm-vitgra-1.webp?fit=2000%2C2000&ssl=1","width":2000,"height":2000},{"@type":"BreadcrumbList","@id":"https:\/\/truusk.store\/sv\/produkt\/truusk-skoldpaddshus-i-tra-med-huvudhus-inspektionsfonster-lock-104cm-x-53cm-x-82cm-vit-gra\/#breadcrumb","itemListElement":[{"@type":"ListItem","position":1,"name":"Home","item":"https:\/\/truusk.store\/sv\/"},{"@type":"ListItem","position":2,"name":"Shop","item":"https:\/\/truusk.store\/shop\/"},{"@type":"ListItem","position":3,"name":"TRUUSK Sk\u00f6ldpaddshus i Tr\u00e4 &#8211; Med Huvudhus &#8211; Inspektionsf\u00f6nster &#8211; Lock &#8211; 104cm x 53cm x 82cm &#8211; Vit + Gr\u00e5"}]},{"@type":"WebSite","@id":"https:\/\/truusk.store\/sv\/#website","url":"https:\/\/truusk.store\/sv\/","name":"TRUUSK - Hem, Tr\u00e4dg\u00e5rd & Fritid","description":"","publisher":{"@id":"https:\/\/truusk.store\/sv\/#organization"},"potentialAction":[{"@type":"SearchAction","target":{"@type":"EntryPoint","urlTemplate":"https:\/\/truusk.store\/sv\/?s={search_term_string}"},"query-input":{"@type":"PropertyValueSpecification","valueRequired":true,"valueName":"search_term_string"}}],"inLanguage":"sv-SE"},{"@type":"Organization","@id":"https:\/\/truusk.store\/sv\/#organization","name":"TRUUSK - Hem, Tr\u00e4dg\u00e5rd & Fritid","url":"https:\/\/truusk.store\/sv\/","logo":{"@type":"ImageObject","inLanguage":"sv-SE","@id":"https:\/\/truusk.store\/sv\/#\/schema\/logo\/image\/","url":"https:\/\/i0.wp.com\/truusk.store\/wp-content\/uploads\/2026\/03\/cropped-TRUUSK.png?fit=2032%2C917&ssl=1","contentUrl":"https:\/\/i0.wp.com\/truusk.store\/wp-content\/uploads\/2026\/03\/cropped-TRUUSK.png?fit=2032%2C917&ssl=1","width":2032,"height":917,"caption":"TRUUSK - Hem, Tr\u00e4dg\u00e5rd & Fritid"},"image":{"@id":"https:\/\/truusk.store\/sv\/#\/schema\/logo\/image\/"}}]}},"jetpack_sharing_enabled":true,"_links":{"self":[{"href":"https:\/\/truusk.store\/sv\/wp-json\/wp\/v2\/product\/102079","targetHints":{"allow":["GET"]}}],"collection":[{"href":"https:\/\/truusk.store\/sv\/wp-json\/wp\/v2\/product"}],"about":[{"href":"https:\/\/truusk.store\/sv\/wp-json\/wp\/v2\/types\/product"}],"wp:featuredmedia":[{"embeddable":true,"href":"https:\/\/truusk.store\/sv\/wp-json\/wp\/v2\/media\/102064"}],"wp:attachment":[{"href":"https:\/\/truusk.store\/sv\/wp-json\/wp\/v2\/media?parent=102079"}],"wp:term":[{"taxonomy":"product_brand","embeddable":true,"href":"https:\/\/truusk.store\/sv\/wp-json\/wp\/v2\/product_brand?post=102079"},{"taxonomy":"product_cat","embeddable":true,"href":"https:\/\/truusk.store\/sv\/wp-json\/wp\/v2\/product_cat?post=102079"},{"taxonomy":"product_tag","embeddable":true,"href":"https:\/\/truusk.store\/sv\/wp-json\/wp\/v2\/product_tag?post=102079"}],"curies":[{"name":"wp","href":"https:\/\/api.w.org\/{rel}","templated":true}]}}