{"id":102098,"date":"2026-01-28T06:37:35","date_gmt":"2026-01-28T05:37:35","guid":{"rendered":"https:\/\/truusk.store\/product\/hojd-hundskal-med-forvaringsskap-2-skalar-med-anti-slipringar-60-x-30-x-355-cm-vit\/"},"modified":"2026-03-12T08:49:16","modified_gmt":"2026-03-12T07:49:16","slug":"truusk-hojd-hundskal-med-forvaringsskap-2-skalar-med-anti-slipringar-60-x-30-x-355-cm-vit","status":"publish","type":"product","link":"https:\/\/truusk.store\/sv\/produkt\/truusk-hojd-hundskal-med-forvaringsskap-2-skalar-med-anti-slipringar-60-x-30-x-355-cm-vit\/","title":{"rendered":"TRUUSK H\u00f6jd Hundsk\u00e5l Med F\u00f6rvaringssk\u00e5p &#8211; 2 Sk\u00e5lar Med Anti-slipringar &#8211; 60 X 30 X 35,5 Cm &#8211; Vit"},"content":{"rendered":"<p>Lider du av att din stora hund k\u00e4mpar med djupa sk\u00e5lar och att ditt hem \u00e4r fullt av husdjurstillbeh\u00f6r? Matningen kan vara stressande, s\u00e4rskilt med oro f\u00f6r ledstress och hastigt \u00e4tande. [BRAND NAME] h\u00f6jda hundsk\u00e5l erbjuder en l\u00f6sning. Denna hundmatsstation ger en behaglig h\u00f6jd f\u00f6r b\u00e4ttre matsm\u00e4ltning, erbjuder inbyggt f\u00f6rvaringsutrymme f\u00f6r ordning och har en sk\u00e5l f\u00f6r l\u00e5ngsam \u00e4tning med anti-slip-strips, vilket g\u00f6r matningstiden lugnande och \u00f6versk\u00e5dlig.<\/p>\n<p>Beskrivning:<\/p>\n<ul>\n<li> H\u00f6jd kant och halkfria sk\u00e5lar f\u00f6rhindrar spill och h\u00e5ller dina golv rena<\/li>\n<li> 28 cm h\u00f6jd design f\u00f6r stora hundar, minskar led- och nackbelastning<\/li>\n<li> Inbyggt 25L sk\u00e5p h\u00e5ller alla dina husdjursartiklar snyggt organiserade<\/li>\n<li> Den h\u00f6jda hundsk\u00e5len inneh\u00e5ller en l\u00e5ngsam \u00e4tningssk\u00e5l, som fr\u00e4mjar h\u00e4lsosammare och l\u00e5ngsammare \u00e4tvanor<\/li>\n<li> Tillverkad av robust MDF f\u00f6r stabilitet<\/li>\n<li> Rostfria sk\u00e5lar \u00e4r avtagbara och diskmaskinss\u00e4kra<\/li>\n<li> Stilfull m\u00f6beldesign g\u00f6r att hundmatsstationen sm\u00e4lter in i din heminredning<\/li>\n<li> Montering kr\u00e4vs<\/li>\n<\/ul>\n<p> Tekniska specifikationer:<\/p>\n<ul>\n<li> F\u00e4rg: Vit+Gr\u00e5<\/li>\n<li> Material: MDF, rostfritt st\u00e5l<\/li>\n<li> Totala dimensioner: 60L x 30B x 35,5H cm<\/li>\n<li> Sk\u00e5lstorlek: \u00d824 cm x 7H cm (2,1L)<\/li>\n<li> D\u00f6rrstorlek: 57B x 18,5H cm<\/li>\n<li> Storlek p\u00e5 insidan: 57B x 27T x 15,5H cm (25L)<\/li>\n<li> Bordsh\u00f6jd: 28H cm<\/li>\n<li> H\u00f6jd p\u00e5 den upph\u00f6jda kanten: 4H cm<\/li>\n<li> Husdjurets axelh\u00f6jd: 50\u201360 cm<\/li>\n<li> B\u00e4rkapacitet: Ovanp\u00e5 15 kg, inuti 20 kg<\/li>\n<\/ul>\n<p>Leveransinneh\u00e5ll:<\/p>\n<ul>\n<li> 1 x H\u00f6jd hundmatsk\u00e5lst\u00e4ll<\/li>\n<li> 1 x Standard rostfri sk\u00e5l<\/li>\n<li> 1 x Rostfri sk\u00e5l med \u00e4tbroms<\/li>\n<li> 1 x Bruksanvisning<\/li>\n<\/ul>\n","protected":false},"excerpt":{"rendered":"<p>Lider du av att din stora hund k\u00e4mpar med djupa sk\u00e5lar och att ditt hem \u00e4r fullt av husdjurstillbeh\u00f6r? Matningen&#8230;<\/p>\n","protected":false},"featured_media":102089,"template":"","meta":[],"product_brand":[],"product_cat":[878,574,931],"product_tag":[],"class_list":{"0":"post-102098","1":"product","2":"type-product","3":"status-publish","4":"has-post-thumbnail","6":"product_cat-djurbehov","7":"product_cat-hundtillbehor","8":"product_cat-mat-och-vattenskalar","10":"first","11":"instock","12":"sale","13":"taxable","14":"shipping-taxable","15":"purchasable","16":"product-type-simple"},"yoast_head":"<!-- This site is optimized with the Yoast SEO plugin v25.4 - https:\/\/yoast.com\/wordpress\/plugins\/seo\/ -->\n<title>TRUUSK H\u00f6jd Hundsk\u00e5l Med F\u00f6rvaringssk\u00e5p - 2 Sk\u00e5lar Med Anti-slipringar - 60 X 30 X 35,5 Cm - Vit - TRUUSK - Hem, Tr\u00e4dg\u00e5rd &amp; Fritid<\/title>\n<meta name=\"robots\" content=\"index, follow, max-snippet:-1, max-image-preview:large, max-video-preview:-1\" \/>\n<link rel=\"canonical\" href=\"https:\/\/truusk.store\/sv\/produkt\/truusk-hojd-hundskal-med-forvaringsskap-2-skalar-med-anti-slipringar-60-x-30-x-355-cm-vit\/\" \/>\n<meta property=\"og:locale\" content=\"sv_SE\" \/>\n<meta property=\"og:type\" content=\"article\" \/>\n<meta property=\"og:title\" content=\"TRUUSK H\u00f6jd Hundsk\u00e5l Med F\u00f6rvaringssk\u00e5p - 2 Sk\u00e5lar Med Anti-slipringar - 60 X 30 X 35,5 Cm - Vit - TRUUSK - Hem, Tr\u00e4dg\u00e5rd &amp; Fritid\" \/>\n<meta property=\"og:description\" content=\"Lider du av att din stora hund k\u00e4mpar med djupa sk\u00e5lar och att ditt hem \u00e4r fullt av husdjurstillbeh\u00f6r? Matningen...\" \/>\n<meta property=\"og:url\" content=\"https:\/\/truusk.store\/sv\/produkt\/truusk-hojd-hundskal-med-forvaringsskap-2-skalar-med-anti-slipringar-60-x-30-x-355-cm-vit\/\" \/>\n<meta property=\"og:site_name\" content=\"TRUUSK - Hem, Tr\u00e4dg\u00e5rd &amp; Fritid\" \/>\n<meta property=\"article:modified_time\" content=\"2026-03-12T07:49:16+00:00\" \/>\n<meta property=\"og:image\" content=\"https:\/\/i0.wp.com\/truusk.se\/wp-content\/uploads\/2026\/01\/hojd-hundskal-med-forvaringsskap-2-skalar-med-anti-slipringar-60-x-30-x-355-cm-vit-1.webp?fit=2000%2C2000&ssl=1\" \/>\n\t<meta property=\"og:image:width\" content=\"2000\" \/>\n\t<meta property=\"og:image:height\" content=\"2000\" \/>\n\t<meta property=\"og:image:type\" content=\"image\/webp\" \/>\n<meta name=\"twitter:card\" content=\"summary_large_image\" \/>\n<meta name=\"twitter:label1\" content=\"Ber\u00e4knad l\u00e4stid\" \/>\n\t<meta name=\"twitter:data1\" content=\"1 minut\" \/>\n<!-- \/ Yoast SEO plugin. -->","yoast_head_json":{"title":"TRUUSK H\u00f6jd Hundsk\u00e5l Med F\u00f6rvaringssk\u00e5p - 2 Sk\u00e5lar Med Anti-slipringar - 60 X 30 X 35,5 Cm - Vit - TRUUSK - Hem, Tr\u00e4dg\u00e5rd &amp; Fritid","robots":{"index":"index","follow":"follow","max-snippet":"max-snippet:-1","max-image-preview":"max-image-preview:large","max-video-preview":"max-video-preview:-1"},"canonical":"https:\/\/truusk.store\/sv\/produkt\/truusk-hojd-hundskal-med-forvaringsskap-2-skalar-med-anti-slipringar-60-x-30-x-355-cm-vit\/","og_locale":"sv_SE","og_type":"article","og_title":"TRUUSK H\u00f6jd Hundsk\u00e5l Med F\u00f6rvaringssk\u00e5p - 2 Sk\u00e5lar Med Anti-slipringar - 60 X 30 X 35,5 Cm - Vit - TRUUSK - Hem, Tr\u00e4dg\u00e5rd &amp; Fritid","og_description":"Lider du av att din stora hund k\u00e4mpar med djupa sk\u00e5lar och att ditt hem \u00e4r fullt av husdjurstillbeh\u00f6r? Matningen...","og_url":"https:\/\/truusk.store\/sv\/produkt\/truusk-hojd-hundskal-med-forvaringsskap-2-skalar-med-anti-slipringar-60-x-30-x-355-cm-vit\/","og_site_name":"TRUUSK - Hem, Tr\u00e4dg\u00e5rd &amp; Fritid","article_modified_time":"2026-03-12T07:49:16+00:00","og_image":[{"width":2000,"height":2000,"url":"https:\/\/i0.wp.com\/truusk.se\/wp-content\/uploads\/2026\/01\/hojd-hundskal-med-forvaringsskap-2-skalar-med-anti-slipringar-60-x-30-x-355-cm-vit-1.webp?fit=2000%2C2000&ssl=1","type":"image\/webp"}],"twitter_card":"summary_large_image","twitter_misc":{"Ber\u00e4knad l\u00e4stid":"1 minut"},"schema":{"@context":"https:\/\/schema.org","@graph":[{"@type":"WebPage","@id":"https:\/\/truusk.store\/sv\/produkt\/truusk-hojd-hundskal-med-forvaringsskap-2-skalar-med-anti-slipringar-60-x-30-x-355-cm-vit\/","url":"https:\/\/truusk.store\/sv\/produkt\/truusk-hojd-hundskal-med-forvaringsskap-2-skalar-med-anti-slipringar-60-x-30-x-355-cm-vit\/","name":"TRUUSK H\u00f6jd Hundsk\u00e5l Med F\u00f6rvaringssk\u00e5p - 2 Sk\u00e5lar Med Anti-slipringar - 60 X 30 X 35,5 Cm - Vit - TRUUSK - Hem, Tr\u00e4dg\u00e5rd &amp; Fritid","isPartOf":{"@id":"https:\/\/truusk.store\/sv\/#website"},"primaryImageOfPage":{"@id":"https:\/\/truusk.store\/sv\/produkt\/truusk-hojd-hundskal-med-forvaringsskap-2-skalar-med-anti-slipringar-60-x-30-x-355-cm-vit\/#primaryimage"},"image":{"@id":"https:\/\/truusk.store\/sv\/produkt\/truusk-hojd-hundskal-med-forvaringsskap-2-skalar-med-anti-slipringar-60-x-30-x-355-cm-vit\/#primaryimage"},"thumbnailUrl":"https:\/\/i0.wp.com\/truusk.store\/wp-content\/uploads\/2026\/01\/hojd-hundskal-med-forvaringsskap-2-skalar-med-anti-slipringar-60-x-30-x-355-cm-vit-1.webp?fit=2000%2C2000&ssl=1","datePublished":"2026-01-28T05:37:35+00:00","dateModified":"2026-03-12T07:49:16+00:00","breadcrumb":{"@id":"https:\/\/truusk.store\/sv\/produkt\/truusk-hojd-hundskal-med-forvaringsskap-2-skalar-med-anti-slipringar-60-x-30-x-355-cm-vit\/#breadcrumb"},"inLanguage":"sv-SE","potentialAction":[{"@type":"ReadAction","target":["https:\/\/truusk.store\/sv\/produkt\/truusk-hojd-hundskal-med-forvaringsskap-2-skalar-med-anti-slipringar-60-x-30-x-355-cm-vit\/"]}]},{"@type":"ImageObject","inLanguage":"sv-SE","@id":"https:\/\/truusk.store\/sv\/produkt\/truusk-hojd-hundskal-med-forvaringsskap-2-skalar-med-anti-slipringar-60-x-30-x-355-cm-vit\/#primaryimage","url":"https:\/\/i0.wp.com\/truusk.store\/wp-content\/uploads\/2026\/01\/hojd-hundskal-med-forvaringsskap-2-skalar-med-anti-slipringar-60-x-30-x-355-cm-vit-1.webp?fit=2000%2C2000&ssl=1","contentUrl":"https:\/\/i0.wp.com\/truusk.store\/wp-content\/uploads\/2026\/01\/hojd-hundskal-med-forvaringsskap-2-skalar-med-anti-slipringar-60-x-30-x-355-cm-vit-1.webp?fit=2000%2C2000&ssl=1","width":2000,"height":2000},{"@type":"BreadcrumbList","@id":"https:\/\/truusk.store\/sv\/produkt\/truusk-hojd-hundskal-med-forvaringsskap-2-skalar-med-anti-slipringar-60-x-30-x-355-cm-vit\/#breadcrumb","itemListElement":[{"@type":"ListItem","position":1,"name":"Home","item":"https:\/\/truusk.store\/sv\/"},{"@type":"ListItem","position":2,"name":"Shop","item":"https:\/\/truusk.store\/shop\/"},{"@type":"ListItem","position":3,"name":"TRUUSK H\u00f6jd Hundsk\u00e5l Med F\u00f6rvaringssk\u00e5p &#8211; 2 Sk\u00e5lar Med Anti-slipringar &#8211; 60 X 30 X 35,5 Cm &#8211; Vit"}]},{"@type":"WebSite","@id":"https:\/\/truusk.store\/sv\/#website","url":"https:\/\/truusk.store\/sv\/","name":"TRUUSK - Hem, Tr\u00e4dg\u00e5rd & Fritid","description":"","publisher":{"@id":"https:\/\/truusk.store\/sv\/#organization"},"potentialAction":[{"@type":"SearchAction","target":{"@type":"EntryPoint","urlTemplate":"https:\/\/truusk.store\/sv\/?s={search_term_string}"},"query-input":{"@type":"PropertyValueSpecification","valueRequired":true,"valueName":"search_term_string"}}],"inLanguage":"sv-SE"},{"@type":"Organization","@id":"https:\/\/truusk.store\/sv\/#organization","name":"TRUUSK - Hem, Tr\u00e4dg\u00e5rd & Fritid","url":"https:\/\/truusk.store\/sv\/","logo":{"@type":"ImageObject","inLanguage":"sv-SE","@id":"https:\/\/truusk.store\/sv\/#\/schema\/logo\/image\/","url":"https:\/\/i0.wp.com\/truusk.store\/wp-content\/uploads\/2026\/03\/cropped-TRUUSK.png?fit=2032%2C917&ssl=1","contentUrl":"https:\/\/i0.wp.com\/truusk.store\/wp-content\/uploads\/2026\/03\/cropped-TRUUSK.png?fit=2032%2C917&ssl=1","width":2032,"height":917,"caption":"TRUUSK - Hem, Tr\u00e4dg\u00e5rd & Fritid"},"image":{"@id":"https:\/\/truusk.store\/sv\/#\/schema\/logo\/image\/"}}]}},"jetpack_sharing_enabled":true,"_links":{"self":[{"href":"https:\/\/truusk.store\/sv\/wp-json\/wp\/v2\/product\/102098","targetHints":{"allow":["GET"]}}],"collection":[{"href":"https:\/\/truusk.store\/sv\/wp-json\/wp\/v2\/product"}],"about":[{"href":"https:\/\/truusk.store\/sv\/wp-json\/wp\/v2\/types\/product"}],"wp:featuredmedia":[{"embeddable":true,"href":"https:\/\/truusk.store\/sv\/wp-json\/wp\/v2\/media\/102089"}],"wp:attachment":[{"href":"https:\/\/truusk.store\/sv\/wp-json\/wp\/v2\/media?parent=102098"}],"wp:term":[{"taxonomy":"product_brand","embeddable":true,"href":"https:\/\/truusk.store\/sv\/wp-json\/wp\/v2\/product_brand?post=102098"},{"taxonomy":"product_cat","embeddable":true,"href":"https:\/\/truusk.store\/sv\/wp-json\/wp\/v2\/product_cat?post=102098"},{"taxonomy":"product_tag","embeddable":true,"href":"https:\/\/truusk.store\/sv\/wp-json\/wp\/v2\/product_tag?post=102098"}],"curies":[{"name":"wp","href":"https:\/\/api.w.org\/{rel}","templated":true}]}}