{"id":102108,"date":"2026-01-28T06:38:32","date_gmt":"2026-01-28T05:38:32","guid":{"rendered":"https:\/\/truusk.store\/product\/sminkbord-med-belyst-spegel-och-stoppad-pall-sminkset-med-6-lador-och-hyllor-vit\/"},"modified":"2026-03-12T08:50:14","modified_gmt":"2026-03-12T07:50:14","slug":"truusk-sminkbord-med-belyst-spegel-och-stoppad-pall-6-lador-och-hyllor-vit","status":"publish","type":"product","link":"https:\/\/truusk.store\/sv\/produkt\/truusk-sminkbord-med-belyst-spegel-och-stoppad-pall-6-lador-och-hyllor-vit\/","title":{"rendered":"TRUUSK Sminkbord med Belyst Spegel och Stoppad Pall &#8211; 6 L\u00e5dor och Hyllor &#8211; Vit"},"content":{"rendered":"<p>Mjukt, oj\u00e4mnt ljus kan g\u00f6ra den dagliga f\u00f6rberedelsen stressig eller tr\u00f6ttsam. Med [BRAND NAME] sminkbord med pall blir det ist\u00e4llet en avkopplande ritual. Spegeln p\u00e5 kosmetikbordet med tre belysningsl\u00e4gen ger klar sikt, medan sex l\u00e5dor och fyra hyllor h\u00e5ller dina sk\u00f6nhetsprodukter snyggt f\u00f6rvarade. Den vadderade pallen under bordet ger komfort, utrymme och en lugnande start eller avslutning p\u00e5 din dag.<\/p>\n<p>Beskrivning:<\/p>\n<ul>\n<li> Tio Hollywood-stil LED-lampor ger varmt, naturligt eller kallt ljus f\u00f6r felfria smink\u00f6gonblick<\/li>\n<li> Sex l\u00e5dor och fyra \u00f6ppna hyllor organiserar parfymer, borstar och dagliga sminkredskap<\/li>\n<li> En pall med linneutseende och h\u00f6gdensitetsskum ger avkopplande sminkning<\/li>\n<li> Pallen passar snyggt under sminkbordet f\u00f6r att h\u00e5lla ditt utrymme \u00f6ppet<\/li>\n<li> FSC-certifierad MDF-ram uppfyller h\u00e5llbarhetskrav<\/li>\n<li> Kippskyddsb\u00e4lten p\u00e5 sminkbordet ger ett stabilt sminkbord<\/li>\n<li> Vit finish p\u00e5 sminkbordet med guldhandtag skapar en ljus, modern sminkh\u00f6rna, m\u00e5ngsidig \u00e4ven som skrivbord<\/li>\n<li> Montering kr\u00e4vs<\/li>\n<\/ul>\n<p> Tekniska data:<\/p>\n<ul>\n<li> F\u00e4rg: Vit<\/li>\n<li> Material: MDF, Glas<\/li>\n<li> Bordm\u00e5tt: 120B x 40D x 140H cm<\/li>\n<li> Pallm\u00e5tt: 40B x 28D x 40H cm<\/li>\n<li> Spegelstorlek: 38,2B x 58,6H cm<\/li>\n<li> Bordsskivans storlek: 100B x 37D x 75H cm<\/li>\n<li> Inre l\u00e5dm\u00e5tt: 42,6B x 28,8D x 7,3H cm (Stor), 26,7B x 28,8D x 7,3H cm (Liten)<\/li>\n<li> \u00d6ppen hyllstorlek: 23B x 9,2D cm<\/li>\n<li> LED-f\u00e4rgtemperatur: 3000K, 4500K, 6500K<\/li>\n<li> Lumen: 20 lm per ljusp\u00e4rla<\/li>\n<li> Ing\u00e5ng: AC 5V, 50Hz<\/li>\n<li> Maximal belastning: 140 kg (pall), 42 kg (bord), 10 kg (bordsskiva), 3 kg (l\u00e5da), 2 kg (hylla)<\/li>\n<\/ul>\n<p>Leveransinneh\u00e5ll:<\/p>\n<ul>\n<li> 1 x Sminkbord<\/li>\n<li> 1 x Pall<\/li>\n<li> 1 x Bruksanvisning<\/li>\n<\/ul>\n","protected":false},"excerpt":{"rendered":"<p>Mjukt, oj\u00e4mnt ljus kan g\u00f6ra den dagliga f\u00f6rberedelsen stressig eller tr\u00f6ttsam. Med [BRAND NAME] sminkbord med pall blir det ist\u00e4llet&#8230;<\/p>\n","protected":false},"featured_media":102099,"template":"","meta":[],"product_brand":[],"product_cat":[871,504,897],"product_tag":[],"class_list":{"0":"post-102108","1":"product","2":"type-product","3":"status-publish","4":"has-post-thumbnail","6":"product_cat-hus-hem","7":"product_cat-sminkbord-speglar","8":"product_cat-sovrum","10":"first","11":"instock","12":"sale","13":"taxable","14":"shipping-taxable","15":"purchasable","16":"product-type-simple"},"yoast_head":"<!-- This site is optimized with the Yoast SEO plugin v25.4 - https:\/\/yoast.com\/wordpress\/plugins\/seo\/ -->\n<title>TRUUSK Sminkbord med Belyst Spegel och Stoppad Pall - 6 L\u00e5dor och Hyllor - Vit - TRUUSK - Hem, Tr\u00e4dg\u00e5rd &amp; Fritid<\/title>\n<meta name=\"robots\" content=\"index, follow, max-snippet:-1, max-image-preview:large, max-video-preview:-1\" \/>\n<link rel=\"canonical\" href=\"https:\/\/truusk.store\/sv\/produkt\/truusk-sminkbord-med-belyst-spegel-och-stoppad-pall-6-lador-och-hyllor-vit\/\" \/>\n<meta property=\"og:locale\" content=\"sv_SE\" \/>\n<meta property=\"og:type\" content=\"article\" \/>\n<meta property=\"og:title\" content=\"TRUUSK Sminkbord med Belyst Spegel och Stoppad Pall - 6 L\u00e5dor och Hyllor - Vit - TRUUSK - Hem, Tr\u00e4dg\u00e5rd &amp; Fritid\" \/>\n<meta property=\"og:description\" content=\"Mjukt, oj\u00e4mnt ljus kan g\u00f6ra den dagliga f\u00f6rberedelsen stressig eller tr\u00f6ttsam. Med [BRAND NAME] sminkbord med pall blir det ist\u00e4llet...\" \/>\n<meta property=\"og:url\" content=\"https:\/\/truusk.store\/sv\/produkt\/truusk-sminkbord-med-belyst-spegel-och-stoppad-pall-6-lador-och-hyllor-vit\/\" \/>\n<meta property=\"og:site_name\" content=\"TRUUSK - Hem, Tr\u00e4dg\u00e5rd &amp; Fritid\" \/>\n<meta property=\"article:modified_time\" content=\"2026-03-12T07:50:14+00:00\" \/>\n<meta property=\"og:image\" content=\"https:\/\/i0.wp.com\/truusk.se\/wp-content\/uploads\/2026\/01\/sminkbord-med-belyst-spegel-och-stoppad-pall-sminkset-med-6-lador-och-hyllor-vit-1.webp?fit=2000%2C2000&ssl=1\" \/>\n\t<meta property=\"og:image:width\" content=\"2000\" \/>\n\t<meta property=\"og:image:height\" content=\"2000\" \/>\n\t<meta property=\"og:image:type\" content=\"image\/webp\" \/>\n<meta name=\"twitter:card\" content=\"summary_large_image\" \/>\n<meta name=\"twitter:label1\" content=\"Ber\u00e4knad l\u00e4stid\" \/>\n\t<meta name=\"twitter:data1\" content=\"1 minut\" \/>\n<!-- \/ Yoast SEO plugin. -->","yoast_head_json":{"title":"TRUUSK Sminkbord med Belyst Spegel och Stoppad Pall - 6 L\u00e5dor och Hyllor - Vit - TRUUSK - Hem, Tr\u00e4dg\u00e5rd &amp; Fritid","robots":{"index":"index","follow":"follow","max-snippet":"max-snippet:-1","max-image-preview":"max-image-preview:large","max-video-preview":"max-video-preview:-1"},"canonical":"https:\/\/truusk.store\/sv\/produkt\/truusk-sminkbord-med-belyst-spegel-och-stoppad-pall-6-lador-och-hyllor-vit\/","og_locale":"sv_SE","og_type":"article","og_title":"TRUUSK Sminkbord med Belyst Spegel och Stoppad Pall - 6 L\u00e5dor och Hyllor - Vit - TRUUSK - Hem, Tr\u00e4dg\u00e5rd &amp; Fritid","og_description":"Mjukt, oj\u00e4mnt ljus kan g\u00f6ra den dagliga f\u00f6rberedelsen stressig eller tr\u00f6ttsam. Med [BRAND NAME] sminkbord med pall blir det ist\u00e4llet...","og_url":"https:\/\/truusk.store\/sv\/produkt\/truusk-sminkbord-med-belyst-spegel-och-stoppad-pall-6-lador-och-hyllor-vit\/","og_site_name":"TRUUSK - Hem, Tr\u00e4dg\u00e5rd &amp; Fritid","article_modified_time":"2026-03-12T07:50:14+00:00","og_image":[{"width":2000,"height":2000,"url":"https:\/\/i0.wp.com\/truusk.se\/wp-content\/uploads\/2026\/01\/sminkbord-med-belyst-spegel-och-stoppad-pall-sminkset-med-6-lador-och-hyllor-vit-1.webp?fit=2000%2C2000&ssl=1","type":"image\/webp"}],"twitter_card":"summary_large_image","twitter_misc":{"Ber\u00e4knad l\u00e4stid":"1 minut"},"schema":{"@context":"https:\/\/schema.org","@graph":[{"@type":"WebPage","@id":"https:\/\/truusk.store\/sv\/produkt\/truusk-sminkbord-med-belyst-spegel-och-stoppad-pall-6-lador-och-hyllor-vit\/","url":"https:\/\/truusk.store\/sv\/produkt\/truusk-sminkbord-med-belyst-spegel-och-stoppad-pall-6-lador-och-hyllor-vit\/","name":"TRUUSK Sminkbord med Belyst Spegel och Stoppad Pall - 6 L\u00e5dor och Hyllor - Vit - TRUUSK - Hem, Tr\u00e4dg\u00e5rd &amp; Fritid","isPartOf":{"@id":"https:\/\/truusk.store\/sv\/#website"},"primaryImageOfPage":{"@id":"https:\/\/truusk.store\/sv\/produkt\/truusk-sminkbord-med-belyst-spegel-och-stoppad-pall-6-lador-och-hyllor-vit\/#primaryimage"},"image":{"@id":"https:\/\/truusk.store\/sv\/produkt\/truusk-sminkbord-med-belyst-spegel-och-stoppad-pall-6-lador-och-hyllor-vit\/#primaryimage"},"thumbnailUrl":"https:\/\/i0.wp.com\/truusk.store\/wp-content\/uploads\/2026\/01\/sminkbord-med-belyst-spegel-och-stoppad-pall-sminkset-med-6-lador-och-hyllor-vit-1.webp?fit=2000%2C2000&ssl=1","datePublished":"2026-01-28T05:38:32+00:00","dateModified":"2026-03-12T07:50:14+00:00","breadcrumb":{"@id":"https:\/\/truusk.store\/sv\/produkt\/truusk-sminkbord-med-belyst-spegel-och-stoppad-pall-6-lador-och-hyllor-vit\/#breadcrumb"},"inLanguage":"sv-SE","potentialAction":[{"@type":"ReadAction","target":["https:\/\/truusk.store\/sv\/produkt\/truusk-sminkbord-med-belyst-spegel-och-stoppad-pall-6-lador-och-hyllor-vit\/"]}]},{"@type":"ImageObject","inLanguage":"sv-SE","@id":"https:\/\/truusk.store\/sv\/produkt\/truusk-sminkbord-med-belyst-spegel-och-stoppad-pall-6-lador-och-hyllor-vit\/#primaryimage","url":"https:\/\/i0.wp.com\/truusk.store\/wp-content\/uploads\/2026\/01\/sminkbord-med-belyst-spegel-och-stoppad-pall-sminkset-med-6-lador-och-hyllor-vit-1.webp?fit=2000%2C2000&ssl=1","contentUrl":"https:\/\/i0.wp.com\/truusk.store\/wp-content\/uploads\/2026\/01\/sminkbord-med-belyst-spegel-och-stoppad-pall-sminkset-med-6-lador-och-hyllor-vit-1.webp?fit=2000%2C2000&ssl=1","width":2000,"height":2000},{"@type":"BreadcrumbList","@id":"https:\/\/truusk.store\/sv\/produkt\/truusk-sminkbord-med-belyst-spegel-och-stoppad-pall-6-lador-och-hyllor-vit\/#breadcrumb","itemListElement":[{"@type":"ListItem","position":1,"name":"Home","item":"https:\/\/truusk.store\/sv\/"},{"@type":"ListItem","position":2,"name":"Shop","item":"https:\/\/truusk.store\/shop\/"},{"@type":"ListItem","position":3,"name":"TRUUSK Sminkbord med Belyst Spegel och Stoppad Pall &#8211; 6 L\u00e5dor och Hyllor &#8211; Vit"}]},{"@type":"WebSite","@id":"https:\/\/truusk.store\/sv\/#website","url":"https:\/\/truusk.store\/sv\/","name":"TRUUSK - Hem, Tr\u00e4dg\u00e5rd & Fritid","description":"","publisher":{"@id":"https:\/\/truusk.store\/sv\/#organization"},"potentialAction":[{"@type":"SearchAction","target":{"@type":"EntryPoint","urlTemplate":"https:\/\/truusk.store\/sv\/?s={search_term_string}"},"query-input":{"@type":"PropertyValueSpecification","valueRequired":true,"valueName":"search_term_string"}}],"inLanguage":"sv-SE"},{"@type":"Organization","@id":"https:\/\/truusk.store\/sv\/#organization","name":"TRUUSK - Hem, Tr\u00e4dg\u00e5rd & Fritid","url":"https:\/\/truusk.store\/sv\/","logo":{"@type":"ImageObject","inLanguage":"sv-SE","@id":"https:\/\/truusk.store\/sv\/#\/schema\/logo\/image\/","url":"https:\/\/i0.wp.com\/truusk.store\/wp-content\/uploads\/2026\/03\/cropped-TRUUSK.png?fit=2032%2C917&ssl=1","contentUrl":"https:\/\/i0.wp.com\/truusk.store\/wp-content\/uploads\/2026\/03\/cropped-TRUUSK.png?fit=2032%2C917&ssl=1","width":2032,"height":917,"caption":"TRUUSK - Hem, Tr\u00e4dg\u00e5rd & Fritid"},"image":{"@id":"https:\/\/truusk.store\/sv\/#\/schema\/logo\/image\/"}}]}},"jetpack_sharing_enabled":true,"_links":{"self":[{"href":"https:\/\/truusk.store\/sv\/wp-json\/wp\/v2\/product\/102108","targetHints":{"allow":["GET"]}}],"collection":[{"href":"https:\/\/truusk.store\/sv\/wp-json\/wp\/v2\/product"}],"about":[{"href":"https:\/\/truusk.store\/sv\/wp-json\/wp\/v2\/types\/product"}],"wp:featuredmedia":[{"embeddable":true,"href":"https:\/\/truusk.store\/sv\/wp-json\/wp\/v2\/media\/102099"}],"wp:attachment":[{"href":"https:\/\/truusk.store\/sv\/wp-json\/wp\/v2\/media?parent=102108"}],"wp:term":[{"taxonomy":"product_brand","embeddable":true,"href":"https:\/\/truusk.store\/sv\/wp-json\/wp\/v2\/product_brand?post=102108"},{"taxonomy":"product_cat","embeddable":true,"href":"https:\/\/truusk.store\/sv\/wp-json\/wp\/v2\/product_cat?post=102108"},{"taxonomy":"product_tag","embeddable":true,"href":"https:\/\/truusk.store\/sv\/wp-json\/wp\/v2\/product_tag?post=102108"}],"curies":[{"name":"wp","href":"https:\/\/api.w.org\/{rel}","templated":true}]}}