{"id":102128,"date":"2026-01-28T06:40:44","date_gmt":"2026-01-28T05:40:44","guid":{"rendered":"https:\/\/truusk.store\/product\/hogbadd-planteringslada-med-klatterstallning-draneringshal-planteringskruka-av-plast-100-x-50-x-174-cm\/"},"modified":"2026-03-12T08:50:16","modified_gmt":"2026-03-12T07:50:16","slug":"truusk-hogbadd-for-plantering-med-klatterstallning-draneringshal-plastkruka-100-x-50-x-174-cm","status":"publish","type":"product","link":"https:\/\/truusk.store\/sv\/produkt\/truusk-hogbadd-for-plantering-med-klatterstallning-draneringshal-plastkruka-100-x-50-x-174-cm\/","title":{"rendered":"TRUUSK H\u00f6gb\u00e4dd f\u00f6r Plantering med Kl\u00e4tterst\u00e4llning &#8211; Dr\u00e4neringsh\u00e5l &#8211; Plastkruka &#8211; 100 x 50 x 174 cm"},"content":{"rendered":"<p>Med denna h\u00f6gkvarter fr\u00e5n [BRAND NAME] ger du charm och komfort till din tr\u00e4dg\u00e5rd. Den tv\u00e5v\u00e5ningsplanteringsl\u00e5dan erbjuder plats f\u00f6r \u00f6rter, blommor och gr\u00f6nsaker och harmoniserar perfekt med den fyrfaldiga kl\u00e4tterst\u00f6det, som ger optimalt st\u00f6d f\u00f6r kl\u00e4tterv\u00e4xter. Tack vare den PE-belagda st\u00e5lkarmen och de robusta plastl\u00e5dorna \u00e4r h\u00f6gkvarteret l\u00e4tt, stabilt och f\u00f6rsk\u00f6nar din balkong, din terrass eller veranda hela \u00e5ret runt.<\/p>\n<p>Beskrivning:<\/p>\n<ul>\n<li> Integrerat kl\u00e4tterst\u00f6d och tv\u00e5 l\u00e5dor av \u00f6rttr\u00e4dg\u00e5rden m\u00f6jligg\u00f6r separat plantering av olika v\u00e4xter<\/li>\n<li> Kompakt design av \u00f6rttr\u00e4dg\u00e5rden passar perfekt p\u00e5 terrasser och maximerar din odlingsyta<\/li>\n<li> Ergonomisk h\u00f6jd m\u00f6jligg\u00f6r bekv\u00e4m tr\u00e4dg\u00e5rdssk\u00f6tsel utan belastning p\u00e5 kn\u00e4na<\/li>\n<li> Tillverkad med en solid, rostfri ram f\u00f6r sk\u00f6nhet och h\u00e5llbarhet \u00e5ret runt<\/li>\n<li> Utrustad med 8 dr\u00e4neringsh\u00e5l och avloppsproppar f\u00f6r att f\u00f6rhindra rotr\u00f6ta<\/li>\n<li> Enkel att montera<\/li>\n<\/ul>\n<p> Tekniska data:<\/p>\n<ul>\n<li> F\u00e4rg: Svart<\/li>\n<li> Material: St\u00e5l, plast<\/li>\n<li> Totala dimensioner: 100L x 50B x 174H cm<\/li>\n<li> Planteringsl\u00e5da Storlek: 50L x 50B x 23H cm<\/li>\n<li> Planteringsyta Storlek: 45L x 45B x 18H cm<\/li>\n<li> Maximal belastning: 10 kg<\/li>\n<\/ul>\n<p>Leveransinneh\u00e5ll:<\/p>\n<ul>\n<li> 1 x h\u00f6gkvarter med kl\u00e4tterst\u00f6d<\/li>\n<li> 1 x bruksanvisning<\/li>\n<\/ul>\n","protected":false},"excerpt":{"rendered":"<p>Med denna h\u00f6gkvarter fr\u00e5n [BRAND NAME] ger du charm och komfort till din tr\u00e4dg\u00e5rd. Den tv\u00e5v\u00e5ningsplanteringsl\u00e5dan erbjuder plats f\u00f6r \u00f6rter,&#8230;<\/p>\n","protected":false},"featured_media":102119,"template":"","meta":[],"product_brand":[],"product_cat":[924,858,443],"product_tag":[],"class_list":{"0":"post-102128","1":"product","2":"type-product","3":"status-publish","4":"has-post-thumbnail","6":"product_cat-plantkarl","7":"product_cat-tradgard-terrass","8":"product_cat-vaxthus-tradgardsskotsel","10":"first","11":"instock","12":"sale","13":"taxable","14":"shipping-taxable","15":"purchasable","16":"product-type-simple"},"yoast_head":"<!-- This site is optimized with the Yoast SEO plugin v25.4 - https:\/\/yoast.com\/wordpress\/plugins\/seo\/ -->\n<title>TRUUSK H\u00f6gb\u00e4dd f\u00f6r Plantering med Kl\u00e4tterst\u00e4llning - Dr\u00e4neringsh\u00e5l - Plastkruka - 100 x 50 x 174 cm - TRUUSK - Hem, Tr\u00e4dg\u00e5rd &amp; Fritid<\/title>\n<meta name=\"robots\" content=\"index, follow, max-snippet:-1, max-image-preview:large, max-video-preview:-1\" \/>\n<link rel=\"canonical\" href=\"https:\/\/truusk.store\/sv\/produkt\/truusk-hogbadd-for-plantering-med-klatterstallning-draneringshal-plastkruka-100-x-50-x-174-cm\/\" \/>\n<meta property=\"og:locale\" content=\"sv_SE\" \/>\n<meta property=\"og:type\" content=\"article\" \/>\n<meta property=\"og:title\" content=\"TRUUSK H\u00f6gb\u00e4dd f\u00f6r Plantering med Kl\u00e4tterst\u00e4llning - Dr\u00e4neringsh\u00e5l - Plastkruka - 100 x 50 x 174 cm - TRUUSK - Hem, Tr\u00e4dg\u00e5rd &amp; Fritid\" \/>\n<meta property=\"og:description\" content=\"Med denna h\u00f6gkvarter fr\u00e5n [BRAND NAME] ger du charm och komfort till din tr\u00e4dg\u00e5rd. Den tv\u00e5v\u00e5ningsplanteringsl\u00e5dan erbjuder plats f\u00f6r \u00f6rter,...\" \/>\n<meta property=\"og:url\" content=\"https:\/\/truusk.store\/sv\/produkt\/truusk-hogbadd-for-plantering-med-klatterstallning-draneringshal-plastkruka-100-x-50-x-174-cm\/\" \/>\n<meta property=\"og:site_name\" content=\"TRUUSK - Hem, Tr\u00e4dg\u00e5rd &amp; Fritid\" \/>\n<meta property=\"article:modified_time\" content=\"2026-03-12T07:50:16+00:00\" \/>\n<meta property=\"og:image\" content=\"https:\/\/i0.wp.com\/truusk.se\/wp-content\/uploads\/2026\/01\/hogbadd-planteringslada-med-klatterstallning-draneringshal-planteringskruka-av-plast-100-x-50-x-174-cm-1.webp?fit=2000%2C2000&ssl=1\" \/>\n\t<meta property=\"og:image:width\" content=\"2000\" \/>\n\t<meta property=\"og:image:height\" content=\"2000\" \/>\n\t<meta property=\"og:image:type\" content=\"image\/webp\" \/>\n<meta name=\"twitter:card\" content=\"summary_large_image\" \/>\n<meta name=\"twitter:label1\" content=\"Ber\u00e4knad l\u00e4stid\" \/>\n\t<meta name=\"twitter:data1\" content=\"1 minut\" \/>\n<!-- \/ Yoast SEO plugin. -->","yoast_head_json":{"title":"TRUUSK H\u00f6gb\u00e4dd f\u00f6r Plantering med Kl\u00e4tterst\u00e4llning - Dr\u00e4neringsh\u00e5l - Plastkruka - 100 x 50 x 174 cm - TRUUSK - Hem, Tr\u00e4dg\u00e5rd &amp; Fritid","robots":{"index":"index","follow":"follow","max-snippet":"max-snippet:-1","max-image-preview":"max-image-preview:large","max-video-preview":"max-video-preview:-1"},"canonical":"https:\/\/truusk.store\/sv\/produkt\/truusk-hogbadd-for-plantering-med-klatterstallning-draneringshal-plastkruka-100-x-50-x-174-cm\/","og_locale":"sv_SE","og_type":"article","og_title":"TRUUSK H\u00f6gb\u00e4dd f\u00f6r Plantering med Kl\u00e4tterst\u00e4llning - Dr\u00e4neringsh\u00e5l - Plastkruka - 100 x 50 x 174 cm - TRUUSK - Hem, Tr\u00e4dg\u00e5rd &amp; Fritid","og_description":"Med denna h\u00f6gkvarter fr\u00e5n [BRAND NAME] ger du charm och komfort till din tr\u00e4dg\u00e5rd. Den tv\u00e5v\u00e5ningsplanteringsl\u00e5dan erbjuder plats f\u00f6r \u00f6rter,...","og_url":"https:\/\/truusk.store\/sv\/produkt\/truusk-hogbadd-for-plantering-med-klatterstallning-draneringshal-plastkruka-100-x-50-x-174-cm\/","og_site_name":"TRUUSK - Hem, Tr\u00e4dg\u00e5rd &amp; Fritid","article_modified_time":"2026-03-12T07:50:16+00:00","og_image":[{"width":2000,"height":2000,"url":"https:\/\/i0.wp.com\/truusk.se\/wp-content\/uploads\/2026\/01\/hogbadd-planteringslada-med-klatterstallning-draneringshal-planteringskruka-av-plast-100-x-50-x-174-cm-1.webp?fit=2000%2C2000&ssl=1","type":"image\/webp"}],"twitter_card":"summary_large_image","twitter_misc":{"Ber\u00e4knad l\u00e4stid":"1 minut"},"schema":{"@context":"https:\/\/schema.org","@graph":[{"@type":"WebPage","@id":"https:\/\/truusk.store\/sv\/produkt\/truusk-hogbadd-for-plantering-med-klatterstallning-draneringshal-plastkruka-100-x-50-x-174-cm\/","url":"https:\/\/truusk.store\/sv\/produkt\/truusk-hogbadd-for-plantering-med-klatterstallning-draneringshal-plastkruka-100-x-50-x-174-cm\/","name":"TRUUSK H\u00f6gb\u00e4dd f\u00f6r Plantering med Kl\u00e4tterst\u00e4llning - Dr\u00e4neringsh\u00e5l - Plastkruka - 100 x 50 x 174 cm - TRUUSK - Hem, Tr\u00e4dg\u00e5rd &amp; Fritid","isPartOf":{"@id":"https:\/\/truusk.store\/sv\/#website"},"primaryImageOfPage":{"@id":"https:\/\/truusk.store\/sv\/produkt\/truusk-hogbadd-for-plantering-med-klatterstallning-draneringshal-plastkruka-100-x-50-x-174-cm\/#primaryimage"},"image":{"@id":"https:\/\/truusk.store\/sv\/produkt\/truusk-hogbadd-for-plantering-med-klatterstallning-draneringshal-plastkruka-100-x-50-x-174-cm\/#primaryimage"},"thumbnailUrl":"https:\/\/i0.wp.com\/truusk.store\/wp-content\/uploads\/2026\/01\/hogbadd-planteringslada-med-klatterstallning-draneringshal-planteringskruka-av-plast-100-x-50-x-174-cm-1.webp?fit=2000%2C2000&ssl=1","datePublished":"2026-01-28T05:40:44+00:00","dateModified":"2026-03-12T07:50:16+00:00","breadcrumb":{"@id":"https:\/\/truusk.store\/sv\/produkt\/truusk-hogbadd-for-plantering-med-klatterstallning-draneringshal-plastkruka-100-x-50-x-174-cm\/#breadcrumb"},"inLanguage":"sv-SE","potentialAction":[{"@type":"ReadAction","target":["https:\/\/truusk.store\/sv\/produkt\/truusk-hogbadd-for-plantering-med-klatterstallning-draneringshal-plastkruka-100-x-50-x-174-cm\/"]}]},{"@type":"ImageObject","inLanguage":"sv-SE","@id":"https:\/\/truusk.store\/sv\/produkt\/truusk-hogbadd-for-plantering-med-klatterstallning-draneringshal-plastkruka-100-x-50-x-174-cm\/#primaryimage","url":"https:\/\/i0.wp.com\/truusk.store\/wp-content\/uploads\/2026\/01\/hogbadd-planteringslada-med-klatterstallning-draneringshal-planteringskruka-av-plast-100-x-50-x-174-cm-1.webp?fit=2000%2C2000&ssl=1","contentUrl":"https:\/\/i0.wp.com\/truusk.store\/wp-content\/uploads\/2026\/01\/hogbadd-planteringslada-med-klatterstallning-draneringshal-planteringskruka-av-plast-100-x-50-x-174-cm-1.webp?fit=2000%2C2000&ssl=1","width":2000,"height":2000},{"@type":"BreadcrumbList","@id":"https:\/\/truusk.store\/sv\/produkt\/truusk-hogbadd-for-plantering-med-klatterstallning-draneringshal-plastkruka-100-x-50-x-174-cm\/#breadcrumb","itemListElement":[{"@type":"ListItem","position":1,"name":"Home","item":"https:\/\/truusk.store\/sv\/"},{"@type":"ListItem","position":2,"name":"Shop","item":"https:\/\/truusk.store\/shop\/"},{"@type":"ListItem","position":3,"name":"TRUUSK H\u00f6gb\u00e4dd f\u00f6r Plantering med Kl\u00e4tterst\u00e4llning &#8211; Dr\u00e4neringsh\u00e5l &#8211; Plastkruka &#8211; 100 x 50 x 174 cm"}]},{"@type":"WebSite","@id":"https:\/\/truusk.store\/sv\/#website","url":"https:\/\/truusk.store\/sv\/","name":"TRUUSK - Hem, Tr\u00e4dg\u00e5rd & Fritid","description":"","publisher":{"@id":"https:\/\/truusk.store\/sv\/#organization"},"potentialAction":[{"@type":"SearchAction","target":{"@type":"EntryPoint","urlTemplate":"https:\/\/truusk.store\/sv\/?s={search_term_string}"},"query-input":{"@type":"PropertyValueSpecification","valueRequired":true,"valueName":"search_term_string"}}],"inLanguage":"sv-SE"},{"@type":"Organization","@id":"https:\/\/truusk.store\/sv\/#organization","name":"TRUUSK - Hem, Tr\u00e4dg\u00e5rd & Fritid","url":"https:\/\/truusk.store\/sv\/","logo":{"@type":"ImageObject","inLanguage":"sv-SE","@id":"https:\/\/truusk.store\/sv\/#\/schema\/logo\/image\/","url":"https:\/\/i0.wp.com\/truusk.store\/wp-content\/uploads\/2026\/03\/cropped-TRUUSK.png?fit=2032%2C917&ssl=1","contentUrl":"https:\/\/i0.wp.com\/truusk.store\/wp-content\/uploads\/2026\/03\/cropped-TRUUSK.png?fit=2032%2C917&ssl=1","width":2032,"height":917,"caption":"TRUUSK - Hem, Tr\u00e4dg\u00e5rd & Fritid"},"image":{"@id":"https:\/\/truusk.store\/sv\/#\/schema\/logo\/image\/"}}]}},"jetpack_sharing_enabled":true,"_links":{"self":[{"href":"https:\/\/truusk.store\/sv\/wp-json\/wp\/v2\/product\/102128","targetHints":{"allow":["GET"]}}],"collection":[{"href":"https:\/\/truusk.store\/sv\/wp-json\/wp\/v2\/product"}],"about":[{"href":"https:\/\/truusk.store\/sv\/wp-json\/wp\/v2\/types\/product"}],"wp:featuredmedia":[{"embeddable":true,"href":"https:\/\/truusk.store\/sv\/wp-json\/wp\/v2\/media\/102119"}],"wp:attachment":[{"href":"https:\/\/truusk.store\/sv\/wp-json\/wp\/v2\/media?parent=102128"}],"wp:term":[{"taxonomy":"product_brand","embeddable":true,"href":"https:\/\/truusk.store\/sv\/wp-json\/wp\/v2\/product_brand?post=102128"},{"taxonomy":"product_cat","embeddable":true,"href":"https:\/\/truusk.store\/sv\/wp-json\/wp\/v2\/product_cat?post=102128"},{"taxonomy":"product_tag","embeddable":true,"href":"https:\/\/truusk.store\/sv\/wp-json\/wp\/v2\/product_tag?post=102128"}],"curies":[{"name":"wp","href":"https:\/\/api.w.org\/{rel}","templated":true}]}}