{"id":102138,"date":"2026-01-28T06:41:51","date_gmt":"2026-01-28T05:41:51","guid":{"rendered":"https:\/\/truusk.store\/product\/skohylla-hopfallbar-skostall-med-6-nivaer-av-bambu-for-max-9-par-skor-30-x-29-x-108-cm-natur\/"},"modified":"2026-03-12T08:50:17","modified_gmt":"2026-03-12T07:50:17","slug":"truusk-hopfallbar-skohylla-av-bambu-6-nivaer-max-9-par-skor-30-x-29-x-108-cm-natur","status":"publish","type":"product","link":"https:\/\/truusk.store\/sv\/produkt\/truusk-hopfallbar-skohylla-av-bambu-6-nivaer-max-9-par-skor-30-x-29-x-108-cm-natur\/","title":{"rendered":"TRUUSK Hopf\u00e4llbar Skohylla av Bambu &#8211; 6 Niv\u00e5er &#8211; Max. 9 Par Skor &#8211; 30 x 29 x 108 cm &#8211; Natur"},"content":{"rendered":"<p>Uppt\u00e4ck enkelheten med [BRAND NAME] sexstegs skohylla: Ditt svar p\u00e5 daglig sko-kaos. F\u00f6rvara upp till 9 par skor (EU 40 maxi) p\u00e5 denna robusta bambuhylla, alltid till hands. Med sin smala design passar skost\u00e4llet perfekt i varje h\u00f6rn och g\u00f6r \u00f6verfulla entr\u00e9omr\u00e5den till ordnade, lugna platser. \u00c4ven perfekt som en originell v\u00e4xtst\u00e4llning eller anv\u00e4ndbar badrumshylla!<\/p>\n<p>Beskrivning:<\/p>\n<ul>\n<li> Sex niv\u00e5er av skohyllan rymmer upp till 9 par skor (EU 40 maxi), vilket f\u00f6rb\u00e4ttrar organisationen<\/li>\n<li> Skost\u00e4llet levereras monterat och erbjuder omedelbar anv\u00e4ndning<\/li>\n<li> Tillverkad av robust bambu med ett X-ram, garanterar l\u00e5ngvarig h\u00e5llbarhet och starkt st\u00f6d<\/li>\n<li> Skost\u00e4llets smala design passar i tr\u00e5nga utrymmen och maximerar rumeffektiviteten<\/li>\n<li> M\u00e5ngsidigt anv\u00e4ndbar som skohylla, v\u00e4xtst\u00e4llning eller badrumshylla<\/li>\n<\/ul>\n<p> Tekniska specifikationer:<\/p>\n<ul>\n<li> F\u00e4rg: Naturtr\u00e4<\/li>\n<li> Material: Bambu<\/li>\n<li> Totala dimensioner: 30B x 29T x 108H cm<\/li>\n<li> Storlek p\u00e5 varje niv\u00e5: 25B x 29T x 20H cm<\/li>\n<li> Maximal skostorlek: 28 cm (EU 40)<\/li>\n<li> Maximal belastning: 30 kg (totalt), 5 kg (per niv\u00e5)<\/li>\n<\/ul>\n<p>Leveransinneh\u00e5ll:<\/p>\n<ul>\n<li> 1 x Skohylla<\/li>\n<li> 1 x Bruksanvisning<\/li>\n<\/ul>\n","protected":false},"excerpt":{"rendered":"<p>Uppt\u00e4ck enkelheten med [BRAND NAME] sexstegs skohylla: Ditt svar p\u00e5 daglig sko-kaos. F\u00f6rvara upp till 9 par skor (EU 40&#8230;<\/p>\n","protected":false},"featured_media":102129,"template":"","meta":[],"product_brand":[],"product_cat":[893,871,940],"product_tag":[],"class_list":{"0":"post-102138","1":"product","2":"type-product","3":"status-publish","4":"has-post-thumbnail","6":"product_cat-garderob-hall","7":"product_cat-hus-hem","8":"product_cat-skohyllor","10":"first","11":"instock","12":"sale","13":"taxable","14":"shipping-taxable","15":"purchasable","16":"product-type-simple"},"yoast_head":"<!-- This site is optimized with the Yoast SEO plugin v25.4 - https:\/\/yoast.com\/wordpress\/plugins\/seo\/ -->\n<title>TRUUSK Hopf\u00e4llbar Skohylla av Bambu - 6 Niv\u00e5er - Max. 9 Par Skor - 30 x 29 x 108 cm - Natur - TRUUSK - Hem, Tr\u00e4dg\u00e5rd &amp; Fritid<\/title>\n<meta name=\"robots\" content=\"index, follow, max-snippet:-1, max-image-preview:large, max-video-preview:-1\" \/>\n<link rel=\"canonical\" href=\"https:\/\/truusk.store\/sv\/produkt\/truusk-hopfallbar-skohylla-av-bambu-6-nivaer-max-9-par-skor-30-x-29-x-108-cm-natur\/\" \/>\n<meta property=\"og:locale\" content=\"sv_SE\" \/>\n<meta property=\"og:type\" content=\"article\" \/>\n<meta property=\"og:title\" content=\"TRUUSK Hopf\u00e4llbar Skohylla av Bambu - 6 Niv\u00e5er - Max. 9 Par Skor - 30 x 29 x 108 cm - Natur - TRUUSK - Hem, Tr\u00e4dg\u00e5rd &amp; Fritid\" \/>\n<meta property=\"og:description\" content=\"Uppt\u00e4ck enkelheten med [BRAND NAME] sexstegs skohylla: Ditt svar p\u00e5 daglig sko-kaos. F\u00f6rvara upp till 9 par skor (EU 40...\" \/>\n<meta property=\"og:url\" content=\"https:\/\/truusk.store\/sv\/produkt\/truusk-hopfallbar-skohylla-av-bambu-6-nivaer-max-9-par-skor-30-x-29-x-108-cm-natur\/\" \/>\n<meta property=\"og:site_name\" content=\"TRUUSK - Hem, Tr\u00e4dg\u00e5rd &amp; Fritid\" \/>\n<meta property=\"article:modified_time\" content=\"2026-03-12T07:50:17+00:00\" \/>\n<meta property=\"og:image\" content=\"https:\/\/i0.wp.com\/truusk.se\/wp-content\/uploads\/2026\/01\/skohylla-hopfallbar-skostall-med-6-nivaer-av-bambu-for-max-9-par-skor-30-x-29-x-108-cm-natur-1.webp?fit=2000%2C2000&ssl=1\" \/>\n\t<meta property=\"og:image:width\" content=\"2000\" \/>\n\t<meta property=\"og:image:height\" content=\"2000\" \/>\n\t<meta property=\"og:image:type\" content=\"image\/webp\" \/>\n<meta name=\"twitter:card\" content=\"summary_large_image\" \/>\n<meta name=\"twitter:label1\" content=\"Ber\u00e4knad l\u00e4stid\" \/>\n\t<meta name=\"twitter:data1\" content=\"1 minut\" \/>\n<!-- \/ Yoast SEO plugin. -->","yoast_head_json":{"title":"TRUUSK Hopf\u00e4llbar Skohylla av Bambu - 6 Niv\u00e5er - Max. 9 Par Skor - 30 x 29 x 108 cm - Natur - TRUUSK - Hem, Tr\u00e4dg\u00e5rd &amp; Fritid","robots":{"index":"index","follow":"follow","max-snippet":"max-snippet:-1","max-image-preview":"max-image-preview:large","max-video-preview":"max-video-preview:-1"},"canonical":"https:\/\/truusk.store\/sv\/produkt\/truusk-hopfallbar-skohylla-av-bambu-6-nivaer-max-9-par-skor-30-x-29-x-108-cm-natur\/","og_locale":"sv_SE","og_type":"article","og_title":"TRUUSK Hopf\u00e4llbar Skohylla av Bambu - 6 Niv\u00e5er - Max. 9 Par Skor - 30 x 29 x 108 cm - Natur - TRUUSK - Hem, Tr\u00e4dg\u00e5rd &amp; Fritid","og_description":"Uppt\u00e4ck enkelheten med [BRAND NAME] sexstegs skohylla: Ditt svar p\u00e5 daglig sko-kaos. F\u00f6rvara upp till 9 par skor (EU 40...","og_url":"https:\/\/truusk.store\/sv\/produkt\/truusk-hopfallbar-skohylla-av-bambu-6-nivaer-max-9-par-skor-30-x-29-x-108-cm-natur\/","og_site_name":"TRUUSK - Hem, Tr\u00e4dg\u00e5rd &amp; Fritid","article_modified_time":"2026-03-12T07:50:17+00:00","og_image":[{"width":2000,"height":2000,"url":"https:\/\/i0.wp.com\/truusk.se\/wp-content\/uploads\/2026\/01\/skohylla-hopfallbar-skostall-med-6-nivaer-av-bambu-for-max-9-par-skor-30-x-29-x-108-cm-natur-1.webp?fit=2000%2C2000&ssl=1","type":"image\/webp"}],"twitter_card":"summary_large_image","twitter_misc":{"Ber\u00e4knad l\u00e4stid":"1 minut"},"schema":{"@context":"https:\/\/schema.org","@graph":[{"@type":"WebPage","@id":"https:\/\/truusk.store\/sv\/produkt\/truusk-hopfallbar-skohylla-av-bambu-6-nivaer-max-9-par-skor-30-x-29-x-108-cm-natur\/","url":"https:\/\/truusk.store\/sv\/produkt\/truusk-hopfallbar-skohylla-av-bambu-6-nivaer-max-9-par-skor-30-x-29-x-108-cm-natur\/","name":"TRUUSK Hopf\u00e4llbar Skohylla av Bambu - 6 Niv\u00e5er - Max. 9 Par Skor - 30 x 29 x 108 cm - Natur - TRUUSK - Hem, Tr\u00e4dg\u00e5rd &amp; Fritid","isPartOf":{"@id":"https:\/\/truusk.store\/sv\/#website"},"primaryImageOfPage":{"@id":"https:\/\/truusk.store\/sv\/produkt\/truusk-hopfallbar-skohylla-av-bambu-6-nivaer-max-9-par-skor-30-x-29-x-108-cm-natur\/#primaryimage"},"image":{"@id":"https:\/\/truusk.store\/sv\/produkt\/truusk-hopfallbar-skohylla-av-bambu-6-nivaer-max-9-par-skor-30-x-29-x-108-cm-natur\/#primaryimage"},"thumbnailUrl":"https:\/\/i0.wp.com\/truusk.store\/wp-content\/uploads\/2026\/01\/skohylla-hopfallbar-skostall-med-6-nivaer-av-bambu-for-max-9-par-skor-30-x-29-x-108-cm-natur-1.webp?fit=2000%2C2000&ssl=1","datePublished":"2026-01-28T05:41:51+00:00","dateModified":"2026-03-12T07:50:17+00:00","breadcrumb":{"@id":"https:\/\/truusk.store\/sv\/produkt\/truusk-hopfallbar-skohylla-av-bambu-6-nivaer-max-9-par-skor-30-x-29-x-108-cm-natur\/#breadcrumb"},"inLanguage":"sv-SE","potentialAction":[{"@type":"ReadAction","target":["https:\/\/truusk.store\/sv\/produkt\/truusk-hopfallbar-skohylla-av-bambu-6-nivaer-max-9-par-skor-30-x-29-x-108-cm-natur\/"]}]},{"@type":"ImageObject","inLanguage":"sv-SE","@id":"https:\/\/truusk.store\/sv\/produkt\/truusk-hopfallbar-skohylla-av-bambu-6-nivaer-max-9-par-skor-30-x-29-x-108-cm-natur\/#primaryimage","url":"https:\/\/i0.wp.com\/truusk.store\/wp-content\/uploads\/2026\/01\/skohylla-hopfallbar-skostall-med-6-nivaer-av-bambu-for-max-9-par-skor-30-x-29-x-108-cm-natur-1.webp?fit=2000%2C2000&ssl=1","contentUrl":"https:\/\/i0.wp.com\/truusk.store\/wp-content\/uploads\/2026\/01\/skohylla-hopfallbar-skostall-med-6-nivaer-av-bambu-for-max-9-par-skor-30-x-29-x-108-cm-natur-1.webp?fit=2000%2C2000&ssl=1","width":2000,"height":2000},{"@type":"BreadcrumbList","@id":"https:\/\/truusk.store\/sv\/produkt\/truusk-hopfallbar-skohylla-av-bambu-6-nivaer-max-9-par-skor-30-x-29-x-108-cm-natur\/#breadcrumb","itemListElement":[{"@type":"ListItem","position":1,"name":"Home","item":"https:\/\/truusk.store\/sv\/"},{"@type":"ListItem","position":2,"name":"Shop","item":"https:\/\/truusk.store\/shop\/"},{"@type":"ListItem","position":3,"name":"TRUUSK Hopf\u00e4llbar Skohylla av Bambu &#8211; 6 Niv\u00e5er &#8211; Max. 9 Par Skor &#8211; 30 x 29 x 108 cm &#8211; Natur"}]},{"@type":"WebSite","@id":"https:\/\/truusk.store\/sv\/#website","url":"https:\/\/truusk.store\/sv\/","name":"TRUUSK - Hem, Tr\u00e4dg\u00e5rd & Fritid","description":"","publisher":{"@id":"https:\/\/truusk.store\/sv\/#organization"},"potentialAction":[{"@type":"SearchAction","target":{"@type":"EntryPoint","urlTemplate":"https:\/\/truusk.store\/sv\/?s={search_term_string}"},"query-input":{"@type":"PropertyValueSpecification","valueRequired":true,"valueName":"search_term_string"}}],"inLanguage":"sv-SE"},{"@type":"Organization","@id":"https:\/\/truusk.store\/sv\/#organization","name":"TRUUSK - Hem, Tr\u00e4dg\u00e5rd & Fritid","url":"https:\/\/truusk.store\/sv\/","logo":{"@type":"ImageObject","inLanguage":"sv-SE","@id":"https:\/\/truusk.store\/sv\/#\/schema\/logo\/image\/","url":"https:\/\/i0.wp.com\/truusk.store\/wp-content\/uploads\/2026\/03\/cropped-TRUUSK.png?fit=2032%2C917&ssl=1","contentUrl":"https:\/\/i0.wp.com\/truusk.store\/wp-content\/uploads\/2026\/03\/cropped-TRUUSK.png?fit=2032%2C917&ssl=1","width":2032,"height":917,"caption":"TRUUSK - Hem, Tr\u00e4dg\u00e5rd & Fritid"},"image":{"@id":"https:\/\/truusk.store\/sv\/#\/schema\/logo\/image\/"}}]}},"jetpack_sharing_enabled":true,"_links":{"self":[{"href":"https:\/\/truusk.store\/sv\/wp-json\/wp\/v2\/product\/102138","targetHints":{"allow":["GET"]}}],"collection":[{"href":"https:\/\/truusk.store\/sv\/wp-json\/wp\/v2\/product"}],"about":[{"href":"https:\/\/truusk.store\/sv\/wp-json\/wp\/v2\/types\/product"}],"wp:featuredmedia":[{"embeddable":true,"href":"https:\/\/truusk.store\/sv\/wp-json\/wp\/v2\/media\/102129"}],"wp:attachment":[{"href":"https:\/\/truusk.store\/sv\/wp-json\/wp\/v2\/media?parent=102138"}],"wp:term":[{"taxonomy":"product_brand","embeddable":true,"href":"https:\/\/truusk.store\/sv\/wp-json\/wp\/v2\/product_brand?post=102138"},{"taxonomy":"product_cat","embeddable":true,"href":"https:\/\/truusk.store\/sv\/wp-json\/wp\/v2\/product_cat?post=102138"},{"taxonomy":"product_tag","embeddable":true,"href":"https:\/\/truusk.store\/sv\/wp-json\/wp\/v2\/product_tag?post=102138"}],"curies":[{"name":"wp","href":"https:\/\/api.w.org\/{rel}","templated":true}]}}