{"id":102148,"date":"2026-01-28T06:42:49","date_gmt":"2026-01-28T05:42:49","guid":{"rendered":"https:\/\/truusk.store\/product\/snedbrada-for-avlastningsovningar-4-justerbara-vinklar-halkfri-tra\/"},"modified":"2026-03-12T08:50:22","modified_gmt":"2026-03-12T07:50:22","slug":"truusk-snedbrada-for-avlastningsovningar-4-justerbara-vinklar-halkfri-tra","status":"publish","type":"product","link":"https:\/\/truusk.store\/sv\/produkt\/truusk-snedbrada-for-avlastningsovningar-4-justerbara-vinklar-halkfri-tra\/","title":{"rendered":"TRUUSK Snedbr\u00e4da F\u00f6r Avlastnings\u00f6vningar &#8211; 4 Justerbara Vinklar &#8211; Halkfri &#8211; Tr\u00e4"},"content":{"rendered":"<p>Lider du av sp\u00e4nda vader och instabil tr\u00e4ningsutrustning? Detta p\u00e5verkar din \u00e5terh\u00e4mtning och ditt sj\u00e4lvf\u00f6rtroende. [BRAND NAME] lutande br\u00e4da garanterar ett s\u00e4kert grepp med sin stabila boktr\u00e4konstruktion och den breda, halkfria ytan. Anpassa din tr\u00e4ning individuellt med denna fyrfaldiga lutande br\u00e4da, som m\u00f6jligg\u00f6r en s\u00e4ker \u00f6verg\u00e5ng fr\u00e5n l\u00e4tt rehabilitering till intensiva str\u00e4ckningar och ger lindring och \u00f6kad r\u00f6rlighet vid varje anv\u00e4ndning.<\/p>\n<p>Beskrivning:<\/p>\n<ul>\n<li> M\u00e5ngsidig design som st\u00f6d f\u00f6r fysioterapi eller f\u00f6r att f\u00f6rb\u00e4ttra kn\u00e4b\u00f6j och \u00f6vningar<\/li>\n<li> Detta balansbr\u00e4da har 4 justerbara vinklar, idealiskt f\u00f6r alla fitness- och rehabiliteringsniv\u00e5er<\/li>\n<li> Stort br\u00e4da med halkfri yta p\u00e5 balansbr\u00e4det ger ett s\u00e4kert, stabilt st\u00e5ende<\/li>\n<li> Inbyggda sidohandtag p\u00e5 balansbr\u00e4det underl\u00e4ttar b\u00e4rning och f\u00f6rvaring p\u00e5 alla platser<\/li>\n<li> Montering kr\u00e4vs<\/li>\n<\/ul>\n<p> Tekniska specifikationer:<\/p>\n<ul>\n<li> F\u00e4rg: Naturtr\u00e4<\/li>\n<li> Material: Boktr\u00e4<\/li>\n<li> Totala dimensioner: 40L x 31B x 15-28H cm<\/li>\n<li> Plattformsdimensioner f\u00f6r f\u00f6tterna: 40L x 31B cm<\/li>\n<li> Handtagsdimensioner: 8L x 2B cm<\/li>\n<li> B\u00e4rkapacitet: 120 kg<\/li>\n<\/ul>\n<p>Ing\u00e5r i leveransen:<\/p>\n<ul>\n<li> 1 x lutande br\u00e4da<\/li>\n<li> 1 x handbok<\/li>\n<\/ul>\n","protected":false},"excerpt":{"rendered":"<p>Lider du av sp\u00e4nda vader och instabil tr\u00e4ningsutrustning? Detta p\u00e5verkar din \u00e5terh\u00e4mtning och ditt sj\u00e4lvf\u00f6rtroende. [BRAND NAME] lutande br\u00e4da garanterar&#8230;<\/p>\n","protected":false},"featured_media":102139,"template":"","meta":[],"product_brand":[],"product_cat":[873,647],"product_tag":[],"class_list":{"0":"post-102148","1":"product","2":"type-product","3":"status-publish","4":"has-post-thumbnail","6":"product_cat-fitness-styrketraning","7":"product_cat-sport-fritid","9":"first","10":"instock","11":"sale","12":"taxable","13":"shipping-taxable","14":"purchasable","15":"product-type-simple"},"yoast_head":"<!-- This site is optimized with the Yoast SEO plugin v25.4 - https:\/\/yoast.com\/wordpress\/plugins\/seo\/ -->\n<title>TRUUSK Snedbr\u00e4da F\u00f6r Avlastnings\u00f6vningar - 4 Justerbara Vinklar - Halkfri - Tr\u00e4 - TRUUSK - Hem, Tr\u00e4dg\u00e5rd &amp; Fritid<\/title>\n<meta name=\"robots\" content=\"index, follow, max-snippet:-1, max-image-preview:large, max-video-preview:-1\" \/>\n<link rel=\"canonical\" href=\"https:\/\/truusk.store\/sv\/produkt\/truusk-snedbrada-for-avlastningsovningar-4-justerbara-vinklar-halkfri-tra\/\" \/>\n<meta property=\"og:locale\" content=\"sv_SE\" \/>\n<meta property=\"og:type\" content=\"article\" \/>\n<meta property=\"og:title\" content=\"TRUUSK Snedbr\u00e4da F\u00f6r Avlastnings\u00f6vningar - 4 Justerbara Vinklar - Halkfri - Tr\u00e4 - TRUUSK - Hem, Tr\u00e4dg\u00e5rd &amp; Fritid\" \/>\n<meta property=\"og:description\" content=\"Lider du av sp\u00e4nda vader och instabil tr\u00e4ningsutrustning? Detta p\u00e5verkar din \u00e5terh\u00e4mtning och ditt sj\u00e4lvf\u00f6rtroende. [BRAND NAME] lutande br\u00e4da garanterar...\" \/>\n<meta property=\"og:url\" content=\"https:\/\/truusk.store\/sv\/produkt\/truusk-snedbrada-for-avlastningsovningar-4-justerbara-vinklar-halkfri-tra\/\" \/>\n<meta property=\"og:site_name\" content=\"TRUUSK - Hem, Tr\u00e4dg\u00e5rd &amp; Fritid\" \/>\n<meta property=\"article:modified_time\" content=\"2026-03-12T07:50:22+00:00\" \/>\n<meta property=\"og:image\" content=\"https:\/\/i0.wp.com\/truusk.se\/wp-content\/uploads\/2026\/01\/snedbrada-for-avlastningsovningar-4-justerbara-vinklar-halkfri-tra-1.webp?fit=2000%2C2000&ssl=1\" \/>\n\t<meta property=\"og:image:width\" content=\"2000\" \/>\n\t<meta property=\"og:image:height\" content=\"2000\" \/>\n\t<meta property=\"og:image:type\" content=\"image\/webp\" \/>\n<meta name=\"twitter:card\" content=\"summary_large_image\" \/>\n<meta name=\"twitter:label1\" content=\"Ber\u00e4knad l\u00e4stid\" \/>\n\t<meta name=\"twitter:data1\" content=\"1 minut\" \/>\n<!-- \/ Yoast SEO plugin. -->","yoast_head_json":{"title":"TRUUSK Snedbr\u00e4da F\u00f6r Avlastnings\u00f6vningar - 4 Justerbara Vinklar - Halkfri - Tr\u00e4 - TRUUSK - Hem, Tr\u00e4dg\u00e5rd &amp; Fritid","robots":{"index":"index","follow":"follow","max-snippet":"max-snippet:-1","max-image-preview":"max-image-preview:large","max-video-preview":"max-video-preview:-1"},"canonical":"https:\/\/truusk.store\/sv\/produkt\/truusk-snedbrada-for-avlastningsovningar-4-justerbara-vinklar-halkfri-tra\/","og_locale":"sv_SE","og_type":"article","og_title":"TRUUSK Snedbr\u00e4da F\u00f6r Avlastnings\u00f6vningar - 4 Justerbara Vinklar - Halkfri - Tr\u00e4 - TRUUSK - Hem, Tr\u00e4dg\u00e5rd &amp; Fritid","og_description":"Lider du av sp\u00e4nda vader och instabil tr\u00e4ningsutrustning? Detta p\u00e5verkar din \u00e5terh\u00e4mtning och ditt sj\u00e4lvf\u00f6rtroende. [BRAND NAME] lutande br\u00e4da garanterar...","og_url":"https:\/\/truusk.store\/sv\/produkt\/truusk-snedbrada-for-avlastningsovningar-4-justerbara-vinklar-halkfri-tra\/","og_site_name":"TRUUSK - Hem, Tr\u00e4dg\u00e5rd &amp; Fritid","article_modified_time":"2026-03-12T07:50:22+00:00","og_image":[{"width":2000,"height":2000,"url":"https:\/\/i0.wp.com\/truusk.se\/wp-content\/uploads\/2026\/01\/snedbrada-for-avlastningsovningar-4-justerbara-vinklar-halkfri-tra-1.webp?fit=2000%2C2000&ssl=1","type":"image\/webp"}],"twitter_card":"summary_large_image","twitter_misc":{"Ber\u00e4knad l\u00e4stid":"1 minut"},"schema":{"@context":"https:\/\/schema.org","@graph":[{"@type":"WebPage","@id":"https:\/\/truusk.store\/sv\/produkt\/truusk-snedbrada-for-avlastningsovningar-4-justerbara-vinklar-halkfri-tra\/","url":"https:\/\/truusk.store\/sv\/produkt\/truusk-snedbrada-for-avlastningsovningar-4-justerbara-vinklar-halkfri-tra\/","name":"TRUUSK Snedbr\u00e4da F\u00f6r Avlastnings\u00f6vningar - 4 Justerbara Vinklar - Halkfri - Tr\u00e4 - TRUUSK - Hem, Tr\u00e4dg\u00e5rd &amp; Fritid","isPartOf":{"@id":"https:\/\/truusk.store\/sv\/#website"},"primaryImageOfPage":{"@id":"https:\/\/truusk.store\/sv\/produkt\/truusk-snedbrada-for-avlastningsovningar-4-justerbara-vinklar-halkfri-tra\/#primaryimage"},"image":{"@id":"https:\/\/truusk.store\/sv\/produkt\/truusk-snedbrada-for-avlastningsovningar-4-justerbara-vinklar-halkfri-tra\/#primaryimage"},"thumbnailUrl":"https:\/\/i0.wp.com\/truusk.store\/wp-content\/uploads\/2026\/01\/snedbrada-for-avlastningsovningar-4-justerbara-vinklar-halkfri-tra-1.webp?fit=2000%2C2000&ssl=1","datePublished":"2026-01-28T05:42:49+00:00","dateModified":"2026-03-12T07:50:22+00:00","breadcrumb":{"@id":"https:\/\/truusk.store\/sv\/produkt\/truusk-snedbrada-for-avlastningsovningar-4-justerbara-vinklar-halkfri-tra\/#breadcrumb"},"inLanguage":"sv-SE","potentialAction":[{"@type":"ReadAction","target":["https:\/\/truusk.store\/sv\/produkt\/truusk-snedbrada-for-avlastningsovningar-4-justerbara-vinklar-halkfri-tra\/"]}]},{"@type":"ImageObject","inLanguage":"sv-SE","@id":"https:\/\/truusk.store\/sv\/produkt\/truusk-snedbrada-for-avlastningsovningar-4-justerbara-vinklar-halkfri-tra\/#primaryimage","url":"https:\/\/i0.wp.com\/truusk.store\/wp-content\/uploads\/2026\/01\/snedbrada-for-avlastningsovningar-4-justerbara-vinklar-halkfri-tra-1.webp?fit=2000%2C2000&ssl=1","contentUrl":"https:\/\/i0.wp.com\/truusk.store\/wp-content\/uploads\/2026\/01\/snedbrada-for-avlastningsovningar-4-justerbara-vinklar-halkfri-tra-1.webp?fit=2000%2C2000&ssl=1","width":2000,"height":2000},{"@type":"BreadcrumbList","@id":"https:\/\/truusk.store\/sv\/produkt\/truusk-snedbrada-for-avlastningsovningar-4-justerbara-vinklar-halkfri-tra\/#breadcrumb","itemListElement":[{"@type":"ListItem","position":1,"name":"Home","item":"https:\/\/truusk.store\/sv\/"},{"@type":"ListItem","position":2,"name":"Shop","item":"https:\/\/truusk.store\/shop\/"},{"@type":"ListItem","position":3,"name":"TRUUSK Snedbr\u00e4da F\u00f6r Avlastnings\u00f6vningar &#8211; 4 Justerbara Vinklar &#8211; Halkfri &#8211; Tr\u00e4"}]},{"@type":"WebSite","@id":"https:\/\/truusk.store\/sv\/#website","url":"https:\/\/truusk.store\/sv\/","name":"TRUUSK - Hem, Tr\u00e4dg\u00e5rd & Fritid","description":"","publisher":{"@id":"https:\/\/truusk.store\/sv\/#organization"},"potentialAction":[{"@type":"SearchAction","target":{"@type":"EntryPoint","urlTemplate":"https:\/\/truusk.store\/sv\/?s={search_term_string}"},"query-input":{"@type":"PropertyValueSpecification","valueRequired":true,"valueName":"search_term_string"}}],"inLanguage":"sv-SE"},{"@type":"Organization","@id":"https:\/\/truusk.store\/sv\/#organization","name":"TRUUSK - Hem, Tr\u00e4dg\u00e5rd & Fritid","url":"https:\/\/truusk.store\/sv\/","logo":{"@type":"ImageObject","inLanguage":"sv-SE","@id":"https:\/\/truusk.store\/sv\/#\/schema\/logo\/image\/","url":"https:\/\/i0.wp.com\/truusk.store\/wp-content\/uploads\/2026\/03\/cropped-TRUUSK.png?fit=2032%2C917&ssl=1","contentUrl":"https:\/\/i0.wp.com\/truusk.store\/wp-content\/uploads\/2026\/03\/cropped-TRUUSK.png?fit=2032%2C917&ssl=1","width":2032,"height":917,"caption":"TRUUSK - Hem, Tr\u00e4dg\u00e5rd & Fritid"},"image":{"@id":"https:\/\/truusk.store\/sv\/#\/schema\/logo\/image\/"}}]}},"jetpack_sharing_enabled":true,"_links":{"self":[{"href":"https:\/\/truusk.store\/sv\/wp-json\/wp\/v2\/product\/102148","targetHints":{"allow":["GET"]}}],"collection":[{"href":"https:\/\/truusk.store\/sv\/wp-json\/wp\/v2\/product"}],"about":[{"href":"https:\/\/truusk.store\/sv\/wp-json\/wp\/v2\/types\/product"}],"wp:featuredmedia":[{"embeddable":true,"href":"https:\/\/truusk.store\/sv\/wp-json\/wp\/v2\/media\/102139"}],"wp:attachment":[{"href":"https:\/\/truusk.store\/sv\/wp-json\/wp\/v2\/media?parent=102148"}],"wp:term":[{"taxonomy":"product_brand","embeddable":true,"href":"https:\/\/truusk.store\/sv\/wp-json\/wp\/v2\/product_brand?post=102148"},{"taxonomy":"product_cat","embeddable":true,"href":"https:\/\/truusk.store\/sv\/wp-json\/wp\/v2\/product_cat?post=102148"},{"taxonomy":"product_tag","embeddable":true,"href":"https:\/\/truusk.store\/sv\/wp-json\/wp\/v2\/product_tag?post=102148"}],"curies":[{"name":"wp","href":"https:\/\/api.w.org\/{rel}","templated":true}]}}