{"id":102160,"date":"2026-01-28T06:43:53","date_gmt":"2026-01-28T05:43:53","guid":{"rendered":"https:\/\/truusk.store\/product\/hojdjusterbar-hundskal-med-forvaringsutrymme-vattenskal-2-x-800ml-rostfria-skalar-895x27x74-cm-svart\/"},"modified":"2026-03-12T08:50:25","modified_gmt":"2026-03-12T07:50:25","slug":"truusk-hojdjusterbar-hundskal-med-forvaringsutrymme-vattenskal-2-x-800ml-rostfria-skalar-895x27x74-cm-svart","status":"publish","type":"product","link":"https:\/\/truusk.store\/sv\/produkt\/truusk-hojdjusterbar-hundskal-med-forvaringsutrymme-vattenskal-2-x-800ml-rostfria-skalar-895x27x74-cm-svart\/","title":{"rendered":"TRUUSK H\u00f6jdjusterbar Hundsk\u00e5l med F\u00f6rvaringsutrymme &#8211; Vattensk\u00e5l 2 x 800ml &#8211; Rostfria sk\u00e5lar &#8211; 89,5x27x74 cm &#8211; Svart"},"content":{"rendered":"<p>[BRAND NAME] hundmatsstation revolutionerar ditt vardagsrum. Den erbjuder gott om plats f\u00f6r hundmat, leksaker och koppel, fungerar som en central samlingspunkt och har en h\u00f6jdjusterbar hundsk\u00e5lst\u00e4llning. Utrustad med tv\u00e5 rostfria sk\u00e5lar och anti-slip ringar, minimerar den ljudet vid \u00e4tning och fr\u00e4mjar en h\u00e4lsosam h\u00e5llning. F\u00f6r ett st\u00e4dat hem och trevligare m\u00e5ltider f\u00f6r din trogna f\u00f6ljeslagare.<\/p>\n<p>Beskrivning:<\/p>\n<ul>\n<li> Integrerar matning och lagring, h\u00e5ller alla dina husdjursbehov snyggt organiserade<\/li>\n<li> Erbjuder 3 justerbara h\u00f6jder f\u00f6r bekv\u00e4m \u00e4tning och b\u00e4ttre ryggh\u00e4lsa<\/li>\n<li> Erbjuder gott om lagringsutrymme med robusta hyllor som h\u00e5ller mat och leksaker<\/li>\n<li> Inneh\u00e5ller tv\u00e5 rostfria sk\u00e5lar med anti-slip ringar f\u00f6r lugna m\u00e5ltider<\/li>\n<li> Har en stark, rostfri st\u00e5lram f\u00f6r l\u00e5ng livsl\u00e4ngd och enkel reng\u00f6ring<\/li>\n<li> L\u00e4gger till en personlig touch med en DIY benformad tagg f\u00f6r ditt hunds namn<\/li>\n<li> Kan enkelt monteras p\u00e5 30 minuter med medf\u00f6ljande instruktioner och n\u00f6dv\u00e4ndiga verktyg<\/li>\n<\/ul>\n<p> Tekniska data:<\/p>\n<ul>\n<li> F\u00e4rg: Svart<\/li>\n<li> Material: St\u00e5l, Oxford-tyg (100% polyester), rostfritt st\u00e5l<\/li>\n<li> Totala dimensioner: 89,5L x 27B x 74H cm<\/li>\n<li> Sk\u00e5lstativ p\u00e5 h\u00f6ger sida: 48L x 27B x 38,5H cm<\/li>\n<li> Diameter sk\u00e5l h\u00e5l: \u00d816,5 cm<\/li>\n<li> Sk\u00e5l storlek: \u00d818 x 5,5H cm<\/li>\n<li> Sk\u00e5lkapacitet: 800 ml<\/li>\n<li> Justerbar h\u00f6jd: 16,5 cm, 24 cm, 32,5 cm<\/li>\n<li> Storlek p\u00e5 l\u00e5dfront: 35B x 25H cm<\/li>\n<li> Inre utrymme i l\u00e5dan: 35B x 25T x 21H cm<\/li>\n<li> Hyllstorlek: 37L x 27B cm<\/li>\n<li> Hyllh\u00f6jd fr\u00e5n golvet: 8,5H cm (f\u00f6rsta niv\u00e5n), 63H cm (andra niv\u00e5n)<\/li>\n<li> Maximal belastning: 20 kg (hylla), 15 kg (l\u00e5da)<\/li>\n<li> L\u00e4mplig f\u00f6r husdjur med en axelh\u00f6jd p\u00e5: \uff1e25 cm<\/li>\n<\/ul>\n<p>Leverans inneh\u00e5ller:<\/p>\n<ul>\n<li> 1 x H\u00f6jdjusterbar hundsk\u00e5lst\u00e4llning<\/li>\n<li> 1 x Bruksanvisning<\/li>\n<\/ul>\n","protected":false},"excerpt":{"rendered":"<p>[BRAND NAME] hundmatsstation revolutionerar ditt vardagsrum. Den erbjuder gott om plats f\u00f6r hundmat, leksaker och koppel, fungerar som en central&#8230;<\/p>\n","protected":false},"featured_media":102149,"template":"","meta":[],"product_brand":[],"product_cat":[878,574,580],"product_tag":[],"class_list":{"0":"post-102160","1":"product","2":"type-product","3":"status-publish","4":"has-post-thumbnail","6":"product_cat-djurbehov","7":"product_cat-hundtillbehor","8":"product_cat-matskalar","10":"first","11":"instock","12":"sale","13":"taxable","14":"shipping-taxable","15":"purchasable","16":"product-type-simple"},"yoast_head":"<!-- This site is optimized with the Yoast SEO plugin v25.4 - https:\/\/yoast.com\/wordpress\/plugins\/seo\/ -->\n<title>TRUUSK H\u00f6jdjusterbar Hundsk\u00e5l med F\u00f6rvaringsutrymme - Vattensk\u00e5l 2 x 800ml - Rostfria sk\u00e5lar - 89,5x27x74 cm - Svart - TRUUSK - Hem, Tr\u00e4dg\u00e5rd &amp; Fritid<\/title>\n<meta name=\"robots\" content=\"index, follow, max-snippet:-1, max-image-preview:large, max-video-preview:-1\" \/>\n<link rel=\"canonical\" href=\"https:\/\/truusk.store\/sv\/produkt\/truusk-hojdjusterbar-hundskal-med-forvaringsutrymme-vattenskal-2-x-800ml-rostfria-skalar-895x27x74-cm-svart\/\" \/>\n<meta property=\"og:locale\" content=\"sv_SE\" \/>\n<meta property=\"og:type\" content=\"article\" \/>\n<meta property=\"og:title\" content=\"TRUUSK H\u00f6jdjusterbar Hundsk\u00e5l med F\u00f6rvaringsutrymme - Vattensk\u00e5l 2 x 800ml - Rostfria sk\u00e5lar - 89,5x27x74 cm - Svart - TRUUSK - Hem, Tr\u00e4dg\u00e5rd &amp; Fritid\" \/>\n<meta property=\"og:description\" content=\"[BRAND NAME] hundmatsstation revolutionerar ditt vardagsrum. Den erbjuder gott om plats f\u00f6r hundmat, leksaker och koppel, fungerar som en central...\" \/>\n<meta property=\"og:url\" content=\"https:\/\/truusk.store\/sv\/produkt\/truusk-hojdjusterbar-hundskal-med-forvaringsutrymme-vattenskal-2-x-800ml-rostfria-skalar-895x27x74-cm-svart\/\" \/>\n<meta property=\"og:site_name\" content=\"TRUUSK - Hem, Tr\u00e4dg\u00e5rd &amp; Fritid\" \/>\n<meta property=\"article:modified_time\" content=\"2026-03-12T07:50:25+00:00\" \/>\n<meta property=\"og:image\" content=\"https:\/\/i0.wp.com\/truusk.se\/wp-content\/uploads\/2026\/01\/hojdjusterbar-hundskal-med-forvaringsutrymme-vattenskal-2-x-800ml-rostfria-skalar-895x27x74-cm-svart-1.webp?fit=2000%2C2000&ssl=1\" \/>\n\t<meta property=\"og:image:width\" content=\"2000\" \/>\n\t<meta property=\"og:image:height\" content=\"2000\" \/>\n\t<meta property=\"og:image:type\" content=\"image\/webp\" \/>\n<meta name=\"twitter:card\" content=\"summary_large_image\" \/>\n<meta name=\"twitter:label1\" content=\"Ber\u00e4knad l\u00e4stid\" \/>\n\t<meta name=\"twitter:data1\" content=\"1 minut\" \/>\n<!-- \/ Yoast SEO plugin. -->","yoast_head_json":{"title":"TRUUSK H\u00f6jdjusterbar Hundsk\u00e5l med F\u00f6rvaringsutrymme - Vattensk\u00e5l 2 x 800ml - Rostfria sk\u00e5lar - 89,5x27x74 cm - Svart - TRUUSK - Hem, Tr\u00e4dg\u00e5rd &amp; Fritid","robots":{"index":"index","follow":"follow","max-snippet":"max-snippet:-1","max-image-preview":"max-image-preview:large","max-video-preview":"max-video-preview:-1"},"canonical":"https:\/\/truusk.store\/sv\/produkt\/truusk-hojdjusterbar-hundskal-med-forvaringsutrymme-vattenskal-2-x-800ml-rostfria-skalar-895x27x74-cm-svart\/","og_locale":"sv_SE","og_type":"article","og_title":"TRUUSK H\u00f6jdjusterbar Hundsk\u00e5l med F\u00f6rvaringsutrymme - Vattensk\u00e5l 2 x 800ml - Rostfria sk\u00e5lar - 89,5x27x74 cm - Svart - TRUUSK - Hem, Tr\u00e4dg\u00e5rd &amp; Fritid","og_description":"[BRAND NAME] hundmatsstation revolutionerar ditt vardagsrum. Den erbjuder gott om plats f\u00f6r hundmat, leksaker och koppel, fungerar som en central...","og_url":"https:\/\/truusk.store\/sv\/produkt\/truusk-hojdjusterbar-hundskal-med-forvaringsutrymme-vattenskal-2-x-800ml-rostfria-skalar-895x27x74-cm-svart\/","og_site_name":"TRUUSK - Hem, Tr\u00e4dg\u00e5rd &amp; Fritid","article_modified_time":"2026-03-12T07:50:25+00:00","og_image":[{"width":2000,"height":2000,"url":"https:\/\/i0.wp.com\/truusk.se\/wp-content\/uploads\/2026\/01\/hojdjusterbar-hundskal-med-forvaringsutrymme-vattenskal-2-x-800ml-rostfria-skalar-895x27x74-cm-svart-1.webp?fit=2000%2C2000&ssl=1","type":"image\/webp"}],"twitter_card":"summary_large_image","twitter_misc":{"Ber\u00e4knad l\u00e4stid":"1 minut"},"schema":{"@context":"https:\/\/schema.org","@graph":[{"@type":"WebPage","@id":"https:\/\/truusk.store\/sv\/produkt\/truusk-hojdjusterbar-hundskal-med-forvaringsutrymme-vattenskal-2-x-800ml-rostfria-skalar-895x27x74-cm-svart\/","url":"https:\/\/truusk.store\/sv\/produkt\/truusk-hojdjusterbar-hundskal-med-forvaringsutrymme-vattenskal-2-x-800ml-rostfria-skalar-895x27x74-cm-svart\/","name":"TRUUSK H\u00f6jdjusterbar Hundsk\u00e5l med F\u00f6rvaringsutrymme - Vattensk\u00e5l 2 x 800ml - Rostfria sk\u00e5lar - 89,5x27x74 cm - Svart - TRUUSK - Hem, Tr\u00e4dg\u00e5rd &amp; Fritid","isPartOf":{"@id":"https:\/\/truusk.store\/sv\/#website"},"primaryImageOfPage":{"@id":"https:\/\/truusk.store\/sv\/produkt\/truusk-hojdjusterbar-hundskal-med-forvaringsutrymme-vattenskal-2-x-800ml-rostfria-skalar-895x27x74-cm-svart\/#primaryimage"},"image":{"@id":"https:\/\/truusk.store\/sv\/produkt\/truusk-hojdjusterbar-hundskal-med-forvaringsutrymme-vattenskal-2-x-800ml-rostfria-skalar-895x27x74-cm-svart\/#primaryimage"},"thumbnailUrl":"https:\/\/i0.wp.com\/truusk.store\/wp-content\/uploads\/2026\/01\/hojdjusterbar-hundskal-med-forvaringsutrymme-vattenskal-2-x-800ml-rostfria-skalar-895x27x74-cm-svart-1.webp?fit=2000%2C2000&ssl=1","datePublished":"2026-01-28T05:43:53+00:00","dateModified":"2026-03-12T07:50:25+00:00","breadcrumb":{"@id":"https:\/\/truusk.store\/sv\/produkt\/truusk-hojdjusterbar-hundskal-med-forvaringsutrymme-vattenskal-2-x-800ml-rostfria-skalar-895x27x74-cm-svart\/#breadcrumb"},"inLanguage":"sv-SE","potentialAction":[{"@type":"ReadAction","target":["https:\/\/truusk.store\/sv\/produkt\/truusk-hojdjusterbar-hundskal-med-forvaringsutrymme-vattenskal-2-x-800ml-rostfria-skalar-895x27x74-cm-svart\/"]}]},{"@type":"ImageObject","inLanguage":"sv-SE","@id":"https:\/\/truusk.store\/sv\/produkt\/truusk-hojdjusterbar-hundskal-med-forvaringsutrymme-vattenskal-2-x-800ml-rostfria-skalar-895x27x74-cm-svart\/#primaryimage","url":"https:\/\/i0.wp.com\/truusk.store\/wp-content\/uploads\/2026\/01\/hojdjusterbar-hundskal-med-forvaringsutrymme-vattenskal-2-x-800ml-rostfria-skalar-895x27x74-cm-svart-1.webp?fit=2000%2C2000&ssl=1","contentUrl":"https:\/\/i0.wp.com\/truusk.store\/wp-content\/uploads\/2026\/01\/hojdjusterbar-hundskal-med-forvaringsutrymme-vattenskal-2-x-800ml-rostfria-skalar-895x27x74-cm-svart-1.webp?fit=2000%2C2000&ssl=1","width":2000,"height":2000},{"@type":"BreadcrumbList","@id":"https:\/\/truusk.store\/sv\/produkt\/truusk-hojdjusterbar-hundskal-med-forvaringsutrymme-vattenskal-2-x-800ml-rostfria-skalar-895x27x74-cm-svart\/#breadcrumb","itemListElement":[{"@type":"ListItem","position":1,"name":"Home","item":"https:\/\/truusk.store\/sv\/"},{"@type":"ListItem","position":2,"name":"Shop","item":"https:\/\/truusk.store\/shop\/"},{"@type":"ListItem","position":3,"name":"TRUUSK H\u00f6jdjusterbar Hundsk\u00e5l med F\u00f6rvaringsutrymme &#8211; Vattensk\u00e5l 2 x 800ml &#8211; Rostfria sk\u00e5lar &#8211; 89,5x27x74 cm &#8211; Svart"}]},{"@type":"WebSite","@id":"https:\/\/truusk.store\/sv\/#website","url":"https:\/\/truusk.store\/sv\/","name":"TRUUSK - Hem, Tr\u00e4dg\u00e5rd & Fritid","description":"","publisher":{"@id":"https:\/\/truusk.store\/sv\/#organization"},"potentialAction":[{"@type":"SearchAction","target":{"@type":"EntryPoint","urlTemplate":"https:\/\/truusk.store\/sv\/?s={search_term_string}"},"query-input":{"@type":"PropertyValueSpecification","valueRequired":true,"valueName":"search_term_string"}}],"inLanguage":"sv-SE"},{"@type":"Organization","@id":"https:\/\/truusk.store\/sv\/#organization","name":"TRUUSK - Hem, Tr\u00e4dg\u00e5rd & Fritid","url":"https:\/\/truusk.store\/sv\/","logo":{"@type":"ImageObject","inLanguage":"sv-SE","@id":"https:\/\/truusk.store\/sv\/#\/schema\/logo\/image\/","url":"https:\/\/i0.wp.com\/truusk.store\/wp-content\/uploads\/2026\/03\/cropped-TRUUSK.png?fit=2032%2C917&ssl=1","contentUrl":"https:\/\/i0.wp.com\/truusk.store\/wp-content\/uploads\/2026\/03\/cropped-TRUUSK.png?fit=2032%2C917&ssl=1","width":2032,"height":917,"caption":"TRUUSK - Hem, Tr\u00e4dg\u00e5rd & Fritid"},"image":{"@id":"https:\/\/truusk.store\/sv\/#\/schema\/logo\/image\/"}}]}},"jetpack_sharing_enabled":true,"_links":{"self":[{"href":"https:\/\/truusk.store\/sv\/wp-json\/wp\/v2\/product\/102160","targetHints":{"allow":["GET"]}}],"collection":[{"href":"https:\/\/truusk.store\/sv\/wp-json\/wp\/v2\/product"}],"about":[{"href":"https:\/\/truusk.store\/sv\/wp-json\/wp\/v2\/types\/product"}],"wp:featuredmedia":[{"embeddable":true,"href":"https:\/\/truusk.store\/sv\/wp-json\/wp\/v2\/media\/102149"}],"wp:attachment":[{"href":"https:\/\/truusk.store\/sv\/wp-json\/wp\/v2\/media?parent=102160"}],"wp:term":[{"taxonomy":"product_brand","embeddable":true,"href":"https:\/\/truusk.store\/sv\/wp-json\/wp\/v2\/product_brand?post=102160"},{"taxonomy":"product_cat","embeddable":true,"href":"https:\/\/truusk.store\/sv\/wp-json\/wp\/v2\/product_cat?post=102160"},{"taxonomy":"product_tag","embeddable":true,"href":"https:\/\/truusk.store\/sv\/wp-json\/wp\/v2\/product_tag?post=102160"}],"curies":[{"name":"wp","href":"https:\/\/api.w.org\/{rel}","templated":true}]}}