{"id":102168,"date":"2026-01-28T06:44:43","date_gmt":"2026-01-28T05:44:43","guid":{"rendered":"https:\/\/truusk.store\/product\/hogbadd-med-klatterstallning-837-liter-sackar-3-pack-triangulara-planteringslador-tomatstod-35-x-35-x-120-cm\/"},"modified":"2026-03-12T08:50:28","modified_gmt":"2026-03-12T07:50:28","slug":"truusk-hogbadd-med-klatterstallning-837-liter-sackar-3-pack-triangulara-planteringslador-tomatstod-35-x-35-x-120-cm","status":"publish","type":"product","link":"https:\/\/truusk.store\/sv\/produkt\/truusk-hogbadd-med-klatterstallning-837-liter-sackar-3-pack-triangulara-planteringslador-tomatstod-35-x-35-x-120-cm\/","title":{"rendered":"TRUUSK H\u00f6gb\u00e4dd Med Kl\u00e4tterst\u00e4llning &#8211; 83,7 Liter S\u00e4ckar 3-pack &#8211; Triangul\u00e4ra Planteringsl\u00e5dor &#8211; Tomatst\u00f6d &#8211; 35 X 35 X 120 Cm"},"content":{"rendered":"<p>V\u00e4ck din tr\u00e4dg\u00e5rd till liv med [BRAND NAME] h\u00f6gkvarter-set \u2013 den kompletta l\u00f6sningen f\u00f6r odling av blommor, \u00f6rter och gr\u00f6nsaker hemma. De robusta materialen som anv\u00e4nds f\u00f6r att tillverka planteringsl\u00e5dorna ger mycket utrymme f\u00f6r h\u00e4lsosam rotv\u00e4xt och \u00e4r d\u00e4rf\u00f6r s\u00e4rskilt h\u00e5llbara. H\u00f6gb\u00e4ddssetet \u00e4r enkelt att montera och passar f\u00f6r terrasser, balkonger och tr\u00e4dg\u00e5rdar. Det h\u00e5ller dina v\u00e4xter organiserade, h\u00f6jda och l\u00e4ttsk\u00f6tta, vilket ger dig en v\u00e4lsk\u00f6tt, blomstrande tr\u00e4dg\u00e5rd.<\/p>\n<p>Beskrivning:<\/p>\n<ul>\n<li> Set med 3 planteringsl\u00e5dor med kl\u00e4tterst\u00e4ll ger mycket utrymme f\u00f6r blommor, \u00f6rter eller gr\u00f6nsaker att v\u00e4xa h\u00e4lsosamt och kraftfullt<\/li>\n<li> Snabb och enkel montering med alla n\u00f6dv\u00e4ndiga delar \u2013 inga verktyg eller extra tillbeh\u00f6r beh\u00f6vs<\/li>\n<li> Den modul\u00e4ra strukturen p\u00e5 h\u00f6gb\u00e4dden g\u00f6r det m\u00f6jligt att arrangera eller kombinera b\u00e4ddarna fritt, passande f\u00f6r olika tr\u00e4dg\u00e5rdsomr\u00e5den<\/li>\n<li> Tillverkad av v\u00e4derbest\u00e4ndigt, PE-belagt st\u00e5l f\u00f6r l\u00e5ngvarig anv\u00e4ndning utomhus, s\u00e4song efter s\u00e4song<\/li>\n<li> Idealisk f\u00f6r terrasser, balkonger, bakg\u00e5rdar och andra utomhusomr\u00e5den och skapar en snygg och ordnad tr\u00e4dg\u00e5rdsomr\u00e5de<\/li>\n<\/ul>\n<p> Tekniska data:<\/p>\n<ul>\n<li> F\u00e4rg: Gr\u00f6n<\/li>\n<li> Material: St\u00e5l, PE, non-woven tyg<\/li>\n<li> Totala dimensioner: 35L x 35B x 120H cm<\/li>\n<li> Kl\u00e4tterst\u00e4llsdimensioner: 28L x 24B x 120H cm<\/li>\n<li> Planteringsyta: \u00d835 x 29H cm<\/li>\n<li> B\u00e4rkapacitet: 5 kg<\/li>\n<\/ul>\n<p>Leveransinneh\u00e5ll:<\/p>\n<ul>\n<li> 3 x Tomatst\u00f6d<\/li>\n<li> 1 x Bruksanvisning<\/li>\n<\/ul>\n","protected":false},"excerpt":{"rendered":"<p>V\u00e4ck din tr\u00e4dg\u00e5rd till liv med [BRAND NAME] h\u00f6gkvarter-set \u2013 den kompletta l\u00f6sningen f\u00f6r odling av blommor, \u00f6rter och gr\u00f6nsaker&#8230;<\/p>\n","protected":false},"featured_media":102157,"template":"","meta":[],"product_brand":[],"product_cat":[924,858,443],"product_tag":[],"class_list":{"0":"post-102168","1":"product","2":"type-product","3":"status-publish","4":"has-post-thumbnail","6":"product_cat-plantkarl","7":"product_cat-tradgard-terrass","8":"product_cat-vaxthus-tradgardsskotsel","10":"first","11":"instock","12":"sale","13":"taxable","14":"shipping-taxable","15":"purchasable","16":"product-type-simple"},"yoast_head":"<!-- This site is optimized with the Yoast SEO plugin v25.4 - https:\/\/yoast.com\/wordpress\/plugins\/seo\/ -->\n<title>TRUUSK H\u00f6gb\u00e4dd Med Kl\u00e4tterst\u00e4llning - 83,7 Liter S\u00e4ckar 3-pack - Triangul\u00e4ra Planteringsl\u00e5dor - Tomatst\u00f6d - 35 X 35 X 120 Cm - TRUUSK - Hem, Tr\u00e4dg\u00e5rd &amp; Fritid<\/title>\n<meta name=\"robots\" content=\"index, follow, max-snippet:-1, max-image-preview:large, max-video-preview:-1\" \/>\n<link rel=\"canonical\" href=\"https:\/\/truusk.store\/sv\/produkt\/truusk-hogbadd-med-klatterstallning-837-liter-sackar-3-pack-triangulara-planteringslador-tomatstod-35-x-35-x-120-cm\/\" \/>\n<meta property=\"og:locale\" content=\"sv_SE\" \/>\n<meta property=\"og:type\" content=\"article\" \/>\n<meta property=\"og:title\" content=\"TRUUSK H\u00f6gb\u00e4dd Med Kl\u00e4tterst\u00e4llning - 83,7 Liter S\u00e4ckar 3-pack - Triangul\u00e4ra Planteringsl\u00e5dor - Tomatst\u00f6d - 35 X 35 X 120 Cm - TRUUSK - Hem, Tr\u00e4dg\u00e5rd &amp; Fritid\" \/>\n<meta property=\"og:description\" content=\"V\u00e4ck din tr\u00e4dg\u00e5rd till liv med [BRAND NAME] h\u00f6gkvarter-set \u2013 den kompletta l\u00f6sningen f\u00f6r odling av blommor, \u00f6rter och gr\u00f6nsaker...\" \/>\n<meta property=\"og:url\" content=\"https:\/\/truusk.store\/sv\/produkt\/truusk-hogbadd-med-klatterstallning-837-liter-sackar-3-pack-triangulara-planteringslador-tomatstod-35-x-35-x-120-cm\/\" \/>\n<meta property=\"og:site_name\" content=\"TRUUSK - Hem, Tr\u00e4dg\u00e5rd &amp; Fritid\" \/>\n<meta property=\"article:modified_time\" content=\"2026-03-12T07:50:28+00:00\" \/>\n<meta property=\"og:image\" content=\"https:\/\/i0.wp.com\/truusk.se\/wp-content\/uploads\/2026\/01\/hogbadd-med-klatterstallning-837-liter-sackar-3-pack-triangulara-planteringslador-tomatstod-35-x-35-x-120-cm-1.webp?fit=2000%2C2000&ssl=1\" \/>\n\t<meta property=\"og:image:width\" content=\"2000\" \/>\n\t<meta property=\"og:image:height\" content=\"2000\" \/>\n\t<meta property=\"og:image:type\" content=\"image\/webp\" \/>\n<meta name=\"twitter:card\" content=\"summary_large_image\" \/>\n<meta name=\"twitter:label1\" content=\"Ber\u00e4knad l\u00e4stid\" \/>\n\t<meta name=\"twitter:data1\" content=\"1 minut\" \/>\n<!-- \/ Yoast SEO plugin. -->","yoast_head_json":{"title":"TRUUSK H\u00f6gb\u00e4dd Med Kl\u00e4tterst\u00e4llning - 83,7 Liter S\u00e4ckar 3-pack - Triangul\u00e4ra Planteringsl\u00e5dor - Tomatst\u00f6d - 35 X 35 X 120 Cm - TRUUSK - Hem, Tr\u00e4dg\u00e5rd &amp; Fritid","robots":{"index":"index","follow":"follow","max-snippet":"max-snippet:-1","max-image-preview":"max-image-preview:large","max-video-preview":"max-video-preview:-1"},"canonical":"https:\/\/truusk.store\/sv\/produkt\/truusk-hogbadd-med-klatterstallning-837-liter-sackar-3-pack-triangulara-planteringslador-tomatstod-35-x-35-x-120-cm\/","og_locale":"sv_SE","og_type":"article","og_title":"TRUUSK H\u00f6gb\u00e4dd Med Kl\u00e4tterst\u00e4llning - 83,7 Liter S\u00e4ckar 3-pack - Triangul\u00e4ra Planteringsl\u00e5dor - Tomatst\u00f6d - 35 X 35 X 120 Cm - TRUUSK - Hem, Tr\u00e4dg\u00e5rd &amp; Fritid","og_description":"V\u00e4ck din tr\u00e4dg\u00e5rd till liv med [BRAND NAME] h\u00f6gkvarter-set \u2013 den kompletta l\u00f6sningen f\u00f6r odling av blommor, \u00f6rter och gr\u00f6nsaker...","og_url":"https:\/\/truusk.store\/sv\/produkt\/truusk-hogbadd-med-klatterstallning-837-liter-sackar-3-pack-triangulara-planteringslador-tomatstod-35-x-35-x-120-cm\/","og_site_name":"TRUUSK - Hem, Tr\u00e4dg\u00e5rd &amp; Fritid","article_modified_time":"2026-03-12T07:50:28+00:00","og_image":[{"width":2000,"height":2000,"url":"https:\/\/i0.wp.com\/truusk.se\/wp-content\/uploads\/2026\/01\/hogbadd-med-klatterstallning-837-liter-sackar-3-pack-triangulara-planteringslador-tomatstod-35-x-35-x-120-cm-1.webp?fit=2000%2C2000&ssl=1","type":"image\/webp"}],"twitter_card":"summary_large_image","twitter_misc":{"Ber\u00e4knad l\u00e4stid":"1 minut"},"schema":{"@context":"https:\/\/schema.org","@graph":[{"@type":"WebPage","@id":"https:\/\/truusk.store\/sv\/produkt\/truusk-hogbadd-med-klatterstallning-837-liter-sackar-3-pack-triangulara-planteringslador-tomatstod-35-x-35-x-120-cm\/","url":"https:\/\/truusk.store\/sv\/produkt\/truusk-hogbadd-med-klatterstallning-837-liter-sackar-3-pack-triangulara-planteringslador-tomatstod-35-x-35-x-120-cm\/","name":"TRUUSK H\u00f6gb\u00e4dd Med Kl\u00e4tterst\u00e4llning - 83,7 Liter S\u00e4ckar 3-pack - Triangul\u00e4ra Planteringsl\u00e5dor - Tomatst\u00f6d - 35 X 35 X 120 Cm - TRUUSK - Hem, Tr\u00e4dg\u00e5rd &amp; Fritid","isPartOf":{"@id":"https:\/\/truusk.store\/sv\/#website"},"primaryImageOfPage":{"@id":"https:\/\/truusk.store\/sv\/produkt\/truusk-hogbadd-med-klatterstallning-837-liter-sackar-3-pack-triangulara-planteringslador-tomatstod-35-x-35-x-120-cm\/#primaryimage"},"image":{"@id":"https:\/\/truusk.store\/sv\/produkt\/truusk-hogbadd-med-klatterstallning-837-liter-sackar-3-pack-triangulara-planteringslador-tomatstod-35-x-35-x-120-cm\/#primaryimage"},"thumbnailUrl":"https:\/\/i0.wp.com\/truusk.store\/wp-content\/uploads\/2026\/01\/hogbadd-med-klatterstallning-837-liter-sackar-3-pack-triangulara-planteringslador-tomatstod-35-x-35-x-120-cm-1.webp?fit=2000%2C2000&ssl=1","datePublished":"2026-01-28T05:44:43+00:00","dateModified":"2026-03-12T07:50:28+00:00","breadcrumb":{"@id":"https:\/\/truusk.store\/sv\/produkt\/truusk-hogbadd-med-klatterstallning-837-liter-sackar-3-pack-triangulara-planteringslador-tomatstod-35-x-35-x-120-cm\/#breadcrumb"},"inLanguage":"sv-SE","potentialAction":[{"@type":"ReadAction","target":["https:\/\/truusk.store\/sv\/produkt\/truusk-hogbadd-med-klatterstallning-837-liter-sackar-3-pack-triangulara-planteringslador-tomatstod-35-x-35-x-120-cm\/"]}]},{"@type":"ImageObject","inLanguage":"sv-SE","@id":"https:\/\/truusk.store\/sv\/produkt\/truusk-hogbadd-med-klatterstallning-837-liter-sackar-3-pack-triangulara-planteringslador-tomatstod-35-x-35-x-120-cm\/#primaryimage","url":"https:\/\/i0.wp.com\/truusk.store\/wp-content\/uploads\/2026\/01\/hogbadd-med-klatterstallning-837-liter-sackar-3-pack-triangulara-planteringslador-tomatstod-35-x-35-x-120-cm-1.webp?fit=2000%2C2000&ssl=1","contentUrl":"https:\/\/i0.wp.com\/truusk.store\/wp-content\/uploads\/2026\/01\/hogbadd-med-klatterstallning-837-liter-sackar-3-pack-triangulara-planteringslador-tomatstod-35-x-35-x-120-cm-1.webp?fit=2000%2C2000&ssl=1","width":2000,"height":2000},{"@type":"BreadcrumbList","@id":"https:\/\/truusk.store\/sv\/produkt\/truusk-hogbadd-med-klatterstallning-837-liter-sackar-3-pack-triangulara-planteringslador-tomatstod-35-x-35-x-120-cm\/#breadcrumb","itemListElement":[{"@type":"ListItem","position":1,"name":"Home","item":"https:\/\/truusk.store\/sv\/"},{"@type":"ListItem","position":2,"name":"Shop","item":"https:\/\/truusk.store\/shop\/"},{"@type":"ListItem","position":3,"name":"TRUUSK H\u00f6gb\u00e4dd Med Kl\u00e4tterst\u00e4llning &#8211; 83,7 Liter S\u00e4ckar 3-pack &#8211; Triangul\u00e4ra Planteringsl\u00e5dor &#8211; Tomatst\u00f6d &#8211; 35 X 35 X 120 Cm"}]},{"@type":"WebSite","@id":"https:\/\/truusk.store\/sv\/#website","url":"https:\/\/truusk.store\/sv\/","name":"TRUUSK - Hem, Tr\u00e4dg\u00e5rd & Fritid","description":"","publisher":{"@id":"https:\/\/truusk.store\/sv\/#organization"},"potentialAction":[{"@type":"SearchAction","target":{"@type":"EntryPoint","urlTemplate":"https:\/\/truusk.store\/sv\/?s={search_term_string}"},"query-input":{"@type":"PropertyValueSpecification","valueRequired":true,"valueName":"search_term_string"}}],"inLanguage":"sv-SE"},{"@type":"Organization","@id":"https:\/\/truusk.store\/sv\/#organization","name":"TRUUSK - Hem, Tr\u00e4dg\u00e5rd & Fritid","url":"https:\/\/truusk.store\/sv\/","logo":{"@type":"ImageObject","inLanguage":"sv-SE","@id":"https:\/\/truusk.store\/sv\/#\/schema\/logo\/image\/","url":"https:\/\/i0.wp.com\/truusk.store\/wp-content\/uploads\/2026\/03\/cropped-TRUUSK.png?fit=2032%2C917&ssl=1","contentUrl":"https:\/\/i0.wp.com\/truusk.store\/wp-content\/uploads\/2026\/03\/cropped-TRUUSK.png?fit=2032%2C917&ssl=1","width":2032,"height":917,"caption":"TRUUSK - Hem, Tr\u00e4dg\u00e5rd & Fritid"},"image":{"@id":"https:\/\/truusk.store\/sv\/#\/schema\/logo\/image\/"}}]}},"jetpack_sharing_enabled":true,"_links":{"self":[{"href":"https:\/\/truusk.store\/sv\/wp-json\/wp\/v2\/product\/102168","targetHints":{"allow":["GET"]}}],"collection":[{"href":"https:\/\/truusk.store\/sv\/wp-json\/wp\/v2\/product"}],"about":[{"href":"https:\/\/truusk.store\/sv\/wp-json\/wp\/v2\/types\/product"}],"wp:featuredmedia":[{"embeddable":true,"href":"https:\/\/truusk.store\/sv\/wp-json\/wp\/v2\/media\/102157"}],"wp:attachment":[{"href":"https:\/\/truusk.store\/sv\/wp-json\/wp\/v2\/media?parent=102168"}],"wp:term":[{"taxonomy":"product_brand","embeddable":true,"href":"https:\/\/truusk.store\/sv\/wp-json\/wp\/v2\/product_brand?post=102168"},{"taxonomy":"product_cat","embeddable":true,"href":"https:\/\/truusk.store\/sv\/wp-json\/wp\/v2\/product_cat?post=102168"},{"taxonomy":"product_tag","embeddable":true,"href":"https:\/\/truusk.store\/sv\/wp-json\/wp\/v2\/product_tag?post=102168"}],"curies":[{"name":"wp","href":"https:\/\/api.w.org\/{rel}","templated":true}]}}