{"id":102189,"date":"2026-01-28T06:46:54","date_gmt":"2026-01-28T05:46:54","guid":{"rendered":"https:\/\/truusk.store\/product\/badrumsskap-oppen-hylla-skap-bambutra-lamelldorr-ljusbrun\/"},"modified":"2026-03-12T08:50:38","modified_gmt":"2026-03-12T07:50:38","slug":"truusk-badrumsskap-oppen-hylla-bambutra-lamelldorr-ljusbrun","status":"publish","type":"product","link":"https:\/\/truusk.store\/sv\/produkt\/truusk-badrumsskap-oppen-hylla-bambutra-lamelldorr-ljusbrun\/","title":{"rendered":"TRUUSK Badrumssk\u00e5p &#8211; \u00d6ppen hylla &#8211; Bambutr\u00e4 &#8211; Lamelld\u00f6rr &#8211; Ljusbrun"},"content":{"rendered":"<p>Pl\u00e5gas du av oordning i det tr\u00e5nga badrummet? Morgonrusningen blir kaotisk n\u00e4r allt ligger utspritt och det inte finns n\u00e5gon plats att l\u00e4gga saker p\u00e5. Den smala [BRAND NAME] badrumssk\u00e5pet, 30 x 30 cm stort, passar perfekt i sm\u00e5 h\u00f6rn och skapar ordning bland dina tillh\u00f6righeter. Tillverkad av naturlig bambu, ger sidobordet ditt badrum en varm, elegant utstr\u00e5lning f\u00f6r en avslappnad, organiserad start p\u00e5 dagen.<\/p>\n<p>Beskrivning:<\/p>\n<ul>\n<li> Ett \u00f6ppet hyllplan och ett tv\u00e5v\u00e5nings sidobord erbjuder gott om f\u00f6rvaringsutrymme<\/li>\n<li> Trestegs justerbart hyllplan i f\u00f6rvaringssk\u00e5pet erbjuder flexibelt utrymme<\/li>\n<li> Tillverkad av 100% naturlig bambu f\u00f6r h\u00e5llbarhet och en stilfull look<\/li>\n<li> Vipp-skyddsset och halkfria fotdynor p\u00e5 flerfunktionssk\u00e5pet garanterar stabilitet och s\u00e4kerhet<\/li>\n<li> Slimmad 30 x 30 cm design passar perfekt i tr\u00e5nga badrumsh\u00f6rn<\/li>\n<li> Lamelld\u00f6rren fr\u00e4mjar luftcirkulation f\u00f6r att h\u00e5lla objekt fr\u00e4scha och torra<\/li>\n<li> Montering kr\u00e4vs<\/li>\n<\/ul>\n<p> Tekniska specifikationer:<\/p>\n<ul>\n<li> F\u00e4rg: Naturtr\u00e4<\/li>\n<li> Material: Bambu<\/li>\n<li> Totala dimensioner: 30L x 30B x 80H cm<\/li>\n<li> Storlek p\u00e5 det \u00f6ppna hyllplanet: 27,4B x 30T x 19H cm<\/li>\n<li> Inre dimensioner p\u00e5 sk\u00e5pet: 27B x 26,2T x 52H cm<\/li>\n<li> H\u00f6jd fr\u00e5n golvet till underkant: 7,5 cm<\/li>\n<li> Maximal belastning: 12 kg (totalt), 3 kg (per hylla)<\/li>\n<\/ul>\n<p>Leveransinneh\u00e5ll:<\/p>\n<ul>\n<li> 1 x Badrumsgolvsk\u00e5p<\/li>\n<li> 1 x Bruksanvisning<\/li>\n<\/ul>\n","protected":false},"excerpt":{"rendered":"<p>Pl\u00e5gas du av oordning i det tr\u00e5nga badrummet? Morgonrusningen blir kaotisk n\u00e4r allt ligger utspritt och det inte finns n\u00e5gon&#8230;<\/p>\n","protected":false},"featured_media":102179,"template":"","meta":[],"product_brand":[],"product_cat":[915,535,871],"product_tag":[],"class_list":{"0":"post-102189","1":"product","2":"type-product","3":"status-publish","4":"has-post-thumbnail","6":"product_cat-badrum","7":"product_cat-badrumsskap","8":"product_cat-hus-hem","10":"first","11":"instock","12":"sale","13":"taxable","14":"shipping-taxable","15":"purchasable","16":"product-type-simple"},"yoast_head":"<!-- This site is optimized with the Yoast SEO plugin v25.4 - https:\/\/yoast.com\/wordpress\/plugins\/seo\/ -->\n<title>TRUUSK Badrumssk\u00e5p - \u00d6ppen hylla - Bambutr\u00e4 - Lamelld\u00f6rr - Ljusbrun - TRUUSK - Hem, Tr\u00e4dg\u00e5rd &amp; Fritid<\/title>\n<meta name=\"robots\" content=\"index, follow, max-snippet:-1, max-image-preview:large, max-video-preview:-1\" \/>\n<link rel=\"canonical\" href=\"https:\/\/truusk.store\/sv\/produkt\/truusk-badrumsskap-oppen-hylla-bambutra-lamelldorr-ljusbrun\/\" \/>\n<meta property=\"og:locale\" content=\"sv_SE\" \/>\n<meta property=\"og:type\" content=\"article\" \/>\n<meta property=\"og:title\" content=\"TRUUSK Badrumssk\u00e5p - \u00d6ppen hylla - Bambutr\u00e4 - Lamelld\u00f6rr - Ljusbrun - TRUUSK - Hem, Tr\u00e4dg\u00e5rd &amp; Fritid\" \/>\n<meta property=\"og:description\" content=\"Pl\u00e5gas du av oordning i det tr\u00e5nga badrummet? Morgonrusningen blir kaotisk n\u00e4r allt ligger utspritt och det inte finns n\u00e5gon...\" \/>\n<meta property=\"og:url\" content=\"https:\/\/truusk.store\/sv\/produkt\/truusk-badrumsskap-oppen-hylla-bambutra-lamelldorr-ljusbrun\/\" \/>\n<meta property=\"og:site_name\" content=\"TRUUSK - Hem, Tr\u00e4dg\u00e5rd &amp; Fritid\" \/>\n<meta property=\"article:modified_time\" content=\"2026-03-12T07:50:38+00:00\" \/>\n<meta property=\"og:image\" content=\"https:\/\/i0.wp.com\/truusk.se\/wp-content\/uploads\/2026\/01\/badrumsskap-oppen-hylla-skap-bambutra-lamelldorr-ljusbrun-1.webp?fit=2000%2C2000&ssl=1\" \/>\n\t<meta property=\"og:image:width\" content=\"2000\" \/>\n\t<meta property=\"og:image:height\" content=\"2000\" \/>\n\t<meta property=\"og:image:type\" content=\"image\/webp\" \/>\n<meta name=\"twitter:card\" content=\"summary_large_image\" \/>\n<meta name=\"twitter:label1\" content=\"Ber\u00e4knad l\u00e4stid\" \/>\n\t<meta name=\"twitter:data1\" content=\"1 minut\" \/>\n<!-- \/ Yoast SEO plugin. -->","yoast_head_json":{"title":"TRUUSK Badrumssk\u00e5p - \u00d6ppen hylla - Bambutr\u00e4 - Lamelld\u00f6rr - Ljusbrun - TRUUSK - Hem, Tr\u00e4dg\u00e5rd &amp; Fritid","robots":{"index":"index","follow":"follow","max-snippet":"max-snippet:-1","max-image-preview":"max-image-preview:large","max-video-preview":"max-video-preview:-1"},"canonical":"https:\/\/truusk.store\/sv\/produkt\/truusk-badrumsskap-oppen-hylla-bambutra-lamelldorr-ljusbrun\/","og_locale":"sv_SE","og_type":"article","og_title":"TRUUSK Badrumssk\u00e5p - \u00d6ppen hylla - Bambutr\u00e4 - Lamelld\u00f6rr - Ljusbrun - TRUUSK - Hem, Tr\u00e4dg\u00e5rd &amp; Fritid","og_description":"Pl\u00e5gas du av oordning i det tr\u00e5nga badrummet? Morgonrusningen blir kaotisk n\u00e4r allt ligger utspritt och det inte finns n\u00e5gon...","og_url":"https:\/\/truusk.store\/sv\/produkt\/truusk-badrumsskap-oppen-hylla-bambutra-lamelldorr-ljusbrun\/","og_site_name":"TRUUSK - Hem, Tr\u00e4dg\u00e5rd &amp; Fritid","article_modified_time":"2026-03-12T07:50:38+00:00","og_image":[{"width":2000,"height":2000,"url":"https:\/\/i0.wp.com\/truusk.se\/wp-content\/uploads\/2026\/01\/badrumsskap-oppen-hylla-skap-bambutra-lamelldorr-ljusbrun-1.webp?fit=2000%2C2000&ssl=1","type":"image\/webp"}],"twitter_card":"summary_large_image","twitter_misc":{"Ber\u00e4knad l\u00e4stid":"1 minut"},"schema":{"@context":"https:\/\/schema.org","@graph":[{"@type":"WebPage","@id":"https:\/\/truusk.store\/sv\/produkt\/truusk-badrumsskap-oppen-hylla-bambutra-lamelldorr-ljusbrun\/","url":"https:\/\/truusk.store\/sv\/produkt\/truusk-badrumsskap-oppen-hylla-bambutra-lamelldorr-ljusbrun\/","name":"TRUUSK Badrumssk\u00e5p - \u00d6ppen hylla - Bambutr\u00e4 - Lamelld\u00f6rr - Ljusbrun - TRUUSK - Hem, Tr\u00e4dg\u00e5rd &amp; Fritid","isPartOf":{"@id":"https:\/\/truusk.store\/sv\/#website"},"primaryImageOfPage":{"@id":"https:\/\/truusk.store\/sv\/produkt\/truusk-badrumsskap-oppen-hylla-bambutra-lamelldorr-ljusbrun\/#primaryimage"},"image":{"@id":"https:\/\/truusk.store\/sv\/produkt\/truusk-badrumsskap-oppen-hylla-bambutra-lamelldorr-ljusbrun\/#primaryimage"},"thumbnailUrl":"https:\/\/i0.wp.com\/truusk.store\/wp-content\/uploads\/2026\/01\/badrumsskap-oppen-hylla-skap-bambutra-lamelldorr-ljusbrun-1.webp?fit=2000%2C2000&ssl=1","datePublished":"2026-01-28T05:46:54+00:00","dateModified":"2026-03-12T07:50:38+00:00","breadcrumb":{"@id":"https:\/\/truusk.store\/sv\/produkt\/truusk-badrumsskap-oppen-hylla-bambutra-lamelldorr-ljusbrun\/#breadcrumb"},"inLanguage":"sv-SE","potentialAction":[{"@type":"ReadAction","target":["https:\/\/truusk.store\/sv\/produkt\/truusk-badrumsskap-oppen-hylla-bambutra-lamelldorr-ljusbrun\/"]}]},{"@type":"ImageObject","inLanguage":"sv-SE","@id":"https:\/\/truusk.store\/sv\/produkt\/truusk-badrumsskap-oppen-hylla-bambutra-lamelldorr-ljusbrun\/#primaryimage","url":"https:\/\/i0.wp.com\/truusk.store\/wp-content\/uploads\/2026\/01\/badrumsskap-oppen-hylla-skap-bambutra-lamelldorr-ljusbrun-1.webp?fit=2000%2C2000&ssl=1","contentUrl":"https:\/\/i0.wp.com\/truusk.store\/wp-content\/uploads\/2026\/01\/badrumsskap-oppen-hylla-skap-bambutra-lamelldorr-ljusbrun-1.webp?fit=2000%2C2000&ssl=1","width":2000,"height":2000},{"@type":"BreadcrumbList","@id":"https:\/\/truusk.store\/sv\/produkt\/truusk-badrumsskap-oppen-hylla-bambutra-lamelldorr-ljusbrun\/#breadcrumb","itemListElement":[{"@type":"ListItem","position":1,"name":"Home","item":"https:\/\/truusk.store\/sv\/"},{"@type":"ListItem","position":2,"name":"Shop","item":"https:\/\/truusk.store\/shop\/"},{"@type":"ListItem","position":3,"name":"TRUUSK Badrumssk\u00e5p &#8211; \u00d6ppen hylla &#8211; Bambutr\u00e4 &#8211; Lamelld\u00f6rr &#8211; Ljusbrun"}]},{"@type":"WebSite","@id":"https:\/\/truusk.store\/sv\/#website","url":"https:\/\/truusk.store\/sv\/","name":"TRUUSK - Hem, Tr\u00e4dg\u00e5rd & Fritid","description":"","publisher":{"@id":"https:\/\/truusk.store\/sv\/#organization"},"potentialAction":[{"@type":"SearchAction","target":{"@type":"EntryPoint","urlTemplate":"https:\/\/truusk.store\/sv\/?s={search_term_string}"},"query-input":{"@type":"PropertyValueSpecification","valueRequired":true,"valueName":"search_term_string"}}],"inLanguage":"sv-SE"},{"@type":"Organization","@id":"https:\/\/truusk.store\/sv\/#organization","name":"TRUUSK - Hem, Tr\u00e4dg\u00e5rd & Fritid","url":"https:\/\/truusk.store\/sv\/","logo":{"@type":"ImageObject","inLanguage":"sv-SE","@id":"https:\/\/truusk.store\/sv\/#\/schema\/logo\/image\/","url":"https:\/\/i0.wp.com\/truusk.store\/wp-content\/uploads\/2026\/03\/cropped-TRUUSK.png?fit=2032%2C917&ssl=1","contentUrl":"https:\/\/i0.wp.com\/truusk.store\/wp-content\/uploads\/2026\/03\/cropped-TRUUSK.png?fit=2032%2C917&ssl=1","width":2032,"height":917,"caption":"TRUUSK - Hem, Tr\u00e4dg\u00e5rd & Fritid"},"image":{"@id":"https:\/\/truusk.store\/sv\/#\/schema\/logo\/image\/"}}]}},"jetpack_sharing_enabled":true,"_links":{"self":[{"href":"https:\/\/truusk.store\/sv\/wp-json\/wp\/v2\/product\/102189","targetHints":{"allow":["GET"]}}],"collection":[{"href":"https:\/\/truusk.store\/sv\/wp-json\/wp\/v2\/product"}],"about":[{"href":"https:\/\/truusk.store\/sv\/wp-json\/wp\/v2\/types\/product"}],"wp:featuredmedia":[{"embeddable":true,"href":"https:\/\/truusk.store\/sv\/wp-json\/wp\/v2\/media\/102179"}],"wp:attachment":[{"href":"https:\/\/truusk.store\/sv\/wp-json\/wp\/v2\/media?parent=102189"}],"wp:term":[{"taxonomy":"product_brand","embeddable":true,"href":"https:\/\/truusk.store\/sv\/wp-json\/wp\/v2\/product_brand?post=102189"},{"taxonomy":"product_cat","embeddable":true,"href":"https:\/\/truusk.store\/sv\/wp-json\/wp\/v2\/product_cat?post=102189"},{"taxonomy":"product_tag","embeddable":true,"href":"https:\/\/truusk.store\/sv\/wp-json\/wp\/v2\/product_tag?post=102189"}],"curies":[{"name":"wp","href":"https:\/\/api.w.org\/{rel}","templated":true}]}}