{"id":102248,"date":"2026-01-28T06:52:30","date_gmt":"2026-01-28T05:52:30","guid":{"rendered":"https:\/\/truusk.store\/product\/vaggdekor-i-metall-3-stycken-varldskarta-vaggkonst-for-vardagsrum-sovrum-hall-50-x-80-cm-svart\/"},"modified":"2026-03-12T08:50:55","modified_gmt":"2026-03-12T07:50:55","slug":"truusk-metall-vaggdekor-3-pack-varldskarta-design-passar-i-vardagsrum-sovrum-hall-matt-50-x-80-cm-farg-svart","status":"publish","type":"product","link":"https:\/\/truusk.store\/sv\/produkt\/truusk-metall-vaggdekor-3-pack-varldskarta-design-passar-i-vardagsrum-sovrum-hall-matt-50-x-80-cm-farg-svart\/","title":{"rendered":"TRUUSK Metall V\u00e4ggdekor 3-pack &#8211; V\u00e4rldskarta Design &#8211; Passar i Vardagsrum, Sovrum, Hall &#8211; M\u00e5tt 50 x 80 cm &#8211; F\u00e4rg: Svart"},"content":{"rendered":"<p>Lider du av en stor, tom v\u00e4gg som minskar charmen i ditt utrymme? \u00c4ven ett elegant hem verkar ofullst\u00e4ndigt och kallt utan dekoration. Denna stora [BRAND NAME] metallv\u00e4ggkonst f\u00f6rvandlar din v\u00e4gg till ett imponerande centrum. Tillverkad av metall med en bakad bel\u00e4ggning, presenterar den ett tilltalande geometriskt v\u00e4rldskartdesign som fungerar som en varaktig konstform och berikar ditt utrymme med sofistikering och attraktivitet p\u00e5 l\u00e5ng sikt.<\/p>\n<p>Beskrivning:<\/p>\n<ul>\n<li> Har en 3-delad geometrisk v\u00e4rldskarta f\u00f6r en sl\u00e5ende modern industriell look<\/li>\n<li> Tillverkad av metall med en bakad bel\u00e4ggning f\u00f6r l\u00e5ngvarig h\u00e5llbarhet<\/li>\n<li> Kommer monteringsklar med f\u00f6rinstallerade krokar f\u00f6r snabb och enkel installation<\/li>\n<li> M\u00e5ngsidig design berikar stilen i vardagsrum, kontor och m\u00f6tesrum<\/li>\n<li> Ett genomt\u00e4nkt och stilfullt present f\u00f6r inflyttningar eller renoveringar<\/li>\n<\/ul>\n<p> Tekniska specifikationer:<\/p>\n<ul>\n<li> F\u00e4rg: Svart<\/li>\n<li> Material: Metall<\/li>\n<li> Totala dimensioner: 50B x 1,9T x 80H cm (enskild)<\/li>\n<li> Totala dimensioner: 150B x 1,9T x 80H cm (totalt)<\/li>\n<\/ul>\n<p>Leveransinneh\u00e5ll:<\/p>\n<ul>\n<li> 1 x Metallv\u00e4ggkonst<\/li>\n<li> 1 x Bruksanvisning<\/li>\n<\/ul>\n","protected":false},"excerpt":{"rendered":"<p>Lider du av en stor, tom v\u00e4gg som minskar charmen i ditt utrymme? \u00c4ven ett elegant hem verkar ofullst\u00e4ndigt och&#8230;<\/p>\n","protected":false},"featured_media":102237,"template":"","meta":[],"product_brand":[],"product_cat":[962,871,683],"product_tag":[],"class_list":{"0":"post-102248","1":"product","2":"type-product","3":"status-publish","4":"has-post-thumbnail","6":"product_cat-dekoration","7":"product_cat-hus-hem","8":"product_cat-vaggdekoration","10":"first","11":"instock","12":"sale","13":"taxable","14":"shipping-taxable","15":"purchasable","16":"product-type-simple"},"yoast_head":"<!-- This site is optimized with the Yoast SEO plugin v25.4 - https:\/\/yoast.com\/wordpress\/plugins\/seo\/ -->\n<title>TRUUSK Metall V\u00e4ggdekor 3-pack - V\u00e4rldskarta Design - Passar i Vardagsrum, Sovrum, Hall - M\u00e5tt 50 x 80 cm - F\u00e4rg: Svart - TRUUSK - Hem, Tr\u00e4dg\u00e5rd &amp; Fritid<\/title>\n<meta name=\"robots\" content=\"index, follow, max-snippet:-1, max-image-preview:large, max-video-preview:-1\" \/>\n<link rel=\"canonical\" href=\"https:\/\/truusk.store\/sv\/produkt\/truusk-metall-vaggdekor-3-pack-varldskarta-design-passar-i-vardagsrum-sovrum-hall-matt-50-x-80-cm-farg-svart\/\" \/>\n<meta property=\"og:locale\" content=\"sv_SE\" \/>\n<meta property=\"og:type\" content=\"article\" \/>\n<meta property=\"og:title\" content=\"TRUUSK Metall V\u00e4ggdekor 3-pack - V\u00e4rldskarta Design - Passar i Vardagsrum, Sovrum, Hall - M\u00e5tt 50 x 80 cm - F\u00e4rg: Svart - TRUUSK - Hem, Tr\u00e4dg\u00e5rd &amp; Fritid\" \/>\n<meta property=\"og:description\" content=\"Lider du av en stor, tom v\u00e4gg som minskar charmen i ditt utrymme? \u00c4ven ett elegant hem verkar ofullst\u00e4ndigt och...\" \/>\n<meta property=\"og:url\" content=\"https:\/\/truusk.store\/sv\/produkt\/truusk-metall-vaggdekor-3-pack-varldskarta-design-passar-i-vardagsrum-sovrum-hall-matt-50-x-80-cm-farg-svart\/\" \/>\n<meta property=\"og:site_name\" content=\"TRUUSK - Hem, Tr\u00e4dg\u00e5rd &amp; Fritid\" \/>\n<meta property=\"article:modified_time\" content=\"2026-03-12T07:50:55+00:00\" \/>\n<meta property=\"og:image\" content=\"https:\/\/i0.wp.com\/truusk.se\/wp-content\/uploads\/2026\/01\/vaggdekor-i-metall-3-stycken-varldskarta-vaggkonst-for-vardagsrum-sovrum-hall-50-x-80-cm-svart-1.webp?fit=2000%2C2000&ssl=1\" \/>\n\t<meta property=\"og:image:width\" content=\"2000\" \/>\n\t<meta property=\"og:image:height\" content=\"2000\" \/>\n\t<meta property=\"og:image:type\" content=\"image\/webp\" \/>\n<meta name=\"twitter:card\" content=\"summary_large_image\" \/>\n<meta name=\"twitter:label1\" content=\"Ber\u00e4knad l\u00e4stid\" \/>\n\t<meta name=\"twitter:data1\" content=\"1 minut\" \/>\n<!-- \/ Yoast SEO plugin. -->","yoast_head_json":{"title":"TRUUSK Metall V\u00e4ggdekor 3-pack - V\u00e4rldskarta Design - Passar i Vardagsrum, Sovrum, Hall - M\u00e5tt 50 x 80 cm - F\u00e4rg: Svart - TRUUSK - Hem, Tr\u00e4dg\u00e5rd &amp; Fritid","robots":{"index":"index","follow":"follow","max-snippet":"max-snippet:-1","max-image-preview":"max-image-preview:large","max-video-preview":"max-video-preview:-1"},"canonical":"https:\/\/truusk.store\/sv\/produkt\/truusk-metall-vaggdekor-3-pack-varldskarta-design-passar-i-vardagsrum-sovrum-hall-matt-50-x-80-cm-farg-svart\/","og_locale":"sv_SE","og_type":"article","og_title":"TRUUSK Metall V\u00e4ggdekor 3-pack - V\u00e4rldskarta Design - Passar i Vardagsrum, Sovrum, Hall - M\u00e5tt 50 x 80 cm - F\u00e4rg: Svart - TRUUSK - Hem, Tr\u00e4dg\u00e5rd &amp; Fritid","og_description":"Lider du av en stor, tom v\u00e4gg som minskar charmen i ditt utrymme? \u00c4ven ett elegant hem verkar ofullst\u00e4ndigt och...","og_url":"https:\/\/truusk.store\/sv\/produkt\/truusk-metall-vaggdekor-3-pack-varldskarta-design-passar-i-vardagsrum-sovrum-hall-matt-50-x-80-cm-farg-svart\/","og_site_name":"TRUUSK - Hem, Tr\u00e4dg\u00e5rd &amp; Fritid","article_modified_time":"2026-03-12T07:50:55+00:00","og_image":[{"width":2000,"height":2000,"url":"https:\/\/i0.wp.com\/truusk.se\/wp-content\/uploads\/2026\/01\/vaggdekor-i-metall-3-stycken-varldskarta-vaggkonst-for-vardagsrum-sovrum-hall-50-x-80-cm-svart-1.webp?fit=2000%2C2000&ssl=1","type":"image\/webp"}],"twitter_card":"summary_large_image","twitter_misc":{"Ber\u00e4knad l\u00e4stid":"1 minut"},"schema":{"@context":"https:\/\/schema.org","@graph":[{"@type":"WebPage","@id":"https:\/\/truusk.store\/sv\/produkt\/truusk-metall-vaggdekor-3-pack-varldskarta-design-passar-i-vardagsrum-sovrum-hall-matt-50-x-80-cm-farg-svart\/","url":"https:\/\/truusk.store\/sv\/produkt\/truusk-metall-vaggdekor-3-pack-varldskarta-design-passar-i-vardagsrum-sovrum-hall-matt-50-x-80-cm-farg-svart\/","name":"TRUUSK Metall V\u00e4ggdekor 3-pack - V\u00e4rldskarta Design - Passar i Vardagsrum, Sovrum, Hall - M\u00e5tt 50 x 80 cm - F\u00e4rg: Svart - TRUUSK - Hem, Tr\u00e4dg\u00e5rd &amp; Fritid","isPartOf":{"@id":"https:\/\/truusk.store\/sv\/#website"},"primaryImageOfPage":{"@id":"https:\/\/truusk.store\/sv\/produkt\/truusk-metall-vaggdekor-3-pack-varldskarta-design-passar-i-vardagsrum-sovrum-hall-matt-50-x-80-cm-farg-svart\/#primaryimage"},"image":{"@id":"https:\/\/truusk.store\/sv\/produkt\/truusk-metall-vaggdekor-3-pack-varldskarta-design-passar-i-vardagsrum-sovrum-hall-matt-50-x-80-cm-farg-svart\/#primaryimage"},"thumbnailUrl":"https:\/\/i0.wp.com\/truusk.store\/wp-content\/uploads\/2026\/01\/vaggdekor-i-metall-3-stycken-varldskarta-vaggkonst-for-vardagsrum-sovrum-hall-50-x-80-cm-svart-1.webp?fit=2000%2C2000&ssl=1","datePublished":"2026-01-28T05:52:30+00:00","dateModified":"2026-03-12T07:50:55+00:00","breadcrumb":{"@id":"https:\/\/truusk.store\/sv\/produkt\/truusk-metall-vaggdekor-3-pack-varldskarta-design-passar-i-vardagsrum-sovrum-hall-matt-50-x-80-cm-farg-svart\/#breadcrumb"},"inLanguage":"sv-SE","potentialAction":[{"@type":"ReadAction","target":["https:\/\/truusk.store\/sv\/produkt\/truusk-metall-vaggdekor-3-pack-varldskarta-design-passar-i-vardagsrum-sovrum-hall-matt-50-x-80-cm-farg-svart\/"]}]},{"@type":"ImageObject","inLanguage":"sv-SE","@id":"https:\/\/truusk.store\/sv\/produkt\/truusk-metall-vaggdekor-3-pack-varldskarta-design-passar-i-vardagsrum-sovrum-hall-matt-50-x-80-cm-farg-svart\/#primaryimage","url":"https:\/\/i0.wp.com\/truusk.store\/wp-content\/uploads\/2026\/01\/vaggdekor-i-metall-3-stycken-varldskarta-vaggkonst-for-vardagsrum-sovrum-hall-50-x-80-cm-svart-1.webp?fit=2000%2C2000&ssl=1","contentUrl":"https:\/\/i0.wp.com\/truusk.store\/wp-content\/uploads\/2026\/01\/vaggdekor-i-metall-3-stycken-varldskarta-vaggkonst-for-vardagsrum-sovrum-hall-50-x-80-cm-svart-1.webp?fit=2000%2C2000&ssl=1","width":2000,"height":2000},{"@type":"BreadcrumbList","@id":"https:\/\/truusk.store\/sv\/produkt\/truusk-metall-vaggdekor-3-pack-varldskarta-design-passar-i-vardagsrum-sovrum-hall-matt-50-x-80-cm-farg-svart\/#breadcrumb","itemListElement":[{"@type":"ListItem","position":1,"name":"Home","item":"https:\/\/truusk.store\/sv\/"},{"@type":"ListItem","position":2,"name":"Shop","item":"https:\/\/truusk.store\/shop\/"},{"@type":"ListItem","position":3,"name":"TRUUSK Metall V\u00e4ggdekor 3-pack &#8211; V\u00e4rldskarta Design &#8211; Passar i Vardagsrum, Sovrum, Hall &#8211; M\u00e5tt 50 x 80 cm &#8211; F\u00e4rg: Svart"}]},{"@type":"WebSite","@id":"https:\/\/truusk.store\/sv\/#website","url":"https:\/\/truusk.store\/sv\/","name":"TRUUSK - Hem, Tr\u00e4dg\u00e5rd & Fritid","description":"","publisher":{"@id":"https:\/\/truusk.store\/sv\/#organization"},"potentialAction":[{"@type":"SearchAction","target":{"@type":"EntryPoint","urlTemplate":"https:\/\/truusk.store\/sv\/?s={search_term_string}"},"query-input":{"@type":"PropertyValueSpecification","valueRequired":true,"valueName":"search_term_string"}}],"inLanguage":"sv-SE"},{"@type":"Organization","@id":"https:\/\/truusk.store\/sv\/#organization","name":"TRUUSK - Hem, Tr\u00e4dg\u00e5rd & Fritid","url":"https:\/\/truusk.store\/sv\/","logo":{"@type":"ImageObject","inLanguage":"sv-SE","@id":"https:\/\/truusk.store\/sv\/#\/schema\/logo\/image\/","url":"https:\/\/i0.wp.com\/truusk.store\/wp-content\/uploads\/2026\/03\/cropped-TRUUSK.png?fit=2032%2C917&ssl=1","contentUrl":"https:\/\/i0.wp.com\/truusk.store\/wp-content\/uploads\/2026\/03\/cropped-TRUUSK.png?fit=2032%2C917&ssl=1","width":2032,"height":917,"caption":"TRUUSK - Hem, Tr\u00e4dg\u00e5rd & Fritid"},"image":{"@id":"https:\/\/truusk.store\/sv\/#\/schema\/logo\/image\/"}}]}},"jetpack_sharing_enabled":true,"_links":{"self":[{"href":"https:\/\/truusk.store\/sv\/wp-json\/wp\/v2\/product\/102248","targetHints":{"allow":["GET"]}}],"collection":[{"href":"https:\/\/truusk.store\/sv\/wp-json\/wp\/v2\/product"}],"about":[{"href":"https:\/\/truusk.store\/sv\/wp-json\/wp\/v2\/types\/product"}],"wp:featuredmedia":[{"embeddable":true,"href":"https:\/\/truusk.store\/sv\/wp-json\/wp\/v2\/media\/102237"}],"wp:attachment":[{"href":"https:\/\/truusk.store\/sv\/wp-json\/wp\/v2\/media?parent=102248"}],"wp:term":[{"taxonomy":"product_brand","embeddable":true,"href":"https:\/\/truusk.store\/sv\/wp-json\/wp\/v2\/product_brand?post=102248"},{"taxonomy":"product_cat","embeddable":true,"href":"https:\/\/truusk.store\/sv\/wp-json\/wp\/v2\/product_cat?post=102248"},{"taxonomy":"product_tag","embeddable":true,"href":"https:\/\/truusk.store\/sv\/wp-json\/wp\/v2\/product_tag?post=102248"}],"curies":[{"name":"wp","href":"https:\/\/api.w.org\/{rel}","templated":true}]}}