{"id":102258,"date":"2026-01-28T06:53:37","date_gmt":"2026-01-28T05:53:37","guid":{"rendered":"https:\/\/truusk.store\/product\/hogbadd-med-tidig-baddtillagg-av-tra-planteringslada-med-vikbart-vaxthus-sidobord-forvaringsfack-naturligt-tra\/"},"modified":"2026-03-12T08:50:56","modified_gmt":"2026-03-12T07:50:56","slug":"truusk-hogbadd-med-tidig-baddtillagg-av-tra-planteringslada-med-vikbart-vaxthus-sidobord-forvaringsfack-naturligt-tra","status":"publish","type":"product","link":"https:\/\/truusk.store\/sv\/produkt\/truusk-hogbadd-med-tidig-baddtillagg-av-tra-planteringslada-med-vikbart-vaxthus-sidobord-forvaringsfack-naturligt-tra\/","title":{"rendered":"TRUUSK H\u00f6gb\u00e4dd Med Tidig B\u00e4ddtill\u00e4gg Av Tr\u00e4 &#8211; Planteringsl\u00e5da Med Vikbart V\u00e4xthus &#8211; Sidobord &#8211; F\u00f6rvaringsfack &#8211; Naturligt Tr\u00e4"},"content":{"rendered":"<p>Dr\u00f6mmer du om en tr\u00e4dg\u00e5rd utan ryggsm\u00e4rtor och froststress? Tr\u00e4dg\u00e5rdsarbete ska vara roligt, inte en belastning. [BRAND NAME] h\u00f6gkvarter med tidig s\u00e4ngp\u00e5l\u00e4ggning erbjuder den perfekta l\u00f6sningen. Den behagliga h\u00f6jden skonar ryggen, den tidiga s\u00e4ngen skyddar v\u00e4xterna. F\u00e4llbart sidobord och bottenhylla ger ordning. En praktisk och bekv\u00e4m h\u00f6g s\u00e4ng f\u00f6r en f\u00f6rl\u00e4ngd tr\u00e4dg\u00e5rdss\u00e4song.<\/p>\n<p>Beskrivning:<\/p>\n<ul>\n<li> 2-i-1 h\u00f6g s\u00e4ng med lock f\u00f6rl\u00e4nger din odlings\u00e4song<\/li>\n<li> 4 mm klara PC-paneler sl\u00e4pper in ljus och h\u00e5ller v\u00e4rmen f\u00f6r tillv\u00e4xt<\/li>\n<li> F\u00e4llbar sidohylla f\u00f6r enkel omplantering och jordbyte<\/li>\n<li> Den nedre hyllan p\u00e5 h\u00f6gkvarteret erbjuder extra f\u00f6rvaringsutrymme f\u00f6r verktyg, krukor eller jord<\/li>\n<li> Ergonomisk h\u00f6jd underl\u00e4ttar plantering, vattning och besk\u00e4rning<\/li>\n<li> F\u00e4llbart lock f\u00f6r tidig s\u00e4ng \u00f6ppnas i flera vinklar f\u00f6r optimal luftfl\u00f6de och fuktighet<\/li>\n<li> Tv\u00e5 dr\u00e4neringsh\u00e5l l\u00e5ter \u00f6verfl\u00f6digt vatten rinna av<\/li>\n<li> Montering kr\u00e4vs<\/li>\n<\/ul>\n<p> Tekniska data:<\/p>\n<ul>\n<li> F\u00e4rg: Naturtr\u00e4<\/li>\n<li> Material: Grantr\u00e4, polykarbonat<\/li>\n<li> Totala dimensioner: 104L x 50B x 120H cm<\/li>\n<li> Dimensioner f\u00f6r tidig s\u00e4ng: 70B x 47,5T x 38,5H cm<\/li>\n<li> Dimensioner f\u00f6r planteringsomr\u00e5det: 66B x 42T x 23H cm<\/li>\n<li> Storlek p\u00e5 utdragbart sidobord: 50L x 32B cm<\/li>\n<li> Storlek p\u00e5 nedre hyllfack: 66L x 46B cm<\/li>\n<li> Hyllh\u00f6jd till marken: 15 cm<\/li>\n<li> Diameter p\u00e5 dr\u00e4nerings\u00f6ppningar: 2 cm<\/li>\n<li> Maximal belastning: 50 kg (l\u00e5da), 20 kg (hylla)<\/li>\n<\/ul>\n<p>Leverans inneh\u00e5ller:<\/p>\n<ul>\n<li> 1 x h\u00f6g s\u00e4ng<\/li>\n<li> 1 x tidig s\u00e4ng<\/li>\n<li> 1 x instruktioner<\/li>\n<\/ul>\n","protected":false},"excerpt":{"rendered":"<p>Dr\u00f6mmer du om en tr\u00e4dg\u00e5rd utan ryggsm\u00e4rtor och froststress? Tr\u00e4dg\u00e5rdsarbete ska vara roligt, inte en belastning. [BRAND NAME] h\u00f6gkvarter med&#8230;<\/p>\n","protected":false},"featured_media":102249,"template":"","meta":[],"product_brand":[],"product_cat":[1032,858,443],"product_tag":[],"class_list":{"0":"post-102258","1":"product","2":"type-product","3":"status-publish","4":"has-post-thumbnail","6":"product_cat-kallbankar","7":"product_cat-tradgard-terrass","8":"product_cat-vaxthus-tradgardsskotsel","10":"first","11":"instock","12":"sale","13":"taxable","14":"shipping-taxable","15":"purchasable","16":"product-type-simple"},"yoast_head":"<!-- This site is optimized with the Yoast SEO plugin v25.4 - https:\/\/yoast.com\/wordpress\/plugins\/seo\/ -->\n<title>TRUUSK H\u00f6gb\u00e4dd Med Tidig B\u00e4ddtill\u00e4gg Av Tr\u00e4 - Planteringsl\u00e5da Med Vikbart V\u00e4xthus - Sidobord - F\u00f6rvaringsfack - Naturligt Tr\u00e4 - TRUUSK - Hem, Tr\u00e4dg\u00e5rd &amp; Fritid<\/title>\n<meta name=\"robots\" content=\"index, follow, max-snippet:-1, max-image-preview:large, max-video-preview:-1\" \/>\n<link rel=\"canonical\" href=\"https:\/\/truusk.store\/sv\/produkt\/truusk-hogbadd-med-tidig-baddtillagg-av-tra-planteringslada-med-vikbart-vaxthus-sidobord-forvaringsfack-naturligt-tra\/\" \/>\n<meta property=\"og:locale\" content=\"sv_SE\" \/>\n<meta property=\"og:type\" content=\"article\" \/>\n<meta property=\"og:title\" content=\"TRUUSK H\u00f6gb\u00e4dd Med Tidig B\u00e4ddtill\u00e4gg Av Tr\u00e4 - Planteringsl\u00e5da Med Vikbart V\u00e4xthus - Sidobord - F\u00f6rvaringsfack - Naturligt Tr\u00e4 - TRUUSK - Hem, Tr\u00e4dg\u00e5rd &amp; Fritid\" \/>\n<meta property=\"og:description\" content=\"Dr\u00f6mmer du om en tr\u00e4dg\u00e5rd utan ryggsm\u00e4rtor och froststress? Tr\u00e4dg\u00e5rdsarbete ska vara roligt, inte en belastning. [BRAND NAME] h\u00f6gkvarter med...\" \/>\n<meta property=\"og:url\" content=\"https:\/\/truusk.store\/sv\/produkt\/truusk-hogbadd-med-tidig-baddtillagg-av-tra-planteringslada-med-vikbart-vaxthus-sidobord-forvaringsfack-naturligt-tra\/\" \/>\n<meta property=\"og:site_name\" content=\"TRUUSK - Hem, Tr\u00e4dg\u00e5rd &amp; Fritid\" \/>\n<meta property=\"article:modified_time\" content=\"2026-03-12T07:50:56+00:00\" \/>\n<meta property=\"og:image\" content=\"https:\/\/i0.wp.com\/truusk.se\/wp-content\/uploads\/2026\/01\/hogbadd-med-tidig-baddtillagg-av-tra-planteringslada-med-vikbart-vaxthus-sidobord-forvaringsfack-naturligt-tra-1.webp?fit=2000%2C2000&ssl=1\" \/>\n\t<meta property=\"og:image:width\" content=\"2000\" \/>\n\t<meta property=\"og:image:height\" content=\"2000\" \/>\n\t<meta property=\"og:image:type\" content=\"image\/webp\" \/>\n<meta name=\"twitter:card\" content=\"summary_large_image\" \/>\n<meta name=\"twitter:label1\" content=\"Ber\u00e4knad l\u00e4stid\" \/>\n\t<meta name=\"twitter:data1\" content=\"1 minut\" \/>\n<!-- \/ Yoast SEO plugin. -->","yoast_head_json":{"title":"TRUUSK H\u00f6gb\u00e4dd Med Tidig B\u00e4ddtill\u00e4gg Av Tr\u00e4 - Planteringsl\u00e5da Med Vikbart V\u00e4xthus - Sidobord - F\u00f6rvaringsfack - Naturligt Tr\u00e4 - TRUUSK - Hem, Tr\u00e4dg\u00e5rd &amp; Fritid","robots":{"index":"index","follow":"follow","max-snippet":"max-snippet:-1","max-image-preview":"max-image-preview:large","max-video-preview":"max-video-preview:-1"},"canonical":"https:\/\/truusk.store\/sv\/produkt\/truusk-hogbadd-med-tidig-baddtillagg-av-tra-planteringslada-med-vikbart-vaxthus-sidobord-forvaringsfack-naturligt-tra\/","og_locale":"sv_SE","og_type":"article","og_title":"TRUUSK H\u00f6gb\u00e4dd Med Tidig B\u00e4ddtill\u00e4gg Av Tr\u00e4 - Planteringsl\u00e5da Med Vikbart V\u00e4xthus - Sidobord - F\u00f6rvaringsfack - Naturligt Tr\u00e4 - TRUUSK - Hem, Tr\u00e4dg\u00e5rd &amp; Fritid","og_description":"Dr\u00f6mmer du om en tr\u00e4dg\u00e5rd utan ryggsm\u00e4rtor och froststress? Tr\u00e4dg\u00e5rdsarbete ska vara roligt, inte en belastning. [BRAND NAME] h\u00f6gkvarter med...","og_url":"https:\/\/truusk.store\/sv\/produkt\/truusk-hogbadd-med-tidig-baddtillagg-av-tra-planteringslada-med-vikbart-vaxthus-sidobord-forvaringsfack-naturligt-tra\/","og_site_name":"TRUUSK - Hem, Tr\u00e4dg\u00e5rd &amp; Fritid","article_modified_time":"2026-03-12T07:50:56+00:00","og_image":[{"width":2000,"height":2000,"url":"https:\/\/i0.wp.com\/truusk.se\/wp-content\/uploads\/2026\/01\/hogbadd-med-tidig-baddtillagg-av-tra-planteringslada-med-vikbart-vaxthus-sidobord-forvaringsfack-naturligt-tra-1.webp?fit=2000%2C2000&ssl=1","type":"image\/webp"}],"twitter_card":"summary_large_image","twitter_misc":{"Ber\u00e4knad l\u00e4stid":"1 minut"},"schema":{"@context":"https:\/\/schema.org","@graph":[{"@type":"WebPage","@id":"https:\/\/truusk.store\/sv\/produkt\/truusk-hogbadd-med-tidig-baddtillagg-av-tra-planteringslada-med-vikbart-vaxthus-sidobord-forvaringsfack-naturligt-tra\/","url":"https:\/\/truusk.store\/sv\/produkt\/truusk-hogbadd-med-tidig-baddtillagg-av-tra-planteringslada-med-vikbart-vaxthus-sidobord-forvaringsfack-naturligt-tra\/","name":"TRUUSK H\u00f6gb\u00e4dd Med Tidig B\u00e4ddtill\u00e4gg Av Tr\u00e4 - Planteringsl\u00e5da Med Vikbart V\u00e4xthus - Sidobord - F\u00f6rvaringsfack - Naturligt Tr\u00e4 - TRUUSK - Hem, Tr\u00e4dg\u00e5rd &amp; Fritid","isPartOf":{"@id":"https:\/\/truusk.store\/sv\/#website"},"primaryImageOfPage":{"@id":"https:\/\/truusk.store\/sv\/produkt\/truusk-hogbadd-med-tidig-baddtillagg-av-tra-planteringslada-med-vikbart-vaxthus-sidobord-forvaringsfack-naturligt-tra\/#primaryimage"},"image":{"@id":"https:\/\/truusk.store\/sv\/produkt\/truusk-hogbadd-med-tidig-baddtillagg-av-tra-planteringslada-med-vikbart-vaxthus-sidobord-forvaringsfack-naturligt-tra\/#primaryimage"},"thumbnailUrl":"https:\/\/i0.wp.com\/truusk.store\/wp-content\/uploads\/2026\/01\/hogbadd-med-tidig-baddtillagg-av-tra-planteringslada-med-vikbart-vaxthus-sidobord-forvaringsfack-naturligt-tra-1.webp?fit=2000%2C2000&ssl=1","datePublished":"2026-01-28T05:53:37+00:00","dateModified":"2026-03-12T07:50:56+00:00","breadcrumb":{"@id":"https:\/\/truusk.store\/sv\/produkt\/truusk-hogbadd-med-tidig-baddtillagg-av-tra-planteringslada-med-vikbart-vaxthus-sidobord-forvaringsfack-naturligt-tra\/#breadcrumb"},"inLanguage":"sv-SE","potentialAction":[{"@type":"ReadAction","target":["https:\/\/truusk.store\/sv\/produkt\/truusk-hogbadd-med-tidig-baddtillagg-av-tra-planteringslada-med-vikbart-vaxthus-sidobord-forvaringsfack-naturligt-tra\/"]}]},{"@type":"ImageObject","inLanguage":"sv-SE","@id":"https:\/\/truusk.store\/sv\/produkt\/truusk-hogbadd-med-tidig-baddtillagg-av-tra-planteringslada-med-vikbart-vaxthus-sidobord-forvaringsfack-naturligt-tra\/#primaryimage","url":"https:\/\/i0.wp.com\/truusk.store\/wp-content\/uploads\/2026\/01\/hogbadd-med-tidig-baddtillagg-av-tra-planteringslada-med-vikbart-vaxthus-sidobord-forvaringsfack-naturligt-tra-1.webp?fit=2000%2C2000&ssl=1","contentUrl":"https:\/\/i0.wp.com\/truusk.store\/wp-content\/uploads\/2026\/01\/hogbadd-med-tidig-baddtillagg-av-tra-planteringslada-med-vikbart-vaxthus-sidobord-forvaringsfack-naturligt-tra-1.webp?fit=2000%2C2000&ssl=1","width":2000,"height":2000},{"@type":"BreadcrumbList","@id":"https:\/\/truusk.store\/sv\/produkt\/truusk-hogbadd-med-tidig-baddtillagg-av-tra-planteringslada-med-vikbart-vaxthus-sidobord-forvaringsfack-naturligt-tra\/#breadcrumb","itemListElement":[{"@type":"ListItem","position":1,"name":"Home","item":"https:\/\/truusk.store\/sv\/"},{"@type":"ListItem","position":2,"name":"Shop","item":"https:\/\/truusk.store\/shop\/"},{"@type":"ListItem","position":3,"name":"TRUUSK H\u00f6gb\u00e4dd Med Tidig B\u00e4ddtill\u00e4gg Av Tr\u00e4 &#8211; Planteringsl\u00e5da Med Vikbart V\u00e4xthus &#8211; Sidobord &#8211; F\u00f6rvaringsfack &#8211; Naturligt Tr\u00e4"}]},{"@type":"WebSite","@id":"https:\/\/truusk.store\/sv\/#website","url":"https:\/\/truusk.store\/sv\/","name":"TRUUSK - Hem, Tr\u00e4dg\u00e5rd & Fritid","description":"","publisher":{"@id":"https:\/\/truusk.store\/sv\/#organization"},"potentialAction":[{"@type":"SearchAction","target":{"@type":"EntryPoint","urlTemplate":"https:\/\/truusk.store\/sv\/?s={search_term_string}"},"query-input":{"@type":"PropertyValueSpecification","valueRequired":true,"valueName":"search_term_string"}}],"inLanguage":"sv-SE"},{"@type":"Organization","@id":"https:\/\/truusk.store\/sv\/#organization","name":"TRUUSK - Hem, Tr\u00e4dg\u00e5rd & Fritid","url":"https:\/\/truusk.store\/sv\/","logo":{"@type":"ImageObject","inLanguage":"sv-SE","@id":"https:\/\/truusk.store\/sv\/#\/schema\/logo\/image\/","url":"https:\/\/i0.wp.com\/truusk.store\/wp-content\/uploads\/2026\/03\/cropped-TRUUSK.png?fit=2032%2C917&ssl=1","contentUrl":"https:\/\/i0.wp.com\/truusk.store\/wp-content\/uploads\/2026\/03\/cropped-TRUUSK.png?fit=2032%2C917&ssl=1","width":2032,"height":917,"caption":"TRUUSK - Hem, Tr\u00e4dg\u00e5rd & Fritid"},"image":{"@id":"https:\/\/truusk.store\/sv\/#\/schema\/logo\/image\/"}}]}},"jetpack_sharing_enabled":true,"_links":{"self":[{"href":"https:\/\/truusk.store\/sv\/wp-json\/wp\/v2\/product\/102258","targetHints":{"allow":["GET"]}}],"collection":[{"href":"https:\/\/truusk.store\/sv\/wp-json\/wp\/v2\/product"}],"about":[{"href":"https:\/\/truusk.store\/sv\/wp-json\/wp\/v2\/types\/product"}],"wp:featuredmedia":[{"embeddable":true,"href":"https:\/\/truusk.store\/sv\/wp-json\/wp\/v2\/media\/102249"}],"wp:attachment":[{"href":"https:\/\/truusk.store\/sv\/wp-json\/wp\/v2\/media?parent=102258"}],"wp:term":[{"taxonomy":"product_brand","embeddable":true,"href":"https:\/\/truusk.store\/sv\/wp-json\/wp\/v2\/product_brand?post=102258"},{"taxonomy":"product_cat","embeddable":true,"href":"https:\/\/truusk.store\/sv\/wp-json\/wp\/v2\/product_cat?post=102258"},{"taxonomy":"product_tag","embeddable":true,"href":"https:\/\/truusk.store\/sv\/wp-json\/wp\/v2\/product_tag?post=102258"}],"curies":[{"name":"wp","href":"https:\/\/api.w.org\/{rel}","templated":true}]}}