{"id":102268,"date":"2026-01-28T06:54:34","date_gmt":"2026-01-28T05:54:34","guid":{"rendered":"https:\/\/truusk.store\/product\/tomatvaxthus-med-hog-sang-rullport-fonster-snedtak-141-x-141-x-190-cm-vit\/"},"modified":"2026-03-12T08:50:56","modified_gmt":"2026-03-12T07:50:56","slug":"truusk-tomatvaxthus-med-hog-sang-rullport-fonster-snedtak-141-x-141-x-190-cm-vit","status":"publish","type":"product","link":"https:\/\/truusk.store\/sv\/produkt\/truusk-tomatvaxthus-med-hog-sang-rullport-fonster-snedtak-141-x-141-x-190-cm-vit\/","title":{"rendered":"TRUUSK Tomatv\u00e4xthus Med H\u00f6g S\u00e4ng &#8211; Rullport &#8211; F\u00f6nster &#8211; Snedtak &#8211; 141 x 141 x 190 cm &#8211; Vit"},"content":{"rendered":"<p>\u00c4r du en passionerad hobbytr\u00e4dg\u00e5rdsm\u00e4stare som vill arbeta i jorden \u00e5ret runt? Detta v\u00e4xthus med h\u00f6g b\u00e4dd \u00e4r den idealiska l\u00f6sningen. Det kombinerar en h\u00f6g b\u00e4dd med ett b\u00e4rbar v\u00e4xthus och skapar s\u00e5ledes en varmare milj\u00f6 f\u00f6r dina v\u00e4xter. Robust st\u00e5l och UV-resistent PE g\u00f6r det v\u00e4derbest\u00e4ndigt &#8211; idealiskt f\u00f6r \u00e5ret-runt v\u00e4xtskydd.<\/p>\n<p>Beskrivning:<\/p>\n<ul>\n<li> 2-i-1-design erbjuder b\u00e5de planteringsyta och en passande milj\u00f6<\/li>\n<li> Kan anv\u00e4ndas enskilt eller tillsammans f\u00f6r att uppfylla dina olika behov<\/li>\n<li> F\u00f6rzinkad h\u00f6g b\u00e4dd \u00e4r rostbest\u00e4ndig och robust nog f\u00f6r daglig anv\u00e4ndning<\/li>\n<li> Sp\u00e4nnlinor och markankare f\u00f6r tomatv\u00e4xthuset ger extra stabilitet<\/li>\n<li> PE-t\u00e4ckning \u00e4r vattent\u00e4t och UV-resistent<\/li>\n<li> Upprullningsbar d\u00f6rr och f\u00f6nster p\u00e5 plastv\u00e4xthuset \u00e4r idealiska f\u00f6r ventilation och v\u00e4xtv\u00e5rd<\/li>\n<li> \u00d6ppen botten fr\u00e4mjar naturlig rotv\u00e4xt och effektiv vattendr\u00e4nering<\/li>\n<li> Montering kr\u00e4vs<\/li>\n<\/ul>\n<p> Tekniska data:<\/p>\n<ul>\n<li> F\u00e4rg: Vit<\/li>\n<li> Material: St\u00e5l, PE<\/li>\n<li> Totala dimensioner: 141L x 141B x 190H cm (v\u00e4xthus), 137L x 137B x 57H cm (h\u00f6g b\u00e4dd)<\/li>\n<li> Inre planteringsomr\u00e5de: 135B x 135T x 57H cm<\/li>\n<li> D\u00f6rrstorlek: 86B x 151H cm<\/li>\n<li> F\u00f6nsterstorlek: 35B x 35H cm<\/li>\n<li> Vindskydd: Niv\u00e5 3-4<\/li>\n<\/ul>\n<p>Leveransinneh\u00e5ll:<\/p>\n<ul>\n<li> 1 x V\u00e4xthus<\/li>\n<li> 1 x H\u00f6g b\u00e4dd<\/li>\n<li> 1 x Instruktioner<\/li>\n<\/ul>\n","protected":false},"excerpt":{"rendered":"<p>\u00c4r du en passionerad hobbytr\u00e4dg\u00e5rdsm\u00e4stare som vill arbeta i jorden \u00e5ret runt? Detta v\u00e4xthus med h\u00f6g b\u00e4dd \u00e4r den idealiska&#8230;<\/p>\n","protected":false},"featured_media":102259,"template":"","meta":[],"product_brand":[],"product_cat":[903,858,443],"product_tag":[],"class_list":{"0":"post-102268","1":"product","2":"type-product","3":"status-publish","4":"has-post-thumbnail","6":"product_cat-plastvaxthus","7":"product_cat-tradgard-terrass","8":"product_cat-vaxthus-tradgardsskotsel","10":"first","11":"instock","12":"sale","13":"taxable","14":"shipping-taxable","15":"purchasable","16":"product-type-simple"},"yoast_head":"<!-- This site is optimized with the Yoast SEO plugin v25.4 - https:\/\/yoast.com\/wordpress\/plugins\/seo\/ -->\n<title>TRUUSK Tomatv\u00e4xthus Med H\u00f6g S\u00e4ng - Rullport - F\u00f6nster - Snedtak - 141 x 141 x 190 cm - Vit - TRUUSK - Hem, Tr\u00e4dg\u00e5rd &amp; Fritid<\/title>\n<meta name=\"robots\" content=\"index, follow, max-snippet:-1, max-image-preview:large, max-video-preview:-1\" \/>\n<link rel=\"canonical\" href=\"https:\/\/truusk.store\/sv\/produkt\/truusk-tomatvaxthus-med-hog-sang-rullport-fonster-snedtak-141-x-141-x-190-cm-vit\/\" \/>\n<meta property=\"og:locale\" content=\"sv_SE\" \/>\n<meta property=\"og:type\" content=\"article\" \/>\n<meta property=\"og:title\" content=\"TRUUSK Tomatv\u00e4xthus Med H\u00f6g S\u00e4ng - Rullport - F\u00f6nster - Snedtak - 141 x 141 x 190 cm - Vit - TRUUSK - Hem, Tr\u00e4dg\u00e5rd &amp; Fritid\" \/>\n<meta property=\"og:description\" content=\"\u00c4r du en passionerad hobbytr\u00e4dg\u00e5rdsm\u00e4stare som vill arbeta i jorden \u00e5ret runt? Detta v\u00e4xthus med h\u00f6g b\u00e4dd \u00e4r den idealiska...\" \/>\n<meta property=\"og:url\" content=\"https:\/\/truusk.store\/sv\/produkt\/truusk-tomatvaxthus-med-hog-sang-rullport-fonster-snedtak-141-x-141-x-190-cm-vit\/\" \/>\n<meta property=\"og:site_name\" content=\"TRUUSK - Hem, Tr\u00e4dg\u00e5rd &amp; Fritid\" \/>\n<meta property=\"article:modified_time\" content=\"2026-03-12T07:50:56+00:00\" \/>\n<meta property=\"og:image\" content=\"https:\/\/i0.wp.com\/truusk.se\/wp-content\/uploads\/2026\/01\/tomatvaxthus-med-hog-sang-rullport-fonster-snedtak-141-x-141-x-190-cm-vit-1.webp?fit=2000%2C2000&ssl=1\" \/>\n\t<meta property=\"og:image:width\" content=\"2000\" \/>\n\t<meta property=\"og:image:height\" content=\"2000\" \/>\n\t<meta property=\"og:image:type\" content=\"image\/webp\" \/>\n<meta name=\"twitter:card\" content=\"summary_large_image\" \/>\n<meta name=\"twitter:label1\" content=\"Ber\u00e4knad l\u00e4stid\" \/>\n\t<meta name=\"twitter:data1\" content=\"1 minut\" \/>\n<!-- \/ Yoast SEO plugin. -->","yoast_head_json":{"title":"TRUUSK Tomatv\u00e4xthus Med H\u00f6g S\u00e4ng - Rullport - F\u00f6nster - Snedtak - 141 x 141 x 190 cm - Vit - TRUUSK - Hem, Tr\u00e4dg\u00e5rd &amp; Fritid","robots":{"index":"index","follow":"follow","max-snippet":"max-snippet:-1","max-image-preview":"max-image-preview:large","max-video-preview":"max-video-preview:-1"},"canonical":"https:\/\/truusk.store\/sv\/produkt\/truusk-tomatvaxthus-med-hog-sang-rullport-fonster-snedtak-141-x-141-x-190-cm-vit\/","og_locale":"sv_SE","og_type":"article","og_title":"TRUUSK Tomatv\u00e4xthus Med H\u00f6g S\u00e4ng - Rullport - F\u00f6nster - Snedtak - 141 x 141 x 190 cm - Vit - TRUUSK - Hem, Tr\u00e4dg\u00e5rd &amp; Fritid","og_description":"\u00c4r du en passionerad hobbytr\u00e4dg\u00e5rdsm\u00e4stare som vill arbeta i jorden \u00e5ret runt? Detta v\u00e4xthus med h\u00f6g b\u00e4dd \u00e4r den idealiska...","og_url":"https:\/\/truusk.store\/sv\/produkt\/truusk-tomatvaxthus-med-hog-sang-rullport-fonster-snedtak-141-x-141-x-190-cm-vit\/","og_site_name":"TRUUSK - Hem, Tr\u00e4dg\u00e5rd &amp; Fritid","article_modified_time":"2026-03-12T07:50:56+00:00","og_image":[{"width":2000,"height":2000,"url":"https:\/\/i0.wp.com\/truusk.se\/wp-content\/uploads\/2026\/01\/tomatvaxthus-med-hog-sang-rullport-fonster-snedtak-141-x-141-x-190-cm-vit-1.webp?fit=2000%2C2000&ssl=1","type":"image\/webp"}],"twitter_card":"summary_large_image","twitter_misc":{"Ber\u00e4knad l\u00e4stid":"1 minut"},"schema":{"@context":"https:\/\/schema.org","@graph":[{"@type":"WebPage","@id":"https:\/\/truusk.store\/sv\/produkt\/truusk-tomatvaxthus-med-hog-sang-rullport-fonster-snedtak-141-x-141-x-190-cm-vit\/","url":"https:\/\/truusk.store\/sv\/produkt\/truusk-tomatvaxthus-med-hog-sang-rullport-fonster-snedtak-141-x-141-x-190-cm-vit\/","name":"TRUUSK Tomatv\u00e4xthus Med H\u00f6g S\u00e4ng - Rullport - F\u00f6nster - Snedtak - 141 x 141 x 190 cm - Vit - TRUUSK - Hem, Tr\u00e4dg\u00e5rd &amp; Fritid","isPartOf":{"@id":"https:\/\/truusk.store\/sv\/#website"},"primaryImageOfPage":{"@id":"https:\/\/truusk.store\/sv\/produkt\/truusk-tomatvaxthus-med-hog-sang-rullport-fonster-snedtak-141-x-141-x-190-cm-vit\/#primaryimage"},"image":{"@id":"https:\/\/truusk.store\/sv\/produkt\/truusk-tomatvaxthus-med-hog-sang-rullport-fonster-snedtak-141-x-141-x-190-cm-vit\/#primaryimage"},"thumbnailUrl":"https:\/\/i0.wp.com\/truusk.store\/wp-content\/uploads\/2026\/01\/tomatvaxthus-med-hog-sang-rullport-fonster-snedtak-141-x-141-x-190-cm-vit-1.webp?fit=2000%2C2000&ssl=1","datePublished":"2026-01-28T05:54:34+00:00","dateModified":"2026-03-12T07:50:56+00:00","breadcrumb":{"@id":"https:\/\/truusk.store\/sv\/produkt\/truusk-tomatvaxthus-med-hog-sang-rullport-fonster-snedtak-141-x-141-x-190-cm-vit\/#breadcrumb"},"inLanguage":"sv-SE","potentialAction":[{"@type":"ReadAction","target":["https:\/\/truusk.store\/sv\/produkt\/truusk-tomatvaxthus-med-hog-sang-rullport-fonster-snedtak-141-x-141-x-190-cm-vit\/"]}]},{"@type":"ImageObject","inLanguage":"sv-SE","@id":"https:\/\/truusk.store\/sv\/produkt\/truusk-tomatvaxthus-med-hog-sang-rullport-fonster-snedtak-141-x-141-x-190-cm-vit\/#primaryimage","url":"https:\/\/i0.wp.com\/truusk.store\/wp-content\/uploads\/2026\/01\/tomatvaxthus-med-hog-sang-rullport-fonster-snedtak-141-x-141-x-190-cm-vit-1.webp?fit=2000%2C2000&ssl=1","contentUrl":"https:\/\/i0.wp.com\/truusk.store\/wp-content\/uploads\/2026\/01\/tomatvaxthus-med-hog-sang-rullport-fonster-snedtak-141-x-141-x-190-cm-vit-1.webp?fit=2000%2C2000&ssl=1","width":2000,"height":2000},{"@type":"BreadcrumbList","@id":"https:\/\/truusk.store\/sv\/produkt\/truusk-tomatvaxthus-med-hog-sang-rullport-fonster-snedtak-141-x-141-x-190-cm-vit\/#breadcrumb","itemListElement":[{"@type":"ListItem","position":1,"name":"Home","item":"https:\/\/truusk.store\/sv\/"},{"@type":"ListItem","position":2,"name":"Shop","item":"https:\/\/truusk.store\/shop\/"},{"@type":"ListItem","position":3,"name":"TRUUSK Tomatv\u00e4xthus Med H\u00f6g S\u00e4ng &#8211; Rullport &#8211; F\u00f6nster &#8211; Snedtak &#8211; 141 x 141 x 190 cm &#8211; Vit"}]},{"@type":"WebSite","@id":"https:\/\/truusk.store\/sv\/#website","url":"https:\/\/truusk.store\/sv\/","name":"TRUUSK - Hem, Tr\u00e4dg\u00e5rd & Fritid","description":"","publisher":{"@id":"https:\/\/truusk.store\/sv\/#organization"},"potentialAction":[{"@type":"SearchAction","target":{"@type":"EntryPoint","urlTemplate":"https:\/\/truusk.store\/sv\/?s={search_term_string}"},"query-input":{"@type":"PropertyValueSpecification","valueRequired":true,"valueName":"search_term_string"}}],"inLanguage":"sv-SE"},{"@type":"Organization","@id":"https:\/\/truusk.store\/sv\/#organization","name":"TRUUSK - Hem, Tr\u00e4dg\u00e5rd & Fritid","url":"https:\/\/truusk.store\/sv\/","logo":{"@type":"ImageObject","inLanguage":"sv-SE","@id":"https:\/\/truusk.store\/sv\/#\/schema\/logo\/image\/","url":"https:\/\/i0.wp.com\/truusk.store\/wp-content\/uploads\/2026\/03\/cropped-TRUUSK.png?fit=2032%2C917&ssl=1","contentUrl":"https:\/\/i0.wp.com\/truusk.store\/wp-content\/uploads\/2026\/03\/cropped-TRUUSK.png?fit=2032%2C917&ssl=1","width":2032,"height":917,"caption":"TRUUSK - Hem, Tr\u00e4dg\u00e5rd & Fritid"},"image":{"@id":"https:\/\/truusk.store\/sv\/#\/schema\/logo\/image\/"}}]}},"jetpack_sharing_enabled":true,"_links":{"self":[{"href":"https:\/\/truusk.store\/sv\/wp-json\/wp\/v2\/product\/102268","targetHints":{"allow":["GET"]}}],"collection":[{"href":"https:\/\/truusk.store\/sv\/wp-json\/wp\/v2\/product"}],"about":[{"href":"https:\/\/truusk.store\/sv\/wp-json\/wp\/v2\/types\/product"}],"wp:featuredmedia":[{"embeddable":true,"href":"https:\/\/truusk.store\/sv\/wp-json\/wp\/v2\/media\/102259"}],"wp:attachment":[{"href":"https:\/\/truusk.store\/sv\/wp-json\/wp\/v2\/media?parent=102268"}],"wp:term":[{"taxonomy":"product_brand","embeddable":true,"href":"https:\/\/truusk.store\/sv\/wp-json\/wp\/v2\/product_brand?post=102268"},{"taxonomy":"product_cat","embeddable":true,"href":"https:\/\/truusk.store\/sv\/wp-json\/wp\/v2\/product_cat?post=102268"},{"taxonomy":"product_tag","embeddable":true,"href":"https:\/\/truusk.store\/sv\/wp-json\/wp\/v2\/product_tag?post=102268"}],"curies":[{"name":"wp","href":"https:\/\/api.w.org\/{rel}","templated":true}]}}