{"id":10230,"date":"2024-02-13T10:07:19","date_gmt":"2024-02-13T09:07:19","guid":{"rendered":"https:\/\/truusk.store\/product\/automatisk-sensoravfallsbehallare-i-rostfritt-stal-ir-sensor-med-utan-innerbehallare-rund-fyrkantig-30l-kvadrat\/"},"modified":"2026-03-12T08:56:20","modified_gmt":"2026-03-12T07:56:20","slug":"truusk-automatisk-sensoravfallsbehallare-rostfritt-stal-ir-sensor-innerbehallare-rund-fyrkantig-30l-kvadrat","status":"publish","type":"product","link":"https:\/\/truusk.store\/sv\/produkt\/truusk-automatisk-sensoravfallsbehallare-rostfritt-stal-ir-sensor-innerbehallare-rund-fyrkantig-30l-kvadrat\/","title":{"rendered":"TRUUSK Automatisk Sensoravfallsbeh\u00e5llare &#8211; Rostfritt St\u00e5l &#8211; IR-sensor &#8211; Innerbeh\u00e5llare &#8211; Rund Fyrkantig (30L\/kvadrat)"},"content":{"rendered":"<p>Denna eleganta soptunna kombinerar design med praktisk hantering. Tack vare den infrar\u00f6da sensorn \u00e4r enkel och hygienisk avfallshantering m\u00f6jlig utan att r\u00f6ra avfallsbeh\u00e5llaren. Din avfallsuppsamlare imponerar med sin h\u00f6gkvalitativa kropp i rostfritt st\u00e5l och sin stora kapacitet p\u00e5 30L. Din papperskorg \u00e4r inte utrustad med en innerbeh\u00e5llare.<\/p>\n<h3>Beskrivning:<\/h3>\n<ul>\n<li>Helautomatisk soptunna i rostfritt st\u00e5l<\/li>\n<li>Designerplagg f\u00f6r varje k\u00f6k<\/li>\n<li>\u00d6ppnas automatiskt n\u00e4r man n\u00e4rmar sig och st\u00e4ngs automatiskt igen<\/li>\n<li>Utrustad med infrar\u00f6d sensorteknik<\/li>\n<li>H\u00e5llare f\u00f6r att f\u00e4sta sopp\u00e5sen<\/li>\n<li>Utan innerhink<\/li>\n<li>Sensorn kan st\u00e4ngas av, manuell drift m\u00f6jlig<\/li>\n<li>Avtagbart lock<\/li>\n<\/ul>\n<h3>Teknisk data:<\/h3>\n<ul>\n<li>Kapacitet: 30L<\/li>\n<li>Sensorteknik: infrar\u00f6d<\/li>\n<li>\u00d6vergripande m\u00e5tt: L33 x B25 x H58 cm<\/li>\n<li>Lock: ABS<\/li>\n<li>Hus: polerat rostfritt st\u00e5l<\/li>\n<li>Drivs med 4 x AA-batterier (ing\u00e5r ej)<\/li>\n<li>Vikt: 3,4 kg<\/li>\n<\/ul>\n<h3>Leveransens omfattning:<\/h3>\n<ul>\n<li>1 x sophink;<\/li>\n<\/ul>\n","protected":false},"excerpt":{"rendered":"<p>Denna eleganta soptunna kombinerar design med praktisk hantering. Tack vare den infrar\u00f6da sensorn \u00e4r enkel och hygienisk avfallshantering m\u00f6jlig utan&#8230;<\/p>\n","protected":false},"featured_media":10231,"template":"","meta":[],"product_brand":[],"product_cat":[671,686,685],"product_tag":[],"class_list":{"0":"post-10230","1":"product","2":"type-product","3":"status-publish","4":"has-post-thumbnail","6":"product_cat-jarnaffar","7":"product_cat-papperskorg","8":"product_cat-stadning-bestallning","10":"first","11":"instock","12":"sale","13":"taxable","14":"shipping-taxable","15":"purchasable","16":"product-type-simple"},"yoast_head":"<!-- This site is optimized with the Yoast SEO plugin v25.4 - https:\/\/yoast.com\/wordpress\/plugins\/seo\/ -->\n<title>TRUUSK Automatisk Sensoravfallsbeh\u00e5llare - Rostfritt St\u00e5l - IR-sensor - Innerbeh\u00e5llare - Rund Fyrkantig (30L\/kvadrat) - TRUUSK - Hem, Tr\u00e4dg\u00e5rd &amp; Fritid<\/title>\n<meta name=\"robots\" content=\"index, follow, max-snippet:-1, max-image-preview:large, max-video-preview:-1\" \/>\n<link rel=\"canonical\" href=\"https:\/\/truusk.store\/sv\/produkt\/truusk-automatisk-sensoravfallsbehallare-rostfritt-stal-ir-sensor-innerbehallare-rund-fyrkantig-30l-kvadrat\/\" \/>\n<meta property=\"og:locale\" content=\"sv_SE\" \/>\n<meta property=\"og:type\" content=\"article\" \/>\n<meta property=\"og:title\" content=\"TRUUSK Automatisk Sensoravfallsbeh\u00e5llare - Rostfritt St\u00e5l - IR-sensor - Innerbeh\u00e5llare - Rund Fyrkantig (30L\/kvadrat) - TRUUSK - Hem, Tr\u00e4dg\u00e5rd &amp; Fritid\" \/>\n<meta property=\"og:description\" content=\"Denna eleganta soptunna kombinerar design med praktisk hantering. Tack vare den infrar\u00f6da sensorn \u00e4r enkel och hygienisk avfallshantering m\u00f6jlig utan...\" \/>\n<meta property=\"og:url\" content=\"https:\/\/truusk.store\/sv\/produkt\/truusk-automatisk-sensoravfallsbehallare-rostfritt-stal-ir-sensor-innerbehallare-rund-fyrkantig-30l-kvadrat\/\" \/>\n<meta property=\"og:site_name\" content=\"TRUUSK - Hem, Tr\u00e4dg\u00e5rd &amp; Fritid\" \/>\n<meta property=\"article:modified_time\" content=\"2026-03-12T07:56:20+00:00\" \/>\n<meta property=\"og:image\" content=\"https:\/\/i0.wp.com\/truusk.se\/wp-content\/uploads\/2024\/02\/automatisk-sensoravfallsbehallare-i-rostfritt-stal-ir-sensor-med-utan-innerbehallare-rund-fyrkantig-30l-kvadrat.webp?fit=800%2C800&ssl=1\" \/>\n\t<meta property=\"og:image:width\" content=\"800\" \/>\n\t<meta property=\"og:image:height\" content=\"800\" \/>\n\t<meta property=\"og:image:type\" content=\"image\/webp\" \/>\n<meta name=\"twitter:card\" content=\"summary_large_image\" \/>\n<meta name=\"twitter:label1\" content=\"Ber\u00e4knad l\u00e4stid\" \/>\n\t<meta name=\"twitter:data1\" content=\"1 minut\" \/>\n<!-- \/ Yoast SEO plugin. -->","yoast_head_json":{"title":"TRUUSK Automatisk Sensoravfallsbeh\u00e5llare - Rostfritt St\u00e5l - IR-sensor - Innerbeh\u00e5llare - Rund Fyrkantig (30L\/kvadrat) - TRUUSK - Hem, Tr\u00e4dg\u00e5rd &amp; Fritid","robots":{"index":"index","follow":"follow","max-snippet":"max-snippet:-1","max-image-preview":"max-image-preview:large","max-video-preview":"max-video-preview:-1"},"canonical":"https:\/\/truusk.store\/sv\/produkt\/truusk-automatisk-sensoravfallsbehallare-rostfritt-stal-ir-sensor-innerbehallare-rund-fyrkantig-30l-kvadrat\/","og_locale":"sv_SE","og_type":"article","og_title":"TRUUSK Automatisk Sensoravfallsbeh\u00e5llare - Rostfritt St\u00e5l - IR-sensor - Innerbeh\u00e5llare - Rund Fyrkantig (30L\/kvadrat) - TRUUSK - Hem, Tr\u00e4dg\u00e5rd &amp; Fritid","og_description":"Denna eleganta soptunna kombinerar design med praktisk hantering. Tack vare den infrar\u00f6da sensorn \u00e4r enkel och hygienisk avfallshantering m\u00f6jlig utan...","og_url":"https:\/\/truusk.store\/sv\/produkt\/truusk-automatisk-sensoravfallsbehallare-rostfritt-stal-ir-sensor-innerbehallare-rund-fyrkantig-30l-kvadrat\/","og_site_name":"TRUUSK - Hem, Tr\u00e4dg\u00e5rd &amp; Fritid","article_modified_time":"2026-03-12T07:56:20+00:00","og_image":[{"width":800,"height":800,"url":"https:\/\/i0.wp.com\/truusk.se\/wp-content\/uploads\/2024\/02\/automatisk-sensoravfallsbehallare-i-rostfritt-stal-ir-sensor-med-utan-innerbehallare-rund-fyrkantig-30l-kvadrat.webp?fit=800%2C800&ssl=1","type":"image\/webp"}],"twitter_card":"summary_large_image","twitter_misc":{"Ber\u00e4knad l\u00e4stid":"1 minut"},"schema":{"@context":"https:\/\/schema.org","@graph":[{"@type":"WebPage","@id":"https:\/\/truusk.store\/sv\/produkt\/truusk-automatisk-sensoravfallsbehallare-rostfritt-stal-ir-sensor-innerbehallare-rund-fyrkantig-30l-kvadrat\/","url":"https:\/\/truusk.store\/sv\/produkt\/truusk-automatisk-sensoravfallsbehallare-rostfritt-stal-ir-sensor-innerbehallare-rund-fyrkantig-30l-kvadrat\/","name":"TRUUSK Automatisk Sensoravfallsbeh\u00e5llare - Rostfritt St\u00e5l - IR-sensor - Innerbeh\u00e5llare - Rund Fyrkantig (30L\/kvadrat) - TRUUSK - Hem, Tr\u00e4dg\u00e5rd &amp; Fritid","isPartOf":{"@id":"https:\/\/truusk.store\/sv\/#website"},"primaryImageOfPage":{"@id":"https:\/\/truusk.store\/sv\/produkt\/truusk-automatisk-sensoravfallsbehallare-rostfritt-stal-ir-sensor-innerbehallare-rund-fyrkantig-30l-kvadrat\/#primaryimage"},"image":{"@id":"https:\/\/truusk.store\/sv\/produkt\/truusk-automatisk-sensoravfallsbehallare-rostfritt-stal-ir-sensor-innerbehallare-rund-fyrkantig-30l-kvadrat\/#primaryimage"},"thumbnailUrl":"https:\/\/i0.wp.com\/truusk.store\/wp-content\/uploads\/2024\/02\/automatisk-sensoravfallsbehallare-i-rostfritt-stal-ir-sensor-med-utan-innerbehallare-rund-fyrkantig-30l-kvadrat.webp?fit=800%2C800&ssl=1","datePublished":"2024-02-13T09:07:19+00:00","dateModified":"2026-03-12T07:56:20+00:00","breadcrumb":{"@id":"https:\/\/truusk.store\/sv\/produkt\/truusk-automatisk-sensoravfallsbehallare-rostfritt-stal-ir-sensor-innerbehallare-rund-fyrkantig-30l-kvadrat\/#breadcrumb"},"inLanguage":"sv-SE","potentialAction":[{"@type":"ReadAction","target":["https:\/\/truusk.store\/sv\/produkt\/truusk-automatisk-sensoravfallsbehallare-rostfritt-stal-ir-sensor-innerbehallare-rund-fyrkantig-30l-kvadrat\/"]}]},{"@type":"ImageObject","inLanguage":"sv-SE","@id":"https:\/\/truusk.store\/sv\/produkt\/truusk-automatisk-sensoravfallsbehallare-rostfritt-stal-ir-sensor-innerbehallare-rund-fyrkantig-30l-kvadrat\/#primaryimage","url":"https:\/\/i0.wp.com\/truusk.store\/wp-content\/uploads\/2024\/02\/automatisk-sensoravfallsbehallare-i-rostfritt-stal-ir-sensor-med-utan-innerbehallare-rund-fyrkantig-30l-kvadrat.webp?fit=800%2C800&ssl=1","contentUrl":"https:\/\/i0.wp.com\/truusk.store\/wp-content\/uploads\/2024\/02\/automatisk-sensoravfallsbehallare-i-rostfritt-stal-ir-sensor-med-utan-innerbehallare-rund-fyrkantig-30l-kvadrat.webp?fit=800%2C800&ssl=1","width":800,"height":800,"caption":"Automatisk Sensoravfallsbeh\u00e5llare I Rostfritt St\u00e5l IR-sensor Med\/utan Innerbeh\u00e5llare Rund Fyrkantig (30L\/kvadrat) 1"},{"@type":"BreadcrumbList","@id":"https:\/\/truusk.store\/sv\/produkt\/truusk-automatisk-sensoravfallsbehallare-rostfritt-stal-ir-sensor-innerbehallare-rund-fyrkantig-30l-kvadrat\/#breadcrumb","itemListElement":[{"@type":"ListItem","position":1,"name":"Home","item":"https:\/\/truusk.store\/sv\/"},{"@type":"ListItem","position":2,"name":"Shop","item":"https:\/\/truusk.store\/shop\/"},{"@type":"ListItem","position":3,"name":"TRUUSK Automatisk Sensoravfallsbeh\u00e5llare &#8211; Rostfritt St\u00e5l &#8211; IR-sensor &#8211; Innerbeh\u00e5llare &#8211; Rund Fyrkantig (30L\/kvadrat)"}]},{"@type":"WebSite","@id":"https:\/\/truusk.store\/sv\/#website","url":"https:\/\/truusk.store\/sv\/","name":"TRUUSK - Hem, Tr\u00e4dg\u00e5rd & Fritid","description":"","publisher":{"@id":"https:\/\/truusk.store\/sv\/#organization"},"potentialAction":[{"@type":"SearchAction","target":{"@type":"EntryPoint","urlTemplate":"https:\/\/truusk.store\/sv\/?s={search_term_string}"},"query-input":{"@type":"PropertyValueSpecification","valueRequired":true,"valueName":"search_term_string"}}],"inLanguage":"sv-SE"},{"@type":"Organization","@id":"https:\/\/truusk.store\/sv\/#organization","name":"TRUUSK - Hem, Tr\u00e4dg\u00e5rd & Fritid","url":"https:\/\/truusk.store\/sv\/","logo":{"@type":"ImageObject","inLanguage":"sv-SE","@id":"https:\/\/truusk.store\/sv\/#\/schema\/logo\/image\/","url":"https:\/\/i0.wp.com\/truusk.store\/wp-content\/uploads\/2026\/03\/cropped-TRUUSK.png?fit=2032%2C917&ssl=1","contentUrl":"https:\/\/i0.wp.com\/truusk.store\/wp-content\/uploads\/2026\/03\/cropped-TRUUSK.png?fit=2032%2C917&ssl=1","width":2032,"height":917,"caption":"TRUUSK - Hem, Tr\u00e4dg\u00e5rd & Fritid"},"image":{"@id":"https:\/\/truusk.store\/sv\/#\/schema\/logo\/image\/"}}]}},"jetpack_sharing_enabled":true,"_links":{"self":[{"href":"https:\/\/truusk.store\/sv\/wp-json\/wp\/v2\/product\/10230","targetHints":{"allow":["GET"]}}],"collection":[{"href":"https:\/\/truusk.store\/sv\/wp-json\/wp\/v2\/product"}],"about":[{"href":"https:\/\/truusk.store\/sv\/wp-json\/wp\/v2\/types\/product"}],"wp:featuredmedia":[{"embeddable":true,"href":"https:\/\/truusk.store\/sv\/wp-json\/wp\/v2\/media\/10231"}],"wp:attachment":[{"href":"https:\/\/truusk.store\/sv\/wp-json\/wp\/v2\/media?parent=10230"}],"wp:term":[{"taxonomy":"product_brand","embeddable":true,"href":"https:\/\/truusk.store\/sv\/wp-json\/wp\/v2\/product_brand?post=10230"},{"taxonomy":"product_cat","embeddable":true,"href":"https:\/\/truusk.store\/sv\/wp-json\/wp\/v2\/product_cat?post=10230"},{"taxonomy":"product_tag","embeddable":true,"href":"https:\/\/truusk.store\/sv\/wp-json\/wp\/v2\/product_tag?post=10230"}],"curies":[{"name":"wp","href":"https:\/\/api.w.org\/{rel}","templated":true}]}}