{"id":102301,"date":"2026-01-28T06:57:55","date_gmt":"2026-01-28T05:57:55","guid":{"rendered":"https:\/\/truusk.store\/product\/hogbadd-med-klattergaller-och-tak-for-blommor-frukt-gronsaker-orter-196-x-44-x-181-cm-tra-orange\/"},"modified":"2026-03-12T08:50:56","modified_gmt":"2026-03-12T07:50:56","slug":"truusk-tradgardsbadd-med-klattergaller-och-tak-for-blommor-frukt-gronsaker-och-orter-matt-196-x-44-x-181-cm-tra-orange","status":"publish","type":"product","link":"https:\/\/truusk.store\/sv\/produkt\/truusk-tradgardsbadd-med-klattergaller-och-tak-for-blommor-frukt-gronsaker-och-orter-matt-196-x-44-x-181-cm-tra-orange\/","title":{"rendered":"TRUUSK Tr\u00e4dg\u00e5rdsb\u00e4dd med Kl\u00e4ttergaller och Tak &#8211; F\u00f6r Blommor, Frukt, Gr\u00f6nsaker och \u00f6rter &#8211; M\u00e5tt 196 x 44 x 181 cm &#8211; Tr\u00e4 &#8211; Orange"},"content":{"rendered":"<p>Lider du av brist p\u00e5 privatliv och f\u00f6r lite tr\u00e4dg\u00e5rdsutrymme? K\u00e4nns din tr\u00e4dg\u00e5rd tr\u00e5ng och kan du inte riktigt njuta av lugna stunder? [BRAND NAME] planteringsl\u00e5da med kl\u00e4tterst\u00e4llning g\u00f6r din terrass till ett privat gr\u00f6nt tillflyktsort. Denna gener\u00f6sa upph\u00f6jda \u00f6rttr\u00e4dg\u00e5rd skapar en t\u00e4t gr\u00f6nska med dekorativ b\u00e5ge f\u00f6r belysning, idealisk f\u00f6r ett lager-p\u00e5-lager tr\u00e4dg\u00e5rdsatmosf\u00e4r och avkopplande familjestunder.<\/p>\n<p>Beskrivning:<\/p>\n<ul>\n<li> Kombinerar en bloml\u00e5da med kl\u00e4tterst\u00e4llning, idealisk f\u00f6r att skapa en vertikal tr\u00e4dg\u00e5rd<\/li>\n<li> Den gener\u00f6sa planteringsytan p\u00e5 \u00f6rttr\u00e4dg\u00e5rden erbjuder gott om utrymme f\u00f6r odling av blommor och gr\u00f6nsaker<\/li>\n<li> Den extra stora storleken erbjuder ett naturligt insynsskydd f\u00f6r mer privatliv i din tr\u00e4dg\u00e5rd<\/li>\n<li> Har en \u00f6vre hylla f\u00f6r h\u00e4ngande korgar, ljus och andra dekorativa f\u00f6rem\u00e5l<\/li>\n<li> Tillverkad av massivt grantr\u00e4 med ett skyddande ytskikt f\u00f6r en l\u00e5ng livsl\u00e4ngd utomhus<\/li>\n<li> Med dr\u00e4neringsh\u00e5l f\u00f6r att f\u00f6rhindra \u00f6vervattning och fr\u00e4mja h\u00e4lsosam rotv\u00e4xt<\/li>\n<li> Montering kr\u00e4vs<\/li>\n<\/ul>\n<p> Tekniska specifikationer:<\/p>\n<ul>\n<li> F\u00e4rg: Orange<\/li>\n<li> Material: Grantr\u00e4<\/li>\n<li> Totala dimensioner: 196L x 44B x 181H cm<\/li>\n<li> Tr\u00e4dg\u00e5rdsb\u00e4dd dimensioner: 173B x 40T x 30H cm<\/li>\n<li> Planteringsomr\u00e5dets dimensioner: 171B x 39T x 24H cm<\/li>\n<li> Gitter dimensioner: 196B x 44T x 150H cm<\/li>\n<li> B\u00e4rkapacitet: 10 kg (gitter)<\/li>\n<\/ul>\n<p>Leverans inneh\u00e5ller:<\/p>\n<ul>\n<li> 1 x upph\u00f6jd b\u00e4dd med kl\u00e4tterst\u00e4llning<\/li>\n<li> 1 x bruksanvisning<\/li>\n<\/ul>\n","protected":false},"excerpt":{"rendered":"<p>Lider du av brist p\u00e5 privatliv och f\u00f6r lite tr\u00e4dg\u00e5rdsutrymme? K\u00e4nns din tr\u00e4dg\u00e5rd tr\u00e5ng och kan du inte riktigt njuta&#8230;<\/p>\n","protected":false},"featured_media":102289,"template":"","meta":[],"product_brand":[],"product_cat":[922,858,443],"product_tag":[],"class_list":{"0":"post-102301","1":"product","2":"type-product","3":"status-publish","4":"has-post-thumbnail","6":"product_cat-planteringskarl","7":"product_cat-tradgard-terrass","8":"product_cat-vaxthus-tradgardsskotsel","10":"first","11":"instock","12":"sale","13":"taxable","14":"shipping-taxable","15":"purchasable","16":"product-type-simple"},"yoast_head":"<!-- This site is optimized with the Yoast SEO plugin v25.4 - https:\/\/yoast.com\/wordpress\/plugins\/seo\/ -->\n<title>TRUUSK Tr\u00e4dg\u00e5rdsb\u00e4dd med Kl\u00e4ttergaller och Tak - F\u00f6r Blommor, Frukt, Gr\u00f6nsaker och \u00f6rter - M\u00e5tt 196 x 44 x 181 cm - Tr\u00e4 - Orange - TRUUSK - Hem, Tr\u00e4dg\u00e5rd &amp; Fritid<\/title>\n<meta name=\"robots\" content=\"index, follow, max-snippet:-1, max-image-preview:large, max-video-preview:-1\" \/>\n<link rel=\"canonical\" href=\"https:\/\/truusk.store\/sv\/produkt\/truusk-tradgardsbadd-med-klattergaller-och-tak-for-blommor-frukt-gronsaker-och-orter-matt-196-x-44-x-181-cm-tra-orange\/\" \/>\n<meta property=\"og:locale\" content=\"sv_SE\" \/>\n<meta property=\"og:type\" content=\"article\" \/>\n<meta property=\"og:title\" content=\"TRUUSK Tr\u00e4dg\u00e5rdsb\u00e4dd med Kl\u00e4ttergaller och Tak - F\u00f6r Blommor, Frukt, Gr\u00f6nsaker och \u00f6rter - M\u00e5tt 196 x 44 x 181 cm - Tr\u00e4 - Orange - TRUUSK - Hem, Tr\u00e4dg\u00e5rd &amp; Fritid\" \/>\n<meta property=\"og:description\" content=\"Lider du av brist p\u00e5 privatliv och f\u00f6r lite tr\u00e4dg\u00e5rdsutrymme? K\u00e4nns din tr\u00e4dg\u00e5rd tr\u00e5ng och kan du inte riktigt njuta...\" \/>\n<meta property=\"og:url\" content=\"https:\/\/truusk.store\/sv\/produkt\/truusk-tradgardsbadd-med-klattergaller-och-tak-for-blommor-frukt-gronsaker-och-orter-matt-196-x-44-x-181-cm-tra-orange\/\" \/>\n<meta property=\"og:site_name\" content=\"TRUUSK - Hem, Tr\u00e4dg\u00e5rd &amp; Fritid\" \/>\n<meta property=\"article:modified_time\" content=\"2026-03-12T07:50:56+00:00\" \/>\n<meta property=\"og:image\" content=\"https:\/\/i0.wp.com\/truusk.se\/wp-content\/uploads\/2026\/01\/hogbadd-med-klattergaller-och-tak-for-blommor-frukt-gronsaker-orter-196-x-44-x-181-cm-tra-orange-1.webp?fit=2000%2C2000&ssl=1\" \/>\n\t<meta property=\"og:image:width\" content=\"2000\" \/>\n\t<meta property=\"og:image:height\" content=\"2000\" \/>\n\t<meta property=\"og:image:type\" content=\"image\/webp\" \/>\n<meta name=\"twitter:card\" content=\"summary_large_image\" \/>\n<meta name=\"twitter:label1\" content=\"Ber\u00e4knad l\u00e4stid\" \/>\n\t<meta name=\"twitter:data1\" content=\"1 minut\" \/>\n<!-- \/ Yoast SEO plugin. -->","yoast_head_json":{"title":"TRUUSK Tr\u00e4dg\u00e5rdsb\u00e4dd med Kl\u00e4ttergaller och Tak - F\u00f6r Blommor, Frukt, Gr\u00f6nsaker och \u00f6rter - M\u00e5tt 196 x 44 x 181 cm - Tr\u00e4 - Orange - TRUUSK - Hem, Tr\u00e4dg\u00e5rd &amp; Fritid","robots":{"index":"index","follow":"follow","max-snippet":"max-snippet:-1","max-image-preview":"max-image-preview:large","max-video-preview":"max-video-preview:-1"},"canonical":"https:\/\/truusk.store\/sv\/produkt\/truusk-tradgardsbadd-med-klattergaller-och-tak-for-blommor-frukt-gronsaker-och-orter-matt-196-x-44-x-181-cm-tra-orange\/","og_locale":"sv_SE","og_type":"article","og_title":"TRUUSK Tr\u00e4dg\u00e5rdsb\u00e4dd med Kl\u00e4ttergaller och Tak - F\u00f6r Blommor, Frukt, Gr\u00f6nsaker och \u00f6rter - M\u00e5tt 196 x 44 x 181 cm - Tr\u00e4 - Orange - TRUUSK - Hem, Tr\u00e4dg\u00e5rd &amp; Fritid","og_description":"Lider du av brist p\u00e5 privatliv och f\u00f6r lite tr\u00e4dg\u00e5rdsutrymme? K\u00e4nns din tr\u00e4dg\u00e5rd tr\u00e5ng och kan du inte riktigt njuta...","og_url":"https:\/\/truusk.store\/sv\/produkt\/truusk-tradgardsbadd-med-klattergaller-och-tak-for-blommor-frukt-gronsaker-och-orter-matt-196-x-44-x-181-cm-tra-orange\/","og_site_name":"TRUUSK - Hem, Tr\u00e4dg\u00e5rd &amp; Fritid","article_modified_time":"2026-03-12T07:50:56+00:00","og_image":[{"width":2000,"height":2000,"url":"https:\/\/i0.wp.com\/truusk.se\/wp-content\/uploads\/2026\/01\/hogbadd-med-klattergaller-och-tak-for-blommor-frukt-gronsaker-orter-196-x-44-x-181-cm-tra-orange-1.webp?fit=2000%2C2000&ssl=1","type":"image\/webp"}],"twitter_card":"summary_large_image","twitter_misc":{"Ber\u00e4knad l\u00e4stid":"1 minut"},"schema":{"@context":"https:\/\/schema.org","@graph":[{"@type":"WebPage","@id":"https:\/\/truusk.store\/sv\/produkt\/truusk-tradgardsbadd-med-klattergaller-och-tak-for-blommor-frukt-gronsaker-och-orter-matt-196-x-44-x-181-cm-tra-orange\/","url":"https:\/\/truusk.store\/sv\/produkt\/truusk-tradgardsbadd-med-klattergaller-och-tak-for-blommor-frukt-gronsaker-och-orter-matt-196-x-44-x-181-cm-tra-orange\/","name":"TRUUSK Tr\u00e4dg\u00e5rdsb\u00e4dd med Kl\u00e4ttergaller och Tak - F\u00f6r Blommor, Frukt, Gr\u00f6nsaker och \u00f6rter - M\u00e5tt 196 x 44 x 181 cm - Tr\u00e4 - Orange - TRUUSK - Hem, Tr\u00e4dg\u00e5rd &amp; Fritid","isPartOf":{"@id":"https:\/\/truusk.store\/sv\/#website"},"primaryImageOfPage":{"@id":"https:\/\/truusk.store\/sv\/produkt\/truusk-tradgardsbadd-med-klattergaller-och-tak-for-blommor-frukt-gronsaker-och-orter-matt-196-x-44-x-181-cm-tra-orange\/#primaryimage"},"image":{"@id":"https:\/\/truusk.store\/sv\/produkt\/truusk-tradgardsbadd-med-klattergaller-och-tak-for-blommor-frukt-gronsaker-och-orter-matt-196-x-44-x-181-cm-tra-orange\/#primaryimage"},"thumbnailUrl":"https:\/\/i0.wp.com\/truusk.store\/wp-content\/uploads\/2026\/01\/hogbadd-med-klattergaller-och-tak-for-blommor-frukt-gronsaker-orter-196-x-44-x-181-cm-tra-orange-1.webp?fit=2000%2C2000&ssl=1","datePublished":"2026-01-28T05:57:55+00:00","dateModified":"2026-03-12T07:50:56+00:00","breadcrumb":{"@id":"https:\/\/truusk.store\/sv\/produkt\/truusk-tradgardsbadd-med-klattergaller-och-tak-for-blommor-frukt-gronsaker-och-orter-matt-196-x-44-x-181-cm-tra-orange\/#breadcrumb"},"inLanguage":"sv-SE","potentialAction":[{"@type":"ReadAction","target":["https:\/\/truusk.store\/sv\/produkt\/truusk-tradgardsbadd-med-klattergaller-och-tak-for-blommor-frukt-gronsaker-och-orter-matt-196-x-44-x-181-cm-tra-orange\/"]}]},{"@type":"ImageObject","inLanguage":"sv-SE","@id":"https:\/\/truusk.store\/sv\/produkt\/truusk-tradgardsbadd-med-klattergaller-och-tak-for-blommor-frukt-gronsaker-och-orter-matt-196-x-44-x-181-cm-tra-orange\/#primaryimage","url":"https:\/\/i0.wp.com\/truusk.store\/wp-content\/uploads\/2026\/01\/hogbadd-med-klattergaller-och-tak-for-blommor-frukt-gronsaker-orter-196-x-44-x-181-cm-tra-orange-1.webp?fit=2000%2C2000&ssl=1","contentUrl":"https:\/\/i0.wp.com\/truusk.store\/wp-content\/uploads\/2026\/01\/hogbadd-med-klattergaller-och-tak-for-blommor-frukt-gronsaker-orter-196-x-44-x-181-cm-tra-orange-1.webp?fit=2000%2C2000&ssl=1","width":2000,"height":2000},{"@type":"BreadcrumbList","@id":"https:\/\/truusk.store\/sv\/produkt\/truusk-tradgardsbadd-med-klattergaller-och-tak-for-blommor-frukt-gronsaker-och-orter-matt-196-x-44-x-181-cm-tra-orange\/#breadcrumb","itemListElement":[{"@type":"ListItem","position":1,"name":"Home","item":"https:\/\/truusk.store\/sv\/"},{"@type":"ListItem","position":2,"name":"Shop","item":"https:\/\/truusk.store\/shop\/"},{"@type":"ListItem","position":3,"name":"TRUUSK Tr\u00e4dg\u00e5rdsb\u00e4dd med Kl\u00e4ttergaller och Tak &#8211; F\u00f6r Blommor, Frukt, Gr\u00f6nsaker och \u00f6rter &#8211; M\u00e5tt 196 x 44 x 181 cm &#8211; Tr\u00e4 &#8211; Orange"}]},{"@type":"WebSite","@id":"https:\/\/truusk.store\/sv\/#website","url":"https:\/\/truusk.store\/sv\/","name":"TRUUSK - Hem, Tr\u00e4dg\u00e5rd & Fritid","description":"","publisher":{"@id":"https:\/\/truusk.store\/sv\/#organization"},"potentialAction":[{"@type":"SearchAction","target":{"@type":"EntryPoint","urlTemplate":"https:\/\/truusk.store\/sv\/?s={search_term_string}"},"query-input":{"@type":"PropertyValueSpecification","valueRequired":true,"valueName":"search_term_string"}}],"inLanguage":"sv-SE"},{"@type":"Organization","@id":"https:\/\/truusk.store\/sv\/#organization","name":"TRUUSK - Hem, Tr\u00e4dg\u00e5rd & Fritid","url":"https:\/\/truusk.store\/sv\/","logo":{"@type":"ImageObject","inLanguage":"sv-SE","@id":"https:\/\/truusk.store\/sv\/#\/schema\/logo\/image\/","url":"https:\/\/i0.wp.com\/truusk.store\/wp-content\/uploads\/2026\/03\/cropped-TRUUSK.png?fit=2032%2C917&ssl=1","contentUrl":"https:\/\/i0.wp.com\/truusk.store\/wp-content\/uploads\/2026\/03\/cropped-TRUUSK.png?fit=2032%2C917&ssl=1","width":2032,"height":917,"caption":"TRUUSK - Hem, Tr\u00e4dg\u00e5rd & Fritid"},"image":{"@id":"https:\/\/truusk.store\/sv\/#\/schema\/logo\/image\/"}}]}},"jetpack_sharing_enabled":true,"_links":{"self":[{"href":"https:\/\/truusk.store\/sv\/wp-json\/wp\/v2\/product\/102301","targetHints":{"allow":["GET"]}}],"collection":[{"href":"https:\/\/truusk.store\/sv\/wp-json\/wp\/v2\/product"}],"about":[{"href":"https:\/\/truusk.store\/sv\/wp-json\/wp\/v2\/types\/product"}],"wp:featuredmedia":[{"embeddable":true,"href":"https:\/\/truusk.store\/sv\/wp-json\/wp\/v2\/media\/102289"}],"wp:attachment":[{"href":"https:\/\/truusk.store\/sv\/wp-json\/wp\/v2\/media?parent=102301"}],"wp:term":[{"taxonomy":"product_brand","embeddable":true,"href":"https:\/\/truusk.store\/sv\/wp-json\/wp\/v2\/product_brand?post=102301"},{"taxonomy":"product_cat","embeddable":true,"href":"https:\/\/truusk.store\/sv\/wp-json\/wp\/v2\/product_cat?post=102301"},{"taxonomy":"product_tag","embeddable":true,"href":"https:\/\/truusk.store\/sv\/wp-json\/wp\/v2\/product_tag?post=102301"}],"curies":[{"name":"wp","href":"https:\/\/api.w.org\/{rel}","templated":true}]}}