{"id":102318,"date":"2026-01-28T06:59:36","date_gmt":"2026-01-28T05:59:36","guid":{"rendered":"https:\/\/truusk.store\/product\/hogbadd-i-metall-2-delars-set-135-x-90-x-30cm-ovala-hogbaddar-med-gummistripes\/"},"modified":"2026-03-12T08:50:58","modified_gmt":"2026-03-12T07:50:58","slug":"truusk-hundbadd-i-metall-2-delars-set-ovala-hogbaddar-gummistripes-135-x-90-x-30cm-for-hundar-upp-till-10-kg-svart","status":"publish","type":"product","link":"https:\/\/truusk.store\/sv\/produkt\/truusk-hundbadd-i-metall-2-delars-set-ovala-hogbaddar-gummistripes-135-x-90-x-30cm-for-hundar-upp-till-10-kg-svart\/","title":{"rendered":"TRUUSK Hundb\u00e4dd i Metall 2-delars Set &#8211; Ovala H\u00f6gb\u00e4ddar &#8211; Gummistripes &#8211; 135 x 90 x 30cm &#8211; F\u00f6r Hundar upp till 10 kg &#8211; Svart"},"content":{"rendered":"<p>Skapa utrymme och stabilitet f\u00f6r din tr\u00e4dg\u00e5rd med [BRAND NAME] Metall H\u00f6g s\u00e4ng Set. De rymliga h\u00f6ga s\u00e4ngarna erbjuder djupt planteringsutrymme f\u00f6r gr\u00f6nsaker, \u00f6rter och blommor och fr\u00e4mjar starka r\u00f6tter. Den galvaniserade konstruktionen st\u00e5r emot sol, regn och sn\u00f6. Med modul\u00e4ra paneler anpassar den sig flexibelt. Den \u00f6ppna designen s\u00e4kerst\u00e4ller optimal dr\u00e4nering och f\u00f6rhindrar rotr\u00f6ta &#8211; f\u00f6r h\u00e4lsosam tillv\u00e4xt.<\/p>\n<p>Beskrivning:<\/p>\n<ul>\n<li> Rymliga h\u00f6ga s\u00e4ngar erbjuder djupt planteringsutrymme f\u00f6r gr\u00f6nsaker, \u00f6rter och blommor<\/li>\n<li> Robust, galvaniserat st\u00e5l motst\u00e5r rost och v\u00e4der f\u00f6r l\u00e5ngvarig anv\u00e4ndning<\/li>\n<li> Modul\u00e4r design av balkong h\u00f6ga s\u00e4ngar m\u00f6jligg\u00f6r flexibel rund eller oval montering<\/li>\n<li> Sl\u00e4ta \u00f6vre kanter med gummistrip f\u00f6rb\u00e4ttrar s\u00e4kerheten under montering<\/li>\n<li> \u00d6ppen botten design s\u00e4kerst\u00e4ller b\u00e4ttre dr\u00e4nering och f\u00f6rhindrar rotr\u00f6ta<\/li>\n<\/ul>\n<p> Tekniska data:<\/p>\n<ul>\n<li> F\u00e4rg: Silver<\/li>\n<li> Material: Galvaniserat st\u00e5l<\/li>\n<li> Totala dimensioner: 135L x 90B x 30H cm<\/li>\n<li> Planteringsomr\u00e5dets dimensioner: 134L x 89B x 30H cm<\/li>\n<\/ul>\n<p>Leveransinneh\u00e5ll:<\/p>\n<ul>\n<li> 2 x Galvaniserad h\u00f6g s\u00e4ng<\/li>\n<li> 1 par handskar<\/li>\n<li> 1 x Instruktioner<\/li>\n<\/ul>\n","protected":false},"excerpt":{"rendered":"<p>Skapa utrymme och stabilitet f\u00f6r din tr\u00e4dg\u00e5rd med [BRAND NAME] Metall H\u00f6g s\u00e4ng Set. De rymliga h\u00f6ga s\u00e4ngarna erbjuder djupt&#8230;<\/p>\n","protected":false},"featured_media":102309,"template":"","meta":[],"product_brand":[],"product_cat":[924,858,1020],"product_tag":[],"class_list":{"0":"post-102318","1":"product","2":"type-product","3":"status-publish","4":"has-post-thumbnail","6":"product_cat-plantkarl","7":"product_cat-tradgard-terrass","8":"product_cat-vaxthus-tradgardsarbete","10":"first","11":"instock","12":"sale","13":"taxable","14":"shipping-taxable","15":"purchasable","16":"product-type-simple"},"yoast_head":"<!-- This site is optimized with the Yoast SEO plugin v25.4 - https:\/\/yoast.com\/wordpress\/plugins\/seo\/ -->\n<title>TRUUSK Hundb\u00e4dd i Metall 2-delars Set - Ovala H\u00f6gb\u00e4ddar - Gummistripes - 135 x 90 x 30cm - F\u00f6r Hundar upp till 10 kg - Svart - TRUUSK - Hem, Tr\u00e4dg\u00e5rd &amp; Fritid<\/title>\n<meta name=\"robots\" content=\"index, follow, max-snippet:-1, max-image-preview:large, max-video-preview:-1\" \/>\n<link rel=\"canonical\" href=\"https:\/\/truusk.store\/sv\/produkt\/truusk-hundbadd-i-metall-2-delars-set-ovala-hogbaddar-gummistripes-135-x-90-x-30cm-for-hundar-upp-till-10-kg-svart\/\" \/>\n<meta property=\"og:locale\" content=\"sv_SE\" \/>\n<meta property=\"og:type\" content=\"article\" \/>\n<meta property=\"og:title\" content=\"TRUUSK Hundb\u00e4dd i Metall 2-delars Set - Ovala H\u00f6gb\u00e4ddar - Gummistripes - 135 x 90 x 30cm - F\u00f6r Hundar upp till 10 kg - Svart - TRUUSK - Hem, Tr\u00e4dg\u00e5rd &amp; Fritid\" \/>\n<meta property=\"og:description\" content=\"Skapa utrymme och stabilitet f\u00f6r din tr\u00e4dg\u00e5rd med [BRAND NAME] Metall H\u00f6g s\u00e4ng Set. De rymliga h\u00f6ga s\u00e4ngarna erbjuder djupt...\" \/>\n<meta property=\"og:url\" content=\"https:\/\/truusk.store\/sv\/produkt\/truusk-hundbadd-i-metall-2-delars-set-ovala-hogbaddar-gummistripes-135-x-90-x-30cm-for-hundar-upp-till-10-kg-svart\/\" \/>\n<meta property=\"og:site_name\" content=\"TRUUSK - Hem, Tr\u00e4dg\u00e5rd &amp; Fritid\" \/>\n<meta property=\"article:modified_time\" content=\"2026-03-12T07:50:58+00:00\" \/>\n<meta property=\"og:image\" content=\"https:\/\/i0.wp.com\/truusk.se\/wp-content\/uploads\/2026\/01\/hogbadd-i-metall-2-delars-set-135-x-90-x-30cm-ovala-hogbaddar-med-gummistripes-1.webp?fit=2000%2C2000&ssl=1\" \/>\n\t<meta property=\"og:image:width\" content=\"2000\" \/>\n\t<meta property=\"og:image:height\" content=\"2000\" \/>\n\t<meta property=\"og:image:type\" content=\"image\/webp\" \/>\n<meta name=\"twitter:card\" content=\"summary_large_image\" \/>\n<meta name=\"twitter:label1\" content=\"Ber\u00e4knad l\u00e4stid\" \/>\n\t<meta name=\"twitter:data1\" content=\"1 minut\" \/>\n<!-- \/ Yoast SEO plugin. -->","yoast_head_json":{"title":"TRUUSK Hundb\u00e4dd i Metall 2-delars Set - Ovala H\u00f6gb\u00e4ddar - Gummistripes - 135 x 90 x 30cm - F\u00f6r Hundar upp till 10 kg - Svart - TRUUSK - Hem, Tr\u00e4dg\u00e5rd &amp; Fritid","robots":{"index":"index","follow":"follow","max-snippet":"max-snippet:-1","max-image-preview":"max-image-preview:large","max-video-preview":"max-video-preview:-1"},"canonical":"https:\/\/truusk.store\/sv\/produkt\/truusk-hundbadd-i-metall-2-delars-set-ovala-hogbaddar-gummistripes-135-x-90-x-30cm-for-hundar-upp-till-10-kg-svart\/","og_locale":"sv_SE","og_type":"article","og_title":"TRUUSK Hundb\u00e4dd i Metall 2-delars Set - Ovala H\u00f6gb\u00e4ddar - Gummistripes - 135 x 90 x 30cm - F\u00f6r Hundar upp till 10 kg - Svart - TRUUSK - Hem, Tr\u00e4dg\u00e5rd &amp; Fritid","og_description":"Skapa utrymme och stabilitet f\u00f6r din tr\u00e4dg\u00e5rd med [BRAND NAME] Metall H\u00f6g s\u00e4ng Set. De rymliga h\u00f6ga s\u00e4ngarna erbjuder djupt...","og_url":"https:\/\/truusk.store\/sv\/produkt\/truusk-hundbadd-i-metall-2-delars-set-ovala-hogbaddar-gummistripes-135-x-90-x-30cm-for-hundar-upp-till-10-kg-svart\/","og_site_name":"TRUUSK - Hem, Tr\u00e4dg\u00e5rd &amp; Fritid","article_modified_time":"2026-03-12T07:50:58+00:00","og_image":[{"width":2000,"height":2000,"url":"https:\/\/i0.wp.com\/truusk.se\/wp-content\/uploads\/2026\/01\/hogbadd-i-metall-2-delars-set-135-x-90-x-30cm-ovala-hogbaddar-med-gummistripes-1.webp?fit=2000%2C2000&ssl=1","type":"image\/webp"}],"twitter_card":"summary_large_image","twitter_misc":{"Ber\u00e4knad l\u00e4stid":"1 minut"},"schema":{"@context":"https:\/\/schema.org","@graph":[{"@type":"WebPage","@id":"https:\/\/truusk.store\/sv\/produkt\/truusk-hundbadd-i-metall-2-delars-set-ovala-hogbaddar-gummistripes-135-x-90-x-30cm-for-hundar-upp-till-10-kg-svart\/","url":"https:\/\/truusk.store\/sv\/produkt\/truusk-hundbadd-i-metall-2-delars-set-ovala-hogbaddar-gummistripes-135-x-90-x-30cm-for-hundar-upp-till-10-kg-svart\/","name":"TRUUSK Hundb\u00e4dd i Metall 2-delars Set - Ovala H\u00f6gb\u00e4ddar - Gummistripes - 135 x 90 x 30cm - F\u00f6r Hundar upp till 10 kg - Svart - TRUUSK - Hem, Tr\u00e4dg\u00e5rd &amp; Fritid","isPartOf":{"@id":"https:\/\/truusk.store\/sv\/#website"},"primaryImageOfPage":{"@id":"https:\/\/truusk.store\/sv\/produkt\/truusk-hundbadd-i-metall-2-delars-set-ovala-hogbaddar-gummistripes-135-x-90-x-30cm-for-hundar-upp-till-10-kg-svart\/#primaryimage"},"image":{"@id":"https:\/\/truusk.store\/sv\/produkt\/truusk-hundbadd-i-metall-2-delars-set-ovala-hogbaddar-gummistripes-135-x-90-x-30cm-for-hundar-upp-till-10-kg-svart\/#primaryimage"},"thumbnailUrl":"https:\/\/i0.wp.com\/truusk.store\/wp-content\/uploads\/2026\/01\/hogbadd-i-metall-2-delars-set-135-x-90-x-30cm-ovala-hogbaddar-med-gummistripes-1.webp?fit=2000%2C2000&ssl=1","datePublished":"2026-01-28T05:59:36+00:00","dateModified":"2026-03-12T07:50:58+00:00","breadcrumb":{"@id":"https:\/\/truusk.store\/sv\/produkt\/truusk-hundbadd-i-metall-2-delars-set-ovala-hogbaddar-gummistripes-135-x-90-x-30cm-for-hundar-upp-till-10-kg-svart\/#breadcrumb"},"inLanguage":"sv-SE","potentialAction":[{"@type":"ReadAction","target":["https:\/\/truusk.store\/sv\/produkt\/truusk-hundbadd-i-metall-2-delars-set-ovala-hogbaddar-gummistripes-135-x-90-x-30cm-for-hundar-upp-till-10-kg-svart\/"]}]},{"@type":"ImageObject","inLanguage":"sv-SE","@id":"https:\/\/truusk.store\/sv\/produkt\/truusk-hundbadd-i-metall-2-delars-set-ovala-hogbaddar-gummistripes-135-x-90-x-30cm-for-hundar-upp-till-10-kg-svart\/#primaryimage","url":"https:\/\/i0.wp.com\/truusk.store\/wp-content\/uploads\/2026\/01\/hogbadd-i-metall-2-delars-set-135-x-90-x-30cm-ovala-hogbaddar-med-gummistripes-1.webp?fit=2000%2C2000&ssl=1","contentUrl":"https:\/\/i0.wp.com\/truusk.store\/wp-content\/uploads\/2026\/01\/hogbadd-i-metall-2-delars-set-135-x-90-x-30cm-ovala-hogbaddar-med-gummistripes-1.webp?fit=2000%2C2000&ssl=1","width":2000,"height":2000},{"@type":"BreadcrumbList","@id":"https:\/\/truusk.store\/sv\/produkt\/truusk-hundbadd-i-metall-2-delars-set-ovala-hogbaddar-gummistripes-135-x-90-x-30cm-for-hundar-upp-till-10-kg-svart\/#breadcrumb","itemListElement":[{"@type":"ListItem","position":1,"name":"Home","item":"https:\/\/truusk.store\/sv\/"},{"@type":"ListItem","position":2,"name":"Shop","item":"https:\/\/truusk.store\/shop\/"},{"@type":"ListItem","position":3,"name":"TRUUSK Hundb\u00e4dd i Metall 2-delars Set &#8211; Ovala H\u00f6gb\u00e4ddar &#8211; Gummistripes &#8211; 135 x 90 x 30cm &#8211; F\u00f6r Hundar upp till 10 kg &#8211; Svart"}]},{"@type":"WebSite","@id":"https:\/\/truusk.store\/sv\/#website","url":"https:\/\/truusk.store\/sv\/","name":"TRUUSK - Hem, Tr\u00e4dg\u00e5rd & Fritid","description":"","publisher":{"@id":"https:\/\/truusk.store\/sv\/#organization"},"potentialAction":[{"@type":"SearchAction","target":{"@type":"EntryPoint","urlTemplate":"https:\/\/truusk.store\/sv\/?s={search_term_string}"},"query-input":{"@type":"PropertyValueSpecification","valueRequired":true,"valueName":"search_term_string"}}],"inLanguage":"sv-SE"},{"@type":"Organization","@id":"https:\/\/truusk.store\/sv\/#organization","name":"TRUUSK - Hem, Tr\u00e4dg\u00e5rd & Fritid","url":"https:\/\/truusk.store\/sv\/","logo":{"@type":"ImageObject","inLanguage":"sv-SE","@id":"https:\/\/truusk.store\/sv\/#\/schema\/logo\/image\/","url":"https:\/\/i0.wp.com\/truusk.store\/wp-content\/uploads\/2026\/03\/cropped-TRUUSK.png?fit=2032%2C917&ssl=1","contentUrl":"https:\/\/i0.wp.com\/truusk.store\/wp-content\/uploads\/2026\/03\/cropped-TRUUSK.png?fit=2032%2C917&ssl=1","width":2032,"height":917,"caption":"TRUUSK - Hem, Tr\u00e4dg\u00e5rd & Fritid"},"image":{"@id":"https:\/\/truusk.store\/sv\/#\/schema\/logo\/image\/"}}]}},"jetpack_sharing_enabled":true,"_links":{"self":[{"href":"https:\/\/truusk.store\/sv\/wp-json\/wp\/v2\/product\/102318","targetHints":{"allow":["GET"]}}],"collection":[{"href":"https:\/\/truusk.store\/sv\/wp-json\/wp\/v2\/product"}],"about":[{"href":"https:\/\/truusk.store\/sv\/wp-json\/wp\/v2\/types\/product"}],"wp:featuredmedia":[{"embeddable":true,"href":"https:\/\/truusk.store\/sv\/wp-json\/wp\/v2\/media\/102309"}],"wp:attachment":[{"href":"https:\/\/truusk.store\/sv\/wp-json\/wp\/v2\/media?parent=102318"}],"wp:term":[{"taxonomy":"product_brand","embeddable":true,"href":"https:\/\/truusk.store\/sv\/wp-json\/wp\/v2\/product_brand?post=102318"},{"taxonomy":"product_cat","embeddable":true,"href":"https:\/\/truusk.store\/sv\/wp-json\/wp\/v2\/product_cat?post=102318"},{"taxonomy":"product_tag","embeddable":true,"href":"https:\/\/truusk.store\/sv\/wp-json\/wp\/v2\/product_tag?post=102318"}],"curies":[{"name":"wp","href":"https:\/\/api.w.org\/{rel}","templated":true}]}}