{"id":102348,"date":"2026-01-28T07:02:45","date_gmt":"2026-01-28T06:02:45","guid":{"rendered":"https:\/\/truusk.store\/product\/vaxthus-ca-4-x-3-x-2-m-med-rullbar-plastfilm-2-dragkedjedorrar-8-nat-fonster-stodstanger-gron\/"},"modified":"2026-03-12T08:50:59","modified_gmt":"2026-03-12T07:50:59","slug":"truusk-vaxthus-4x3x2m-rullbar-plastfilm-2-dragkedjedorrar-8-nat-fonster-stodstanger-gron","status":"publish","type":"product","link":"https:\/\/truusk.store\/sv\/produkt\/truusk-vaxthus-4x3x2m-rullbar-plastfilm-2-dragkedjedorrar-8-nat-fonster-stodstanger-gron\/","title":{"rendered":"TRUUSK V\u00e4xthus 4x3x2m &#8211; Rullbar Plastfilm &#8211; 2 Dragkedjed\u00f6rrar &#8211; 8 N\u00e4t F\u00f6nster &#8211; St\u00f6dst\u00e4nger &#8211; Gr\u00f6n"},"content":{"rendered":"<p>St\u00f6rd av v\u00e4xlande v\u00e4der och irriterande inkr\u00e4ktare i tr\u00e4dg\u00e5rden? [BRAND NAME] v\u00e4xthuset \u00e4r l\u00f6sningen. Den galvaniserade st\u00e5lramen med diagonala stag och st\u00f6dst\u00e4nger ger extra stabilitet, medan PE-\u00f6verdraget skapar ett idealiskt mikroklimat. Ventilerade rullande d\u00f6rrar och f\u00f6nster garanterar optimala f\u00f6rh\u00e5llanden f\u00f6r dina v\u00e4xter. Perfekt f\u00f6r hobbytr\u00e4dg\u00e5rdsm\u00e4stare som s\u00f6ker ett rymligt plastv\u00e4xthus f\u00f6r deras tr\u00e4dg\u00e5rdspolytunnel-paradis!<\/p>\n<p>Beskrivning:<\/p>\n<ul>\n<li> Tv\u00e5 avtagbara och uttagbara st\u00f6dst\u00e4nger ger f\u00f6rst\u00e4rkt stabilitet<\/li>\n<li> Med en PE-\u00f6verdrag som ger UV-skydd och f\u00f6rl\u00e4nger livsl\u00e4ngden<\/li>\n<li> Upprullbara d\u00f6rrar f\u00f6r enkel \u00e5tkomst och bekv\u00e4m transport av verktyg<\/li>\n<li> Meshf\u00f6nster i plasttunneln ger utm\u00e4rkt korsventilation<\/li>\n<li> Rymlig walk-in-design m\u00f6jligg\u00f6r enkel v\u00e4xtv\u00e5rd<\/li>\n<li> F\u00f6rl\u00e4ngd \u00f6verdrag av plastv\u00e4xthuset f\u00f6rb\u00e4ttrar stabilitet, isolering och t\u00e4tning<\/li>\n<li> Fyra f\u00f6rankringslinor, som \u00e4r f\u00e4sta i marken med markankare, \u00f6kar vindmotst\u00e5ndet<\/li>\n<li> Montering kr\u00e4vs<\/li>\n<\/ul>\n<p> Tekniska data:<\/p>\n<ul>\n<li> F\u00e4rg: Gr\u00f6n<\/li>\n<li> Material: PE, galvaniserat st\u00e5l<\/li>\n<li> Totala dimensioner: 295B x 400T x 200H cm<\/li>\n<li> D\u00f6rrstorlek: 160B x 170H cm<\/li>\n<li> F\u00f6nsterstorlek: 35B x 35H cm<\/li>\n<li> Bredd p\u00e5 f\u00f6rl\u00e4ngda kanter: 15 cm<\/li>\n<li> Vindt\u00e4t: Niv\u00e5 5<\/li>\n<li> Sn\u00f6belastning: 15 kg\/\u33a1<\/li>\n<\/ul>\n<p>Leveransinneh\u00e5ll:<\/p>\n<ul>\n<li> 1 x v\u00e4xthus<\/li>\n<li> 4 x f\u00f6rankringslina<\/li>\n<li> 4 x markankare<\/li>\n<li> 2 x st\u00f6dst\u00e5ng<\/li>\n<li> 1 x instruktioner<\/li>\n<\/ul>\n","protected":false},"excerpt":{"rendered":"<p>St\u00f6rd av v\u00e4xlande v\u00e4der och irriterande inkr\u00e4ktare i tr\u00e4dg\u00e5rden? [BRAND NAME] v\u00e4xthuset \u00e4r l\u00f6sningen. Den galvaniserade st\u00e5lramen med diagonala stag&#8230;<\/p>\n","protected":false},"featured_media":102335,"template":"","meta":[],"product_brand":[],"product_cat":[903,858,443],"product_tag":[],"class_list":{"0":"post-102348","1":"product","2":"type-product","3":"status-publish","4":"has-post-thumbnail","6":"product_cat-plastvaxthus","7":"product_cat-tradgard-terrass","8":"product_cat-vaxthus-tradgardsskotsel","10":"first","11":"instock","12":"sale","13":"taxable","14":"shipping-taxable","15":"purchasable","16":"product-type-simple"},"yoast_head":"<!-- This site is optimized with the Yoast SEO plugin v25.4 - https:\/\/yoast.com\/wordpress\/plugins\/seo\/ -->\n<title>TRUUSK V\u00e4xthus 4x3x2m - Rullbar Plastfilm - 2 Dragkedjed\u00f6rrar - 8 N\u00e4t F\u00f6nster - St\u00f6dst\u00e4nger - Gr\u00f6n - TRUUSK - Hem, Tr\u00e4dg\u00e5rd &amp; Fritid<\/title>\n<meta name=\"robots\" content=\"index, follow, max-snippet:-1, max-image-preview:large, max-video-preview:-1\" \/>\n<link rel=\"canonical\" href=\"https:\/\/truusk.store\/sv\/produkt\/truusk-vaxthus-4x3x2m-rullbar-plastfilm-2-dragkedjedorrar-8-nat-fonster-stodstanger-gron\/\" \/>\n<meta property=\"og:locale\" content=\"sv_SE\" \/>\n<meta property=\"og:type\" content=\"article\" \/>\n<meta property=\"og:title\" content=\"TRUUSK V\u00e4xthus 4x3x2m - Rullbar Plastfilm - 2 Dragkedjed\u00f6rrar - 8 N\u00e4t F\u00f6nster - St\u00f6dst\u00e4nger - Gr\u00f6n - TRUUSK - Hem, Tr\u00e4dg\u00e5rd &amp; Fritid\" \/>\n<meta property=\"og:description\" content=\"St\u00f6rd av v\u00e4xlande v\u00e4der och irriterande inkr\u00e4ktare i tr\u00e4dg\u00e5rden? [BRAND NAME] v\u00e4xthuset \u00e4r l\u00f6sningen. Den galvaniserade st\u00e5lramen med diagonala stag...\" \/>\n<meta property=\"og:url\" content=\"https:\/\/truusk.store\/sv\/produkt\/truusk-vaxthus-4x3x2m-rullbar-plastfilm-2-dragkedjedorrar-8-nat-fonster-stodstanger-gron\/\" \/>\n<meta property=\"og:site_name\" content=\"TRUUSK - Hem, Tr\u00e4dg\u00e5rd &amp; Fritid\" \/>\n<meta property=\"article:modified_time\" content=\"2026-03-12T07:50:59+00:00\" \/>\n<meta property=\"og:image\" content=\"https:\/\/i0.wp.com\/truusk.se\/wp-content\/uploads\/2026\/01\/vaxthus-ca-4-x-3-x-2-m-med-rullbar-plastfilm-2-dragkedjedorrar-8-nat-fonster-stodstanger-gron-1.webp?fit=2000%2C2000&ssl=1\" \/>\n\t<meta property=\"og:image:width\" content=\"2000\" \/>\n\t<meta property=\"og:image:height\" content=\"2000\" \/>\n\t<meta property=\"og:image:type\" content=\"image\/webp\" \/>\n<meta name=\"twitter:card\" content=\"summary_large_image\" \/>\n<meta name=\"twitter:label1\" content=\"Ber\u00e4knad l\u00e4stid\" \/>\n\t<meta name=\"twitter:data1\" content=\"1 minut\" \/>\n<!-- \/ Yoast SEO plugin. -->","yoast_head_json":{"title":"TRUUSK V\u00e4xthus 4x3x2m - Rullbar Plastfilm - 2 Dragkedjed\u00f6rrar - 8 N\u00e4t F\u00f6nster - St\u00f6dst\u00e4nger - Gr\u00f6n - TRUUSK - Hem, Tr\u00e4dg\u00e5rd &amp; Fritid","robots":{"index":"index","follow":"follow","max-snippet":"max-snippet:-1","max-image-preview":"max-image-preview:large","max-video-preview":"max-video-preview:-1"},"canonical":"https:\/\/truusk.store\/sv\/produkt\/truusk-vaxthus-4x3x2m-rullbar-plastfilm-2-dragkedjedorrar-8-nat-fonster-stodstanger-gron\/","og_locale":"sv_SE","og_type":"article","og_title":"TRUUSK V\u00e4xthus 4x3x2m - Rullbar Plastfilm - 2 Dragkedjed\u00f6rrar - 8 N\u00e4t F\u00f6nster - St\u00f6dst\u00e4nger - Gr\u00f6n - TRUUSK - Hem, Tr\u00e4dg\u00e5rd &amp; Fritid","og_description":"St\u00f6rd av v\u00e4xlande v\u00e4der och irriterande inkr\u00e4ktare i tr\u00e4dg\u00e5rden? [BRAND NAME] v\u00e4xthuset \u00e4r l\u00f6sningen. Den galvaniserade st\u00e5lramen med diagonala stag...","og_url":"https:\/\/truusk.store\/sv\/produkt\/truusk-vaxthus-4x3x2m-rullbar-plastfilm-2-dragkedjedorrar-8-nat-fonster-stodstanger-gron\/","og_site_name":"TRUUSK - Hem, Tr\u00e4dg\u00e5rd &amp; Fritid","article_modified_time":"2026-03-12T07:50:59+00:00","og_image":[{"width":2000,"height":2000,"url":"https:\/\/i0.wp.com\/truusk.se\/wp-content\/uploads\/2026\/01\/vaxthus-ca-4-x-3-x-2-m-med-rullbar-plastfilm-2-dragkedjedorrar-8-nat-fonster-stodstanger-gron-1.webp?fit=2000%2C2000&ssl=1","type":"image\/webp"}],"twitter_card":"summary_large_image","twitter_misc":{"Ber\u00e4knad l\u00e4stid":"1 minut"},"schema":{"@context":"https:\/\/schema.org","@graph":[{"@type":"WebPage","@id":"https:\/\/truusk.store\/sv\/produkt\/truusk-vaxthus-4x3x2m-rullbar-plastfilm-2-dragkedjedorrar-8-nat-fonster-stodstanger-gron\/","url":"https:\/\/truusk.store\/sv\/produkt\/truusk-vaxthus-4x3x2m-rullbar-plastfilm-2-dragkedjedorrar-8-nat-fonster-stodstanger-gron\/","name":"TRUUSK V\u00e4xthus 4x3x2m - Rullbar Plastfilm - 2 Dragkedjed\u00f6rrar - 8 N\u00e4t F\u00f6nster - St\u00f6dst\u00e4nger - Gr\u00f6n - TRUUSK - Hem, Tr\u00e4dg\u00e5rd &amp; Fritid","isPartOf":{"@id":"https:\/\/truusk.store\/sv\/#website"},"primaryImageOfPage":{"@id":"https:\/\/truusk.store\/sv\/produkt\/truusk-vaxthus-4x3x2m-rullbar-plastfilm-2-dragkedjedorrar-8-nat-fonster-stodstanger-gron\/#primaryimage"},"image":{"@id":"https:\/\/truusk.store\/sv\/produkt\/truusk-vaxthus-4x3x2m-rullbar-plastfilm-2-dragkedjedorrar-8-nat-fonster-stodstanger-gron\/#primaryimage"},"thumbnailUrl":"https:\/\/i0.wp.com\/truusk.store\/wp-content\/uploads\/2026\/01\/vaxthus-ca-4-x-3-x-2-m-med-rullbar-plastfilm-2-dragkedjedorrar-8-nat-fonster-stodstanger-gron-1.webp?fit=2000%2C2000&ssl=1","datePublished":"2026-01-28T06:02:45+00:00","dateModified":"2026-03-12T07:50:59+00:00","breadcrumb":{"@id":"https:\/\/truusk.store\/sv\/produkt\/truusk-vaxthus-4x3x2m-rullbar-plastfilm-2-dragkedjedorrar-8-nat-fonster-stodstanger-gron\/#breadcrumb"},"inLanguage":"sv-SE","potentialAction":[{"@type":"ReadAction","target":["https:\/\/truusk.store\/sv\/produkt\/truusk-vaxthus-4x3x2m-rullbar-plastfilm-2-dragkedjedorrar-8-nat-fonster-stodstanger-gron\/"]}]},{"@type":"ImageObject","inLanguage":"sv-SE","@id":"https:\/\/truusk.store\/sv\/produkt\/truusk-vaxthus-4x3x2m-rullbar-plastfilm-2-dragkedjedorrar-8-nat-fonster-stodstanger-gron\/#primaryimage","url":"https:\/\/i0.wp.com\/truusk.store\/wp-content\/uploads\/2026\/01\/vaxthus-ca-4-x-3-x-2-m-med-rullbar-plastfilm-2-dragkedjedorrar-8-nat-fonster-stodstanger-gron-1.webp?fit=2000%2C2000&ssl=1","contentUrl":"https:\/\/i0.wp.com\/truusk.store\/wp-content\/uploads\/2026\/01\/vaxthus-ca-4-x-3-x-2-m-med-rullbar-plastfilm-2-dragkedjedorrar-8-nat-fonster-stodstanger-gron-1.webp?fit=2000%2C2000&ssl=1","width":2000,"height":2000},{"@type":"BreadcrumbList","@id":"https:\/\/truusk.store\/sv\/produkt\/truusk-vaxthus-4x3x2m-rullbar-plastfilm-2-dragkedjedorrar-8-nat-fonster-stodstanger-gron\/#breadcrumb","itemListElement":[{"@type":"ListItem","position":1,"name":"Home","item":"https:\/\/truusk.store\/sv\/"},{"@type":"ListItem","position":2,"name":"Shop","item":"https:\/\/truusk.store\/shop\/"},{"@type":"ListItem","position":3,"name":"TRUUSK V\u00e4xthus 4x3x2m &#8211; Rullbar Plastfilm &#8211; 2 Dragkedjed\u00f6rrar &#8211; 8 N\u00e4t F\u00f6nster &#8211; St\u00f6dst\u00e4nger &#8211; Gr\u00f6n"}]},{"@type":"WebSite","@id":"https:\/\/truusk.store\/sv\/#website","url":"https:\/\/truusk.store\/sv\/","name":"TRUUSK - Hem, Tr\u00e4dg\u00e5rd & Fritid","description":"","publisher":{"@id":"https:\/\/truusk.store\/sv\/#organization"},"potentialAction":[{"@type":"SearchAction","target":{"@type":"EntryPoint","urlTemplate":"https:\/\/truusk.store\/sv\/?s={search_term_string}"},"query-input":{"@type":"PropertyValueSpecification","valueRequired":true,"valueName":"search_term_string"}}],"inLanguage":"sv-SE"},{"@type":"Organization","@id":"https:\/\/truusk.store\/sv\/#organization","name":"TRUUSK - Hem, Tr\u00e4dg\u00e5rd & Fritid","url":"https:\/\/truusk.store\/sv\/","logo":{"@type":"ImageObject","inLanguage":"sv-SE","@id":"https:\/\/truusk.store\/sv\/#\/schema\/logo\/image\/","url":"https:\/\/i0.wp.com\/truusk.store\/wp-content\/uploads\/2026\/03\/cropped-TRUUSK.png?fit=2032%2C917&ssl=1","contentUrl":"https:\/\/i0.wp.com\/truusk.store\/wp-content\/uploads\/2026\/03\/cropped-TRUUSK.png?fit=2032%2C917&ssl=1","width":2032,"height":917,"caption":"TRUUSK - Hem, Tr\u00e4dg\u00e5rd & Fritid"},"image":{"@id":"https:\/\/truusk.store\/sv\/#\/schema\/logo\/image\/"}}]}},"jetpack_sharing_enabled":true,"_links":{"self":[{"href":"https:\/\/truusk.store\/sv\/wp-json\/wp\/v2\/product\/102348","targetHints":{"allow":["GET"]}}],"collection":[{"href":"https:\/\/truusk.store\/sv\/wp-json\/wp\/v2\/product"}],"about":[{"href":"https:\/\/truusk.store\/sv\/wp-json\/wp\/v2\/types\/product"}],"wp:featuredmedia":[{"embeddable":true,"href":"https:\/\/truusk.store\/sv\/wp-json\/wp\/v2\/media\/102335"}],"wp:attachment":[{"href":"https:\/\/truusk.store\/sv\/wp-json\/wp\/v2\/media?parent=102348"}],"wp:term":[{"taxonomy":"product_brand","embeddable":true,"href":"https:\/\/truusk.store\/sv\/wp-json\/wp\/v2\/product_brand?post=102348"},{"taxonomy":"product_cat","embeddable":true,"href":"https:\/\/truusk.store\/sv\/wp-json\/wp\/v2\/product_cat?post=102348"},{"taxonomy":"product_tag","embeddable":true,"href":"https:\/\/truusk.store\/sv\/wp-json\/wp\/v2\/product_tag?post=102348"}],"curies":[{"name":"wp","href":"https:\/\/api.w.org\/{rel}","templated":true}]}}