{"id":102368,"date":"2026-01-28T07:04:34","date_gmt":"2026-01-28T06:04:34","guid":{"rendered":"https:\/\/truusk.store\/product\/hogbadd-i-metall-180-x-90-x-575-cm-djup-tradgardsbadd-med-oppen-botten-stodstang-morkgra\/"},"modified":"2026-03-12T08:50:59","modified_gmt":"2026-03-12T07:50:59","slug":"truusk-hogbadd-i-metall-180-x-90-x-575-cm-djup-tradgardsbadd-med-oppen-botten-stodstang-morkgra","status":"publish","type":"product","link":"https:\/\/truusk.store\/sv\/produkt\/truusk-hogbadd-i-metall-180-x-90-x-575-cm-djup-tradgardsbadd-med-oppen-botten-stodstang-morkgra\/","title":{"rendered":"TRUUSK H\u00f6gb\u00e4dd i metall 180 x 90 x 57,5 cm &#8211; Djup tr\u00e4dg\u00e5rdsb\u00e4dd med \u00f6ppen botten &#8211; St\u00f6dst\u00e5ng &#8211; M\u00f6rkgr\u00e5"},"content":{"rendered":"<p>Ut\u00f6ka din tr\u00e4dg\u00e5rd med [BRAND NAME] h\u00f6gkvarter. Denna 57,5 cm djupa, galvaniserade metallh\u00f6gkvarter erbjuder idealiska f\u00f6rh\u00e5llanden f\u00f6r \u00f6rter, blommor och gr\u00f6nsaker att utveckla starka r\u00f6tter. F\u00f6rst\u00e4rkta st\u00e5lpaneler och st\u00f6dst\u00e4nger garanterar l\u00e5ngvarig stabilitet, medan det \u00f6ppna bottenutformningen f\u00f6rb\u00e4ttrar dr\u00e4nering och mark\u00e5tkomst. Sl\u00e4ta, vikta kanter g\u00f6r tr\u00e4dg\u00e5rdsarbete s\u00e4kert och bekv\u00e4mt f\u00f6r hela familjen.<\/p>\n<p>Beskrivning:<\/p>\n<ul>\n<li> 57,5 cm extra djup design, idealisk f\u00f6r djupt rotade v\u00e4xter<\/li>\n<li> Galvaniserad st\u00e5lkonstruktion av balkongh\u00f6gkvarter f\u00f6r h\u00e5llbarhet och stabilitet<\/li>\n<li> Pulverlackerad yta f\u00f6r \u00f6kad rostbest\u00e4ndighet utomhus<\/li>\n<li> \u00d6ppen botten fr\u00e4mjar naturlig rotv\u00e4xt och effektiv dr\u00e4nering<\/li>\n<li> Kantsskydd med rundade h\u00f6rn p\u00e5 \u00f6rtb\u00e4dden minimerar risken f\u00f6r skador<\/li>\n<li> L\u00e4mplig f\u00f6r odling av \u00f6rter, blommor och gr\u00f6nsaker<\/li>\n<li> Enkel montering f\u00f6r en problemfri installation.<\/li>\n<\/ul>\n<p> Tekniska data:<\/p>\n<ul>\n<li> F\u00e4rg: M\u00f6rkgr\u00e5<\/li>\n<li> Material: Galvaniserat st\u00e5l<\/li>\n<li> Totala m\u00e5tt: 180L x 90B x 57,5H cm<\/li>\n<li> Inre m\u00e5tt p\u00e5 planteringsl\u00e5dan: 177L x 87B x 57,5H cm<\/li>\n<li> Storlek p\u00e5 anslutningsplattan: 10,5B x 57,5H cm<\/li>\n<\/ul>\n<p>Leverans inneh\u00e5ller:<\/p>\n<ul>\n<li> 1 x H\u00f6gkvarter<\/li>\n<li> 3 x St\u00f6dst\u00e5ng<\/li>\n<li> 4 x Anslutningsplatta<\/li>\n<li> 1 x Par handskar<\/li>\n<li> 1 x Instruktioner<\/li>\n<\/ul>\n","protected":false},"excerpt":{"rendered":"<p>Ut\u00f6ka din tr\u00e4dg\u00e5rd med [BRAND NAME] h\u00f6gkvarter. Denna 57,5 cm djupa, galvaniserade metallh\u00f6gkvarter erbjuder idealiska f\u00f6rh\u00e5llanden f\u00f6r \u00f6rter, blommor och&#8230;<\/p>\n","protected":false},"featured_media":102358,"template":"","meta":[],"product_brand":[],"product_cat":[924,858,443],"product_tag":[],"class_list":{"0":"post-102368","1":"product","2":"type-product","3":"status-publish","4":"has-post-thumbnail","6":"product_cat-plantkarl","7":"product_cat-tradgard-terrass","8":"product_cat-vaxthus-tradgardsskotsel","10":"first","11":"instock","12":"sale","13":"taxable","14":"shipping-taxable","15":"purchasable","16":"product-type-simple"},"yoast_head":"<!-- This site is optimized with the Yoast SEO plugin v25.4 - https:\/\/yoast.com\/wordpress\/plugins\/seo\/ -->\n<title>TRUUSK H\u00f6gb\u00e4dd i metall 180 x 90 x 57,5 cm - Djup tr\u00e4dg\u00e5rdsb\u00e4dd med \u00f6ppen botten - St\u00f6dst\u00e5ng - M\u00f6rkgr\u00e5 - TRUUSK - Hem, Tr\u00e4dg\u00e5rd &amp; Fritid<\/title>\n<meta name=\"robots\" content=\"index, follow, max-snippet:-1, max-image-preview:large, max-video-preview:-1\" \/>\n<link rel=\"canonical\" href=\"https:\/\/truusk.store\/sv\/produkt\/truusk-hogbadd-i-metall-180-x-90-x-575-cm-djup-tradgardsbadd-med-oppen-botten-stodstang-morkgra\/\" \/>\n<meta property=\"og:locale\" content=\"sv_SE\" \/>\n<meta property=\"og:type\" content=\"article\" \/>\n<meta property=\"og:title\" content=\"TRUUSK H\u00f6gb\u00e4dd i metall 180 x 90 x 57,5 cm - Djup tr\u00e4dg\u00e5rdsb\u00e4dd med \u00f6ppen botten - St\u00f6dst\u00e5ng - M\u00f6rkgr\u00e5 - TRUUSK - Hem, Tr\u00e4dg\u00e5rd &amp; Fritid\" \/>\n<meta property=\"og:description\" content=\"Ut\u00f6ka din tr\u00e4dg\u00e5rd med [BRAND NAME] h\u00f6gkvarter. Denna 57,5 cm djupa, galvaniserade metallh\u00f6gkvarter erbjuder idealiska f\u00f6rh\u00e5llanden f\u00f6r \u00f6rter, blommor och...\" \/>\n<meta property=\"og:url\" content=\"https:\/\/truusk.store\/sv\/produkt\/truusk-hogbadd-i-metall-180-x-90-x-575-cm-djup-tradgardsbadd-med-oppen-botten-stodstang-morkgra\/\" \/>\n<meta property=\"og:site_name\" content=\"TRUUSK - Hem, Tr\u00e4dg\u00e5rd &amp; Fritid\" \/>\n<meta property=\"article:modified_time\" content=\"2026-03-12T07:50:59+00:00\" \/>\n<meta property=\"og:image\" content=\"https:\/\/i0.wp.com\/truusk.se\/wp-content\/uploads\/2026\/01\/hogbadd-i-metall-180-x-90-x-575-cm-djup-tradgardsbadd-med-oppen-botten-stodstang-morkgra-1.webp?fit=2000%2C2000&ssl=1\" \/>\n\t<meta property=\"og:image:width\" content=\"2000\" \/>\n\t<meta property=\"og:image:height\" content=\"2000\" \/>\n\t<meta property=\"og:image:type\" content=\"image\/webp\" \/>\n<meta name=\"twitter:card\" content=\"summary_large_image\" \/>\n<meta name=\"twitter:label1\" content=\"Ber\u00e4knad l\u00e4stid\" \/>\n\t<meta name=\"twitter:data1\" content=\"1 minut\" \/>\n<!-- \/ Yoast SEO plugin. -->","yoast_head_json":{"title":"TRUUSK H\u00f6gb\u00e4dd i metall 180 x 90 x 57,5 cm - Djup tr\u00e4dg\u00e5rdsb\u00e4dd med \u00f6ppen botten - St\u00f6dst\u00e5ng - M\u00f6rkgr\u00e5 - TRUUSK - Hem, Tr\u00e4dg\u00e5rd &amp; Fritid","robots":{"index":"index","follow":"follow","max-snippet":"max-snippet:-1","max-image-preview":"max-image-preview:large","max-video-preview":"max-video-preview:-1"},"canonical":"https:\/\/truusk.store\/sv\/produkt\/truusk-hogbadd-i-metall-180-x-90-x-575-cm-djup-tradgardsbadd-med-oppen-botten-stodstang-morkgra\/","og_locale":"sv_SE","og_type":"article","og_title":"TRUUSK H\u00f6gb\u00e4dd i metall 180 x 90 x 57,5 cm - Djup tr\u00e4dg\u00e5rdsb\u00e4dd med \u00f6ppen botten - St\u00f6dst\u00e5ng - M\u00f6rkgr\u00e5 - TRUUSK - Hem, Tr\u00e4dg\u00e5rd &amp; Fritid","og_description":"Ut\u00f6ka din tr\u00e4dg\u00e5rd med [BRAND NAME] h\u00f6gkvarter. Denna 57,5 cm djupa, galvaniserade metallh\u00f6gkvarter erbjuder idealiska f\u00f6rh\u00e5llanden f\u00f6r \u00f6rter, blommor och...","og_url":"https:\/\/truusk.store\/sv\/produkt\/truusk-hogbadd-i-metall-180-x-90-x-575-cm-djup-tradgardsbadd-med-oppen-botten-stodstang-morkgra\/","og_site_name":"TRUUSK - Hem, Tr\u00e4dg\u00e5rd &amp; Fritid","article_modified_time":"2026-03-12T07:50:59+00:00","og_image":[{"width":2000,"height":2000,"url":"https:\/\/i0.wp.com\/truusk.se\/wp-content\/uploads\/2026\/01\/hogbadd-i-metall-180-x-90-x-575-cm-djup-tradgardsbadd-med-oppen-botten-stodstang-morkgra-1.webp?fit=2000%2C2000&ssl=1","type":"image\/webp"}],"twitter_card":"summary_large_image","twitter_misc":{"Ber\u00e4knad l\u00e4stid":"1 minut"},"schema":{"@context":"https:\/\/schema.org","@graph":[{"@type":"WebPage","@id":"https:\/\/truusk.store\/sv\/produkt\/truusk-hogbadd-i-metall-180-x-90-x-575-cm-djup-tradgardsbadd-med-oppen-botten-stodstang-morkgra\/","url":"https:\/\/truusk.store\/sv\/produkt\/truusk-hogbadd-i-metall-180-x-90-x-575-cm-djup-tradgardsbadd-med-oppen-botten-stodstang-morkgra\/","name":"TRUUSK H\u00f6gb\u00e4dd i metall 180 x 90 x 57,5 cm - Djup tr\u00e4dg\u00e5rdsb\u00e4dd med \u00f6ppen botten - St\u00f6dst\u00e5ng - M\u00f6rkgr\u00e5 - TRUUSK - Hem, Tr\u00e4dg\u00e5rd &amp; Fritid","isPartOf":{"@id":"https:\/\/truusk.store\/sv\/#website"},"primaryImageOfPage":{"@id":"https:\/\/truusk.store\/sv\/produkt\/truusk-hogbadd-i-metall-180-x-90-x-575-cm-djup-tradgardsbadd-med-oppen-botten-stodstang-morkgra\/#primaryimage"},"image":{"@id":"https:\/\/truusk.store\/sv\/produkt\/truusk-hogbadd-i-metall-180-x-90-x-575-cm-djup-tradgardsbadd-med-oppen-botten-stodstang-morkgra\/#primaryimage"},"thumbnailUrl":"https:\/\/i0.wp.com\/truusk.store\/wp-content\/uploads\/2026\/01\/hogbadd-i-metall-180-x-90-x-575-cm-djup-tradgardsbadd-med-oppen-botten-stodstang-morkgra-1.webp?fit=2000%2C2000&ssl=1","datePublished":"2026-01-28T06:04:34+00:00","dateModified":"2026-03-12T07:50:59+00:00","breadcrumb":{"@id":"https:\/\/truusk.store\/sv\/produkt\/truusk-hogbadd-i-metall-180-x-90-x-575-cm-djup-tradgardsbadd-med-oppen-botten-stodstang-morkgra\/#breadcrumb"},"inLanguage":"sv-SE","potentialAction":[{"@type":"ReadAction","target":["https:\/\/truusk.store\/sv\/produkt\/truusk-hogbadd-i-metall-180-x-90-x-575-cm-djup-tradgardsbadd-med-oppen-botten-stodstang-morkgra\/"]}]},{"@type":"ImageObject","inLanguage":"sv-SE","@id":"https:\/\/truusk.store\/sv\/produkt\/truusk-hogbadd-i-metall-180-x-90-x-575-cm-djup-tradgardsbadd-med-oppen-botten-stodstang-morkgra\/#primaryimage","url":"https:\/\/i0.wp.com\/truusk.store\/wp-content\/uploads\/2026\/01\/hogbadd-i-metall-180-x-90-x-575-cm-djup-tradgardsbadd-med-oppen-botten-stodstang-morkgra-1.webp?fit=2000%2C2000&ssl=1","contentUrl":"https:\/\/i0.wp.com\/truusk.store\/wp-content\/uploads\/2026\/01\/hogbadd-i-metall-180-x-90-x-575-cm-djup-tradgardsbadd-med-oppen-botten-stodstang-morkgra-1.webp?fit=2000%2C2000&ssl=1","width":2000,"height":2000},{"@type":"BreadcrumbList","@id":"https:\/\/truusk.store\/sv\/produkt\/truusk-hogbadd-i-metall-180-x-90-x-575-cm-djup-tradgardsbadd-med-oppen-botten-stodstang-morkgra\/#breadcrumb","itemListElement":[{"@type":"ListItem","position":1,"name":"Home","item":"https:\/\/truusk.store\/sv\/"},{"@type":"ListItem","position":2,"name":"Shop","item":"https:\/\/truusk.store\/shop\/"},{"@type":"ListItem","position":3,"name":"TRUUSK H\u00f6gb\u00e4dd i metall 180 x 90 x 57,5 cm &#8211; Djup tr\u00e4dg\u00e5rdsb\u00e4dd med \u00f6ppen botten &#8211; St\u00f6dst\u00e5ng &#8211; M\u00f6rkgr\u00e5"}]},{"@type":"WebSite","@id":"https:\/\/truusk.store\/sv\/#website","url":"https:\/\/truusk.store\/sv\/","name":"TRUUSK - Hem, Tr\u00e4dg\u00e5rd & Fritid","description":"","publisher":{"@id":"https:\/\/truusk.store\/sv\/#organization"},"potentialAction":[{"@type":"SearchAction","target":{"@type":"EntryPoint","urlTemplate":"https:\/\/truusk.store\/sv\/?s={search_term_string}"},"query-input":{"@type":"PropertyValueSpecification","valueRequired":true,"valueName":"search_term_string"}}],"inLanguage":"sv-SE"},{"@type":"Organization","@id":"https:\/\/truusk.store\/sv\/#organization","name":"TRUUSK - Hem, Tr\u00e4dg\u00e5rd & Fritid","url":"https:\/\/truusk.store\/sv\/","logo":{"@type":"ImageObject","inLanguage":"sv-SE","@id":"https:\/\/truusk.store\/sv\/#\/schema\/logo\/image\/","url":"https:\/\/i0.wp.com\/truusk.store\/wp-content\/uploads\/2026\/03\/cropped-TRUUSK.png?fit=2032%2C917&ssl=1","contentUrl":"https:\/\/i0.wp.com\/truusk.store\/wp-content\/uploads\/2026\/03\/cropped-TRUUSK.png?fit=2032%2C917&ssl=1","width":2032,"height":917,"caption":"TRUUSK - Hem, Tr\u00e4dg\u00e5rd & Fritid"},"image":{"@id":"https:\/\/truusk.store\/sv\/#\/schema\/logo\/image\/"}}]}},"jetpack_sharing_enabled":true,"_links":{"self":[{"href":"https:\/\/truusk.store\/sv\/wp-json\/wp\/v2\/product\/102368","targetHints":{"allow":["GET"]}}],"collection":[{"href":"https:\/\/truusk.store\/sv\/wp-json\/wp\/v2\/product"}],"about":[{"href":"https:\/\/truusk.store\/sv\/wp-json\/wp\/v2\/types\/product"}],"wp:featuredmedia":[{"embeddable":true,"href":"https:\/\/truusk.store\/sv\/wp-json\/wp\/v2\/media\/102358"}],"wp:attachment":[{"href":"https:\/\/truusk.store\/sv\/wp-json\/wp\/v2\/media?parent=102368"}],"wp:term":[{"taxonomy":"product_brand","embeddable":true,"href":"https:\/\/truusk.store\/sv\/wp-json\/wp\/v2\/product_brand?post=102368"},{"taxonomy":"product_cat","embeddable":true,"href":"https:\/\/truusk.store\/sv\/wp-json\/wp\/v2\/product_cat?post=102368"},{"taxonomy":"product_tag","embeddable":true,"href":"https:\/\/truusk.store\/sv\/wp-json\/wp\/v2\/product_tag?post=102368"}],"curies":[{"name":"wp","href":"https:\/\/api.w.org\/{rel}","templated":true}]}}