{"id":102378,"date":"2026-01-28T07:05:34","date_gmt":"2026-01-28T06:05:34","guid":{"rendered":"https:\/\/truusk.store\/product\/tradgardsstaket-av-tra-176-cm-x-30-cm-staketelement-hundstaket-for-tradgard-blomsterrabatter-djurbarriar\/"},"modified":"2026-03-12T08:51:06","modified_gmt":"2026-03-12T07:51:06","slug":"truusk-tradgardsstaket-av-tra-176-cm-x-30-cm-staketelement-for-hundstaket-djurbarriar-blomsterrabatter-svensk-design","status":"publish","type":"product","link":"https:\/\/truusk.store\/sv\/produkt\/truusk-tradgardsstaket-av-tra-176-cm-x-30-cm-staketelement-for-hundstaket-djurbarriar-blomsterrabatter-svensk-design\/","title":{"rendered":"TRUUSK Tr\u00e4dg\u00e5rdsstaket av tr\u00e4 &#8211; 176 cm x 30 cm &#8211; Staketelement f\u00f6r hundstaket &#8211; Djurbarri\u00e4r &#8211; Blomsterrabatter &#8211; Svensk design"},"content":{"rendered":"<p>Ge din utomhusomr\u00e5de en speciell touch med detta damst\u00e4ngsel av grantr\u00e4. Halvrunda avslutningar ger en s\u00f6ml\u00f6s integration i varje tr\u00e4dg\u00e5rd. Robust, v\u00e4derbest\u00e4ndig och redo att anv\u00e4nda, m\u00f6jligg\u00f6r det enkel installation. M\u00e5ngsidigt anv\u00e4ndbar f\u00f6r blomsterb\u00e4ddar, gr\u00e4nsgr\u00e4nser, tr\u00e4dg\u00e5rdsavdelningar eller terrassdekoration, erbjuder damst\u00e4ngslet l\u00e5ngvarig charm och tillf\u00f6rlitlighet f\u00f6r olika utomhusbehov.<\/p>\n<p>Beskrivning:<\/p>\n<ul>\n<li> Naturlig estetisk design passar harmoniskt in i varje tr\u00e4dg\u00e5rd<\/li>\n<li> Robust grantr\u00e4 med skyddande bel\u00e4ggning \u00e4r l\u00e4mpligt f\u00f6r utomhusbruk<\/li>\n<li> F\u00f6r enkel ins\u00e4ttning i marken<\/li>\n<li> Damst\u00e4ngslet \u00e4r l\u00e4mpligt f\u00f6r alla utomhusomr\u00e5den<\/li>\n<li> Ingen montering kr\u00e4vs<\/li>\n<\/ul>\n<p> Tekniska data:<\/p>\n<ul>\n<li> F\u00e4rg: Naturtr\u00e4<\/li>\n<li> Material: Grantr\u00e4<\/li>\n<li> Totala dimensioner: 176B x 30H cm<\/li>\n<li> Enskild bitstorlek: 6B x 30H cm<\/li>\n<\/ul>\n<p>Leveransinneh\u00e5ll:<\/p>\n<ul>\n<li> 1 x Tr\u00e4dg\u00e5rdsstaket<\/li>\n<li> 1 x Instruktioner<\/li>\n<\/ul>\n","protected":false},"excerpt":{"rendered":"<p>Ge din utomhusomr\u00e5de en speciell touch med detta damst\u00e4ngsel av grantr\u00e4. Halvrunda avslutningar ger en s\u00f6ml\u00f6s integration i varje tr\u00e4dg\u00e5rd&#8230;.<\/p>\n","protected":false},"featured_media":102369,"template":"","meta":[],"product_brand":[],"product_cat":[1031,862,858],"product_tag":[],"class_list":{"0":"post-102378","1":"product","2":"type-product","3":"status-publish","4":"has-post-thumbnail","6":"product_cat-insynsskydd-konstgjorda-hackar","7":"product_cat-sol-insynsskydd","8":"product_cat-tradgard-terrass","10":"first","11":"instock","12":"sale","13":"taxable","14":"shipping-taxable","15":"purchasable","16":"product-type-simple"},"yoast_head":"<!-- This site is optimized with the Yoast SEO plugin v25.4 - https:\/\/yoast.com\/wordpress\/plugins\/seo\/ -->\n<title>TRUUSK Tr\u00e4dg\u00e5rdsstaket av tr\u00e4 - 176 cm x 30 cm - Staketelement f\u00f6r hundstaket - Djurbarri\u00e4r - Blomsterrabatter - Svensk design - TRUUSK - Hem, Tr\u00e4dg\u00e5rd &amp; Fritid<\/title>\n<meta name=\"robots\" content=\"index, follow, max-snippet:-1, max-image-preview:large, max-video-preview:-1\" \/>\n<link rel=\"canonical\" href=\"https:\/\/truusk.store\/sv\/produkt\/truusk-tradgardsstaket-av-tra-176-cm-x-30-cm-staketelement-for-hundstaket-djurbarriar-blomsterrabatter-svensk-design\/\" \/>\n<meta property=\"og:locale\" content=\"sv_SE\" \/>\n<meta property=\"og:type\" content=\"article\" \/>\n<meta property=\"og:title\" content=\"TRUUSK Tr\u00e4dg\u00e5rdsstaket av tr\u00e4 - 176 cm x 30 cm - Staketelement f\u00f6r hundstaket - Djurbarri\u00e4r - Blomsterrabatter - Svensk design - TRUUSK - Hem, Tr\u00e4dg\u00e5rd &amp; Fritid\" \/>\n<meta property=\"og:description\" content=\"Ge din utomhusomr\u00e5de en speciell touch med detta damst\u00e4ngsel av grantr\u00e4. Halvrunda avslutningar ger en s\u00f6ml\u00f6s integration i varje tr\u00e4dg\u00e5rd....\" \/>\n<meta property=\"og:url\" content=\"https:\/\/truusk.store\/sv\/produkt\/truusk-tradgardsstaket-av-tra-176-cm-x-30-cm-staketelement-for-hundstaket-djurbarriar-blomsterrabatter-svensk-design\/\" \/>\n<meta property=\"og:site_name\" content=\"TRUUSK - Hem, Tr\u00e4dg\u00e5rd &amp; Fritid\" \/>\n<meta property=\"article:modified_time\" content=\"2026-03-12T07:51:06+00:00\" \/>\n<meta property=\"og:image\" content=\"https:\/\/i0.wp.com\/truusk.se\/wp-content\/uploads\/2026\/01\/tradgardsstaket-av-tra-176-cm-x-30-cm-staketelement-hundstaket-for-tradgard-blomsterrabatter-djurbarriar-1.webp?fit=2000%2C2000&ssl=1\" \/>\n\t<meta property=\"og:image:width\" content=\"2000\" \/>\n\t<meta property=\"og:image:height\" content=\"2000\" \/>\n\t<meta property=\"og:image:type\" content=\"image\/webp\" \/>\n<meta name=\"twitter:card\" content=\"summary_large_image\" \/>\n<meta name=\"twitter:label1\" content=\"Ber\u00e4knad l\u00e4stid\" \/>\n\t<meta name=\"twitter:data1\" content=\"1 minut\" \/>\n<!-- \/ Yoast SEO plugin. -->","yoast_head_json":{"title":"TRUUSK Tr\u00e4dg\u00e5rdsstaket av tr\u00e4 - 176 cm x 30 cm - Staketelement f\u00f6r hundstaket - Djurbarri\u00e4r - Blomsterrabatter - Svensk design - TRUUSK - Hem, Tr\u00e4dg\u00e5rd &amp; Fritid","robots":{"index":"index","follow":"follow","max-snippet":"max-snippet:-1","max-image-preview":"max-image-preview:large","max-video-preview":"max-video-preview:-1"},"canonical":"https:\/\/truusk.store\/sv\/produkt\/truusk-tradgardsstaket-av-tra-176-cm-x-30-cm-staketelement-for-hundstaket-djurbarriar-blomsterrabatter-svensk-design\/","og_locale":"sv_SE","og_type":"article","og_title":"TRUUSK Tr\u00e4dg\u00e5rdsstaket av tr\u00e4 - 176 cm x 30 cm - Staketelement f\u00f6r hundstaket - Djurbarri\u00e4r - Blomsterrabatter - Svensk design - TRUUSK - Hem, Tr\u00e4dg\u00e5rd &amp; Fritid","og_description":"Ge din utomhusomr\u00e5de en speciell touch med detta damst\u00e4ngsel av grantr\u00e4. Halvrunda avslutningar ger en s\u00f6ml\u00f6s integration i varje tr\u00e4dg\u00e5rd....","og_url":"https:\/\/truusk.store\/sv\/produkt\/truusk-tradgardsstaket-av-tra-176-cm-x-30-cm-staketelement-for-hundstaket-djurbarriar-blomsterrabatter-svensk-design\/","og_site_name":"TRUUSK - Hem, Tr\u00e4dg\u00e5rd &amp; Fritid","article_modified_time":"2026-03-12T07:51:06+00:00","og_image":[{"width":2000,"height":2000,"url":"https:\/\/i0.wp.com\/truusk.se\/wp-content\/uploads\/2026\/01\/tradgardsstaket-av-tra-176-cm-x-30-cm-staketelement-hundstaket-for-tradgard-blomsterrabatter-djurbarriar-1.webp?fit=2000%2C2000&ssl=1","type":"image\/webp"}],"twitter_card":"summary_large_image","twitter_misc":{"Ber\u00e4knad l\u00e4stid":"1 minut"},"schema":{"@context":"https:\/\/schema.org","@graph":[{"@type":"WebPage","@id":"https:\/\/truusk.store\/sv\/produkt\/truusk-tradgardsstaket-av-tra-176-cm-x-30-cm-staketelement-for-hundstaket-djurbarriar-blomsterrabatter-svensk-design\/","url":"https:\/\/truusk.store\/sv\/produkt\/truusk-tradgardsstaket-av-tra-176-cm-x-30-cm-staketelement-for-hundstaket-djurbarriar-blomsterrabatter-svensk-design\/","name":"TRUUSK Tr\u00e4dg\u00e5rdsstaket av tr\u00e4 - 176 cm x 30 cm - Staketelement f\u00f6r hundstaket - Djurbarri\u00e4r - Blomsterrabatter - Svensk design - TRUUSK - Hem, Tr\u00e4dg\u00e5rd &amp; Fritid","isPartOf":{"@id":"https:\/\/truusk.store\/sv\/#website"},"primaryImageOfPage":{"@id":"https:\/\/truusk.store\/sv\/produkt\/truusk-tradgardsstaket-av-tra-176-cm-x-30-cm-staketelement-for-hundstaket-djurbarriar-blomsterrabatter-svensk-design\/#primaryimage"},"image":{"@id":"https:\/\/truusk.store\/sv\/produkt\/truusk-tradgardsstaket-av-tra-176-cm-x-30-cm-staketelement-for-hundstaket-djurbarriar-blomsterrabatter-svensk-design\/#primaryimage"},"thumbnailUrl":"https:\/\/i0.wp.com\/truusk.store\/wp-content\/uploads\/2026\/01\/tradgardsstaket-av-tra-176-cm-x-30-cm-staketelement-hundstaket-for-tradgard-blomsterrabatter-djurbarriar-1.webp?fit=2000%2C2000&ssl=1","datePublished":"2026-01-28T06:05:34+00:00","dateModified":"2026-03-12T07:51:06+00:00","breadcrumb":{"@id":"https:\/\/truusk.store\/sv\/produkt\/truusk-tradgardsstaket-av-tra-176-cm-x-30-cm-staketelement-for-hundstaket-djurbarriar-blomsterrabatter-svensk-design\/#breadcrumb"},"inLanguage":"sv-SE","potentialAction":[{"@type":"ReadAction","target":["https:\/\/truusk.store\/sv\/produkt\/truusk-tradgardsstaket-av-tra-176-cm-x-30-cm-staketelement-for-hundstaket-djurbarriar-blomsterrabatter-svensk-design\/"]}]},{"@type":"ImageObject","inLanguage":"sv-SE","@id":"https:\/\/truusk.store\/sv\/produkt\/truusk-tradgardsstaket-av-tra-176-cm-x-30-cm-staketelement-for-hundstaket-djurbarriar-blomsterrabatter-svensk-design\/#primaryimage","url":"https:\/\/i0.wp.com\/truusk.store\/wp-content\/uploads\/2026\/01\/tradgardsstaket-av-tra-176-cm-x-30-cm-staketelement-hundstaket-for-tradgard-blomsterrabatter-djurbarriar-1.webp?fit=2000%2C2000&ssl=1","contentUrl":"https:\/\/i0.wp.com\/truusk.store\/wp-content\/uploads\/2026\/01\/tradgardsstaket-av-tra-176-cm-x-30-cm-staketelement-hundstaket-for-tradgard-blomsterrabatter-djurbarriar-1.webp?fit=2000%2C2000&ssl=1","width":2000,"height":2000},{"@type":"BreadcrumbList","@id":"https:\/\/truusk.store\/sv\/produkt\/truusk-tradgardsstaket-av-tra-176-cm-x-30-cm-staketelement-for-hundstaket-djurbarriar-blomsterrabatter-svensk-design\/#breadcrumb","itemListElement":[{"@type":"ListItem","position":1,"name":"Home","item":"https:\/\/truusk.store\/sv\/"},{"@type":"ListItem","position":2,"name":"Shop","item":"https:\/\/truusk.store\/shop\/"},{"@type":"ListItem","position":3,"name":"TRUUSK Tr\u00e4dg\u00e5rdsstaket av tr\u00e4 &#8211; 176 cm x 30 cm &#8211; Staketelement f\u00f6r hundstaket &#8211; Djurbarri\u00e4r &#8211; Blomsterrabatter &#8211; Svensk design"}]},{"@type":"WebSite","@id":"https:\/\/truusk.store\/sv\/#website","url":"https:\/\/truusk.store\/sv\/","name":"TRUUSK - Hem, Tr\u00e4dg\u00e5rd & Fritid","description":"","publisher":{"@id":"https:\/\/truusk.store\/sv\/#organization"},"potentialAction":[{"@type":"SearchAction","target":{"@type":"EntryPoint","urlTemplate":"https:\/\/truusk.store\/sv\/?s={search_term_string}"},"query-input":{"@type":"PropertyValueSpecification","valueRequired":true,"valueName":"search_term_string"}}],"inLanguage":"sv-SE"},{"@type":"Organization","@id":"https:\/\/truusk.store\/sv\/#organization","name":"TRUUSK - Hem, Tr\u00e4dg\u00e5rd & Fritid","url":"https:\/\/truusk.store\/sv\/","logo":{"@type":"ImageObject","inLanguage":"sv-SE","@id":"https:\/\/truusk.store\/sv\/#\/schema\/logo\/image\/","url":"https:\/\/i0.wp.com\/truusk.store\/wp-content\/uploads\/2026\/03\/cropped-TRUUSK.png?fit=2032%2C917&ssl=1","contentUrl":"https:\/\/i0.wp.com\/truusk.store\/wp-content\/uploads\/2026\/03\/cropped-TRUUSK.png?fit=2032%2C917&ssl=1","width":2032,"height":917,"caption":"TRUUSK - Hem, Tr\u00e4dg\u00e5rd & Fritid"},"image":{"@id":"https:\/\/truusk.store\/sv\/#\/schema\/logo\/image\/"}}]}},"jetpack_sharing_enabled":true,"_links":{"self":[{"href":"https:\/\/truusk.store\/sv\/wp-json\/wp\/v2\/product\/102378","targetHints":{"allow":["GET"]}}],"collection":[{"href":"https:\/\/truusk.store\/sv\/wp-json\/wp\/v2\/product"}],"about":[{"href":"https:\/\/truusk.store\/sv\/wp-json\/wp\/v2\/types\/product"}],"wp:featuredmedia":[{"embeddable":true,"href":"https:\/\/truusk.store\/sv\/wp-json\/wp\/v2\/media\/102369"}],"wp:attachment":[{"href":"https:\/\/truusk.store\/sv\/wp-json\/wp\/v2\/media?parent=102378"}],"wp:term":[{"taxonomy":"product_brand","embeddable":true,"href":"https:\/\/truusk.store\/sv\/wp-json\/wp\/v2\/product_brand?post=102378"},{"taxonomy":"product_cat","embeddable":true,"href":"https:\/\/truusk.store\/sv\/wp-json\/wp\/v2\/product_cat?post=102378"},{"taxonomy":"product_tag","embeddable":true,"href":"https:\/\/truusk.store\/sv\/wp-json\/wp\/v2\/product_tag?post=102378"}],"curies":[{"name":"wp","href":"https:\/\/api.w.org\/{rel}","templated":true}]}}