{"id":102398,"date":"2026-01-28T07:07:31","date_gmt":"2026-01-28T06:07:31","guid":{"rendered":"https:\/\/truusk.store\/product\/hogbadd-i-tra-152-x-77-x-77-cm-hojd-djup-ortbadd-med-oppen-botten-forstarkningsstanger\/"},"modified":"2026-03-12T08:51:11","modified_gmt":"2026-03-12T07:51:11","slug":"truusk-hundbadd-i-tra-152-x-77-x-77-cm-djup-ortbadd-oppen-botten-forstarkningsstanger","status":"publish","type":"product","link":"https:\/\/truusk.store\/sv\/produkt\/truusk-hundbadd-i-tra-152-x-77-x-77-cm-djup-ortbadd-oppen-botten-forstarkningsstanger\/","title":{"rendered":"TRUUSK Hundb\u00e4dd i Tr\u00e4 152 x 77 x 77 cm &#8211; Djup \u00f6rtb\u00e4dd &#8211; \u00d6ppen botten &#8211; F\u00f6rst\u00e4rkningsst\u00e4nger"},"content":{"rendered":"<p>Ge ditt utomhusomr\u00e5de nytt liv med h\u00f6gkvarteret fr\u00e5n [BRAND NAME]. Tack vare den \u00f6ppna botten kan r\u00f6tter v\u00e4xa djupt och dr\u00e4nera problemfritt &#8211; f\u00f6r starkare och h\u00e4lsosammare v\u00e4xter. Tillverkad av massivt grantr\u00e4 och f\u00f6rst\u00e4rkt med st\u00e4nger, f\u00f6rblir denna tr\u00e4 h\u00f6gkvarter stabil \u00e5ret runt. Med sitt varma naturliga utseende erbjuder denna s\u00e4ng gr\u00f6nsaker, \u00f6rter och blommor ett attraktivt, s\u00e4kert hem.<\/p>\n<p>Beskrivning:<\/p>\n<ul>\n<li> 142 x 70 cm planteringsyta av balkong \u00f6rttr\u00e4dg\u00e5rd erbjuder gener\u00f6st utrymme f\u00f6r gr\u00f6nsaker, \u00f6rter och blommor att v\u00e4xa<\/li>\n<li> H\u00f6jd h\u00f6jd p\u00e5 77 cm av balkong h\u00f6gkvarter minskar b\u00f6jning och underl\u00e4ttar plantering f\u00f6r ryggen<\/li>\n<li> \u00d6ppen botten design f\u00f6rb\u00e4ttrar dr\u00e4nering och fr\u00e4mjar djupare, h\u00e4lsosammare rotutveckling<\/li>\n<li> Solid struktur av grantr\u00e4 med interna f\u00f6rst\u00e4rkningsst\u00e4nger garanterar l\u00e5ngvarig stabilitet utomhus<\/li>\n<li> Naturlig lackerad yta ger en varm tr\u00e4look och \u00e4r redo f\u00f6r DIY-m\u00e5lningar f\u00f6r att anpassa sig till din tr\u00e4dg\u00e5rdsstil<\/li>\n<li> Montering kr\u00e4vs<\/li>\n<\/ul>\n<p> Tekniska data:<\/p>\n<ul>\n<li> F\u00e4rg: Naturtr\u00e4<\/li>\n<li> Material: Grantr\u00e4<\/li>\n<li> Totala dimensioner: 152L x 77B x 77H cm<\/li>\n<li> Planteringsomr\u00e5dets dimensioner: 142B x 70T x 77H cm<\/li>\n<\/ul>\n<p>Leverans inneh\u00e5ller:<\/p>\n<ul>\n<li> 1 x H\u00f6gkvarter<\/li>\n<li> 1 x Instruktioner<\/li>\n<\/ul>\n","protected":false},"excerpt":{"rendered":"<p>Ge ditt utomhusomr\u00e5de nytt liv med h\u00f6gkvarteret fr\u00e5n [BRAND NAME]. Tack vare den \u00f6ppna botten kan r\u00f6tter v\u00e4xa djupt och&#8230;<\/p>\n","protected":false},"featured_media":102389,"template":"","meta":[],"product_brand":[],"product_cat":[924,858,443],"product_tag":[],"class_list":{"0":"post-102398","1":"product","2":"type-product","3":"status-publish","4":"has-post-thumbnail","6":"product_cat-plantkarl","7":"product_cat-tradgard-terrass","8":"product_cat-vaxthus-tradgardsskotsel","10":"first","11":"instock","12":"sale","13":"taxable","14":"shipping-taxable","15":"purchasable","16":"product-type-simple"},"yoast_head":"<!-- This site is optimized with the Yoast SEO plugin v25.4 - https:\/\/yoast.com\/wordpress\/plugins\/seo\/ -->\n<title>TRUUSK Hundb\u00e4dd i Tr\u00e4 152 x 77 x 77 cm - Djup \u00f6rtb\u00e4dd - \u00d6ppen botten - F\u00f6rst\u00e4rkningsst\u00e4nger - TRUUSK - Hem, Tr\u00e4dg\u00e5rd &amp; Fritid<\/title>\n<meta name=\"robots\" content=\"index, follow, max-snippet:-1, max-image-preview:large, max-video-preview:-1\" \/>\n<link rel=\"canonical\" href=\"https:\/\/truusk.store\/sv\/produkt\/truusk-hundbadd-i-tra-152-x-77-x-77-cm-djup-ortbadd-oppen-botten-forstarkningsstanger\/\" \/>\n<meta property=\"og:locale\" content=\"sv_SE\" \/>\n<meta property=\"og:type\" content=\"article\" \/>\n<meta property=\"og:title\" content=\"TRUUSK Hundb\u00e4dd i Tr\u00e4 152 x 77 x 77 cm - Djup \u00f6rtb\u00e4dd - \u00d6ppen botten - F\u00f6rst\u00e4rkningsst\u00e4nger - TRUUSK - Hem, Tr\u00e4dg\u00e5rd &amp; Fritid\" \/>\n<meta property=\"og:description\" content=\"Ge ditt utomhusomr\u00e5de nytt liv med h\u00f6gkvarteret fr\u00e5n [BRAND NAME]. Tack vare den \u00f6ppna botten kan r\u00f6tter v\u00e4xa djupt och...\" \/>\n<meta property=\"og:url\" content=\"https:\/\/truusk.store\/sv\/produkt\/truusk-hundbadd-i-tra-152-x-77-x-77-cm-djup-ortbadd-oppen-botten-forstarkningsstanger\/\" \/>\n<meta property=\"og:site_name\" content=\"TRUUSK - Hem, Tr\u00e4dg\u00e5rd &amp; Fritid\" \/>\n<meta property=\"article:modified_time\" content=\"2026-03-12T07:51:11+00:00\" \/>\n<meta property=\"og:image\" content=\"https:\/\/i0.wp.com\/truusk.se\/wp-content\/uploads\/2026\/01\/hogbadd-i-tra-152-x-77-x-77-cm-hojd-djup-ortbadd-med-oppen-botten-forstarkningsstanger-1.webp?fit=2000%2C2000&ssl=1\" \/>\n\t<meta property=\"og:image:width\" content=\"2000\" \/>\n\t<meta property=\"og:image:height\" content=\"2000\" \/>\n\t<meta property=\"og:image:type\" content=\"image\/webp\" \/>\n<meta name=\"twitter:card\" content=\"summary_large_image\" \/>\n<meta name=\"twitter:label1\" content=\"Ber\u00e4knad l\u00e4stid\" \/>\n\t<meta name=\"twitter:data1\" content=\"1 minut\" \/>\n<!-- \/ Yoast SEO plugin. -->","yoast_head_json":{"title":"TRUUSK Hundb\u00e4dd i Tr\u00e4 152 x 77 x 77 cm - Djup \u00f6rtb\u00e4dd - \u00d6ppen botten - F\u00f6rst\u00e4rkningsst\u00e4nger - TRUUSK - Hem, Tr\u00e4dg\u00e5rd &amp; Fritid","robots":{"index":"index","follow":"follow","max-snippet":"max-snippet:-1","max-image-preview":"max-image-preview:large","max-video-preview":"max-video-preview:-1"},"canonical":"https:\/\/truusk.store\/sv\/produkt\/truusk-hundbadd-i-tra-152-x-77-x-77-cm-djup-ortbadd-oppen-botten-forstarkningsstanger\/","og_locale":"sv_SE","og_type":"article","og_title":"TRUUSK Hundb\u00e4dd i Tr\u00e4 152 x 77 x 77 cm - Djup \u00f6rtb\u00e4dd - \u00d6ppen botten - F\u00f6rst\u00e4rkningsst\u00e4nger - TRUUSK - Hem, Tr\u00e4dg\u00e5rd &amp; Fritid","og_description":"Ge ditt utomhusomr\u00e5de nytt liv med h\u00f6gkvarteret fr\u00e5n [BRAND NAME]. Tack vare den \u00f6ppna botten kan r\u00f6tter v\u00e4xa djupt och...","og_url":"https:\/\/truusk.store\/sv\/produkt\/truusk-hundbadd-i-tra-152-x-77-x-77-cm-djup-ortbadd-oppen-botten-forstarkningsstanger\/","og_site_name":"TRUUSK - Hem, Tr\u00e4dg\u00e5rd &amp; Fritid","article_modified_time":"2026-03-12T07:51:11+00:00","og_image":[{"width":2000,"height":2000,"url":"https:\/\/i0.wp.com\/truusk.se\/wp-content\/uploads\/2026\/01\/hogbadd-i-tra-152-x-77-x-77-cm-hojd-djup-ortbadd-med-oppen-botten-forstarkningsstanger-1.webp?fit=2000%2C2000&ssl=1","type":"image\/webp"}],"twitter_card":"summary_large_image","twitter_misc":{"Ber\u00e4knad l\u00e4stid":"1 minut"},"schema":{"@context":"https:\/\/schema.org","@graph":[{"@type":"WebPage","@id":"https:\/\/truusk.store\/sv\/produkt\/truusk-hundbadd-i-tra-152-x-77-x-77-cm-djup-ortbadd-oppen-botten-forstarkningsstanger\/","url":"https:\/\/truusk.store\/sv\/produkt\/truusk-hundbadd-i-tra-152-x-77-x-77-cm-djup-ortbadd-oppen-botten-forstarkningsstanger\/","name":"TRUUSK Hundb\u00e4dd i Tr\u00e4 152 x 77 x 77 cm - Djup \u00f6rtb\u00e4dd - \u00d6ppen botten - F\u00f6rst\u00e4rkningsst\u00e4nger - TRUUSK - Hem, Tr\u00e4dg\u00e5rd &amp; Fritid","isPartOf":{"@id":"https:\/\/truusk.store\/sv\/#website"},"primaryImageOfPage":{"@id":"https:\/\/truusk.store\/sv\/produkt\/truusk-hundbadd-i-tra-152-x-77-x-77-cm-djup-ortbadd-oppen-botten-forstarkningsstanger\/#primaryimage"},"image":{"@id":"https:\/\/truusk.store\/sv\/produkt\/truusk-hundbadd-i-tra-152-x-77-x-77-cm-djup-ortbadd-oppen-botten-forstarkningsstanger\/#primaryimage"},"thumbnailUrl":"https:\/\/i0.wp.com\/truusk.store\/wp-content\/uploads\/2026\/01\/hogbadd-i-tra-152-x-77-x-77-cm-hojd-djup-ortbadd-med-oppen-botten-forstarkningsstanger-1.webp?fit=2000%2C2000&ssl=1","datePublished":"2026-01-28T06:07:31+00:00","dateModified":"2026-03-12T07:51:11+00:00","breadcrumb":{"@id":"https:\/\/truusk.store\/sv\/produkt\/truusk-hundbadd-i-tra-152-x-77-x-77-cm-djup-ortbadd-oppen-botten-forstarkningsstanger\/#breadcrumb"},"inLanguage":"sv-SE","potentialAction":[{"@type":"ReadAction","target":["https:\/\/truusk.store\/sv\/produkt\/truusk-hundbadd-i-tra-152-x-77-x-77-cm-djup-ortbadd-oppen-botten-forstarkningsstanger\/"]}]},{"@type":"ImageObject","inLanguage":"sv-SE","@id":"https:\/\/truusk.store\/sv\/produkt\/truusk-hundbadd-i-tra-152-x-77-x-77-cm-djup-ortbadd-oppen-botten-forstarkningsstanger\/#primaryimage","url":"https:\/\/i0.wp.com\/truusk.store\/wp-content\/uploads\/2026\/01\/hogbadd-i-tra-152-x-77-x-77-cm-hojd-djup-ortbadd-med-oppen-botten-forstarkningsstanger-1.webp?fit=2000%2C2000&ssl=1","contentUrl":"https:\/\/i0.wp.com\/truusk.store\/wp-content\/uploads\/2026\/01\/hogbadd-i-tra-152-x-77-x-77-cm-hojd-djup-ortbadd-med-oppen-botten-forstarkningsstanger-1.webp?fit=2000%2C2000&ssl=1","width":2000,"height":2000},{"@type":"BreadcrumbList","@id":"https:\/\/truusk.store\/sv\/produkt\/truusk-hundbadd-i-tra-152-x-77-x-77-cm-djup-ortbadd-oppen-botten-forstarkningsstanger\/#breadcrumb","itemListElement":[{"@type":"ListItem","position":1,"name":"Home","item":"https:\/\/truusk.store\/sv\/"},{"@type":"ListItem","position":2,"name":"Shop","item":"https:\/\/truusk.store\/shop\/"},{"@type":"ListItem","position":3,"name":"TRUUSK Hundb\u00e4dd i Tr\u00e4 152 x 77 x 77 cm &#8211; Djup \u00f6rtb\u00e4dd &#8211; \u00d6ppen botten &#8211; F\u00f6rst\u00e4rkningsst\u00e4nger"}]},{"@type":"WebSite","@id":"https:\/\/truusk.store\/sv\/#website","url":"https:\/\/truusk.store\/sv\/","name":"TRUUSK - Hem, Tr\u00e4dg\u00e5rd & Fritid","description":"","publisher":{"@id":"https:\/\/truusk.store\/sv\/#organization"},"potentialAction":[{"@type":"SearchAction","target":{"@type":"EntryPoint","urlTemplate":"https:\/\/truusk.store\/sv\/?s={search_term_string}"},"query-input":{"@type":"PropertyValueSpecification","valueRequired":true,"valueName":"search_term_string"}}],"inLanguage":"sv-SE"},{"@type":"Organization","@id":"https:\/\/truusk.store\/sv\/#organization","name":"TRUUSK - Hem, Tr\u00e4dg\u00e5rd & Fritid","url":"https:\/\/truusk.store\/sv\/","logo":{"@type":"ImageObject","inLanguage":"sv-SE","@id":"https:\/\/truusk.store\/sv\/#\/schema\/logo\/image\/","url":"https:\/\/i0.wp.com\/truusk.store\/wp-content\/uploads\/2026\/03\/cropped-TRUUSK.png?fit=2032%2C917&ssl=1","contentUrl":"https:\/\/i0.wp.com\/truusk.store\/wp-content\/uploads\/2026\/03\/cropped-TRUUSK.png?fit=2032%2C917&ssl=1","width":2032,"height":917,"caption":"TRUUSK - Hem, Tr\u00e4dg\u00e5rd & Fritid"},"image":{"@id":"https:\/\/truusk.store\/sv\/#\/schema\/logo\/image\/"}}]}},"jetpack_sharing_enabled":true,"_links":{"self":[{"href":"https:\/\/truusk.store\/sv\/wp-json\/wp\/v2\/product\/102398","targetHints":{"allow":["GET"]}}],"collection":[{"href":"https:\/\/truusk.store\/sv\/wp-json\/wp\/v2\/product"}],"about":[{"href":"https:\/\/truusk.store\/sv\/wp-json\/wp\/v2\/types\/product"}],"wp:featuredmedia":[{"embeddable":true,"href":"https:\/\/truusk.store\/sv\/wp-json\/wp\/v2\/media\/102389"}],"wp:attachment":[{"href":"https:\/\/truusk.store\/sv\/wp-json\/wp\/v2\/media?parent=102398"}],"wp:term":[{"taxonomy":"product_brand","embeddable":true,"href":"https:\/\/truusk.store\/sv\/wp-json\/wp\/v2\/product_brand?post=102398"},{"taxonomy":"product_cat","embeddable":true,"href":"https:\/\/truusk.store\/sv\/wp-json\/wp\/v2\/product_cat?post=102398"},{"taxonomy":"product_tag","embeddable":true,"href":"https:\/\/truusk.store\/sv\/wp-json\/wp\/v2\/product_tag?post=102398"}],"curies":[{"name":"wp","href":"https:\/\/api.w.org\/{rel}","templated":true}]}}