{"id":102418,"date":"2026-01-28T07:09:44","date_gmt":"2026-01-28T06:09:44","guid":{"rendered":"https:\/\/truusk.store\/product\/mini-kylskap-44l-46-burkar-litet-kylskap-med-justerbar-termostat-43-x-51-x-513-cm-svart\/"},"modified":"2026-03-12T08:51:16","modified_gmt":"2026-03-12T07:51:16","slug":"truusk-minikylskap-44l-46-burkar-justerbar-termostat-svart-43-x-51-x-513-cm","status":"publish","type":"product","link":"https:\/\/truusk.store\/sv\/produkt\/truusk-minikylskap-44l-46-burkar-justerbar-termostat-svart-43-x-51-x-513-cm\/","title":{"rendered":"TRUUSK Minikylsk\u00e5p 44L\/46 Burkar &#8211; Justerbar Termostat &#8211; Svart &#8211; 43 x 51 x 51,3 cm"},"content":{"rendered":"<p>M\u00e5ste dina mysiga filmkv\u00e4llar eller intensiva studiepass st\u00e4ndigt avbrytas av turer till k\u00f6ket? Det st\u00e4ndiga fram och tillbaka f\u00f6r en dryck f\u00f6rst\u00f6r st\u00e4mningen, och vanliga kylsk\u00e5p \u00e4r ofta f\u00f6r h\u00f6gljudda. [BRAND NAME] mini-kylsk\u00e5p \u00e4r l\u00f6sningen: Viskande tyst (35 dB), 44L volym och flexibel temperaturkontroll &#8211; alltid perfekt kylda drycker till hands!<\/p>\n<p>Beskrivning:<\/p>\n<ul>\n<li> Kompakt storlek passar perfekt under skrivbord, b\u00e4nkar eller i sm\u00e5 utrymmen<\/li>\n<li> Justerbart temperaturomr\u00e5de f\u00f6r dryckeskylsk\u00e5p fr\u00e5n 4-18 \u00b0C kyler drycker, snacks och hudv\u00e5rdsprodukter optimalt<\/li>\n<li> F\u00f6rbrukar endast 73 kWh per \u00e5r, sparar energi och s\u00e4nker elr\u00e4kningen<\/li>\n<li> 35 dB tyst drift ger en lugn sov-, studie- eller arbetsmilj\u00f6<\/li>\n<li> 44-L-kylsk\u00e5p med tv\u00e5 uttagbara hyllor erbjuder flexibel f\u00f6rvaring f\u00f6r f\u00f6rem\u00e5l av olika storlekar<\/li>\n<li> 135\u00b0 d\u00f6rr\u00f6ppning av mini-kylsk\u00e5pet m\u00f6jligg\u00f6r enkel \u00e5tkomst till lagrade f\u00f6rem\u00e5l<\/li>\n<li> Justerbar fr\u00e4mre fot ger stabilitet, \u00e4ven p\u00e5 oj\u00e4mna ytor<\/li>\n<li> Inbyggd LED-belysning ger tydlig sikt, \u00e4ven i m\u00f6rker.<\/li>\n<\/ul>\n<p> Tekniska data:<\/p>\n<ul>\n<li> F\u00e4rg: Svart<\/li>\n<li> Material: Metall, ABS<\/li>\n<li> Totala dimensioner: 43B x 51D x 51,3H cm<\/li>\n<li> Hyllh\u00f6jd: 10 cm<\/li>\n<li> Inre kapacitet: 44 L<\/li>\n<li> Kapacitet f\u00f6r burkar: 46 burkar (330 ml)<\/li>\n<li> Temperaturomr\u00e5de: 4-18 \u00b0C<\/li>\n<li> Energiklass: E<\/li>\n<li> Sp\u00e4nning: AC 230V\/50 Hz<\/li>\n<li> Str\u00f6mstyrka: 3,5 A<\/li>\n<li> Effekt: 65 W<\/li>\n<li> D\u00f6rr\u00f6ppningsvinkel: 135\u00b0<\/li>\n<li> Ljudniv\u00e5: 35 dB<\/li>\n<li> Energif\u00f6rbrukning: 73 kWh\/\u00e5r<\/li>\n<li> L\u00e4ngd p\u00e5 str\u00f6mkabel: 1,7 m<\/li>\n<li> Maximal belastning: 10 kg<\/li>\n<\/ul>\n<p>Leveransinneh\u00e5ll:<\/p>\n<ul>\n<li> 1 x Mini-kylsk\u00e5p<\/li>\n<li> 1 x Bruksanvisning<\/li>\n<\/ul>\n","protected":false},"excerpt":{"rendered":"<p>M\u00e5ste dina mysiga filmkv\u00e4llar eller intensiva studiepass st\u00e4ndigt avbrytas av turer till k\u00f6ket? Det st\u00e4ndiga fram och tillbaka f\u00f6r en&#8230;<\/p>\n","protected":false},"featured_media":102409,"template":"","meta":[],"product_brand":[],"product_cat":[871,498,933,1029],"product_tag":[],"class_list":{"0":"post-102418","1":"product","2":"type-product","3":"status-publish","4":"has-post-thumbnail","6":"product_cat-hus-hem","7":"product_cat-hushallsapparater","8":"product_cat-koksapparater","9":"product_cat-minikuhlschranke","11":"first","12":"instock","13":"sale","14":"taxable","15":"shipping-taxable","16":"purchasable","17":"product-type-simple"},"yoast_head":"<!-- This site is optimized with the Yoast SEO plugin v25.4 - https:\/\/yoast.com\/wordpress\/plugins\/seo\/ -->\n<title>TRUUSK Minikylsk\u00e5p 44L\/46 Burkar - Justerbar Termostat - Svart - 43 x 51 x 51,3 cm - TRUUSK - Hem, Tr\u00e4dg\u00e5rd &amp; Fritid<\/title>\n<meta name=\"robots\" content=\"index, follow, max-snippet:-1, max-image-preview:large, max-video-preview:-1\" \/>\n<link rel=\"canonical\" href=\"https:\/\/truusk.store\/sv\/produkt\/truusk-minikylskap-44l-46-burkar-justerbar-termostat-svart-43-x-51-x-513-cm\/\" \/>\n<meta property=\"og:locale\" content=\"sv_SE\" \/>\n<meta property=\"og:type\" content=\"article\" \/>\n<meta property=\"og:title\" content=\"TRUUSK Minikylsk\u00e5p 44L\/46 Burkar - Justerbar Termostat - Svart - 43 x 51 x 51,3 cm - TRUUSK - Hem, Tr\u00e4dg\u00e5rd &amp; Fritid\" \/>\n<meta property=\"og:description\" content=\"M\u00e5ste dina mysiga filmkv\u00e4llar eller intensiva studiepass st\u00e4ndigt avbrytas av turer till k\u00f6ket? Det st\u00e4ndiga fram och tillbaka f\u00f6r en...\" \/>\n<meta property=\"og:url\" content=\"https:\/\/truusk.store\/sv\/produkt\/truusk-minikylskap-44l-46-burkar-justerbar-termostat-svart-43-x-51-x-513-cm\/\" \/>\n<meta property=\"og:site_name\" content=\"TRUUSK - Hem, Tr\u00e4dg\u00e5rd &amp; Fritid\" \/>\n<meta property=\"article:modified_time\" content=\"2026-03-12T07:51:16+00:00\" \/>\n<meta property=\"og:image\" content=\"https:\/\/i0.wp.com\/truusk.se\/wp-content\/uploads\/2026\/01\/mini-kylskap-44l-46-burkar-litet-kylskap-med-justerbar-termostat-43-x-51-x-513-cm-svart-1.webp?fit=2000%2C2000&ssl=1\" \/>\n\t<meta property=\"og:image:width\" content=\"2000\" \/>\n\t<meta property=\"og:image:height\" content=\"2000\" \/>\n\t<meta property=\"og:image:type\" content=\"image\/webp\" \/>\n<meta name=\"twitter:card\" content=\"summary_large_image\" \/>\n<meta name=\"twitter:label1\" content=\"Ber\u00e4knad l\u00e4stid\" \/>\n\t<meta name=\"twitter:data1\" content=\"1 minut\" \/>\n<!-- \/ Yoast SEO plugin. -->","yoast_head_json":{"title":"TRUUSK Minikylsk\u00e5p 44L\/46 Burkar - Justerbar Termostat - Svart - 43 x 51 x 51,3 cm - TRUUSK - Hem, Tr\u00e4dg\u00e5rd &amp; Fritid","robots":{"index":"index","follow":"follow","max-snippet":"max-snippet:-1","max-image-preview":"max-image-preview:large","max-video-preview":"max-video-preview:-1"},"canonical":"https:\/\/truusk.store\/sv\/produkt\/truusk-minikylskap-44l-46-burkar-justerbar-termostat-svart-43-x-51-x-513-cm\/","og_locale":"sv_SE","og_type":"article","og_title":"TRUUSK Minikylsk\u00e5p 44L\/46 Burkar - Justerbar Termostat - Svart - 43 x 51 x 51,3 cm - TRUUSK - Hem, Tr\u00e4dg\u00e5rd &amp; Fritid","og_description":"M\u00e5ste dina mysiga filmkv\u00e4llar eller intensiva studiepass st\u00e4ndigt avbrytas av turer till k\u00f6ket? Det st\u00e4ndiga fram och tillbaka f\u00f6r en...","og_url":"https:\/\/truusk.store\/sv\/produkt\/truusk-minikylskap-44l-46-burkar-justerbar-termostat-svart-43-x-51-x-513-cm\/","og_site_name":"TRUUSK - Hem, Tr\u00e4dg\u00e5rd &amp; Fritid","article_modified_time":"2026-03-12T07:51:16+00:00","og_image":[{"width":2000,"height":2000,"url":"https:\/\/i0.wp.com\/truusk.se\/wp-content\/uploads\/2026\/01\/mini-kylskap-44l-46-burkar-litet-kylskap-med-justerbar-termostat-43-x-51-x-513-cm-svart-1.webp?fit=2000%2C2000&ssl=1","type":"image\/webp"}],"twitter_card":"summary_large_image","twitter_misc":{"Ber\u00e4knad l\u00e4stid":"1 minut"},"schema":{"@context":"https:\/\/schema.org","@graph":[{"@type":"WebPage","@id":"https:\/\/truusk.store\/sv\/produkt\/truusk-minikylskap-44l-46-burkar-justerbar-termostat-svart-43-x-51-x-513-cm\/","url":"https:\/\/truusk.store\/sv\/produkt\/truusk-minikylskap-44l-46-burkar-justerbar-termostat-svart-43-x-51-x-513-cm\/","name":"TRUUSK Minikylsk\u00e5p 44L\/46 Burkar - Justerbar Termostat - Svart - 43 x 51 x 51,3 cm - TRUUSK - Hem, Tr\u00e4dg\u00e5rd &amp; Fritid","isPartOf":{"@id":"https:\/\/truusk.store\/sv\/#website"},"primaryImageOfPage":{"@id":"https:\/\/truusk.store\/sv\/produkt\/truusk-minikylskap-44l-46-burkar-justerbar-termostat-svart-43-x-51-x-513-cm\/#primaryimage"},"image":{"@id":"https:\/\/truusk.store\/sv\/produkt\/truusk-minikylskap-44l-46-burkar-justerbar-termostat-svart-43-x-51-x-513-cm\/#primaryimage"},"thumbnailUrl":"https:\/\/i0.wp.com\/truusk.store\/wp-content\/uploads\/2026\/01\/mini-kylskap-44l-46-burkar-litet-kylskap-med-justerbar-termostat-43-x-51-x-513-cm-svart-1.webp?fit=2000%2C2000&ssl=1","datePublished":"2026-01-28T06:09:44+00:00","dateModified":"2026-03-12T07:51:16+00:00","breadcrumb":{"@id":"https:\/\/truusk.store\/sv\/produkt\/truusk-minikylskap-44l-46-burkar-justerbar-termostat-svart-43-x-51-x-513-cm\/#breadcrumb"},"inLanguage":"sv-SE","potentialAction":[{"@type":"ReadAction","target":["https:\/\/truusk.store\/sv\/produkt\/truusk-minikylskap-44l-46-burkar-justerbar-termostat-svart-43-x-51-x-513-cm\/"]}]},{"@type":"ImageObject","inLanguage":"sv-SE","@id":"https:\/\/truusk.store\/sv\/produkt\/truusk-minikylskap-44l-46-burkar-justerbar-termostat-svart-43-x-51-x-513-cm\/#primaryimage","url":"https:\/\/i0.wp.com\/truusk.store\/wp-content\/uploads\/2026\/01\/mini-kylskap-44l-46-burkar-litet-kylskap-med-justerbar-termostat-43-x-51-x-513-cm-svart-1.webp?fit=2000%2C2000&ssl=1","contentUrl":"https:\/\/i0.wp.com\/truusk.store\/wp-content\/uploads\/2026\/01\/mini-kylskap-44l-46-burkar-litet-kylskap-med-justerbar-termostat-43-x-51-x-513-cm-svart-1.webp?fit=2000%2C2000&ssl=1","width":2000,"height":2000},{"@type":"BreadcrumbList","@id":"https:\/\/truusk.store\/sv\/produkt\/truusk-minikylskap-44l-46-burkar-justerbar-termostat-svart-43-x-51-x-513-cm\/#breadcrumb","itemListElement":[{"@type":"ListItem","position":1,"name":"Home","item":"https:\/\/truusk.store\/sv\/"},{"@type":"ListItem","position":2,"name":"Shop","item":"https:\/\/truusk.store\/shop\/"},{"@type":"ListItem","position":3,"name":"TRUUSK Minikylsk\u00e5p 44L\/46 Burkar &#8211; Justerbar Termostat &#8211; Svart &#8211; 43 x 51 x 51,3 cm"}]},{"@type":"WebSite","@id":"https:\/\/truusk.store\/sv\/#website","url":"https:\/\/truusk.store\/sv\/","name":"TRUUSK - Hem, Tr\u00e4dg\u00e5rd & Fritid","description":"","publisher":{"@id":"https:\/\/truusk.store\/sv\/#organization"},"potentialAction":[{"@type":"SearchAction","target":{"@type":"EntryPoint","urlTemplate":"https:\/\/truusk.store\/sv\/?s={search_term_string}"},"query-input":{"@type":"PropertyValueSpecification","valueRequired":true,"valueName":"search_term_string"}}],"inLanguage":"sv-SE"},{"@type":"Organization","@id":"https:\/\/truusk.store\/sv\/#organization","name":"TRUUSK - Hem, Tr\u00e4dg\u00e5rd & Fritid","url":"https:\/\/truusk.store\/sv\/","logo":{"@type":"ImageObject","inLanguage":"sv-SE","@id":"https:\/\/truusk.store\/sv\/#\/schema\/logo\/image\/","url":"https:\/\/i0.wp.com\/truusk.store\/wp-content\/uploads\/2026\/03\/cropped-TRUUSK.png?fit=2032%2C917&ssl=1","contentUrl":"https:\/\/i0.wp.com\/truusk.store\/wp-content\/uploads\/2026\/03\/cropped-TRUUSK.png?fit=2032%2C917&ssl=1","width":2032,"height":917,"caption":"TRUUSK - Hem, Tr\u00e4dg\u00e5rd & Fritid"},"image":{"@id":"https:\/\/truusk.store\/sv\/#\/schema\/logo\/image\/"}}]}},"jetpack_sharing_enabled":true,"_links":{"self":[{"href":"https:\/\/truusk.store\/sv\/wp-json\/wp\/v2\/product\/102418","targetHints":{"allow":["GET"]}}],"collection":[{"href":"https:\/\/truusk.store\/sv\/wp-json\/wp\/v2\/product"}],"about":[{"href":"https:\/\/truusk.store\/sv\/wp-json\/wp\/v2\/types\/product"}],"wp:featuredmedia":[{"embeddable":true,"href":"https:\/\/truusk.store\/sv\/wp-json\/wp\/v2\/media\/102409"}],"wp:attachment":[{"href":"https:\/\/truusk.store\/sv\/wp-json\/wp\/v2\/media?parent=102418"}],"wp:term":[{"taxonomy":"product_brand","embeddable":true,"href":"https:\/\/truusk.store\/sv\/wp-json\/wp\/v2\/product_brand?post=102418"},{"taxonomy":"product_cat","embeddable":true,"href":"https:\/\/truusk.store\/sv\/wp-json\/wp\/v2\/product_cat?post=102418"},{"taxonomy":"product_tag","embeddable":true,"href":"https:\/\/truusk.store\/sv\/wp-json\/wp\/v2\/product_tag?post=102418"}],"curies":[{"name":"wp","href":"https:\/\/api.w.org\/{rel}","templated":true}]}}