{"id":102429,"date":"2026-01-28T07:10:59","date_gmt":"2026-01-28T06:10:59","guid":{"rendered":"https:\/\/truusk.store\/product\/klostrad-med-grotta-4-leksaker-sisalstammar-stor-plattform-trappa-for-katter-under-5-kg-beige\/"},"modified":"2026-03-12T08:51:17","modified_gmt":"2026-03-12T07:51:17","slug":"truusk-klostrad-med-grotta-4-leksaker-sisalstammar-stor-plattform-trappa-for-katter-under-5-kg-beige","status":"publish","type":"product","link":"https:\/\/truusk.store\/sv\/produkt\/truusk-klostrad-med-grotta-4-leksaker-sisalstammar-stor-plattform-trappa-for-katter-under-5-kg-beige\/","title":{"rendered":"TRUUSK Kl\u00f6str\u00e4d Med Grotta &#8211; 4 Leksaker &#8211; Sisalstammar &#8211; Stor Plattform &#8211; Trappa &#8211; F\u00f6r Katter Under 5 Kg &#8211; Beige"},"content":{"rendered":"<p>Vila, leka, slumra, kl\u00f6sa och njuta av kattlivet avslappnat &#8211; med v\u00e5r snygga kl\u00f6str\u00e4d fr\u00e5n [BRAND NAME] tar du hem ett lek- och avkopplingsparadis f\u00f6r dina favoritp\u00e4lsn\u00e4sor. Din stabila kattr\u00e4d erbjuder mycket variation. 1 grotta, 1 sovn\u00e4ste, kl\u00f6spelare, m\u00e5nga liggytor och leksaker i musform av det stora kl\u00f6str\u00e4det l\u00e5ter aldrig tristess uppst\u00e5. F\u00f6r stabilitet ser de s\u00e4kra bottenplattorna av h\u00f6gkvalitativa sp\u00e5nskivor till.<\/p>\n<p>Beskrivning:<\/p>\n<ul>\n<li> Fast sp\u00e5nskivekonstruktion av kl\u00f6str\u00e4det, stabilt och robust<\/li>\n<li> Stammarna \u00e4r omslagna med sisal, perfekt f\u00f6r kl\u00f6sning<\/li>\n<li> Kl\u00f6str\u00e4det inneh\u00e5ller 4 musformade h\u00e4ngande leksaker<\/li>\n<li> T\u00e4ckt med supermjuk plysch, behagligt bekv\u00e4m<\/li>\n<li> Lek- och avkopplingsparadis med 1 grotta, 1 sovn\u00e4ste, kl\u00f6spelare och liggytor<\/li>\n<li> Kattr\u00e4det \u00e4r l\u00e4mpligt f\u00f6r katter som v\u00e4ger mindre \u00e4n 5 kg<\/li>\n<li> Enkel montering<\/li>\n<\/ul>\n<p> Tekniska data:<\/p>\n<ul>\n<li> Material: Sp\u00e5nskiva, plysch<\/li>\n<li> F\u00e4rg: Beige<\/li>\n<li> Totala m\u00e5tt: 60L x 35B x 134H cm<\/li>\n<li> Kattstugm\u00e5tt: \u00d830 x 31H cm<\/li>\n<li> D\u00f6rrstorlek: 24L x 22H cm<\/li>\n<li> Interna kolumn: \u00d86 x 26,5H cm<\/li>\n<li> 3 x Plattformsstorlekar: 18L x 18B x 1,2T cm, 40L x 30B x 1,2T cm, 30L x 30B x 1,5T cm<\/li>\n<li> Rund v\u00e4skstorlek: \u00d830 x 10H cm<\/li>\n<li> Trapphusstorlek: 38L x 19B cm<\/li>\n<li> Bottenplatta: 60L x 35B x 1,2T cm<\/li>\n<\/ul>\n<p>Leveransinneh\u00e5ll:<\/p>\n<ul>\n<li> 1 x Kl\u00f6str\u00e4d<\/li>\n<li> 1 x Artikelinstruktioner<\/li>\n<\/ul>\n","protected":false},"excerpt":{"rendered":"<p>Vila, leka, slumra, kl\u00f6sa och njuta av kattlivet avslappnat &#8211; med v\u00e5r snygga kl\u00f6str\u00e4d fr\u00e5n [BRAND NAME] tar du hem&#8230;<\/p>\n","protected":false},"featured_media":102419,"template":"","meta":[],"product_brand":[],"product_cat":[878,588,879],"product_tag":[],"class_list":{"0":"post-102429","1":"product","2":"type-product","3":"status-publish","4":"has-post-thumbnail","6":"product_cat-djurbehov","7":"product_cat-katttillbehor","8":"product_cat-klostrad","10":"first","11":"instock","12":"sale","13":"taxable","14":"shipping-taxable","15":"purchasable","16":"product-type-simple"},"yoast_head":"<!-- This site is optimized with the Yoast SEO plugin v25.4 - https:\/\/yoast.com\/wordpress\/plugins\/seo\/ -->\n<title>TRUUSK Kl\u00f6str\u00e4d Med Grotta - 4 Leksaker - Sisalstammar - Stor Plattform - Trappa - F\u00f6r Katter Under 5 Kg - Beige - TRUUSK - Hem, Tr\u00e4dg\u00e5rd &amp; Fritid<\/title>\n<meta name=\"robots\" content=\"index, follow, max-snippet:-1, max-image-preview:large, max-video-preview:-1\" \/>\n<link rel=\"canonical\" href=\"https:\/\/truusk.store\/sv\/produkt\/truusk-klostrad-med-grotta-4-leksaker-sisalstammar-stor-plattform-trappa-for-katter-under-5-kg-beige\/\" \/>\n<meta property=\"og:locale\" content=\"sv_SE\" \/>\n<meta property=\"og:type\" content=\"article\" \/>\n<meta property=\"og:title\" content=\"TRUUSK Kl\u00f6str\u00e4d Med Grotta - 4 Leksaker - Sisalstammar - Stor Plattform - Trappa - F\u00f6r Katter Under 5 Kg - Beige - TRUUSK - Hem, Tr\u00e4dg\u00e5rd &amp; Fritid\" \/>\n<meta property=\"og:description\" content=\"Vila, leka, slumra, kl\u00f6sa och njuta av kattlivet avslappnat &#8211; med v\u00e5r snygga kl\u00f6str\u00e4d fr\u00e5n [BRAND NAME] tar du hem...\" \/>\n<meta property=\"og:url\" content=\"https:\/\/truusk.store\/sv\/produkt\/truusk-klostrad-med-grotta-4-leksaker-sisalstammar-stor-plattform-trappa-for-katter-under-5-kg-beige\/\" \/>\n<meta property=\"og:site_name\" content=\"TRUUSK - Hem, Tr\u00e4dg\u00e5rd &amp; Fritid\" \/>\n<meta property=\"article:modified_time\" content=\"2026-03-12T07:51:17+00:00\" \/>\n<meta property=\"og:image\" content=\"https:\/\/i0.wp.com\/truusk.se\/wp-content\/uploads\/2026\/01\/klostrad-med-grotta-4-leksaker-sisalstammar-stor-plattform-trappa-for-katter-under-5-kg-beige-1.webp?fit=2000%2C2000&ssl=1\" \/>\n\t<meta property=\"og:image:width\" content=\"2000\" \/>\n\t<meta property=\"og:image:height\" content=\"2000\" \/>\n\t<meta property=\"og:image:type\" content=\"image\/webp\" \/>\n<meta name=\"twitter:card\" content=\"summary_large_image\" \/>\n<meta name=\"twitter:label1\" content=\"Ber\u00e4knad l\u00e4stid\" \/>\n\t<meta name=\"twitter:data1\" content=\"1 minut\" \/>\n<!-- \/ Yoast SEO plugin. -->","yoast_head_json":{"title":"TRUUSK Kl\u00f6str\u00e4d Med Grotta - 4 Leksaker - Sisalstammar - Stor Plattform - Trappa - F\u00f6r Katter Under 5 Kg - Beige - TRUUSK - Hem, Tr\u00e4dg\u00e5rd &amp; Fritid","robots":{"index":"index","follow":"follow","max-snippet":"max-snippet:-1","max-image-preview":"max-image-preview:large","max-video-preview":"max-video-preview:-1"},"canonical":"https:\/\/truusk.store\/sv\/produkt\/truusk-klostrad-med-grotta-4-leksaker-sisalstammar-stor-plattform-trappa-for-katter-under-5-kg-beige\/","og_locale":"sv_SE","og_type":"article","og_title":"TRUUSK Kl\u00f6str\u00e4d Med Grotta - 4 Leksaker - Sisalstammar - Stor Plattform - Trappa - F\u00f6r Katter Under 5 Kg - Beige - TRUUSK - Hem, Tr\u00e4dg\u00e5rd &amp; Fritid","og_description":"Vila, leka, slumra, kl\u00f6sa och njuta av kattlivet avslappnat &#8211; med v\u00e5r snygga kl\u00f6str\u00e4d fr\u00e5n [BRAND NAME] tar du hem...","og_url":"https:\/\/truusk.store\/sv\/produkt\/truusk-klostrad-med-grotta-4-leksaker-sisalstammar-stor-plattform-trappa-for-katter-under-5-kg-beige\/","og_site_name":"TRUUSK - Hem, Tr\u00e4dg\u00e5rd &amp; Fritid","article_modified_time":"2026-03-12T07:51:17+00:00","og_image":[{"width":2000,"height":2000,"url":"https:\/\/i0.wp.com\/truusk.se\/wp-content\/uploads\/2026\/01\/klostrad-med-grotta-4-leksaker-sisalstammar-stor-plattform-trappa-for-katter-under-5-kg-beige-1.webp?fit=2000%2C2000&ssl=1","type":"image\/webp"}],"twitter_card":"summary_large_image","twitter_misc":{"Ber\u00e4knad l\u00e4stid":"1 minut"},"schema":{"@context":"https:\/\/schema.org","@graph":[{"@type":"WebPage","@id":"https:\/\/truusk.store\/sv\/produkt\/truusk-klostrad-med-grotta-4-leksaker-sisalstammar-stor-plattform-trappa-for-katter-under-5-kg-beige\/","url":"https:\/\/truusk.store\/sv\/produkt\/truusk-klostrad-med-grotta-4-leksaker-sisalstammar-stor-plattform-trappa-for-katter-under-5-kg-beige\/","name":"TRUUSK Kl\u00f6str\u00e4d Med Grotta - 4 Leksaker - Sisalstammar - Stor Plattform - Trappa - F\u00f6r Katter Under 5 Kg - Beige - TRUUSK - Hem, Tr\u00e4dg\u00e5rd &amp; Fritid","isPartOf":{"@id":"https:\/\/truusk.store\/sv\/#website"},"primaryImageOfPage":{"@id":"https:\/\/truusk.store\/sv\/produkt\/truusk-klostrad-med-grotta-4-leksaker-sisalstammar-stor-plattform-trappa-for-katter-under-5-kg-beige\/#primaryimage"},"image":{"@id":"https:\/\/truusk.store\/sv\/produkt\/truusk-klostrad-med-grotta-4-leksaker-sisalstammar-stor-plattform-trappa-for-katter-under-5-kg-beige\/#primaryimage"},"thumbnailUrl":"https:\/\/i0.wp.com\/truusk.store\/wp-content\/uploads\/2026\/01\/klostrad-med-grotta-4-leksaker-sisalstammar-stor-plattform-trappa-for-katter-under-5-kg-beige-1.webp?fit=2000%2C2000&ssl=1","datePublished":"2026-01-28T06:10:59+00:00","dateModified":"2026-03-12T07:51:17+00:00","breadcrumb":{"@id":"https:\/\/truusk.store\/sv\/produkt\/truusk-klostrad-med-grotta-4-leksaker-sisalstammar-stor-plattform-trappa-for-katter-under-5-kg-beige\/#breadcrumb"},"inLanguage":"sv-SE","potentialAction":[{"@type":"ReadAction","target":["https:\/\/truusk.store\/sv\/produkt\/truusk-klostrad-med-grotta-4-leksaker-sisalstammar-stor-plattform-trappa-for-katter-under-5-kg-beige\/"]}]},{"@type":"ImageObject","inLanguage":"sv-SE","@id":"https:\/\/truusk.store\/sv\/produkt\/truusk-klostrad-med-grotta-4-leksaker-sisalstammar-stor-plattform-trappa-for-katter-under-5-kg-beige\/#primaryimage","url":"https:\/\/i0.wp.com\/truusk.store\/wp-content\/uploads\/2026\/01\/klostrad-med-grotta-4-leksaker-sisalstammar-stor-plattform-trappa-for-katter-under-5-kg-beige-1.webp?fit=2000%2C2000&ssl=1","contentUrl":"https:\/\/i0.wp.com\/truusk.store\/wp-content\/uploads\/2026\/01\/klostrad-med-grotta-4-leksaker-sisalstammar-stor-plattform-trappa-for-katter-under-5-kg-beige-1.webp?fit=2000%2C2000&ssl=1","width":2000,"height":2000},{"@type":"BreadcrumbList","@id":"https:\/\/truusk.store\/sv\/produkt\/truusk-klostrad-med-grotta-4-leksaker-sisalstammar-stor-plattform-trappa-for-katter-under-5-kg-beige\/#breadcrumb","itemListElement":[{"@type":"ListItem","position":1,"name":"Home","item":"https:\/\/truusk.store\/sv\/"},{"@type":"ListItem","position":2,"name":"Shop","item":"https:\/\/truusk.store\/shop\/"},{"@type":"ListItem","position":3,"name":"TRUUSK Kl\u00f6str\u00e4d Med Grotta &#8211; 4 Leksaker &#8211; Sisalstammar &#8211; Stor Plattform &#8211; Trappa &#8211; F\u00f6r Katter Under 5 Kg &#8211; Beige"}]},{"@type":"WebSite","@id":"https:\/\/truusk.store\/sv\/#website","url":"https:\/\/truusk.store\/sv\/","name":"TRUUSK - Hem, Tr\u00e4dg\u00e5rd & Fritid","description":"","publisher":{"@id":"https:\/\/truusk.store\/sv\/#organization"},"potentialAction":[{"@type":"SearchAction","target":{"@type":"EntryPoint","urlTemplate":"https:\/\/truusk.store\/sv\/?s={search_term_string}"},"query-input":{"@type":"PropertyValueSpecification","valueRequired":true,"valueName":"search_term_string"}}],"inLanguage":"sv-SE"},{"@type":"Organization","@id":"https:\/\/truusk.store\/sv\/#organization","name":"TRUUSK - Hem, Tr\u00e4dg\u00e5rd & Fritid","url":"https:\/\/truusk.store\/sv\/","logo":{"@type":"ImageObject","inLanguage":"sv-SE","@id":"https:\/\/truusk.store\/sv\/#\/schema\/logo\/image\/","url":"https:\/\/i0.wp.com\/truusk.store\/wp-content\/uploads\/2026\/03\/cropped-TRUUSK.png?fit=2032%2C917&ssl=1","contentUrl":"https:\/\/i0.wp.com\/truusk.store\/wp-content\/uploads\/2026\/03\/cropped-TRUUSK.png?fit=2032%2C917&ssl=1","width":2032,"height":917,"caption":"TRUUSK - Hem, Tr\u00e4dg\u00e5rd & Fritid"},"image":{"@id":"https:\/\/truusk.store\/sv\/#\/schema\/logo\/image\/"}}]}},"jetpack_sharing_enabled":true,"_links":{"self":[{"href":"https:\/\/truusk.store\/sv\/wp-json\/wp\/v2\/product\/102429","targetHints":{"allow":["GET"]}}],"collection":[{"href":"https:\/\/truusk.store\/sv\/wp-json\/wp\/v2\/product"}],"about":[{"href":"https:\/\/truusk.store\/sv\/wp-json\/wp\/v2\/types\/product"}],"wp:featuredmedia":[{"embeddable":true,"href":"https:\/\/truusk.store\/sv\/wp-json\/wp\/v2\/media\/102419"}],"wp:attachment":[{"href":"https:\/\/truusk.store\/sv\/wp-json\/wp\/v2\/media?parent=102429"}],"wp:term":[{"taxonomy":"product_brand","embeddable":true,"href":"https:\/\/truusk.store\/sv\/wp-json\/wp\/v2\/product_brand?post=102429"},{"taxonomy":"product_cat","embeddable":true,"href":"https:\/\/truusk.store\/sv\/wp-json\/wp\/v2\/product_cat?post=102429"},{"taxonomy":"product_tag","embeddable":true,"href":"https:\/\/truusk.store\/sv\/wp-json\/wp\/v2\/product_tag?post=102429"}],"curies":[{"name":"wp","href":"https:\/\/api.w.org\/{rel}","templated":true}]}}