{"id":102438,"date":"2026-01-28T07:11:44","date_gmt":"2026-01-28T06:11:44","guid":{"rendered":"https:\/\/truusk.store\/product\/barstolar-i-2-pack-vadderade-barstolar-med-bojd-ryggstod-for-kokso-frukostomrade-gra\/"},"modified":"2026-03-12T08:52:10","modified_gmt":"2026-03-12T07:52:10","slug":"truusk-2-pack-barstolar-vadderade-med-bojd-ryggstod-for-kokso-och-frukostomrade-gra","status":"publish","type":"product","link":"https:\/\/truusk.store\/sv\/produkt\/truusk-2-pack-barstolar-vadderade-med-bojd-ryggstod-for-kokso-och-frukostomrade-gra\/","title":{"rendered":"TRUUSK 2-pack Barstolar &#8211; Vadderade med b\u00f6jd ryggst\u00f6d &#8211; F\u00f6r k\u00f6ks\u00f6 och frukostomr\u00e5de &#8211; Gr\u00e5"},"content":{"rendered":"<p>Ge ditt rum komfort och stil med [BRAND NAME] barstolset (2-delat). Den elegant b\u00f6jda ryggst\u00f6det st\u00f6der ryggen, medan fotst\u00f6det ger avslappnade m\u00e5ltider eller samtal. Den mjuka polyesterstoppningen och den stoppade s\u00e4tet garanterar hela dagens komfort. Den stabila metallramen p\u00e5 bardisken ger p\u00e5litligt st\u00f6d &#8211; perfekt f\u00f6r morgonkaffe eller livliga samtal l\u00e5ngt in p\u00e5 natten.<\/p>\n<p>Beskrivning:<\/p>\n<ul>\n<li> B\u00f6jd ryggst\u00f6d p\u00e5 barstolen ger l\u00e4ndryggsst\u00f6d f\u00f6r f\u00f6rb\u00e4ttrad sittkomfort<\/li>\n<li> Integrerad fotst\u00f6d m\u00f6jligg\u00f6r en avslappnad benposition under anv\u00e4ndning<\/li>\n<li> Mjuk stoppning med linnetextur p\u00e5 barstolen ger andningsbar och behaglig sittkomfort<\/li>\n<li> Gener\u00f6st dimensionerat s\u00e4te ger st\u00f6djande stoppning f\u00f6r l\u00e5ngvarig komfort<\/li>\n<li> Robust metallram ger stabil och h\u00e5llbar stabilitet utan vackling<\/li>\n<li> Justerbara fotdynor skyddar golv och anpassar sig till oj\u00e4mna ytor<\/li>\n<li> Enkel monteringsprocess m\u00f6jligg\u00f6r en problemfri installation p\u00e5 bara 30 minuter<\/li>\n<\/ul>\n<p> Tekniska data:<\/p>\n<ul>\n<li> F\u00e4rg: Gr\u00e5<\/li>\n<li> Material: Linne-look tyg (100% polyester), skum, metall, flerskiktsplatta<\/li>\n<li> Totala dimensioner: 49B x 53D x 93H cm<\/li>\n<li> Sitsstorlek: 47B x 44D x 63H cm<\/li>\n<li> Ryggst\u00f6dets storlek: 29L x 49B cm<\/li>\n<li> Stoppningstjocklek: 6 cm (sits), 6 cm (rygg)<\/li>\n<li> Fotst\u00f6dets h\u00f6jd fr\u00e5n golvet: 20,5 cm<\/li>\n<li> Passar f\u00f6r barbordsh\u00f6jd: 89-99 cm<\/li>\n<li> Maximal belastning: 120 kg<\/li>\n<\/ul>\n<p>Ing\u00e5r:<\/p>\n<ul>\n<li> 2 x Barstolar<\/li>\n<li> 1 x Bruksanvisning<\/li>\n<\/ul>\n","protected":false},"excerpt":{"rendered":"<p>Ge ditt rum komfort och stil med [BRAND NAME] barstolset (2-delat). Den elegant b\u00f6jda ryggst\u00f6det st\u00f6der ryggen, medan fotst\u00f6det ger&#8230;<\/p>\n","protected":false},"featured_media":102427,"template":"","meta":[],"product_brand":[],"product_cat":[643,871,889],"product_tag":[],"class_list":{"0":"post-102438","1":"product","2":"type-product","3":"status-publish","4":"has-post-thumbnail","6":"product_cat-barnstolar","7":"product_cat-hus-hem","8":"product_cat-kok-matsal","10":"first","11":"instock","12":"sale","13":"taxable","14":"shipping-taxable","15":"purchasable","16":"product-type-simple"},"yoast_head":"<!-- This site is optimized with the Yoast SEO plugin v25.4 - https:\/\/yoast.com\/wordpress\/plugins\/seo\/ -->\n<title>TRUUSK 2-pack Barstolar - Vadderade med b\u00f6jd ryggst\u00f6d - F\u00f6r k\u00f6ks\u00f6 och frukostomr\u00e5de - Gr\u00e5 - TRUUSK - Hem, Tr\u00e4dg\u00e5rd &amp; Fritid<\/title>\n<meta name=\"robots\" content=\"index, follow, max-snippet:-1, max-image-preview:large, max-video-preview:-1\" \/>\n<link rel=\"canonical\" href=\"https:\/\/truusk.store\/sv\/produkt\/truusk-2-pack-barstolar-vadderade-med-bojd-ryggstod-for-kokso-och-frukostomrade-gra\/\" \/>\n<meta property=\"og:locale\" content=\"sv_SE\" \/>\n<meta property=\"og:type\" content=\"article\" \/>\n<meta property=\"og:title\" content=\"TRUUSK 2-pack Barstolar - Vadderade med b\u00f6jd ryggst\u00f6d - F\u00f6r k\u00f6ks\u00f6 och frukostomr\u00e5de - Gr\u00e5 - TRUUSK - Hem, Tr\u00e4dg\u00e5rd &amp; Fritid\" \/>\n<meta property=\"og:description\" content=\"Ge ditt rum komfort och stil med [BRAND NAME] barstolset (2-delat). Den elegant b\u00f6jda ryggst\u00f6det st\u00f6der ryggen, medan fotst\u00f6det ger...\" \/>\n<meta property=\"og:url\" content=\"https:\/\/truusk.store\/sv\/produkt\/truusk-2-pack-barstolar-vadderade-med-bojd-ryggstod-for-kokso-och-frukostomrade-gra\/\" \/>\n<meta property=\"og:site_name\" content=\"TRUUSK - Hem, Tr\u00e4dg\u00e5rd &amp; Fritid\" \/>\n<meta property=\"article:modified_time\" content=\"2026-03-12T07:52:10+00:00\" \/>\n<meta property=\"og:image\" content=\"https:\/\/i0.wp.com\/truusk.se\/wp-content\/uploads\/2026\/01\/barstolar-i-2-pack-vadderade-barstolar-med-bojd-ryggstod-for-kokso-frukostomrade-gra-1.webp?fit=2000%2C2000&ssl=1\" \/>\n\t<meta property=\"og:image:width\" content=\"2000\" \/>\n\t<meta property=\"og:image:height\" content=\"2000\" \/>\n\t<meta property=\"og:image:type\" content=\"image\/webp\" \/>\n<meta name=\"twitter:card\" content=\"summary_large_image\" \/>\n<meta name=\"twitter:label1\" content=\"Ber\u00e4knad l\u00e4stid\" \/>\n\t<meta name=\"twitter:data1\" content=\"1 minut\" \/>\n<!-- \/ Yoast SEO plugin. -->","yoast_head_json":{"title":"TRUUSK 2-pack Barstolar - Vadderade med b\u00f6jd ryggst\u00f6d - F\u00f6r k\u00f6ks\u00f6 och frukostomr\u00e5de - Gr\u00e5 - TRUUSK - Hem, Tr\u00e4dg\u00e5rd &amp; Fritid","robots":{"index":"index","follow":"follow","max-snippet":"max-snippet:-1","max-image-preview":"max-image-preview:large","max-video-preview":"max-video-preview:-1"},"canonical":"https:\/\/truusk.store\/sv\/produkt\/truusk-2-pack-barstolar-vadderade-med-bojd-ryggstod-for-kokso-och-frukostomrade-gra\/","og_locale":"sv_SE","og_type":"article","og_title":"TRUUSK 2-pack Barstolar - Vadderade med b\u00f6jd ryggst\u00f6d - F\u00f6r k\u00f6ks\u00f6 och frukostomr\u00e5de - Gr\u00e5 - TRUUSK - Hem, Tr\u00e4dg\u00e5rd &amp; Fritid","og_description":"Ge ditt rum komfort och stil med [BRAND NAME] barstolset (2-delat). Den elegant b\u00f6jda ryggst\u00f6det st\u00f6der ryggen, medan fotst\u00f6det ger...","og_url":"https:\/\/truusk.store\/sv\/produkt\/truusk-2-pack-barstolar-vadderade-med-bojd-ryggstod-for-kokso-och-frukostomrade-gra\/","og_site_name":"TRUUSK - Hem, Tr\u00e4dg\u00e5rd &amp; Fritid","article_modified_time":"2026-03-12T07:52:10+00:00","og_image":[{"width":2000,"height":2000,"url":"https:\/\/i0.wp.com\/truusk.se\/wp-content\/uploads\/2026\/01\/barstolar-i-2-pack-vadderade-barstolar-med-bojd-ryggstod-for-kokso-frukostomrade-gra-1.webp?fit=2000%2C2000&ssl=1","type":"image\/webp"}],"twitter_card":"summary_large_image","twitter_misc":{"Ber\u00e4knad l\u00e4stid":"1 minut"},"schema":{"@context":"https:\/\/schema.org","@graph":[{"@type":"WebPage","@id":"https:\/\/truusk.store\/sv\/produkt\/truusk-2-pack-barstolar-vadderade-med-bojd-ryggstod-for-kokso-och-frukostomrade-gra\/","url":"https:\/\/truusk.store\/sv\/produkt\/truusk-2-pack-barstolar-vadderade-med-bojd-ryggstod-for-kokso-och-frukostomrade-gra\/","name":"TRUUSK 2-pack Barstolar - Vadderade med b\u00f6jd ryggst\u00f6d - F\u00f6r k\u00f6ks\u00f6 och frukostomr\u00e5de - Gr\u00e5 - TRUUSK - Hem, Tr\u00e4dg\u00e5rd &amp; Fritid","isPartOf":{"@id":"https:\/\/truusk.store\/sv\/#website"},"primaryImageOfPage":{"@id":"https:\/\/truusk.store\/sv\/produkt\/truusk-2-pack-barstolar-vadderade-med-bojd-ryggstod-for-kokso-och-frukostomrade-gra\/#primaryimage"},"image":{"@id":"https:\/\/truusk.store\/sv\/produkt\/truusk-2-pack-barstolar-vadderade-med-bojd-ryggstod-for-kokso-och-frukostomrade-gra\/#primaryimage"},"thumbnailUrl":"https:\/\/i0.wp.com\/truusk.store\/wp-content\/uploads\/2026\/01\/barstolar-i-2-pack-vadderade-barstolar-med-bojd-ryggstod-for-kokso-frukostomrade-gra-1.webp?fit=2000%2C2000&ssl=1","datePublished":"2026-01-28T06:11:44+00:00","dateModified":"2026-03-12T07:52:10+00:00","breadcrumb":{"@id":"https:\/\/truusk.store\/sv\/produkt\/truusk-2-pack-barstolar-vadderade-med-bojd-ryggstod-for-kokso-och-frukostomrade-gra\/#breadcrumb"},"inLanguage":"sv-SE","potentialAction":[{"@type":"ReadAction","target":["https:\/\/truusk.store\/sv\/produkt\/truusk-2-pack-barstolar-vadderade-med-bojd-ryggstod-for-kokso-och-frukostomrade-gra\/"]}]},{"@type":"ImageObject","inLanguage":"sv-SE","@id":"https:\/\/truusk.store\/sv\/produkt\/truusk-2-pack-barstolar-vadderade-med-bojd-ryggstod-for-kokso-och-frukostomrade-gra\/#primaryimage","url":"https:\/\/i0.wp.com\/truusk.store\/wp-content\/uploads\/2026\/01\/barstolar-i-2-pack-vadderade-barstolar-med-bojd-ryggstod-for-kokso-frukostomrade-gra-1.webp?fit=2000%2C2000&ssl=1","contentUrl":"https:\/\/i0.wp.com\/truusk.store\/wp-content\/uploads\/2026\/01\/barstolar-i-2-pack-vadderade-barstolar-med-bojd-ryggstod-for-kokso-frukostomrade-gra-1.webp?fit=2000%2C2000&ssl=1","width":2000,"height":2000},{"@type":"BreadcrumbList","@id":"https:\/\/truusk.store\/sv\/produkt\/truusk-2-pack-barstolar-vadderade-med-bojd-ryggstod-for-kokso-och-frukostomrade-gra\/#breadcrumb","itemListElement":[{"@type":"ListItem","position":1,"name":"Home","item":"https:\/\/truusk.store\/sv\/"},{"@type":"ListItem","position":2,"name":"Shop","item":"https:\/\/truusk.store\/shop\/"},{"@type":"ListItem","position":3,"name":"TRUUSK 2-pack Barstolar &#8211; Vadderade med b\u00f6jd ryggst\u00f6d &#8211; F\u00f6r k\u00f6ks\u00f6 och frukostomr\u00e5de &#8211; Gr\u00e5"}]},{"@type":"WebSite","@id":"https:\/\/truusk.store\/sv\/#website","url":"https:\/\/truusk.store\/sv\/","name":"TRUUSK - Hem, Tr\u00e4dg\u00e5rd & Fritid","description":"","publisher":{"@id":"https:\/\/truusk.store\/sv\/#organization"},"potentialAction":[{"@type":"SearchAction","target":{"@type":"EntryPoint","urlTemplate":"https:\/\/truusk.store\/sv\/?s={search_term_string}"},"query-input":{"@type":"PropertyValueSpecification","valueRequired":true,"valueName":"search_term_string"}}],"inLanguage":"sv-SE"},{"@type":"Organization","@id":"https:\/\/truusk.store\/sv\/#organization","name":"TRUUSK - Hem, Tr\u00e4dg\u00e5rd & Fritid","url":"https:\/\/truusk.store\/sv\/","logo":{"@type":"ImageObject","inLanguage":"sv-SE","@id":"https:\/\/truusk.store\/sv\/#\/schema\/logo\/image\/","url":"https:\/\/i0.wp.com\/truusk.store\/wp-content\/uploads\/2026\/03\/cropped-TRUUSK.png?fit=2032%2C917&ssl=1","contentUrl":"https:\/\/i0.wp.com\/truusk.store\/wp-content\/uploads\/2026\/03\/cropped-TRUUSK.png?fit=2032%2C917&ssl=1","width":2032,"height":917,"caption":"TRUUSK - Hem, Tr\u00e4dg\u00e5rd & Fritid"},"image":{"@id":"https:\/\/truusk.store\/sv\/#\/schema\/logo\/image\/"}}]}},"jetpack_sharing_enabled":true,"_links":{"self":[{"href":"https:\/\/truusk.store\/sv\/wp-json\/wp\/v2\/product\/102438","targetHints":{"allow":["GET"]}}],"collection":[{"href":"https:\/\/truusk.store\/sv\/wp-json\/wp\/v2\/product"}],"about":[{"href":"https:\/\/truusk.store\/sv\/wp-json\/wp\/v2\/types\/product"}],"wp:featuredmedia":[{"embeddable":true,"href":"https:\/\/truusk.store\/sv\/wp-json\/wp\/v2\/media\/102427"}],"wp:attachment":[{"href":"https:\/\/truusk.store\/sv\/wp-json\/wp\/v2\/media?parent=102438"}],"wp:term":[{"taxonomy":"product_brand","embeddable":true,"href":"https:\/\/truusk.store\/sv\/wp-json\/wp\/v2\/product_brand?post=102438"},{"taxonomy":"product_cat","embeddable":true,"href":"https:\/\/truusk.store\/sv\/wp-json\/wp\/v2\/product_cat?post=102438"},{"taxonomy":"product_tag","embeddable":true,"href":"https:\/\/truusk.store\/sv\/wp-json\/wp\/v2\/product_tag?post=102438"}],"curies":[{"name":"wp","href":"https:\/\/api.w.org\/{rel}","templated":true}]}}