{"id":102449,"date":"2026-01-28T07:12:44","date_gmt":"2026-01-28T06:12:44","guid":{"rendered":"https:\/\/truusk.store\/product\/skrivbordsstall-med-justerbar-hylla-hjul-for-faxskanner-60-x-30-x-65-cm-vit\/"},"modified":"2026-03-12T08:52:11","modified_gmt":"2026-03-12T07:52:11","slug":"truusk-skrivbordsstall-med-justerbar-hylla-hjul-faxskanner-60-x-30-x-65-cm-vit","status":"publish","type":"product","link":"https:\/\/truusk.store\/sv\/produkt\/truusk-skrivbordsstall-med-justerbar-hylla-hjul-faxskanner-60-x-30-x-65-cm-vit\/","title":{"rendered":"TRUUSK Skrivbordsst\u00e4ll Med Justerbar Hylla &#8211; Hjul &#8211; Faxskanner &#8211; 60 x 30 x 65 cm &#8211; Vit"},"content":{"rendered":"<p>Har du problem med en \u00f6verfull arbetsplats och har ingen plats f\u00f6r din skrivare? Oordning st\u00f6r fokus och produktivitet. [BRAND NAME] skrivarsk\u00e5p l\u00f6ser problemet: Praktiskt f\u00f6rvaringsutrymme och hjul ger ordning och r\u00f6rlighet. Dess moderna, klara design ger struktur och effektivitet till ditt hemmakontor och ger dig en lugnande k\u00e4nsla av kontroll.<\/p>\n<p>Beskrivning:<\/p>\n<ul>\n<li> Har 2 l\u00e5dor och tre \u00f6ppna fack f\u00f6r organiserad f\u00f6rvaring<\/li>\n<li> En 3-stegs justerbar hylla ger plats f\u00f6r f\u00f6rem\u00e5l av olika h\u00f6jder<\/li>\n<li> Fyra smidiga hjul m\u00f6jligg\u00f6r enkel r\u00f6relse, tv\u00e5 av dem \u00e4r l\u00e5sbara f\u00f6r extra stabilitet<\/li>\n<li> Den moderna vita designen passar s\u00f6ml\u00f6st in i ditt hemmakontor eller arbetsrum<\/li>\n<li> Tillverkad av sp\u00e5nskiva, den b\u00e4r enkelt upp till 10 kg<\/li>\n<li> Ytan \u00e4r l\u00e4tt att reng\u00f6ra och s\u00e4kerst\u00e4ller en l\u00e5ngvarig anv\u00e4ndning<\/li>\n<li> Den kompakta storleken passar perfekt under ett skrivbord eller bredvid en soffa<\/li>\n<li> Montering kr\u00e4vs<\/li>\n<\/ul>\n<p> Tekniska data:<\/p>\n<ul>\n<li> F\u00e4rg: Vit<\/li>\n<li> Material: Sp\u00e5nskiva<\/li>\n<li> Totala dimensioner: 60L x 30B x 65H cm<\/li>\n<li> Inre storlek p\u00e5 l\u00e5dan: 22,5B x 25T x 6,5H cm<\/li>\n<li> Storlek p\u00e5 det \u00f6vre \u00f6ppna facket: 27,4B x 30T x 23H cm<\/li>\n<li> Justerbar hylla: 30B x 27,5T cm<\/li>\n<li> Justerbar hyllh\u00f6jd: 27,5H cm, 29H cm (mellanposition, upp &amp; ner)<\/li>\n<li> Hjulstorlek: \u00d85 cm<\/li>\n<li> Maximal belastning: 2 kg (l\u00e5da), 10 kg (totalt)<\/li>\n<\/ul>\n<p>Leveransinneh\u00e5ll:<\/p>\n<ul>\n<li> 1 x Mobil skrivare st\u00e5<\/li>\n<li> 1 x Bruksanvisning<\/li>\n<\/ul>\n","protected":false},"excerpt":{"rendered":"<p>Har du problem med en \u00f6verfull arbetsplats och har ingen plats f\u00f6r din skrivare? Oordning st\u00f6r fokus och produktivitet. [BRAND&#8230;<\/p>\n","protected":false},"featured_media":102439,"template":"","meta":[],"product_brand":[],"product_cat":[978,872,871],"product_tag":[],"class_list":{"0":"post-102449","1":"product","2":"type-product","3":"status-publish","4":"has-post-thumbnail","6":"product_cat-arkivskap-rullande-behallare","7":"product_cat-hemmakontor-arbetsplats","8":"product_cat-hus-hem","10":"first","11":"instock","12":"sale","13":"taxable","14":"shipping-taxable","15":"purchasable","16":"product-type-simple"},"yoast_head":"<!-- This site is optimized with the Yoast SEO plugin v25.4 - https:\/\/yoast.com\/wordpress\/plugins\/seo\/ -->\n<title>TRUUSK Skrivbordsst\u00e4ll Med Justerbar Hylla - Hjul - Faxskanner - 60 x 30 x 65 cm - Vit - TRUUSK - Hem, Tr\u00e4dg\u00e5rd &amp; Fritid<\/title>\n<meta name=\"robots\" content=\"index, follow, max-snippet:-1, max-image-preview:large, max-video-preview:-1\" \/>\n<link rel=\"canonical\" href=\"https:\/\/truusk.store\/sv\/produkt\/truusk-skrivbordsstall-med-justerbar-hylla-hjul-faxskanner-60-x-30-x-65-cm-vit\/\" \/>\n<meta property=\"og:locale\" content=\"sv_SE\" \/>\n<meta property=\"og:type\" content=\"article\" \/>\n<meta property=\"og:title\" content=\"TRUUSK Skrivbordsst\u00e4ll Med Justerbar Hylla - Hjul - Faxskanner - 60 x 30 x 65 cm - Vit - TRUUSK - Hem, Tr\u00e4dg\u00e5rd &amp; Fritid\" \/>\n<meta property=\"og:description\" content=\"Har du problem med en \u00f6verfull arbetsplats och har ingen plats f\u00f6r din skrivare? Oordning st\u00f6r fokus och produktivitet. [BRAND...\" \/>\n<meta property=\"og:url\" content=\"https:\/\/truusk.store\/sv\/produkt\/truusk-skrivbordsstall-med-justerbar-hylla-hjul-faxskanner-60-x-30-x-65-cm-vit\/\" \/>\n<meta property=\"og:site_name\" content=\"TRUUSK - Hem, Tr\u00e4dg\u00e5rd &amp; Fritid\" \/>\n<meta property=\"article:modified_time\" content=\"2026-03-12T07:52:11+00:00\" \/>\n<meta property=\"og:image\" content=\"https:\/\/i0.wp.com\/truusk.se\/wp-content\/uploads\/2026\/01\/skrivbordsstall-med-justerbar-hylla-hjul-for-faxskanner-60-x-30-x-65-cm-vit-1.webp?fit=2000%2C2000&ssl=1\" \/>\n\t<meta property=\"og:image:width\" content=\"2000\" \/>\n\t<meta property=\"og:image:height\" content=\"2000\" \/>\n\t<meta property=\"og:image:type\" content=\"image\/webp\" \/>\n<meta name=\"twitter:card\" content=\"summary_large_image\" \/>\n<meta name=\"twitter:label1\" content=\"Ber\u00e4knad l\u00e4stid\" \/>\n\t<meta name=\"twitter:data1\" content=\"1 minut\" \/>\n<!-- \/ Yoast SEO plugin. -->","yoast_head_json":{"title":"TRUUSK Skrivbordsst\u00e4ll Med Justerbar Hylla - Hjul - Faxskanner - 60 x 30 x 65 cm - Vit - TRUUSK - Hem, Tr\u00e4dg\u00e5rd &amp; Fritid","robots":{"index":"index","follow":"follow","max-snippet":"max-snippet:-1","max-image-preview":"max-image-preview:large","max-video-preview":"max-video-preview:-1"},"canonical":"https:\/\/truusk.store\/sv\/produkt\/truusk-skrivbordsstall-med-justerbar-hylla-hjul-faxskanner-60-x-30-x-65-cm-vit\/","og_locale":"sv_SE","og_type":"article","og_title":"TRUUSK Skrivbordsst\u00e4ll Med Justerbar Hylla - Hjul - Faxskanner - 60 x 30 x 65 cm - Vit - TRUUSK - Hem, Tr\u00e4dg\u00e5rd &amp; Fritid","og_description":"Har du problem med en \u00f6verfull arbetsplats och har ingen plats f\u00f6r din skrivare? Oordning st\u00f6r fokus och produktivitet. [BRAND...","og_url":"https:\/\/truusk.store\/sv\/produkt\/truusk-skrivbordsstall-med-justerbar-hylla-hjul-faxskanner-60-x-30-x-65-cm-vit\/","og_site_name":"TRUUSK - Hem, Tr\u00e4dg\u00e5rd &amp; Fritid","article_modified_time":"2026-03-12T07:52:11+00:00","og_image":[{"width":2000,"height":2000,"url":"https:\/\/i0.wp.com\/truusk.se\/wp-content\/uploads\/2026\/01\/skrivbordsstall-med-justerbar-hylla-hjul-for-faxskanner-60-x-30-x-65-cm-vit-1.webp?fit=2000%2C2000&ssl=1","type":"image\/webp"}],"twitter_card":"summary_large_image","twitter_misc":{"Ber\u00e4knad l\u00e4stid":"1 minut"},"schema":{"@context":"https:\/\/schema.org","@graph":[{"@type":"WebPage","@id":"https:\/\/truusk.store\/sv\/produkt\/truusk-skrivbordsstall-med-justerbar-hylla-hjul-faxskanner-60-x-30-x-65-cm-vit\/","url":"https:\/\/truusk.store\/sv\/produkt\/truusk-skrivbordsstall-med-justerbar-hylla-hjul-faxskanner-60-x-30-x-65-cm-vit\/","name":"TRUUSK Skrivbordsst\u00e4ll Med Justerbar Hylla - Hjul - Faxskanner - 60 x 30 x 65 cm - Vit - TRUUSK - Hem, Tr\u00e4dg\u00e5rd &amp; Fritid","isPartOf":{"@id":"https:\/\/truusk.store\/sv\/#website"},"primaryImageOfPage":{"@id":"https:\/\/truusk.store\/sv\/produkt\/truusk-skrivbordsstall-med-justerbar-hylla-hjul-faxskanner-60-x-30-x-65-cm-vit\/#primaryimage"},"image":{"@id":"https:\/\/truusk.store\/sv\/produkt\/truusk-skrivbordsstall-med-justerbar-hylla-hjul-faxskanner-60-x-30-x-65-cm-vit\/#primaryimage"},"thumbnailUrl":"https:\/\/i0.wp.com\/truusk.store\/wp-content\/uploads\/2026\/01\/skrivbordsstall-med-justerbar-hylla-hjul-for-faxskanner-60-x-30-x-65-cm-vit-1.webp?fit=2000%2C2000&ssl=1","datePublished":"2026-01-28T06:12:44+00:00","dateModified":"2026-03-12T07:52:11+00:00","breadcrumb":{"@id":"https:\/\/truusk.store\/sv\/produkt\/truusk-skrivbordsstall-med-justerbar-hylla-hjul-faxskanner-60-x-30-x-65-cm-vit\/#breadcrumb"},"inLanguage":"sv-SE","potentialAction":[{"@type":"ReadAction","target":["https:\/\/truusk.store\/sv\/produkt\/truusk-skrivbordsstall-med-justerbar-hylla-hjul-faxskanner-60-x-30-x-65-cm-vit\/"]}]},{"@type":"ImageObject","inLanguage":"sv-SE","@id":"https:\/\/truusk.store\/sv\/produkt\/truusk-skrivbordsstall-med-justerbar-hylla-hjul-faxskanner-60-x-30-x-65-cm-vit\/#primaryimage","url":"https:\/\/i0.wp.com\/truusk.store\/wp-content\/uploads\/2026\/01\/skrivbordsstall-med-justerbar-hylla-hjul-for-faxskanner-60-x-30-x-65-cm-vit-1.webp?fit=2000%2C2000&ssl=1","contentUrl":"https:\/\/i0.wp.com\/truusk.store\/wp-content\/uploads\/2026\/01\/skrivbordsstall-med-justerbar-hylla-hjul-for-faxskanner-60-x-30-x-65-cm-vit-1.webp?fit=2000%2C2000&ssl=1","width":2000,"height":2000},{"@type":"BreadcrumbList","@id":"https:\/\/truusk.store\/sv\/produkt\/truusk-skrivbordsstall-med-justerbar-hylla-hjul-faxskanner-60-x-30-x-65-cm-vit\/#breadcrumb","itemListElement":[{"@type":"ListItem","position":1,"name":"Home","item":"https:\/\/truusk.store\/sv\/"},{"@type":"ListItem","position":2,"name":"Shop","item":"https:\/\/truusk.store\/shop\/"},{"@type":"ListItem","position":3,"name":"TRUUSK Skrivbordsst\u00e4ll Med Justerbar Hylla &#8211; Hjul &#8211; Faxskanner &#8211; 60 x 30 x 65 cm &#8211; Vit"}]},{"@type":"WebSite","@id":"https:\/\/truusk.store\/sv\/#website","url":"https:\/\/truusk.store\/sv\/","name":"TRUUSK - Hem, Tr\u00e4dg\u00e5rd & Fritid","description":"","publisher":{"@id":"https:\/\/truusk.store\/sv\/#organization"},"potentialAction":[{"@type":"SearchAction","target":{"@type":"EntryPoint","urlTemplate":"https:\/\/truusk.store\/sv\/?s={search_term_string}"},"query-input":{"@type":"PropertyValueSpecification","valueRequired":true,"valueName":"search_term_string"}}],"inLanguage":"sv-SE"},{"@type":"Organization","@id":"https:\/\/truusk.store\/sv\/#organization","name":"TRUUSK - Hem, Tr\u00e4dg\u00e5rd & Fritid","url":"https:\/\/truusk.store\/sv\/","logo":{"@type":"ImageObject","inLanguage":"sv-SE","@id":"https:\/\/truusk.store\/sv\/#\/schema\/logo\/image\/","url":"https:\/\/i0.wp.com\/truusk.store\/wp-content\/uploads\/2026\/03\/cropped-TRUUSK.png?fit=2032%2C917&ssl=1","contentUrl":"https:\/\/i0.wp.com\/truusk.store\/wp-content\/uploads\/2026\/03\/cropped-TRUUSK.png?fit=2032%2C917&ssl=1","width":2032,"height":917,"caption":"TRUUSK - Hem, Tr\u00e4dg\u00e5rd & Fritid"},"image":{"@id":"https:\/\/truusk.store\/sv\/#\/schema\/logo\/image\/"}}]}},"jetpack_sharing_enabled":true,"_links":{"self":[{"href":"https:\/\/truusk.store\/sv\/wp-json\/wp\/v2\/product\/102449","targetHints":{"allow":["GET"]}}],"collection":[{"href":"https:\/\/truusk.store\/sv\/wp-json\/wp\/v2\/product"}],"about":[{"href":"https:\/\/truusk.store\/sv\/wp-json\/wp\/v2\/types\/product"}],"wp:featuredmedia":[{"embeddable":true,"href":"https:\/\/truusk.store\/sv\/wp-json\/wp\/v2\/media\/102439"}],"wp:attachment":[{"href":"https:\/\/truusk.store\/sv\/wp-json\/wp\/v2\/media?parent=102449"}],"wp:term":[{"taxonomy":"product_brand","embeddable":true,"href":"https:\/\/truusk.store\/sv\/wp-json\/wp\/v2\/product_brand?post=102449"},{"taxonomy":"product_cat","embeddable":true,"href":"https:\/\/truusk.store\/sv\/wp-json\/wp\/v2\/product_cat?post=102449"},{"taxonomy":"product_tag","embeddable":true,"href":"https:\/\/truusk.store\/sv\/wp-json\/wp\/v2\/product_tag?post=102449"}],"curies":[{"name":"wp","href":"https:\/\/api.w.org\/{rel}","templated":true}]}}