{"id":102458,"date":"2026-01-28T07:13:35","date_gmt":"2026-01-28T06:13:35","guid":{"rendered":"https:\/\/truusk.store\/product\/hopfallbart-skrivbord-med-monitorhallare-for-arbetsrum-100-x-48-x-875-cm\/"},"modified":"2026-03-12T08:52:12","modified_gmt":"2026-03-12T07:52:12","slug":"truusk-hopfallbar-hundvagn-och-kattvagn-regnskydd-natventiler-kudde-for-husdjur-upp-till-10-kg-khaki-2","status":"publish","type":"product","link":"https:\/\/truusk.store\/sv\/produkt\/truusk-hopfallbar-hundvagn-och-kattvagn-regnskydd-natventiler-kudde-for-husdjur-upp-till-10-kg-khaki-2\/","title":{"rendered":"TRUUSK Hopf\u00e4llbar Hundvagn och Kattvagn &#8211; Regnskydd &#8211; N\u00e4tventiler &#8211; Kudde &#8211; F\u00f6r Husdjur upp till 10 kg &#8211; Khaki"},"content":{"rendered":"<p>K\u00e4mpar du med begr\u00e4nsat utrymme och ostabila arbetsytor? [BRAND NAME] f\u00e4llbordet \u00e4r l\u00f6sningen! Hopf\u00e4llbart till endast 5,5 cm, passar det in i smala h\u00f6rn och sparar utrymme. Den avtagbara st\u00e4llningen fungerar som en ergonomisk monitorh\u00f6jare eller extra f\u00f6rvaringsutrymme. Gener\u00f6s arbetsyta och benutrymme f\u00f6r arbete, studier eller kreativa aktiviteter. Stabil konstruktion av arbetsbordet med justerbara fotdynor och tippskydd &#8211; perfekt f\u00f6r daglig anv\u00e4ndning!<\/p>\n<p>Beskrivning:<\/p>\n<ul>\n<li> Kan f\u00e4llas ihop till endast 5,5 cm och \u00e4r d\u00e4rf\u00f6r idealisk f\u00f6r att spara utrymme i l\u00e4genheter<\/li>\n<li> Inkluderar avtagbar st\u00e4llning som kan anv\u00e4ndas som ergonomisk monitorst\u00e4llning eller extra f\u00f6rvaringsutrymme<\/li>\n<li> Erbjuder en stor arbetsyta med gener\u00f6st benutrymme f\u00f6r l\u00e5ngvarig komfort<\/li>\n<li> Robusta st\u00e5lben p\u00e5 datorbordet med tippskydd \u00f6kar stabiliteten<\/li>\n<li> Har h\u00f6jdjusterbara fotdynor p\u00e5 skrivbordet f\u00f6r fast st\u00e5ende p\u00e5 olika golv<\/li>\n<li> Monteras p\u00e5 cirka 25 minuter tack vare tydliga instruktioner<\/li>\n<\/ul>\n<p> Tekniska data:<\/p>\n<ul>\n<li> F\u00e4rg: Vit<\/li>\n<li> Material: MDF, St\u00e5l<\/li>\n<li> Totala dimensioner: 100B x 48T x 87,5H cm<\/li>\n<li> Storlek p\u00e5 bordsskivan: 100B x 48T cm<\/li>\n<li> Sittomr\u00e5de: 96B x 73,2H cm<\/li>\n<li> Hopf\u00e4llbara m\u00e5tt: 100B x 75T x 5,5H cm<\/li>\n<li> Storlek p\u00e5 avtagbar st\u00e4llning: 90B x 15T cm<\/li>\n<li> Maximal belastning: 70 kg (totalt), 60 kg (bordsskiva), 10 kg (avtagbar st\u00e4llning)<\/li>\n<\/ul>\n<p>Leveransinneh\u00e5ll:<\/p>\n<ul>\n<li> 1 x F\u00e4llbord<\/li>\n<li> 1 x Bruksanvisning<\/li>\n<\/ul>\n","protected":false},"excerpt":{"rendered":"<p>K\u00e4mpar du med begr\u00e4nsat utrymme och ostabila arbetsytor? [BRAND NAME] f\u00e4llbordet \u00e4r l\u00f6sningen! Hopf\u00e4llbart till endast 5,5 cm, passar det&#8230;<\/p>\n","protected":false},"featured_media":102448,"template":"","meta":[],"product_brand":[],"product_cat":[872,871,502],"product_tag":[],"class_list":{"0":"post-102458","1":"product","2":"type-product","3":"status-publish","4":"has-post-thumbnail","6":"product_cat-hemmakontor-arbetsplats","7":"product_cat-hus-hem","8":"product_cat-skrivbord","10":"first","11":"instock","12":"sale","13":"taxable","14":"shipping-taxable","15":"purchasable","16":"product-type-simple"},"yoast_head":"<!-- This site is optimized with the Yoast SEO plugin v25.4 - https:\/\/yoast.com\/wordpress\/plugins\/seo\/ -->\n<title>TRUUSK Hopf\u00e4llbar Hundvagn och Kattvagn - Regnskydd - N\u00e4tventiler - Kudde - F\u00f6r Husdjur upp till 10 kg - Khaki - TRUUSK - Hem, Tr\u00e4dg\u00e5rd &amp; Fritid<\/title>\n<meta name=\"robots\" content=\"index, follow, max-snippet:-1, max-image-preview:large, max-video-preview:-1\" \/>\n<link rel=\"canonical\" href=\"https:\/\/truusk.store\/sv\/produkt\/truusk-hopfallbar-hundvagn-och-kattvagn-regnskydd-natventiler-kudde-for-husdjur-upp-till-10-kg-khaki-2\/\" \/>\n<meta property=\"og:locale\" content=\"sv_SE\" \/>\n<meta property=\"og:type\" content=\"article\" \/>\n<meta property=\"og:title\" content=\"TRUUSK Hopf\u00e4llbar Hundvagn och Kattvagn - Regnskydd - N\u00e4tventiler - Kudde - F\u00f6r Husdjur upp till 10 kg - Khaki - TRUUSK - Hem, Tr\u00e4dg\u00e5rd &amp; Fritid\" \/>\n<meta property=\"og:description\" content=\"K\u00e4mpar du med begr\u00e4nsat utrymme och ostabila arbetsytor? [BRAND NAME] f\u00e4llbordet \u00e4r l\u00f6sningen! Hopf\u00e4llbart till endast 5,5 cm, passar det...\" \/>\n<meta property=\"og:url\" content=\"https:\/\/truusk.store\/sv\/produkt\/truusk-hopfallbar-hundvagn-och-kattvagn-regnskydd-natventiler-kudde-for-husdjur-upp-till-10-kg-khaki-2\/\" \/>\n<meta property=\"og:site_name\" content=\"TRUUSK - Hem, Tr\u00e4dg\u00e5rd &amp; Fritid\" \/>\n<meta property=\"article:modified_time\" content=\"2026-03-12T07:52:12+00:00\" \/>\n<meta property=\"og:image\" content=\"https:\/\/i0.wp.com\/truusk.se\/wp-content\/uploads\/2026\/01\/hopfallbart-skrivbord-med-monitorhallare-for-arbetsrum-100-x-48-x-875-cm-1.webp?fit=2000%2C2000&ssl=1\" \/>\n\t<meta property=\"og:image:width\" content=\"2000\" \/>\n\t<meta property=\"og:image:height\" content=\"2000\" \/>\n\t<meta property=\"og:image:type\" content=\"image\/webp\" \/>\n<meta name=\"twitter:card\" content=\"summary_large_image\" \/>\n<meta name=\"twitter:label1\" content=\"Ber\u00e4knad l\u00e4stid\" \/>\n\t<meta name=\"twitter:data1\" content=\"1 minut\" \/>\n<!-- \/ Yoast SEO plugin. -->","yoast_head_json":{"title":"TRUUSK Hopf\u00e4llbar Hundvagn och Kattvagn - Regnskydd - N\u00e4tventiler - Kudde - F\u00f6r Husdjur upp till 10 kg - Khaki - TRUUSK - Hem, Tr\u00e4dg\u00e5rd &amp; Fritid","robots":{"index":"index","follow":"follow","max-snippet":"max-snippet:-1","max-image-preview":"max-image-preview:large","max-video-preview":"max-video-preview:-1"},"canonical":"https:\/\/truusk.store\/sv\/produkt\/truusk-hopfallbar-hundvagn-och-kattvagn-regnskydd-natventiler-kudde-for-husdjur-upp-till-10-kg-khaki-2\/","og_locale":"sv_SE","og_type":"article","og_title":"TRUUSK Hopf\u00e4llbar Hundvagn och Kattvagn - Regnskydd - N\u00e4tventiler - Kudde - F\u00f6r Husdjur upp till 10 kg - Khaki - TRUUSK - Hem, Tr\u00e4dg\u00e5rd &amp; Fritid","og_description":"K\u00e4mpar du med begr\u00e4nsat utrymme och ostabila arbetsytor? [BRAND NAME] f\u00e4llbordet \u00e4r l\u00f6sningen! Hopf\u00e4llbart till endast 5,5 cm, passar det...","og_url":"https:\/\/truusk.store\/sv\/produkt\/truusk-hopfallbar-hundvagn-och-kattvagn-regnskydd-natventiler-kudde-for-husdjur-upp-till-10-kg-khaki-2\/","og_site_name":"TRUUSK - Hem, Tr\u00e4dg\u00e5rd &amp; Fritid","article_modified_time":"2026-03-12T07:52:12+00:00","og_image":[{"width":2000,"height":2000,"url":"https:\/\/i0.wp.com\/truusk.se\/wp-content\/uploads\/2026\/01\/hopfallbart-skrivbord-med-monitorhallare-for-arbetsrum-100-x-48-x-875-cm-1.webp?fit=2000%2C2000&ssl=1","type":"image\/webp"}],"twitter_card":"summary_large_image","twitter_misc":{"Ber\u00e4knad l\u00e4stid":"1 minut"},"schema":{"@context":"https:\/\/schema.org","@graph":[{"@type":"WebPage","@id":"https:\/\/truusk.store\/sv\/produkt\/truusk-hopfallbar-hundvagn-och-kattvagn-regnskydd-natventiler-kudde-for-husdjur-upp-till-10-kg-khaki-2\/","url":"https:\/\/truusk.store\/sv\/produkt\/truusk-hopfallbar-hundvagn-och-kattvagn-regnskydd-natventiler-kudde-for-husdjur-upp-till-10-kg-khaki-2\/","name":"TRUUSK Hopf\u00e4llbar Hundvagn och Kattvagn - Regnskydd - N\u00e4tventiler - Kudde - F\u00f6r Husdjur upp till 10 kg - Khaki - TRUUSK - Hem, Tr\u00e4dg\u00e5rd &amp; Fritid","isPartOf":{"@id":"https:\/\/truusk.store\/sv\/#website"},"primaryImageOfPage":{"@id":"https:\/\/truusk.store\/sv\/produkt\/truusk-hopfallbar-hundvagn-och-kattvagn-regnskydd-natventiler-kudde-for-husdjur-upp-till-10-kg-khaki-2\/#primaryimage"},"image":{"@id":"https:\/\/truusk.store\/sv\/produkt\/truusk-hopfallbar-hundvagn-och-kattvagn-regnskydd-natventiler-kudde-for-husdjur-upp-till-10-kg-khaki-2\/#primaryimage"},"thumbnailUrl":"https:\/\/i0.wp.com\/truusk.store\/wp-content\/uploads\/2026\/01\/hopfallbart-skrivbord-med-monitorhallare-for-arbetsrum-100-x-48-x-875-cm-1.webp?fit=2000%2C2000&ssl=1","datePublished":"2026-01-28T06:13:35+00:00","dateModified":"2026-03-12T07:52:12+00:00","breadcrumb":{"@id":"https:\/\/truusk.store\/sv\/produkt\/truusk-hopfallbar-hundvagn-och-kattvagn-regnskydd-natventiler-kudde-for-husdjur-upp-till-10-kg-khaki-2\/#breadcrumb"},"inLanguage":"sv-SE","potentialAction":[{"@type":"ReadAction","target":["https:\/\/truusk.store\/sv\/produkt\/truusk-hopfallbar-hundvagn-och-kattvagn-regnskydd-natventiler-kudde-for-husdjur-upp-till-10-kg-khaki-2\/"]}]},{"@type":"ImageObject","inLanguage":"sv-SE","@id":"https:\/\/truusk.store\/sv\/produkt\/truusk-hopfallbar-hundvagn-och-kattvagn-regnskydd-natventiler-kudde-for-husdjur-upp-till-10-kg-khaki-2\/#primaryimage","url":"https:\/\/i0.wp.com\/truusk.store\/wp-content\/uploads\/2026\/01\/hopfallbart-skrivbord-med-monitorhallare-for-arbetsrum-100-x-48-x-875-cm-1.webp?fit=2000%2C2000&ssl=1","contentUrl":"https:\/\/i0.wp.com\/truusk.store\/wp-content\/uploads\/2026\/01\/hopfallbart-skrivbord-med-monitorhallare-for-arbetsrum-100-x-48-x-875-cm-1.webp?fit=2000%2C2000&ssl=1","width":2000,"height":2000},{"@type":"BreadcrumbList","@id":"https:\/\/truusk.store\/sv\/produkt\/truusk-hopfallbar-hundvagn-och-kattvagn-regnskydd-natventiler-kudde-for-husdjur-upp-till-10-kg-khaki-2\/#breadcrumb","itemListElement":[{"@type":"ListItem","position":1,"name":"Home","item":"https:\/\/truusk.store\/sv\/"},{"@type":"ListItem","position":2,"name":"Shop","item":"https:\/\/truusk.store\/shop\/"},{"@type":"ListItem","position":3,"name":"TRUUSK Hopf\u00e4llbar Hundvagn och Kattvagn &#8211; Regnskydd &#8211; N\u00e4tventiler &#8211; Kudde &#8211; F\u00f6r Husdjur upp till 10 kg &#8211; Khaki"}]},{"@type":"WebSite","@id":"https:\/\/truusk.store\/sv\/#website","url":"https:\/\/truusk.store\/sv\/","name":"TRUUSK - Hem, Tr\u00e4dg\u00e5rd & Fritid","description":"","publisher":{"@id":"https:\/\/truusk.store\/sv\/#organization"},"potentialAction":[{"@type":"SearchAction","target":{"@type":"EntryPoint","urlTemplate":"https:\/\/truusk.store\/sv\/?s={search_term_string}"},"query-input":{"@type":"PropertyValueSpecification","valueRequired":true,"valueName":"search_term_string"}}],"inLanguage":"sv-SE"},{"@type":"Organization","@id":"https:\/\/truusk.store\/sv\/#organization","name":"TRUUSK - Hem, Tr\u00e4dg\u00e5rd & Fritid","url":"https:\/\/truusk.store\/sv\/","logo":{"@type":"ImageObject","inLanguage":"sv-SE","@id":"https:\/\/truusk.store\/sv\/#\/schema\/logo\/image\/","url":"https:\/\/i0.wp.com\/truusk.store\/wp-content\/uploads\/2026\/03\/cropped-TRUUSK.png?fit=2032%2C917&ssl=1","contentUrl":"https:\/\/i0.wp.com\/truusk.store\/wp-content\/uploads\/2026\/03\/cropped-TRUUSK.png?fit=2032%2C917&ssl=1","width":2032,"height":917,"caption":"TRUUSK - Hem, Tr\u00e4dg\u00e5rd & Fritid"},"image":{"@id":"https:\/\/truusk.store\/sv\/#\/schema\/logo\/image\/"}}]}},"jetpack_sharing_enabled":true,"_links":{"self":[{"href":"https:\/\/truusk.store\/sv\/wp-json\/wp\/v2\/product\/102458","targetHints":{"allow":["GET"]}}],"collection":[{"href":"https:\/\/truusk.store\/sv\/wp-json\/wp\/v2\/product"}],"about":[{"href":"https:\/\/truusk.store\/sv\/wp-json\/wp\/v2\/types\/product"}],"wp:featuredmedia":[{"embeddable":true,"href":"https:\/\/truusk.store\/sv\/wp-json\/wp\/v2\/media\/102448"}],"wp:attachment":[{"href":"https:\/\/truusk.store\/sv\/wp-json\/wp\/v2\/media?parent=102458"}],"wp:term":[{"taxonomy":"product_brand","embeddable":true,"href":"https:\/\/truusk.store\/sv\/wp-json\/wp\/v2\/product_brand?post=102458"},{"taxonomy":"product_cat","embeddable":true,"href":"https:\/\/truusk.store\/sv\/wp-json\/wp\/v2\/product_cat?post=102458"},{"taxonomy":"product_tag","embeddable":true,"href":"https:\/\/truusk.store\/sv\/wp-json\/wp\/v2\/product_tag?post=102458"}],"curies":[{"name":"wp","href":"https:\/\/api.w.org\/{rel}","templated":true}]}}