{"id":102468,"date":"2026-01-28T07:14:38","date_gmt":"2026-01-28T06:14:38","guid":{"rendered":"https:\/\/truusk.store\/product\/skrivbordsstall-for-skrivare-med-avdelat-fack-hyllor-for-kontor-70-x-34-x-60-cm-vit\/"},"modified":"2026-03-12T08:52:12","modified_gmt":"2026-03-12T07:52:12","slug":"truusk-skrivbordsstall-for-skrivare-med-avdelat-fack-hyllor-for-kontor-70-x-34-x-60-cm-vit","status":"publish","type":"product","link":"https:\/\/truusk.store\/sv\/produkt\/truusk-skrivbordsstall-for-skrivare-med-avdelat-fack-hyllor-for-kontor-70-x-34-x-60-cm-vit\/","title":{"rendered":"TRUUSK Skrivbordsst\u00e4ll f\u00f6r skrivare med avdelat fack &#8211; Hyllor f\u00f6r kontor &#8211; 70 x 34 x 60 cm &#8211; Vit"},"content":{"rendered":"<p>\u00d6verfyllda skrivbord ser r\u00f6riga ut, och sm\u00e5 hyllor l\u00e4mnar viktiga saker utspridda. [BRAND NAME] skrivarsk\u00e5p optimerar din arbetsplats med en intelligent design: en sida f\u00f6r skrivaren, den andra med en justerbar avdelare f\u00f6r pennor och redskap, plus tv\u00e5 \u00f6ppna hyllor nedanf\u00f6r f\u00f6r papper eller mappar. Kompakt och elegant, skrivarst\u00e4llet kan enkelt flyttas tack vare fyra hjul och bidrar till ett organiserat och flexibelt hemmakontor.<\/p>\n<p>Beskrivning:<\/p>\n<ul>\n<li> Skrivare uppe, plus ett sidofack med flyttbar avdelare f\u00f6r ordnad kontorsmaterial<\/li>\n<li> Tv\u00e5 nedre \u00f6ppna hyllor ger plats f\u00f6r pappersmappar och kontorsmaterial<\/li>\n<li> Kompakt vit skrivarst\u00e4ll passar under skrivbord och \u00e4r m\u00e5ngsidigt f\u00f6r hemmakontoret<\/li>\n<li> L\u00e4ttrullade hjul med bromsar m\u00f6jligg\u00f6r enkel och s\u00e4ker ompositionering<\/li>\n<li> Tillf\u00f6rlitlig sp\u00e5nskiva av skrivarbordet med melamin yta, som \u00e4r vatten-, rep- och vardagligt best\u00e4ndig<\/li>\n<li> Modernt, enkelt design kompletterar varje studieh\u00f6rna, vardagsrum eller arbetsomr\u00e5de<\/li>\n<li> Klara instruktioner och f\u00f6rhandsm\u00e4rkta delar s\u00e4kerst\u00e4ller en snabb och okomplicerad montering<\/li>\n<\/ul>\n<p> Tekniska data:<\/p>\n<ul>\n<li> F\u00e4rg: Vit<\/li>\n<li> Material: Sp\u00e5nskiva<\/li>\n<li> Totala dimensioner: 70B x 34T x 60H cm<\/li>\n<li> Bordsskivans storlek: 48,7B x 34T cm<\/li>\n<li> Mellersta hyllans storlek: 48,5B x 32T x 16H cm<\/li>\n<li> Nedre hyllans storlek: 70B x 34T x 34,5H cm<\/li>\n<li> Maximal belastning: 2 kg (hylla), 10 kg (totalt)<\/li>\n<\/ul>\n<p>Leveransinneh\u00e5ll:<\/p>\n<ul>\n<li> 1 x Skrivarsk\u00e5p<\/li>\n<li> 1 x Handbok<\/li>\n<\/ul>\n","protected":false},"excerpt":{"rendered":"<p>\u00d6verfyllda skrivbord ser r\u00f6riga ut, och sm\u00e5 hyllor l\u00e4mnar viktiga saker utspridda. [BRAND NAME] skrivarsk\u00e5p optimerar din arbetsplats med en&#8230;<\/p>\n","protected":false},"featured_media":102459,"template":"","meta":[],"product_brand":[],"product_cat":[978,872,871],"product_tag":[],"class_list":{"0":"post-102468","1":"product","2":"type-product","3":"status-publish","4":"has-post-thumbnail","6":"product_cat-arkivskap-rullande-behallare","7":"product_cat-hemmakontor-arbetsplats","8":"product_cat-hus-hem","10":"first","11":"instock","12":"sale","13":"taxable","14":"shipping-taxable","15":"purchasable","16":"product-type-simple"},"yoast_head":"<!-- This site is optimized with the Yoast SEO plugin v25.4 - https:\/\/yoast.com\/wordpress\/plugins\/seo\/ -->\n<title>TRUUSK Skrivbordsst\u00e4ll f\u00f6r skrivare med avdelat fack - Hyllor f\u00f6r kontor - 70 x 34 x 60 cm - Vit - TRUUSK - Hem, Tr\u00e4dg\u00e5rd &amp; Fritid<\/title>\n<meta name=\"robots\" content=\"index, follow, max-snippet:-1, max-image-preview:large, max-video-preview:-1\" \/>\n<link rel=\"canonical\" href=\"https:\/\/truusk.store\/sv\/produkt\/truusk-skrivbordsstall-for-skrivare-med-avdelat-fack-hyllor-for-kontor-70-x-34-x-60-cm-vit\/\" \/>\n<meta property=\"og:locale\" content=\"sv_SE\" \/>\n<meta property=\"og:type\" content=\"article\" \/>\n<meta property=\"og:title\" content=\"TRUUSK Skrivbordsst\u00e4ll f\u00f6r skrivare med avdelat fack - Hyllor f\u00f6r kontor - 70 x 34 x 60 cm - Vit - TRUUSK - Hem, Tr\u00e4dg\u00e5rd &amp; Fritid\" \/>\n<meta property=\"og:description\" content=\"\u00d6verfyllda skrivbord ser r\u00f6riga ut, och sm\u00e5 hyllor l\u00e4mnar viktiga saker utspridda. [BRAND NAME] skrivarsk\u00e5p optimerar din arbetsplats med en...\" \/>\n<meta property=\"og:url\" content=\"https:\/\/truusk.store\/sv\/produkt\/truusk-skrivbordsstall-for-skrivare-med-avdelat-fack-hyllor-for-kontor-70-x-34-x-60-cm-vit\/\" \/>\n<meta property=\"og:site_name\" content=\"TRUUSK - Hem, Tr\u00e4dg\u00e5rd &amp; Fritid\" \/>\n<meta property=\"article:modified_time\" content=\"2026-03-12T07:52:12+00:00\" \/>\n<meta property=\"og:image\" content=\"https:\/\/i0.wp.com\/truusk.se\/wp-content\/uploads\/2026\/01\/skrivbordsstall-for-skrivare-med-avdelat-fack-hyllor-for-kontor-70-x-34-x-60-cm-vit-1.webp?fit=2000%2C2000&ssl=1\" \/>\n\t<meta property=\"og:image:width\" content=\"2000\" \/>\n\t<meta property=\"og:image:height\" content=\"2000\" \/>\n\t<meta property=\"og:image:type\" content=\"image\/webp\" \/>\n<meta name=\"twitter:card\" content=\"summary_large_image\" \/>\n<meta name=\"twitter:label1\" content=\"Ber\u00e4knad l\u00e4stid\" \/>\n\t<meta name=\"twitter:data1\" content=\"1 minut\" \/>\n<!-- \/ Yoast SEO plugin. -->","yoast_head_json":{"title":"TRUUSK Skrivbordsst\u00e4ll f\u00f6r skrivare med avdelat fack - Hyllor f\u00f6r kontor - 70 x 34 x 60 cm - Vit - TRUUSK - Hem, Tr\u00e4dg\u00e5rd &amp; Fritid","robots":{"index":"index","follow":"follow","max-snippet":"max-snippet:-1","max-image-preview":"max-image-preview:large","max-video-preview":"max-video-preview:-1"},"canonical":"https:\/\/truusk.store\/sv\/produkt\/truusk-skrivbordsstall-for-skrivare-med-avdelat-fack-hyllor-for-kontor-70-x-34-x-60-cm-vit\/","og_locale":"sv_SE","og_type":"article","og_title":"TRUUSK Skrivbordsst\u00e4ll f\u00f6r skrivare med avdelat fack - Hyllor f\u00f6r kontor - 70 x 34 x 60 cm - Vit - TRUUSK - Hem, Tr\u00e4dg\u00e5rd &amp; Fritid","og_description":"\u00d6verfyllda skrivbord ser r\u00f6riga ut, och sm\u00e5 hyllor l\u00e4mnar viktiga saker utspridda. [BRAND NAME] skrivarsk\u00e5p optimerar din arbetsplats med en...","og_url":"https:\/\/truusk.store\/sv\/produkt\/truusk-skrivbordsstall-for-skrivare-med-avdelat-fack-hyllor-for-kontor-70-x-34-x-60-cm-vit\/","og_site_name":"TRUUSK - Hem, Tr\u00e4dg\u00e5rd &amp; Fritid","article_modified_time":"2026-03-12T07:52:12+00:00","og_image":[{"width":2000,"height":2000,"url":"https:\/\/i0.wp.com\/truusk.se\/wp-content\/uploads\/2026\/01\/skrivbordsstall-for-skrivare-med-avdelat-fack-hyllor-for-kontor-70-x-34-x-60-cm-vit-1.webp?fit=2000%2C2000&ssl=1","type":"image\/webp"}],"twitter_card":"summary_large_image","twitter_misc":{"Ber\u00e4knad l\u00e4stid":"1 minut"},"schema":{"@context":"https:\/\/schema.org","@graph":[{"@type":"WebPage","@id":"https:\/\/truusk.store\/sv\/produkt\/truusk-skrivbordsstall-for-skrivare-med-avdelat-fack-hyllor-for-kontor-70-x-34-x-60-cm-vit\/","url":"https:\/\/truusk.store\/sv\/produkt\/truusk-skrivbordsstall-for-skrivare-med-avdelat-fack-hyllor-for-kontor-70-x-34-x-60-cm-vit\/","name":"TRUUSK Skrivbordsst\u00e4ll f\u00f6r skrivare med avdelat fack - Hyllor f\u00f6r kontor - 70 x 34 x 60 cm - Vit - TRUUSK - Hem, Tr\u00e4dg\u00e5rd &amp; Fritid","isPartOf":{"@id":"https:\/\/truusk.store\/sv\/#website"},"primaryImageOfPage":{"@id":"https:\/\/truusk.store\/sv\/produkt\/truusk-skrivbordsstall-for-skrivare-med-avdelat-fack-hyllor-for-kontor-70-x-34-x-60-cm-vit\/#primaryimage"},"image":{"@id":"https:\/\/truusk.store\/sv\/produkt\/truusk-skrivbordsstall-for-skrivare-med-avdelat-fack-hyllor-for-kontor-70-x-34-x-60-cm-vit\/#primaryimage"},"thumbnailUrl":"https:\/\/i0.wp.com\/truusk.store\/wp-content\/uploads\/2026\/01\/skrivbordsstall-for-skrivare-med-avdelat-fack-hyllor-for-kontor-70-x-34-x-60-cm-vit-1.webp?fit=2000%2C2000&ssl=1","datePublished":"2026-01-28T06:14:38+00:00","dateModified":"2026-03-12T07:52:12+00:00","breadcrumb":{"@id":"https:\/\/truusk.store\/sv\/produkt\/truusk-skrivbordsstall-for-skrivare-med-avdelat-fack-hyllor-for-kontor-70-x-34-x-60-cm-vit\/#breadcrumb"},"inLanguage":"sv-SE","potentialAction":[{"@type":"ReadAction","target":["https:\/\/truusk.store\/sv\/produkt\/truusk-skrivbordsstall-for-skrivare-med-avdelat-fack-hyllor-for-kontor-70-x-34-x-60-cm-vit\/"]}]},{"@type":"ImageObject","inLanguage":"sv-SE","@id":"https:\/\/truusk.store\/sv\/produkt\/truusk-skrivbordsstall-for-skrivare-med-avdelat-fack-hyllor-for-kontor-70-x-34-x-60-cm-vit\/#primaryimage","url":"https:\/\/i0.wp.com\/truusk.store\/wp-content\/uploads\/2026\/01\/skrivbordsstall-for-skrivare-med-avdelat-fack-hyllor-for-kontor-70-x-34-x-60-cm-vit-1.webp?fit=2000%2C2000&ssl=1","contentUrl":"https:\/\/i0.wp.com\/truusk.store\/wp-content\/uploads\/2026\/01\/skrivbordsstall-for-skrivare-med-avdelat-fack-hyllor-for-kontor-70-x-34-x-60-cm-vit-1.webp?fit=2000%2C2000&ssl=1","width":2000,"height":2000},{"@type":"BreadcrumbList","@id":"https:\/\/truusk.store\/sv\/produkt\/truusk-skrivbordsstall-for-skrivare-med-avdelat-fack-hyllor-for-kontor-70-x-34-x-60-cm-vit\/#breadcrumb","itemListElement":[{"@type":"ListItem","position":1,"name":"Home","item":"https:\/\/truusk.store\/sv\/"},{"@type":"ListItem","position":2,"name":"Shop","item":"https:\/\/truusk.store\/shop\/"},{"@type":"ListItem","position":3,"name":"TRUUSK Skrivbordsst\u00e4ll f\u00f6r skrivare med avdelat fack &#8211; Hyllor f\u00f6r kontor &#8211; 70 x 34 x 60 cm &#8211; Vit"}]},{"@type":"WebSite","@id":"https:\/\/truusk.store\/sv\/#website","url":"https:\/\/truusk.store\/sv\/","name":"TRUUSK - Hem, Tr\u00e4dg\u00e5rd & Fritid","description":"","publisher":{"@id":"https:\/\/truusk.store\/sv\/#organization"},"potentialAction":[{"@type":"SearchAction","target":{"@type":"EntryPoint","urlTemplate":"https:\/\/truusk.store\/sv\/?s={search_term_string}"},"query-input":{"@type":"PropertyValueSpecification","valueRequired":true,"valueName":"search_term_string"}}],"inLanguage":"sv-SE"},{"@type":"Organization","@id":"https:\/\/truusk.store\/sv\/#organization","name":"TRUUSK - Hem, Tr\u00e4dg\u00e5rd & Fritid","url":"https:\/\/truusk.store\/sv\/","logo":{"@type":"ImageObject","inLanguage":"sv-SE","@id":"https:\/\/truusk.store\/sv\/#\/schema\/logo\/image\/","url":"https:\/\/i0.wp.com\/truusk.store\/wp-content\/uploads\/2026\/03\/cropped-TRUUSK.png?fit=2032%2C917&ssl=1","contentUrl":"https:\/\/i0.wp.com\/truusk.store\/wp-content\/uploads\/2026\/03\/cropped-TRUUSK.png?fit=2032%2C917&ssl=1","width":2032,"height":917,"caption":"TRUUSK - Hem, Tr\u00e4dg\u00e5rd & Fritid"},"image":{"@id":"https:\/\/truusk.store\/sv\/#\/schema\/logo\/image\/"}}]}},"jetpack_sharing_enabled":true,"_links":{"self":[{"href":"https:\/\/truusk.store\/sv\/wp-json\/wp\/v2\/product\/102468","targetHints":{"allow":["GET"]}}],"collection":[{"href":"https:\/\/truusk.store\/sv\/wp-json\/wp\/v2\/product"}],"about":[{"href":"https:\/\/truusk.store\/sv\/wp-json\/wp\/v2\/types\/product"}],"wp:featuredmedia":[{"embeddable":true,"href":"https:\/\/truusk.store\/sv\/wp-json\/wp\/v2\/media\/102459"}],"wp:attachment":[{"href":"https:\/\/truusk.store\/sv\/wp-json\/wp\/v2\/media?parent=102468"}],"wp:term":[{"taxonomy":"product_brand","embeddable":true,"href":"https:\/\/truusk.store\/sv\/wp-json\/wp\/v2\/product_brand?post=102468"},{"taxonomy":"product_cat","embeddable":true,"href":"https:\/\/truusk.store\/sv\/wp-json\/wp\/v2\/product_cat?post=102468"},{"taxonomy":"product_tag","embeddable":true,"href":"https:\/\/truusk.store\/sv\/wp-json\/wp\/v2\/product_tag?post=102468"}],"curies":[{"name":"wp","href":"https:\/\/api.w.org\/{rel}","templated":true}]}}