{"id":102478,"date":"2026-01-28T07:15:43","date_gmt":"2026-01-28T06:15:43","guid":{"rendered":"https:\/\/truusk.store\/product\/taltgarage-19x12-m-vattentat-garage-talt-med-upprullbar-dragkedjadorr-ventilationsfonster-morkgra\/"},"modified":"2026-03-12T08:52:12","modified_gmt":"2026-03-12T07:52:12","slug":"truusk-hundvagn-och-kattvagn-2-i-1-hopfallbar-med-regnskydd-natventiler-kudde-for-husdjur-upp-till-10-kg-khaki-7","status":"publish","type":"product","link":"https:\/\/truusk.store\/sv\/produkt\/truusk-hundvagn-och-kattvagn-2-i-1-hopfallbar-med-regnskydd-natventiler-kudde-for-husdjur-upp-till-10-kg-khaki-7\/","title":{"rendered":"TRUUSK Hundvagn och Kattvagn 2-i-1 &#8211; Hopf\u00e4llbar med Regnskydd &#8211; N\u00e4tventiler &#8211; Kudde &#8211; F\u00f6r Husdjur upp till 10 kg &#8211; Khaki"},"content":{"rendered":"<p>\u00c4r du tr\u00f6tt p\u00e5 att din tr\u00e4dg\u00e5rd f\u00f6rlorar sin charm p\u00e5 grund av cyklar som st\u00e5r \u00f6ppna och den st\u00e4ndiga r\u00e4dslan f\u00f6r d\u00e5ligt v\u00e4der? En pl\u00f6tslig storm eller regnskur kan skada din utrustning. Detta [BRAND NAME] utrustningst\u00e4lt erbjuder den idealiska l\u00f6sningen: en f\u00f6rst\u00e4rkt ram f\u00f6r stabilitet, vattent\u00e4t, UV-resistent tyg f\u00f6r skydd, medan dess moderna utseende f\u00f6rb\u00e4ttrar stilen i din tr\u00e4dg\u00e5rd och kombinerar s\u00e4kerhet med sofistikering.<\/p>\n<p>Beskrivning:<\/p>\n<ul>\n<li> F\u00f6rst\u00e4rkt galvaniserad st\u00e5lram och tr\u00e5dar st\u00e5r emot starka vindbyar<\/li>\n<li> Vattent\u00e4t PE-t\u00e4ckning av t\u00e4ltgaraget h\u00e5ller lagrade f\u00f6rem\u00e5l torra och skyddade<\/li>\n<li> UV30+ bel\u00e4ggning skyddar f\u00f6rem\u00e5l fr\u00e5n solskador och blekning<\/li>\n<li> Sidventilation f\u00f6rhindrar m\u00f6gelbildning och ger frisk luft inuti<\/li>\n<li> Upprullningsbar d\u00f6rr till lagert\u00e4ltet ger enkel tillg\u00e5ng till stora verktyg och DIY<\/li>\n<li> Rymligt inre ger plats f\u00f6r cyklar, gr\u00e4sklippare och tr\u00e4dg\u00e5rdsverktyg<\/li>\n<li> Sluttande tak ger effektiv regnvattenavledning och f\u00f6rhindrar l\u00e4ckage<\/li>\n<li> Montering kr\u00e4vs<\/li>\n<\/ul>\n<p> Tekniska specifikationer:<\/p>\n<ul>\n<li> F\u00e4rg: M\u00f6rkgr\u00e5<\/li>\n<li> Material: Galvaniserat st\u00e5l, PE<\/li>\n<li> Totala dimensioner: 187L x 120B x 160\/204H cm<\/li>\n<li> Inre dimensioner: 168B x 115T x 155\/201H cm<\/li>\n<li> D\u00f6rrdimensioner: 126B x 197H cm<\/li>\n<li> Ventilationsdimensioner: 48B x 13,5H cm<\/li>\n<li> Takfotsh\u00f6jd: 204H cm<\/li>\n<\/ul>\n<p>Leveransinneh\u00e5ll:<\/p>\n<ul>\n<li> 1 x Tr\u00e4dg\u00e5rdsf\u00f6rvaringsskjul<\/li>\n<li> 4 x Expansionskruv<\/li>\n<li> 4 x Markankare<\/li>\n<li> 14 x Gummisp\u00e4nnband<\/li>\n<li> 6 x St\u00e5ltr\u00e5d<\/li>\n<li> 1 x Instruktioner<\/li>\n<\/ul>\n","protected":false},"excerpt":{"rendered":"<p>\u00c4r du tr\u00f6tt p\u00e5 att din tr\u00e4dg\u00e5rd f\u00f6rlorar sin charm p\u00e5 grund av cyklar som st\u00e5r \u00f6ppna och den st\u00e4ndiga&#8230;<\/p>\n","protected":false},"featured_media":102469,"template":"","meta":[],"product_brand":[],"product_cat":[1030,867,1103],"product_tag":[],"class_list":{"0":"post-102478","1":"product","2":"type-product","3":"status-publish","4":"has-post-thumbnail","6":"product_cat-bilaccessoarer","7":"product_cat-byggmarknad","8":"product_cat-taltgarage","10":"first","11":"instock","12":"sale","13":"taxable","14":"shipping-taxable","15":"purchasable","16":"product-type-simple"},"yoast_head":"<!-- This site is optimized with the Yoast SEO plugin v25.4 - https:\/\/yoast.com\/wordpress\/plugins\/seo\/ -->\n<title>TRUUSK Hundvagn och Kattvagn 2-i-1 - Hopf\u00e4llbar med Regnskydd - N\u00e4tventiler - Kudde - F\u00f6r Husdjur upp till 10 kg - Khaki - TRUUSK - Hem, Tr\u00e4dg\u00e5rd &amp; Fritid<\/title>\n<meta name=\"robots\" content=\"index, follow, max-snippet:-1, max-image-preview:large, max-video-preview:-1\" \/>\n<link rel=\"canonical\" href=\"https:\/\/truusk.store\/sv\/produkt\/truusk-hundvagn-och-kattvagn-2-i-1-hopfallbar-med-regnskydd-natventiler-kudde-for-husdjur-upp-till-10-kg-khaki-7\/\" \/>\n<meta property=\"og:locale\" content=\"sv_SE\" \/>\n<meta property=\"og:type\" content=\"article\" \/>\n<meta property=\"og:title\" content=\"TRUUSK Hundvagn och Kattvagn 2-i-1 - Hopf\u00e4llbar med Regnskydd - N\u00e4tventiler - Kudde - F\u00f6r Husdjur upp till 10 kg - Khaki - TRUUSK - Hem, Tr\u00e4dg\u00e5rd &amp; Fritid\" \/>\n<meta property=\"og:description\" content=\"\u00c4r du tr\u00f6tt p\u00e5 att din tr\u00e4dg\u00e5rd f\u00f6rlorar sin charm p\u00e5 grund av cyklar som st\u00e5r \u00f6ppna och den st\u00e4ndiga...\" \/>\n<meta property=\"og:url\" content=\"https:\/\/truusk.store\/sv\/produkt\/truusk-hundvagn-och-kattvagn-2-i-1-hopfallbar-med-regnskydd-natventiler-kudde-for-husdjur-upp-till-10-kg-khaki-7\/\" \/>\n<meta property=\"og:site_name\" content=\"TRUUSK - Hem, Tr\u00e4dg\u00e5rd &amp; Fritid\" \/>\n<meta property=\"article:modified_time\" content=\"2026-03-12T07:52:12+00:00\" \/>\n<meta property=\"og:image\" content=\"https:\/\/i0.wp.com\/truusk.se\/wp-content\/uploads\/2026\/01\/taltgarage-19x12-m-vattentat-garage-talt-med-upprullbar-dragkedjadorr-ventilationsfonster-morkgra-1.webp?fit=2000%2C2000&ssl=1\" \/>\n\t<meta property=\"og:image:width\" content=\"2000\" \/>\n\t<meta property=\"og:image:height\" content=\"2000\" \/>\n\t<meta property=\"og:image:type\" content=\"image\/webp\" \/>\n<meta name=\"twitter:card\" content=\"summary_large_image\" \/>\n<meta name=\"twitter:label1\" content=\"Ber\u00e4knad l\u00e4stid\" \/>\n\t<meta name=\"twitter:data1\" content=\"1 minut\" \/>\n<!-- \/ Yoast SEO plugin. -->","yoast_head_json":{"title":"TRUUSK Hundvagn och Kattvagn 2-i-1 - Hopf\u00e4llbar med Regnskydd - N\u00e4tventiler - Kudde - F\u00f6r Husdjur upp till 10 kg - Khaki - TRUUSK - Hem, Tr\u00e4dg\u00e5rd &amp; Fritid","robots":{"index":"index","follow":"follow","max-snippet":"max-snippet:-1","max-image-preview":"max-image-preview:large","max-video-preview":"max-video-preview:-1"},"canonical":"https:\/\/truusk.store\/sv\/produkt\/truusk-hundvagn-och-kattvagn-2-i-1-hopfallbar-med-regnskydd-natventiler-kudde-for-husdjur-upp-till-10-kg-khaki-7\/","og_locale":"sv_SE","og_type":"article","og_title":"TRUUSK Hundvagn och Kattvagn 2-i-1 - Hopf\u00e4llbar med Regnskydd - N\u00e4tventiler - Kudde - F\u00f6r Husdjur upp till 10 kg - Khaki - TRUUSK - Hem, Tr\u00e4dg\u00e5rd &amp; Fritid","og_description":"\u00c4r du tr\u00f6tt p\u00e5 att din tr\u00e4dg\u00e5rd f\u00f6rlorar sin charm p\u00e5 grund av cyklar som st\u00e5r \u00f6ppna och den st\u00e4ndiga...","og_url":"https:\/\/truusk.store\/sv\/produkt\/truusk-hundvagn-och-kattvagn-2-i-1-hopfallbar-med-regnskydd-natventiler-kudde-for-husdjur-upp-till-10-kg-khaki-7\/","og_site_name":"TRUUSK - Hem, Tr\u00e4dg\u00e5rd &amp; Fritid","article_modified_time":"2026-03-12T07:52:12+00:00","og_image":[{"width":2000,"height":2000,"url":"https:\/\/i0.wp.com\/truusk.se\/wp-content\/uploads\/2026\/01\/taltgarage-19x12-m-vattentat-garage-talt-med-upprullbar-dragkedjadorr-ventilationsfonster-morkgra-1.webp?fit=2000%2C2000&ssl=1","type":"image\/webp"}],"twitter_card":"summary_large_image","twitter_misc":{"Ber\u00e4knad l\u00e4stid":"1 minut"},"schema":{"@context":"https:\/\/schema.org","@graph":[{"@type":"WebPage","@id":"https:\/\/truusk.store\/sv\/produkt\/truusk-hundvagn-och-kattvagn-2-i-1-hopfallbar-med-regnskydd-natventiler-kudde-for-husdjur-upp-till-10-kg-khaki-7\/","url":"https:\/\/truusk.store\/sv\/produkt\/truusk-hundvagn-och-kattvagn-2-i-1-hopfallbar-med-regnskydd-natventiler-kudde-for-husdjur-upp-till-10-kg-khaki-7\/","name":"TRUUSK Hundvagn och Kattvagn 2-i-1 - Hopf\u00e4llbar med Regnskydd - N\u00e4tventiler - Kudde - F\u00f6r Husdjur upp till 10 kg - Khaki - TRUUSK - Hem, Tr\u00e4dg\u00e5rd &amp; Fritid","isPartOf":{"@id":"https:\/\/truusk.store\/sv\/#website"},"primaryImageOfPage":{"@id":"https:\/\/truusk.store\/sv\/produkt\/truusk-hundvagn-och-kattvagn-2-i-1-hopfallbar-med-regnskydd-natventiler-kudde-for-husdjur-upp-till-10-kg-khaki-7\/#primaryimage"},"image":{"@id":"https:\/\/truusk.store\/sv\/produkt\/truusk-hundvagn-och-kattvagn-2-i-1-hopfallbar-med-regnskydd-natventiler-kudde-for-husdjur-upp-till-10-kg-khaki-7\/#primaryimage"},"thumbnailUrl":"https:\/\/i0.wp.com\/truusk.store\/wp-content\/uploads\/2026\/01\/taltgarage-19x12-m-vattentat-garage-talt-med-upprullbar-dragkedjadorr-ventilationsfonster-morkgra-1.webp?fit=2000%2C2000&ssl=1","datePublished":"2026-01-28T06:15:43+00:00","dateModified":"2026-03-12T07:52:12+00:00","breadcrumb":{"@id":"https:\/\/truusk.store\/sv\/produkt\/truusk-hundvagn-och-kattvagn-2-i-1-hopfallbar-med-regnskydd-natventiler-kudde-for-husdjur-upp-till-10-kg-khaki-7\/#breadcrumb"},"inLanguage":"sv-SE","potentialAction":[{"@type":"ReadAction","target":["https:\/\/truusk.store\/sv\/produkt\/truusk-hundvagn-och-kattvagn-2-i-1-hopfallbar-med-regnskydd-natventiler-kudde-for-husdjur-upp-till-10-kg-khaki-7\/"]}]},{"@type":"ImageObject","inLanguage":"sv-SE","@id":"https:\/\/truusk.store\/sv\/produkt\/truusk-hundvagn-och-kattvagn-2-i-1-hopfallbar-med-regnskydd-natventiler-kudde-for-husdjur-upp-till-10-kg-khaki-7\/#primaryimage","url":"https:\/\/i0.wp.com\/truusk.store\/wp-content\/uploads\/2026\/01\/taltgarage-19x12-m-vattentat-garage-talt-med-upprullbar-dragkedjadorr-ventilationsfonster-morkgra-1.webp?fit=2000%2C2000&ssl=1","contentUrl":"https:\/\/i0.wp.com\/truusk.store\/wp-content\/uploads\/2026\/01\/taltgarage-19x12-m-vattentat-garage-talt-med-upprullbar-dragkedjadorr-ventilationsfonster-morkgra-1.webp?fit=2000%2C2000&ssl=1","width":2000,"height":2000},{"@type":"BreadcrumbList","@id":"https:\/\/truusk.store\/sv\/produkt\/truusk-hundvagn-och-kattvagn-2-i-1-hopfallbar-med-regnskydd-natventiler-kudde-for-husdjur-upp-till-10-kg-khaki-7\/#breadcrumb","itemListElement":[{"@type":"ListItem","position":1,"name":"Home","item":"https:\/\/truusk.store\/sv\/"},{"@type":"ListItem","position":2,"name":"Shop","item":"https:\/\/truusk.store\/shop\/"},{"@type":"ListItem","position":3,"name":"TRUUSK Hundvagn och Kattvagn 2-i-1 &#8211; Hopf\u00e4llbar med Regnskydd &#8211; N\u00e4tventiler &#8211; Kudde &#8211; F\u00f6r Husdjur upp till 10 kg &#8211; Khaki"}]},{"@type":"WebSite","@id":"https:\/\/truusk.store\/sv\/#website","url":"https:\/\/truusk.store\/sv\/","name":"TRUUSK - Hem, Tr\u00e4dg\u00e5rd & Fritid","description":"","publisher":{"@id":"https:\/\/truusk.store\/sv\/#organization"},"potentialAction":[{"@type":"SearchAction","target":{"@type":"EntryPoint","urlTemplate":"https:\/\/truusk.store\/sv\/?s={search_term_string}"},"query-input":{"@type":"PropertyValueSpecification","valueRequired":true,"valueName":"search_term_string"}}],"inLanguage":"sv-SE"},{"@type":"Organization","@id":"https:\/\/truusk.store\/sv\/#organization","name":"TRUUSK - Hem, Tr\u00e4dg\u00e5rd & Fritid","url":"https:\/\/truusk.store\/sv\/","logo":{"@type":"ImageObject","inLanguage":"sv-SE","@id":"https:\/\/truusk.store\/sv\/#\/schema\/logo\/image\/","url":"https:\/\/i0.wp.com\/truusk.store\/wp-content\/uploads\/2026\/03\/cropped-TRUUSK.png?fit=2032%2C917&ssl=1","contentUrl":"https:\/\/i0.wp.com\/truusk.store\/wp-content\/uploads\/2026\/03\/cropped-TRUUSK.png?fit=2032%2C917&ssl=1","width":2032,"height":917,"caption":"TRUUSK - Hem, Tr\u00e4dg\u00e5rd & Fritid"},"image":{"@id":"https:\/\/truusk.store\/sv\/#\/schema\/logo\/image\/"}}]}},"jetpack_sharing_enabled":true,"_links":{"self":[{"href":"https:\/\/truusk.store\/sv\/wp-json\/wp\/v2\/product\/102478","targetHints":{"allow":["GET"]}}],"collection":[{"href":"https:\/\/truusk.store\/sv\/wp-json\/wp\/v2\/product"}],"about":[{"href":"https:\/\/truusk.store\/sv\/wp-json\/wp\/v2\/types\/product"}],"wp:featuredmedia":[{"embeddable":true,"href":"https:\/\/truusk.store\/sv\/wp-json\/wp\/v2\/media\/102469"}],"wp:attachment":[{"href":"https:\/\/truusk.store\/sv\/wp-json\/wp\/v2\/media?parent=102478"}],"wp:term":[{"taxonomy":"product_brand","embeddable":true,"href":"https:\/\/truusk.store\/sv\/wp-json\/wp\/v2\/product_brand?post=102478"},{"taxonomy":"product_cat","embeddable":true,"href":"https:\/\/truusk.store\/sv\/wp-json\/wp\/v2\/product_cat?post=102478"},{"taxonomy":"product_tag","embeddable":true,"href":"https:\/\/truusk.store\/sv\/wp-json\/wp\/v2\/product_tag?post=102478"}],"curies":[{"name":"wp","href":"https:\/\/api.w.org\/{rel}","templated":true}]}}