{"id":102488,"date":"2026-01-28T07:16:50","date_gmt":"2026-01-28T06:16:50","guid":{"rendered":"https:\/\/truusk.store\/product\/taltgarage-25x18-m-vattentat-garage-talt-med-upprullbar-dragkedjadorr-ventilationsfonster-morkgra\/"},"modified":"2026-03-12T08:52:14","modified_gmt":"2026-03-12T07:52:14","slug":"truusk-taltgarage-25x18-m-vattentat-upprullbar-dragkedjadorr-ventilationsfonster-morkgra","status":"publish","type":"product","link":"https:\/\/truusk.store\/sv\/produkt\/truusk-taltgarage-25x18-m-vattentat-upprullbar-dragkedjadorr-ventilationsfonster-morkgra\/","title":{"rendered":"TRUUSK T\u00e4ltgarage 2,5&#215;1,8 M &#8211; Vattent\u00e4t &#8211; Upprullbar Dragkedjad\u00f6rr &#8211; Ventilationsf\u00f6nster &#8211; M\u00f6rkgr\u00e5"},"content":{"rendered":"<p>F\u00f6rest\u00e4ll dig att dina cyklar och verktyg uts\u00e4tts f\u00f6r regn och stormig vind, rostar och skadas. [BRAND NAME] garage t\u00e4lt ger dig ett s\u00e4kert skydd. Den robusta, v\u00e4derbest\u00e4ndiga PE-presenningen och det f\u00f6rst\u00e4rkta st\u00e5lramen p\u00e5 t\u00e4ltgaraget skapar ett rymligt och \u00f6versk\u00e5dligt tillflyktsort f\u00f6r dina v\u00e4rdesaker. Njut \u00e4ntligen av lugnet och tryggheten i en st\u00e4dad och skyddad utomhusomr\u00e5de och f\u00f6rvandla kaos till avkoppling.<\/p>\n<p>Beskrivning:<\/p>\n<ul>\n<li> F\u00f6rst\u00e4rkt ram med st\u00e5lkabel st\u00e5r emot vindstyrkor p\u00e5 niv\u00e5 5-6 och ger absolut stabilitet<\/li>\n<li> Tjock PE-t\u00e4ckning av t\u00e4ltgaraget ger vattent\u00e4thet och UV30+ solskydd<\/li>\n<li> Den gener\u00f6sa storleken p\u00e5 2,5 x 1,8 m rymmer l\u00e4tt motorcyklar, cyklar och verktyg<\/li>\n<li> Stor d\u00f6rr med dragkedja m\u00f6jligg\u00f6r enkel tillg\u00e5ng \u00e4ven f\u00f6r skrymmande f\u00f6rem\u00e5l<\/li>\n<li> Ventilationsf\u00f6nstret i det vinterfasta t\u00e4ltgaraget ger frisk luft och f\u00f6rhindrar fukt och kondensation<\/li>\n<li> Enkel design m\u00f6jligg\u00f6r snabb montering utan komplicerade verktyg<\/li>\n<\/ul>\n<p> Tekniska specifikationer:<\/p>\n<ul>\n<li> F\u00e4rg: M\u00f6rkgr\u00e5<\/li>\n<li> Material: St\u00e5l, PE<\/li>\n<li> Totala dimensioner: 247B x 180D x 202H cm<\/li>\n<li> Takets h\u00f6jd: 158H cm<\/li>\n<li> Inre dimensioner: 229B x 176D x 200H cm<\/li>\n<li> D\u00f6rrdimensioner: 168B x 150H cm<\/li>\n<li> Ventilationsdimensioner: 48B x 15,5H cm<\/li>\n<\/ul>\n<p>Leverans inneh\u00e5ller:<\/p>\n<ul>\n<li> 1 x Tr\u00e4dg\u00e5rdsskjul<\/li>\n<li> 17 x Sp\u00e4nnband<\/li>\n<li> 4 x Expansionskruv<\/li>\n<li> 4 x Markankare<\/li>\n<li> 1 x Bruksanvisning<\/li>\n<\/ul>\n","protected":false},"excerpt":{"rendered":"<p>F\u00f6rest\u00e4ll dig att dina cyklar och verktyg uts\u00e4tts f\u00f6r regn och stormig vind, rostar och skadas. [BRAND NAME] garage t\u00e4lt&#8230;<\/p>\n","protected":false},"featured_media":102479,"template":"","meta":[],"product_brand":[],"product_cat":[1030,867,1103],"product_tag":[],"class_list":{"0":"post-102488","1":"product","2":"type-product","3":"status-publish","4":"has-post-thumbnail","6":"product_cat-bilaccessoarer","7":"product_cat-byggmarknad","8":"product_cat-taltgarage","10":"first","11":"instock","12":"sale","13":"taxable","14":"shipping-taxable","15":"purchasable","16":"product-type-simple"},"yoast_head":"<!-- This site is optimized with the Yoast SEO plugin v25.4 - https:\/\/yoast.com\/wordpress\/plugins\/seo\/ -->\n<title>TRUUSK T\u00e4ltgarage 2,5x1,8 M - Vattent\u00e4t - Upprullbar Dragkedjad\u00f6rr - Ventilationsf\u00f6nster - M\u00f6rkgr\u00e5 - TRUUSK - Hem, Tr\u00e4dg\u00e5rd &amp; Fritid<\/title>\n<meta name=\"robots\" content=\"index, follow, max-snippet:-1, max-image-preview:large, max-video-preview:-1\" \/>\n<link rel=\"canonical\" href=\"https:\/\/truusk.store\/sv\/produkt\/truusk-taltgarage-25x18-m-vattentat-upprullbar-dragkedjadorr-ventilationsfonster-morkgra\/\" \/>\n<meta property=\"og:locale\" content=\"sv_SE\" \/>\n<meta property=\"og:type\" content=\"article\" \/>\n<meta property=\"og:title\" content=\"TRUUSK T\u00e4ltgarage 2,5x1,8 M - Vattent\u00e4t - Upprullbar Dragkedjad\u00f6rr - Ventilationsf\u00f6nster - M\u00f6rkgr\u00e5 - TRUUSK - Hem, Tr\u00e4dg\u00e5rd &amp; Fritid\" \/>\n<meta property=\"og:description\" content=\"F\u00f6rest\u00e4ll dig att dina cyklar och verktyg uts\u00e4tts f\u00f6r regn och stormig vind, rostar och skadas. [BRAND NAME] garage t\u00e4lt...\" \/>\n<meta property=\"og:url\" content=\"https:\/\/truusk.store\/sv\/produkt\/truusk-taltgarage-25x18-m-vattentat-upprullbar-dragkedjadorr-ventilationsfonster-morkgra\/\" \/>\n<meta property=\"og:site_name\" content=\"TRUUSK - Hem, Tr\u00e4dg\u00e5rd &amp; Fritid\" \/>\n<meta property=\"article:modified_time\" content=\"2026-03-12T07:52:14+00:00\" \/>\n<meta property=\"og:image\" content=\"https:\/\/i0.wp.com\/truusk.se\/wp-content\/uploads\/2026\/01\/taltgarage-25x18-m-vattentat-garage-talt-med-upprullbar-dragkedjadorr-ventilationsfonster-morkgra-1.webp?fit=2000%2C2000&ssl=1\" \/>\n\t<meta property=\"og:image:width\" content=\"2000\" \/>\n\t<meta property=\"og:image:height\" content=\"2000\" \/>\n\t<meta property=\"og:image:type\" content=\"image\/webp\" \/>\n<meta name=\"twitter:card\" content=\"summary_large_image\" \/>\n<meta name=\"twitter:label1\" content=\"Ber\u00e4knad l\u00e4stid\" \/>\n\t<meta name=\"twitter:data1\" content=\"1 minut\" \/>\n<!-- \/ Yoast SEO plugin. -->","yoast_head_json":{"title":"TRUUSK T\u00e4ltgarage 2,5x1,8 M - Vattent\u00e4t - Upprullbar Dragkedjad\u00f6rr - Ventilationsf\u00f6nster - M\u00f6rkgr\u00e5 - TRUUSK - Hem, Tr\u00e4dg\u00e5rd &amp; Fritid","robots":{"index":"index","follow":"follow","max-snippet":"max-snippet:-1","max-image-preview":"max-image-preview:large","max-video-preview":"max-video-preview:-1"},"canonical":"https:\/\/truusk.store\/sv\/produkt\/truusk-taltgarage-25x18-m-vattentat-upprullbar-dragkedjadorr-ventilationsfonster-morkgra\/","og_locale":"sv_SE","og_type":"article","og_title":"TRUUSK T\u00e4ltgarage 2,5x1,8 M - Vattent\u00e4t - Upprullbar Dragkedjad\u00f6rr - Ventilationsf\u00f6nster - M\u00f6rkgr\u00e5 - TRUUSK - Hem, Tr\u00e4dg\u00e5rd &amp; Fritid","og_description":"F\u00f6rest\u00e4ll dig att dina cyklar och verktyg uts\u00e4tts f\u00f6r regn och stormig vind, rostar och skadas. [BRAND NAME] garage t\u00e4lt...","og_url":"https:\/\/truusk.store\/sv\/produkt\/truusk-taltgarage-25x18-m-vattentat-upprullbar-dragkedjadorr-ventilationsfonster-morkgra\/","og_site_name":"TRUUSK - Hem, Tr\u00e4dg\u00e5rd &amp; Fritid","article_modified_time":"2026-03-12T07:52:14+00:00","og_image":[{"width":2000,"height":2000,"url":"https:\/\/i0.wp.com\/truusk.se\/wp-content\/uploads\/2026\/01\/taltgarage-25x18-m-vattentat-garage-talt-med-upprullbar-dragkedjadorr-ventilationsfonster-morkgra-1.webp?fit=2000%2C2000&ssl=1","type":"image\/webp"}],"twitter_card":"summary_large_image","twitter_misc":{"Ber\u00e4knad l\u00e4stid":"1 minut"},"schema":{"@context":"https:\/\/schema.org","@graph":[{"@type":"WebPage","@id":"https:\/\/truusk.store\/sv\/produkt\/truusk-taltgarage-25x18-m-vattentat-upprullbar-dragkedjadorr-ventilationsfonster-morkgra\/","url":"https:\/\/truusk.store\/sv\/produkt\/truusk-taltgarage-25x18-m-vattentat-upprullbar-dragkedjadorr-ventilationsfonster-morkgra\/","name":"TRUUSK T\u00e4ltgarage 2,5x1,8 M - Vattent\u00e4t - Upprullbar Dragkedjad\u00f6rr - Ventilationsf\u00f6nster - M\u00f6rkgr\u00e5 - TRUUSK - Hem, Tr\u00e4dg\u00e5rd &amp; Fritid","isPartOf":{"@id":"https:\/\/truusk.store\/sv\/#website"},"primaryImageOfPage":{"@id":"https:\/\/truusk.store\/sv\/produkt\/truusk-taltgarage-25x18-m-vattentat-upprullbar-dragkedjadorr-ventilationsfonster-morkgra\/#primaryimage"},"image":{"@id":"https:\/\/truusk.store\/sv\/produkt\/truusk-taltgarage-25x18-m-vattentat-upprullbar-dragkedjadorr-ventilationsfonster-morkgra\/#primaryimage"},"thumbnailUrl":"https:\/\/i0.wp.com\/truusk.store\/wp-content\/uploads\/2026\/01\/taltgarage-25x18-m-vattentat-garage-talt-med-upprullbar-dragkedjadorr-ventilationsfonster-morkgra-1.webp?fit=2000%2C2000&ssl=1","datePublished":"2026-01-28T06:16:50+00:00","dateModified":"2026-03-12T07:52:14+00:00","breadcrumb":{"@id":"https:\/\/truusk.store\/sv\/produkt\/truusk-taltgarage-25x18-m-vattentat-upprullbar-dragkedjadorr-ventilationsfonster-morkgra\/#breadcrumb"},"inLanguage":"sv-SE","potentialAction":[{"@type":"ReadAction","target":["https:\/\/truusk.store\/sv\/produkt\/truusk-taltgarage-25x18-m-vattentat-upprullbar-dragkedjadorr-ventilationsfonster-morkgra\/"]}]},{"@type":"ImageObject","inLanguage":"sv-SE","@id":"https:\/\/truusk.store\/sv\/produkt\/truusk-taltgarage-25x18-m-vattentat-upprullbar-dragkedjadorr-ventilationsfonster-morkgra\/#primaryimage","url":"https:\/\/i0.wp.com\/truusk.store\/wp-content\/uploads\/2026\/01\/taltgarage-25x18-m-vattentat-garage-talt-med-upprullbar-dragkedjadorr-ventilationsfonster-morkgra-1.webp?fit=2000%2C2000&ssl=1","contentUrl":"https:\/\/i0.wp.com\/truusk.store\/wp-content\/uploads\/2026\/01\/taltgarage-25x18-m-vattentat-garage-talt-med-upprullbar-dragkedjadorr-ventilationsfonster-morkgra-1.webp?fit=2000%2C2000&ssl=1","width":2000,"height":2000},{"@type":"BreadcrumbList","@id":"https:\/\/truusk.store\/sv\/produkt\/truusk-taltgarage-25x18-m-vattentat-upprullbar-dragkedjadorr-ventilationsfonster-morkgra\/#breadcrumb","itemListElement":[{"@type":"ListItem","position":1,"name":"Home","item":"https:\/\/truusk.store\/sv\/"},{"@type":"ListItem","position":2,"name":"Shop","item":"https:\/\/truusk.store\/shop\/"},{"@type":"ListItem","position":3,"name":"TRUUSK T\u00e4ltgarage 2,5&#215;1,8 M &#8211; Vattent\u00e4t &#8211; Upprullbar Dragkedjad\u00f6rr &#8211; Ventilationsf\u00f6nster &#8211; M\u00f6rkgr\u00e5"}]},{"@type":"WebSite","@id":"https:\/\/truusk.store\/sv\/#website","url":"https:\/\/truusk.store\/sv\/","name":"TRUUSK - Hem, Tr\u00e4dg\u00e5rd & Fritid","description":"","publisher":{"@id":"https:\/\/truusk.store\/sv\/#organization"},"potentialAction":[{"@type":"SearchAction","target":{"@type":"EntryPoint","urlTemplate":"https:\/\/truusk.store\/sv\/?s={search_term_string}"},"query-input":{"@type":"PropertyValueSpecification","valueRequired":true,"valueName":"search_term_string"}}],"inLanguage":"sv-SE"},{"@type":"Organization","@id":"https:\/\/truusk.store\/sv\/#organization","name":"TRUUSK - Hem, Tr\u00e4dg\u00e5rd & Fritid","url":"https:\/\/truusk.store\/sv\/","logo":{"@type":"ImageObject","inLanguage":"sv-SE","@id":"https:\/\/truusk.store\/sv\/#\/schema\/logo\/image\/","url":"https:\/\/i0.wp.com\/truusk.store\/wp-content\/uploads\/2026\/03\/cropped-TRUUSK.png?fit=2032%2C917&ssl=1","contentUrl":"https:\/\/i0.wp.com\/truusk.store\/wp-content\/uploads\/2026\/03\/cropped-TRUUSK.png?fit=2032%2C917&ssl=1","width":2032,"height":917,"caption":"TRUUSK - Hem, Tr\u00e4dg\u00e5rd & Fritid"},"image":{"@id":"https:\/\/truusk.store\/sv\/#\/schema\/logo\/image\/"}}]}},"jetpack_sharing_enabled":true,"_links":{"self":[{"href":"https:\/\/truusk.store\/sv\/wp-json\/wp\/v2\/product\/102488","targetHints":{"allow":["GET"]}}],"collection":[{"href":"https:\/\/truusk.store\/sv\/wp-json\/wp\/v2\/product"}],"about":[{"href":"https:\/\/truusk.store\/sv\/wp-json\/wp\/v2\/types\/product"}],"wp:featuredmedia":[{"embeddable":true,"href":"https:\/\/truusk.store\/sv\/wp-json\/wp\/v2\/media\/102479"}],"wp:attachment":[{"href":"https:\/\/truusk.store\/sv\/wp-json\/wp\/v2\/media?parent=102488"}],"wp:term":[{"taxonomy":"product_brand","embeddable":true,"href":"https:\/\/truusk.store\/sv\/wp-json\/wp\/v2\/product_brand?post=102488"},{"taxonomy":"product_cat","embeddable":true,"href":"https:\/\/truusk.store\/sv\/wp-json\/wp\/v2\/product_cat?post=102488"},{"taxonomy":"product_tag","embeddable":true,"href":"https:\/\/truusk.store\/sv\/wp-json\/wp\/v2\/product_tag?post=102488"}],"curies":[{"name":"wp","href":"https:\/\/api.w.org\/{rel}","templated":true}]}}