{"id":102499,"date":"2026-01-28T07:17:46","date_gmt":"2026-01-28T06:17:46","guid":{"rendered":"https:\/\/truusk.store\/product\/vaggsspegel-2-delars-set-70-x-46-cm-495-x-31-cm-fonsterspegel-med-metallram-hangande-spegel-i-kisel-form-svart\/"},"modified":"2026-03-12T08:52:17","modified_gmt":"2026-03-12T07:52:17","slug":"truusk-vaggsspegel-set-fonsterspegel-med-metallram-hangande-spegel-i-kisel-form-svart-70-x-46-cm-495-x-31-cm","status":"publish","type":"product","link":"https:\/\/truusk.store\/sv\/produkt\/truusk-vaggsspegel-set-fonsterspegel-med-metallram-hangande-spegel-i-kisel-form-svart-70-x-46-cm-495-x-31-cm\/","title":{"rendered":"TRUUSK V\u00e4ggsspegel Set &#8211; F\u00f6nsterspegel med Metallram &#8211; H\u00e4ngande Spegel i Kisel Form &#8211; Svart &#8211; 70 x 46 cm &amp; 49,5 x 31 cm"},"content":{"rendered":"<p>Att hitta dekorativa element som b\u00e5de \u00e4r imponerande och h\u00e5llbara kan ofta vara sv\u00e5rt. Ge ditt rum en ny dimension med [BRAND NAME] spegelset f\u00f6r vardagsrummet. Dess unika, kiselstenliknande design blir ett samtals\u00e4mne, medan den solida metallramen och MDF-konstruktionen lovar varaktig stabilitet. Detta matchande par tillf\u00f6r konstn\u00e4rlig harmoni och samtida elegans till ditt hem och reflekterar din distinkta stil.<\/p>\n<p>Beskrivning:<\/p>\n<ul>\n<li> Har ett tv\u00e5delat kisel spegelset f\u00f6r unika, konstn\u00e4rliga v\u00e4ggarrangemang<\/li>\n<li> En stabil metallram med en MDF-baksida garanterar l\u00e5ngvarig stabilitet<\/li>\n<li> 3,5 mm HD-glas p\u00e5 hallens spegel ger en klar, distorsionsfri reflektion f\u00f6r ditt utrymme<\/li>\n<li> F\u00f6rinstallerade krokar p\u00e5 v\u00e4ggspegeln m\u00f6jligg\u00f6r enkla horisontella och vertikala upph\u00e4ngningsalternativ<\/li>\n<li> Levereras helt monterad och \u00e4r redo att monteras direkt, idealisk f\u00f6r v\u00e4nner, partners och f\u00f6r\u00e4ldrar<\/li>\n<\/ul>\n<p> Tekniska specifikationer:<\/p>\n<ul>\n<li> F\u00e4rg: Svart<\/li>\n<li> Material: Glas, MDF, Metall<\/li>\n<li> Totala dimensioner (Stor): 70L x 46B x 2,5T cm<\/li>\n<li> Totala dimensioner (Liten): 49,5L x 31B x 2,5T cm<\/li>\n<li> Spegelstorlek (Stor): 69,5L x 45,5B cm<\/li>\n<li> Spegelstorlek (Liten): 48,7L x 30,5B cm<\/li>\n<li> Glasstjocklek: 3,5 mm<\/li>\n<\/ul>\n<p>Ing\u00e5r i leveransen:<\/p>\n<ul>\n<li> 2 x v\u00e4ggspeglar<\/li>\n<li> 1 x handbok<\/li>\n<\/ul>\n","protected":false},"excerpt":{"rendered":"<p>Att hitta dekorativa element som b\u00e5de \u00e4r imponerande och h\u00e5llbara kan ofta vara sv\u00e5rt. Ge ditt rum en ny dimension&#8230;<\/p>\n","protected":false},"featured_media":102489,"template":"","meta":[],"product_brand":[],"product_cat":[962,871,683],"product_tag":[],"class_list":{"0":"post-102499","1":"product","2":"type-product","3":"status-publish","4":"has-post-thumbnail","6":"product_cat-dekoration","7":"product_cat-hus-hem","8":"product_cat-vaggdekoration","10":"first","11":"instock","12":"sale","13":"taxable","14":"shipping-taxable","15":"purchasable","16":"product-type-simple"},"yoast_head":"<!-- This site is optimized with the Yoast SEO plugin v25.4 - https:\/\/yoast.com\/wordpress\/plugins\/seo\/ -->\n<title>TRUUSK V\u00e4ggsspegel Set - F\u00f6nsterspegel med Metallram - H\u00e4ngande Spegel i Kisel Form - Svart - 70 x 46 cm &amp; 49,5 x 31 cm - TRUUSK - Hem, Tr\u00e4dg\u00e5rd &amp; Fritid<\/title>\n<meta name=\"robots\" content=\"index, follow, max-snippet:-1, max-image-preview:large, max-video-preview:-1\" \/>\n<link rel=\"canonical\" href=\"https:\/\/truusk.store\/sv\/produkt\/truusk-vaggsspegel-set-fonsterspegel-med-metallram-hangande-spegel-i-kisel-form-svart-70-x-46-cm-495-x-31-cm\/\" \/>\n<meta property=\"og:locale\" content=\"sv_SE\" \/>\n<meta property=\"og:type\" content=\"article\" \/>\n<meta property=\"og:title\" content=\"TRUUSK V\u00e4ggsspegel Set - F\u00f6nsterspegel med Metallram - H\u00e4ngande Spegel i Kisel Form - Svart - 70 x 46 cm &amp; 49,5 x 31 cm - TRUUSK - Hem, Tr\u00e4dg\u00e5rd &amp; Fritid\" \/>\n<meta property=\"og:description\" content=\"Att hitta dekorativa element som b\u00e5de \u00e4r imponerande och h\u00e5llbara kan ofta vara sv\u00e5rt. Ge ditt rum en ny dimension...\" \/>\n<meta property=\"og:url\" content=\"https:\/\/truusk.store\/sv\/produkt\/truusk-vaggsspegel-set-fonsterspegel-med-metallram-hangande-spegel-i-kisel-form-svart-70-x-46-cm-495-x-31-cm\/\" \/>\n<meta property=\"og:site_name\" content=\"TRUUSK - Hem, Tr\u00e4dg\u00e5rd &amp; Fritid\" \/>\n<meta property=\"article:modified_time\" content=\"2026-03-12T07:52:17+00:00\" \/>\n<meta property=\"og:image\" content=\"https:\/\/i0.wp.com\/truusk.se\/wp-content\/uploads\/2026\/01\/vaggsspegel-2-delars-set-70-x-46-cm-495-x-31-cm-fonsterspegel-med-metallram-hangande-spegel-i-kisel-form-svart-1.webp?fit=2000%2C2000&ssl=1\" \/>\n\t<meta property=\"og:image:width\" content=\"2000\" \/>\n\t<meta property=\"og:image:height\" content=\"2000\" \/>\n\t<meta property=\"og:image:type\" content=\"image\/webp\" \/>\n<meta name=\"twitter:card\" content=\"summary_large_image\" \/>\n<meta name=\"twitter:label1\" content=\"Ber\u00e4knad l\u00e4stid\" \/>\n\t<meta name=\"twitter:data1\" content=\"1 minut\" \/>\n<!-- \/ Yoast SEO plugin. -->","yoast_head_json":{"title":"TRUUSK V\u00e4ggsspegel Set - F\u00f6nsterspegel med Metallram - H\u00e4ngande Spegel i Kisel Form - Svart - 70 x 46 cm &amp; 49,5 x 31 cm - TRUUSK - Hem, Tr\u00e4dg\u00e5rd &amp; Fritid","robots":{"index":"index","follow":"follow","max-snippet":"max-snippet:-1","max-image-preview":"max-image-preview:large","max-video-preview":"max-video-preview:-1"},"canonical":"https:\/\/truusk.store\/sv\/produkt\/truusk-vaggsspegel-set-fonsterspegel-med-metallram-hangande-spegel-i-kisel-form-svart-70-x-46-cm-495-x-31-cm\/","og_locale":"sv_SE","og_type":"article","og_title":"TRUUSK V\u00e4ggsspegel Set - F\u00f6nsterspegel med Metallram - H\u00e4ngande Spegel i Kisel Form - Svart - 70 x 46 cm &amp; 49,5 x 31 cm - TRUUSK - Hem, Tr\u00e4dg\u00e5rd &amp; Fritid","og_description":"Att hitta dekorativa element som b\u00e5de \u00e4r imponerande och h\u00e5llbara kan ofta vara sv\u00e5rt. Ge ditt rum en ny dimension...","og_url":"https:\/\/truusk.store\/sv\/produkt\/truusk-vaggsspegel-set-fonsterspegel-med-metallram-hangande-spegel-i-kisel-form-svart-70-x-46-cm-495-x-31-cm\/","og_site_name":"TRUUSK - Hem, Tr\u00e4dg\u00e5rd &amp; Fritid","article_modified_time":"2026-03-12T07:52:17+00:00","og_image":[{"width":2000,"height":2000,"url":"https:\/\/i0.wp.com\/truusk.se\/wp-content\/uploads\/2026\/01\/vaggsspegel-2-delars-set-70-x-46-cm-495-x-31-cm-fonsterspegel-med-metallram-hangande-spegel-i-kisel-form-svart-1.webp?fit=2000%2C2000&ssl=1","type":"image\/webp"}],"twitter_card":"summary_large_image","twitter_misc":{"Ber\u00e4knad l\u00e4stid":"1 minut"},"schema":{"@context":"https:\/\/schema.org","@graph":[{"@type":"WebPage","@id":"https:\/\/truusk.store\/sv\/produkt\/truusk-vaggsspegel-set-fonsterspegel-med-metallram-hangande-spegel-i-kisel-form-svart-70-x-46-cm-495-x-31-cm\/","url":"https:\/\/truusk.store\/sv\/produkt\/truusk-vaggsspegel-set-fonsterspegel-med-metallram-hangande-spegel-i-kisel-form-svart-70-x-46-cm-495-x-31-cm\/","name":"TRUUSK V\u00e4ggsspegel Set - F\u00f6nsterspegel med Metallram - H\u00e4ngande Spegel i Kisel Form - Svart - 70 x 46 cm &amp; 49,5 x 31 cm - TRUUSK - Hem, Tr\u00e4dg\u00e5rd &amp; Fritid","isPartOf":{"@id":"https:\/\/truusk.store\/sv\/#website"},"primaryImageOfPage":{"@id":"https:\/\/truusk.store\/sv\/produkt\/truusk-vaggsspegel-set-fonsterspegel-med-metallram-hangande-spegel-i-kisel-form-svart-70-x-46-cm-495-x-31-cm\/#primaryimage"},"image":{"@id":"https:\/\/truusk.store\/sv\/produkt\/truusk-vaggsspegel-set-fonsterspegel-med-metallram-hangande-spegel-i-kisel-form-svart-70-x-46-cm-495-x-31-cm\/#primaryimage"},"thumbnailUrl":"https:\/\/i0.wp.com\/truusk.store\/wp-content\/uploads\/2026\/01\/vaggsspegel-2-delars-set-70-x-46-cm-495-x-31-cm-fonsterspegel-med-metallram-hangande-spegel-i-kisel-form-svart-1.webp?fit=2000%2C2000&ssl=1","datePublished":"2026-01-28T06:17:46+00:00","dateModified":"2026-03-12T07:52:17+00:00","breadcrumb":{"@id":"https:\/\/truusk.store\/sv\/produkt\/truusk-vaggsspegel-set-fonsterspegel-med-metallram-hangande-spegel-i-kisel-form-svart-70-x-46-cm-495-x-31-cm\/#breadcrumb"},"inLanguage":"sv-SE","potentialAction":[{"@type":"ReadAction","target":["https:\/\/truusk.store\/sv\/produkt\/truusk-vaggsspegel-set-fonsterspegel-med-metallram-hangande-spegel-i-kisel-form-svart-70-x-46-cm-495-x-31-cm\/"]}]},{"@type":"ImageObject","inLanguage":"sv-SE","@id":"https:\/\/truusk.store\/sv\/produkt\/truusk-vaggsspegel-set-fonsterspegel-med-metallram-hangande-spegel-i-kisel-form-svart-70-x-46-cm-495-x-31-cm\/#primaryimage","url":"https:\/\/i0.wp.com\/truusk.store\/wp-content\/uploads\/2026\/01\/vaggsspegel-2-delars-set-70-x-46-cm-495-x-31-cm-fonsterspegel-med-metallram-hangande-spegel-i-kisel-form-svart-1.webp?fit=2000%2C2000&ssl=1","contentUrl":"https:\/\/i0.wp.com\/truusk.store\/wp-content\/uploads\/2026\/01\/vaggsspegel-2-delars-set-70-x-46-cm-495-x-31-cm-fonsterspegel-med-metallram-hangande-spegel-i-kisel-form-svart-1.webp?fit=2000%2C2000&ssl=1","width":2000,"height":2000},{"@type":"BreadcrumbList","@id":"https:\/\/truusk.store\/sv\/produkt\/truusk-vaggsspegel-set-fonsterspegel-med-metallram-hangande-spegel-i-kisel-form-svart-70-x-46-cm-495-x-31-cm\/#breadcrumb","itemListElement":[{"@type":"ListItem","position":1,"name":"Home","item":"https:\/\/truusk.store\/sv\/"},{"@type":"ListItem","position":2,"name":"Shop","item":"https:\/\/truusk.store\/shop\/"},{"@type":"ListItem","position":3,"name":"TRUUSK V\u00e4ggsspegel Set &#8211; F\u00f6nsterspegel med Metallram &#8211; H\u00e4ngande Spegel i Kisel Form &#8211; Svart &#8211; 70 x 46 cm &amp; 49,5 x 31 cm"}]},{"@type":"WebSite","@id":"https:\/\/truusk.store\/sv\/#website","url":"https:\/\/truusk.store\/sv\/","name":"TRUUSK - Hem, Tr\u00e4dg\u00e5rd & Fritid","description":"","publisher":{"@id":"https:\/\/truusk.store\/sv\/#organization"},"potentialAction":[{"@type":"SearchAction","target":{"@type":"EntryPoint","urlTemplate":"https:\/\/truusk.store\/sv\/?s={search_term_string}"},"query-input":{"@type":"PropertyValueSpecification","valueRequired":true,"valueName":"search_term_string"}}],"inLanguage":"sv-SE"},{"@type":"Organization","@id":"https:\/\/truusk.store\/sv\/#organization","name":"TRUUSK - Hem, Tr\u00e4dg\u00e5rd & Fritid","url":"https:\/\/truusk.store\/sv\/","logo":{"@type":"ImageObject","inLanguage":"sv-SE","@id":"https:\/\/truusk.store\/sv\/#\/schema\/logo\/image\/","url":"https:\/\/i0.wp.com\/truusk.store\/wp-content\/uploads\/2026\/03\/cropped-TRUUSK.png?fit=2032%2C917&ssl=1","contentUrl":"https:\/\/i0.wp.com\/truusk.store\/wp-content\/uploads\/2026\/03\/cropped-TRUUSK.png?fit=2032%2C917&ssl=1","width":2032,"height":917,"caption":"TRUUSK - Hem, Tr\u00e4dg\u00e5rd & Fritid"},"image":{"@id":"https:\/\/truusk.store\/sv\/#\/schema\/logo\/image\/"}}]}},"jetpack_sharing_enabled":true,"_links":{"self":[{"href":"https:\/\/truusk.store\/sv\/wp-json\/wp\/v2\/product\/102499","targetHints":{"allow":["GET"]}}],"collection":[{"href":"https:\/\/truusk.store\/sv\/wp-json\/wp\/v2\/product"}],"about":[{"href":"https:\/\/truusk.store\/sv\/wp-json\/wp\/v2\/types\/product"}],"wp:featuredmedia":[{"embeddable":true,"href":"https:\/\/truusk.store\/sv\/wp-json\/wp\/v2\/media\/102489"}],"wp:attachment":[{"href":"https:\/\/truusk.store\/sv\/wp-json\/wp\/v2\/media?parent=102499"}],"wp:term":[{"taxonomy":"product_brand","embeddable":true,"href":"https:\/\/truusk.store\/sv\/wp-json\/wp\/v2\/product_brand?post=102499"},{"taxonomy":"product_cat","embeddable":true,"href":"https:\/\/truusk.store\/sv\/wp-json\/wp\/v2\/product_cat?post=102499"},{"taxonomy":"product_tag","embeddable":true,"href":"https:\/\/truusk.store\/sv\/wp-json\/wp\/v2\/product_tag?post=102499"}],"curies":[{"name":"wp","href":"https:\/\/api.w.org\/{rel}","templated":true}]}}