{"id":102518,"date":"2026-01-28T07:19:30","date_gmt":"2026-01-28T06:19:30","guid":{"rendered":"https:\/\/truusk.store\/product\/hogbadd-i-metall-med-klatterstallning-vaggmontering-eller-fristaende-planteringslada-med-insynsskydd\/"},"modified":"2026-03-12T08:52:18","modified_gmt":"2026-03-12T07:52:18","slug":"truusk-hogbadd-i-metall-med-klatterstallning-vaggmontering-eller-fristaende-insynsskydd-for-katter-gra","status":"publish","type":"product","link":"https:\/\/truusk.store\/sv\/produkt\/truusk-hogbadd-i-metall-med-klatterstallning-vaggmontering-eller-fristaende-insynsskydd-for-katter-gra\/","title":{"rendered":"TRUUSK H\u00f6gb\u00e4dd i metall med kl\u00e4tterst\u00e4llning &#8211; V\u00e4ggmontering eller frist\u00e5ende &#8211; Insynsskydd &#8211; F\u00f6r katter &#8211; Gr\u00e5"},"content":{"rendered":"<p>Detta [BRAND NAME] bloml\u00e5da med kl\u00e4tterst\u00e4llning kompletteras med ett b\u00f6jt kl\u00e4tterst\u00e4ll med bladm\u00f6nster: plats f\u00f6r vanliga v\u00e4xter, blommor och gr\u00f6nsaker samt en baksida f\u00f6r kl\u00e4tterv\u00e4xter. Bloml\u00e5dan med m\u00e5tten 21 x 58 cm rymmer upp till 29 liter jord och \u00e4r d\u00e4rf\u00f6r mycket rymlig. Tillverkad av pulverlackerat metall \u00e4r detta robusta stycke perfekt f\u00f6r utomhusbruk; det kan st\u00e5 fritt eller monteras p\u00e5 en v\u00e4gg efter eget val.<\/p>\n<p>Beskrivning:<\/p>\n<ul>\n<li> Stort, bladformigt, b\u00f6jt kl\u00e4tterst\u00e4ll f\u00f6r kl\u00e4tterv\u00e4xter<\/li>\n<li> 21 x 58 cm stor bloml\u00e5da inuti, rymmer upp till 29L jord. Gott om plats f\u00f6r v\u00e4xter och mer<\/li>\n<li> Robust, pulverlackerad metallkonstruktion, l\u00e4mplig f\u00f6r utomhusbruk<\/li>\n<li> Kan monteras p\u00e5 v\u00e4ggen eller anv\u00e4ndas frist\u00e5ende<\/li>\n<li> Maximal belastning 50 kg, montering kr\u00e4vs<\/li>\n<\/ul>\n<p> Tekniska data:<\/p>\n<ul>\n<li> F\u00e4rg: Svart<\/li>\n<li> Material: Metall<\/li>\n<li> Totala dimensioner: 61L x 23B x 113H cm<\/li>\n<li> Inre dimensioner av h\u00f6g b\u00e4dd: 58L x 21B x 24H cm<\/li>\n<li> B\u00e4rkapacitet: 50 kg<\/li>\n<\/ul>\n<p>Leverans inneh\u00e5ller:<\/p>\n<ul>\n<li> 1 x h\u00f6g b\u00e4dd med insynsskydd<\/li>\n<li> 2 x expansionsbult<\/li>\n<li> 1 x instruktion<\/li>\n<\/ul>\n","protected":false},"excerpt":{"rendered":"<p>Detta [BRAND NAME] bloml\u00e5da med kl\u00e4tterst\u00e4llning kompletteras med ett b\u00f6jt kl\u00e4tterst\u00e4ll med bladm\u00f6nster: plats f\u00f6r vanliga v\u00e4xter, blommor och gr\u00f6nsaker&#8230;<\/p>\n","protected":false},"featured_media":102508,"template":"","meta":[],"product_brand":[],"product_cat":[922,858,443],"product_tag":[],"class_list":{"0":"post-102518","1":"product","2":"type-product","3":"status-publish","4":"has-post-thumbnail","6":"product_cat-planteringskarl","7":"product_cat-tradgard-terrass","8":"product_cat-vaxthus-tradgardsskotsel","10":"first","11":"instock","12":"sale","13":"taxable","14":"shipping-taxable","15":"purchasable","16":"product-type-simple"},"yoast_head":"<!-- This site is optimized with the Yoast SEO plugin v25.4 - https:\/\/yoast.com\/wordpress\/plugins\/seo\/ -->\n<title>TRUUSK H\u00f6gb\u00e4dd i metall med kl\u00e4tterst\u00e4llning - V\u00e4ggmontering eller frist\u00e5ende - Insynsskydd - F\u00f6r katter - Gr\u00e5 - TRUUSK - Hem, Tr\u00e4dg\u00e5rd &amp; Fritid<\/title>\n<meta name=\"robots\" content=\"index, follow, max-snippet:-1, max-image-preview:large, max-video-preview:-1\" \/>\n<link rel=\"canonical\" href=\"https:\/\/truusk.store\/sv\/produkt\/truusk-hogbadd-i-metall-med-klatterstallning-vaggmontering-eller-fristaende-insynsskydd-for-katter-gra\/\" \/>\n<meta property=\"og:locale\" content=\"sv_SE\" \/>\n<meta property=\"og:type\" content=\"article\" \/>\n<meta property=\"og:title\" content=\"TRUUSK H\u00f6gb\u00e4dd i metall med kl\u00e4tterst\u00e4llning - V\u00e4ggmontering eller frist\u00e5ende - Insynsskydd - F\u00f6r katter - Gr\u00e5 - TRUUSK - Hem, Tr\u00e4dg\u00e5rd &amp; Fritid\" \/>\n<meta property=\"og:description\" content=\"Detta [BRAND NAME] bloml\u00e5da med kl\u00e4tterst\u00e4llning kompletteras med ett b\u00f6jt kl\u00e4tterst\u00e4ll med bladm\u00f6nster: plats f\u00f6r vanliga v\u00e4xter, blommor och gr\u00f6nsaker...\" \/>\n<meta property=\"og:url\" content=\"https:\/\/truusk.store\/sv\/produkt\/truusk-hogbadd-i-metall-med-klatterstallning-vaggmontering-eller-fristaende-insynsskydd-for-katter-gra\/\" \/>\n<meta property=\"og:site_name\" content=\"TRUUSK - Hem, Tr\u00e4dg\u00e5rd &amp; Fritid\" \/>\n<meta property=\"article:modified_time\" content=\"2026-03-12T07:52:18+00:00\" \/>\n<meta property=\"og:image\" content=\"https:\/\/i0.wp.com\/truusk.se\/wp-content\/uploads\/2026\/01\/hogbadd-i-metall-med-klatterstallning-vaggmontering-eller-fristaende-planteringslada-med-insynsskydd-1.webp?fit=2000%2C2000&ssl=1\" \/>\n\t<meta property=\"og:image:width\" content=\"2000\" \/>\n\t<meta property=\"og:image:height\" content=\"2000\" \/>\n\t<meta property=\"og:image:type\" content=\"image\/webp\" \/>\n<meta name=\"twitter:card\" content=\"summary_large_image\" \/>\n<meta name=\"twitter:label1\" content=\"Ber\u00e4knad l\u00e4stid\" \/>\n\t<meta name=\"twitter:data1\" content=\"1 minut\" \/>\n<!-- \/ Yoast SEO plugin. -->","yoast_head_json":{"title":"TRUUSK H\u00f6gb\u00e4dd i metall med kl\u00e4tterst\u00e4llning - V\u00e4ggmontering eller frist\u00e5ende - Insynsskydd - F\u00f6r katter - Gr\u00e5 - TRUUSK - Hem, Tr\u00e4dg\u00e5rd &amp; Fritid","robots":{"index":"index","follow":"follow","max-snippet":"max-snippet:-1","max-image-preview":"max-image-preview:large","max-video-preview":"max-video-preview:-1"},"canonical":"https:\/\/truusk.store\/sv\/produkt\/truusk-hogbadd-i-metall-med-klatterstallning-vaggmontering-eller-fristaende-insynsskydd-for-katter-gra\/","og_locale":"sv_SE","og_type":"article","og_title":"TRUUSK H\u00f6gb\u00e4dd i metall med kl\u00e4tterst\u00e4llning - V\u00e4ggmontering eller frist\u00e5ende - Insynsskydd - F\u00f6r katter - Gr\u00e5 - TRUUSK - Hem, Tr\u00e4dg\u00e5rd &amp; Fritid","og_description":"Detta [BRAND NAME] bloml\u00e5da med kl\u00e4tterst\u00e4llning kompletteras med ett b\u00f6jt kl\u00e4tterst\u00e4ll med bladm\u00f6nster: plats f\u00f6r vanliga v\u00e4xter, blommor och gr\u00f6nsaker...","og_url":"https:\/\/truusk.store\/sv\/produkt\/truusk-hogbadd-i-metall-med-klatterstallning-vaggmontering-eller-fristaende-insynsskydd-for-katter-gra\/","og_site_name":"TRUUSK - Hem, Tr\u00e4dg\u00e5rd &amp; Fritid","article_modified_time":"2026-03-12T07:52:18+00:00","og_image":[{"width":2000,"height":2000,"url":"https:\/\/i0.wp.com\/truusk.se\/wp-content\/uploads\/2026\/01\/hogbadd-i-metall-med-klatterstallning-vaggmontering-eller-fristaende-planteringslada-med-insynsskydd-1.webp?fit=2000%2C2000&ssl=1","type":"image\/webp"}],"twitter_card":"summary_large_image","twitter_misc":{"Ber\u00e4knad l\u00e4stid":"1 minut"},"schema":{"@context":"https:\/\/schema.org","@graph":[{"@type":"WebPage","@id":"https:\/\/truusk.store\/sv\/produkt\/truusk-hogbadd-i-metall-med-klatterstallning-vaggmontering-eller-fristaende-insynsskydd-for-katter-gra\/","url":"https:\/\/truusk.store\/sv\/produkt\/truusk-hogbadd-i-metall-med-klatterstallning-vaggmontering-eller-fristaende-insynsskydd-for-katter-gra\/","name":"TRUUSK H\u00f6gb\u00e4dd i metall med kl\u00e4tterst\u00e4llning - V\u00e4ggmontering eller frist\u00e5ende - Insynsskydd - F\u00f6r katter - Gr\u00e5 - TRUUSK - Hem, Tr\u00e4dg\u00e5rd &amp; Fritid","isPartOf":{"@id":"https:\/\/truusk.store\/sv\/#website"},"primaryImageOfPage":{"@id":"https:\/\/truusk.store\/sv\/produkt\/truusk-hogbadd-i-metall-med-klatterstallning-vaggmontering-eller-fristaende-insynsskydd-for-katter-gra\/#primaryimage"},"image":{"@id":"https:\/\/truusk.store\/sv\/produkt\/truusk-hogbadd-i-metall-med-klatterstallning-vaggmontering-eller-fristaende-insynsskydd-for-katter-gra\/#primaryimage"},"thumbnailUrl":"https:\/\/i0.wp.com\/truusk.store\/wp-content\/uploads\/2026\/01\/hogbadd-i-metall-med-klatterstallning-vaggmontering-eller-fristaende-planteringslada-med-insynsskydd-1.webp?fit=2000%2C2000&ssl=1","datePublished":"2026-01-28T06:19:30+00:00","dateModified":"2026-03-12T07:52:18+00:00","breadcrumb":{"@id":"https:\/\/truusk.store\/sv\/produkt\/truusk-hogbadd-i-metall-med-klatterstallning-vaggmontering-eller-fristaende-insynsskydd-for-katter-gra\/#breadcrumb"},"inLanguage":"sv-SE","potentialAction":[{"@type":"ReadAction","target":["https:\/\/truusk.store\/sv\/produkt\/truusk-hogbadd-i-metall-med-klatterstallning-vaggmontering-eller-fristaende-insynsskydd-for-katter-gra\/"]}]},{"@type":"ImageObject","inLanguage":"sv-SE","@id":"https:\/\/truusk.store\/sv\/produkt\/truusk-hogbadd-i-metall-med-klatterstallning-vaggmontering-eller-fristaende-insynsskydd-for-katter-gra\/#primaryimage","url":"https:\/\/i0.wp.com\/truusk.store\/wp-content\/uploads\/2026\/01\/hogbadd-i-metall-med-klatterstallning-vaggmontering-eller-fristaende-planteringslada-med-insynsskydd-1.webp?fit=2000%2C2000&ssl=1","contentUrl":"https:\/\/i0.wp.com\/truusk.store\/wp-content\/uploads\/2026\/01\/hogbadd-i-metall-med-klatterstallning-vaggmontering-eller-fristaende-planteringslada-med-insynsskydd-1.webp?fit=2000%2C2000&ssl=1","width":2000,"height":2000},{"@type":"BreadcrumbList","@id":"https:\/\/truusk.store\/sv\/produkt\/truusk-hogbadd-i-metall-med-klatterstallning-vaggmontering-eller-fristaende-insynsskydd-for-katter-gra\/#breadcrumb","itemListElement":[{"@type":"ListItem","position":1,"name":"Home","item":"https:\/\/truusk.store\/sv\/"},{"@type":"ListItem","position":2,"name":"Shop","item":"https:\/\/truusk.store\/shop\/"},{"@type":"ListItem","position":3,"name":"TRUUSK H\u00f6gb\u00e4dd i metall med kl\u00e4tterst\u00e4llning &#8211; V\u00e4ggmontering eller frist\u00e5ende &#8211; Insynsskydd &#8211; F\u00f6r katter &#8211; Gr\u00e5"}]},{"@type":"WebSite","@id":"https:\/\/truusk.store\/sv\/#website","url":"https:\/\/truusk.store\/sv\/","name":"TRUUSK - Hem, Tr\u00e4dg\u00e5rd & Fritid","description":"","publisher":{"@id":"https:\/\/truusk.store\/sv\/#organization"},"potentialAction":[{"@type":"SearchAction","target":{"@type":"EntryPoint","urlTemplate":"https:\/\/truusk.store\/sv\/?s={search_term_string}"},"query-input":{"@type":"PropertyValueSpecification","valueRequired":true,"valueName":"search_term_string"}}],"inLanguage":"sv-SE"},{"@type":"Organization","@id":"https:\/\/truusk.store\/sv\/#organization","name":"TRUUSK - Hem, Tr\u00e4dg\u00e5rd & Fritid","url":"https:\/\/truusk.store\/sv\/","logo":{"@type":"ImageObject","inLanguage":"sv-SE","@id":"https:\/\/truusk.store\/sv\/#\/schema\/logo\/image\/","url":"https:\/\/i0.wp.com\/truusk.store\/wp-content\/uploads\/2026\/03\/cropped-TRUUSK.png?fit=2032%2C917&ssl=1","contentUrl":"https:\/\/i0.wp.com\/truusk.store\/wp-content\/uploads\/2026\/03\/cropped-TRUUSK.png?fit=2032%2C917&ssl=1","width":2032,"height":917,"caption":"TRUUSK - Hem, Tr\u00e4dg\u00e5rd & Fritid"},"image":{"@id":"https:\/\/truusk.store\/sv\/#\/schema\/logo\/image\/"}}]}},"jetpack_sharing_enabled":true,"_links":{"self":[{"href":"https:\/\/truusk.store\/sv\/wp-json\/wp\/v2\/product\/102518","targetHints":{"allow":["GET"]}}],"collection":[{"href":"https:\/\/truusk.store\/sv\/wp-json\/wp\/v2\/product"}],"about":[{"href":"https:\/\/truusk.store\/sv\/wp-json\/wp\/v2\/types\/product"}],"wp:featuredmedia":[{"embeddable":true,"href":"https:\/\/truusk.store\/sv\/wp-json\/wp\/v2\/media\/102508"}],"wp:attachment":[{"href":"https:\/\/truusk.store\/sv\/wp-json\/wp\/v2\/media?parent=102518"}],"wp:term":[{"taxonomy":"product_brand","embeddable":true,"href":"https:\/\/truusk.store\/sv\/wp-json\/wp\/v2\/product_brand?post=102518"},{"taxonomy":"product_cat","embeddable":true,"href":"https:\/\/truusk.store\/sv\/wp-json\/wp\/v2\/product_cat?post=102518"},{"taxonomy":"product_tag","embeddable":true,"href":"https:\/\/truusk.store\/sv\/wp-json\/wp\/v2\/product_tag?post=102518"}],"curies":[{"name":"wp","href":"https:\/\/api.w.org\/{rel}","templated":true}]}}