{"id":102528,"date":"2026-01-28T07:20:29","date_gmt":"2026-01-28T06:20:29","guid":{"rendered":"https:\/\/truusk.store\/product\/kommod-sideboard-med-6-lador-modern-forvaringsskap-for-vardagsrum-sovrum-hall-100-x-40-x-78-cm-vit\/"},"modified":"2026-03-12T08:52:19","modified_gmt":"2026-03-12T07:52:19","slug":"truusk-modern-forvaringsskap-med-6-lador-sideboard-for-vardagsrum-sovrum-hall-100-x-40-x-78-cm-vit","status":"publish","type":"product","link":"https:\/\/truusk.store\/sv\/produkt\/truusk-modern-forvaringsskap-med-6-lador-sideboard-for-vardagsrum-sovrum-hall-100-x-40-x-78-cm-vit\/","title":{"rendered":"TRUUSK Modern F\u00f6rvaringssk\u00e5p Med 6 L\u00e5dor &#8211; Sideboard F\u00f6r Vardagsrum Sovrum Hall &#8211; 100 X 40 X 78 cm &#8211; Vit"},"content":{"rendered":"<p>Om ditt sovrum verkar st\u00f6kigt, \u00e5terst\u00e4ller [BRAND NAME] byr\u00e5n med sex l\u00e5dor och en gener\u00f6s yta omedelbart ordning och elegans. Vingliknande fronter och guldhandtag p\u00e5 sideboardet ger modern charm, medan den f\u00f6rst\u00e4rkta ramen, justerbara f\u00f6tter och tippskydd garanterar ett stilfullt, v\u00e4lorganiserat hem.<\/p>\n<p>Beskrivning:<\/p>\n<ul>\n<li> Vingade l\u00e5dfronter och guldhandtag ger varje rum en sofistikerad, modern elegans<\/li>\n<li> Sex l\u00e5dor och en bred yta h\u00e5ller kl\u00e4der och n\u00f6dv\u00e4ndigheter snyggt organiserade<\/li>\n<li> Ett extra mittenben med justerbara f\u00f6tter garanterar l\u00e5ngvarig stabilitet p\u00e5 alla golv<\/li>\n<li> Tippskydd \u00f6kar familjens s\u00e4kerhet<\/li>\n<li> Fungerar vackert som en byr\u00e5 f\u00f6r sovrummet eller som en f\u00f6rvaringsenhet i hallen eller vardagsrummet<\/li>\n<li> En golvavst\u00e5nd p\u00e5 11,5 cm underl\u00e4ttar reng\u00f6ring under<\/li>\n<li> Montering kr\u00e4vs<\/li>\n<\/ul>\n<p> Tekniska specifikationer:<\/p>\n<ul>\n<li> F\u00e4rg: Vit<\/li>\n<li> Material: MDF, sp\u00e5nskiva<\/li>\n<li> Totala dimensioner: 100L x 40B x 78H cm<\/li>\n<li> Inre storlek p\u00e5 l\u00e5dan: 38,9B x 28,7T x 10H cm<\/li>\n<li> Golvavst\u00e5nd till golvet: 11,5 cm<\/li>\n<li> Maximal belastning: 20 kg (ovanp\u00e5), 5 kg (l\u00e5da), 50 kg (totalt)<\/li>\n<\/ul>\n<p>Leverans inneh\u00e5ller:<\/p>\n<ul>\n<li> 1 x byr\u00e5<\/li>\n<li> 1 x bruksanvisning<\/li>\n<\/ul>\n","protected":false},"excerpt":{"rendered":"<p>Om ditt sovrum verkar st\u00f6kigt, \u00e5terst\u00e4ller [BRAND NAME] byr\u00e5n med sex l\u00e5dor och en gener\u00f6s yta omedelbart ordning och elegans&#8230;.<\/p>\n","protected":false},"featured_media":102519,"template":"","meta":[],"product_brand":[],"product_cat":[956,871,910],"product_tag":[],"class_list":{"0":"post-102528","1":"product","2":"type-product","3":"status-publish","4":"has-post-thumbnail","6":"product_cat-byraer-sideboards","7":"product_cat-hus-hem","8":"product_cat-vardagsrum","10":"first","11":"instock","12":"sale","13":"taxable","14":"shipping-taxable","15":"purchasable","16":"product-type-simple"},"yoast_head":"<!-- This site is optimized with the Yoast SEO plugin v25.4 - https:\/\/yoast.com\/wordpress\/plugins\/seo\/ -->\n<title>TRUUSK Modern F\u00f6rvaringssk\u00e5p Med 6 L\u00e5dor - Sideboard F\u00f6r Vardagsrum Sovrum Hall - 100 X 40 X 78 cm - Vit - TRUUSK - Hem, Tr\u00e4dg\u00e5rd &amp; Fritid<\/title>\n<meta name=\"robots\" content=\"index, follow, max-snippet:-1, max-image-preview:large, max-video-preview:-1\" \/>\n<link rel=\"canonical\" href=\"https:\/\/truusk.store\/sv\/produkt\/truusk-modern-forvaringsskap-med-6-lador-sideboard-for-vardagsrum-sovrum-hall-100-x-40-x-78-cm-vit\/\" \/>\n<meta property=\"og:locale\" content=\"sv_SE\" \/>\n<meta property=\"og:type\" content=\"article\" \/>\n<meta property=\"og:title\" content=\"TRUUSK Modern F\u00f6rvaringssk\u00e5p Med 6 L\u00e5dor - Sideboard F\u00f6r Vardagsrum Sovrum Hall - 100 X 40 X 78 cm - Vit - TRUUSK - Hem, Tr\u00e4dg\u00e5rd &amp; Fritid\" \/>\n<meta property=\"og:description\" content=\"Om ditt sovrum verkar st\u00f6kigt, \u00e5terst\u00e4ller [BRAND NAME] byr\u00e5n med sex l\u00e5dor och en gener\u00f6s yta omedelbart ordning och elegans....\" \/>\n<meta property=\"og:url\" content=\"https:\/\/truusk.store\/sv\/produkt\/truusk-modern-forvaringsskap-med-6-lador-sideboard-for-vardagsrum-sovrum-hall-100-x-40-x-78-cm-vit\/\" \/>\n<meta property=\"og:site_name\" content=\"TRUUSK - Hem, Tr\u00e4dg\u00e5rd &amp; Fritid\" \/>\n<meta property=\"article:modified_time\" content=\"2026-03-12T07:52:19+00:00\" \/>\n<meta property=\"og:image\" content=\"https:\/\/i0.wp.com\/truusk.se\/wp-content\/uploads\/2026\/01\/kommod-sideboard-med-6-lador-modern-forvaringsskap-for-vardagsrum-sovrum-hall-100-x-40-x-78-cm-vit-1.webp?fit=2000%2C2000&ssl=1\" \/>\n\t<meta property=\"og:image:width\" content=\"2000\" \/>\n\t<meta property=\"og:image:height\" content=\"2000\" \/>\n\t<meta property=\"og:image:type\" content=\"image\/webp\" \/>\n<meta name=\"twitter:card\" content=\"summary_large_image\" \/>\n<meta name=\"twitter:label1\" content=\"Ber\u00e4knad l\u00e4stid\" \/>\n\t<meta name=\"twitter:data1\" content=\"1 minut\" \/>\n<!-- \/ Yoast SEO plugin. -->","yoast_head_json":{"title":"TRUUSK Modern F\u00f6rvaringssk\u00e5p Med 6 L\u00e5dor - Sideboard F\u00f6r Vardagsrum Sovrum Hall - 100 X 40 X 78 cm - Vit - TRUUSK - Hem, Tr\u00e4dg\u00e5rd &amp; Fritid","robots":{"index":"index","follow":"follow","max-snippet":"max-snippet:-1","max-image-preview":"max-image-preview:large","max-video-preview":"max-video-preview:-1"},"canonical":"https:\/\/truusk.store\/sv\/produkt\/truusk-modern-forvaringsskap-med-6-lador-sideboard-for-vardagsrum-sovrum-hall-100-x-40-x-78-cm-vit\/","og_locale":"sv_SE","og_type":"article","og_title":"TRUUSK Modern F\u00f6rvaringssk\u00e5p Med 6 L\u00e5dor - Sideboard F\u00f6r Vardagsrum Sovrum Hall - 100 X 40 X 78 cm - Vit - TRUUSK - Hem, Tr\u00e4dg\u00e5rd &amp; Fritid","og_description":"Om ditt sovrum verkar st\u00f6kigt, \u00e5terst\u00e4ller [BRAND NAME] byr\u00e5n med sex l\u00e5dor och en gener\u00f6s yta omedelbart ordning och elegans....","og_url":"https:\/\/truusk.store\/sv\/produkt\/truusk-modern-forvaringsskap-med-6-lador-sideboard-for-vardagsrum-sovrum-hall-100-x-40-x-78-cm-vit\/","og_site_name":"TRUUSK - Hem, Tr\u00e4dg\u00e5rd &amp; Fritid","article_modified_time":"2026-03-12T07:52:19+00:00","og_image":[{"width":2000,"height":2000,"url":"https:\/\/i0.wp.com\/truusk.se\/wp-content\/uploads\/2026\/01\/kommod-sideboard-med-6-lador-modern-forvaringsskap-for-vardagsrum-sovrum-hall-100-x-40-x-78-cm-vit-1.webp?fit=2000%2C2000&ssl=1","type":"image\/webp"}],"twitter_card":"summary_large_image","twitter_misc":{"Ber\u00e4knad l\u00e4stid":"1 minut"},"schema":{"@context":"https:\/\/schema.org","@graph":[{"@type":"WebPage","@id":"https:\/\/truusk.store\/sv\/produkt\/truusk-modern-forvaringsskap-med-6-lador-sideboard-for-vardagsrum-sovrum-hall-100-x-40-x-78-cm-vit\/","url":"https:\/\/truusk.store\/sv\/produkt\/truusk-modern-forvaringsskap-med-6-lador-sideboard-for-vardagsrum-sovrum-hall-100-x-40-x-78-cm-vit\/","name":"TRUUSK Modern F\u00f6rvaringssk\u00e5p Med 6 L\u00e5dor - Sideboard F\u00f6r Vardagsrum Sovrum Hall - 100 X 40 X 78 cm - Vit - TRUUSK - Hem, Tr\u00e4dg\u00e5rd &amp; Fritid","isPartOf":{"@id":"https:\/\/truusk.store\/sv\/#website"},"primaryImageOfPage":{"@id":"https:\/\/truusk.store\/sv\/produkt\/truusk-modern-forvaringsskap-med-6-lador-sideboard-for-vardagsrum-sovrum-hall-100-x-40-x-78-cm-vit\/#primaryimage"},"image":{"@id":"https:\/\/truusk.store\/sv\/produkt\/truusk-modern-forvaringsskap-med-6-lador-sideboard-for-vardagsrum-sovrum-hall-100-x-40-x-78-cm-vit\/#primaryimage"},"thumbnailUrl":"https:\/\/i0.wp.com\/truusk.store\/wp-content\/uploads\/2026\/01\/kommod-sideboard-med-6-lador-modern-forvaringsskap-for-vardagsrum-sovrum-hall-100-x-40-x-78-cm-vit-1.webp?fit=2000%2C2000&ssl=1","datePublished":"2026-01-28T06:20:29+00:00","dateModified":"2026-03-12T07:52:19+00:00","breadcrumb":{"@id":"https:\/\/truusk.store\/sv\/produkt\/truusk-modern-forvaringsskap-med-6-lador-sideboard-for-vardagsrum-sovrum-hall-100-x-40-x-78-cm-vit\/#breadcrumb"},"inLanguage":"sv-SE","potentialAction":[{"@type":"ReadAction","target":["https:\/\/truusk.store\/sv\/produkt\/truusk-modern-forvaringsskap-med-6-lador-sideboard-for-vardagsrum-sovrum-hall-100-x-40-x-78-cm-vit\/"]}]},{"@type":"ImageObject","inLanguage":"sv-SE","@id":"https:\/\/truusk.store\/sv\/produkt\/truusk-modern-forvaringsskap-med-6-lador-sideboard-for-vardagsrum-sovrum-hall-100-x-40-x-78-cm-vit\/#primaryimage","url":"https:\/\/i0.wp.com\/truusk.store\/wp-content\/uploads\/2026\/01\/kommod-sideboard-med-6-lador-modern-forvaringsskap-for-vardagsrum-sovrum-hall-100-x-40-x-78-cm-vit-1.webp?fit=2000%2C2000&ssl=1","contentUrl":"https:\/\/i0.wp.com\/truusk.store\/wp-content\/uploads\/2026\/01\/kommod-sideboard-med-6-lador-modern-forvaringsskap-for-vardagsrum-sovrum-hall-100-x-40-x-78-cm-vit-1.webp?fit=2000%2C2000&ssl=1","width":2000,"height":2000},{"@type":"BreadcrumbList","@id":"https:\/\/truusk.store\/sv\/produkt\/truusk-modern-forvaringsskap-med-6-lador-sideboard-for-vardagsrum-sovrum-hall-100-x-40-x-78-cm-vit\/#breadcrumb","itemListElement":[{"@type":"ListItem","position":1,"name":"Home","item":"https:\/\/truusk.store\/sv\/"},{"@type":"ListItem","position":2,"name":"Shop","item":"https:\/\/truusk.store\/shop\/"},{"@type":"ListItem","position":3,"name":"TRUUSK Modern F\u00f6rvaringssk\u00e5p Med 6 L\u00e5dor &#8211; Sideboard F\u00f6r Vardagsrum Sovrum Hall &#8211; 100 X 40 X 78 cm &#8211; Vit"}]},{"@type":"WebSite","@id":"https:\/\/truusk.store\/sv\/#website","url":"https:\/\/truusk.store\/sv\/","name":"TRUUSK - Hem, Tr\u00e4dg\u00e5rd & Fritid","description":"","publisher":{"@id":"https:\/\/truusk.store\/sv\/#organization"},"potentialAction":[{"@type":"SearchAction","target":{"@type":"EntryPoint","urlTemplate":"https:\/\/truusk.store\/sv\/?s={search_term_string}"},"query-input":{"@type":"PropertyValueSpecification","valueRequired":true,"valueName":"search_term_string"}}],"inLanguage":"sv-SE"},{"@type":"Organization","@id":"https:\/\/truusk.store\/sv\/#organization","name":"TRUUSK - Hem, Tr\u00e4dg\u00e5rd & Fritid","url":"https:\/\/truusk.store\/sv\/","logo":{"@type":"ImageObject","inLanguage":"sv-SE","@id":"https:\/\/truusk.store\/sv\/#\/schema\/logo\/image\/","url":"https:\/\/i0.wp.com\/truusk.store\/wp-content\/uploads\/2026\/03\/cropped-TRUUSK.png?fit=2032%2C917&ssl=1","contentUrl":"https:\/\/i0.wp.com\/truusk.store\/wp-content\/uploads\/2026\/03\/cropped-TRUUSK.png?fit=2032%2C917&ssl=1","width":2032,"height":917,"caption":"TRUUSK - Hem, Tr\u00e4dg\u00e5rd & Fritid"},"image":{"@id":"https:\/\/truusk.store\/sv\/#\/schema\/logo\/image\/"}}]}},"jetpack_sharing_enabled":true,"_links":{"self":[{"href":"https:\/\/truusk.store\/sv\/wp-json\/wp\/v2\/product\/102528","targetHints":{"allow":["GET"]}}],"collection":[{"href":"https:\/\/truusk.store\/sv\/wp-json\/wp\/v2\/product"}],"about":[{"href":"https:\/\/truusk.store\/sv\/wp-json\/wp\/v2\/types\/product"}],"wp:featuredmedia":[{"embeddable":true,"href":"https:\/\/truusk.store\/sv\/wp-json\/wp\/v2\/media\/102519"}],"wp:attachment":[{"href":"https:\/\/truusk.store\/sv\/wp-json\/wp\/v2\/media?parent=102528"}],"wp:term":[{"taxonomy":"product_brand","embeddable":true,"href":"https:\/\/truusk.store\/sv\/wp-json\/wp\/v2\/product_brand?post=102528"},{"taxonomy":"product_cat","embeddable":true,"href":"https:\/\/truusk.store\/sv\/wp-json\/wp\/v2\/product_cat?post=102528"},{"taxonomy":"product_tag","embeddable":true,"href":"https:\/\/truusk.store\/sv\/wp-json\/wp\/v2\/product_tag?post=102528"}],"curies":[{"name":"wp","href":"https:\/\/api.w.org\/{rel}","templated":true}]}}